{"id":68722,"date":"2023-08-10T16:22:20","date_gmt":"2023-08-10T14:22:20","guid":{"rendered":"https:\/\/www.iskreni.net\/trgovina\/?post_type=product&#038;p=68722"},"modified":"2025-07-11T09:57:47","modified_gmt":"2025-07-11T07:57:47","slug":"skrivnost-za-tovarniskimi-zidovi","status":"publish","type":"product","link":"https:\/\/www.iskreni.net\/trgovina\/product\/skrivnost-za-tovarniskimi-zidovi\/","title":{"rendered":"Skrivnost za tovarni\u0161kimi zidovi"},"content":{"rendered":"<h3 id=\"anchor-o-izdelku\" class=\"title\">O knjigi <em>Skrivnost za tovarni\u0161kimi zidovi<\/em><\/h3>\n<div class=\"tab-description js-tab-singleProduct-description content-tab\">\n<p>Potem ko smo v prvem zvezku serije FILO&amp;SOFIJA z Renijem Descartesom spoznali rejni\u0161ki dom za sirote in detektivsko agencijo, se ponovno sre\u010damo s to skupino malih filozofov, da bi se soo\u010dili z novo skrivnostjo, ki postavlja mesto Barville pod vpra\u0161aj.<\/p>\n<p>Tokrat je na vrsti Karli Marx, ki prevzame glavno vlogo. Po nekoliko vznemirljivem sre\u010danju z neznano osebo izvemo nekaj ve\u010d o Karlijevem izvoru, kak\u0161na je bila njegova dru\u017eina, zakaj je pri\u0161el na Akademijo in od kod izvira njegova strast do obrambe sveta pred dru\u017ebeno nepravi\u010dnostjo.<\/p>\n<p>Toda improvizirano sre\u010danje z neznancem ne bo prineslo le spominov na njegovo otro\u0161tvo in uganko, ki jo mora re\u0161iti, temve\u010d bo tudi povod, da se skupaj s kolegi iz Akademije (Zofija Hipatija, Reni Descartes, Fredi Nietzsche, Sokrat mlaj\u0161i, Konfucij in David Hume) za\u010dne spra\u0161evati, kaj se dogaja z delavci (zlasti delavkami) uspe\u0161ne tovarne ur Conlux.<\/p>\n<p>In \u0161e ve\u010d! Kam sta od\u0161la brata Bocca? Tista dva nova otroka, ki naj bi bila o\u010ditno njuna nova sostanovalca.<\/p>\n<p>*Priporo\u010dljivo za starej\u0161e od 10 let.<\/p>\n<h4><a href=\"https:\/\/www.iskreni.net\/trgovina\/wp-content\/uploads\/2023\/08\/Skrivnost-za-tovarniskimi-zidovi-prelistaj.pdf\"><strong>Prelistaj.<\/strong><\/a><\/h4>\n<\/div>\n","protected":false},"excerpt":{"rendered":"<p><strong>Leto izdaje:<\/strong> 2023<br \/>\n<strong>\u0160tevilo strani:<\/strong> 203 strani<br \/>\n<strong>Mere:<\/strong> 205 x 130 mm<\/p>\n<p>Po domnevno naklju\u010dni smrti uslu\u017ebenke pomembne tovarne bo detektivska agencija FILO&amp;SOFIA zaradi zavzemanja Karlija Marxa za socialno pravi\u010dnost raziskala izginotje ve\u010d uslu\u017ebenk in njihove delovne razmere.<\/p>\n<h4><strong><a href=\"https:\/\/www.iskreni.net\/trgovina\/wp-content\/uploads\/2023\/08\/Skrivnost-za-tovarniskimi-zidovi-prelistaj.pdf\">Prelistaj.<\/a><\/strong><\/h4>\n","protected":false},"featured_media":68726,"comment_status":"open","ping_status":"closed","template":"","meta":[],"product_brand":[],"product_cat":[2350,63],"product_tag":[1587,1375],"avtor":[2396],"zalozba":[2336],"vezava":[2307],"class_list":{"0":"post-68722","1":"product","2":"type-product","3":"status-publish","4":"has-post-thumbnail","6":"product_cat-za-mlade","7":"product_cat-knjige","8":"product_tag-filozofija","9":"product_tag-prijateljstvo","10":"avtor-cuca-canals","11":"zalozba-salve","12":"vezava-mehka","14":"first","15":"onbackorder","16":"taxable","17":"shipping-taxable","18":"purchasable","19":"product-type-simple"},"yoast_head":"<!-- This site is optimized with the Yoast SEO plugin v26.3 - https:\/\/yoast.com\/wordpress\/plugins\/seo\/ -->\n<title>Skrivnost za tovarni\u0161kimi zidovi - trgovina Iskreni<\/title>\n<meta name=\"description\" content=\"Skrivnost za tovarni\u0161ki zidovi popelje mlade detektive po poti raziskovanja izginotja ve\u010d uslu\u017ebenk in njihovih delovnih razmer.\" \/>\n<meta name=\"robots\" content=\"index, follow, max-snippet:-1, max-image-preview:large, max-video-preview:-1\" \/>\n<link rel=\"canonical\" href=\"https:\/\/www.iskreni.net\/trgovina\/product\/skrivnost-za-tovarniskimi-zidovi\/\" \/>\n<meta property=\"og:locale\" content=\"sl_SI\" \/>\n<meta property=\"og:type\" content=\"article\" \/>\n<meta property=\"og:title\" content=\"Skrivnost za tovarni\u0161kimi zidovi\" \/>\n<meta property=\"og:description\" content=\"Skrivnost za tovarni\u0161ki zidovi popelje mlade detektive po poti raziskovanja izginotja ve\u010d uslu\u017ebenk in njihovih delovnih razmer.\" \/>\n<meta property=\"og:url\" content=\"https:\/\/www.iskreni.net\/trgovina\/product\/skrivnost-za-tovarniskimi-zidovi\/\" \/>\n<meta property=\"og:site_name\" content=\"Zavod Iskreni\" \/>\n<meta property=\"article:modified_time\" content=\"2025-07-11T07:57:47+00:00\" \/>\n<meta property=\"og:image\" content=\"https:\/\/www.iskreni.net\/trgovina\/wp-content\/uploads\/2023\/08\/Skrivnost-za-tovarniskimi-zidovi.png\" \/>\n\t<meta property=\"og:image:width\" content=\"600\" \/>\n\t<meta property=\"og:image:height\" content=\"600\" \/>\n\t<meta property=\"og:image:type\" content=\"image\/png\" \/>\n<meta name=\"twitter:card\" content=\"summary_large_image\" \/>\n<meta name=\"twitter:label1\" content=\"Est. reading time\" \/>\n\t<meta name=\"twitter:data1\" content=\"2 minuti\" \/>\n<script type=\"application\/ld+json\" class=\"yoast-schema-graph\">{\"@context\":\"https:\/\/schema.org\",\"@graph\":[{\"@type\":\"WebPage\",\"@id\":\"https:\/\/www.iskreni.net\/trgovina\/product\/skrivnost-za-tovarniskimi-zidovi\/\",\"url\":\"https:\/\/www.iskreni.net\/trgovina\/product\/skrivnost-za-tovarniskimi-zidovi\/\",\"name\":\"Skrivnost za tovarni\u0161kimi zidovi - trgovina Iskreni\",\"isPartOf\":{\"@id\":\"https:\/\/www.iskreni.net\/trgovina\/#website\"},\"primaryImageOfPage\":{\"@id\":\"https:\/\/www.iskreni.net\/trgovina\/product\/skrivnost-za-tovarniskimi-zidovi\/#primaryimage\"},\"image\":{\"@id\":\"https:\/\/www.iskreni.net\/trgovina\/product\/skrivnost-za-tovarniskimi-zidovi\/#primaryimage\"},\"thumbnailUrl\":\"https:\/\/www.iskreni.net\/trgovina\/wp-content\/uploads\/2023\/08\/Skrivnost-za-tovarniskimi-zidovi.png\",\"datePublished\":\"2023-08-10T14:22:20+00:00\",\"dateModified\":\"2025-07-11T07:57:47+00:00\",\"description\":\"Skrivnost za tovarni\u0161ki zidovi popelje mlade detektive po poti raziskovanja izginotja ve\u010d uslu\u017ebenk in njihovih delovnih razmer.\",\"breadcrumb\":{\"@id\":\"https:\/\/www.iskreni.net\/trgovina\/product\/skrivnost-za-tovarniskimi-zidovi\/#breadcrumb\"},\"inLanguage\":\"sl-SI\",\"potentialAction\":[{\"@type\":\"ReadAction\",\"target\":[\"https:\/\/www.iskreni.net\/trgovina\/product\/skrivnost-za-tovarniskimi-zidovi\/\"]}]},{\"@type\":\"ImageObject\",\"inLanguage\":\"sl-SI\",\"@id\":\"https:\/\/www.iskreni.net\/trgovina\/product\/skrivnost-za-tovarniskimi-zidovi\/#primaryimage\",\"url\":\"https:\/\/www.iskreni.net\/trgovina\/wp-content\/uploads\/2023\/08\/Skrivnost-za-tovarniskimi-zidovi.png\",\"contentUrl\":\"https:\/\/www.iskreni.net\/trgovina\/wp-content\/uploads\/2023\/08\/Skrivnost-za-tovarniskimi-zidovi.png\",\"width\":600,\"height\":600},{\"@type\":\"BreadcrumbList\",\"@id\":\"https:\/\/www.iskreni.net\/trgovina\/product\/skrivnost-za-tovarniskimi-zidovi\/#breadcrumb\",\"itemListElement\":[{\"@type\":\"ListItem\",\"position\":1,\"name\":\"Home\",\"item\":\"https:\/\/www.iskreni.net\/trgovina\/\"},{\"@type\":\"ListItem\",\"position\":2,\"name\":\"Trgovina\",\"item\":\"https:\/\/www.iskreni.net\/trgovina\/trgovina\/\"},{\"@type\":\"ListItem\",\"position\":3,\"name\":\"Skrivnost za tovarni\u0161kimi zidovi\"}]},{\"@type\":\"WebSite\",\"@id\":\"https:\/\/www.iskreni.net\/trgovina\/#website\",\"url\":\"https:\/\/www.iskreni.net\/trgovina\/\",\"name\":\"Zavod Iskreni\",\"description\":\"trgovina\",\"potentialAction\":[{\"@type\":\"SearchAction\",\"target\":{\"@type\":\"EntryPoint\",\"urlTemplate\":\"https:\/\/www.iskreni.net\/trgovina\/?s={search_term_string}\"},\"query-input\":{\"@type\":\"PropertyValueSpecification\",\"valueRequired\":true,\"valueName\":\"search_term_string\"}}],\"inLanguage\":\"sl-SI\"}]}<\/script>\n<!-- \/ Yoast SEO plugin. -->","yoast_head_json":{"title":"Skrivnost za tovarni\u0161kimi zidovi - trgovina Iskreni","description":"Skrivnost za tovarni\u0161ki zidovi popelje mlade detektive po poti raziskovanja izginotja ve\u010d uslu\u017ebenk in njihovih delovnih razmer.","robots":{"index":"index","follow":"follow","max-snippet":"max-snippet:-1","max-image-preview":"max-image-preview:large","max-video-preview":"max-video-preview:-1"},"canonical":"https:\/\/www.iskreni.net\/trgovina\/product\/skrivnost-za-tovarniskimi-zidovi\/","og_locale":"sl_SI","og_type":"article","og_title":"Skrivnost za tovarni\u0161kimi zidovi","og_description":"Skrivnost za tovarni\u0161ki zidovi popelje mlade detektive po poti raziskovanja izginotja ve\u010d uslu\u017ebenk in njihovih delovnih razmer.","og_url":"https:\/\/www.iskreni.net\/trgovina\/product\/skrivnost-za-tovarniskimi-zidovi\/","og_site_name":"Zavod Iskreni","article_modified_time":"2025-07-11T07:57:47+00:00","og_image":[{"width":600,"height":600,"url":"https:\/\/www.iskreni.net\/trgovina\/wp-content\/uploads\/2023\/08\/Skrivnost-za-tovarniskimi-zidovi.png","type":"image\/png"}],"twitter_card":"summary_large_image","twitter_misc":{"Est. reading time":"2 minuti"},"schema":{"@context":"https:\/\/schema.org","@graph":[{"@type":"WebPage","@id":"https:\/\/www.iskreni.net\/trgovina\/product\/skrivnost-za-tovarniskimi-zidovi\/","url":"https:\/\/www.iskreni.net\/trgovina\/product\/skrivnost-za-tovarniskimi-zidovi\/","name":"Skrivnost za tovarni\u0161kimi zidovi - trgovina Iskreni","isPartOf":{"@id":"https:\/\/www.iskreni.net\/trgovina\/#website"},"primaryImageOfPage":{"@id":"https:\/\/www.iskreni.net\/trgovina\/product\/skrivnost-za-tovarniskimi-zidovi\/#primaryimage"},"image":{"@id":"https:\/\/www.iskreni.net\/trgovina\/product\/skrivnost-za-tovarniskimi-zidovi\/#primaryimage"},"thumbnailUrl":"https:\/\/www.iskreni.net\/trgovina\/wp-content\/uploads\/2023\/08\/Skrivnost-za-tovarniskimi-zidovi.png","datePublished":"2023-08-10T14:22:20+00:00","dateModified":"2025-07-11T07:57:47+00:00","description":"Skrivnost za tovarni\u0161ki zidovi popelje mlade detektive po poti raziskovanja izginotja ve\u010d uslu\u017ebenk in njihovih delovnih razmer.","breadcrumb":{"@id":"https:\/\/www.iskreni.net\/trgovina\/product\/skrivnost-za-tovarniskimi-zidovi\/#breadcrumb"},"inLanguage":"sl-SI","potentialAction":[{"@type":"ReadAction","target":["https:\/\/www.iskreni.net\/trgovina\/product\/skrivnost-za-tovarniskimi-zidovi\/"]}]},{"@type":"ImageObject","inLanguage":"sl-SI","@id":"https:\/\/www.iskreni.net\/trgovina\/product\/skrivnost-za-tovarniskimi-zidovi\/#primaryimage","url":"https:\/\/www.iskreni.net\/trgovina\/wp-content\/uploads\/2023\/08\/Skrivnost-za-tovarniskimi-zidovi.png","contentUrl":"https:\/\/www.iskreni.net\/trgovina\/wp-content\/uploads\/2023\/08\/Skrivnost-za-tovarniskimi-zidovi.png","width":600,"height":600},{"@type":"BreadcrumbList","@id":"https:\/\/www.iskreni.net\/trgovina\/product\/skrivnost-za-tovarniskimi-zidovi\/#breadcrumb","itemListElement":[{"@type":"ListItem","position":1,"name":"Home","item":"https:\/\/www.iskreni.net\/trgovina\/"},{"@type":"ListItem","position":2,"name":"Trgovina","item":"https:\/\/www.iskreni.net\/trgovina\/trgovina\/"},{"@type":"ListItem","position":3,"name":"Skrivnost za tovarni\u0161kimi zidovi"}]},{"@type":"WebSite","@id":"https:\/\/www.iskreni.net\/trgovina\/#website","url":"https:\/\/www.iskreni.net\/trgovina\/","name":"Zavod Iskreni","description":"trgovina","potentialAction":[{"@type":"SearchAction","target":{"@type":"EntryPoint","urlTemplate":"https:\/\/www.iskreni.net\/trgovina\/?s={search_term_string}"},"query-input":{"@type":"PropertyValueSpecification","valueRequired":true,"valueName":"search_term_string"}}],"inLanguage":"sl-SI"}]}},"_links":{"self":[{"href":"https:\/\/www.iskreni.net\/trgovina\/wp-json\/wp\/v2\/product\/68722","targetHints":{"allow":["GET"]}}],"collection":[{"href":"https:\/\/www.iskreni.net\/trgovina\/wp-json\/wp\/v2\/product"}],"about":[{"href":"https:\/\/www.iskreni.net\/trgovina\/wp-json\/wp\/v2\/types\/product"}],"replies":[{"embeddable":true,"href":"https:\/\/www.iskreni.net\/trgovina\/wp-json\/wp\/v2\/comments?post=68722"}],"version-history":[{"count":5,"href":"https:\/\/www.iskreni.net\/trgovina\/wp-json\/wp\/v2\/product\/68722\/revisions"}],"predecessor-version":[{"id":68820,"href":"https:\/\/www.iskreni.net\/trgovina\/wp-json\/wp\/v2\/product\/68722\/revisions\/68820"}],"wp:featuredmedia":[{"embeddable":true,"href":"https:\/\/www.iskreni.net\/trgovina\/wp-json\/wp\/v2\/media\/68726"}],"wp:attachment":[{"href":"https:\/\/www.iskreni.net\/trgovina\/wp-json\/wp\/v2\/media?parent=68722"}],"wp:term":[{"taxonomy":"product_brand","embeddable":true,"href":"https:\/\/www.iskreni.net\/trgovina\/wp-json\/wp\/v2\/product_brand?post=68722"},{"taxonomy":"product_cat","embeddable":true,"href":"https:\/\/www.iskreni.net\/trgovina\/wp-json\/wp\/v2\/product_cat?post=68722"},{"taxonomy":"product_tag","embeddable":true,"href":"https:\/\/www.iskreni.net\/trgovina\/wp-json\/wp\/v2\/product_tag?post=68722"},{"taxonomy":"avtor","embeddable":true,"href":"https:\/\/www.iskreni.net\/trgovina\/wp-json\/wp\/v2\/avtor?post=68722"},{"taxonomy":"zalozba","embeddable":true,"href":"https:\/\/www.iskreni.net\/trgovina\/wp-json\/wp\/v2\/zalozba?post=68722"},{"taxonomy":"vezava","embeddable":true,"href":"https:\/\/www.iskreni.net\/trgovina\/wp-json\/wp\/v2\/vezava?post=68722"}],"curies":[{"name":"wp","href":"https:\/\/api.w.org\/{rel}","templated":true}]}}