{"id":67819,"date":"2023-06-29T10:02:23","date_gmt":"2023-06-29T08:02:23","guid":{"rendered":"https:\/\/www.iskreni.net\/trgovina\/?post_type=product&#038;p=67819"},"modified":"2023-10-19T14:39:03","modified_gmt":"2023-10-19T12:39:03","slug":"aspergerke","status":"publish","type":"product","link":"https:\/\/www.iskreni.net\/trgovina\/product\/aspergerke\/","title":{"rendered":"Aspergerke"},"content":{"rendered":"<h4>O knjigi Aspergerke<\/h4>\n<p>Superjunakinje na ozki brvi med prese\u017eki in omejitvami<\/p>\n<p>Dekletom aspergerjev sindrom diagnosticirajo redkeje kot fantom, in tudi ko so simptomi prepoznani, jim pomo\u010d pogosto ni na voljo. Priro\u010dnik zapolnjuje praznino na tem podro\u010dju. Obravnava razli\u010dne vidike tako osebnega kot poklicnega \u017eivljenja: zgodnje spomine na obto\u017eevanje in krivdo, posamezne izjemne spretnosti, prijateljstva, romance in zakon; zajeti so tudi zaposlitev, kariera, rituali in rutine, skupaj z depresijo, zlomi in nerazumevanjem, ki so skoraj integralni del ljudi s spektra. Knjiga razkrije refleksije ve\u010d kot petintridesetih \u017eensk z diagnozo v spektru, pa tudi njihovih partnerjev in star\u0161ev.<\/p>\n<p>Aspergerke so tiha manj\u0161ina. So manj\u0161ina manj\u0161ine. \u017denske z aspergerjevim sindromom so manj vidne, v primerjavi z mo\u0161kimi na spektru avtizma so ve\u010dinoma kasneje in tudi manjkrat prepoznane in diagnosticirane. Svoje posebnosti pogosto skrivajo in dalj \u010dasa kompenzirajo. Njihovo trpljenje zaradi druga\u010dnosti in posledi\u010dno socialne izklju\u010denosti je najve\u010dkrat obrnjeno navznoter, v njih same. Tudi kot odrasle \u017eenske najve\u010dkrat ne najdejo sogovornika, s katerim bi lahko podelile svojo druga\u010dnost in izzive, ki jim jih ta prinese v vsakdan izobra\u017eevalne, poklicne in partnerske poti.<br \/>\nRudy Simone, sama aspergerka, jim prihaja naproti kot prijateljica, svetovalka, mama in do neke mere tudi terapevtka. Ko se nam v \u017eivljenju zatakne, ve\u010dinoma niti ne potrebujemo strokovnjaka, ampak predvsem razumevajo\u010dega poslu\u0161alca in nekoga, ki nam nudi toplino prijateljske rame. Rudy Simone s svojo zgodbo in zgodbami vseh aspergerk, ki jih v knjigi zbere, sporo\u010da drugim \u010dlanicam plemena, da niso same in da jih je veliko tam zunaj, ki pre\u017eivljajo podobne posebne zgodbe. Deli izku\u0161nje, svetuje in ponuja mo\u017ene re\u0161itve tako aspergerkam kot tudi njihovim partnerjem, prijateljem in star\u0161em. Knjigo priporo\u010dam tudi strokovni javnosti, zlasti zdravnikom in psihologom, saj je glede na izku\u0161nje tudi pri njih poznavanje posebnosti pri funkcioniranju teh \u017eensk pomanjkljivo, izzivov, s katerimi se sre\u010dujejo, pa veliko. Knjiga je napisana v spro\u0161\u010denem slogu, s \u010dimer razbremenjuje pogosto resne in te\u017eke teme. Njeno osnovno sporo\u010dilo je optimisti\u010dno, njen glavni namen pa opolnomo\u010denje \u017eensk, ki imajo poleg \u0161ibkosti tudi veliko talentov in mo\u010di. Ti jih delajo \u010dudovite in zaradi njih je celotna dru\u017eba lahko bolj\u0161a. Nam drugim, ki njih tako ali druga\u010de le sre\u010dujemo, bo knjiga pomagala, da bomo pove\u010dali svojo strpnost in pomagali tem \u00bbposebnicam\u00ab, da bodo svojo druga\u010dnost la\u017eje sprejele in objele.<\/p>\n<p>Doc. dr. Marta Macedoni Luk\u0161i\u010d, dr. med.,<br \/>\nIn\u0161titut za avtizem Ljubljana<\/p>\n<h4><a href=\"https:\/\/www.iskreni.net\/trgovina\/wp-content\/uploads\/2023\/06\/Simone-Rudy-2023-Aspergerke_prelistaj-knjigo.pdf\">Prelistaj<\/a><\/h4>\n<h4>Iz knjige<\/h4>\n<p>Diagnozo aspergerjev sindrom sem dobila \u0161ele, ko so ga diagnosticirali moji h\u010deri. To je bilo pred skoraj petnajstimi leti. Takrat so le redki, ki sem jih poznala, sploh \u017ee sli\u0161ali za razvojne motnje, kaj \u0161ele za aspergerjev sindrom. Na sre\u010do se je v vmesnem \u010dasu marsikaj spremenilo. Zdi se mi, da je dandanes \u017ee vsakdo, ki ga vsaj malce zanima vedenje ljudi, sli\u0161al za Hansa Aspergerja in njegove \u00bbavtistom podobne\u00ab paciente, ki imajo te\u017eave z neverbalno komunikacijo, interakcijo z vrstniki, imajo omejena, a mo\u010dna interesna podro\u010dja (in inteligen\u010dni kvocient vi\u0161ji od povpre\u010dja), so verbalno mo\u010dni in imajo neverjetno sposobnost za priklic podrobnosti in dejstev. Aspergerjev sindrom je ljubljen\u010dek medijev, zato se pojavlja povsod \u2013 tako na rde\u010di preprogi v Hollywoodu kot v strokovnih razpravah tudi najmanj\u0161ih \u0161olskih okro\u017eij. \u010ce pojem poguglate, bo hitro jasno, kaj imam v mislih.<br \/>\ndr.<br \/>\nA \u010deprav je vznemirljivo opazovati, koliko pozornosti mu namenjamo, pa ve\u010dina nas, ki ga imamo, ostaja brez formalne diagnoze, \u0161e posebej, \u010de nimamo kromosoma Y. \u017densk, od majhnih pun\u010dk pa do starej\u0161ih gospa, radar pravilne diagnoze praviloma ne zazna, zato ve\u010dinoma pristanejo v svetovih, v katere ne sodijo. Nevroze, shizofrenija, obsesivno-kompulzivna motnja, osebnostna motnja, opozicijsko-kljubovalna motnja, anksioznost, socialna fobija \u2013 vse to so znane diagnoze \u017eensk nad dolo\u010deno starostjo, ki si prizadevajo osmisliti okolje, dru\u017ebo, odnose in podobno. Ne samo da so te diagnoze brez vsake osnove, zelo velika je verjetnost, da ima me\u0161anica so\u010dasnih dejavnikov zasnovo na genetskem kodu teh \u017eensk. Te\u017eava je, da veliko svetovalcev in zdravnikov v sr\u010diki tega klob\u010di\u010da ne zna videti aspergerjevega sindroma. (Str. 11)<\/p>\n","protected":false},"excerpt":{"rendered":"<div id=\"tab-opis_tab\" class=\"tab-pane active\">\n<p><strong>Drugi sodelujo\u010di avtorji:<\/strong> dr. Marta Macedoni Luk\u0161i\u010d<br \/>\n<strong>Prevod:<\/strong> Alenka \u010cebular<br \/>\n<strong>Leto izdaje:<\/strong> 2023<br \/>\n<strong>\u0160tevilo strani:<\/strong> 268<br \/>\n<strong>Format:<\/strong> 135 x 210 mm<\/p>\n<h4><a href=\"https:\/\/www.iskreni.net\/trgovina\/wp-content\/uploads\/2023\/06\/Simone-Rudy-2023-Aspergerke_prelistaj-knjigo.pdf\">Prelistaj<\/a><\/h4>\n<\/div>\n","protected":false},"featured_media":67818,"comment_status":"open","ping_status":"closed","template":"","meta":[],"product_brand":[],"product_cat":[2327],"product_tag":[],"avtor":[2505],"zalozba":[2337],"vezava":[2307],"class_list":{"0":"post-67819","1":"product","2":"type-product","3":"status-publish","4":"has-post-thumbnail","6":"product_cat-prirocniki-in-vodniki","7":"avtor-rudy-simone","8":"zalozba-celjska-mohorjeva-druzba","9":"vezava-mehka","11":"first","12":"instock","13":"taxable","14":"shipping-taxable","15":"purchasable","16":"product-type-simple"},"yoast_head":"<!-- This site is optimized with the Yoast SEO plugin v26.3 - https:\/\/yoast.com\/wordpress\/plugins\/seo\/ -->\n<title>Aspergerke - trgovina Iskreni<\/title>\n<meta name=\"description\" content=\"Aspergerke je priro\u010dnik, ki zapolnjuje praznino na podro\u010dju obravnave aspergerjevega sindroma pri tihi manj\u0161ini \u017eensk, ki diagnozo dobijo pozno ali nikoli.\" \/>\n<meta name=\"robots\" content=\"index, follow, max-snippet:-1, max-image-preview:large, max-video-preview:-1\" \/>\n<link rel=\"canonical\" href=\"https:\/\/www.iskreni.net\/trgovina\/product\/aspergerke\/\" \/>\n<meta property=\"og:locale\" content=\"sl_SI\" \/>\n<meta property=\"og:type\" content=\"article\" \/>\n<meta property=\"og:title\" content=\"Aspergerke\" \/>\n<meta property=\"og:description\" content=\"Aspergerke je priro\u010dnik, ki zapolnjuje praznino na podro\u010dju obravnave aspergerjevega sindroma pri tihi manj\u0161ini \u017eensk, ki diagnozo dobijo pozno ali nikoli.\" \/>\n<meta property=\"og:url\" content=\"https:\/\/www.iskreni.net\/trgovina\/product\/aspergerke\/\" \/>\n<meta property=\"og:site_name\" content=\"Zavod Iskreni\" \/>\n<meta property=\"article:modified_time\" content=\"2023-10-19T12:39:03+00:00\" \/>\n<meta property=\"og:image\" content=\"https:\/\/www.iskreni.net\/trgovina\/wp-content\/uploads\/2023\/06\/Slike-za-v-spletno-trgovino-2023-06-29T095820.290.jpg\" \/>\n\t<meta property=\"og:image:width\" content=\"600\" \/>\n\t<meta property=\"og:image:height\" content=\"600\" \/>\n\t<meta property=\"og:image:type\" content=\"image\/jpeg\" \/>\n<meta name=\"twitter:card\" content=\"summary_large_image\" \/>\n<meta name=\"twitter:label1\" content=\"Est. reading time\" \/>\n\t<meta name=\"twitter:data1\" content=\"4 minute\" \/>\n<script type=\"application\/ld+json\" class=\"yoast-schema-graph\">{\"@context\":\"https:\/\/schema.org\",\"@graph\":[{\"@type\":\"WebPage\",\"@id\":\"https:\/\/www.iskreni.net\/trgovina\/product\/aspergerke\/\",\"url\":\"https:\/\/www.iskreni.net\/trgovina\/product\/aspergerke\/\",\"name\":\"Aspergerke - trgovina Iskreni\",\"isPartOf\":{\"@id\":\"https:\/\/www.iskreni.net\/trgovina\/#website\"},\"primaryImageOfPage\":{\"@id\":\"https:\/\/www.iskreni.net\/trgovina\/product\/aspergerke\/#primaryimage\"},\"image\":{\"@id\":\"https:\/\/www.iskreni.net\/trgovina\/product\/aspergerke\/#primaryimage\"},\"thumbnailUrl\":\"https:\/\/www.iskreni.net\/trgovina\/wp-content\/uploads\/2023\/06\/Slike-za-v-spletno-trgovino-2023-06-29T095820.290.jpg\",\"datePublished\":\"2023-06-29T08:02:23+00:00\",\"dateModified\":\"2023-10-19T12:39:03+00:00\",\"description\":\"Aspergerke je priro\u010dnik, ki zapolnjuje praznino na podro\u010dju obravnave aspergerjevega sindroma pri tihi manj\u0161ini \u017eensk, ki diagnozo dobijo pozno ali nikoli.\",\"breadcrumb\":{\"@id\":\"https:\/\/www.iskreni.net\/trgovina\/product\/aspergerke\/#breadcrumb\"},\"inLanguage\":\"sl-SI\",\"potentialAction\":[{\"@type\":\"ReadAction\",\"target\":[\"https:\/\/www.iskreni.net\/trgovina\/product\/aspergerke\/\"]}]},{\"@type\":\"ImageObject\",\"inLanguage\":\"sl-SI\",\"@id\":\"https:\/\/www.iskreni.net\/trgovina\/product\/aspergerke\/#primaryimage\",\"url\":\"https:\/\/www.iskreni.net\/trgovina\/wp-content\/uploads\/2023\/06\/Slike-za-v-spletno-trgovino-2023-06-29T095820.290.jpg\",\"contentUrl\":\"https:\/\/www.iskreni.net\/trgovina\/wp-content\/uploads\/2023\/06\/Slike-za-v-spletno-trgovino-2023-06-29T095820.290.jpg\",\"width\":600,\"height\":600},{\"@type\":\"BreadcrumbList\",\"@id\":\"https:\/\/www.iskreni.net\/trgovina\/product\/aspergerke\/#breadcrumb\",\"itemListElement\":[{\"@type\":\"ListItem\",\"position\":1,\"name\":\"Home\",\"item\":\"https:\/\/www.iskreni.net\/trgovina\/\"},{\"@type\":\"ListItem\",\"position\":2,\"name\":\"Trgovina\",\"item\":\"https:\/\/www.iskreni.net\/trgovina\/trgovina\/\"},{\"@type\":\"ListItem\",\"position\":3,\"name\":\"Aspergerke\"}]},{\"@type\":\"WebSite\",\"@id\":\"https:\/\/www.iskreni.net\/trgovina\/#website\",\"url\":\"https:\/\/www.iskreni.net\/trgovina\/\",\"name\":\"Zavod Iskreni\",\"description\":\"trgovina\",\"potentialAction\":[{\"@type\":\"SearchAction\",\"target\":{\"@type\":\"EntryPoint\",\"urlTemplate\":\"https:\/\/www.iskreni.net\/trgovina\/?s={search_term_string}\"},\"query-input\":{\"@type\":\"PropertyValueSpecification\",\"valueRequired\":true,\"valueName\":\"search_term_string\"}}],\"inLanguage\":\"sl-SI\"}]}<\/script>\n<!-- \/ Yoast SEO plugin. -->","yoast_head_json":{"title":"Aspergerke - trgovina Iskreni","description":"Aspergerke je priro\u010dnik, ki zapolnjuje praznino na podro\u010dju obravnave aspergerjevega sindroma pri tihi manj\u0161ini \u017eensk, ki diagnozo dobijo pozno ali nikoli.","robots":{"index":"index","follow":"follow","max-snippet":"max-snippet:-1","max-image-preview":"max-image-preview:large","max-video-preview":"max-video-preview:-1"},"canonical":"https:\/\/www.iskreni.net\/trgovina\/product\/aspergerke\/","og_locale":"sl_SI","og_type":"article","og_title":"Aspergerke","og_description":"Aspergerke je priro\u010dnik, ki zapolnjuje praznino na podro\u010dju obravnave aspergerjevega sindroma pri tihi manj\u0161ini \u017eensk, ki diagnozo dobijo pozno ali nikoli.","og_url":"https:\/\/www.iskreni.net\/trgovina\/product\/aspergerke\/","og_site_name":"Zavod Iskreni","article_modified_time":"2023-10-19T12:39:03+00:00","og_image":[{"width":600,"height":600,"url":"https:\/\/www.iskreni.net\/trgovina\/wp-content\/uploads\/2023\/06\/Slike-za-v-spletno-trgovino-2023-06-29T095820.290.jpg","type":"image\/jpeg"}],"twitter_card":"summary_large_image","twitter_misc":{"Est. reading time":"4 minute"},"schema":{"@context":"https:\/\/schema.org","@graph":[{"@type":"WebPage","@id":"https:\/\/www.iskreni.net\/trgovina\/product\/aspergerke\/","url":"https:\/\/www.iskreni.net\/trgovina\/product\/aspergerke\/","name":"Aspergerke - trgovina Iskreni","isPartOf":{"@id":"https:\/\/www.iskreni.net\/trgovina\/#website"},"primaryImageOfPage":{"@id":"https:\/\/www.iskreni.net\/trgovina\/product\/aspergerke\/#primaryimage"},"image":{"@id":"https:\/\/www.iskreni.net\/trgovina\/product\/aspergerke\/#primaryimage"},"thumbnailUrl":"https:\/\/www.iskreni.net\/trgovina\/wp-content\/uploads\/2023\/06\/Slike-za-v-spletno-trgovino-2023-06-29T095820.290.jpg","datePublished":"2023-06-29T08:02:23+00:00","dateModified":"2023-10-19T12:39:03+00:00","description":"Aspergerke je priro\u010dnik, ki zapolnjuje praznino na podro\u010dju obravnave aspergerjevega sindroma pri tihi manj\u0161ini \u017eensk, ki diagnozo dobijo pozno ali nikoli.","breadcrumb":{"@id":"https:\/\/www.iskreni.net\/trgovina\/product\/aspergerke\/#breadcrumb"},"inLanguage":"sl-SI","potentialAction":[{"@type":"ReadAction","target":["https:\/\/www.iskreni.net\/trgovina\/product\/aspergerke\/"]}]},{"@type":"ImageObject","inLanguage":"sl-SI","@id":"https:\/\/www.iskreni.net\/trgovina\/product\/aspergerke\/#primaryimage","url":"https:\/\/www.iskreni.net\/trgovina\/wp-content\/uploads\/2023\/06\/Slike-za-v-spletno-trgovino-2023-06-29T095820.290.jpg","contentUrl":"https:\/\/www.iskreni.net\/trgovina\/wp-content\/uploads\/2023\/06\/Slike-za-v-spletno-trgovino-2023-06-29T095820.290.jpg","width":600,"height":600},{"@type":"BreadcrumbList","@id":"https:\/\/www.iskreni.net\/trgovina\/product\/aspergerke\/#breadcrumb","itemListElement":[{"@type":"ListItem","position":1,"name":"Home","item":"https:\/\/www.iskreni.net\/trgovina\/"},{"@type":"ListItem","position":2,"name":"Trgovina","item":"https:\/\/www.iskreni.net\/trgovina\/trgovina\/"},{"@type":"ListItem","position":3,"name":"Aspergerke"}]},{"@type":"WebSite","@id":"https:\/\/www.iskreni.net\/trgovina\/#website","url":"https:\/\/www.iskreni.net\/trgovina\/","name":"Zavod Iskreni","description":"trgovina","potentialAction":[{"@type":"SearchAction","target":{"@type":"EntryPoint","urlTemplate":"https:\/\/www.iskreni.net\/trgovina\/?s={search_term_string}"},"query-input":{"@type":"PropertyValueSpecification","valueRequired":true,"valueName":"search_term_string"}}],"inLanguage":"sl-SI"}]}},"_links":{"self":[{"href":"https:\/\/www.iskreni.net\/trgovina\/wp-json\/wp\/v2\/product\/67819","targetHints":{"allow":["GET"]}}],"collection":[{"href":"https:\/\/www.iskreni.net\/trgovina\/wp-json\/wp\/v2\/product"}],"about":[{"href":"https:\/\/www.iskreni.net\/trgovina\/wp-json\/wp\/v2\/types\/product"}],"replies":[{"embeddable":true,"href":"https:\/\/www.iskreni.net\/trgovina\/wp-json\/wp\/v2\/comments?post=67819"}],"version-history":[{"count":3,"href":"https:\/\/www.iskreni.net\/trgovina\/wp-json\/wp\/v2\/product\/67819\/revisions"}],"predecessor-version":[{"id":70121,"href":"https:\/\/www.iskreni.net\/trgovina\/wp-json\/wp\/v2\/product\/67819\/revisions\/70121"}],"wp:featuredmedia":[{"embeddable":true,"href":"https:\/\/www.iskreni.net\/trgovina\/wp-json\/wp\/v2\/media\/67818"}],"wp:attachment":[{"href":"https:\/\/www.iskreni.net\/trgovina\/wp-json\/wp\/v2\/media?parent=67819"}],"wp:term":[{"taxonomy":"product_brand","embeddable":true,"href":"https:\/\/www.iskreni.net\/trgovina\/wp-json\/wp\/v2\/product_brand?post=67819"},{"taxonomy":"product_cat","embeddable":true,"href":"https:\/\/www.iskreni.net\/trgovina\/wp-json\/wp\/v2\/product_cat?post=67819"},{"taxonomy":"product_tag","embeddable":true,"href":"https:\/\/www.iskreni.net\/trgovina\/wp-json\/wp\/v2\/product_tag?post=67819"},{"taxonomy":"avtor","embeddable":true,"href":"https:\/\/www.iskreni.net\/trgovina\/wp-json\/wp\/v2\/avtor?post=67819"},{"taxonomy":"zalozba","embeddable":true,"href":"https:\/\/www.iskreni.net\/trgovina\/wp-json\/wp\/v2\/zalozba?post=67819"},{"taxonomy":"vezava","embeddable":true,"href":"https:\/\/www.iskreni.net\/trgovina\/wp-json\/wp\/v2\/vezava?post=67819"}],"curies":[{"name":"wp","href":"https:\/\/api.w.org\/{rel}","templated":true}]}}