{"id":67659,"date":"2023-06-26T14:12:34","date_gmt":"2023-06-26T12:12:34","guid":{"rendered":"https:\/\/www.iskreni.net\/trgovina\/?post_type=product&#038;p=67659"},"modified":"2023-10-19T14:38:06","modified_gmt":"2023-10-19T12:38:06","slug":"joze-pucnik-v-zgodovinskem-spominu-in-spominu-sodobnikov","status":"publish","type":"product","link":"https:\/\/www.iskreni.net\/trgovina\/product\/joze-pucnik-v-zgodovinskem-spominu-in-spominu-sodobnikov\/","title":{"rendered":"Jo\u017ee Pu\u010dnik v zgodovinskem spominu in spominu sodobnikov"},"content":{"rendered":"<h4>O knjigi Jo\u017ee Pu\u010dnik v zgodovinskem spominu in spominu sodobnikov<\/h4>\n<p><strong>Trnove poti o\u010deta slovenske dr\u017eave<\/strong><\/p>\n<p><em>\u00bbPu\u010dniku je resni\u010dno \u0161lo za Slovenijo! Ne za oblast ali lastno veljavo, pa tudi ne za ma\u0161\u010devanje, ki so ga zlohotno pripisovali nekdanjemu zaporniku, kot da bi do tega, da so mu brez krivde vzeli svobodo in spremenili tok \u017eivljenja, ne smel biti niti kriti\u010den, ampak bi moral biti okrutne\u017eem celo \u0161e hvale\u017een, da je lahko sploh ostal \u017eiv,\u00ab pi\u0161e dr. Mil\u010dek Komelj. V kola\u017eu razprav in refleksij se \u0161tevilni sopotniki spominjajo tega pogumnega, energi\u010dnega in odlo\u010dnega mo\u017ea, ki je bil velik humanist in iskalec zgodovinske resnice, hkrati pa o\u010detovsko mehak, sr\u010den in ljube\u010d \u010dlovek.<\/em><\/p>\n<p>Pod okriljem Muzeja slovenske osamosvojitve je bil v lu\u010di 90. obletnice rojstva v letu 2022 in 20. obletnice smrti v letu 2023 v za\u010detku oktobra 2022 na Slovenski matici o dr. Jo\u017eetu Pu\u010dniku organiziran simpozij. Na njem je predsednik dr\u017eave Borut Pahor Pu\u010dnika ozna\u010dil za nestorja osamosvojitvene misli. Na o\u010deta in strica sta spomine obudila sin Gorazd Pu\u010dnik in ne\u010dakinja mag. Iva Pu\u010dnik Ozimi\u010d. V \u0161ir\u0161i zgodovinski in dru\u017ebeno-politi\u010dni kontekst so Pu\u010dnika umestili \u0161tevilni njegovi sodobniki in politi\u010dni sopotniki: Janez Jan\u0161a in Lojze Peterle, akademika dr. Janko Kos in dr. Mil\u010dek Komelj, dr. Ale\u0161 Maver, dr. Ale\u0161 Gabri\u010d, dr. Stane Granda, mag. Igor Omerza, dr. Dimitrij Rupel, Alenka Puhar, ddr. Igor Grdina, Franci Feltrin, Ivo Jevnikar, dr. Pamela Glu\u0161i\u010d, Mateja Rihter, dr. Dejan Valentin\u010di\u010d ter dr. \u017deljko Oset, ki je zbornik tudi vsebinsko uredil.<br \/>\nSimpozij o dr. Jo\u017eetu Pu\u010dniku je odmeval v slovenskem medijskem prostoru in znova osvetlil pomen njegove vloge v zgodovinskih procesih konec osemdesetih in v devetdesetih letih 20. stoletja. Z zgodovinsko distanco lahko brez dvoma re\u010demo, da se je ob nastanku neodvisne in samostojne Republike Slovenije izkazal kot dr\u017eavnik z veliko za\u010detnico in mu zato pripada \u010dastno mesto v slovenskem zgodovinskem spominu in krajini.<\/p>\n<p>&nbsp;<\/p>\n","protected":false},"excerpt":{"rendered":"<div id=\"tab-opis_tab\" class=\"tab-pane active\">\n<p><strong>Avtor: <\/strong>ve\u010d avtorjev<br \/>\n<strong>Fotografije:<\/strong> Tatjana Splichal<br \/>\n<strong>Leto izdaje:<\/strong> 2023<br \/>\n<strong>\u0160tevilo strani:<\/strong> 312<br \/>\n<strong>Format:<\/strong> 165 x 235 mm<\/p>\n<\/div>\n","protected":false},"featured_media":67661,"comment_status":"open","ping_status":"closed","template":"","meta":[],"product_brand":[],"product_cat":[2326],"product_tag":[2392,2070],"avtor":[],"zalozba":[2337],"vezava":[2306],"class_list":{"0":"post-67659","1":"product","2":"type-product","3":"status-publish","4":"has-post-thumbnail","6":"product_cat-druzbena-vprasanja-in-humanistika","7":"product_tag-politika","8":"product_tag-zgodovina","9":"zalozba-celjska-mohorjeva-druzba","10":"vezava-trda","12":"first","13":"instock","14":"taxable","15":"shipping-taxable","16":"purchasable","17":"product-type-simple"},"yoast_head":"<!-- This site is optimized with the Yoast SEO plugin v26.3 - https:\/\/yoast.com\/wordpress\/plugins\/seo\/ -->\n<title>Jo\u017ee Pu\u010dnik v zgodovinskem spominu in spominu sodobnikov - trgovina Iskreni<\/title>\n<meta name=\"description\" content=\"Jo\u017ee Pu\u010dnik v zgodovinskem spominu in spominu sodobnikov je zbornik s simpozija o dr. Jo\u017eetu Pu\u010dniku, dr\u017eavniku s \u010dastnim mestom v slovenski zgodovini.\" \/>\n<meta name=\"robots\" content=\"index, follow, max-snippet:-1, max-image-preview:large, max-video-preview:-1\" \/>\n<link rel=\"canonical\" href=\"https:\/\/www.iskreni.net\/trgovina\/product\/joze-pucnik-v-zgodovinskem-spominu-in-spominu-sodobnikov\/\" \/>\n<meta property=\"og:locale\" content=\"sl_SI\" \/>\n<meta property=\"og:type\" content=\"article\" \/>\n<meta property=\"og:title\" content=\"Jo\u017ee Pu\u010dnik v zgodovinskem spominu in spominu sodobnikov\" \/>\n<meta property=\"og:description\" content=\"Jo\u017ee Pu\u010dnik v zgodovinskem spominu in spominu sodobnikov je zbornik s simpozija o dr. Jo\u017eetu Pu\u010dniku, dr\u017eavniku s \u010dastnim mestom v slovenski zgodovini.\" \/>\n<meta property=\"og:url\" content=\"https:\/\/www.iskreni.net\/trgovina\/product\/joze-pucnik-v-zgodovinskem-spominu-in-spominu-sodobnikov\/\" \/>\n<meta property=\"og:site_name\" content=\"Zavod Iskreni\" \/>\n<meta property=\"article:modified_time\" content=\"2023-10-19T12:38:06+00:00\" \/>\n<meta property=\"og:image\" content=\"https:\/\/www.iskreni.net\/trgovina\/wp-content\/uploads\/2023\/06\/Slike-za-v-spletno-trgovino-99.jpg\" \/>\n\t<meta property=\"og:image:width\" content=\"600\" \/>\n\t<meta property=\"og:image:height\" content=\"600\" \/>\n\t<meta property=\"og:image:type\" content=\"image\/jpeg\" \/>\n<meta name=\"twitter:card\" content=\"summary_large_image\" \/>\n<meta name=\"twitter:label1\" content=\"Est. reading time\" \/>\n\t<meta name=\"twitter:data1\" content=\"2 minuti\" \/>\n<script type=\"application\/ld+json\" class=\"yoast-schema-graph\">{\"@context\":\"https:\/\/schema.org\",\"@graph\":[{\"@type\":\"WebPage\",\"@id\":\"https:\/\/www.iskreni.net\/trgovina\/product\/joze-pucnik-v-zgodovinskem-spominu-in-spominu-sodobnikov\/\",\"url\":\"https:\/\/www.iskreni.net\/trgovina\/product\/joze-pucnik-v-zgodovinskem-spominu-in-spominu-sodobnikov\/\",\"name\":\"Jo\u017ee Pu\u010dnik v zgodovinskem spominu in spominu sodobnikov - trgovina Iskreni\",\"isPartOf\":{\"@id\":\"https:\/\/www.iskreni.net\/trgovina\/#website\"},\"primaryImageOfPage\":{\"@id\":\"https:\/\/www.iskreni.net\/trgovina\/product\/joze-pucnik-v-zgodovinskem-spominu-in-spominu-sodobnikov\/#primaryimage\"},\"image\":{\"@id\":\"https:\/\/www.iskreni.net\/trgovina\/product\/joze-pucnik-v-zgodovinskem-spominu-in-spominu-sodobnikov\/#primaryimage\"},\"thumbnailUrl\":\"https:\/\/www.iskreni.net\/trgovina\/wp-content\/uploads\/2023\/06\/Slike-za-v-spletno-trgovino-99.jpg\",\"datePublished\":\"2023-06-26T12:12:34+00:00\",\"dateModified\":\"2023-10-19T12:38:06+00:00\",\"description\":\"Jo\u017ee Pu\u010dnik v zgodovinskem spominu in spominu sodobnikov je zbornik s simpozija o dr. Jo\u017eetu Pu\u010dniku, dr\u017eavniku s \u010dastnim mestom v slovenski zgodovini.\",\"breadcrumb\":{\"@id\":\"https:\/\/www.iskreni.net\/trgovina\/product\/joze-pucnik-v-zgodovinskem-spominu-in-spominu-sodobnikov\/#breadcrumb\"},\"inLanguage\":\"sl-SI\",\"potentialAction\":[{\"@type\":\"ReadAction\",\"target\":[\"https:\/\/www.iskreni.net\/trgovina\/product\/joze-pucnik-v-zgodovinskem-spominu-in-spominu-sodobnikov\/\"]}]},{\"@type\":\"ImageObject\",\"inLanguage\":\"sl-SI\",\"@id\":\"https:\/\/www.iskreni.net\/trgovina\/product\/joze-pucnik-v-zgodovinskem-spominu-in-spominu-sodobnikov\/#primaryimage\",\"url\":\"https:\/\/www.iskreni.net\/trgovina\/wp-content\/uploads\/2023\/06\/Slike-za-v-spletno-trgovino-99.jpg\",\"contentUrl\":\"https:\/\/www.iskreni.net\/trgovina\/wp-content\/uploads\/2023\/06\/Slike-za-v-spletno-trgovino-99.jpg\",\"width\":600,\"height\":600},{\"@type\":\"BreadcrumbList\",\"@id\":\"https:\/\/www.iskreni.net\/trgovina\/product\/joze-pucnik-v-zgodovinskem-spominu-in-spominu-sodobnikov\/#breadcrumb\",\"itemListElement\":[{\"@type\":\"ListItem\",\"position\":1,\"name\":\"Home\",\"item\":\"https:\/\/www.iskreni.net\/trgovina\/\"},{\"@type\":\"ListItem\",\"position\":2,\"name\":\"Trgovina\",\"item\":\"https:\/\/www.iskreni.net\/trgovina\/trgovina\/\"},{\"@type\":\"ListItem\",\"position\":3,\"name\":\"Jo\u017ee Pu\u010dnik v zgodovinskem spominu in spominu sodobnikov\"}]},{\"@type\":\"WebSite\",\"@id\":\"https:\/\/www.iskreni.net\/trgovina\/#website\",\"url\":\"https:\/\/www.iskreni.net\/trgovina\/\",\"name\":\"Zavod Iskreni\",\"description\":\"trgovina\",\"potentialAction\":[{\"@type\":\"SearchAction\",\"target\":{\"@type\":\"EntryPoint\",\"urlTemplate\":\"https:\/\/www.iskreni.net\/trgovina\/?s={search_term_string}\"},\"query-input\":{\"@type\":\"PropertyValueSpecification\",\"valueRequired\":true,\"valueName\":\"search_term_string\"}}],\"inLanguage\":\"sl-SI\"}]}<\/script>\n<!-- \/ Yoast SEO plugin. -->","yoast_head_json":{"title":"Jo\u017ee Pu\u010dnik v zgodovinskem spominu in spominu sodobnikov - trgovina Iskreni","description":"Jo\u017ee Pu\u010dnik v zgodovinskem spominu in spominu sodobnikov je zbornik s simpozija o dr. Jo\u017eetu Pu\u010dniku, dr\u017eavniku s \u010dastnim mestom v slovenski zgodovini.","robots":{"index":"index","follow":"follow","max-snippet":"max-snippet:-1","max-image-preview":"max-image-preview:large","max-video-preview":"max-video-preview:-1"},"canonical":"https:\/\/www.iskreni.net\/trgovina\/product\/joze-pucnik-v-zgodovinskem-spominu-in-spominu-sodobnikov\/","og_locale":"sl_SI","og_type":"article","og_title":"Jo\u017ee Pu\u010dnik v zgodovinskem spominu in spominu sodobnikov","og_description":"Jo\u017ee Pu\u010dnik v zgodovinskem spominu in spominu sodobnikov je zbornik s simpozija o dr. Jo\u017eetu Pu\u010dniku, dr\u017eavniku s \u010dastnim mestom v slovenski zgodovini.","og_url":"https:\/\/www.iskreni.net\/trgovina\/product\/joze-pucnik-v-zgodovinskem-spominu-in-spominu-sodobnikov\/","og_site_name":"Zavod Iskreni","article_modified_time":"2023-10-19T12:38:06+00:00","og_image":[{"width":600,"height":600,"url":"https:\/\/www.iskreni.net\/trgovina\/wp-content\/uploads\/2023\/06\/Slike-za-v-spletno-trgovino-99.jpg","type":"image\/jpeg"}],"twitter_card":"summary_large_image","twitter_misc":{"Est. reading time":"2 minuti"},"schema":{"@context":"https:\/\/schema.org","@graph":[{"@type":"WebPage","@id":"https:\/\/www.iskreni.net\/trgovina\/product\/joze-pucnik-v-zgodovinskem-spominu-in-spominu-sodobnikov\/","url":"https:\/\/www.iskreni.net\/trgovina\/product\/joze-pucnik-v-zgodovinskem-spominu-in-spominu-sodobnikov\/","name":"Jo\u017ee Pu\u010dnik v zgodovinskem spominu in spominu sodobnikov - trgovina Iskreni","isPartOf":{"@id":"https:\/\/www.iskreni.net\/trgovina\/#website"},"primaryImageOfPage":{"@id":"https:\/\/www.iskreni.net\/trgovina\/product\/joze-pucnik-v-zgodovinskem-spominu-in-spominu-sodobnikov\/#primaryimage"},"image":{"@id":"https:\/\/www.iskreni.net\/trgovina\/product\/joze-pucnik-v-zgodovinskem-spominu-in-spominu-sodobnikov\/#primaryimage"},"thumbnailUrl":"https:\/\/www.iskreni.net\/trgovina\/wp-content\/uploads\/2023\/06\/Slike-za-v-spletno-trgovino-99.jpg","datePublished":"2023-06-26T12:12:34+00:00","dateModified":"2023-10-19T12:38:06+00:00","description":"Jo\u017ee Pu\u010dnik v zgodovinskem spominu in spominu sodobnikov je zbornik s simpozija o dr. Jo\u017eetu Pu\u010dniku, dr\u017eavniku s \u010dastnim mestom v slovenski zgodovini.","breadcrumb":{"@id":"https:\/\/www.iskreni.net\/trgovina\/product\/joze-pucnik-v-zgodovinskem-spominu-in-spominu-sodobnikov\/#breadcrumb"},"inLanguage":"sl-SI","potentialAction":[{"@type":"ReadAction","target":["https:\/\/www.iskreni.net\/trgovina\/product\/joze-pucnik-v-zgodovinskem-spominu-in-spominu-sodobnikov\/"]}]},{"@type":"ImageObject","inLanguage":"sl-SI","@id":"https:\/\/www.iskreni.net\/trgovina\/product\/joze-pucnik-v-zgodovinskem-spominu-in-spominu-sodobnikov\/#primaryimage","url":"https:\/\/www.iskreni.net\/trgovina\/wp-content\/uploads\/2023\/06\/Slike-za-v-spletno-trgovino-99.jpg","contentUrl":"https:\/\/www.iskreni.net\/trgovina\/wp-content\/uploads\/2023\/06\/Slike-za-v-spletno-trgovino-99.jpg","width":600,"height":600},{"@type":"BreadcrumbList","@id":"https:\/\/www.iskreni.net\/trgovina\/product\/joze-pucnik-v-zgodovinskem-spominu-in-spominu-sodobnikov\/#breadcrumb","itemListElement":[{"@type":"ListItem","position":1,"name":"Home","item":"https:\/\/www.iskreni.net\/trgovina\/"},{"@type":"ListItem","position":2,"name":"Trgovina","item":"https:\/\/www.iskreni.net\/trgovina\/trgovina\/"},{"@type":"ListItem","position":3,"name":"Jo\u017ee Pu\u010dnik v zgodovinskem spominu in spominu sodobnikov"}]},{"@type":"WebSite","@id":"https:\/\/www.iskreni.net\/trgovina\/#website","url":"https:\/\/www.iskreni.net\/trgovina\/","name":"Zavod Iskreni","description":"trgovina","potentialAction":[{"@type":"SearchAction","target":{"@type":"EntryPoint","urlTemplate":"https:\/\/www.iskreni.net\/trgovina\/?s={search_term_string}"},"query-input":{"@type":"PropertyValueSpecification","valueRequired":true,"valueName":"search_term_string"}}],"inLanguage":"sl-SI"}]}},"_links":{"self":[{"href":"https:\/\/www.iskreni.net\/trgovina\/wp-json\/wp\/v2\/product\/67659","targetHints":{"allow":["GET"]}}],"collection":[{"href":"https:\/\/www.iskreni.net\/trgovina\/wp-json\/wp\/v2\/product"}],"about":[{"href":"https:\/\/www.iskreni.net\/trgovina\/wp-json\/wp\/v2\/types\/product"}],"replies":[{"embeddable":true,"href":"https:\/\/www.iskreni.net\/trgovina\/wp-json\/wp\/v2\/comments?post=67659"}],"version-history":[{"count":4,"href":"https:\/\/www.iskreni.net\/trgovina\/wp-json\/wp\/v2\/product\/67659\/revisions"}],"predecessor-version":[{"id":70119,"href":"https:\/\/www.iskreni.net\/trgovina\/wp-json\/wp\/v2\/product\/67659\/revisions\/70119"}],"wp:featuredmedia":[{"embeddable":true,"href":"https:\/\/www.iskreni.net\/trgovina\/wp-json\/wp\/v2\/media\/67661"}],"wp:attachment":[{"href":"https:\/\/www.iskreni.net\/trgovina\/wp-json\/wp\/v2\/media?parent=67659"}],"wp:term":[{"taxonomy":"product_brand","embeddable":true,"href":"https:\/\/www.iskreni.net\/trgovina\/wp-json\/wp\/v2\/product_brand?post=67659"},{"taxonomy":"product_cat","embeddable":true,"href":"https:\/\/www.iskreni.net\/trgovina\/wp-json\/wp\/v2\/product_cat?post=67659"},{"taxonomy":"product_tag","embeddable":true,"href":"https:\/\/www.iskreni.net\/trgovina\/wp-json\/wp\/v2\/product_tag?post=67659"},{"taxonomy":"avtor","embeddable":true,"href":"https:\/\/www.iskreni.net\/trgovina\/wp-json\/wp\/v2\/avtor?post=67659"},{"taxonomy":"zalozba","embeddable":true,"href":"https:\/\/www.iskreni.net\/trgovina\/wp-json\/wp\/v2\/zalozba?post=67659"},{"taxonomy":"vezava","embeddable":true,"href":"https:\/\/www.iskreni.net\/trgovina\/wp-json\/wp\/v2\/vezava?post=67659"}],"curies":[{"name":"wp","href":"https:\/\/api.w.org\/{rel}","templated":true}]}}