{"id":67327,"date":"2023-06-21T15:05:34","date_gmt":"2023-06-21T13:05:34","guid":{"rendered":"https:\/\/www.iskreni.net\/trgovina\/?post_type=product&#038;p=67327"},"modified":"2024-01-12T12:10:55","modified_gmt":"2024-01-12T11:10:55","slug":"macek-ki-ga-je-bilo-vsega-strah","status":"publish","type":"product","link":"https:\/\/www.iskreni.net\/trgovina\/product\/macek-ki-ga-je-bilo-vsega-strah\/","title":{"rendered":"Ma\u010dek, ki ga je bilo vsega strah"},"content":{"rendered":"<h4>O knjigi Ma\u010dek, ki ga je bilo vsega strah:<\/h4>\n<p>Kaj je pogum? Ma\u010dek Sre\u010dko je zelo nesre\u010den. Za razliko od brata Karlija, ki si upa tvegati tiso\u010d dogodiv\u0161\u010din, se boji vsega.<\/p>\n<p>\u0160e sre\u010da, da mu sova Minerva pomaga pridobiti samozavest \u2013 kajti pravi pogum se ka\u017ee v premagovanju svojih strahov.<\/p>\n<p>In Sre\u010dko je tega povsem sposoben.<\/p>\n<p>Skozi zbirko priznanega francoskega pisatelja in filozofa nas vodi sova Minerva. Otroke vabi, naj razmi\u0161ljajo, zastavljajo vpra\u0161anja, preizku\u0161ajo in mislijo s svojo glavo.<\/p>\n<p>Sova je ptica, ki \u017ee od antike predstavlja filozofijo. Pri starih Grkih spremlja boginjo modrosti Ateno oziroma Minervo pri Rimljanih.<\/p>\n<p>Kako to, da se je ta simbol ohranil vse do dana\u0161njih dni? Govori nam o dvojem: premislek se\u017ee onkraj videza (pono\u010di videz izgine); premi\u0161ljevanje se za\u010dne, ko se dnevna dejanja kon\u010dajo.<\/p>\n<p>&nbsp;<\/p>\n<h4>Odlomek iz knjige:<\/h4>\n<p>\u00bbManjka mi poguma.\u00ab<\/p>\n<p>\u00bbKako to ve\u0161?\u00ab<\/p>\n<p>\u00bbVsega me je strah.\u00ab<\/p>\n<p>\u00bbNe bo dr\u017ealo. Strah je za pogum nujno potreben.\u00ab<\/p>\n<p>\u00bbKako?\u00ab<\/p>\n<p>\u00bbBrez strahu ni poguma. Najprej strah, potem pogum, ki nam pomaga premagati strah.\u00ab<\/p>\n<p>\u00bbSaj prav zato,\u00ab poto\u017ei Sre\u010dko, \u00bbnikoli ne premagam strahu, prav ni\u010d koraj\u017een nisem. Mi lahko pomaga\u0161?\u00ab<\/p>\n<p>\u00bbPomaga\u0161 si lahko samo sam, nih\u010de drug ti ne more. Samo ti pozna\u0161 re\u0161itev.\u00ab<\/p>\n<p>Po teh besedah sova raz\u0161iri krila in izgine v temi.<\/p>\n<p>\u00bbNobene koristi ni od te filozofske sove!\u00ab<\/p>\n<p>&nbsp;<\/p>\n<h4>O avtorju:<\/h4>\n<p>\u00c9ric-Emmanuel Schmitt se je rodil leta 1960 v Lyonu. Je eden najbolj branih in prevajanih sodobnih francoskih pisateljev. Njegova dela so prevedena v 45 jezikov, njegove drame pa uprizarjajo v kar 50 dr\u017eavah po svetu. Schmitt je doktoriral iz filozofije na pari\u0161ki Sorboni, po \u0161tudiju pa se je po kratkem obdobju pou\u010devanja posvetil predvsem pisanju. Od leta 2002 \u017eivi in dela v Bruslju.<\/p>\n","protected":false},"excerpt":{"rendered":"<p><strong>Ilustracije:<\/strong> Barbara Brun<br \/>\n<strong>Avtor prevoda:<\/strong> Jaroslav Skru\u0161ny<br \/>\n<strong>Leto izdaje:<\/strong> 2023<br \/>\n<strong>\u0160tevilo strani:<\/strong> 32<br \/>\n<strong>Mere:<\/strong> 195 x 260 mm<\/p>\n<h5><\/h5>\n","protected":false},"featured_media":67329,"comment_status":"open","ping_status":"closed","template":"","meta":[],"product_brand":[],"product_cat":[135],"product_tag":[2378],"avtor":[2379],"zalozba":[2311],"vezava":[2306],"class_list":{"0":"post-67327","1":"product","2":"type-product","3":"status-publish","4":"has-post-thumbnail","6":"product_cat-za-otroke","7":"product_tag-sovine-pripovedke","8":"avtor-eric-emmanuel-schmitt","9":"zalozba-druzina","10":"vezava-trda","12":"first","13":"instock","14":"taxable","15":"shipping-taxable","16":"purchasable","17":"product-type-simple"},"yoast_head":"<!-- This site is optimized with the Yoast SEO plugin v26.3 - https:\/\/yoast.com\/wordpress\/plugins\/seo\/ -->\n<title>Ma\u010dek, ki ga je bilo vsega strah - trgovina Iskreni<\/title>\n<meta name=\"description\" content=\"Ma\u010dek, ki ga je bilo vsega strah je knjiga iz zbirke Sovine pripovedke, v kateri modra Sova ma\u010dku Sre\u010dku pomaga najti pogum za premagovanje strahov.\" \/>\n<meta name=\"robots\" content=\"index, follow, max-snippet:-1, max-image-preview:large, max-video-preview:-1\" \/>\n<link rel=\"canonical\" href=\"https:\/\/www.iskreni.net\/trgovina\/product\/macek-ki-ga-je-bilo-vsega-strah\/\" \/>\n<meta property=\"og:locale\" content=\"sl_SI\" \/>\n<meta property=\"og:type\" content=\"article\" \/>\n<meta property=\"og:title\" content=\"Ma\u010dek, ki ga je bilo vsega strah\" \/>\n<meta property=\"og:description\" content=\"Ma\u010dek, ki ga je bilo vsega strah je knjiga iz zbirke Sovine pripovedke, v kateri modra Sova ma\u010dku Sre\u010dku pomaga najti pogum za premagovanje strahov.\" \/>\n<meta property=\"og:url\" content=\"https:\/\/www.iskreni.net\/trgovina\/product\/macek-ki-ga-je-bilo-vsega-strah\/\" \/>\n<meta property=\"og:site_name\" content=\"Zavod Iskreni\" \/>\n<meta property=\"article:modified_time\" content=\"2024-01-12T11:10:55+00:00\" \/>\n<meta property=\"og:image\" content=\"https:\/\/www.iskreni.net\/trgovina\/wp-content\/uploads\/2023\/06\/Slike-za-v-spletno-trgovino-97.jpg\" \/>\n\t<meta property=\"og:image:width\" content=\"600\" \/>\n\t<meta property=\"og:image:height\" content=\"600\" \/>\n\t<meta property=\"og:image:type\" content=\"image\/jpeg\" \/>\n<meta name=\"twitter:card\" content=\"summary_large_image\" \/>\n<meta name=\"twitter:label1\" content=\"Est. reading time\" \/>\n\t<meta name=\"twitter:data1\" content=\"2 minuti\" \/>\n<script type=\"application\/ld+json\" class=\"yoast-schema-graph\">{\"@context\":\"https:\/\/schema.org\",\"@graph\":[{\"@type\":\"WebPage\",\"@id\":\"https:\/\/www.iskreni.net\/trgovina\/product\/macek-ki-ga-je-bilo-vsega-strah\/\",\"url\":\"https:\/\/www.iskreni.net\/trgovina\/product\/macek-ki-ga-je-bilo-vsega-strah\/\",\"name\":\"Ma\u010dek, ki ga je bilo vsega strah - trgovina Iskreni\",\"isPartOf\":{\"@id\":\"https:\/\/www.iskreni.net\/trgovina\/#website\"},\"primaryImageOfPage\":{\"@id\":\"https:\/\/www.iskreni.net\/trgovina\/product\/macek-ki-ga-je-bilo-vsega-strah\/#primaryimage\"},\"image\":{\"@id\":\"https:\/\/www.iskreni.net\/trgovina\/product\/macek-ki-ga-je-bilo-vsega-strah\/#primaryimage\"},\"thumbnailUrl\":\"https:\/\/www.iskreni.net\/trgovina\/wp-content\/uploads\/2023\/06\/Slike-za-v-spletno-trgovino-97.jpg\",\"datePublished\":\"2023-06-21T13:05:34+00:00\",\"dateModified\":\"2024-01-12T11:10:55+00:00\",\"description\":\"Ma\u010dek, ki ga je bilo vsega strah je knjiga iz zbirke Sovine pripovedke, v kateri modra Sova ma\u010dku Sre\u010dku pomaga najti pogum za premagovanje strahov.\",\"breadcrumb\":{\"@id\":\"https:\/\/www.iskreni.net\/trgovina\/product\/macek-ki-ga-je-bilo-vsega-strah\/#breadcrumb\"},\"inLanguage\":\"sl-SI\",\"potentialAction\":[{\"@type\":\"ReadAction\",\"target\":[\"https:\/\/www.iskreni.net\/trgovina\/product\/macek-ki-ga-je-bilo-vsega-strah\/\"]}]},{\"@type\":\"ImageObject\",\"inLanguage\":\"sl-SI\",\"@id\":\"https:\/\/www.iskreni.net\/trgovina\/product\/macek-ki-ga-je-bilo-vsega-strah\/#primaryimage\",\"url\":\"https:\/\/www.iskreni.net\/trgovina\/wp-content\/uploads\/2023\/06\/Slike-za-v-spletno-trgovino-97.jpg\",\"contentUrl\":\"https:\/\/www.iskreni.net\/trgovina\/wp-content\/uploads\/2023\/06\/Slike-za-v-spletno-trgovino-97.jpg\",\"width\":600,\"height\":600},{\"@type\":\"BreadcrumbList\",\"@id\":\"https:\/\/www.iskreni.net\/trgovina\/product\/macek-ki-ga-je-bilo-vsega-strah\/#breadcrumb\",\"itemListElement\":[{\"@type\":\"ListItem\",\"position\":1,\"name\":\"Home\",\"item\":\"https:\/\/www.iskreni.net\/trgovina\/\"},{\"@type\":\"ListItem\",\"position\":2,\"name\":\"Trgovina\",\"item\":\"https:\/\/www.iskreni.net\/trgovina\/trgovina\/\"},{\"@type\":\"ListItem\",\"position\":3,\"name\":\"Ma\u010dek, ki ga je bilo vsega strah\"}]},{\"@type\":\"WebSite\",\"@id\":\"https:\/\/www.iskreni.net\/trgovina\/#website\",\"url\":\"https:\/\/www.iskreni.net\/trgovina\/\",\"name\":\"Zavod Iskreni\",\"description\":\"trgovina\",\"potentialAction\":[{\"@type\":\"SearchAction\",\"target\":{\"@type\":\"EntryPoint\",\"urlTemplate\":\"https:\/\/www.iskreni.net\/trgovina\/?s={search_term_string}\"},\"query-input\":{\"@type\":\"PropertyValueSpecification\",\"valueRequired\":true,\"valueName\":\"search_term_string\"}}],\"inLanguage\":\"sl-SI\"}]}<\/script>\n<!-- \/ Yoast SEO plugin. -->","yoast_head_json":{"title":"Ma\u010dek, ki ga je bilo vsega strah - trgovina Iskreni","description":"Ma\u010dek, ki ga je bilo vsega strah je knjiga iz zbirke Sovine pripovedke, v kateri modra Sova ma\u010dku Sre\u010dku pomaga najti pogum za premagovanje strahov.","robots":{"index":"index","follow":"follow","max-snippet":"max-snippet:-1","max-image-preview":"max-image-preview:large","max-video-preview":"max-video-preview:-1"},"canonical":"https:\/\/www.iskreni.net\/trgovina\/product\/macek-ki-ga-je-bilo-vsega-strah\/","og_locale":"sl_SI","og_type":"article","og_title":"Ma\u010dek, ki ga je bilo vsega strah","og_description":"Ma\u010dek, ki ga je bilo vsega strah je knjiga iz zbirke Sovine pripovedke, v kateri modra Sova ma\u010dku Sre\u010dku pomaga najti pogum za premagovanje strahov.","og_url":"https:\/\/www.iskreni.net\/trgovina\/product\/macek-ki-ga-je-bilo-vsega-strah\/","og_site_name":"Zavod Iskreni","article_modified_time":"2024-01-12T11:10:55+00:00","og_image":[{"width":600,"height":600,"url":"https:\/\/www.iskreni.net\/trgovina\/wp-content\/uploads\/2023\/06\/Slike-za-v-spletno-trgovino-97.jpg","type":"image\/jpeg"}],"twitter_card":"summary_large_image","twitter_misc":{"Est. reading time":"2 minuti"},"schema":{"@context":"https:\/\/schema.org","@graph":[{"@type":"WebPage","@id":"https:\/\/www.iskreni.net\/trgovina\/product\/macek-ki-ga-je-bilo-vsega-strah\/","url":"https:\/\/www.iskreni.net\/trgovina\/product\/macek-ki-ga-je-bilo-vsega-strah\/","name":"Ma\u010dek, ki ga je bilo vsega strah - trgovina Iskreni","isPartOf":{"@id":"https:\/\/www.iskreni.net\/trgovina\/#website"},"primaryImageOfPage":{"@id":"https:\/\/www.iskreni.net\/trgovina\/product\/macek-ki-ga-je-bilo-vsega-strah\/#primaryimage"},"image":{"@id":"https:\/\/www.iskreni.net\/trgovina\/product\/macek-ki-ga-je-bilo-vsega-strah\/#primaryimage"},"thumbnailUrl":"https:\/\/www.iskreni.net\/trgovina\/wp-content\/uploads\/2023\/06\/Slike-za-v-spletno-trgovino-97.jpg","datePublished":"2023-06-21T13:05:34+00:00","dateModified":"2024-01-12T11:10:55+00:00","description":"Ma\u010dek, ki ga je bilo vsega strah je knjiga iz zbirke Sovine pripovedke, v kateri modra Sova ma\u010dku Sre\u010dku pomaga najti pogum za premagovanje strahov.","breadcrumb":{"@id":"https:\/\/www.iskreni.net\/trgovina\/product\/macek-ki-ga-je-bilo-vsega-strah\/#breadcrumb"},"inLanguage":"sl-SI","potentialAction":[{"@type":"ReadAction","target":["https:\/\/www.iskreni.net\/trgovina\/product\/macek-ki-ga-je-bilo-vsega-strah\/"]}]},{"@type":"ImageObject","inLanguage":"sl-SI","@id":"https:\/\/www.iskreni.net\/trgovina\/product\/macek-ki-ga-je-bilo-vsega-strah\/#primaryimage","url":"https:\/\/www.iskreni.net\/trgovina\/wp-content\/uploads\/2023\/06\/Slike-za-v-spletno-trgovino-97.jpg","contentUrl":"https:\/\/www.iskreni.net\/trgovina\/wp-content\/uploads\/2023\/06\/Slike-za-v-spletno-trgovino-97.jpg","width":600,"height":600},{"@type":"BreadcrumbList","@id":"https:\/\/www.iskreni.net\/trgovina\/product\/macek-ki-ga-je-bilo-vsega-strah\/#breadcrumb","itemListElement":[{"@type":"ListItem","position":1,"name":"Home","item":"https:\/\/www.iskreni.net\/trgovina\/"},{"@type":"ListItem","position":2,"name":"Trgovina","item":"https:\/\/www.iskreni.net\/trgovina\/trgovina\/"},{"@type":"ListItem","position":3,"name":"Ma\u010dek, ki ga je bilo vsega strah"}]},{"@type":"WebSite","@id":"https:\/\/www.iskreni.net\/trgovina\/#website","url":"https:\/\/www.iskreni.net\/trgovina\/","name":"Zavod Iskreni","description":"trgovina","potentialAction":[{"@type":"SearchAction","target":{"@type":"EntryPoint","urlTemplate":"https:\/\/www.iskreni.net\/trgovina\/?s={search_term_string}"},"query-input":{"@type":"PropertyValueSpecification","valueRequired":true,"valueName":"search_term_string"}}],"inLanguage":"sl-SI"}]}},"_links":{"self":[{"href":"https:\/\/www.iskreni.net\/trgovina\/wp-json\/wp\/v2\/product\/67327","targetHints":{"allow":["GET"]}}],"collection":[{"href":"https:\/\/www.iskreni.net\/trgovina\/wp-json\/wp\/v2\/product"}],"about":[{"href":"https:\/\/www.iskreni.net\/trgovina\/wp-json\/wp\/v2\/types\/product"}],"replies":[{"embeddable":true,"href":"https:\/\/www.iskreni.net\/trgovina\/wp-json\/wp\/v2\/comments?post=67327"}],"version-history":[{"count":3,"href":"https:\/\/www.iskreni.net\/trgovina\/wp-json\/wp\/v2\/product\/67327\/revisions"}],"predecessor-version":[{"id":72408,"href":"https:\/\/www.iskreni.net\/trgovina\/wp-json\/wp\/v2\/product\/67327\/revisions\/72408"}],"wp:featuredmedia":[{"embeddable":true,"href":"https:\/\/www.iskreni.net\/trgovina\/wp-json\/wp\/v2\/media\/67329"}],"wp:attachment":[{"href":"https:\/\/www.iskreni.net\/trgovina\/wp-json\/wp\/v2\/media?parent=67327"}],"wp:term":[{"taxonomy":"product_brand","embeddable":true,"href":"https:\/\/www.iskreni.net\/trgovina\/wp-json\/wp\/v2\/product_brand?post=67327"},{"taxonomy":"product_cat","embeddable":true,"href":"https:\/\/www.iskreni.net\/trgovina\/wp-json\/wp\/v2\/product_cat?post=67327"},{"taxonomy":"product_tag","embeddable":true,"href":"https:\/\/www.iskreni.net\/trgovina\/wp-json\/wp\/v2\/product_tag?post=67327"},{"taxonomy":"avtor","embeddable":true,"href":"https:\/\/www.iskreni.net\/trgovina\/wp-json\/wp\/v2\/avtor?post=67327"},{"taxonomy":"zalozba","embeddable":true,"href":"https:\/\/www.iskreni.net\/trgovina\/wp-json\/wp\/v2\/zalozba?post=67327"},{"taxonomy":"vezava","embeddable":true,"href":"https:\/\/www.iskreni.net\/trgovina\/wp-json\/wp\/v2\/vezava?post=67327"}],"curies":[{"name":"wp","href":"https:\/\/api.w.org\/{rel}","templated":true}]}}