{"id":67050,"date":"2023-06-07T12:04:45","date_gmt":"2023-06-07T10:04:45","guid":{"rendered":"https:\/\/www.iskreni.net\/trgovina\/?post_type=product&#038;p=67050"},"modified":"2023-10-19T14:37:21","modified_gmt":"2023-10-19T12:37:21","slug":"medvedka-s-knjigo","status":"publish","type":"product","link":"https:\/\/www.iskreni.net\/trgovina\/product\/medvedka-s-knjigo\/","title":{"rendered":"Medvedka s knjigo"},"content":{"rendered":"<h3 id=\"anchor-o-izdelku\" class=\"title\">O knjigi Medvedka s knjigo:<\/h3>\n<p>Med platnicami knjige lahko potujemo kamor koli<\/p>\n<p>Medvedka, velika ljubiteljica knjig, se odpravi raziskovat svet. S seboj vzame prav posebno knjigo Za bistre medvede, ki ji na poti pride \u0161e kako prav. V njej se namre\u010d skrivajo modrosti, s katerimi medvedka pomaga re\u0161evati te\u017eave prijateljem, ki jih spozna na poti. Knjiga se tako izka\u017ee tudi kot klju\u010d do novih prijateljstev.<\/p>\n<p>Neke no\u010di medvedka postane nemirna in za\u010duti \u017eeljo po odkrivanju novih krajev. Na pot po svetu se odpravi s knjigo Za bistre medvede. Na vznemirljivi poti naleti na po\u0161kodovanega raka, prehlajenega krokodila in ku\u0161\u010darja z vnetimi o\u010dmi. Za vsakega se v njeni knjigi najde dober nasvet, ki bolehnim \u017eivalim pomaga iz zagate. Medvedka se na poti okoli sveta po\u010duti izpolnjeno in u\u017eiva v dru\u017ebi novih prijateljev, a \u0161ele na koncu spozna, kje je zares doma \u2026<br \/>\nPrikupna slikanica na zabaven na\u010din vabi otroka k raziskovanju sveta in \u017eivali, obenem pa mu predstavi \u010darobne mo\u010di branja: knjiga je neprecenljiv vir znanja in povezuje ljudi. Mali bralec spozna, da je tudi knjiga lahko prijateljica in da z njo pod roko nisi nikoli zares sam.<\/p>\n<div id=\"tab-opis_tab\" class=\"tab-pane active\">\n<p><a href=\"https:\/\/www.iskreni.net\/trgovina\/wp-content\/uploads\/2023\/06\/Tosdevin-Frances-2023-Medvedka-s-knjigo-prelistaj-knjigo.pdf\">Prelistaj<\/a><\/p>\n<\/div>\n<h4><\/h4>\n<p>&nbsp;<\/p>\n<p>&nbsp;<\/p>\n","protected":false},"excerpt":{"rendered":"<div id=\"tab-opis_tab\" class=\"tab-pane active\">\n<p><strong>Ilustracije: <\/strong>Sophia O&#8217;Connor<br \/>\n<strong>Avtor prevoda: <\/strong>Milan Dekleva<strong><br \/>\n<\/strong><strong>Leto izdaje:<\/strong> 2023<br \/>\n<strong>\u0160tevilo strani:<\/strong> 32<br \/>\n<strong>Format:<\/strong> 280 x 240 mm<\/p>\n<\/div>\n<h4><a href=\"https:\/\/www.iskreni.net\/trgovina\/wp-content\/uploads\/2023\/06\/Tosdevin-Frances-2023-Medvedka-s-knjigo-prelistaj-knjigo.pdf\">Prelistaj<\/a><\/h4>\n","protected":false},"featured_media":67055,"comment_status":"open","ping_status":"closed","template":"","meta":[],"product_brand":[],"product_cat":[63,135],"product_tag":[],"avtor":[2502],"zalozba":[2337],"vezava":[2306],"class_list":{"0":"post-67050","1":"product","2":"type-product","3":"status-publish","4":"has-post-thumbnail","6":"product_cat-knjige","7":"product_cat-za-otroke","8":"avtor-frances-tosdevin","9":"zalozba-celjska-mohorjeva-druzba","10":"vezava-trda","12":"first","13":"instock","14":"taxable","15":"shipping-taxable","16":"purchasable","17":"product-type-simple"},"yoast_head":"<!-- This site is optimized with the Yoast SEO plugin v26.3 - https:\/\/yoast.com\/wordpress\/plugins\/seo\/ -->\n<title>Medvedka s knjigo - trgovina Iskreni<\/title>\n<meta name=\"description\" content=\"Medvedka s knjigo se odpravi raziskovat svet in s seboj vzame knjigo Za bistre medvede, v kateri se skrivajo modrosti in klju\u010d do novih prijateljstev.\" \/>\n<meta name=\"robots\" content=\"index, follow, max-snippet:-1, max-image-preview:large, max-video-preview:-1\" \/>\n<link rel=\"canonical\" href=\"https:\/\/www.iskreni.net\/trgovina\/product\/medvedka-s-knjigo\/\" \/>\n<meta property=\"og:locale\" content=\"sl_SI\" \/>\n<meta property=\"og:type\" content=\"article\" \/>\n<meta property=\"og:title\" content=\"Medvedka s knjigo\" \/>\n<meta property=\"og:description\" content=\"Medvedka s knjigo se odpravi raziskovat svet in s seboj vzame knjigo Za bistre medvede, v kateri se skrivajo modrosti in klju\u010d do novih prijateljstev.\" \/>\n<meta property=\"og:url\" content=\"https:\/\/www.iskreni.net\/trgovina\/product\/medvedka-s-knjigo\/\" \/>\n<meta property=\"og:site_name\" content=\"Zavod Iskreni\" \/>\n<meta property=\"article:modified_time\" content=\"2023-10-19T12:37:21+00:00\" \/>\n<meta property=\"og:image\" content=\"https:\/\/www.iskreni.net\/trgovina\/wp-content\/uploads\/2023\/06\/Slike-za-v-spletno-trgovino-94.jpg\" \/>\n\t<meta property=\"og:image:width\" content=\"600\" \/>\n\t<meta property=\"og:image:height\" content=\"600\" \/>\n\t<meta property=\"og:image:type\" content=\"image\/jpeg\" \/>\n<meta name=\"twitter:card\" content=\"summary_large_image\" \/>\n<meta name=\"twitter:label1\" content=\"Est. reading time\" \/>\n\t<meta name=\"twitter:data1\" content=\"2 minuti\" \/>\n<script type=\"application\/ld+json\" class=\"yoast-schema-graph\">{\"@context\":\"https:\/\/schema.org\",\"@graph\":[{\"@type\":\"WebPage\",\"@id\":\"https:\/\/www.iskreni.net\/trgovina\/product\/medvedka-s-knjigo\/\",\"url\":\"https:\/\/www.iskreni.net\/trgovina\/product\/medvedka-s-knjigo\/\",\"name\":\"Medvedka s knjigo - trgovina Iskreni\",\"isPartOf\":{\"@id\":\"https:\/\/www.iskreni.net\/trgovina\/#website\"},\"primaryImageOfPage\":{\"@id\":\"https:\/\/www.iskreni.net\/trgovina\/product\/medvedka-s-knjigo\/#primaryimage\"},\"image\":{\"@id\":\"https:\/\/www.iskreni.net\/trgovina\/product\/medvedka-s-knjigo\/#primaryimage\"},\"thumbnailUrl\":\"https:\/\/www.iskreni.net\/trgovina\/wp-content\/uploads\/2023\/06\/Slike-za-v-spletno-trgovino-94.jpg\",\"datePublished\":\"2023-06-07T10:04:45+00:00\",\"dateModified\":\"2023-10-19T12:37:21+00:00\",\"description\":\"Medvedka s knjigo se odpravi raziskovat svet in s seboj vzame knjigo Za bistre medvede, v kateri se skrivajo modrosti in klju\u010d do novih prijateljstev.\",\"breadcrumb\":{\"@id\":\"https:\/\/www.iskreni.net\/trgovina\/product\/medvedka-s-knjigo\/#breadcrumb\"},\"inLanguage\":\"sl-SI\",\"potentialAction\":[{\"@type\":\"ReadAction\",\"target\":[\"https:\/\/www.iskreni.net\/trgovina\/product\/medvedka-s-knjigo\/\"]}]},{\"@type\":\"ImageObject\",\"inLanguage\":\"sl-SI\",\"@id\":\"https:\/\/www.iskreni.net\/trgovina\/product\/medvedka-s-knjigo\/#primaryimage\",\"url\":\"https:\/\/www.iskreni.net\/trgovina\/wp-content\/uploads\/2023\/06\/Slike-za-v-spletno-trgovino-94.jpg\",\"contentUrl\":\"https:\/\/www.iskreni.net\/trgovina\/wp-content\/uploads\/2023\/06\/Slike-za-v-spletno-trgovino-94.jpg\",\"width\":600,\"height\":600},{\"@type\":\"BreadcrumbList\",\"@id\":\"https:\/\/www.iskreni.net\/trgovina\/product\/medvedka-s-knjigo\/#breadcrumb\",\"itemListElement\":[{\"@type\":\"ListItem\",\"position\":1,\"name\":\"Home\",\"item\":\"https:\/\/www.iskreni.net\/trgovina\/\"},{\"@type\":\"ListItem\",\"position\":2,\"name\":\"Trgovina\",\"item\":\"https:\/\/www.iskreni.net\/trgovina\/trgovina\/\"},{\"@type\":\"ListItem\",\"position\":3,\"name\":\"Medvedka s knjigo\"}]},{\"@type\":\"WebSite\",\"@id\":\"https:\/\/www.iskreni.net\/trgovina\/#website\",\"url\":\"https:\/\/www.iskreni.net\/trgovina\/\",\"name\":\"Zavod Iskreni\",\"description\":\"trgovina\",\"potentialAction\":[{\"@type\":\"SearchAction\",\"target\":{\"@type\":\"EntryPoint\",\"urlTemplate\":\"https:\/\/www.iskreni.net\/trgovina\/?s={search_term_string}\"},\"query-input\":{\"@type\":\"PropertyValueSpecification\",\"valueRequired\":true,\"valueName\":\"search_term_string\"}}],\"inLanguage\":\"sl-SI\"}]}<\/script>\n<!-- \/ Yoast SEO plugin. -->","yoast_head_json":{"title":"Medvedka s knjigo - trgovina Iskreni","description":"Medvedka s knjigo se odpravi raziskovat svet in s seboj vzame knjigo Za bistre medvede, v kateri se skrivajo modrosti in klju\u010d do novih prijateljstev.","robots":{"index":"index","follow":"follow","max-snippet":"max-snippet:-1","max-image-preview":"max-image-preview:large","max-video-preview":"max-video-preview:-1"},"canonical":"https:\/\/www.iskreni.net\/trgovina\/product\/medvedka-s-knjigo\/","og_locale":"sl_SI","og_type":"article","og_title":"Medvedka s knjigo","og_description":"Medvedka s knjigo se odpravi raziskovat svet in s seboj vzame knjigo Za bistre medvede, v kateri se skrivajo modrosti in klju\u010d do novih prijateljstev.","og_url":"https:\/\/www.iskreni.net\/trgovina\/product\/medvedka-s-knjigo\/","og_site_name":"Zavod Iskreni","article_modified_time":"2023-10-19T12:37:21+00:00","og_image":[{"width":600,"height":600,"url":"https:\/\/www.iskreni.net\/trgovina\/wp-content\/uploads\/2023\/06\/Slike-za-v-spletno-trgovino-94.jpg","type":"image\/jpeg"}],"twitter_card":"summary_large_image","twitter_misc":{"Est. reading time":"2 minuti"},"schema":{"@context":"https:\/\/schema.org","@graph":[{"@type":"WebPage","@id":"https:\/\/www.iskreni.net\/trgovina\/product\/medvedka-s-knjigo\/","url":"https:\/\/www.iskreni.net\/trgovina\/product\/medvedka-s-knjigo\/","name":"Medvedka s knjigo - trgovina Iskreni","isPartOf":{"@id":"https:\/\/www.iskreni.net\/trgovina\/#website"},"primaryImageOfPage":{"@id":"https:\/\/www.iskreni.net\/trgovina\/product\/medvedka-s-knjigo\/#primaryimage"},"image":{"@id":"https:\/\/www.iskreni.net\/trgovina\/product\/medvedka-s-knjigo\/#primaryimage"},"thumbnailUrl":"https:\/\/www.iskreni.net\/trgovina\/wp-content\/uploads\/2023\/06\/Slike-za-v-spletno-trgovino-94.jpg","datePublished":"2023-06-07T10:04:45+00:00","dateModified":"2023-10-19T12:37:21+00:00","description":"Medvedka s knjigo se odpravi raziskovat svet in s seboj vzame knjigo Za bistre medvede, v kateri se skrivajo modrosti in klju\u010d do novih prijateljstev.","breadcrumb":{"@id":"https:\/\/www.iskreni.net\/trgovina\/product\/medvedka-s-knjigo\/#breadcrumb"},"inLanguage":"sl-SI","potentialAction":[{"@type":"ReadAction","target":["https:\/\/www.iskreni.net\/trgovina\/product\/medvedka-s-knjigo\/"]}]},{"@type":"ImageObject","inLanguage":"sl-SI","@id":"https:\/\/www.iskreni.net\/trgovina\/product\/medvedka-s-knjigo\/#primaryimage","url":"https:\/\/www.iskreni.net\/trgovina\/wp-content\/uploads\/2023\/06\/Slike-za-v-spletno-trgovino-94.jpg","contentUrl":"https:\/\/www.iskreni.net\/trgovina\/wp-content\/uploads\/2023\/06\/Slike-za-v-spletno-trgovino-94.jpg","width":600,"height":600},{"@type":"BreadcrumbList","@id":"https:\/\/www.iskreni.net\/trgovina\/product\/medvedka-s-knjigo\/#breadcrumb","itemListElement":[{"@type":"ListItem","position":1,"name":"Home","item":"https:\/\/www.iskreni.net\/trgovina\/"},{"@type":"ListItem","position":2,"name":"Trgovina","item":"https:\/\/www.iskreni.net\/trgovina\/trgovina\/"},{"@type":"ListItem","position":3,"name":"Medvedka s knjigo"}]},{"@type":"WebSite","@id":"https:\/\/www.iskreni.net\/trgovina\/#website","url":"https:\/\/www.iskreni.net\/trgovina\/","name":"Zavod Iskreni","description":"trgovina","potentialAction":[{"@type":"SearchAction","target":{"@type":"EntryPoint","urlTemplate":"https:\/\/www.iskreni.net\/trgovina\/?s={search_term_string}"},"query-input":{"@type":"PropertyValueSpecification","valueRequired":true,"valueName":"search_term_string"}}],"inLanguage":"sl-SI"}]}},"_links":{"self":[{"href":"https:\/\/www.iskreni.net\/trgovina\/wp-json\/wp\/v2\/product\/67050","targetHints":{"allow":["GET"]}}],"collection":[{"href":"https:\/\/www.iskreni.net\/trgovina\/wp-json\/wp\/v2\/product"}],"about":[{"href":"https:\/\/www.iskreni.net\/trgovina\/wp-json\/wp\/v2\/types\/product"}],"replies":[{"embeddable":true,"href":"https:\/\/www.iskreni.net\/trgovina\/wp-json\/wp\/v2\/comments?post=67050"}],"version-history":[{"count":3,"href":"https:\/\/www.iskreni.net\/trgovina\/wp-json\/wp\/v2\/product\/67050\/revisions"}],"predecessor-version":[{"id":70117,"href":"https:\/\/www.iskreni.net\/trgovina\/wp-json\/wp\/v2\/product\/67050\/revisions\/70117"}],"wp:featuredmedia":[{"embeddable":true,"href":"https:\/\/www.iskreni.net\/trgovina\/wp-json\/wp\/v2\/media\/67055"}],"wp:attachment":[{"href":"https:\/\/www.iskreni.net\/trgovina\/wp-json\/wp\/v2\/media?parent=67050"}],"wp:term":[{"taxonomy":"product_brand","embeddable":true,"href":"https:\/\/www.iskreni.net\/trgovina\/wp-json\/wp\/v2\/product_brand?post=67050"},{"taxonomy":"product_cat","embeddable":true,"href":"https:\/\/www.iskreni.net\/trgovina\/wp-json\/wp\/v2\/product_cat?post=67050"},{"taxonomy":"product_tag","embeddable":true,"href":"https:\/\/www.iskreni.net\/trgovina\/wp-json\/wp\/v2\/product_tag?post=67050"},{"taxonomy":"avtor","embeddable":true,"href":"https:\/\/www.iskreni.net\/trgovina\/wp-json\/wp\/v2\/avtor?post=67050"},{"taxonomy":"zalozba","embeddable":true,"href":"https:\/\/www.iskreni.net\/trgovina\/wp-json\/wp\/v2\/zalozba?post=67050"},{"taxonomy":"vezava","embeddable":true,"href":"https:\/\/www.iskreni.net\/trgovina\/wp-json\/wp\/v2\/vezava?post=67050"}],"curies":[{"name":"wp","href":"https:\/\/api.w.org\/{rel}","templated":true}]}}