{"id":67022,"date":"2023-06-06T14:46:54","date_gmt":"2023-06-06T12:46:54","guid":{"rendered":"https:\/\/www.iskreni.net\/trgovina\/?post_type=product&#038;p=67022"},"modified":"2024-01-12T12:07:29","modified_gmt":"2024-01-12T11:07:29","slug":"veselite-se-v-gospodu","status":"publish","type":"product","link":"https:\/\/www.iskreni.net\/trgovina\/product\/veselite-se-v-gospodu\/","title":{"rendered":"Veselite se v Gospodu"},"content":{"rendered":"<h4>O knjigi Veselite se v Gospodu<\/h4>\n<p>Pismo Filipljanom apostola Pavla slovi kot eno njegovih najlep\u0161ih pisem, namenjeno kr\u0161\u010danski skupnosti v gr\u0161kem mestu Filipi, ki je stalo na severu Gr\u010dije, blizu dana\u0161nje meje z Bolgarijo in Tur\u010dijo.<\/p>\n<p>Tam je Pavel na svojem drugem misijonskem potovanju nekje med letoma 50 in 51 ustanovil prvo kr\u0161\u010dansko skupnost v Evropi.<\/p>\n<p>Pismo je Pavel napisal v svojem ujetni\u0161tvu in ga od tam poslal v Filipe. Celotno pismo nepri\u010dakovano mo\u010dno preveva predvsem sporo\u010dilo o veselju, tako neobi\u010dajno glede na to, da gre za zapise iz zapora. Zato je to predvsem pismo, ki poka\u017ee, na \u010dem temelji kr\u0161\u010dansko veselje, ki je tako pomembna poteza vsakega Jezusovega u\u010denca.<\/p>\n<p><em>(Iz predgovora)<\/em><\/p>\n<h4>Odlomek iz knjige:<\/h4>\n<p>Pisem apostola Pavla se, \u017eal, \u0161e vedno dr\u017ei etiketa, ki jo je na njih prilepil prvak med apostoli, Peter, da je namre\u010d \u00bbv njih tudi kaj te\u017eko umljivega, kar nepou\u010deni in neutrjeni sprevra\u010dajo\u00ab (2 Pt 3,16). Zato \u0161e s toliko ve\u010djim veseljem in hvale\u017enostjo pozdravljamo kratek, a temeljit komentar Pisma Filipljanom, ki bo pomembno obogatil knji\u017enico slovenske svetopisemske literature in dal novega ognja bralcem, molivcem in oznanjevalcem Bo\u017eje besede.<\/p>\n<p>Avtor komentarja je duhovnik, bibli\u010dni teolog ter \u017ee uveljavljeni literat in pesnik Marko Rijavec. Prav slednje se v komentarju odra\u017ea v lepi in jasni stav\u010dni konstrukciji, v izbranih besedah in spo\u0161tljivem odnosu do njih, saj jih nikoli ne uporablja zgolj za ma\u0161ilo, ampak si vsaka zaslu\u017ei postanek in premislek.<\/p>\n<p><em>Iz spremne besede Maksimilijana Matja\u017ea<\/em><\/p>\n<h4>Milost vam in mir<\/h4>\n<p>(Flp 1,1-11)<\/p>\n<p>Prvi, uvodni del pisma ima po navadi nalogo, da vzpostavi odnos med po\u0161iljateljem in naslovljencem, in sicer tako, da upo\u0161teva namen pisca in stanje naslovnika, saj se da sporo\u010dilo prenesti na primeren na\u010din le tako, da zapisano upo\u0161teva eno in drugo.<\/p>\n<p>Uvod (Flp 1,1-2)<\/p>\n<p>Pavel in Timotej, slu\u017eabnika Kristusa Jezusa,<\/p>\n<p>vsem svetim v Kristusu Jezusu,<\/p>\n<p>ki so v Fil\u00edpih, skupaj s \u0161kofi in diakoni:<\/p>\n<p>milost vam in mir od Boga, na\u0161ega O\u010deta,<\/p>\n<p>in od Gospoda Jezusa Kristusa.<\/p>\n<p>Zelo uraden uvod nam kot po\u0161iljatelja najprej predstavi Pavla, ki se v pismih nikoli ne poimenuje s svojim hebrejskim imenom Savel, kar je zelo verjetno odlo\u010ditev, ki jo je sprejel, ko se je podal med pogane. Torej je hotel med njimi veljati kot nekdo njim podoben, nekdo z gr\u0161ko-rimskim imenom. Zanimivo je, da je kot po\u0161iljatelj naveden tudi Timotej, njegov u\u010denec, do katerega je Pavel gojil posebno naklonjenost. Lahko ga razumemo kot njegovega sodelavca pri misijonu v Filipih, saj je bil nenazadnje tudi prisoten, ko se je tamkaj\u0161nja skupnost ustanovila.<\/p>\n<p>Pavel in Timotej se poimenujeta za \u00bbslu\u017eabnika\u00ab (gr. doulos), kar bi lahko prevedli tudi kot \u00bbsu\u017enja\u00ab. V gr\u0161kem svetu ta beseda ni imela nobenega pozitivnega prizvoka. Kdor je bil su\u017eenj, je bil brez vrednosti in v popolni oblasti svojega gospodarja. Medtem ko je ta izraz v Stari zavezi precej spo\u0161tovan (Mojzes, Jozue in David so bili imenovani Gospodovi slu\u017eabniki, kot od njega izbrani, gl. 5 Mz 34,5; 1 Kr 11,36), je bil v \u010dasu Nove zaveze slu\u017eabnik nekdo na socialnem dnu. Glede na Pavlov hebrejski izvor lahko to, da se ima za slu\u017eabnika, razumemo najprej tako, da se \u010duti kot od Boga poklican k Filipljanom, \u0161e bolj pa s tem izra\u017ea svojo popolno podrejenost in odvisnost od Kristusa ter najve\u010djo mo\u017eno razpolo\u017eljivost.<\/p>\n<p>Pismo je namenjeno vsem svetim v Kristusu Jezusu, pri \u010demer izraz \u00bbsveti\u00ab (gr. hag\u00edois) ne \u017eeli ocenjevati njihove eti\u010dne kakovosti, ampak bolj njihovo izbranost s strani Jezusa. Biti svet tako pomeni pripadati ljudstvu, ki je sklenilo zavezo z Bogom po Jezusovi krvi \u2013 in je ravno zaradi nje posve\u010deno. Verniki so sveti, ker pripadajo Kristusu, ker so \u00bbv\u00ab Jezusu, ne pa zaradi kak\u0161nih posebnih dejanj.<\/p>\n<p><a href=\"https:\/\/www.iskreni.net\/trgovina\/wp-content\/uploads\/2024\/01\/Veselite-se-v-Gospodu_internet.pdf\" target=\"_blank\" rel=\"noopener\">Prelistajte knjigo<\/a><\/p>\n","protected":false},"excerpt":{"rendered":"<p><strong>Leto izdaje:<\/strong> 2023<br \/>\n<strong>\u0160tevilo strani:<\/strong> 108<br \/>\n<strong>Mere: <\/strong>120 x 170 mm<\/p>\n<p><strong>Razlaga pisma Filipljanom<\/strong><\/p>\n<p><a href=\"https:\/\/www.iskreni.net\/trgovina\/wp-content\/uploads\/2024\/01\/Veselite-se-v-Gospodu_internet.pdf\" target=\"_blank\" rel=\"noopener\">Prelistajte knjigo<\/a><\/p>\n<p>&nbsp;<\/p>\n","protected":false},"featured_media":67035,"comment_status":"open","ping_status":"closed","template":"","meta":[],"product_brand":[],"product_cat":[2324,63],"product_tag":[1061],"avtor":[2660],"zalozba":[2311],"vezava":[2307],"class_list":{"0":"post-67022","1":"product","2":"type-product","3":"status-publish","4":"has-post-thumbnail","6":"product_cat-duhovnost-in-osebna-rast","7":"product_cat-knjige","8":"product_tag-duhovna-rast","9":"avtor-marko-rijavec","10":"zalozba-druzina","11":"vezava-mehka","13":"first","14":"instock","15":"taxable","16":"shipping-taxable","17":"purchasable","18":"product-type-simple"},"yoast_head":"<!-- This site is optimized with the Yoast SEO plugin v26.3 - https:\/\/yoast.com\/wordpress\/plugins\/seo\/ -->\n<title>Veselite se v Gospodu - trgovina Iskreni<\/title>\n<meta name=\"description\" content=\"Veselite se v Gospodu je razlaga pisma apostola Pavla Filipljanom, ki slovi kot eno njegovih najlep\u0161ih pisem prvi kr\u0161\u010danski skupnosti v Evropi.\" \/>\n<meta name=\"robots\" content=\"index, follow, max-snippet:-1, max-image-preview:large, max-video-preview:-1\" \/>\n<link rel=\"canonical\" href=\"https:\/\/www.iskreni.net\/trgovina\/product\/veselite-se-v-gospodu\/\" \/>\n<meta property=\"og:locale\" content=\"sl_SI\" \/>\n<meta property=\"og:type\" content=\"article\" \/>\n<meta property=\"og:title\" content=\"Veselite se v Gospodu - trgovina Iskreni\" \/>\n<meta property=\"og:description\" content=\"Veselite se v Gospodu je razlaga pisma apostola Pavla Filipljanom, ki slovi kot eno njegovih najlep\u0161ih pisem prvi kr\u0161\u010danski skupnosti v Evropi.\" \/>\n<meta property=\"og:url\" content=\"https:\/\/www.iskreni.net\/trgovina\/product\/veselite-se-v-gospodu\/\" \/>\n<meta property=\"og:site_name\" content=\"Zavod Iskreni\" \/>\n<meta property=\"article:modified_time\" content=\"2024-01-12T11:07:29+00:00\" \/>\n<meta property=\"og:image\" content=\"https:\/\/www.iskreni.net\/trgovina\/wp-content\/uploads\/2023\/06\/Slike-za-v-spletno-trgovino-90-1.jpg\" \/>\n\t<meta property=\"og:image:width\" content=\"600\" \/>\n\t<meta property=\"og:image:height\" content=\"600\" \/>\n\t<meta property=\"og:image:type\" content=\"image\/jpeg\" \/>\n<meta name=\"twitter:card\" content=\"summary_large_image\" \/>\n<meta name=\"twitter:label1\" content=\"Est. reading time\" \/>\n\t<meta name=\"twitter:data1\" content=\"4 minute\" \/>\n<script type=\"application\/ld+json\" class=\"yoast-schema-graph\">{\"@context\":\"https:\/\/schema.org\",\"@graph\":[{\"@type\":\"WebPage\",\"@id\":\"https:\/\/www.iskreni.net\/trgovina\/product\/veselite-se-v-gospodu\/\",\"url\":\"https:\/\/www.iskreni.net\/trgovina\/product\/veselite-se-v-gospodu\/\",\"name\":\"Veselite se v Gospodu - trgovina Iskreni\",\"isPartOf\":{\"@id\":\"https:\/\/www.iskreni.net\/trgovina\/#website\"},\"primaryImageOfPage\":{\"@id\":\"https:\/\/www.iskreni.net\/trgovina\/product\/veselite-se-v-gospodu\/#primaryimage\"},\"image\":{\"@id\":\"https:\/\/www.iskreni.net\/trgovina\/product\/veselite-se-v-gospodu\/#primaryimage\"},\"thumbnailUrl\":\"https:\/\/www.iskreni.net\/trgovina\/wp-content\/uploads\/2023\/06\/Slike-za-v-spletno-trgovino-90-1.jpg\",\"datePublished\":\"2023-06-06T12:46:54+00:00\",\"dateModified\":\"2024-01-12T11:07:29+00:00\",\"description\":\"Veselite se v Gospodu je razlaga pisma apostola Pavla Filipljanom, ki slovi kot eno njegovih najlep\u0161ih pisem prvi kr\u0161\u010danski skupnosti v Evropi.\",\"breadcrumb\":{\"@id\":\"https:\/\/www.iskreni.net\/trgovina\/product\/veselite-se-v-gospodu\/#breadcrumb\"},\"inLanguage\":\"sl-SI\",\"potentialAction\":[{\"@type\":\"ReadAction\",\"target\":[\"https:\/\/www.iskreni.net\/trgovina\/product\/veselite-se-v-gospodu\/\"]}]},{\"@type\":\"ImageObject\",\"inLanguage\":\"sl-SI\",\"@id\":\"https:\/\/www.iskreni.net\/trgovina\/product\/veselite-se-v-gospodu\/#primaryimage\",\"url\":\"https:\/\/www.iskreni.net\/trgovina\/wp-content\/uploads\/2023\/06\/Slike-za-v-spletno-trgovino-90-1.jpg\",\"contentUrl\":\"https:\/\/www.iskreni.net\/trgovina\/wp-content\/uploads\/2023\/06\/Slike-za-v-spletno-trgovino-90-1.jpg\",\"width\":600,\"height\":600},{\"@type\":\"BreadcrumbList\",\"@id\":\"https:\/\/www.iskreni.net\/trgovina\/product\/veselite-se-v-gospodu\/#breadcrumb\",\"itemListElement\":[{\"@type\":\"ListItem\",\"position\":1,\"name\":\"Home\",\"item\":\"https:\/\/www.iskreni.net\/trgovina\/\"},{\"@type\":\"ListItem\",\"position\":2,\"name\":\"Trgovina\",\"item\":\"https:\/\/www.iskreni.net\/trgovina\/trgovina\/\"},{\"@type\":\"ListItem\",\"position\":3,\"name\":\"Veselite se v Gospodu\"}]},{\"@type\":\"WebSite\",\"@id\":\"https:\/\/www.iskreni.net\/trgovina\/#website\",\"url\":\"https:\/\/www.iskreni.net\/trgovina\/\",\"name\":\"Zavod Iskreni\",\"description\":\"trgovina\",\"potentialAction\":[{\"@type\":\"SearchAction\",\"target\":{\"@type\":\"EntryPoint\",\"urlTemplate\":\"https:\/\/www.iskreni.net\/trgovina\/?s={search_term_string}\"},\"query-input\":{\"@type\":\"PropertyValueSpecification\",\"valueRequired\":true,\"valueName\":\"search_term_string\"}}],\"inLanguage\":\"sl-SI\"}]}<\/script>\n<!-- \/ Yoast SEO plugin. -->","yoast_head_json":{"title":"Veselite se v Gospodu - trgovina Iskreni","description":"Veselite se v Gospodu je razlaga pisma apostola Pavla Filipljanom, ki slovi kot eno njegovih najlep\u0161ih pisem prvi kr\u0161\u010danski skupnosti v Evropi.","robots":{"index":"index","follow":"follow","max-snippet":"max-snippet:-1","max-image-preview":"max-image-preview:large","max-video-preview":"max-video-preview:-1"},"canonical":"https:\/\/www.iskreni.net\/trgovina\/product\/veselite-se-v-gospodu\/","og_locale":"sl_SI","og_type":"article","og_title":"Veselite se v Gospodu - trgovina Iskreni","og_description":"Veselite se v Gospodu je razlaga pisma apostola Pavla Filipljanom, ki slovi kot eno njegovih najlep\u0161ih pisem prvi kr\u0161\u010danski skupnosti v Evropi.","og_url":"https:\/\/www.iskreni.net\/trgovina\/product\/veselite-se-v-gospodu\/","og_site_name":"Zavod Iskreni","article_modified_time":"2024-01-12T11:07:29+00:00","og_image":[{"width":600,"height":600,"url":"https:\/\/www.iskreni.net\/trgovina\/wp-content\/uploads\/2023\/06\/Slike-za-v-spletno-trgovino-90-1.jpg","type":"image\/jpeg"}],"twitter_card":"summary_large_image","twitter_misc":{"Est. reading time":"4 minute"},"schema":{"@context":"https:\/\/schema.org","@graph":[{"@type":"WebPage","@id":"https:\/\/www.iskreni.net\/trgovina\/product\/veselite-se-v-gospodu\/","url":"https:\/\/www.iskreni.net\/trgovina\/product\/veselite-se-v-gospodu\/","name":"Veselite se v Gospodu - trgovina Iskreni","isPartOf":{"@id":"https:\/\/www.iskreni.net\/trgovina\/#website"},"primaryImageOfPage":{"@id":"https:\/\/www.iskreni.net\/trgovina\/product\/veselite-se-v-gospodu\/#primaryimage"},"image":{"@id":"https:\/\/www.iskreni.net\/trgovina\/product\/veselite-se-v-gospodu\/#primaryimage"},"thumbnailUrl":"https:\/\/www.iskreni.net\/trgovina\/wp-content\/uploads\/2023\/06\/Slike-za-v-spletno-trgovino-90-1.jpg","datePublished":"2023-06-06T12:46:54+00:00","dateModified":"2024-01-12T11:07:29+00:00","description":"Veselite se v Gospodu je razlaga pisma apostola Pavla Filipljanom, ki slovi kot eno njegovih najlep\u0161ih pisem prvi kr\u0161\u010danski skupnosti v Evropi.","breadcrumb":{"@id":"https:\/\/www.iskreni.net\/trgovina\/product\/veselite-se-v-gospodu\/#breadcrumb"},"inLanguage":"sl-SI","potentialAction":[{"@type":"ReadAction","target":["https:\/\/www.iskreni.net\/trgovina\/product\/veselite-se-v-gospodu\/"]}]},{"@type":"ImageObject","inLanguage":"sl-SI","@id":"https:\/\/www.iskreni.net\/trgovina\/product\/veselite-se-v-gospodu\/#primaryimage","url":"https:\/\/www.iskreni.net\/trgovina\/wp-content\/uploads\/2023\/06\/Slike-za-v-spletno-trgovino-90-1.jpg","contentUrl":"https:\/\/www.iskreni.net\/trgovina\/wp-content\/uploads\/2023\/06\/Slike-za-v-spletno-trgovino-90-1.jpg","width":600,"height":600},{"@type":"BreadcrumbList","@id":"https:\/\/www.iskreni.net\/trgovina\/product\/veselite-se-v-gospodu\/#breadcrumb","itemListElement":[{"@type":"ListItem","position":1,"name":"Home","item":"https:\/\/www.iskreni.net\/trgovina\/"},{"@type":"ListItem","position":2,"name":"Trgovina","item":"https:\/\/www.iskreni.net\/trgovina\/trgovina\/"},{"@type":"ListItem","position":3,"name":"Veselite se v Gospodu"}]},{"@type":"WebSite","@id":"https:\/\/www.iskreni.net\/trgovina\/#website","url":"https:\/\/www.iskreni.net\/trgovina\/","name":"Zavod Iskreni","description":"trgovina","potentialAction":[{"@type":"SearchAction","target":{"@type":"EntryPoint","urlTemplate":"https:\/\/www.iskreni.net\/trgovina\/?s={search_term_string}"},"query-input":{"@type":"PropertyValueSpecification","valueRequired":true,"valueName":"search_term_string"}}],"inLanguage":"sl-SI"}]}},"_links":{"self":[{"href":"https:\/\/www.iskreni.net\/trgovina\/wp-json\/wp\/v2\/product\/67022","targetHints":{"allow":["GET"]}}],"collection":[{"href":"https:\/\/www.iskreni.net\/trgovina\/wp-json\/wp\/v2\/product"}],"about":[{"href":"https:\/\/www.iskreni.net\/trgovina\/wp-json\/wp\/v2\/types\/product"}],"replies":[{"embeddable":true,"href":"https:\/\/www.iskreni.net\/trgovina\/wp-json\/wp\/v2\/comments?post=67022"}],"version-history":[{"count":5,"href":"https:\/\/www.iskreni.net\/trgovina\/wp-json\/wp\/v2\/product\/67022\/revisions"}],"predecessor-version":[{"id":72403,"href":"https:\/\/www.iskreni.net\/trgovina\/wp-json\/wp\/v2\/product\/67022\/revisions\/72403"}],"wp:featuredmedia":[{"embeddable":true,"href":"https:\/\/www.iskreni.net\/trgovina\/wp-json\/wp\/v2\/media\/67035"}],"wp:attachment":[{"href":"https:\/\/www.iskreni.net\/trgovina\/wp-json\/wp\/v2\/media?parent=67022"}],"wp:term":[{"taxonomy":"product_brand","embeddable":true,"href":"https:\/\/www.iskreni.net\/trgovina\/wp-json\/wp\/v2\/product_brand?post=67022"},{"taxonomy":"product_cat","embeddable":true,"href":"https:\/\/www.iskreni.net\/trgovina\/wp-json\/wp\/v2\/product_cat?post=67022"},{"taxonomy":"product_tag","embeddable":true,"href":"https:\/\/www.iskreni.net\/trgovina\/wp-json\/wp\/v2\/product_tag?post=67022"},{"taxonomy":"avtor","embeddable":true,"href":"https:\/\/www.iskreni.net\/trgovina\/wp-json\/wp\/v2\/avtor?post=67022"},{"taxonomy":"zalozba","embeddable":true,"href":"https:\/\/www.iskreni.net\/trgovina\/wp-json\/wp\/v2\/zalozba?post=67022"},{"taxonomy":"vezava","embeddable":true,"href":"https:\/\/www.iskreni.net\/trgovina\/wp-json\/wp\/v2\/vezava?post=67022"}],"curies":[{"name":"wp","href":"https:\/\/api.w.org\/{rel}","templated":true}]}}