{"id":67017,"date":"2023-06-06T14:09:18","date_gmt":"2023-06-06T12:09:18","guid":{"rendered":"https:\/\/www.iskreni.net\/trgovina\/?post_type=product&#038;p=67017"},"modified":"2024-01-12T12:06:13","modified_gmt":"2024-01-12T11:06:13","slug":"izvoljeni-poklical-sem-te-po-imenu","status":"publish","type":"product","link":"https:\/\/www.iskreni.net\/trgovina\/product\/izvoljeni-poklical-sem-te-po-imenu\/","title":{"rendered":"Izvoljeni: Poklical sem te po imenu"},"content":{"rendered":"<h4>O knjigi Izvoljeni: Poklical sem te po imenu<\/h4>\n<p>Knjiga temelji na priljubljeni nadaljevanki Izvoljeni. Avtor uspe\u0161nic z lestvice New York Timesa, Jerry B. Jenkins, je najbolj osupljivo zgodbo vseh \u010dasov &#8211; Jezusovo \u017eivljenje &#8211; povedal na sve\u017e in nov na\u010din.<\/p>\n<p>Kako je bilo sre\u010dati Jezusa iz o\u010di v o\u010di? Kako bi se po\u010dutili ob njem, kako bi spremenil va\u0161 pogled na Boga? Bi va\u0161 svet obrnil na glavo? Odpotujte v Galilejo v prvem stoletju. Poglejte, kako je spremenil \u017eivljenja ljudi, ki jih je poklical, naj hodijo za njim, da nikoli ve\u010d niso bili taki kot prej. Do\u017eivite \u017eivljenje in mo\u010d popolnega Bo\u017ejega Sina kot \u0161e nikoli doslej \u2013 skozi o\u010di vsakdanjih ljudi, podobnih vam.<\/p>\n<h4>Odlomek iz knjige:<\/h4>\n<p>\u00bbMarija Magdalena, zdaj v srednjih letih, se skriva, tako\u00a0kot mnogi, ki se imenujejo kristjani. \u010ceprav prvi u\u010denci, ki\u00a0so pre\u017eiveli, drzno hodijo po svetu in oznanjajo evangelij\u00a0vstalega Kristusa, Jezusa iz Nazareta, si Marija najbolj \u017eeli\u00a0slu\u017eiti rasto\u010di Cerkvi. \u010cez dan se zaposli za zaprtimi vrati\u00a0v skupnosti, v kateri je skoraj dva ducata drugih vernikov.\u00a0Kot eno starej\u0161ih \u017eena, ki je osebno poznala Jezusa, jo\u00a0spo\u0161tujejo, ob\u010dudujejo in prosijo za nasvete. Marija pazi,\u00a0da si ne prisvaja veljave skupinice stare\u0161in, obenem pa\u00a0resno jemlje svojo vlogo in si prizadeva biti vzornica. To\u00a0pomeni, da slu\u017ei drugim, kakor je Jezus slu\u017eil svojim prijateljem,\u00a0ko je \u017eivel med njimi.\u00ab<\/p>\n<h4>O avtorju:<\/h4>\n<p>JERRY JENKINS \u2013 njegov sin je re\u017eiser televizijske nadaljevanke Izvoljeni \u2013 je napisal ve\u010d kot dvesto knjig, ki so jih prodali v ve\u010d kot 72 milijonih izvodov, med njimi je enaindvajset uspe\u0161nic z lestvice New York Timesa. Znan je po svetopisemskem leposlovju, knjigah o koncu sveta (serija Left Behind) in \u0161tevilnih drugih \u017eanrih. Jerry je pomagal Billyju Grahamu napisati spomine, poleg tega je avtor \u0161tevilnih drugih \u017eivljenjepisov. Je \u010dlan Dvorane slavnih pisateljev v Koloradu in predava ustvarjalno pisanje na kr\u0161\u010danski univerzi v Koloradu. Z \u017eeno Dianno imata tri odrasle sinove.<\/p>\n<p><a href=\"https:\/\/www.iskreni.net\/trgovina\/wp-content\/uploads\/2024\/01\/Izvoljeni_internet.pdf\" target=\"_blank\" rel=\"noopener\">Prelistajte knjigo<\/a><\/p>\n<p>&nbsp;<\/p>\n","protected":false},"excerpt":{"rendered":"<p><strong>Avtor prevoda:<\/strong> Klementina Logar<br \/>\n<strong>Leto izdaje:<\/strong> 2023<br \/>\n<strong>\u0160tevilo strani:<\/strong> 464<br \/>\n<strong>Mere: <\/strong>140 x 210 mm<\/p>\n<p>Kako je bilo sre\u010dati Jezusa iz o\u010di v o\u010di? Kako bi se po\u010dutili ob njem, kako bi spremenil va\u0161 pogled na Boga? Bi va\u0161 svet obrnil na glavo? Odpotujte v Galilejo v prvem stoletju.<\/p>\n<p><a href=\"https:\/\/www.iskreni.net\/trgovina\/wp-content\/uploads\/2024\/01\/Izvoljeni_internet.pdf\" target=\"_blank\" rel=\"noopener\">Prelistajte knjigo<\/a><\/p>\n","protected":false},"featured_media":67019,"comment_status":"open","ping_status":"closed","template":"","meta":[],"product_brand":[],"product_cat":[2325,63],"product_tag":[2300,391,734],"avtor":[2659],"zalozba":[2311],"vezava":[2307],"class_list":{"0":"post-67017","1":"product","2":"type-product","3":"status-publish","4":"has-post-thumbnail","6":"product_cat-leposlovje","7":"product_cat-knjige","8":"product_tag-izvoljeni","9":"product_tag-jezus","10":"product_tag-roman","11":"avtor-jerry-b-jenkins","12":"zalozba-druzina","13":"vezava-mehka","15":"first","16":"instock","17":"taxable","18":"shipping-taxable","19":"purchasable","20":"product-type-simple"},"yoast_head":"<!-- This site is optimized with the Yoast SEO plugin v26.3 - https:\/\/yoast.com\/wordpress\/plugins\/seo\/ -->\n<title>Izvoljeni: Poklical sem te po imenu - trgovina Iskreni<\/title>\n<meta name=\"description\" content=\"Izvoljeni: Poklical sem te po imenu je roman izpod peresa Jerrya B. Jenkinsa, ki temelji na navdihujo\u010di nadaljevanki Izvoljeni (The Chosen).\" \/>\n<meta name=\"robots\" content=\"index, follow, max-snippet:-1, max-image-preview:large, max-video-preview:-1\" \/>\n<link rel=\"canonical\" href=\"https:\/\/www.iskreni.net\/trgovina\/product\/izvoljeni-poklical-sem-te-po-imenu\/\" \/>\n<meta property=\"og:locale\" content=\"sl_SI\" \/>\n<meta property=\"og:type\" content=\"article\" \/>\n<meta property=\"og:title\" content=\"Izvoljeni: Poklical sem te po imenu\" \/>\n<meta property=\"og:description\" content=\"Izvoljeni: Poklical sem te po imenu je roman izpod peresa Jerrya B. Jenkinsa, ki temelji na navdihujo\u010di nadaljevanki Izvoljeni (The Chosen).\" \/>\n<meta property=\"og:url\" content=\"https:\/\/www.iskreni.net\/trgovina\/product\/izvoljeni-poklical-sem-te-po-imenu\/\" \/>\n<meta property=\"og:site_name\" content=\"Zavod Iskreni\" \/>\n<meta property=\"article:modified_time\" content=\"2024-01-12T11:06:13+00:00\" \/>\n<meta property=\"og:image\" content=\"https:\/\/www.iskreni.net\/trgovina\/wp-content\/uploads\/2023\/06\/Izvoljeni.jpg\" \/>\n\t<meta property=\"og:image:width\" content=\"600\" \/>\n\t<meta property=\"og:image:height\" content=\"600\" \/>\n\t<meta property=\"og:image:type\" content=\"image\/jpeg\" \/>\n<meta name=\"twitter:card\" content=\"summary_large_image\" \/>\n<meta name=\"twitter:label1\" content=\"Est. reading time\" \/>\n\t<meta name=\"twitter:data1\" content=\"2 minuti\" \/>\n<script type=\"application\/ld+json\" class=\"yoast-schema-graph\">{\"@context\":\"https:\/\/schema.org\",\"@graph\":[{\"@type\":\"WebPage\",\"@id\":\"https:\/\/www.iskreni.net\/trgovina\/product\/izvoljeni-poklical-sem-te-po-imenu\/\",\"url\":\"https:\/\/www.iskreni.net\/trgovina\/product\/izvoljeni-poklical-sem-te-po-imenu\/\",\"name\":\"Izvoljeni: Poklical sem te po imenu - trgovina Iskreni\",\"isPartOf\":{\"@id\":\"https:\/\/www.iskreni.net\/trgovina\/#website\"},\"primaryImageOfPage\":{\"@id\":\"https:\/\/www.iskreni.net\/trgovina\/product\/izvoljeni-poklical-sem-te-po-imenu\/#primaryimage\"},\"image\":{\"@id\":\"https:\/\/www.iskreni.net\/trgovina\/product\/izvoljeni-poklical-sem-te-po-imenu\/#primaryimage\"},\"thumbnailUrl\":\"https:\/\/www.iskreni.net\/trgovina\/wp-content\/uploads\/2023\/06\/Izvoljeni.jpg\",\"datePublished\":\"2023-06-06T12:09:18+00:00\",\"dateModified\":\"2024-01-12T11:06:13+00:00\",\"description\":\"Izvoljeni: Poklical sem te po imenu je roman izpod peresa Jerrya B. Jenkinsa, ki temelji na navdihujo\u010di nadaljevanki Izvoljeni (The Chosen).\",\"breadcrumb\":{\"@id\":\"https:\/\/www.iskreni.net\/trgovina\/product\/izvoljeni-poklical-sem-te-po-imenu\/#breadcrumb\"},\"inLanguage\":\"sl-SI\",\"potentialAction\":[{\"@type\":\"ReadAction\",\"target\":[\"https:\/\/www.iskreni.net\/trgovina\/product\/izvoljeni-poklical-sem-te-po-imenu\/\"]}]},{\"@type\":\"ImageObject\",\"inLanguage\":\"sl-SI\",\"@id\":\"https:\/\/www.iskreni.net\/trgovina\/product\/izvoljeni-poklical-sem-te-po-imenu\/#primaryimage\",\"url\":\"https:\/\/www.iskreni.net\/trgovina\/wp-content\/uploads\/2023\/06\/Izvoljeni.jpg\",\"contentUrl\":\"https:\/\/www.iskreni.net\/trgovina\/wp-content\/uploads\/2023\/06\/Izvoljeni.jpg\",\"width\":600,\"height\":600},{\"@type\":\"BreadcrumbList\",\"@id\":\"https:\/\/www.iskreni.net\/trgovina\/product\/izvoljeni-poklical-sem-te-po-imenu\/#breadcrumb\",\"itemListElement\":[{\"@type\":\"ListItem\",\"position\":1,\"name\":\"Home\",\"item\":\"https:\/\/www.iskreni.net\/trgovina\/\"},{\"@type\":\"ListItem\",\"position\":2,\"name\":\"Trgovina\",\"item\":\"https:\/\/www.iskreni.net\/trgovina\/trgovina\/\"},{\"@type\":\"ListItem\",\"position\":3,\"name\":\"Izvoljeni: Poklical sem te po imenu\"}]},{\"@type\":\"WebSite\",\"@id\":\"https:\/\/www.iskreni.net\/trgovina\/#website\",\"url\":\"https:\/\/www.iskreni.net\/trgovina\/\",\"name\":\"Zavod Iskreni\",\"description\":\"trgovina\",\"potentialAction\":[{\"@type\":\"SearchAction\",\"target\":{\"@type\":\"EntryPoint\",\"urlTemplate\":\"https:\/\/www.iskreni.net\/trgovina\/?s={search_term_string}\"},\"query-input\":{\"@type\":\"PropertyValueSpecification\",\"valueRequired\":true,\"valueName\":\"search_term_string\"}}],\"inLanguage\":\"sl-SI\"}]}<\/script>\n<!-- \/ Yoast SEO plugin. -->","yoast_head_json":{"title":"Izvoljeni: Poklical sem te po imenu - trgovina Iskreni","description":"Izvoljeni: Poklical sem te po imenu je roman izpod peresa Jerrya B. Jenkinsa, ki temelji na navdihujo\u010di nadaljevanki Izvoljeni (The Chosen).","robots":{"index":"index","follow":"follow","max-snippet":"max-snippet:-1","max-image-preview":"max-image-preview:large","max-video-preview":"max-video-preview:-1"},"canonical":"https:\/\/www.iskreni.net\/trgovina\/product\/izvoljeni-poklical-sem-te-po-imenu\/","og_locale":"sl_SI","og_type":"article","og_title":"Izvoljeni: Poklical sem te po imenu","og_description":"Izvoljeni: Poklical sem te po imenu je roman izpod peresa Jerrya B. Jenkinsa, ki temelji na navdihujo\u010di nadaljevanki Izvoljeni (The Chosen).","og_url":"https:\/\/www.iskreni.net\/trgovina\/product\/izvoljeni-poklical-sem-te-po-imenu\/","og_site_name":"Zavod Iskreni","article_modified_time":"2024-01-12T11:06:13+00:00","og_image":[{"width":600,"height":600,"url":"https:\/\/www.iskreni.net\/trgovina\/wp-content\/uploads\/2023\/06\/Izvoljeni.jpg","type":"image\/jpeg"}],"twitter_card":"summary_large_image","twitter_misc":{"Est. reading time":"2 minuti"},"schema":{"@context":"https:\/\/schema.org","@graph":[{"@type":"WebPage","@id":"https:\/\/www.iskreni.net\/trgovina\/product\/izvoljeni-poklical-sem-te-po-imenu\/","url":"https:\/\/www.iskreni.net\/trgovina\/product\/izvoljeni-poklical-sem-te-po-imenu\/","name":"Izvoljeni: Poklical sem te po imenu - trgovina Iskreni","isPartOf":{"@id":"https:\/\/www.iskreni.net\/trgovina\/#website"},"primaryImageOfPage":{"@id":"https:\/\/www.iskreni.net\/trgovina\/product\/izvoljeni-poklical-sem-te-po-imenu\/#primaryimage"},"image":{"@id":"https:\/\/www.iskreni.net\/trgovina\/product\/izvoljeni-poklical-sem-te-po-imenu\/#primaryimage"},"thumbnailUrl":"https:\/\/www.iskreni.net\/trgovina\/wp-content\/uploads\/2023\/06\/Izvoljeni.jpg","datePublished":"2023-06-06T12:09:18+00:00","dateModified":"2024-01-12T11:06:13+00:00","description":"Izvoljeni: Poklical sem te po imenu je roman izpod peresa Jerrya B. Jenkinsa, ki temelji na navdihujo\u010di nadaljevanki Izvoljeni (The Chosen).","breadcrumb":{"@id":"https:\/\/www.iskreni.net\/trgovina\/product\/izvoljeni-poklical-sem-te-po-imenu\/#breadcrumb"},"inLanguage":"sl-SI","potentialAction":[{"@type":"ReadAction","target":["https:\/\/www.iskreni.net\/trgovina\/product\/izvoljeni-poklical-sem-te-po-imenu\/"]}]},{"@type":"ImageObject","inLanguage":"sl-SI","@id":"https:\/\/www.iskreni.net\/trgovina\/product\/izvoljeni-poklical-sem-te-po-imenu\/#primaryimage","url":"https:\/\/www.iskreni.net\/trgovina\/wp-content\/uploads\/2023\/06\/Izvoljeni.jpg","contentUrl":"https:\/\/www.iskreni.net\/trgovina\/wp-content\/uploads\/2023\/06\/Izvoljeni.jpg","width":600,"height":600},{"@type":"BreadcrumbList","@id":"https:\/\/www.iskreni.net\/trgovina\/product\/izvoljeni-poklical-sem-te-po-imenu\/#breadcrumb","itemListElement":[{"@type":"ListItem","position":1,"name":"Home","item":"https:\/\/www.iskreni.net\/trgovina\/"},{"@type":"ListItem","position":2,"name":"Trgovina","item":"https:\/\/www.iskreni.net\/trgovina\/trgovina\/"},{"@type":"ListItem","position":3,"name":"Izvoljeni: Poklical sem te po imenu"}]},{"@type":"WebSite","@id":"https:\/\/www.iskreni.net\/trgovina\/#website","url":"https:\/\/www.iskreni.net\/trgovina\/","name":"Zavod Iskreni","description":"trgovina","potentialAction":[{"@type":"SearchAction","target":{"@type":"EntryPoint","urlTemplate":"https:\/\/www.iskreni.net\/trgovina\/?s={search_term_string}"},"query-input":{"@type":"PropertyValueSpecification","valueRequired":true,"valueName":"search_term_string"}}],"inLanguage":"sl-SI"}]}},"_links":{"self":[{"href":"https:\/\/www.iskreni.net\/trgovina\/wp-json\/wp\/v2\/product\/67017","targetHints":{"allow":["GET"]}}],"collection":[{"href":"https:\/\/www.iskreni.net\/trgovina\/wp-json\/wp\/v2\/product"}],"about":[{"href":"https:\/\/www.iskreni.net\/trgovina\/wp-json\/wp\/v2\/types\/product"}],"replies":[{"embeddable":true,"href":"https:\/\/www.iskreni.net\/trgovina\/wp-json\/wp\/v2\/comments?post=67017"}],"version-history":[{"count":5,"href":"https:\/\/www.iskreni.net\/trgovina\/wp-json\/wp\/v2\/product\/67017\/revisions"}],"predecessor-version":[{"id":72401,"href":"https:\/\/www.iskreni.net\/trgovina\/wp-json\/wp\/v2\/product\/67017\/revisions\/72401"}],"wp:featuredmedia":[{"embeddable":true,"href":"https:\/\/www.iskreni.net\/trgovina\/wp-json\/wp\/v2\/media\/67019"}],"wp:attachment":[{"href":"https:\/\/www.iskreni.net\/trgovina\/wp-json\/wp\/v2\/media?parent=67017"}],"wp:term":[{"taxonomy":"product_brand","embeddable":true,"href":"https:\/\/www.iskreni.net\/trgovina\/wp-json\/wp\/v2\/product_brand?post=67017"},{"taxonomy":"product_cat","embeddable":true,"href":"https:\/\/www.iskreni.net\/trgovina\/wp-json\/wp\/v2\/product_cat?post=67017"},{"taxonomy":"product_tag","embeddable":true,"href":"https:\/\/www.iskreni.net\/trgovina\/wp-json\/wp\/v2\/product_tag?post=67017"},{"taxonomy":"avtor","embeddable":true,"href":"https:\/\/www.iskreni.net\/trgovina\/wp-json\/wp\/v2\/avtor?post=67017"},{"taxonomy":"zalozba","embeddable":true,"href":"https:\/\/www.iskreni.net\/trgovina\/wp-json\/wp\/v2\/zalozba?post=67017"},{"taxonomy":"vezava","embeddable":true,"href":"https:\/\/www.iskreni.net\/trgovina\/wp-json\/wp\/v2\/vezava?post=67017"}],"curies":[{"name":"wp","href":"https:\/\/api.w.org\/{rel}","templated":true}]}}