{"id":66732,"date":"2023-05-24T11:33:06","date_gmt":"2023-05-24T09:33:06","guid":{"rendered":"https:\/\/www.iskreni.net\/trgovina\/?post_type=product&#038;p=66732"},"modified":"2025-07-09T13:58:19","modified_gmt":"2025-07-09T11:58:19","slug":"morje-sreca-nebo","status":"publish","type":"product","link":"https:\/\/www.iskreni.net\/trgovina\/product\/morje-sreca-nebo\/","title":{"rendered":"Morje sre\u010da nebo"},"content":{"rendered":"<h4>O knjigi Morje sre\u010da nebo:<\/h4>\n<div class=\"categoriesWrapper\">\n<div id=\"categories\" class=\"roundbox\">\n<p>De\u010dek Finn \u017eivi ob morju in morje \u017eivi ob njem. Vsaki\u010d, ko pogleda skozi okno, se spominja na zgodbe, ki jih je pripovedoval njegov dedek o kraju, kjer se morje sre\u010da z nebom.<\/p>\n<p>Kjer se iz vode dvigajo kiti in lebdijo ptice ter gradovi. Finnovega dedka ni ve\u010d, zato se odlo\u010di, da bo zgradil svojo ladjo in odplul, da bi na\u0161el to \u010darobno mesto &#8230;<\/p>\n<\/div>\n<\/div>\n","protected":false},"excerpt":{"rendered":"<p><strong>Leto izdaje:<\/strong> 2023<br \/>\n<strong>\u0160tevilo strani: <\/strong>42<br \/>\n<strong>Mere:<\/strong> 23,5 x 28,5 cm<\/p>\n<p>De\u010dek Finn \u017eivi ob morju in morje \u017eivi ob njem.<\/p>\n","protected":false},"featured_media":66735,"comment_status":"open","ping_status":"closed","template":"","meta":[],"product_brand":[],"product_cat":[63,135],"product_tag":[],"avtor":[2439],"zalozba":[2360],"vezava":[2306],"class_list":{"0":"post-66732","1":"product","2":"type-product","3":"status-publish","4":"has-post-thumbnail","6":"product_cat-knjige","7":"product_cat-za-otroke","8":"avtor-brata-fan","9":"zalozba-morfem","10":"vezava-trda","12":"first","13":"onbackorder","14":"taxable","15":"shipping-taxable","16":"purchasable","17":"product-type-simple"},"yoast_head":"<!-- This site is optimized with the Yoast SEO plugin v26.3 - https:\/\/yoast.com\/wordpress\/plugins\/seo\/ -->\n<title>Morje sre\u010da nebo - trgovina Iskreni<\/title>\n<meta name=\"description\" content=\"Morje sre\u010da nebo pripoveduje o Finnu, ki se odlo\u010di, da bo zgradil svojo ladjo in odplul, da bi na\u0161el mesto, kjer se morje sre\u010da z nebom.\" \/>\n<meta name=\"robots\" content=\"index, follow, max-snippet:-1, max-image-preview:large, max-video-preview:-1\" \/>\n<link rel=\"canonical\" href=\"https:\/\/www.iskreni.net\/trgovina\/product\/morje-sreca-nebo\/\" \/>\n<meta property=\"og:locale\" content=\"sl_SI\" \/>\n<meta property=\"og:type\" content=\"article\" \/>\n<meta property=\"og:title\" content=\"Morje sre\u010da nebo\" \/>\n<meta property=\"og:description\" content=\"Morje sre\u010da nebo pripoveduje o Finnu, ki se odlo\u010di da bo zgradil svojo ladjo in odplul, da bi na\u0161el mesto, kjer se morje sre\u010da z nebom.\" \/>\n<meta property=\"og:url\" content=\"https:\/\/www.iskreni.net\/trgovina\/product\/morje-sreca-nebo\/\" \/>\n<meta property=\"og:site_name\" content=\"Zavod Iskreni\" \/>\n<meta property=\"article:modified_time\" content=\"2025-07-09T11:58:19+00:00\" \/>\n<meta property=\"og:image\" content=\"https:\/\/www.iskreni.net\/trgovina\/wp-content\/uploads\/2023\/05\/Slike-za-v-spletno-trgovino-87.jpg\" \/>\n\t<meta property=\"og:image:width\" content=\"600\" \/>\n\t<meta property=\"og:image:height\" content=\"600\" \/>\n\t<meta property=\"og:image:type\" content=\"image\/jpeg\" \/>\n<meta name=\"twitter:card\" content=\"summary_large_image\" \/>\n<meta name=\"twitter:label1\" content=\"Est. reading time\" \/>\n\t<meta name=\"twitter:data1\" content=\"1 minuta\" \/>\n<script type=\"application\/ld+json\" class=\"yoast-schema-graph\">{\"@context\":\"https:\/\/schema.org\",\"@graph\":[{\"@type\":\"WebPage\",\"@id\":\"https:\/\/www.iskreni.net\/trgovina\/product\/morje-sreca-nebo\/\",\"url\":\"https:\/\/www.iskreni.net\/trgovina\/product\/morje-sreca-nebo\/\",\"name\":\"Morje sre\u010da nebo - trgovina Iskreni\",\"isPartOf\":{\"@id\":\"https:\/\/www.iskreni.net\/trgovina\/#website\"},\"primaryImageOfPage\":{\"@id\":\"https:\/\/www.iskreni.net\/trgovina\/product\/morje-sreca-nebo\/#primaryimage\"},\"image\":{\"@id\":\"https:\/\/www.iskreni.net\/trgovina\/product\/morje-sreca-nebo\/#primaryimage\"},\"thumbnailUrl\":\"https:\/\/www.iskreni.net\/trgovina\/wp-content\/uploads\/2023\/05\/Slike-za-v-spletno-trgovino-87.jpg\",\"datePublished\":\"2023-05-24T09:33:06+00:00\",\"dateModified\":\"2025-07-09T11:58:19+00:00\",\"description\":\"Morje sre\u010da nebo pripoveduje o Finnu, ki se odlo\u010di, da bo zgradil svojo ladjo in odplul, da bi na\u0161el mesto, kjer se morje sre\u010da z nebom.\",\"breadcrumb\":{\"@id\":\"https:\/\/www.iskreni.net\/trgovina\/product\/morje-sreca-nebo\/#breadcrumb\"},\"inLanguage\":\"sl-SI\",\"potentialAction\":[{\"@type\":\"ReadAction\",\"target\":[\"https:\/\/www.iskreni.net\/trgovina\/product\/morje-sreca-nebo\/\"]}]},{\"@type\":\"ImageObject\",\"inLanguage\":\"sl-SI\",\"@id\":\"https:\/\/www.iskreni.net\/trgovina\/product\/morje-sreca-nebo\/#primaryimage\",\"url\":\"https:\/\/www.iskreni.net\/trgovina\/wp-content\/uploads\/2023\/05\/Slike-za-v-spletno-trgovino-87.jpg\",\"contentUrl\":\"https:\/\/www.iskreni.net\/trgovina\/wp-content\/uploads\/2023\/05\/Slike-za-v-spletno-trgovino-87.jpg\",\"width\":600,\"height\":600},{\"@type\":\"BreadcrumbList\",\"@id\":\"https:\/\/www.iskreni.net\/trgovina\/product\/morje-sreca-nebo\/#breadcrumb\",\"itemListElement\":[{\"@type\":\"ListItem\",\"position\":1,\"name\":\"Home\",\"item\":\"https:\/\/www.iskreni.net\/trgovina\/\"},{\"@type\":\"ListItem\",\"position\":2,\"name\":\"Trgovina\",\"item\":\"https:\/\/www.iskreni.net\/trgovina\/trgovina\/\"},{\"@type\":\"ListItem\",\"position\":3,\"name\":\"Morje sre\u010da nebo\"}]},{\"@type\":\"WebSite\",\"@id\":\"https:\/\/www.iskreni.net\/trgovina\/#website\",\"url\":\"https:\/\/www.iskreni.net\/trgovina\/\",\"name\":\"Zavod Iskreni\",\"description\":\"trgovina\",\"potentialAction\":[{\"@type\":\"SearchAction\",\"target\":{\"@type\":\"EntryPoint\",\"urlTemplate\":\"https:\/\/www.iskreni.net\/trgovina\/?s={search_term_string}\"},\"query-input\":{\"@type\":\"PropertyValueSpecification\",\"valueRequired\":true,\"valueName\":\"search_term_string\"}}],\"inLanguage\":\"sl-SI\"}]}<\/script>\n<!-- \/ Yoast SEO plugin. -->","yoast_head_json":{"title":"Morje sre\u010da nebo - trgovina Iskreni","description":"Morje sre\u010da nebo pripoveduje o Finnu, ki se odlo\u010di, da bo zgradil svojo ladjo in odplul, da bi na\u0161el mesto, kjer se morje sre\u010da z nebom.","robots":{"index":"index","follow":"follow","max-snippet":"max-snippet:-1","max-image-preview":"max-image-preview:large","max-video-preview":"max-video-preview:-1"},"canonical":"https:\/\/www.iskreni.net\/trgovina\/product\/morje-sreca-nebo\/","og_locale":"sl_SI","og_type":"article","og_title":"Morje sre\u010da nebo","og_description":"Morje sre\u010da nebo pripoveduje o Finnu, ki se odlo\u010di da bo zgradil svojo ladjo in odplul, da bi na\u0161el mesto, kjer se morje sre\u010da z nebom.","og_url":"https:\/\/www.iskreni.net\/trgovina\/product\/morje-sreca-nebo\/","og_site_name":"Zavod Iskreni","article_modified_time":"2025-07-09T11:58:19+00:00","og_image":[{"width":600,"height":600,"url":"https:\/\/www.iskreni.net\/trgovina\/wp-content\/uploads\/2023\/05\/Slike-za-v-spletno-trgovino-87.jpg","type":"image\/jpeg"}],"twitter_card":"summary_large_image","twitter_misc":{"Est. reading time":"1 minuta"},"schema":{"@context":"https:\/\/schema.org","@graph":[{"@type":"WebPage","@id":"https:\/\/www.iskreni.net\/trgovina\/product\/morje-sreca-nebo\/","url":"https:\/\/www.iskreni.net\/trgovina\/product\/morje-sreca-nebo\/","name":"Morje sre\u010da nebo - trgovina Iskreni","isPartOf":{"@id":"https:\/\/www.iskreni.net\/trgovina\/#website"},"primaryImageOfPage":{"@id":"https:\/\/www.iskreni.net\/trgovina\/product\/morje-sreca-nebo\/#primaryimage"},"image":{"@id":"https:\/\/www.iskreni.net\/trgovina\/product\/morje-sreca-nebo\/#primaryimage"},"thumbnailUrl":"https:\/\/www.iskreni.net\/trgovina\/wp-content\/uploads\/2023\/05\/Slike-za-v-spletno-trgovino-87.jpg","datePublished":"2023-05-24T09:33:06+00:00","dateModified":"2025-07-09T11:58:19+00:00","description":"Morje sre\u010da nebo pripoveduje o Finnu, ki se odlo\u010di, da bo zgradil svojo ladjo in odplul, da bi na\u0161el mesto, kjer se morje sre\u010da z nebom.","breadcrumb":{"@id":"https:\/\/www.iskreni.net\/trgovina\/product\/morje-sreca-nebo\/#breadcrumb"},"inLanguage":"sl-SI","potentialAction":[{"@type":"ReadAction","target":["https:\/\/www.iskreni.net\/trgovina\/product\/morje-sreca-nebo\/"]}]},{"@type":"ImageObject","inLanguage":"sl-SI","@id":"https:\/\/www.iskreni.net\/trgovina\/product\/morje-sreca-nebo\/#primaryimage","url":"https:\/\/www.iskreni.net\/trgovina\/wp-content\/uploads\/2023\/05\/Slike-za-v-spletno-trgovino-87.jpg","contentUrl":"https:\/\/www.iskreni.net\/trgovina\/wp-content\/uploads\/2023\/05\/Slike-za-v-spletno-trgovino-87.jpg","width":600,"height":600},{"@type":"BreadcrumbList","@id":"https:\/\/www.iskreni.net\/trgovina\/product\/morje-sreca-nebo\/#breadcrumb","itemListElement":[{"@type":"ListItem","position":1,"name":"Home","item":"https:\/\/www.iskreni.net\/trgovina\/"},{"@type":"ListItem","position":2,"name":"Trgovina","item":"https:\/\/www.iskreni.net\/trgovina\/trgovina\/"},{"@type":"ListItem","position":3,"name":"Morje sre\u010da nebo"}]},{"@type":"WebSite","@id":"https:\/\/www.iskreni.net\/trgovina\/#website","url":"https:\/\/www.iskreni.net\/trgovina\/","name":"Zavod Iskreni","description":"trgovina","potentialAction":[{"@type":"SearchAction","target":{"@type":"EntryPoint","urlTemplate":"https:\/\/www.iskreni.net\/trgovina\/?s={search_term_string}"},"query-input":{"@type":"PropertyValueSpecification","valueRequired":true,"valueName":"search_term_string"}}],"inLanguage":"sl-SI"}]}},"_links":{"self":[{"href":"https:\/\/www.iskreni.net\/trgovina\/wp-json\/wp\/v2\/product\/66732","targetHints":{"allow":["GET"]}}],"collection":[{"href":"https:\/\/www.iskreni.net\/trgovina\/wp-json\/wp\/v2\/product"}],"about":[{"href":"https:\/\/www.iskreni.net\/trgovina\/wp-json\/wp\/v2\/types\/product"}],"replies":[{"embeddable":true,"href":"https:\/\/www.iskreni.net\/trgovina\/wp-json\/wp\/v2\/comments?post=66732"}],"version-history":[{"count":4,"href":"https:\/\/www.iskreni.net\/trgovina\/wp-json\/wp\/v2\/product\/66732\/revisions"}],"predecessor-version":[{"id":69907,"href":"https:\/\/www.iskreni.net\/trgovina\/wp-json\/wp\/v2\/product\/66732\/revisions\/69907"}],"wp:featuredmedia":[{"embeddable":true,"href":"https:\/\/www.iskreni.net\/trgovina\/wp-json\/wp\/v2\/media\/66735"}],"wp:attachment":[{"href":"https:\/\/www.iskreni.net\/trgovina\/wp-json\/wp\/v2\/media?parent=66732"}],"wp:term":[{"taxonomy":"product_brand","embeddable":true,"href":"https:\/\/www.iskreni.net\/trgovina\/wp-json\/wp\/v2\/product_brand?post=66732"},{"taxonomy":"product_cat","embeddable":true,"href":"https:\/\/www.iskreni.net\/trgovina\/wp-json\/wp\/v2\/product_cat?post=66732"},{"taxonomy":"product_tag","embeddable":true,"href":"https:\/\/www.iskreni.net\/trgovina\/wp-json\/wp\/v2\/product_tag?post=66732"},{"taxonomy":"avtor","embeddable":true,"href":"https:\/\/www.iskreni.net\/trgovina\/wp-json\/wp\/v2\/avtor?post=66732"},{"taxonomy":"zalozba","embeddable":true,"href":"https:\/\/www.iskreni.net\/trgovina\/wp-json\/wp\/v2\/zalozba?post=66732"},{"taxonomy":"vezava","embeddable":true,"href":"https:\/\/www.iskreni.net\/trgovina\/wp-json\/wp\/v2\/vezava?post=66732"}],"curies":[{"name":"wp","href":"https:\/\/api.w.org\/{rel}","templated":true}]}}