{"id":66708,"date":"2023-05-23T14:36:40","date_gmt":"2023-05-23T12:36:40","guid":{"rendered":"https:\/\/www.iskreni.net\/trgovina\/?post_type=product&#038;p=66708"},"modified":"2025-07-09T13:57:07","modified_gmt":"2025-07-09T11:57:07","slug":"kaj-se-skriva-na-nocnem-nebu","status":"publish","type":"product","link":"https:\/\/www.iskreni.net\/trgovina\/product\/kaj-se-skriva-na-nocnem-nebu\/","title":{"rendered":"Kaj se skriva na no\u010dnem nebu?"},"content":{"rendered":"<h4>O knjigi Kaj se skriva na no\u010dnem nebu?:<\/h4>\n<div class=\"categoriesWrapper\">\n<div id=\"categories\" class=\"roundbox\">\n<p>Kaj se skriva na no\u010dnem nebu? \u010ce se pono\u010di ozre\u0161 v nebo, bo\u0161 na njem zagledal planete in zvezde. In \u010de zvezde dolo\u010denega ozvezdja med seboj pove\u017ee\u0161 z nami\u0161ljenimi \u010drtami, se ti bodo pred o\u010dmi prikazale \u017eivalske oblike.<\/p>\n<p>Ta \u010darobna knjiga ti odpira vrata v domove otrok drugod po svetu. Predstavi ti osem ozvezdij zodiaka ali \u017eivalskega kroga, ki jih je na razli\u010dnih koncih sveta v temnih in jasnih no\u010deh mogo\u010de uzreti na zvezdnem nebu.<\/p>\n<\/div>\n<\/div>\n","protected":false},"excerpt":{"rendered":"<p><strong>Leto izdaje:<\/strong> 2023<br \/>\n<strong>\u0160tevilo strani: <\/strong>24<br \/>\n<strong>Mere:<\/strong> 28,5 x 27 cm<\/p>\n","protected":false},"featured_media":66710,"comment_status":"open","ping_status":"closed","template":"","meta":[],"product_brand":[],"product_cat":[63,135],"product_tag":[2262],"avtor":[2440],"zalozba":[2360],"vezava":[2306],"class_list":{"0":"post-66708","1":"product","2":"type-product","3":"status-publish","4":"has-post-thumbnail","6":"product_cat-knjige","7":"product_cat-za-otroke","8":"product_tag-vesolje","9":"avtor-aina-bestard","10":"zalozba-morfem","11":"vezava-trda","13":"first","14":"onbackorder","15":"taxable","16":"shipping-taxable","17":"purchasable","18":"product-type-simple"},"yoast_head":"<!-- This site is optimized with the Yoast SEO plugin v26.3 - https:\/\/yoast.com\/wordpress\/plugins\/seo\/ -->\n<title>Kaj se skriva na no\u010dnem nebu? - trgovina Iskreni<\/title>\n<meta name=\"description\" content=\"Kaj se skriva na no\u010dnem nebu? \u010ce se pono\u010di ozre\u0161 v nebo, bo\u0161 na njem zagledal planete in zvezde. Knjiga ti predstavi osem ozvezdij zodiaka.\" \/>\n<meta name=\"robots\" content=\"index, follow, max-snippet:-1, max-image-preview:large, max-video-preview:-1\" \/>\n<link rel=\"canonical\" href=\"https:\/\/www.iskreni.net\/trgovina\/product\/kaj-se-skriva-na-nocnem-nebu\/\" \/>\n<meta property=\"og:locale\" content=\"sl_SI\" \/>\n<meta property=\"og:type\" content=\"article\" \/>\n<meta property=\"og:title\" content=\"Kaj se skriva na no\u010dnem nebu?\" \/>\n<meta property=\"og:description\" content=\"Kaj se skriva na no\u010dnem nebu? \u010ce se pono\u010di ozre\u0161 v nebo, bo\u0161 na njem zagledal planete in zvezde. Knjiga predstavi osem ozvezdij zodiaka.\" \/>\n<meta property=\"og:url\" content=\"https:\/\/www.iskreni.net\/trgovina\/product\/kaj-se-skriva-na-nocnem-nebu\/\" \/>\n<meta property=\"og:site_name\" content=\"Zavod Iskreni\" \/>\n<meta property=\"article:modified_time\" content=\"2025-07-09T11:57:07+00:00\" \/>\n<meta property=\"og:image\" content=\"https:\/\/www.iskreni.net\/trgovina\/wp-content\/uploads\/2023\/05\/Slike-za-v-spletno-trgovino-86.jpg\" \/>\n\t<meta property=\"og:image:width\" content=\"600\" \/>\n\t<meta property=\"og:image:height\" content=\"600\" \/>\n\t<meta property=\"og:image:type\" content=\"image\/jpeg\" \/>\n<meta name=\"twitter:card\" content=\"summary_large_image\" \/>\n<meta name=\"twitter:label1\" content=\"Est. reading time\" \/>\n\t<meta name=\"twitter:data1\" content=\"1 minuta\" \/>\n<script type=\"application\/ld+json\" class=\"yoast-schema-graph\">{\"@context\":\"https:\/\/schema.org\",\"@graph\":[{\"@type\":\"WebPage\",\"@id\":\"https:\/\/www.iskreni.net\/trgovina\/product\/kaj-se-skriva-na-nocnem-nebu\/\",\"url\":\"https:\/\/www.iskreni.net\/trgovina\/product\/kaj-se-skriva-na-nocnem-nebu\/\",\"name\":\"Kaj se skriva na no\u010dnem nebu? - trgovina Iskreni\",\"isPartOf\":{\"@id\":\"https:\/\/www.iskreni.net\/trgovina\/#website\"},\"primaryImageOfPage\":{\"@id\":\"https:\/\/www.iskreni.net\/trgovina\/product\/kaj-se-skriva-na-nocnem-nebu\/#primaryimage\"},\"image\":{\"@id\":\"https:\/\/www.iskreni.net\/trgovina\/product\/kaj-se-skriva-na-nocnem-nebu\/#primaryimage\"},\"thumbnailUrl\":\"https:\/\/www.iskreni.net\/trgovina\/wp-content\/uploads\/2023\/05\/Slike-za-v-spletno-trgovino-86.jpg\",\"datePublished\":\"2023-05-23T12:36:40+00:00\",\"dateModified\":\"2025-07-09T11:57:07+00:00\",\"description\":\"Kaj se skriva na no\u010dnem nebu? \u010ce se pono\u010di ozre\u0161 v nebo, bo\u0161 na njem zagledal planete in zvezde. Knjiga ti predstavi osem ozvezdij zodiaka.\",\"breadcrumb\":{\"@id\":\"https:\/\/www.iskreni.net\/trgovina\/product\/kaj-se-skriva-na-nocnem-nebu\/#breadcrumb\"},\"inLanguage\":\"sl-SI\",\"potentialAction\":[{\"@type\":\"ReadAction\",\"target\":[\"https:\/\/www.iskreni.net\/trgovina\/product\/kaj-se-skriva-na-nocnem-nebu\/\"]}]},{\"@type\":\"ImageObject\",\"inLanguage\":\"sl-SI\",\"@id\":\"https:\/\/www.iskreni.net\/trgovina\/product\/kaj-se-skriva-na-nocnem-nebu\/#primaryimage\",\"url\":\"https:\/\/www.iskreni.net\/trgovina\/wp-content\/uploads\/2023\/05\/Slike-za-v-spletno-trgovino-86.jpg\",\"contentUrl\":\"https:\/\/www.iskreni.net\/trgovina\/wp-content\/uploads\/2023\/05\/Slike-za-v-spletno-trgovino-86.jpg\",\"width\":600,\"height\":600},{\"@type\":\"BreadcrumbList\",\"@id\":\"https:\/\/www.iskreni.net\/trgovina\/product\/kaj-se-skriva-na-nocnem-nebu\/#breadcrumb\",\"itemListElement\":[{\"@type\":\"ListItem\",\"position\":1,\"name\":\"Home\",\"item\":\"https:\/\/www.iskreni.net\/trgovina\/\"},{\"@type\":\"ListItem\",\"position\":2,\"name\":\"Trgovina\",\"item\":\"https:\/\/www.iskreni.net\/trgovina\/trgovina\/\"},{\"@type\":\"ListItem\",\"position\":3,\"name\":\"Kaj se skriva na no\u010dnem nebu?\"}]},{\"@type\":\"WebSite\",\"@id\":\"https:\/\/www.iskreni.net\/trgovina\/#website\",\"url\":\"https:\/\/www.iskreni.net\/trgovina\/\",\"name\":\"Zavod Iskreni\",\"description\":\"trgovina\",\"potentialAction\":[{\"@type\":\"SearchAction\",\"target\":{\"@type\":\"EntryPoint\",\"urlTemplate\":\"https:\/\/www.iskreni.net\/trgovina\/?s={search_term_string}\"},\"query-input\":{\"@type\":\"PropertyValueSpecification\",\"valueRequired\":true,\"valueName\":\"search_term_string\"}}],\"inLanguage\":\"sl-SI\"}]}<\/script>\n<!-- \/ Yoast SEO plugin. -->","yoast_head_json":{"title":"Kaj se skriva na no\u010dnem nebu? - trgovina Iskreni","description":"Kaj se skriva na no\u010dnem nebu? \u010ce se pono\u010di ozre\u0161 v nebo, bo\u0161 na njem zagledal planete in zvezde. Knjiga ti predstavi osem ozvezdij zodiaka.","robots":{"index":"index","follow":"follow","max-snippet":"max-snippet:-1","max-image-preview":"max-image-preview:large","max-video-preview":"max-video-preview:-1"},"canonical":"https:\/\/www.iskreni.net\/trgovina\/product\/kaj-se-skriva-na-nocnem-nebu\/","og_locale":"sl_SI","og_type":"article","og_title":"Kaj se skriva na no\u010dnem nebu?","og_description":"Kaj se skriva na no\u010dnem nebu? \u010ce se pono\u010di ozre\u0161 v nebo, bo\u0161 na njem zagledal planete in zvezde. Knjiga predstavi osem ozvezdij zodiaka.","og_url":"https:\/\/www.iskreni.net\/trgovina\/product\/kaj-se-skriva-na-nocnem-nebu\/","og_site_name":"Zavod Iskreni","article_modified_time":"2025-07-09T11:57:07+00:00","og_image":[{"width":600,"height":600,"url":"https:\/\/www.iskreni.net\/trgovina\/wp-content\/uploads\/2023\/05\/Slike-za-v-spletno-trgovino-86.jpg","type":"image\/jpeg"}],"twitter_card":"summary_large_image","twitter_misc":{"Est. reading time":"1 minuta"},"schema":{"@context":"https:\/\/schema.org","@graph":[{"@type":"WebPage","@id":"https:\/\/www.iskreni.net\/trgovina\/product\/kaj-se-skriva-na-nocnem-nebu\/","url":"https:\/\/www.iskreni.net\/trgovina\/product\/kaj-se-skriva-na-nocnem-nebu\/","name":"Kaj se skriva na no\u010dnem nebu? - trgovina Iskreni","isPartOf":{"@id":"https:\/\/www.iskreni.net\/trgovina\/#website"},"primaryImageOfPage":{"@id":"https:\/\/www.iskreni.net\/trgovina\/product\/kaj-se-skriva-na-nocnem-nebu\/#primaryimage"},"image":{"@id":"https:\/\/www.iskreni.net\/trgovina\/product\/kaj-se-skriva-na-nocnem-nebu\/#primaryimage"},"thumbnailUrl":"https:\/\/www.iskreni.net\/trgovina\/wp-content\/uploads\/2023\/05\/Slike-za-v-spletno-trgovino-86.jpg","datePublished":"2023-05-23T12:36:40+00:00","dateModified":"2025-07-09T11:57:07+00:00","description":"Kaj se skriva na no\u010dnem nebu? \u010ce se pono\u010di ozre\u0161 v nebo, bo\u0161 na njem zagledal planete in zvezde. Knjiga ti predstavi osem ozvezdij zodiaka.","breadcrumb":{"@id":"https:\/\/www.iskreni.net\/trgovina\/product\/kaj-se-skriva-na-nocnem-nebu\/#breadcrumb"},"inLanguage":"sl-SI","potentialAction":[{"@type":"ReadAction","target":["https:\/\/www.iskreni.net\/trgovina\/product\/kaj-se-skriva-na-nocnem-nebu\/"]}]},{"@type":"ImageObject","inLanguage":"sl-SI","@id":"https:\/\/www.iskreni.net\/trgovina\/product\/kaj-se-skriva-na-nocnem-nebu\/#primaryimage","url":"https:\/\/www.iskreni.net\/trgovina\/wp-content\/uploads\/2023\/05\/Slike-za-v-spletno-trgovino-86.jpg","contentUrl":"https:\/\/www.iskreni.net\/trgovina\/wp-content\/uploads\/2023\/05\/Slike-za-v-spletno-trgovino-86.jpg","width":600,"height":600},{"@type":"BreadcrumbList","@id":"https:\/\/www.iskreni.net\/trgovina\/product\/kaj-se-skriva-na-nocnem-nebu\/#breadcrumb","itemListElement":[{"@type":"ListItem","position":1,"name":"Home","item":"https:\/\/www.iskreni.net\/trgovina\/"},{"@type":"ListItem","position":2,"name":"Trgovina","item":"https:\/\/www.iskreni.net\/trgovina\/trgovina\/"},{"@type":"ListItem","position":3,"name":"Kaj se skriva na no\u010dnem nebu?"}]},{"@type":"WebSite","@id":"https:\/\/www.iskreni.net\/trgovina\/#website","url":"https:\/\/www.iskreni.net\/trgovina\/","name":"Zavod Iskreni","description":"trgovina","potentialAction":[{"@type":"SearchAction","target":{"@type":"EntryPoint","urlTemplate":"https:\/\/www.iskreni.net\/trgovina\/?s={search_term_string}"},"query-input":{"@type":"PropertyValueSpecification","valueRequired":true,"valueName":"search_term_string"}}],"inLanguage":"sl-SI"}]}},"_links":{"self":[{"href":"https:\/\/www.iskreni.net\/trgovina\/wp-json\/wp\/v2\/product\/66708","targetHints":{"allow":["GET"]}}],"collection":[{"href":"https:\/\/www.iskreni.net\/trgovina\/wp-json\/wp\/v2\/product"}],"about":[{"href":"https:\/\/www.iskreni.net\/trgovina\/wp-json\/wp\/v2\/types\/product"}],"replies":[{"embeddable":true,"href":"https:\/\/www.iskreni.net\/trgovina\/wp-json\/wp\/v2\/comments?post=66708"}],"version-history":[{"count":4,"href":"https:\/\/www.iskreni.net\/trgovina\/wp-json\/wp\/v2\/product\/66708\/revisions"}],"predecessor-version":[{"id":88060,"href":"https:\/\/www.iskreni.net\/trgovina\/wp-json\/wp\/v2\/product\/66708\/revisions\/88060"}],"wp:featuredmedia":[{"embeddable":true,"href":"https:\/\/www.iskreni.net\/trgovina\/wp-json\/wp\/v2\/media\/66710"}],"wp:attachment":[{"href":"https:\/\/www.iskreni.net\/trgovina\/wp-json\/wp\/v2\/media?parent=66708"}],"wp:term":[{"taxonomy":"product_brand","embeddable":true,"href":"https:\/\/www.iskreni.net\/trgovina\/wp-json\/wp\/v2\/product_brand?post=66708"},{"taxonomy":"product_cat","embeddable":true,"href":"https:\/\/www.iskreni.net\/trgovina\/wp-json\/wp\/v2\/product_cat?post=66708"},{"taxonomy":"product_tag","embeddable":true,"href":"https:\/\/www.iskreni.net\/trgovina\/wp-json\/wp\/v2\/product_tag?post=66708"},{"taxonomy":"avtor","embeddable":true,"href":"https:\/\/www.iskreni.net\/trgovina\/wp-json\/wp\/v2\/avtor?post=66708"},{"taxonomy":"zalozba","embeddable":true,"href":"https:\/\/www.iskreni.net\/trgovina\/wp-json\/wp\/v2\/zalozba?post=66708"},{"taxonomy":"vezava","embeddable":true,"href":"https:\/\/www.iskreni.net\/trgovina\/wp-json\/wp\/v2\/vezava?post=66708"}],"curies":[{"name":"wp","href":"https:\/\/api.w.org\/{rel}","templated":true}]}}