{"id":66577,"date":"2023-05-17T16:10:15","date_gmt":"2023-05-17T14:10:15","guid":{"rendered":"https:\/\/www.iskreni.net\/trgovina\/?post_type=product&#038;p=66577"},"modified":"2025-07-09T13:56:54","modified_gmt":"2025-07-09T11:56:54","slug":"velikani-slovenske-osamosvojitve-in-udba-joze-pucnik-psevdomarksist","status":"publish","type":"product","link":"https:\/\/www.iskreni.net\/trgovina\/product\/velikani-slovenske-osamosvojitve-in-udba-joze-pucnik-psevdomarksist\/","title":{"rendered":"Velikani slovenske osamosvojitve in Udba: Jo\u017ee Pu\u010dnik &#8211; Psevdomarksist"},"content":{"rendered":"<h4>O knjigi Velikani slovenske osamosvojitve in Udba: Jo\u017ee Pu\u010dnik &#8211; Psevdomarksist<\/h4>\n<p>Knjiga dokumentirano opisuje obse\u017eno zalezovanje Jo\u017eeta Pu\u010dnika od leta 1958 do leta 1990. Slovenska tajna politi\u010dna policija (ponarodelo) Udba je Pu\u010dnika zalezovalo v okviru obdelave Psevdomarksisti, torej kot Psevdomarksista. Udba ga je oktobra 1958 priprla zaradi sodelovanja v Reviji 57. Sledilo je sojenje in obsodba na dolgoletni zapor.<\/p>\n<p>Na pogojno svobodo je bil izpu\u0161\u010den junija 1963, a zaradi sodelovanja v reviji Perspektive, se je moral maja 1964 vrniti v zapor. Aprila 1966 je odslu\u017eil krivi\u010dno kazen. Tudi v zaporu ga je Udba nadzorovala. Nato je od\u0161el v zahodno Nem\u010dijo in tam postal profesor na Univerzi v L\u00fcneburgu. Ob\u010dasno se je vra\u010dal v domovino in seveda so ga takrat spet vneto zalezovali na\u0161i tajni policaji, \u0161e posebej, ko je za\u010del sodelovati z Novo revijo.<\/p>\n<p>Zaradi \u010dlanka v znameniti 57. \u0161tevilki Nove revije, je re\u017eim razmi\u0161ljal tudi o ponovnem sodnem procesiranju Pu\u010dnika. Leta 1989 se je kot profesor v Zvezni republiki Nem\u010diji upokojil in se za stalno vrnil v domovino. Tu je postal poveljnik \u201cosamosvojitvenega\u201d Demosa. Zato je \u017ee v naslovu knjige Jo\u017ee Pu\u010dnik ozna\u010den za velikana slovenske osamosvojitve!<\/p>\n<h4>O avtorju:<\/h4>\n<p>Igor Omerza, rojen v Ljubljani, magister ekonomskih znanosti, je bil \u010dlan vodstva opore\u010dni\u0161kega Odbora za varstvo \u010dlovekovih pravic in aktiven politik po propadu socializma v Sloveniji. Takoj po osamosvojitvi je bil generalni direktor SDK, nato poslanec v parlamentu in ljubljanski pod\u017eupan. Zadnja leta se posve\u010da predvsem pisanju knjig. Do sedaj je objavil 21 knjig, nekatere je mo\u017eno brati tudi v nem\u0161kem, hrva\u0161kem in angle\u0161kem jeziku. Ve\u010dinoma pi\u0161e o na\u0161i tajni komunisti\u010dni politi\u010dni policiji. Z novinarjem Bojanom Po\u017earjem je leta 2016 izdal elektronsko knjigo Melania Trump \u2013 The Inside Story.<\/p>\n","protected":false},"excerpt":{"rendered":"<p><strong>Leto izdaje:<\/strong> 2023<br \/>\n<strong>\u0160tevilo strani:<\/strong> 191<br \/>\n<strong>Mere:<\/strong> 20 x 13,5 cm<br \/>\n<i>\u00a0<\/i><\/p>\n<p>Knjiga dokumentirano opisuje obse\u017eno zalezovanje Jo\u017eeta Pu\u010dnika od leta 1958 do leta 1990. Slovenska tajna politi\u010dna policija (ponarodelo) Udba je Pu\u010dnika zalezovalo v okviru obdelave Psevdomarksisti, torej kot Psevdomarksista.<\/p>\n","protected":false},"featured_media":66575,"comment_status":"open","ping_status":"closed","template":"","meta":[],"product_brand":[],"product_cat":[2326,63],"product_tag":[1492],"avtor":[2358],"zalozba":[2338,2662],"vezava":[2307],"class_list":{"0":"post-66577","1":"product","2":"type-product","3":"status-publish","4":"has-post-thumbnail","6":"product_cat-druzbena-vprasanja-in-humanistika","7":"product_cat-knjige","8":"product_tag-udba","9":"avtor-igor-omerza","10":"zalozba-dobra-knjiga","11":"zalozba-zavod-aruma","12":"vezava-mehka","14":"first","15":"onbackorder","16":"taxable","17":"shipping-taxable","18":"purchasable","19":"product-type-simple"},"yoast_head":"<!-- This site is optimized with the Yoast SEO plugin v26.3 - https:\/\/yoast.com\/wordpress\/plugins\/seo\/ -->\n<title>Igor Omerza: Jo\u017ee Pu\u010dnik - Psevdomarksist - trgovina Iskreni<\/title>\n<meta name=\"description\" content=\"Velikani slovenske osamosvojitve in Udba: Jo\u017ee Pu\u010dnik - Psevdomarksist dokumentirano opisuje obse\u017eno zalezovanje Jo\u017eeta Pu\u010dnika od leta 1958 do leta 1990.\" \/>\n<meta name=\"robots\" content=\"index, follow, max-snippet:-1, max-image-preview:large, max-video-preview:-1\" \/>\n<link rel=\"canonical\" href=\"https:\/\/www.iskreni.net\/trgovina\/product\/velikani-slovenske-osamosvojitve-in-udba-joze-pucnik-psevdomarksist\/\" \/>\n<meta property=\"og:locale\" content=\"sl_SI\" \/>\n<meta property=\"og:type\" content=\"article\" \/>\n<meta property=\"og:title\" content=\"Velikani slovenske osamosvojitve in Udba: Jo\u017ee Pu\u010dnik - Psevdomarksist\" \/>\n<meta property=\"og:description\" content=\"Velikani slovenske osamosvojitve in Udba: Jo\u017ee Pu\u010dnik - Psevdomarksist dokumentirano opisuje obse\u017eno zalezovanje Jo\u017eeta Pu\u010dnika od leta 1958 do leta 1990.\" \/>\n<meta property=\"og:url\" content=\"https:\/\/www.iskreni.net\/trgovina\/product\/velikani-slovenske-osamosvojitve-in-udba-joze-pucnik-psevdomarksist\/\" \/>\n<meta property=\"og:site_name\" content=\"Zavod Iskreni\" \/>\n<meta property=\"article:modified_time\" content=\"2025-07-09T11:56:54+00:00\" \/>\n<meta property=\"og:image\" content=\"https:\/\/www.iskreni.net\/trgovina\/wp-content\/uploads\/2023\/05\/Slike-za-v-spletno-trgovino-79.jpg\" \/>\n\t<meta property=\"og:image:width\" content=\"600\" \/>\n\t<meta property=\"og:image:height\" content=\"600\" \/>\n\t<meta property=\"og:image:type\" content=\"image\/jpeg\" \/>\n<meta name=\"twitter:card\" content=\"summary_large_image\" \/>\n<meta name=\"twitter:label1\" content=\"Est. reading time\" \/>\n\t<meta name=\"twitter:data1\" content=\"2 minuti\" \/>\n<script type=\"application\/ld+json\" class=\"yoast-schema-graph\">{\"@context\":\"https:\/\/schema.org\",\"@graph\":[{\"@type\":\"WebPage\",\"@id\":\"https:\/\/www.iskreni.net\/trgovina\/product\/velikani-slovenske-osamosvojitve-in-udba-joze-pucnik-psevdomarksist\/\",\"url\":\"https:\/\/www.iskreni.net\/trgovina\/product\/velikani-slovenske-osamosvojitve-in-udba-joze-pucnik-psevdomarksist\/\",\"name\":\"Igor Omerza: Jo\u017ee Pu\u010dnik - Psevdomarksist - trgovina Iskreni\",\"isPartOf\":{\"@id\":\"https:\/\/www.iskreni.net\/trgovina\/#website\"},\"primaryImageOfPage\":{\"@id\":\"https:\/\/www.iskreni.net\/trgovina\/product\/velikani-slovenske-osamosvojitve-in-udba-joze-pucnik-psevdomarksist\/#primaryimage\"},\"image\":{\"@id\":\"https:\/\/www.iskreni.net\/trgovina\/product\/velikani-slovenske-osamosvojitve-in-udba-joze-pucnik-psevdomarksist\/#primaryimage\"},\"thumbnailUrl\":\"https:\/\/www.iskreni.net\/trgovina\/wp-content\/uploads\/2023\/05\/Slike-za-v-spletno-trgovino-79.jpg\",\"datePublished\":\"2023-05-17T14:10:15+00:00\",\"dateModified\":\"2025-07-09T11:56:54+00:00\",\"description\":\"Velikani slovenske osamosvojitve in Udba: Jo\u017ee Pu\u010dnik - Psevdomarksist dokumentirano opisuje obse\u017eno zalezovanje Jo\u017eeta Pu\u010dnika od leta 1958 do leta 1990.\",\"breadcrumb\":{\"@id\":\"https:\/\/www.iskreni.net\/trgovina\/product\/velikani-slovenske-osamosvojitve-in-udba-joze-pucnik-psevdomarksist\/#breadcrumb\"},\"inLanguage\":\"sl-SI\",\"potentialAction\":[{\"@type\":\"ReadAction\",\"target\":[\"https:\/\/www.iskreni.net\/trgovina\/product\/velikani-slovenske-osamosvojitve-in-udba-joze-pucnik-psevdomarksist\/\"]}]},{\"@type\":\"ImageObject\",\"inLanguage\":\"sl-SI\",\"@id\":\"https:\/\/www.iskreni.net\/trgovina\/product\/velikani-slovenske-osamosvojitve-in-udba-joze-pucnik-psevdomarksist\/#primaryimage\",\"url\":\"https:\/\/www.iskreni.net\/trgovina\/wp-content\/uploads\/2023\/05\/Slike-za-v-spletno-trgovino-79.jpg\",\"contentUrl\":\"https:\/\/www.iskreni.net\/trgovina\/wp-content\/uploads\/2023\/05\/Slike-za-v-spletno-trgovino-79.jpg\",\"width\":600,\"height\":600},{\"@type\":\"BreadcrumbList\",\"@id\":\"https:\/\/www.iskreni.net\/trgovina\/product\/velikani-slovenske-osamosvojitve-in-udba-joze-pucnik-psevdomarksist\/#breadcrumb\",\"itemListElement\":[{\"@type\":\"ListItem\",\"position\":1,\"name\":\"Home\",\"item\":\"https:\/\/www.iskreni.net\/trgovina\/\"},{\"@type\":\"ListItem\",\"position\":2,\"name\":\"Trgovina\",\"item\":\"https:\/\/www.iskreni.net\/trgovina\/trgovina\/\"},{\"@type\":\"ListItem\",\"position\":3,\"name\":\"Velikani slovenske osamosvojitve in Udba: Jo\u017ee Pu\u010dnik &#8211; Psevdomarksist\"}]},{\"@type\":\"WebSite\",\"@id\":\"https:\/\/www.iskreni.net\/trgovina\/#website\",\"url\":\"https:\/\/www.iskreni.net\/trgovina\/\",\"name\":\"Zavod Iskreni\",\"description\":\"trgovina\",\"potentialAction\":[{\"@type\":\"SearchAction\",\"target\":{\"@type\":\"EntryPoint\",\"urlTemplate\":\"https:\/\/www.iskreni.net\/trgovina\/?s={search_term_string}\"},\"query-input\":{\"@type\":\"PropertyValueSpecification\",\"valueRequired\":true,\"valueName\":\"search_term_string\"}}],\"inLanguage\":\"sl-SI\"}]}<\/script>\n<!-- \/ Yoast SEO plugin. -->","yoast_head_json":{"title":"Igor Omerza: Jo\u017ee Pu\u010dnik - Psevdomarksist - trgovina Iskreni","description":"Velikani slovenske osamosvojitve in Udba: Jo\u017ee Pu\u010dnik - Psevdomarksist dokumentirano opisuje obse\u017eno zalezovanje Jo\u017eeta Pu\u010dnika od leta 1958 do leta 1990.","robots":{"index":"index","follow":"follow","max-snippet":"max-snippet:-1","max-image-preview":"max-image-preview:large","max-video-preview":"max-video-preview:-1"},"canonical":"https:\/\/www.iskreni.net\/trgovina\/product\/velikani-slovenske-osamosvojitve-in-udba-joze-pucnik-psevdomarksist\/","og_locale":"sl_SI","og_type":"article","og_title":"Velikani slovenske osamosvojitve in Udba: Jo\u017ee Pu\u010dnik - Psevdomarksist","og_description":"Velikani slovenske osamosvojitve in Udba: Jo\u017ee Pu\u010dnik - Psevdomarksist dokumentirano opisuje obse\u017eno zalezovanje Jo\u017eeta Pu\u010dnika od leta 1958 do leta 1990.","og_url":"https:\/\/www.iskreni.net\/trgovina\/product\/velikani-slovenske-osamosvojitve-in-udba-joze-pucnik-psevdomarksist\/","og_site_name":"Zavod Iskreni","article_modified_time":"2025-07-09T11:56:54+00:00","og_image":[{"width":600,"height":600,"url":"https:\/\/www.iskreni.net\/trgovina\/wp-content\/uploads\/2023\/05\/Slike-za-v-spletno-trgovino-79.jpg","type":"image\/jpeg"}],"twitter_card":"summary_large_image","twitter_misc":{"Est. reading time":"2 minuti"},"schema":{"@context":"https:\/\/schema.org","@graph":[{"@type":"WebPage","@id":"https:\/\/www.iskreni.net\/trgovina\/product\/velikani-slovenske-osamosvojitve-in-udba-joze-pucnik-psevdomarksist\/","url":"https:\/\/www.iskreni.net\/trgovina\/product\/velikani-slovenske-osamosvojitve-in-udba-joze-pucnik-psevdomarksist\/","name":"Igor Omerza: Jo\u017ee Pu\u010dnik - Psevdomarksist - trgovina Iskreni","isPartOf":{"@id":"https:\/\/www.iskreni.net\/trgovina\/#website"},"primaryImageOfPage":{"@id":"https:\/\/www.iskreni.net\/trgovina\/product\/velikani-slovenske-osamosvojitve-in-udba-joze-pucnik-psevdomarksist\/#primaryimage"},"image":{"@id":"https:\/\/www.iskreni.net\/trgovina\/product\/velikani-slovenske-osamosvojitve-in-udba-joze-pucnik-psevdomarksist\/#primaryimage"},"thumbnailUrl":"https:\/\/www.iskreni.net\/trgovina\/wp-content\/uploads\/2023\/05\/Slike-za-v-spletno-trgovino-79.jpg","datePublished":"2023-05-17T14:10:15+00:00","dateModified":"2025-07-09T11:56:54+00:00","description":"Velikani slovenske osamosvojitve in Udba: Jo\u017ee Pu\u010dnik - Psevdomarksist dokumentirano opisuje obse\u017eno zalezovanje Jo\u017eeta Pu\u010dnika od leta 1958 do leta 1990.","breadcrumb":{"@id":"https:\/\/www.iskreni.net\/trgovina\/product\/velikani-slovenske-osamosvojitve-in-udba-joze-pucnik-psevdomarksist\/#breadcrumb"},"inLanguage":"sl-SI","potentialAction":[{"@type":"ReadAction","target":["https:\/\/www.iskreni.net\/trgovina\/product\/velikani-slovenske-osamosvojitve-in-udba-joze-pucnik-psevdomarksist\/"]}]},{"@type":"ImageObject","inLanguage":"sl-SI","@id":"https:\/\/www.iskreni.net\/trgovina\/product\/velikani-slovenske-osamosvojitve-in-udba-joze-pucnik-psevdomarksist\/#primaryimage","url":"https:\/\/www.iskreni.net\/trgovina\/wp-content\/uploads\/2023\/05\/Slike-za-v-spletno-trgovino-79.jpg","contentUrl":"https:\/\/www.iskreni.net\/trgovina\/wp-content\/uploads\/2023\/05\/Slike-za-v-spletno-trgovino-79.jpg","width":600,"height":600},{"@type":"BreadcrumbList","@id":"https:\/\/www.iskreni.net\/trgovina\/product\/velikani-slovenske-osamosvojitve-in-udba-joze-pucnik-psevdomarksist\/#breadcrumb","itemListElement":[{"@type":"ListItem","position":1,"name":"Home","item":"https:\/\/www.iskreni.net\/trgovina\/"},{"@type":"ListItem","position":2,"name":"Trgovina","item":"https:\/\/www.iskreni.net\/trgovina\/trgovina\/"},{"@type":"ListItem","position":3,"name":"Velikani slovenske osamosvojitve in Udba: Jo\u017ee Pu\u010dnik &#8211; Psevdomarksist"}]},{"@type":"WebSite","@id":"https:\/\/www.iskreni.net\/trgovina\/#website","url":"https:\/\/www.iskreni.net\/trgovina\/","name":"Zavod Iskreni","description":"trgovina","potentialAction":[{"@type":"SearchAction","target":{"@type":"EntryPoint","urlTemplate":"https:\/\/www.iskreni.net\/trgovina\/?s={search_term_string}"},"query-input":{"@type":"PropertyValueSpecification","valueRequired":true,"valueName":"search_term_string"}}],"inLanguage":"sl-SI"}]}},"_links":{"self":[{"href":"https:\/\/www.iskreni.net\/trgovina\/wp-json\/wp\/v2\/product\/66577","targetHints":{"allow":["GET"]}}],"collection":[{"href":"https:\/\/www.iskreni.net\/trgovina\/wp-json\/wp\/v2\/product"}],"about":[{"href":"https:\/\/www.iskreni.net\/trgovina\/wp-json\/wp\/v2\/types\/product"}],"replies":[{"embeddable":true,"href":"https:\/\/www.iskreni.net\/trgovina\/wp-json\/wp\/v2\/comments?post=66577"}],"version-history":[{"count":4,"href":"https:\/\/www.iskreni.net\/trgovina\/wp-json\/wp\/v2\/product\/66577\/revisions"}],"predecessor-version":[{"id":72410,"href":"https:\/\/www.iskreni.net\/trgovina\/wp-json\/wp\/v2\/product\/66577\/revisions\/72410"}],"wp:featuredmedia":[{"embeddable":true,"href":"https:\/\/www.iskreni.net\/trgovina\/wp-json\/wp\/v2\/media\/66575"}],"wp:attachment":[{"href":"https:\/\/www.iskreni.net\/trgovina\/wp-json\/wp\/v2\/media?parent=66577"}],"wp:term":[{"taxonomy":"product_brand","embeddable":true,"href":"https:\/\/www.iskreni.net\/trgovina\/wp-json\/wp\/v2\/product_brand?post=66577"},{"taxonomy":"product_cat","embeddable":true,"href":"https:\/\/www.iskreni.net\/trgovina\/wp-json\/wp\/v2\/product_cat?post=66577"},{"taxonomy":"product_tag","embeddable":true,"href":"https:\/\/www.iskreni.net\/trgovina\/wp-json\/wp\/v2\/product_tag?post=66577"},{"taxonomy":"avtor","embeddable":true,"href":"https:\/\/www.iskreni.net\/trgovina\/wp-json\/wp\/v2\/avtor?post=66577"},{"taxonomy":"zalozba","embeddable":true,"href":"https:\/\/www.iskreni.net\/trgovina\/wp-json\/wp\/v2\/zalozba?post=66577"},{"taxonomy":"vezava","embeddable":true,"href":"https:\/\/www.iskreni.net\/trgovina\/wp-json\/wp\/v2\/vezava?post=66577"}],"curies":[{"name":"wp","href":"https:\/\/api.w.org\/{rel}","templated":true}]}}