{"id":66572,"date":"2023-05-17T16:01:27","date_gmt":"2023-05-17T14:01:27","guid":{"rendered":"https:\/\/www.iskreni.net\/trgovina\/?post_type=product&#038;p=66572"},"modified":"2025-07-09T13:56:38","modified_gmt":"2025-07-09T11:56:38","slug":"velikani-slovenske-osamosvojitve-in-udba-france-bucar-tikves","status":"publish","type":"product","link":"https:\/\/www.iskreni.net\/trgovina\/product\/velikani-slovenske-osamosvojitve-in-udba-france-bucar-tikves\/","title":{"rendered":"Velikani slovenske osamosvojitve in Udba: France Bu\u010dar &#8211; Tikve\u0161"},"content":{"rendered":"<h4>O knjigi\u00a0<strong>Velikani slovenske osamosvojitve in Udba: France Bu\u010dar &#8211; Tikve\u0161:<\/strong><\/h4>\n<p>Knjiga dokumentirano opisuje obse\u017eno zalezovanje Franceta Bu\u010darja od leta 1975 do leta 1990. Slovenska tajna politi\u010dna policija (ponarodelo) Udba je Bu\u010darju nadela \u201czalezovalno\u201d kodno ime \u201cTikve\u0161\u201d. V zadnjih letih propadlega re\u017eima je bil najbolj tajno spremljan posameznik v socialisti\u010dni Sloveniji. V njegovi doma\u010diji v Bohinjski Bistrici so vgradili tajni policaji prislu\u0161kovalne naprave celo v strani\u0161\u010du!<\/p>\n<p>Bil je blizu zapora zaradi pisanja v 57. \u0161tevilko Nove revije in zaradi nastopa pred odborom evropskega parlamenta (20. januar 1989). Nastop je bil za tiste \u010dase, glede na mo\u017enost represalij doma, radikalen in neustra\u0161en, saj je France Bu\u010dar med drugim dejal, da je finan\u010dna pomo\u010d Jugoslaviji in podobnim dr\u017eavam nesmiselna in \u0161kodljiva, ker jim omogo\u010da nadaljevati \u201cprotidemokrati\u010dno prakso upravljanja svojih ljudstev\u201d.<\/p>\n<p>Jo\u017ee Smole, takratni \u0161ef socialisti\u010dne zveze ga je zato ozna\u010dil za narodnega izdajalca! In ta \u201cizdajalec\u201d in intenzivni subjekt tajnega zalezovanja je \u010dez dobro leto dni postal prvi predsednik demokrati\u010dno izvoljenega slovenskega parlamenta in tudi odlo\u010dilno prispeval k suvereni, mednarodno priznani slovenski dr\u017eavi. Zato je \u017ee v naslovu knjige France Bu\u010dar ozna\u010den za velikana slovenske osamosvojitve!<\/p>\n<h4>O avtorju:<\/h4>\n<p>Igor Omerza, rojen v Ljubljani, magister ekonomskih znanosti, je bil \u010dlan vodstva opore\u010dni\u0161kega Odbora za varstvo \u010dlovekovih pravic in aktiven politik po propadu socializma v Sloveniji. Takoj po osamosvojitvi je bil generalni direktor SDK, nato poslanec v parlamentu in ljubljanski pod\u017eupan. Zadnja leta se posve\u010da predvsem pisanju knjig. Do sedaj je objavil 20 knjig, nekatere je mo\u017eno brati tudi v nem\u0161kem, hrva\u0161kem in angle\u0161kem jeziku. Ve\u010dinoma pi\u0161e o na\u0161i tajni komunisti\u010dni politi\u010dni policiji. Z novinarjem Bojanom Po\u017earjem je leta 2016 izdal elektronsko knjigo Melania Trump \u2013 The Inside Story.<\/p>\n","protected":false},"excerpt":{"rendered":"<p><strong>Leto izdaje:<\/strong> 2023<br \/>\n<strong>\u0160tevilo strani:<\/strong> 185<br \/>\n<strong>Mere:<\/strong> 20 x 13,5 cm<\/p>\n<p><i>\u00a0<\/i><\/p>\n","protected":false},"featured_media":66574,"comment_status":"open","ping_status":"closed","template":"","meta":[],"product_brand":[],"product_cat":[2326,63],"product_tag":[1492],"avtor":[2358],"zalozba":[2338],"vezava":[2307],"class_list":{"0":"post-66572","1":"product","2":"type-product","3":"status-publish","4":"has-post-thumbnail","6":"product_cat-druzbena-vprasanja-in-humanistika","7":"product_cat-knjige","8":"product_tag-udba","9":"avtor-igor-omerza","10":"zalozba-dobra-knjiga","11":"vezava-mehka","13":"first","14":"onbackorder","15":"taxable","16":"shipping-taxable","17":"purchasable","18":"product-type-simple"},"yoast_head":"<!-- This site is optimized with the Yoast SEO plugin v26.3 - https:\/\/yoast.com\/wordpress\/plugins\/seo\/ -->\n<title>Igor Omerza: France Bu\u010dar - Tikve\u0161 - trgovina Iskreni<\/title>\n<meta name=\"description\" content=\"Velikani slovenske osamosvojitve in Udba: France Bu\u010dar - Tikve\u0161 dokumentirano opisuje obse\u017eno zalezovanje Franceta Bu\u010darja od leta 1975 do leta 1990.\" \/>\n<meta name=\"robots\" content=\"index, follow, max-snippet:-1, max-image-preview:large, max-video-preview:-1\" \/>\n<link rel=\"canonical\" href=\"https:\/\/www.iskreni.net\/trgovina\/product\/velikani-slovenske-osamosvojitve-in-udba-france-bucar-tikves\/\" \/>\n<meta property=\"og:locale\" content=\"sl_SI\" \/>\n<meta property=\"og:type\" content=\"article\" \/>\n<meta property=\"og:title\" content=\"Velikani slovenske osamosvojitve in Udba: France Bu\u010dar - Tikve\u0161\" \/>\n<meta property=\"og:description\" content=\"Velikani slovenske osamosvojitve in Udba: France Bu\u010dar - Tikve\u0161 dokumentirano opisuje obse\u017eno zalezovanje Franceta Bu\u010darja od leta 1975 do leta 1990.\" \/>\n<meta property=\"og:url\" content=\"https:\/\/www.iskreni.net\/trgovina\/product\/velikani-slovenske-osamosvojitve-in-udba-france-bucar-tikves\/\" \/>\n<meta property=\"og:site_name\" content=\"Zavod Iskreni\" \/>\n<meta property=\"article:modified_time\" content=\"2025-07-09T11:56:38+00:00\" \/>\n<meta property=\"og:image\" content=\"https:\/\/www.iskreni.net\/trgovina\/wp-content\/uploads\/2023\/05\/Slike-za-v-spletno-trgovino-80.jpg\" \/>\n\t<meta property=\"og:image:width\" content=\"600\" \/>\n\t<meta property=\"og:image:height\" content=\"600\" \/>\n\t<meta property=\"og:image:type\" content=\"image\/jpeg\" \/>\n<meta name=\"twitter:card\" content=\"summary_large_image\" \/>\n<meta name=\"twitter:label1\" content=\"Est. reading time\" \/>\n\t<meta name=\"twitter:data1\" content=\"2 minuti\" \/>\n<script type=\"application\/ld+json\" class=\"yoast-schema-graph\">{\"@context\":\"https:\/\/schema.org\",\"@graph\":[{\"@type\":\"WebPage\",\"@id\":\"https:\/\/www.iskreni.net\/trgovina\/product\/velikani-slovenske-osamosvojitve-in-udba-france-bucar-tikves\/\",\"url\":\"https:\/\/www.iskreni.net\/trgovina\/product\/velikani-slovenske-osamosvojitve-in-udba-france-bucar-tikves\/\",\"name\":\"Igor Omerza: France Bu\u010dar - Tikve\u0161 - trgovina Iskreni\",\"isPartOf\":{\"@id\":\"https:\/\/www.iskreni.net\/trgovina\/#website\"},\"primaryImageOfPage\":{\"@id\":\"https:\/\/www.iskreni.net\/trgovina\/product\/velikani-slovenske-osamosvojitve-in-udba-france-bucar-tikves\/#primaryimage\"},\"image\":{\"@id\":\"https:\/\/www.iskreni.net\/trgovina\/product\/velikani-slovenske-osamosvojitve-in-udba-france-bucar-tikves\/#primaryimage\"},\"thumbnailUrl\":\"https:\/\/www.iskreni.net\/trgovina\/wp-content\/uploads\/2023\/05\/Slike-za-v-spletno-trgovino-80.jpg\",\"datePublished\":\"2023-05-17T14:01:27+00:00\",\"dateModified\":\"2025-07-09T11:56:38+00:00\",\"description\":\"Velikani slovenske osamosvojitve in Udba: France Bu\u010dar - Tikve\u0161 dokumentirano opisuje obse\u017eno zalezovanje Franceta Bu\u010darja od leta 1975 do leta 1990.\",\"breadcrumb\":{\"@id\":\"https:\/\/www.iskreni.net\/trgovina\/product\/velikani-slovenske-osamosvojitve-in-udba-france-bucar-tikves\/#breadcrumb\"},\"inLanguage\":\"sl-SI\",\"potentialAction\":[{\"@type\":\"ReadAction\",\"target\":[\"https:\/\/www.iskreni.net\/trgovina\/product\/velikani-slovenske-osamosvojitve-in-udba-france-bucar-tikves\/\"]}]},{\"@type\":\"ImageObject\",\"inLanguage\":\"sl-SI\",\"@id\":\"https:\/\/www.iskreni.net\/trgovina\/product\/velikani-slovenske-osamosvojitve-in-udba-france-bucar-tikves\/#primaryimage\",\"url\":\"https:\/\/www.iskreni.net\/trgovina\/wp-content\/uploads\/2023\/05\/Slike-za-v-spletno-trgovino-80.jpg\",\"contentUrl\":\"https:\/\/www.iskreni.net\/trgovina\/wp-content\/uploads\/2023\/05\/Slike-za-v-spletno-trgovino-80.jpg\",\"width\":600,\"height\":600},{\"@type\":\"BreadcrumbList\",\"@id\":\"https:\/\/www.iskreni.net\/trgovina\/product\/velikani-slovenske-osamosvojitve-in-udba-france-bucar-tikves\/#breadcrumb\",\"itemListElement\":[{\"@type\":\"ListItem\",\"position\":1,\"name\":\"Home\",\"item\":\"https:\/\/www.iskreni.net\/trgovina\/\"},{\"@type\":\"ListItem\",\"position\":2,\"name\":\"Trgovina\",\"item\":\"https:\/\/www.iskreni.net\/trgovina\/trgovina\/\"},{\"@type\":\"ListItem\",\"position\":3,\"name\":\"Velikani slovenske osamosvojitve in Udba: France Bu\u010dar &#8211; Tikve\u0161\"}]},{\"@type\":\"WebSite\",\"@id\":\"https:\/\/www.iskreni.net\/trgovina\/#website\",\"url\":\"https:\/\/www.iskreni.net\/trgovina\/\",\"name\":\"Zavod Iskreni\",\"description\":\"trgovina\",\"potentialAction\":[{\"@type\":\"SearchAction\",\"target\":{\"@type\":\"EntryPoint\",\"urlTemplate\":\"https:\/\/www.iskreni.net\/trgovina\/?s={search_term_string}\"},\"query-input\":{\"@type\":\"PropertyValueSpecification\",\"valueRequired\":true,\"valueName\":\"search_term_string\"}}],\"inLanguage\":\"sl-SI\"}]}<\/script>\n<!-- \/ Yoast SEO plugin. -->","yoast_head_json":{"title":"Igor Omerza: France Bu\u010dar - Tikve\u0161 - trgovina Iskreni","description":"Velikani slovenske osamosvojitve in Udba: France Bu\u010dar - Tikve\u0161 dokumentirano opisuje obse\u017eno zalezovanje Franceta Bu\u010darja od leta 1975 do leta 1990.","robots":{"index":"index","follow":"follow","max-snippet":"max-snippet:-1","max-image-preview":"max-image-preview:large","max-video-preview":"max-video-preview:-1"},"canonical":"https:\/\/www.iskreni.net\/trgovina\/product\/velikani-slovenske-osamosvojitve-in-udba-france-bucar-tikves\/","og_locale":"sl_SI","og_type":"article","og_title":"Velikani slovenske osamosvojitve in Udba: France Bu\u010dar - Tikve\u0161","og_description":"Velikani slovenske osamosvojitve in Udba: France Bu\u010dar - Tikve\u0161 dokumentirano opisuje obse\u017eno zalezovanje Franceta Bu\u010darja od leta 1975 do leta 1990.","og_url":"https:\/\/www.iskreni.net\/trgovina\/product\/velikani-slovenske-osamosvojitve-in-udba-france-bucar-tikves\/","og_site_name":"Zavod Iskreni","article_modified_time":"2025-07-09T11:56:38+00:00","og_image":[{"width":600,"height":600,"url":"https:\/\/www.iskreni.net\/trgovina\/wp-content\/uploads\/2023\/05\/Slike-za-v-spletno-trgovino-80.jpg","type":"image\/jpeg"}],"twitter_card":"summary_large_image","twitter_misc":{"Est. reading time":"2 minuti"},"schema":{"@context":"https:\/\/schema.org","@graph":[{"@type":"WebPage","@id":"https:\/\/www.iskreni.net\/trgovina\/product\/velikani-slovenske-osamosvojitve-in-udba-france-bucar-tikves\/","url":"https:\/\/www.iskreni.net\/trgovina\/product\/velikani-slovenske-osamosvojitve-in-udba-france-bucar-tikves\/","name":"Igor Omerza: France Bu\u010dar - Tikve\u0161 - trgovina Iskreni","isPartOf":{"@id":"https:\/\/www.iskreni.net\/trgovina\/#website"},"primaryImageOfPage":{"@id":"https:\/\/www.iskreni.net\/trgovina\/product\/velikani-slovenske-osamosvojitve-in-udba-france-bucar-tikves\/#primaryimage"},"image":{"@id":"https:\/\/www.iskreni.net\/trgovina\/product\/velikani-slovenske-osamosvojitve-in-udba-france-bucar-tikves\/#primaryimage"},"thumbnailUrl":"https:\/\/www.iskreni.net\/trgovina\/wp-content\/uploads\/2023\/05\/Slike-za-v-spletno-trgovino-80.jpg","datePublished":"2023-05-17T14:01:27+00:00","dateModified":"2025-07-09T11:56:38+00:00","description":"Velikani slovenske osamosvojitve in Udba: France Bu\u010dar - Tikve\u0161 dokumentirano opisuje obse\u017eno zalezovanje Franceta Bu\u010darja od leta 1975 do leta 1990.","breadcrumb":{"@id":"https:\/\/www.iskreni.net\/trgovina\/product\/velikani-slovenske-osamosvojitve-in-udba-france-bucar-tikves\/#breadcrumb"},"inLanguage":"sl-SI","potentialAction":[{"@type":"ReadAction","target":["https:\/\/www.iskreni.net\/trgovina\/product\/velikani-slovenske-osamosvojitve-in-udba-france-bucar-tikves\/"]}]},{"@type":"ImageObject","inLanguage":"sl-SI","@id":"https:\/\/www.iskreni.net\/trgovina\/product\/velikani-slovenske-osamosvojitve-in-udba-france-bucar-tikves\/#primaryimage","url":"https:\/\/www.iskreni.net\/trgovina\/wp-content\/uploads\/2023\/05\/Slike-za-v-spletno-trgovino-80.jpg","contentUrl":"https:\/\/www.iskreni.net\/trgovina\/wp-content\/uploads\/2023\/05\/Slike-za-v-spletno-trgovino-80.jpg","width":600,"height":600},{"@type":"BreadcrumbList","@id":"https:\/\/www.iskreni.net\/trgovina\/product\/velikani-slovenske-osamosvojitve-in-udba-france-bucar-tikves\/#breadcrumb","itemListElement":[{"@type":"ListItem","position":1,"name":"Home","item":"https:\/\/www.iskreni.net\/trgovina\/"},{"@type":"ListItem","position":2,"name":"Trgovina","item":"https:\/\/www.iskreni.net\/trgovina\/trgovina\/"},{"@type":"ListItem","position":3,"name":"Velikani slovenske osamosvojitve in Udba: France Bu\u010dar &#8211; Tikve\u0161"}]},{"@type":"WebSite","@id":"https:\/\/www.iskreni.net\/trgovina\/#website","url":"https:\/\/www.iskreni.net\/trgovina\/","name":"Zavod Iskreni","description":"trgovina","potentialAction":[{"@type":"SearchAction","target":{"@type":"EntryPoint","urlTemplate":"https:\/\/www.iskreni.net\/trgovina\/?s={search_term_string}"},"query-input":{"@type":"PropertyValueSpecification","valueRequired":true,"valueName":"search_term_string"}}],"inLanguage":"sl-SI"}]}},"_links":{"self":[{"href":"https:\/\/www.iskreni.net\/trgovina\/wp-json\/wp\/v2\/product\/66572","targetHints":{"allow":["GET"]}}],"collection":[{"href":"https:\/\/www.iskreni.net\/trgovina\/wp-json\/wp\/v2\/product"}],"about":[{"href":"https:\/\/www.iskreni.net\/trgovina\/wp-json\/wp\/v2\/types\/product"}],"replies":[{"embeddable":true,"href":"https:\/\/www.iskreni.net\/trgovina\/wp-json\/wp\/v2\/comments?post=66572"}],"version-history":[{"count":4,"href":"https:\/\/www.iskreni.net\/trgovina\/wp-json\/wp\/v2\/product\/66572\/revisions"}],"predecessor-version":[{"id":72414,"href":"https:\/\/www.iskreni.net\/trgovina\/wp-json\/wp\/v2\/product\/66572\/revisions\/72414"}],"wp:featuredmedia":[{"embeddable":true,"href":"https:\/\/www.iskreni.net\/trgovina\/wp-json\/wp\/v2\/media\/66574"}],"wp:attachment":[{"href":"https:\/\/www.iskreni.net\/trgovina\/wp-json\/wp\/v2\/media?parent=66572"}],"wp:term":[{"taxonomy":"product_brand","embeddable":true,"href":"https:\/\/www.iskreni.net\/trgovina\/wp-json\/wp\/v2\/product_brand?post=66572"},{"taxonomy":"product_cat","embeddable":true,"href":"https:\/\/www.iskreni.net\/trgovina\/wp-json\/wp\/v2\/product_cat?post=66572"},{"taxonomy":"product_tag","embeddable":true,"href":"https:\/\/www.iskreni.net\/trgovina\/wp-json\/wp\/v2\/product_tag?post=66572"},{"taxonomy":"avtor","embeddable":true,"href":"https:\/\/www.iskreni.net\/trgovina\/wp-json\/wp\/v2\/avtor?post=66572"},{"taxonomy":"zalozba","embeddable":true,"href":"https:\/\/www.iskreni.net\/trgovina\/wp-json\/wp\/v2\/zalozba?post=66572"},{"taxonomy":"vezava","embeddable":true,"href":"https:\/\/www.iskreni.net\/trgovina\/wp-json\/wp\/v2\/vezava?post=66572"}],"curies":[{"name":"wp","href":"https:\/\/api.w.org\/{rel}","templated":true}]}}