{"id":66567,"date":"2023-05-17T15:40:04","date_gmt":"2023-05-17T13:40:04","guid":{"rendered":"https:\/\/www.iskreni.net\/trgovina\/?post_type=product&#038;p=66567"},"modified":"2024-01-12T12:03:51","modified_gmt":"2024-01-12T11:03:51","slug":"50-pustolovscin-ki-bi-jih-moral-doziveti-preden-dopolnis-13-let","status":"publish","type":"product","link":"https:\/\/www.iskreni.net\/trgovina\/product\/50-pustolovscin-ki-bi-jih-moral-doziveti-preden-dopolnis-13-let\/","title":{"rendered":"50 pustolov\u0161\u010din, ki bi jih moral do\u017eiveti, preden dopolni\u0161 13 let"},"content":{"rendered":"<h4>O knjigi 50 pustolov\u0161\u010din, ki bi jih moral do\u017eiveti, preden dopolni\u0161 13 let:<\/h4>\n<p>Teci, ska\u010di, drsaj, plezaj, pritaji se, odkrivaj, iznajdi, zgradi, razmi\u0161ljaj, pi\u0161i, sanjaj \u2026<\/p>\n<p>Ta priro\u010dnik vsebuje 50 pustolov\u0161\u010din za najbolj pogumne. Si pripravljen sprejeti izziv?<\/p>\n<h4>Odlomek iz knjige:<\/h4>\n<p>Med stranmi te knjige so skriti mnogi zakladi. To so zakladi, ki jih nih\u010de ne more ukrasti in ko jih bo\u0161 enkrat na\u0161el, bodo tvoji za vedno. Mogo\u010de se ti bodo zdeli malenkosti, \u010disto obi\u010dajne stvari ali celo neumnosti. Te\u017eko je dolo\u010diti njihovo pravo vrednost. A s\u010dasoma bo\u0161 razumel. \u010cez \u010das bodo \u017eareli kot diamanti na soncu.<\/p>\n<p>Kaj so pravzaprav ti zakladi? Srce, ki divje bije od razburjenja, zasoplo dihanje po teku, vro\u010dina, ki ti \u017ege ko\u017eo, lastovi\u010dji let, pol\u017eeva slina, odprtina v oblaku ali plo\u010devinka, ki se skotali to\u010dno tja, kamor si \u017eelel, da bi se skotalila. Verjemi, to so dragocene stvari.<\/p>\n<p>Vsi iskalci zakladov sledijo temu starodavnemu zakonu: &#8216;Ho\u010dem se zabavati!&#8217;. Knjiga, ki jo ima\u0161 v rokah, ni namenjena nerga\u010dem in sitnobam. Vsakokrat, ko odpre\u0161 to knjigo, mora\u0161 biti pripravljen, da do\u017eivi\u0161 nepozaben dan. Si pripravljen?<\/p>\n<p>Tukaj so pravila Zakona te knjige:<\/p>\n<p>1. To knjigo vedno nosi s seboj. Vsak trenutek je primeren, da opravi\u0161 kak\u0161no nalogo.<\/p>\n<p>2. Skrbno upo\u0161tevaj ta pravila.<\/p>\n<p>3. \u010ce ti ta pravila niso v\u0161e\u010d, jih pre\u010drtaj in si izmisli nova pravila, nato pa jih skrbno upo\u0161tevaj.<\/p>\n<p>4. Naloge lahko za\u010dne\u0161 izpolnjevati \u0161ele potem, ko si podpisal Pogodbo pustolovca.<\/p>\n<p>5. Po vsaki strani v tej knjigi, vklju\u010dno s platnicami, lahko pi\u0161e\u0161, ri\u0161e\u0161 in \u010de\u010dka\u0161.<\/p>\n<p>6. Ima\u0161 pooblastilo, da lahko po\u0161koduje\u0161 to knjigo. Tekom nalog jo lahko uma\u017ee\u0161, zmo\u010di\u0161, raztrga\u0161, \u017eve\u010di\u0161 in za\u017ege\u0161. Vanjo lahko lepi\u0161 fotografije, vstopnice, drevesne liste, peresa &#8211; vse, kar \u017eeli\u0161. Knjiga bo \u017eivela s tabo in s tabo se bo neustra\u0161no soo\u010dala z izzivi.<\/p>\n<p>7. Od zdaj naprej mora\u0161 skakati samo po eni nogi.<\/p>\n<p>8. Pravilo \u0161t. 7 ne velja ve\u010d.<\/p>\n<p>9. Opraviti mora\u0161 \u010dim ve\u010d nalog.<\/p>\n<p>10. Za vsako opravljeno nalogo se mora\u0161 oceniti od 1 do 10. Koliko poguma si potreboval pri nalogi? Koliko si se pri tem nau\u010dil? Koliko si se zabaval? Ko bo\u0161 se\u0161tel vse to\u010dke, bo\u0161 dobil vrednost, ki jo je tista naloga pomenila tebi.<\/p>\n<p>11. \u010ce kak\u0161na naloga zahteva prisotnost odraslega, jo mora\u0161 izpolniti z odraslo osebo. V nasprotnem primeru naloga ni veljavna.<\/p>\n<p>12. Pravila \u0161t. 13 ni, ker prina\u0161a nesre\u010do.<\/p>\n<p>13.<\/p>\n<p>14. Zabavati se je najlep\u0161e, \u010de to po\u010dne\u0161 vsaj z enim prijateljem.<\/p>\n<p><a href=\"https:\/\/www.iskreni.net\/trgovina\/wp-content\/uploads\/2024\/01\/50-dogodivscin_internet.pdf\">Prelistajte knjigo<\/a><\/p>\n<p>&nbsp;<\/p>\n","protected":false},"excerpt":{"rendered":"<p><strong>Avtor:<\/strong> Pierdomenico Baccalario, Tommaso Percivale<br \/>\n<strong>Zalo\u017eba: <\/strong>Dru\u017eina<br \/>\n<strong>Leto izdaje:<\/strong> 2023<br \/>\n<strong>\u0160tevilo strani:<\/strong> 104<br \/>\n<strong>Vezava:<\/strong> mehka<br \/>\n<strong>Mere:\u00a0<\/strong>142 x 193 mm<\/p>\n<p>Teci, ska\u010di, drsaj, plezaj, pritaji se, odkrivaj, iznajdi, zgradi, razmi\u0161ljaj, pi\u0161i, sanjaj \u2026<\/p>\n<p><a href=\"https:\/\/www.iskreni.net\/trgovina\/wp-content\/uploads\/2024\/01\/50-dogodivscin_internet.pdf\">Prelistajte knjigo<\/a><\/p>\n<p>Ta priro\u010dnik vsebuje 50 pustolov\u0161\u010din za najbolj pogumne. Si pripravljen sprejeti izziv?<\/p>\n","protected":false},"featured_media":66569,"comment_status":"open","ping_status":"closed","template":"","meta":[],"product_brand":[],"product_cat":[63,135],"product_tag":[],"avtor":[],"zalozba":[2311],"vezava":[],"class_list":{"0":"post-66567","1":"product","2":"type-product","3":"status-publish","4":"has-post-thumbnail","6":"product_cat-knjige","7":"product_cat-za-otroke","8":"zalozba-druzina","10":"first","11":"instock","12":"taxable","13":"shipping-taxable","14":"purchasable","15":"product-type-simple"},"yoast_head":"<!-- This site is optimized with the Yoast SEO plugin v26.3 - https:\/\/yoast.com\/wordpress\/plugins\/seo\/ -->\n<title>50 pustolov\u0161\u010din, ki bi jih moral do\u017eiveti, preden dopolni\u0161 13 let - trgovina Iskreni<\/title>\n<meta name=\"description\" content=\"50 pustolov\u0161\u010din, ki bi jih moral do\u017eiveti, preden dopolni\u0161 13 let vsebuje 50 izzivov za najbolj pogumne. Teci, ska\u010di, drsaj, plezaj, odkrivaj ... \u017eivi!\" \/>\n<meta name=\"robots\" content=\"index, follow, max-snippet:-1, max-image-preview:large, max-video-preview:-1\" \/>\n<link rel=\"canonical\" href=\"https:\/\/www.iskreni.net\/trgovina\/product\/50-pustolovscin-ki-bi-jih-moral-doziveti-preden-dopolnis-13-let\/\" \/>\n<meta property=\"og:locale\" content=\"sl_SI\" \/>\n<meta property=\"og:type\" content=\"article\" \/>\n<meta property=\"og:title\" content=\"Podarjeni \u010das\" \/>\n<meta property=\"og:description\" content=\"Podarjeni \u010das je knjiga zbranih razmi\u0161ljanj, \u010dustvovanj in duhovnih refleksij, ki jih je irski jezuit bele\u017eil po diagnozi raka v mesecih pred smrtjo.\" \/>\n<meta property=\"og:url\" content=\"https:\/\/www.iskreni.net\/trgovina\/product\/50-pustolovscin-ki-bi-jih-moral-doziveti-preden-dopolnis-13-let\/\" \/>\n<meta property=\"og:site_name\" content=\"Zavod Iskreni\" \/>\n<meta property=\"article:modified_time\" content=\"2024-01-12T11:03:51+00:00\" \/>\n<meta property=\"og:image\" content=\"https:\/\/www.iskreni.net\/trgovina\/wp-content\/uploads\/2023\/05\/Slike-za-v-spletno-trgovino-78.jpg\" \/>\n\t<meta property=\"og:image:width\" content=\"600\" \/>\n\t<meta property=\"og:image:height\" content=\"600\" \/>\n\t<meta property=\"og:image:type\" content=\"image\/jpeg\" \/>\n<meta name=\"twitter:card\" content=\"summary_large_image\" \/>\n<meta name=\"twitter:label1\" content=\"Est. reading time\" \/>\n\t<meta name=\"twitter:data1\" content=\"3 minute\" \/>\n<script type=\"application\/ld+json\" class=\"yoast-schema-graph\">{\"@context\":\"https:\/\/schema.org\",\"@graph\":[{\"@type\":\"WebPage\",\"@id\":\"https:\/\/www.iskreni.net\/trgovina\/product\/50-pustolovscin-ki-bi-jih-moral-doziveti-preden-dopolnis-13-let\/\",\"url\":\"https:\/\/www.iskreni.net\/trgovina\/product\/50-pustolovscin-ki-bi-jih-moral-doziveti-preden-dopolnis-13-let\/\",\"name\":\"50 pustolov\u0161\u010din, ki bi jih moral do\u017eiveti, preden dopolni\u0161 13 let - trgovina Iskreni\",\"isPartOf\":{\"@id\":\"https:\/\/www.iskreni.net\/trgovina\/#website\"},\"primaryImageOfPage\":{\"@id\":\"https:\/\/www.iskreni.net\/trgovina\/product\/50-pustolovscin-ki-bi-jih-moral-doziveti-preden-dopolnis-13-let\/#primaryimage\"},\"image\":{\"@id\":\"https:\/\/www.iskreni.net\/trgovina\/product\/50-pustolovscin-ki-bi-jih-moral-doziveti-preden-dopolnis-13-let\/#primaryimage\"},\"thumbnailUrl\":\"https:\/\/www.iskreni.net\/trgovina\/wp-content\/uploads\/2023\/05\/Slike-za-v-spletno-trgovino-78.jpg\",\"datePublished\":\"2023-05-17T13:40:04+00:00\",\"dateModified\":\"2024-01-12T11:03:51+00:00\",\"description\":\"50 pustolov\u0161\u010din, ki bi jih moral do\u017eiveti, preden dopolni\u0161 13 let vsebuje 50 izzivov za najbolj pogumne. Teci, ska\u010di, drsaj, plezaj, odkrivaj ... \u017eivi!\",\"breadcrumb\":{\"@id\":\"https:\/\/www.iskreni.net\/trgovina\/product\/50-pustolovscin-ki-bi-jih-moral-doziveti-preden-dopolnis-13-let\/#breadcrumb\"},\"inLanguage\":\"sl-SI\",\"potentialAction\":[{\"@type\":\"ReadAction\",\"target\":[\"https:\/\/www.iskreni.net\/trgovina\/product\/50-pustolovscin-ki-bi-jih-moral-doziveti-preden-dopolnis-13-let\/\"]}]},{\"@type\":\"ImageObject\",\"inLanguage\":\"sl-SI\",\"@id\":\"https:\/\/www.iskreni.net\/trgovina\/product\/50-pustolovscin-ki-bi-jih-moral-doziveti-preden-dopolnis-13-let\/#primaryimage\",\"url\":\"https:\/\/www.iskreni.net\/trgovina\/wp-content\/uploads\/2023\/05\/Slike-za-v-spletno-trgovino-78.jpg\",\"contentUrl\":\"https:\/\/www.iskreni.net\/trgovina\/wp-content\/uploads\/2023\/05\/Slike-za-v-spletno-trgovino-78.jpg\",\"width\":600,\"height\":600},{\"@type\":\"BreadcrumbList\",\"@id\":\"https:\/\/www.iskreni.net\/trgovina\/product\/50-pustolovscin-ki-bi-jih-moral-doziveti-preden-dopolnis-13-let\/#breadcrumb\",\"itemListElement\":[{\"@type\":\"ListItem\",\"position\":1,\"name\":\"Home\",\"item\":\"https:\/\/www.iskreni.net\/trgovina\/\"},{\"@type\":\"ListItem\",\"position\":2,\"name\":\"Trgovina\",\"item\":\"https:\/\/www.iskreni.net\/trgovina\/trgovina\/\"},{\"@type\":\"ListItem\",\"position\":3,\"name\":\"50 pustolov\u0161\u010din, ki bi jih moral do\u017eiveti, preden dopolni\u0161 13 let\"}]},{\"@type\":\"WebSite\",\"@id\":\"https:\/\/www.iskreni.net\/trgovina\/#website\",\"url\":\"https:\/\/www.iskreni.net\/trgovina\/\",\"name\":\"Zavod Iskreni\",\"description\":\"trgovina\",\"potentialAction\":[{\"@type\":\"SearchAction\",\"target\":{\"@type\":\"EntryPoint\",\"urlTemplate\":\"https:\/\/www.iskreni.net\/trgovina\/?s={search_term_string}\"},\"query-input\":{\"@type\":\"PropertyValueSpecification\",\"valueRequired\":true,\"valueName\":\"search_term_string\"}}],\"inLanguage\":\"sl-SI\"}]}<\/script>\n<!-- \/ Yoast SEO plugin. -->","yoast_head_json":{"title":"50 pustolov\u0161\u010din, ki bi jih moral do\u017eiveti, preden dopolni\u0161 13 let - trgovina Iskreni","description":"50 pustolov\u0161\u010din, ki bi jih moral do\u017eiveti, preden dopolni\u0161 13 let vsebuje 50 izzivov za najbolj pogumne. Teci, ska\u010di, drsaj, plezaj, odkrivaj ... \u017eivi!","robots":{"index":"index","follow":"follow","max-snippet":"max-snippet:-1","max-image-preview":"max-image-preview:large","max-video-preview":"max-video-preview:-1"},"canonical":"https:\/\/www.iskreni.net\/trgovina\/product\/50-pustolovscin-ki-bi-jih-moral-doziveti-preden-dopolnis-13-let\/","og_locale":"sl_SI","og_type":"article","og_title":"Podarjeni \u010das","og_description":"Podarjeni \u010das je knjiga zbranih razmi\u0161ljanj, \u010dustvovanj in duhovnih refleksij, ki jih je irski jezuit bele\u017eil po diagnozi raka v mesecih pred smrtjo.","og_url":"https:\/\/www.iskreni.net\/trgovina\/product\/50-pustolovscin-ki-bi-jih-moral-doziveti-preden-dopolnis-13-let\/","og_site_name":"Zavod Iskreni","article_modified_time":"2024-01-12T11:03:51+00:00","og_image":[{"width":600,"height":600,"url":"https:\/\/www.iskreni.net\/trgovina\/wp-content\/uploads\/2023\/05\/Slike-za-v-spletno-trgovino-78.jpg","type":"image\/jpeg"}],"twitter_card":"summary_large_image","twitter_misc":{"Est. reading time":"3 minute"},"schema":{"@context":"https:\/\/schema.org","@graph":[{"@type":"WebPage","@id":"https:\/\/www.iskreni.net\/trgovina\/product\/50-pustolovscin-ki-bi-jih-moral-doziveti-preden-dopolnis-13-let\/","url":"https:\/\/www.iskreni.net\/trgovina\/product\/50-pustolovscin-ki-bi-jih-moral-doziveti-preden-dopolnis-13-let\/","name":"50 pustolov\u0161\u010din, ki bi jih moral do\u017eiveti, preden dopolni\u0161 13 let - trgovina Iskreni","isPartOf":{"@id":"https:\/\/www.iskreni.net\/trgovina\/#website"},"primaryImageOfPage":{"@id":"https:\/\/www.iskreni.net\/trgovina\/product\/50-pustolovscin-ki-bi-jih-moral-doziveti-preden-dopolnis-13-let\/#primaryimage"},"image":{"@id":"https:\/\/www.iskreni.net\/trgovina\/product\/50-pustolovscin-ki-bi-jih-moral-doziveti-preden-dopolnis-13-let\/#primaryimage"},"thumbnailUrl":"https:\/\/www.iskreni.net\/trgovina\/wp-content\/uploads\/2023\/05\/Slike-za-v-spletno-trgovino-78.jpg","datePublished":"2023-05-17T13:40:04+00:00","dateModified":"2024-01-12T11:03:51+00:00","description":"50 pustolov\u0161\u010din, ki bi jih moral do\u017eiveti, preden dopolni\u0161 13 let vsebuje 50 izzivov za najbolj pogumne. Teci, ska\u010di, drsaj, plezaj, odkrivaj ... \u017eivi!","breadcrumb":{"@id":"https:\/\/www.iskreni.net\/trgovina\/product\/50-pustolovscin-ki-bi-jih-moral-doziveti-preden-dopolnis-13-let\/#breadcrumb"},"inLanguage":"sl-SI","potentialAction":[{"@type":"ReadAction","target":["https:\/\/www.iskreni.net\/trgovina\/product\/50-pustolovscin-ki-bi-jih-moral-doziveti-preden-dopolnis-13-let\/"]}]},{"@type":"ImageObject","inLanguage":"sl-SI","@id":"https:\/\/www.iskreni.net\/trgovina\/product\/50-pustolovscin-ki-bi-jih-moral-doziveti-preden-dopolnis-13-let\/#primaryimage","url":"https:\/\/www.iskreni.net\/trgovina\/wp-content\/uploads\/2023\/05\/Slike-za-v-spletno-trgovino-78.jpg","contentUrl":"https:\/\/www.iskreni.net\/trgovina\/wp-content\/uploads\/2023\/05\/Slike-za-v-spletno-trgovino-78.jpg","width":600,"height":600},{"@type":"BreadcrumbList","@id":"https:\/\/www.iskreni.net\/trgovina\/product\/50-pustolovscin-ki-bi-jih-moral-doziveti-preden-dopolnis-13-let\/#breadcrumb","itemListElement":[{"@type":"ListItem","position":1,"name":"Home","item":"https:\/\/www.iskreni.net\/trgovina\/"},{"@type":"ListItem","position":2,"name":"Trgovina","item":"https:\/\/www.iskreni.net\/trgovina\/trgovina\/"},{"@type":"ListItem","position":3,"name":"50 pustolov\u0161\u010din, ki bi jih moral do\u017eiveti, preden dopolni\u0161 13 let"}]},{"@type":"WebSite","@id":"https:\/\/www.iskreni.net\/trgovina\/#website","url":"https:\/\/www.iskreni.net\/trgovina\/","name":"Zavod Iskreni","description":"trgovina","potentialAction":[{"@type":"SearchAction","target":{"@type":"EntryPoint","urlTemplate":"https:\/\/www.iskreni.net\/trgovina\/?s={search_term_string}"},"query-input":{"@type":"PropertyValueSpecification","valueRequired":true,"valueName":"search_term_string"}}],"inLanguage":"sl-SI"}]}},"_links":{"self":[{"href":"https:\/\/www.iskreni.net\/trgovina\/wp-json\/wp\/v2\/product\/66567","targetHints":{"allow":["GET"]}}],"collection":[{"href":"https:\/\/www.iskreni.net\/trgovina\/wp-json\/wp\/v2\/product"}],"about":[{"href":"https:\/\/www.iskreni.net\/trgovina\/wp-json\/wp\/v2\/types\/product"}],"replies":[{"embeddable":true,"href":"https:\/\/www.iskreni.net\/trgovina\/wp-json\/wp\/v2\/comments?post=66567"}],"version-history":[{"count":4,"href":"https:\/\/www.iskreni.net\/trgovina\/wp-json\/wp\/v2\/product\/66567\/revisions"}],"predecessor-version":[{"id":72397,"href":"https:\/\/www.iskreni.net\/trgovina\/wp-json\/wp\/v2\/product\/66567\/revisions\/72397"}],"wp:featuredmedia":[{"embeddable":true,"href":"https:\/\/www.iskreni.net\/trgovina\/wp-json\/wp\/v2\/media\/66569"}],"wp:attachment":[{"href":"https:\/\/www.iskreni.net\/trgovina\/wp-json\/wp\/v2\/media?parent=66567"}],"wp:term":[{"taxonomy":"product_brand","embeddable":true,"href":"https:\/\/www.iskreni.net\/trgovina\/wp-json\/wp\/v2\/product_brand?post=66567"},{"taxonomy":"product_cat","embeddable":true,"href":"https:\/\/www.iskreni.net\/trgovina\/wp-json\/wp\/v2\/product_cat?post=66567"},{"taxonomy":"product_tag","embeddable":true,"href":"https:\/\/www.iskreni.net\/trgovina\/wp-json\/wp\/v2\/product_tag?post=66567"},{"taxonomy":"avtor","embeddable":true,"href":"https:\/\/www.iskreni.net\/trgovina\/wp-json\/wp\/v2\/avtor?post=66567"},{"taxonomy":"zalozba","embeddable":true,"href":"https:\/\/www.iskreni.net\/trgovina\/wp-json\/wp\/v2\/zalozba?post=66567"},{"taxonomy":"vezava","embeddable":true,"href":"https:\/\/www.iskreni.net\/trgovina\/wp-json\/wp\/v2\/vezava?post=66567"}],"curies":[{"name":"wp","href":"https:\/\/api.w.org\/{rel}","templated":true}]}}