{"id":66313,"date":"2023-05-10T16:41:42","date_gmt":"2023-05-10T14:41:42","guid":{"rendered":"https:\/\/www.iskreni.net\/trgovina\/?post_type=product&#038;p=66313"},"modified":"2024-12-17T19:46:16","modified_gmt":"2024-12-17T18:46:16","slug":"obesek-za-kljuce-z-ribo-s","status":"publish","type":"product","link":"https:\/\/www.iskreni.net\/trgovina\/product\/obesek-za-kljuce-z-ribo-s\/","title":{"rendered":"Obesek za klju\u010de z ribo &#8211; S"},"content":{"rendered":"<h4>O izdelku:<\/h4>\n<ul>\n<li>Primeren za darilo ob birmi, prvem obhajilu, rojstnem dnevu in drugih prilo\u017enostih<\/li>\n<li>Narejen iz bomba\u017ea in umetnega usnja<\/li>\n<li>Pisane barve<\/li>\n<li>Ro\u010dno delo, izdelano v Sloveniji<\/li>\n<\/ul>\n","protected":false},"excerpt":{"rendered":"<p>Prakti\u010den obesek za klju\u010de z vzorcem ribe v razli\u010dnih, pisanih barvah, manj\u0161ega formata.<\/p>\n<p>&nbsp;<\/p>\n<p>Material: bomba\u017e, umetno usnje, kovina (obro\u010dek)<br \/>\nIzdeluje: H\u010di groma<br \/>\nRo\u010dno delo, narejeno v Sloveniji<\/p>\n<p>&nbsp;<\/p>\n","protected":false},"featured_media":71603,"comment_status":"open","ping_status":"closed","template":"","meta":[],"product_brand":[],"product_cat":[668,421],"product_tag":[1318,1687],"avtor":[],"zalozba":[],"vezava":[],"class_list":{"0":"post-66313","1":"product","2":"type-product","3":"status-publish","4":"has-post-thumbnail","6":"product_cat-darilni-program","7":"product_cat-spominki-in-drobni-predmeti","8":"product_tag-birma","9":"product_tag-rojstni-dan","11":"first","12":"instock","13":"taxable","14":"shipping-taxable","15":"purchasable","16":"product-type-variable"},"yoast_head":"<!-- This site is optimized with the Yoast SEO plugin v26.3 - https:\/\/yoast.com\/wordpress\/plugins\/seo\/ -->\n<title>Obesek za klju\u010de z ribo S - trgovina Iskreni<\/title>\n<meta name=\"description\" content=\"Obesek za klju\u010de z ribo S - Prakti\u010den obesek za klju\u010de z vzorcem ribe v razli\u010dnih, pisanih barvah, manj\u0161ega formata.\" \/>\n<meta name=\"robots\" content=\"index, follow, max-snippet:-1, max-image-preview:large, max-video-preview:-1\" \/>\n<link rel=\"canonical\" href=\"https:\/\/www.iskreni.net\/trgovina\/product\/obesek-za-kljuce-z-ribo-s\/\" \/>\n<meta property=\"og:locale\" content=\"sl_SI\" \/>\n<meta property=\"og:type\" content=\"article\" \/>\n<meta property=\"og:title\" content=\"Obesek za klju\u010de z ribo S\" \/>\n<meta property=\"og:description\" content=\"Prakti\u010den obesek za klju\u010de z vzorcem ribe v razli\u010dnih, pisanih barvah.\" \/>\n<meta property=\"og:url\" content=\"https:\/\/www.iskreni.net\/trgovina\/product\/obesek-za-kljuce-z-ribo-s\/\" \/>\n<meta property=\"og:site_name\" content=\"Zavod Iskreni\" \/>\n<meta property=\"article:modified_time\" content=\"2024-12-17T18:46:16+00:00\" \/>\n<meta property=\"og:image\" content=\"https:\/\/www.iskreni.net\/trgovina\/wp-content\/uploads\/2023\/12\/12.jpg\" \/>\n\t<meta property=\"og:image:width\" content=\"600\" \/>\n\t<meta property=\"og:image:height\" content=\"600\" \/>\n\t<meta property=\"og:image:type\" content=\"image\/jpeg\" \/>\n<meta name=\"twitter:card\" content=\"summary_large_image\" \/>\n<meta name=\"twitter:label1\" content=\"Est. reading time\" \/>\n\t<meta name=\"twitter:data1\" content=\"1 minuta\" \/>\n<script type=\"application\/ld+json\" class=\"yoast-schema-graph\">{\"@context\":\"https:\/\/schema.org\",\"@graph\":[{\"@type\":\"WebPage\",\"@id\":\"https:\/\/www.iskreni.net\/trgovina\/product\/obesek-za-kljuce-z-ribo-s\/\",\"url\":\"https:\/\/www.iskreni.net\/trgovina\/product\/obesek-za-kljuce-z-ribo-s\/\",\"name\":\"Obesek za klju\u010de z ribo S - trgovina Iskreni\",\"isPartOf\":{\"@id\":\"https:\/\/www.iskreni.net\/trgovina\/#website\"},\"primaryImageOfPage\":{\"@id\":\"https:\/\/www.iskreni.net\/trgovina\/product\/obesek-za-kljuce-z-ribo-s\/#primaryimage\"},\"image\":{\"@id\":\"https:\/\/www.iskreni.net\/trgovina\/product\/obesek-za-kljuce-z-ribo-s\/#primaryimage\"},\"thumbnailUrl\":\"https:\/\/www.iskreni.net\/trgovina\/wp-content\/uploads\/2023\/12\/12.jpg\",\"datePublished\":\"2023-05-10T14:41:42+00:00\",\"dateModified\":\"2024-12-17T18:46:16+00:00\",\"description\":\"Obesek za klju\u010de z ribo S - Prakti\u010den obesek za klju\u010de z vzorcem ribe v razli\u010dnih, pisanih barvah, manj\u0161ega formata.\",\"breadcrumb\":{\"@id\":\"https:\/\/www.iskreni.net\/trgovina\/product\/obesek-za-kljuce-z-ribo-s\/#breadcrumb\"},\"inLanguage\":\"sl-SI\",\"potentialAction\":[{\"@type\":\"ReadAction\",\"target\":[\"https:\/\/www.iskreni.net\/trgovina\/product\/obesek-za-kljuce-z-ribo-s\/\"]}]},{\"@type\":\"ImageObject\",\"inLanguage\":\"sl-SI\",\"@id\":\"https:\/\/www.iskreni.net\/trgovina\/product\/obesek-za-kljuce-z-ribo-s\/#primaryimage\",\"url\":\"https:\/\/www.iskreni.net\/trgovina\/wp-content\/uploads\/2023\/12\/12.jpg\",\"contentUrl\":\"https:\/\/www.iskreni.net\/trgovina\/wp-content\/uploads\/2023\/12\/12.jpg\",\"width\":600,\"height\":600},{\"@type\":\"BreadcrumbList\",\"@id\":\"https:\/\/www.iskreni.net\/trgovina\/product\/obesek-za-kljuce-z-ribo-s\/#breadcrumb\",\"itemListElement\":[{\"@type\":\"ListItem\",\"position\":1,\"name\":\"Home\",\"item\":\"https:\/\/www.iskreni.net\/trgovina\/\"},{\"@type\":\"ListItem\",\"position\":2,\"name\":\"Trgovina\",\"item\":\"https:\/\/www.iskreni.net\/trgovina\/trgovina\/\"},{\"@type\":\"ListItem\",\"position\":3,\"name\":\"Obesek za klju\u010de z ribo &#8211; S\"}]},{\"@type\":\"WebSite\",\"@id\":\"https:\/\/www.iskreni.net\/trgovina\/#website\",\"url\":\"https:\/\/www.iskreni.net\/trgovina\/\",\"name\":\"Zavod Iskreni\",\"description\":\"trgovina\",\"potentialAction\":[{\"@type\":\"SearchAction\",\"target\":{\"@type\":\"EntryPoint\",\"urlTemplate\":\"https:\/\/www.iskreni.net\/trgovina\/?s={search_term_string}\"},\"query-input\":{\"@type\":\"PropertyValueSpecification\",\"valueRequired\":true,\"valueName\":\"search_term_string\"}}],\"inLanguage\":\"sl-SI\"}]}<\/script>\n<!-- \/ Yoast SEO plugin. -->","yoast_head_json":{"title":"Obesek za klju\u010de z ribo S - trgovina Iskreni","description":"Obesek za klju\u010de z ribo S - Prakti\u010den obesek za klju\u010de z vzorcem ribe v razli\u010dnih, pisanih barvah, manj\u0161ega formata.","robots":{"index":"index","follow":"follow","max-snippet":"max-snippet:-1","max-image-preview":"max-image-preview:large","max-video-preview":"max-video-preview:-1"},"canonical":"https:\/\/www.iskreni.net\/trgovina\/product\/obesek-za-kljuce-z-ribo-s\/","og_locale":"sl_SI","og_type":"article","og_title":"Obesek za klju\u010de z ribo S","og_description":"Prakti\u010den obesek za klju\u010de z vzorcem ribe v razli\u010dnih, pisanih barvah.","og_url":"https:\/\/www.iskreni.net\/trgovina\/product\/obesek-za-kljuce-z-ribo-s\/","og_site_name":"Zavod Iskreni","article_modified_time":"2024-12-17T18:46:16+00:00","og_image":[{"width":600,"height":600,"url":"https:\/\/www.iskreni.net\/trgovina\/wp-content\/uploads\/2023\/12\/12.jpg","type":"image\/jpeg"}],"twitter_card":"summary_large_image","twitter_misc":{"Est. reading time":"1 minuta"},"schema":{"@context":"https:\/\/schema.org","@graph":[{"@type":"WebPage","@id":"https:\/\/www.iskreni.net\/trgovina\/product\/obesek-za-kljuce-z-ribo-s\/","url":"https:\/\/www.iskreni.net\/trgovina\/product\/obesek-za-kljuce-z-ribo-s\/","name":"Obesek za klju\u010de z ribo S - trgovina Iskreni","isPartOf":{"@id":"https:\/\/www.iskreni.net\/trgovina\/#website"},"primaryImageOfPage":{"@id":"https:\/\/www.iskreni.net\/trgovina\/product\/obesek-za-kljuce-z-ribo-s\/#primaryimage"},"image":{"@id":"https:\/\/www.iskreni.net\/trgovina\/product\/obesek-za-kljuce-z-ribo-s\/#primaryimage"},"thumbnailUrl":"https:\/\/www.iskreni.net\/trgovina\/wp-content\/uploads\/2023\/12\/12.jpg","datePublished":"2023-05-10T14:41:42+00:00","dateModified":"2024-12-17T18:46:16+00:00","description":"Obesek za klju\u010de z ribo S - Prakti\u010den obesek za klju\u010de z vzorcem ribe v razli\u010dnih, pisanih barvah, manj\u0161ega formata.","breadcrumb":{"@id":"https:\/\/www.iskreni.net\/trgovina\/product\/obesek-za-kljuce-z-ribo-s\/#breadcrumb"},"inLanguage":"sl-SI","potentialAction":[{"@type":"ReadAction","target":["https:\/\/www.iskreni.net\/trgovina\/product\/obesek-za-kljuce-z-ribo-s\/"]}]},{"@type":"ImageObject","inLanguage":"sl-SI","@id":"https:\/\/www.iskreni.net\/trgovina\/product\/obesek-za-kljuce-z-ribo-s\/#primaryimage","url":"https:\/\/www.iskreni.net\/trgovina\/wp-content\/uploads\/2023\/12\/12.jpg","contentUrl":"https:\/\/www.iskreni.net\/trgovina\/wp-content\/uploads\/2023\/12\/12.jpg","width":600,"height":600},{"@type":"BreadcrumbList","@id":"https:\/\/www.iskreni.net\/trgovina\/product\/obesek-za-kljuce-z-ribo-s\/#breadcrumb","itemListElement":[{"@type":"ListItem","position":1,"name":"Home","item":"https:\/\/www.iskreni.net\/trgovina\/"},{"@type":"ListItem","position":2,"name":"Trgovina","item":"https:\/\/www.iskreni.net\/trgovina\/trgovina\/"},{"@type":"ListItem","position":3,"name":"Obesek za klju\u010de z ribo &#8211; S"}]},{"@type":"WebSite","@id":"https:\/\/www.iskreni.net\/trgovina\/#website","url":"https:\/\/www.iskreni.net\/trgovina\/","name":"Zavod Iskreni","description":"trgovina","potentialAction":[{"@type":"SearchAction","target":{"@type":"EntryPoint","urlTemplate":"https:\/\/www.iskreni.net\/trgovina\/?s={search_term_string}"},"query-input":{"@type":"PropertyValueSpecification","valueRequired":true,"valueName":"search_term_string"}}],"inLanguage":"sl-SI"}]}},"_links":{"self":[{"href":"https:\/\/www.iskreni.net\/trgovina\/wp-json\/wp\/v2\/product\/66313","targetHints":{"allow":["GET"]}}],"collection":[{"href":"https:\/\/www.iskreni.net\/trgovina\/wp-json\/wp\/v2\/product"}],"about":[{"href":"https:\/\/www.iskreni.net\/trgovina\/wp-json\/wp\/v2\/types\/product"}],"replies":[{"embeddable":true,"href":"https:\/\/www.iskreni.net\/trgovina\/wp-json\/wp\/v2\/comments?post=66313"}],"version-history":[{"count":7,"href":"https:\/\/www.iskreni.net\/trgovina\/wp-json\/wp\/v2\/product\/66313\/revisions"}],"predecessor-version":[{"id":71621,"href":"https:\/\/www.iskreni.net\/trgovina\/wp-json\/wp\/v2\/product\/66313\/revisions\/71621"}],"wp:featuredmedia":[{"embeddable":true,"href":"https:\/\/www.iskreni.net\/trgovina\/wp-json\/wp\/v2\/media\/71603"}],"wp:attachment":[{"href":"https:\/\/www.iskreni.net\/trgovina\/wp-json\/wp\/v2\/media?parent=66313"}],"wp:term":[{"taxonomy":"product_brand","embeddable":true,"href":"https:\/\/www.iskreni.net\/trgovina\/wp-json\/wp\/v2\/product_brand?post=66313"},{"taxonomy":"product_cat","embeddable":true,"href":"https:\/\/www.iskreni.net\/trgovina\/wp-json\/wp\/v2\/product_cat?post=66313"},{"taxonomy":"product_tag","embeddable":true,"href":"https:\/\/www.iskreni.net\/trgovina\/wp-json\/wp\/v2\/product_tag?post=66313"},{"taxonomy":"avtor","embeddable":true,"href":"https:\/\/www.iskreni.net\/trgovina\/wp-json\/wp\/v2\/avtor?post=66313"},{"taxonomy":"zalozba","embeddable":true,"href":"https:\/\/www.iskreni.net\/trgovina\/wp-json\/wp\/v2\/zalozba?post=66313"},{"taxonomy":"vezava","embeddable":true,"href":"https:\/\/www.iskreni.net\/trgovina\/wp-json\/wp\/v2\/vezava?post=66313"}],"curies":[{"name":"wp","href":"https:\/\/api.w.org\/{rel}","templated":true}]}}