{"id":66201,"date":"2023-05-05T10:34:28","date_gmt":"2023-05-05T08:34:28","guid":{"rendered":"https:\/\/www.iskreni.net\/trgovina\/?post_type=product&#038;p=66201"},"modified":"2025-07-09T13:54:37","modified_gmt":"2025-07-09T11:54:37","slug":"zgodbe-glasbil","status":"publish","type":"product","link":"https:\/\/www.iskreni.net\/trgovina\/product\/zgodbe-glasbil\/","title":{"rendered":"Zgodbe glasbil"},"content":{"rendered":"<h4>O knjigi Zgodbe glasbil:<\/h4>\n<div class=\"categoriesWrapper\">\n<div id=\"categories\" class=\"roundbox\">\n<p>\u010cri\u010dek Dalibor si \u017eeli postati glasbenik. Toda s katerim glasbilom naj pri\u010dne? Morda z violino? Ali s kitaro? Nemara s trobento? Z vsemi hkrati? No, res ima \u0161est no\u017eic, zakaj pa ne?<\/p>\n<p>Dalibor in njegov zvesti sopotnik slav\u010dek Karli potujeta po svetu in sre\u010dujeta glasbila vseh vrst, med njimi tak\u0161na, ki jih dobro poznamo, in mno\u0161tvo vse prej kot obi\u010dajnih. \u010ce vas glasba vsaj malo mika, se le pridru\u017eite Daliborju in Karliju in prisluhnite raznorodnih zgodbam glasbil.<\/p>\n<p>Kak\u0161na pustolov\u0161\u010dina!<\/p>\n<p>Prebirali boste poglavja o klavirju, simfoni\u010dnem orkestru, polifonih glasbilih, godalih, big bandu, tolkalih, trobilih, voja\u0161ki godbi, trobentah in njenih sorodnikih, dixielandu, pi\u0161\u010dalih in pihalih, rock zasedbah, kitari in lutnji, piphatu, ljudskih glasbilih in elektronski glasbi.<\/p>\n<p>&nbsp;<\/p>\n<p>&nbsp;<\/p>\n<\/div>\n<\/div>\n","protected":false},"excerpt":{"rendered":"<p><strong>Leto izdaje:<\/strong> 2023<br \/>\n<strong>\u0160tevilo strani: <\/strong>70<br \/>\n<strong>Mere:<\/strong> 28,5 x 22 cm<\/p>\n","protected":false},"featured_media":66203,"comment_status":"open","ping_status":"closed","template":"","meta":[],"product_brand":[],"product_cat":[63,135],"product_tag":[],"avtor":[2443],"zalozba":[2360],"vezava":[2306],"class_list":{"0":"post-66201","1":"product","2":"type-product","3":"status-publish","4":"has-post-thumbnail","6":"product_cat-knjige","7":"product_cat-za-otroke","8":"avtor-stepanka-sekaninova","9":"zalozba-morfem","10":"vezava-trda","12":"first","13":"onbackorder","14":"taxable","15":"shipping-taxable","16":"purchasable","17":"product-type-simple"},"yoast_head":"<!-- This site is optimized with the Yoast SEO plugin v26.3 - https:\/\/yoast.com\/wordpress\/plugins\/seo\/ -->\n<title>Zgodbe glasbil - trgovina Iskreni<\/title>\n<meta name=\"description\" content=\"Zgodbe glasbil spremlja Daliborja in slav\u010dka Karlija, ki potujeta po svetu ter sre\u010dujeta glasbila vseh vrst in do\u017eivljata glasbeno pustolov\u0161\u010dino.\" \/>\n<meta name=\"robots\" content=\"index, follow, max-snippet:-1, max-image-preview:large, max-video-preview:-1\" \/>\n<link rel=\"canonical\" href=\"https:\/\/www.iskreni.net\/trgovina\/product\/zgodbe-glasbil\/\" \/>\n<meta property=\"og:locale\" content=\"sl_SI\" \/>\n<meta property=\"og:type\" content=\"article\" \/>\n<meta property=\"og:title\" content=\"Zgodbe glasbil\" \/>\n<meta property=\"og:description\" content=\"Zgodbe glasbil spremlja Daliborja in slav\u010dka Karlija, ki potujeta po svetu ter sre\u010dujeta glasbila vseh vrst in do\u017eivljata glasbeno pustolov\u0161\u010dino.\" \/>\n<meta property=\"og:url\" content=\"https:\/\/www.iskreni.net\/trgovina\/product\/zgodbe-glasbil\/\" \/>\n<meta property=\"og:site_name\" content=\"Zavod Iskreni\" \/>\n<meta property=\"article:modified_time\" content=\"2025-07-09T11:54:37+00:00\" \/>\n<meta property=\"og:image\" content=\"https:\/\/www.iskreni.net\/trgovina\/wp-content\/uploads\/2023\/05\/Slike-za-v-spletno-trgovino-72.jpg\" \/>\n\t<meta property=\"og:image:width\" content=\"600\" \/>\n\t<meta property=\"og:image:height\" content=\"600\" \/>\n\t<meta property=\"og:image:type\" content=\"image\/jpeg\" \/>\n<meta name=\"twitter:card\" content=\"summary_large_image\" \/>\n<meta name=\"twitter:label1\" content=\"Est. reading time\" \/>\n\t<meta name=\"twitter:data1\" content=\"1 minuta\" \/>\n<script type=\"application\/ld+json\" class=\"yoast-schema-graph\">{\"@context\":\"https:\/\/schema.org\",\"@graph\":[{\"@type\":\"WebPage\",\"@id\":\"https:\/\/www.iskreni.net\/trgovina\/product\/zgodbe-glasbil\/\",\"url\":\"https:\/\/www.iskreni.net\/trgovina\/product\/zgodbe-glasbil\/\",\"name\":\"Zgodbe glasbil - trgovina Iskreni\",\"isPartOf\":{\"@id\":\"https:\/\/www.iskreni.net\/trgovina\/#website\"},\"primaryImageOfPage\":{\"@id\":\"https:\/\/www.iskreni.net\/trgovina\/product\/zgodbe-glasbil\/#primaryimage\"},\"image\":{\"@id\":\"https:\/\/www.iskreni.net\/trgovina\/product\/zgodbe-glasbil\/#primaryimage\"},\"thumbnailUrl\":\"https:\/\/www.iskreni.net\/trgovina\/wp-content\/uploads\/2023\/05\/Slike-za-v-spletno-trgovino-72.jpg\",\"datePublished\":\"2023-05-05T08:34:28+00:00\",\"dateModified\":\"2025-07-09T11:54:37+00:00\",\"description\":\"Zgodbe glasbil spremlja Daliborja in slav\u010dka Karlija, ki potujeta po svetu ter sre\u010dujeta glasbila vseh vrst in do\u017eivljata glasbeno pustolov\u0161\u010dino.\",\"breadcrumb\":{\"@id\":\"https:\/\/www.iskreni.net\/trgovina\/product\/zgodbe-glasbil\/#breadcrumb\"},\"inLanguage\":\"sl-SI\",\"potentialAction\":[{\"@type\":\"ReadAction\",\"target\":[\"https:\/\/www.iskreni.net\/trgovina\/product\/zgodbe-glasbil\/\"]}]},{\"@type\":\"ImageObject\",\"inLanguage\":\"sl-SI\",\"@id\":\"https:\/\/www.iskreni.net\/trgovina\/product\/zgodbe-glasbil\/#primaryimage\",\"url\":\"https:\/\/www.iskreni.net\/trgovina\/wp-content\/uploads\/2023\/05\/Slike-za-v-spletno-trgovino-72.jpg\",\"contentUrl\":\"https:\/\/www.iskreni.net\/trgovina\/wp-content\/uploads\/2023\/05\/Slike-za-v-spletno-trgovino-72.jpg\",\"width\":600,\"height\":600},{\"@type\":\"BreadcrumbList\",\"@id\":\"https:\/\/www.iskreni.net\/trgovina\/product\/zgodbe-glasbil\/#breadcrumb\",\"itemListElement\":[{\"@type\":\"ListItem\",\"position\":1,\"name\":\"Home\",\"item\":\"https:\/\/www.iskreni.net\/trgovina\/\"},{\"@type\":\"ListItem\",\"position\":2,\"name\":\"Trgovina\",\"item\":\"https:\/\/www.iskreni.net\/trgovina\/trgovina\/\"},{\"@type\":\"ListItem\",\"position\":3,\"name\":\"Zgodbe glasbil\"}]},{\"@type\":\"WebSite\",\"@id\":\"https:\/\/www.iskreni.net\/trgovina\/#website\",\"url\":\"https:\/\/www.iskreni.net\/trgovina\/\",\"name\":\"Zavod Iskreni\",\"description\":\"trgovina\",\"potentialAction\":[{\"@type\":\"SearchAction\",\"target\":{\"@type\":\"EntryPoint\",\"urlTemplate\":\"https:\/\/www.iskreni.net\/trgovina\/?s={search_term_string}\"},\"query-input\":{\"@type\":\"PropertyValueSpecification\",\"valueRequired\":true,\"valueName\":\"search_term_string\"}}],\"inLanguage\":\"sl-SI\"}]}<\/script>\n<!-- \/ Yoast SEO plugin. -->","yoast_head_json":{"title":"Zgodbe glasbil - trgovina Iskreni","description":"Zgodbe glasbil spremlja Daliborja in slav\u010dka Karlija, ki potujeta po svetu ter sre\u010dujeta glasbila vseh vrst in do\u017eivljata glasbeno pustolov\u0161\u010dino.","robots":{"index":"index","follow":"follow","max-snippet":"max-snippet:-1","max-image-preview":"max-image-preview:large","max-video-preview":"max-video-preview:-1"},"canonical":"https:\/\/www.iskreni.net\/trgovina\/product\/zgodbe-glasbil\/","og_locale":"sl_SI","og_type":"article","og_title":"Zgodbe glasbil","og_description":"Zgodbe glasbil spremlja Daliborja in slav\u010dka Karlija, ki potujeta po svetu ter sre\u010dujeta glasbila vseh vrst in do\u017eivljata glasbeno pustolov\u0161\u010dino.","og_url":"https:\/\/www.iskreni.net\/trgovina\/product\/zgodbe-glasbil\/","og_site_name":"Zavod Iskreni","article_modified_time":"2025-07-09T11:54:37+00:00","og_image":[{"width":600,"height":600,"url":"https:\/\/www.iskreni.net\/trgovina\/wp-content\/uploads\/2023\/05\/Slike-za-v-spletno-trgovino-72.jpg","type":"image\/jpeg"}],"twitter_card":"summary_large_image","twitter_misc":{"Est. reading time":"1 minuta"},"schema":{"@context":"https:\/\/schema.org","@graph":[{"@type":"WebPage","@id":"https:\/\/www.iskreni.net\/trgovina\/product\/zgodbe-glasbil\/","url":"https:\/\/www.iskreni.net\/trgovina\/product\/zgodbe-glasbil\/","name":"Zgodbe glasbil - trgovina Iskreni","isPartOf":{"@id":"https:\/\/www.iskreni.net\/trgovina\/#website"},"primaryImageOfPage":{"@id":"https:\/\/www.iskreni.net\/trgovina\/product\/zgodbe-glasbil\/#primaryimage"},"image":{"@id":"https:\/\/www.iskreni.net\/trgovina\/product\/zgodbe-glasbil\/#primaryimage"},"thumbnailUrl":"https:\/\/www.iskreni.net\/trgovina\/wp-content\/uploads\/2023\/05\/Slike-za-v-spletno-trgovino-72.jpg","datePublished":"2023-05-05T08:34:28+00:00","dateModified":"2025-07-09T11:54:37+00:00","description":"Zgodbe glasbil spremlja Daliborja in slav\u010dka Karlija, ki potujeta po svetu ter sre\u010dujeta glasbila vseh vrst in do\u017eivljata glasbeno pustolov\u0161\u010dino.","breadcrumb":{"@id":"https:\/\/www.iskreni.net\/trgovina\/product\/zgodbe-glasbil\/#breadcrumb"},"inLanguage":"sl-SI","potentialAction":[{"@type":"ReadAction","target":["https:\/\/www.iskreni.net\/trgovina\/product\/zgodbe-glasbil\/"]}]},{"@type":"ImageObject","inLanguage":"sl-SI","@id":"https:\/\/www.iskreni.net\/trgovina\/product\/zgodbe-glasbil\/#primaryimage","url":"https:\/\/www.iskreni.net\/trgovina\/wp-content\/uploads\/2023\/05\/Slike-za-v-spletno-trgovino-72.jpg","contentUrl":"https:\/\/www.iskreni.net\/trgovina\/wp-content\/uploads\/2023\/05\/Slike-za-v-spletno-trgovino-72.jpg","width":600,"height":600},{"@type":"BreadcrumbList","@id":"https:\/\/www.iskreni.net\/trgovina\/product\/zgodbe-glasbil\/#breadcrumb","itemListElement":[{"@type":"ListItem","position":1,"name":"Home","item":"https:\/\/www.iskreni.net\/trgovina\/"},{"@type":"ListItem","position":2,"name":"Trgovina","item":"https:\/\/www.iskreni.net\/trgovina\/trgovina\/"},{"@type":"ListItem","position":3,"name":"Zgodbe glasbil"}]},{"@type":"WebSite","@id":"https:\/\/www.iskreni.net\/trgovina\/#website","url":"https:\/\/www.iskreni.net\/trgovina\/","name":"Zavod Iskreni","description":"trgovina","potentialAction":[{"@type":"SearchAction","target":{"@type":"EntryPoint","urlTemplate":"https:\/\/www.iskreni.net\/trgovina\/?s={search_term_string}"},"query-input":{"@type":"PropertyValueSpecification","valueRequired":true,"valueName":"search_term_string"}}],"inLanguage":"sl-SI"}]}},"_links":{"self":[{"href":"https:\/\/www.iskreni.net\/trgovina\/wp-json\/wp\/v2\/product\/66201","targetHints":{"allow":["GET"]}}],"collection":[{"href":"https:\/\/www.iskreni.net\/trgovina\/wp-json\/wp\/v2\/product"}],"about":[{"href":"https:\/\/www.iskreni.net\/trgovina\/wp-json\/wp\/v2\/types\/product"}],"replies":[{"embeddable":true,"href":"https:\/\/www.iskreni.net\/trgovina\/wp-json\/wp\/v2\/comments?post=66201"}],"version-history":[{"count":3,"href":"https:\/\/www.iskreni.net\/trgovina\/wp-json\/wp\/v2\/product\/66201\/revisions"}],"predecessor-version":[{"id":69912,"href":"https:\/\/www.iskreni.net\/trgovina\/wp-json\/wp\/v2\/product\/66201\/revisions\/69912"}],"wp:featuredmedia":[{"embeddable":true,"href":"https:\/\/www.iskreni.net\/trgovina\/wp-json\/wp\/v2\/media\/66203"}],"wp:attachment":[{"href":"https:\/\/www.iskreni.net\/trgovina\/wp-json\/wp\/v2\/media?parent=66201"}],"wp:term":[{"taxonomy":"product_brand","embeddable":true,"href":"https:\/\/www.iskreni.net\/trgovina\/wp-json\/wp\/v2\/product_brand?post=66201"},{"taxonomy":"product_cat","embeddable":true,"href":"https:\/\/www.iskreni.net\/trgovina\/wp-json\/wp\/v2\/product_cat?post=66201"},{"taxonomy":"product_tag","embeddable":true,"href":"https:\/\/www.iskreni.net\/trgovina\/wp-json\/wp\/v2\/product_tag?post=66201"},{"taxonomy":"avtor","embeddable":true,"href":"https:\/\/www.iskreni.net\/trgovina\/wp-json\/wp\/v2\/avtor?post=66201"},{"taxonomy":"zalozba","embeddable":true,"href":"https:\/\/www.iskreni.net\/trgovina\/wp-json\/wp\/v2\/zalozba?post=66201"},{"taxonomy":"vezava","embeddable":true,"href":"https:\/\/www.iskreni.net\/trgovina\/wp-json\/wp\/v2\/vezava?post=66201"}],"curies":[{"name":"wp","href":"https:\/\/api.w.org\/{rel}","templated":true}]}}