{"id":66054,"date":"2023-04-28T14:40:24","date_gmt":"2023-04-28T12:40:24","guid":{"rendered":"https:\/\/www.iskreni.net\/trgovina\/?post_type=product&#038;p=66054"},"modified":"2025-07-09T13:52:25","modified_gmt":"2025-07-09T11:52:25","slug":"rovka-crkolovka","status":"publish","type":"product","link":"https:\/\/www.iskreni.net\/trgovina\/product\/rovka-crkolovka\/","title":{"rendered":"Rovka \u010drkolovka"},"content":{"rendered":"<h4>O knjigi Rovka \u010drkolovka<\/h4>\n<div class=\"categoriesWrapper\">\n<div id=\"categories\" class=\"roundbox\">\n<p>Slikanica Uro\u0161a Grilca in ilustratorja Gregorja Gor\u0161i\u010da vas popelje v \u010dudoviti svet zgodb, knjig in branja. Zgodba o rovki \u010crkolovki govori o majceni \u017eivalci, ki navdu\u0161eno zbira zgodbe in jih pripoveduje \u0161tevilnim prijateljem.<\/p>\n<p>Pri tem ji pomagajo ptice selivke, ki z vseh koncev sveta prina\u0161ajo \u010dudovite pripovedi. Zgodba je doma v \u0160kocjanskem zatoku, pravlji\u010dno lepem kraju, kjer domujejo \u0161tevilne ptice. In tam bo kmalu za\u017eivela tudi Pustolov\u0161\u010dina z rovko \u010crkolovko! Slikanica je nastala v sodelovanju z Osrednjo knji\u017enico Sre\u010dka Vilharja Koper \u2013 Biblioteca centrale Sre\u010dko Vilhar Capodistria in Dru\u0161tvom za opazovanje in prou\u010devanje ptic Slovenije (DOPPS).<\/p>\n<\/div>\n<\/div>\n","protected":false},"excerpt":{"rendered":"<p><strong>Ilustracije: <\/strong>Gregor Gor\u0161i\u010d<strong><br \/>\n<\/strong><strong>\u0160tevilo strani: <\/strong>32<br \/>\n<strong>Leto izdaje:<\/strong> 2023<br \/>\n<strong>Mere:<\/strong> 27 x 21,5 cm<\/p>\n","protected":false},"featured_media":66025,"comment_status":"open","ping_status":"closed","template":"","meta":[],"product_brand":[],"product_cat":[63,135],"product_tag":[2388],"avtor":[2314],"zalozba":[2315],"vezava":[2306],"class_list":{"0":"post-66054","1":"product","2":"type-product","3":"status-publish","4":"has-post-thumbnail","6":"product_cat-knjige","7":"product_cat-za-otroke","8":"product_tag-izleti","9":"avtor-uros-grilc","10":"zalozba-skrateljc","11":"vezava-trda","13":"first","14":"onbackorder","15":"taxable","16":"shipping-taxable","17":"purchasable","18":"product-type-simple"},"yoast_head":"<!-- This site is optimized with the Yoast SEO plugin v26.3 - https:\/\/yoast.com\/wordpress\/plugins\/seo\/ -->\n<title>Rovka \u010drkolovka | trgovina Iskreni<\/title>\n<meta name=\"description\" content=\"Rovka \u010drkolovka - Slikanica Uro\u0161a Grilca in ilustratorja Gregorja Gor\u0161i\u010da vas popelje v \u010dudoviti svet zgodb, knjig in branja.\" \/>\n<meta name=\"robots\" content=\"index, follow, max-snippet:-1, max-image-preview:large, max-video-preview:-1\" \/>\n<link rel=\"canonical\" href=\"https:\/\/www.iskreni.net\/trgovina\/product\/rovka-crkolovka\/\" \/>\n<meta property=\"og:locale\" content=\"sl_SI\" \/>\n<meta property=\"og:type\" content=\"article\" \/>\n<meta property=\"og:title\" content=\"Rovka \u010drkolovka\" \/>\n<meta property=\"og:description\" content=\"Slikanica Uro\u0161a Grilca in ilustratorja Gregorja Gor\u0161i\u010da vas popelje v \u010dudoviti svet zgodb, knjig in branja.\" \/>\n<meta property=\"og:url\" content=\"https:\/\/www.iskreni.net\/trgovina\/product\/rovka-crkolovka\/\" \/>\n<meta property=\"og:site_name\" content=\"Zavod Iskreni\" \/>\n<meta property=\"article:modified_time\" content=\"2025-07-09T11:52:25+00:00\" \/>\n<meta property=\"og:image\" content=\"https:\/\/www.iskreni.net\/trgovina\/wp-content\/uploads\/2023\/04\/Rovka-crkolovka.jpg\" \/>\n\t<meta property=\"og:image:width\" content=\"600\" \/>\n\t<meta property=\"og:image:height\" content=\"600\" \/>\n\t<meta property=\"og:image:type\" content=\"image\/jpeg\" \/>\n<meta name=\"twitter:card\" content=\"summary_large_image\" \/>\n<meta name=\"twitter:label1\" content=\"Est. reading time\" \/>\n\t<meta name=\"twitter:data1\" content=\"1 minuta\" \/>\n<script type=\"application\/ld+json\" class=\"yoast-schema-graph\">{\"@context\":\"https:\/\/schema.org\",\"@graph\":[{\"@type\":\"WebPage\",\"@id\":\"https:\/\/www.iskreni.net\/trgovina\/product\/rovka-crkolovka\/\",\"url\":\"https:\/\/www.iskreni.net\/trgovina\/product\/rovka-crkolovka\/\",\"name\":\"Rovka \u010drkolovka | trgovina Iskreni\",\"isPartOf\":{\"@id\":\"https:\/\/www.iskreni.net\/trgovina\/#website\"},\"primaryImageOfPage\":{\"@id\":\"https:\/\/www.iskreni.net\/trgovina\/product\/rovka-crkolovka\/#primaryimage\"},\"image\":{\"@id\":\"https:\/\/www.iskreni.net\/trgovina\/product\/rovka-crkolovka\/#primaryimage\"},\"thumbnailUrl\":\"https:\/\/www.iskreni.net\/trgovina\/wp-content\/uploads\/2023\/04\/Rovka-crkolovka.jpg\",\"datePublished\":\"2023-04-28T12:40:24+00:00\",\"dateModified\":\"2025-07-09T11:52:25+00:00\",\"description\":\"Rovka \u010drkolovka - Slikanica Uro\u0161a Grilca in ilustratorja Gregorja Gor\u0161i\u010da vas popelje v \u010dudoviti svet zgodb, knjig in branja.\",\"breadcrumb\":{\"@id\":\"https:\/\/www.iskreni.net\/trgovina\/product\/rovka-crkolovka\/#breadcrumb\"},\"inLanguage\":\"sl-SI\",\"potentialAction\":[{\"@type\":\"ReadAction\",\"target\":[\"https:\/\/www.iskreni.net\/trgovina\/product\/rovka-crkolovka\/\"]}]},{\"@type\":\"ImageObject\",\"inLanguage\":\"sl-SI\",\"@id\":\"https:\/\/www.iskreni.net\/trgovina\/product\/rovka-crkolovka\/#primaryimage\",\"url\":\"https:\/\/www.iskreni.net\/trgovina\/wp-content\/uploads\/2023\/04\/Rovka-crkolovka.jpg\",\"contentUrl\":\"https:\/\/www.iskreni.net\/trgovina\/wp-content\/uploads\/2023\/04\/Rovka-crkolovka.jpg\",\"width\":600,\"height\":600},{\"@type\":\"BreadcrumbList\",\"@id\":\"https:\/\/www.iskreni.net\/trgovina\/product\/rovka-crkolovka\/#breadcrumb\",\"itemListElement\":[{\"@type\":\"ListItem\",\"position\":1,\"name\":\"Home\",\"item\":\"https:\/\/www.iskreni.net\/trgovina\/\"},{\"@type\":\"ListItem\",\"position\":2,\"name\":\"Trgovina\",\"item\":\"https:\/\/www.iskreni.net\/trgovina\/trgovina\/\"},{\"@type\":\"ListItem\",\"position\":3,\"name\":\"Rovka \u010drkolovka\"}]},{\"@type\":\"WebSite\",\"@id\":\"https:\/\/www.iskreni.net\/trgovina\/#website\",\"url\":\"https:\/\/www.iskreni.net\/trgovina\/\",\"name\":\"Zavod Iskreni\",\"description\":\"trgovina\",\"potentialAction\":[{\"@type\":\"SearchAction\",\"target\":{\"@type\":\"EntryPoint\",\"urlTemplate\":\"https:\/\/www.iskreni.net\/trgovina\/?s={search_term_string}\"},\"query-input\":{\"@type\":\"PropertyValueSpecification\",\"valueRequired\":true,\"valueName\":\"search_term_string\"}}],\"inLanguage\":\"sl-SI\"}]}<\/script>\n<!-- \/ Yoast SEO plugin. -->","yoast_head_json":{"title":"Rovka \u010drkolovka | trgovina Iskreni","description":"Rovka \u010drkolovka - Slikanica Uro\u0161a Grilca in ilustratorja Gregorja Gor\u0161i\u010da vas popelje v \u010dudoviti svet zgodb, knjig in branja.","robots":{"index":"index","follow":"follow","max-snippet":"max-snippet:-1","max-image-preview":"max-image-preview:large","max-video-preview":"max-video-preview:-1"},"canonical":"https:\/\/www.iskreni.net\/trgovina\/product\/rovka-crkolovka\/","og_locale":"sl_SI","og_type":"article","og_title":"Rovka \u010drkolovka","og_description":"Slikanica Uro\u0161a Grilca in ilustratorja Gregorja Gor\u0161i\u010da vas popelje v \u010dudoviti svet zgodb, knjig in branja.","og_url":"https:\/\/www.iskreni.net\/trgovina\/product\/rovka-crkolovka\/","og_site_name":"Zavod Iskreni","article_modified_time":"2025-07-09T11:52:25+00:00","og_image":[{"width":600,"height":600,"url":"https:\/\/www.iskreni.net\/trgovina\/wp-content\/uploads\/2023\/04\/Rovka-crkolovka.jpg","type":"image\/jpeg"}],"twitter_card":"summary_large_image","twitter_misc":{"Est. reading time":"1 minuta"},"schema":{"@context":"https:\/\/schema.org","@graph":[{"@type":"WebPage","@id":"https:\/\/www.iskreni.net\/trgovina\/product\/rovka-crkolovka\/","url":"https:\/\/www.iskreni.net\/trgovina\/product\/rovka-crkolovka\/","name":"Rovka \u010drkolovka | trgovina Iskreni","isPartOf":{"@id":"https:\/\/www.iskreni.net\/trgovina\/#website"},"primaryImageOfPage":{"@id":"https:\/\/www.iskreni.net\/trgovina\/product\/rovka-crkolovka\/#primaryimage"},"image":{"@id":"https:\/\/www.iskreni.net\/trgovina\/product\/rovka-crkolovka\/#primaryimage"},"thumbnailUrl":"https:\/\/www.iskreni.net\/trgovina\/wp-content\/uploads\/2023\/04\/Rovka-crkolovka.jpg","datePublished":"2023-04-28T12:40:24+00:00","dateModified":"2025-07-09T11:52:25+00:00","description":"Rovka \u010drkolovka - Slikanica Uro\u0161a Grilca in ilustratorja Gregorja Gor\u0161i\u010da vas popelje v \u010dudoviti svet zgodb, knjig in branja.","breadcrumb":{"@id":"https:\/\/www.iskreni.net\/trgovina\/product\/rovka-crkolovka\/#breadcrumb"},"inLanguage":"sl-SI","potentialAction":[{"@type":"ReadAction","target":["https:\/\/www.iskreni.net\/trgovina\/product\/rovka-crkolovka\/"]}]},{"@type":"ImageObject","inLanguage":"sl-SI","@id":"https:\/\/www.iskreni.net\/trgovina\/product\/rovka-crkolovka\/#primaryimage","url":"https:\/\/www.iskreni.net\/trgovina\/wp-content\/uploads\/2023\/04\/Rovka-crkolovka.jpg","contentUrl":"https:\/\/www.iskreni.net\/trgovina\/wp-content\/uploads\/2023\/04\/Rovka-crkolovka.jpg","width":600,"height":600},{"@type":"BreadcrumbList","@id":"https:\/\/www.iskreni.net\/trgovina\/product\/rovka-crkolovka\/#breadcrumb","itemListElement":[{"@type":"ListItem","position":1,"name":"Home","item":"https:\/\/www.iskreni.net\/trgovina\/"},{"@type":"ListItem","position":2,"name":"Trgovina","item":"https:\/\/www.iskreni.net\/trgovina\/trgovina\/"},{"@type":"ListItem","position":3,"name":"Rovka \u010drkolovka"}]},{"@type":"WebSite","@id":"https:\/\/www.iskreni.net\/trgovina\/#website","url":"https:\/\/www.iskreni.net\/trgovina\/","name":"Zavod Iskreni","description":"trgovina","potentialAction":[{"@type":"SearchAction","target":{"@type":"EntryPoint","urlTemplate":"https:\/\/www.iskreni.net\/trgovina\/?s={search_term_string}"},"query-input":{"@type":"PropertyValueSpecification","valueRequired":true,"valueName":"search_term_string"}}],"inLanguage":"sl-SI"}]}},"_links":{"self":[{"href":"https:\/\/www.iskreni.net\/trgovina\/wp-json\/wp\/v2\/product\/66054","targetHints":{"allow":["GET"]}}],"collection":[{"href":"https:\/\/www.iskreni.net\/trgovina\/wp-json\/wp\/v2\/product"}],"about":[{"href":"https:\/\/www.iskreni.net\/trgovina\/wp-json\/wp\/v2\/types\/product"}],"replies":[{"embeddable":true,"href":"https:\/\/www.iskreni.net\/trgovina\/wp-json\/wp\/v2\/comments?post=66054"}],"version-history":[{"count":4,"href":"https:\/\/www.iskreni.net\/trgovina\/wp-json\/wp\/v2\/product\/66054\/revisions"}],"predecessor-version":[{"id":72689,"href":"https:\/\/www.iskreni.net\/trgovina\/wp-json\/wp\/v2\/product\/66054\/revisions\/72689"}],"wp:featuredmedia":[{"embeddable":true,"href":"https:\/\/www.iskreni.net\/trgovina\/wp-json\/wp\/v2\/media\/66025"}],"wp:attachment":[{"href":"https:\/\/www.iskreni.net\/trgovina\/wp-json\/wp\/v2\/media?parent=66054"}],"wp:term":[{"taxonomy":"product_brand","embeddable":true,"href":"https:\/\/www.iskreni.net\/trgovina\/wp-json\/wp\/v2\/product_brand?post=66054"},{"taxonomy":"product_cat","embeddable":true,"href":"https:\/\/www.iskreni.net\/trgovina\/wp-json\/wp\/v2\/product_cat?post=66054"},{"taxonomy":"product_tag","embeddable":true,"href":"https:\/\/www.iskreni.net\/trgovina\/wp-json\/wp\/v2\/product_tag?post=66054"},{"taxonomy":"avtor","embeddable":true,"href":"https:\/\/www.iskreni.net\/trgovina\/wp-json\/wp\/v2\/avtor?post=66054"},{"taxonomy":"zalozba","embeddable":true,"href":"https:\/\/www.iskreni.net\/trgovina\/wp-json\/wp\/v2\/zalozba?post=66054"},{"taxonomy":"vezava","embeddable":true,"href":"https:\/\/www.iskreni.net\/trgovina\/wp-json\/wp\/v2\/vezava?post=66054"}],"curies":[{"name":"wp","href":"https:\/\/api.w.org\/{rel}","templated":true}]}}