{"id":65911,"date":"2023-04-21T11:37:34","date_gmt":"2023-04-21T09:37:34","guid":{"rendered":"https:\/\/www.iskreni.net\/trgovina\/?post_type=product&#038;p=65911"},"modified":"2023-10-23T15:00:38","modified_gmt":"2023-10-23T13:00:38","slug":"ocenas-gospod-nauci-nas-moliti","status":"publish","type":"product","link":"https:\/\/www.iskreni.net\/trgovina\/product\/ocenas-gospod-nauci-nas-moliti\/","title":{"rendered":"O\u010dena\u0161: Gospod, nau\u010di nas moliti"},"content":{"rendered":"<h4 id=\"anchor-o-izdelku\" class=\"title\">O knjigi O\u010dena\u0161: Gospod, nau\u010di nas moliti<\/h4>\n<p>Evangelist Luka nam je zapustil \u010dudovit zapis o nastanku o\u010dena\u0161a. Z veliko mero gotovosti sklepamo, da so u\u010denci vse bolj in bolj pozorno opazovali Jezusa pri vsem njegovem ravnanju. Njegov stil \u017eivljenja jih je vedno bolj prevzemal. Nedvomno so ga skrivaj opazovali tudi, ko je ve\u010dkrat zavil na samoten kraj in celo cele no\u010di pre\u010dul v pogovoru z O\u010detom, torej v tem, kar je bistvo molitve. To je moralo narediti na Jezusove spremljevalce tak\u0161en vtis, da so si za\u017eeleli, da bi tudi oni mogli do\u017eivljati kaj podobnega (Lk 11,1).<\/p>\n<p>Iz Matejevega zapisa glede molitve (Mt 6,7-8) jasno razberemo, da je bila Jezusova molitev druga\u010dna kot molitev poganov in se je v marsi\u010dem razlikovala tudi od judovske molitve. Zato Jezus pri\u010dne u\u010dno uro molitve za u\u010dence s poukom o tem, da molitev ni blebetanje, da molitev ni v obilici besed, saj O\u010de bolje ve, \u010desa potrebujemo, kot mi sami. Zato mi je prepri\u010danje, da Jezus ni imel namena svojih sledilcev nau\u010diti \u0161e enega obrazca ve\u010d, saj so jih kot Judje \u017ee tako znali obilico na pamet, vedno bli\u017eje, \u010deprav seveda tudi to velja, kajti o\u010dena\u0161 je gotovo najpopolnej\u0161i obrazec molitve. A hkrati je u\u010dencem dal po Mateju sedem oziroma po Luku pet \u00bbopornih to\u010dk\u00ab, ki naj se jih dr\u017eijo v pogovoru z nebe\u0161kim O\u010detom. Seveda ne v smislu, da jih \u00bbodkljukajo\u00ab, marve\u010d da jih uresni\u010dijo v svoji notranji globini, da vzpostavijo duhovno resni\u010dnost, ki jo te to\u010dke pomenijo.<\/p>\n<h4>Odlomek iz knjige:<\/h4>\n<p>\u00bbVse od prvih stoletij Cerkve so sveti pisatelji in teologi zapisovali svoje uvide o tej zgo\u0161\u010deni molitvi, ki v sebi povzema vsebino celotnega evangeljskega oznanila in s tem tudi vsebino Jezusovega \u017eivljenja, ki ga je \u017eivel kot neprestan intenziven odnos z O\u010detom.<\/p>\n<p>V upanju, da bodo skromna razmi\u0161ljanja ob molitvi, ki nas jo je nau\u010dil u\u010dlove\u010deni Bog sam, lahko komu v duhovno korist in mu pomagala vstopiti v neskon\u010den svet odnosa z O\u010detom, blagoslavljam vsakega, ki bo knjigo vzel v roke.\u00ab<\/p>\n<h4><a href=\"https:\/\/www.iskreni.net\/trgovina\/wp-content\/uploads\/2023\/10\/Oce-nas_internet.pdf\" target=\"_blank\" rel=\"noopener\">Prelistajte knjigo &gt;&gt;<\/a><\/h4>\n","protected":false},"excerpt":{"rendered":"<p><strong>Leto izdaje:<\/strong> 2023<br \/>\n<strong>\u0160tevilo strani:<\/strong> 88<br \/>\n<strong>Mere:<\/strong> 120 x 170 mm<\/p>\n<p><a href=\"https:\/\/www.iskreni.net\/trgovina\/wp-content\/uploads\/2023\/10\/Oce-nas_internet.pdf\" target=\"_blank\" rel=\"noopener\">Prelistajte knjigo &gt;&gt;<\/a><\/p>\n","protected":false},"featured_media":65915,"comment_status":"open","ping_status":"closed","template":"","meta":[],"product_brand":[],"product_cat":[2324,63],"product_tag":[1061,1896],"avtor":[2586],"zalozba":[2311],"vezava":[2307],"class_list":{"0":"post-65911","1":"product","2":"type-product","3":"status-publish","4":"has-post-thumbnail","6":"product_cat-duhovnost-in-osebna-rast","7":"product_cat-knjige","8":"product_tag-duhovna-rast","9":"product_tag-molitev","10":"avtor-marjan-turnsek","11":"zalozba-druzina","12":"vezava-mehka","14":"first","15":"instock","16":"taxable","17":"shipping-taxable","18":"purchasable","19":"product-type-simple"},"yoast_head":"<!-- This site is optimized with the Yoast SEO plugin v26.3 - https:\/\/yoast.com\/wordpress\/plugins\/seo\/ -->\n<title>O\u010dena\u0161: Gospod, nau\u010di nas moliti - trgovina Iskreni<\/title>\n<meta name=\"description\" content=\"O\u010dena\u0161: Gospod, nau\u010di nas moliti\" \/>\n<meta name=\"robots\" content=\"index, follow, max-snippet:-1, max-image-preview:large, max-video-preview:-1\" \/>\n<link rel=\"canonical\" href=\"https:\/\/www.iskreni.net\/trgovina\/product\/ocenas-gospod-nauci-nas-moliti\/\" \/>\n<meta property=\"og:locale\" content=\"sl_SI\" \/>\n<meta property=\"og:type\" content=\"article\" \/>\n<meta property=\"og:title\" content=\"Marjan Turn\u0161ek: O\u010dena\u0161: Gospod, nau\u010di nas moliti\" \/>\n<meta property=\"og:description\" content=\"O\u010dena\u0161: Gospod, nau\u010di nas moliti\" \/>\n<meta property=\"og:url\" content=\"https:\/\/www.iskreni.net\/trgovina\/product\/ocenas-gospod-nauci-nas-moliti\/\" \/>\n<meta property=\"og:site_name\" content=\"Zavod Iskreni\" \/>\n<meta property=\"article:modified_time\" content=\"2023-10-23T13:00:38+00:00\" \/>\n<meta property=\"og:image\" content=\"https:\/\/www.iskreni.net\/trgovina\/wp-content\/uploads\/2023\/04\/Slike-za-spletno-SOCIAL-28.jpg\" \/>\n\t<meta property=\"og:image:width\" content=\"1200\" \/>\n\t<meta property=\"og:image:height\" content=\"674\" \/>\n\t<meta property=\"og:image:type\" content=\"image\/jpeg\" \/>\n<meta name=\"twitter:card\" content=\"summary_large_image\" \/>\n<meta name=\"twitter:label1\" content=\"Est. reading time\" \/>\n\t<meta name=\"twitter:data1\" content=\"2 minuti\" \/>\n<script type=\"application\/ld+json\" class=\"yoast-schema-graph\">{\"@context\":\"https:\/\/schema.org\",\"@graph\":[{\"@type\":\"WebPage\",\"@id\":\"https:\/\/www.iskreni.net\/trgovina\/product\/ocenas-gospod-nauci-nas-moliti\/\",\"url\":\"https:\/\/www.iskreni.net\/trgovina\/product\/ocenas-gospod-nauci-nas-moliti\/\",\"name\":\"O\u010dena\u0161: Gospod, nau\u010di nas moliti - trgovina Iskreni\",\"isPartOf\":{\"@id\":\"https:\/\/www.iskreni.net\/trgovina\/#website\"},\"primaryImageOfPage\":{\"@id\":\"https:\/\/www.iskreni.net\/trgovina\/product\/ocenas-gospod-nauci-nas-moliti\/#primaryimage\"},\"image\":{\"@id\":\"https:\/\/www.iskreni.net\/trgovina\/product\/ocenas-gospod-nauci-nas-moliti\/#primaryimage\"},\"thumbnailUrl\":\"https:\/\/www.iskreni.net\/trgovina\/wp-content\/uploads\/2023\/04\/Slike-za-v-spletno-trgovino-68.jpg\",\"datePublished\":\"2023-04-21T09:37:34+00:00\",\"dateModified\":\"2023-10-23T13:00:38+00:00\",\"description\":\"O\u010dena\u0161: Gospod, nau\u010di nas moliti\",\"breadcrumb\":{\"@id\":\"https:\/\/www.iskreni.net\/trgovina\/product\/ocenas-gospod-nauci-nas-moliti\/#breadcrumb\"},\"inLanguage\":\"sl-SI\",\"potentialAction\":[{\"@type\":\"ReadAction\",\"target\":[\"https:\/\/www.iskreni.net\/trgovina\/product\/ocenas-gospod-nauci-nas-moliti\/\"]}]},{\"@type\":\"ImageObject\",\"inLanguage\":\"sl-SI\",\"@id\":\"https:\/\/www.iskreni.net\/trgovina\/product\/ocenas-gospod-nauci-nas-moliti\/#primaryimage\",\"url\":\"https:\/\/www.iskreni.net\/trgovina\/wp-content\/uploads\/2023\/04\/Slike-za-v-spletno-trgovino-68.jpg\",\"contentUrl\":\"https:\/\/www.iskreni.net\/trgovina\/wp-content\/uploads\/2023\/04\/Slike-za-v-spletno-trgovino-68.jpg\",\"width\":600,\"height\":600},{\"@type\":\"BreadcrumbList\",\"@id\":\"https:\/\/www.iskreni.net\/trgovina\/product\/ocenas-gospod-nauci-nas-moliti\/#breadcrumb\",\"itemListElement\":[{\"@type\":\"ListItem\",\"position\":1,\"name\":\"Home\",\"item\":\"https:\/\/www.iskreni.net\/trgovina\/\"},{\"@type\":\"ListItem\",\"position\":2,\"name\":\"Trgovina\",\"item\":\"https:\/\/www.iskreni.net\/trgovina\/trgovina\/\"},{\"@type\":\"ListItem\",\"position\":3,\"name\":\"O\u010dena\u0161: Gospod, nau\u010di nas moliti\"}]},{\"@type\":\"WebSite\",\"@id\":\"https:\/\/www.iskreni.net\/trgovina\/#website\",\"url\":\"https:\/\/www.iskreni.net\/trgovina\/\",\"name\":\"Zavod Iskreni\",\"description\":\"trgovina\",\"potentialAction\":[{\"@type\":\"SearchAction\",\"target\":{\"@type\":\"EntryPoint\",\"urlTemplate\":\"https:\/\/www.iskreni.net\/trgovina\/?s={search_term_string}\"},\"query-input\":{\"@type\":\"PropertyValueSpecification\",\"valueRequired\":true,\"valueName\":\"search_term_string\"}}],\"inLanguage\":\"sl-SI\"}]}<\/script>\n<!-- \/ Yoast SEO plugin. -->","yoast_head_json":{"title":"O\u010dena\u0161: Gospod, nau\u010di nas moliti - trgovina Iskreni","description":"O\u010dena\u0161: Gospod, nau\u010di nas moliti","robots":{"index":"index","follow":"follow","max-snippet":"max-snippet:-1","max-image-preview":"max-image-preview:large","max-video-preview":"max-video-preview:-1"},"canonical":"https:\/\/www.iskreni.net\/trgovina\/product\/ocenas-gospod-nauci-nas-moliti\/","og_locale":"sl_SI","og_type":"article","og_title":"Marjan Turn\u0161ek: O\u010dena\u0161: Gospod, nau\u010di nas moliti","og_description":"O\u010dena\u0161: Gospod, nau\u010di nas moliti","og_url":"https:\/\/www.iskreni.net\/trgovina\/product\/ocenas-gospod-nauci-nas-moliti\/","og_site_name":"Zavod Iskreni","article_modified_time":"2023-10-23T13:00:38+00:00","og_image":[{"width":1200,"height":674,"url":"https:\/\/www.iskreni.net\/trgovina\/wp-content\/uploads\/2023\/04\/Slike-za-spletno-SOCIAL-28.jpg","type":"image\/jpeg"}],"twitter_card":"summary_large_image","twitter_misc":{"Est. reading time":"2 minuti"},"schema":{"@context":"https:\/\/schema.org","@graph":[{"@type":"WebPage","@id":"https:\/\/www.iskreni.net\/trgovina\/product\/ocenas-gospod-nauci-nas-moliti\/","url":"https:\/\/www.iskreni.net\/trgovina\/product\/ocenas-gospod-nauci-nas-moliti\/","name":"O\u010dena\u0161: Gospod, nau\u010di nas moliti - trgovina Iskreni","isPartOf":{"@id":"https:\/\/www.iskreni.net\/trgovina\/#website"},"primaryImageOfPage":{"@id":"https:\/\/www.iskreni.net\/trgovina\/product\/ocenas-gospod-nauci-nas-moliti\/#primaryimage"},"image":{"@id":"https:\/\/www.iskreni.net\/trgovina\/product\/ocenas-gospod-nauci-nas-moliti\/#primaryimage"},"thumbnailUrl":"https:\/\/www.iskreni.net\/trgovina\/wp-content\/uploads\/2023\/04\/Slike-za-v-spletno-trgovino-68.jpg","datePublished":"2023-04-21T09:37:34+00:00","dateModified":"2023-10-23T13:00:38+00:00","description":"O\u010dena\u0161: Gospod, nau\u010di nas moliti","breadcrumb":{"@id":"https:\/\/www.iskreni.net\/trgovina\/product\/ocenas-gospod-nauci-nas-moliti\/#breadcrumb"},"inLanguage":"sl-SI","potentialAction":[{"@type":"ReadAction","target":["https:\/\/www.iskreni.net\/trgovina\/product\/ocenas-gospod-nauci-nas-moliti\/"]}]},{"@type":"ImageObject","inLanguage":"sl-SI","@id":"https:\/\/www.iskreni.net\/trgovina\/product\/ocenas-gospod-nauci-nas-moliti\/#primaryimage","url":"https:\/\/www.iskreni.net\/trgovina\/wp-content\/uploads\/2023\/04\/Slike-za-v-spletno-trgovino-68.jpg","contentUrl":"https:\/\/www.iskreni.net\/trgovina\/wp-content\/uploads\/2023\/04\/Slike-za-v-spletno-trgovino-68.jpg","width":600,"height":600},{"@type":"BreadcrumbList","@id":"https:\/\/www.iskreni.net\/trgovina\/product\/ocenas-gospod-nauci-nas-moliti\/#breadcrumb","itemListElement":[{"@type":"ListItem","position":1,"name":"Home","item":"https:\/\/www.iskreni.net\/trgovina\/"},{"@type":"ListItem","position":2,"name":"Trgovina","item":"https:\/\/www.iskreni.net\/trgovina\/trgovina\/"},{"@type":"ListItem","position":3,"name":"O\u010dena\u0161: Gospod, nau\u010di nas moliti"}]},{"@type":"WebSite","@id":"https:\/\/www.iskreni.net\/trgovina\/#website","url":"https:\/\/www.iskreni.net\/trgovina\/","name":"Zavod Iskreni","description":"trgovina","potentialAction":[{"@type":"SearchAction","target":{"@type":"EntryPoint","urlTemplate":"https:\/\/www.iskreni.net\/trgovina\/?s={search_term_string}"},"query-input":{"@type":"PropertyValueSpecification","valueRequired":true,"valueName":"search_term_string"}}],"inLanguage":"sl-SI"}]}},"_links":{"self":[{"href":"https:\/\/www.iskreni.net\/trgovina\/wp-json\/wp\/v2\/product\/65911","targetHints":{"allow":["GET"]}}],"collection":[{"href":"https:\/\/www.iskreni.net\/trgovina\/wp-json\/wp\/v2\/product"}],"about":[{"href":"https:\/\/www.iskreni.net\/trgovina\/wp-json\/wp\/v2\/types\/product"}],"replies":[{"embeddable":true,"href":"https:\/\/www.iskreni.net\/trgovina\/wp-json\/wp\/v2\/comments?post=65911"}],"version-history":[{"count":5,"href":"https:\/\/www.iskreni.net\/trgovina\/wp-json\/wp\/v2\/product\/65911\/revisions"}],"predecessor-version":[{"id":70382,"href":"https:\/\/www.iskreni.net\/trgovina\/wp-json\/wp\/v2\/product\/65911\/revisions\/70382"}],"wp:featuredmedia":[{"embeddable":true,"href":"https:\/\/www.iskreni.net\/trgovina\/wp-json\/wp\/v2\/media\/65915"}],"wp:attachment":[{"href":"https:\/\/www.iskreni.net\/trgovina\/wp-json\/wp\/v2\/media?parent=65911"}],"wp:term":[{"taxonomy":"product_brand","embeddable":true,"href":"https:\/\/www.iskreni.net\/trgovina\/wp-json\/wp\/v2\/product_brand?post=65911"},{"taxonomy":"product_cat","embeddable":true,"href":"https:\/\/www.iskreni.net\/trgovina\/wp-json\/wp\/v2\/product_cat?post=65911"},{"taxonomy":"product_tag","embeddable":true,"href":"https:\/\/www.iskreni.net\/trgovina\/wp-json\/wp\/v2\/product_tag?post=65911"},{"taxonomy":"avtor","embeddable":true,"href":"https:\/\/www.iskreni.net\/trgovina\/wp-json\/wp\/v2\/avtor?post=65911"},{"taxonomy":"zalozba","embeddable":true,"href":"https:\/\/www.iskreni.net\/trgovina\/wp-json\/wp\/v2\/zalozba?post=65911"},{"taxonomy":"vezava","embeddable":true,"href":"https:\/\/www.iskreni.net\/trgovina\/wp-json\/wp\/v2\/vezava?post=65911"}],"curies":[{"name":"wp","href":"https:\/\/api.w.org\/{rel}","templated":true}]}}