{"id":65730,"date":"2023-04-14T15:24:29","date_gmt":"2023-04-14T13:24:29","guid":{"rendered":"https:\/\/www.iskreni.net\/trgovina\/?post_type=product&#038;p=65730"},"modified":"2023-10-23T14:57:22","modified_gmt":"2023-10-23T12:57:22","slug":"revolucija-svec","status":"publish","type":"product","link":"https:\/\/www.iskreni.net\/trgovina\/product\/revolucija-svec\/","title":{"rendered":"Revolucija sve\u010d"},"content":{"rendered":"<h4 id=\"anchor-o-izdelku\" class=\"title\">O knjigi <em>Revolucija sve\u010d:<\/em><\/h4>\n<p>Zgodba je postavljena v Moskvo leta 1917. O\u010de Grigorij je ikonopisec v samostanu Svetega Andronika, kjer se je neko\u010d odlikoval njegov slavni predhodnik Andrej Rubljov. Medtem ko za obzidjem samostana \u017eivljenje menihov ohranja nespremenjen ritem, dr\u017eavo pretresa nemirni revolucionarni duh. Povsod je mogo\u010de videti, kako bolj\u0161eviki \u0161irijo svoje ideje in prevzemajo oblast. Tudi tovarna sve\u010d, ki deluje v okviru samostana, ni imuna na zunanje pretrese. Delavska \u017eena Nade\u017eda Ignatjevna posku\u0161a pre\u017eiveti svojo dru\u017eino in v upanju trepeta, da se njen najstarej\u0161i sin, ki je od\u0161el na fronto, vrne. Medtem o\u010de Grigorij nadaljuje svoje samotno delo. Ali mu bo uspelo dokon\u010dati svojo mojstrovino, ikono vstajenja, o kateri \u017ee tako dolgo razmi\u0161lja?<\/p>\n<p>Knji\u017eno delo je iz\u0161lo v okviru knji\u017enega programa, ki ga sofinancira Javna agencija za knjigo Republike Slovenije v letu 2022.<\/p>\n<h4>O avtorici:<\/h4>\n<p>Roman La r\u00e9volution des cierges (Gallimard, 2010) predstavlja vrhunec Losskyjeve zgodnje ustvarjalnosti. Olga Lossky mojstrsko prepleta nostalgi\u010dno spominjanje preteklosti z dana\u0161njo moderno, individualno in razsredi\u0161\u010deno dobo. S svojim zna\u010dilnim mnogozna\u010dnim jezikovnim prehajanjem med arhai\u010dnim in modernisti\u010dnim izrazoslovjem pisateljica v prvi vrsti razgalja, v drugi pa \u0161e bolj intenzivira silno praznino, s katero se soo\u010da moderni \u010dlovek. Delo je prejelo Nagrado za najbolj\u0161i zgodovinski roman 2010, Nagrado Augi\u00e9ras 2011, Dr\u017eavno nagrado po izboru bralcev 2011 in Srebrno pero knji\u017enega sejma v Toursu.<\/p>\n<h4>Odlomek iz knjige:<\/h4>\n<p><em>\u00bbTik preden je zaspal, je pomislil, da se bo jutri vse za\u010delo znova tako kot danes, od klica zvona v no\u010di do \u017eeljne mno\u017eice zve\u010der. In na tem navidezno monotonem platnu so se menihi nenehno trudili, da bi naredili nekaj razporkov, skozi katere bi pogled lahko u\u0161el proti neskon\u010dnosti.\u00ab<\/em><\/p>\n<h4><a href=\"https:\/\/www.iskreni.net\/trgovina\/wp-content\/uploads\/2023\/04\/Revolucija-svec_internet_opt.pdf\" target=\"_blank\" rel=\"noopener\">Prelistajte knjigo &gt;&gt;<\/a><\/h4>\n","protected":false},"excerpt":{"rendered":"<p><strong>Avtor prevoda:<\/strong> Sergej Valijev<br \/>\n<strong>Leto izdaje:<\/strong> 2023<br \/>\n<strong>\u0160tevilo strani:<\/strong> 312<br \/>\n<strong>Format:<\/strong> 140 x 210 mm<\/p>\n<h4><a href=\"https:\/\/www.iskreni.net\/trgovina\/wp-content\/uploads\/2023\/04\/Revolucija-svec_internet_opt.pdf\" target=\"_blank\" rel=\"noopener\">Prelistajte knjigo &gt;&gt;<\/a><\/h4>\n<p>&nbsp;<\/p>\n","protected":false},"featured_media":65726,"comment_status":"open","ping_status":"closed","template":"","meta":[],"product_brand":[],"product_cat":[2325,63],"product_tag":[2082,734],"avtor":[2585],"zalozba":[2311],"vezava":[2307],"class_list":{"0":"post-65730","1":"product","2":"type-product","3":"status-publish","4":"has-post-thumbnail","6":"product_cat-leposlovje","7":"product_cat-knjige","8":"product_tag-pravoslavje","9":"product_tag-roman","10":"avtor-olga-lossky","11":"zalozba-druzina","12":"vezava-mehka","14":"first","15":"instock","16":"taxable","17":"shipping-taxable","18":"purchasable","19":"product-type-simple"},"yoast_head":"<!-- This site is optimized with the Yoast SEO plugin v26.3 - https:\/\/yoast.com\/wordpress\/plugins\/seo\/ -->\n<title>Olga Lossky: Revolucija sve\u010d - trgovina Iskreni<\/title>\n<meta name=\"description\" content=\"Revolucija sve\u010d nas ponese v Moskvo leta 1917. O\u010de Grigorij je ikonopisec v samostanu, kjer se je neko\u010d odlikoval njegov slavni predhodnik Andrej Rubljov.\" \/>\n<meta name=\"robots\" content=\"index, follow, max-snippet:-1, max-image-preview:large, max-video-preview:-1\" \/>\n<link rel=\"canonical\" href=\"https:\/\/www.iskreni.net\/trgovina\/product\/revolucija-svec\/\" \/>\n<meta property=\"og:locale\" content=\"sl_SI\" \/>\n<meta property=\"og:type\" content=\"article\" \/>\n<meta property=\"og:title\" content=\"Olga Lossky: Revolucija sve\u010d\" \/>\n<meta property=\"og:description\" content=\"Revolucija sve\u010d nas ponese v Moskvo leta 1917. O\u010de Grigorij je ikonopisec v samostanu, kjer se je neko\u010d odlikoval njegov slavni predhodnik Andrej Rubljov.\" \/>\n<meta property=\"og:url\" content=\"https:\/\/www.iskreni.net\/trgovina\/product\/revolucija-svec\/\" \/>\n<meta property=\"og:site_name\" content=\"Zavod Iskreni\" \/>\n<meta property=\"article:modified_time\" content=\"2023-10-23T12:57:22+00:00\" \/>\n<meta property=\"og:image\" content=\"https:\/\/www.iskreni.net\/trgovina\/wp-content\/uploads\/2023\/04\/FB-Revolucija-svec.jpg\" \/>\n\t<meta property=\"og:image:width\" content=\"1200\" \/>\n\t<meta property=\"og:image:height\" content=\"674\" \/>\n\t<meta property=\"og:image:type\" content=\"image\/jpeg\" \/>\n<meta name=\"twitter:card\" content=\"summary_large_image\" \/>\n<meta name=\"twitter:label1\" content=\"Est. reading time\" \/>\n\t<meta name=\"twitter:data1\" content=\"2 minuti\" \/>\n<script type=\"application\/ld+json\" class=\"yoast-schema-graph\">{\"@context\":\"https:\/\/schema.org\",\"@graph\":[{\"@type\":\"WebPage\",\"@id\":\"https:\/\/www.iskreni.net\/trgovina\/product\/revolucija-svec\/\",\"url\":\"https:\/\/www.iskreni.net\/trgovina\/product\/revolucija-svec\/\",\"name\":\"Olga Lossky: Revolucija sve\u010d - trgovina Iskreni\",\"isPartOf\":{\"@id\":\"https:\/\/www.iskreni.net\/trgovina\/#website\"},\"primaryImageOfPage\":{\"@id\":\"https:\/\/www.iskreni.net\/trgovina\/product\/revolucija-svec\/#primaryimage\"},\"image\":{\"@id\":\"https:\/\/www.iskreni.net\/trgovina\/product\/revolucija-svec\/#primaryimage\"},\"thumbnailUrl\":\"https:\/\/www.iskreni.net\/trgovina\/wp-content\/uploads\/2023\/04\/Revolucija-svec.jpg\",\"datePublished\":\"2023-04-14T13:24:29+00:00\",\"dateModified\":\"2023-10-23T12:57:22+00:00\",\"description\":\"Revolucija sve\u010d nas ponese v Moskvo leta 1917. O\u010de Grigorij je ikonopisec v samostanu, kjer se je neko\u010d odlikoval njegov slavni predhodnik Andrej Rubljov.\",\"breadcrumb\":{\"@id\":\"https:\/\/www.iskreni.net\/trgovina\/product\/revolucija-svec\/#breadcrumb\"},\"inLanguage\":\"sl-SI\",\"potentialAction\":[{\"@type\":\"ReadAction\",\"target\":[\"https:\/\/www.iskreni.net\/trgovina\/product\/revolucija-svec\/\"]}]},{\"@type\":\"ImageObject\",\"inLanguage\":\"sl-SI\",\"@id\":\"https:\/\/www.iskreni.net\/trgovina\/product\/revolucija-svec\/#primaryimage\",\"url\":\"https:\/\/www.iskreni.net\/trgovina\/wp-content\/uploads\/2023\/04\/Revolucija-svec.jpg\",\"contentUrl\":\"https:\/\/www.iskreni.net\/trgovina\/wp-content\/uploads\/2023\/04\/Revolucija-svec.jpg\",\"width\":600,\"height\":600},{\"@type\":\"BreadcrumbList\",\"@id\":\"https:\/\/www.iskreni.net\/trgovina\/product\/revolucija-svec\/#breadcrumb\",\"itemListElement\":[{\"@type\":\"ListItem\",\"position\":1,\"name\":\"Home\",\"item\":\"https:\/\/www.iskreni.net\/trgovina\/\"},{\"@type\":\"ListItem\",\"position\":2,\"name\":\"Trgovina\",\"item\":\"https:\/\/www.iskreni.net\/trgovina\/trgovina\/\"},{\"@type\":\"ListItem\",\"position\":3,\"name\":\"Revolucija sve\u010d\"}]},{\"@type\":\"WebSite\",\"@id\":\"https:\/\/www.iskreni.net\/trgovina\/#website\",\"url\":\"https:\/\/www.iskreni.net\/trgovina\/\",\"name\":\"Zavod Iskreni\",\"description\":\"trgovina\",\"potentialAction\":[{\"@type\":\"SearchAction\",\"target\":{\"@type\":\"EntryPoint\",\"urlTemplate\":\"https:\/\/www.iskreni.net\/trgovina\/?s={search_term_string}\"},\"query-input\":{\"@type\":\"PropertyValueSpecification\",\"valueRequired\":true,\"valueName\":\"search_term_string\"}}],\"inLanguage\":\"sl-SI\"}]}<\/script>\n<!-- \/ Yoast SEO plugin. -->","yoast_head_json":{"title":"Olga Lossky: Revolucija sve\u010d - trgovina Iskreni","description":"Revolucija sve\u010d nas ponese v Moskvo leta 1917. O\u010de Grigorij je ikonopisec v samostanu, kjer se je neko\u010d odlikoval njegov slavni predhodnik Andrej Rubljov.","robots":{"index":"index","follow":"follow","max-snippet":"max-snippet:-1","max-image-preview":"max-image-preview:large","max-video-preview":"max-video-preview:-1"},"canonical":"https:\/\/www.iskreni.net\/trgovina\/product\/revolucija-svec\/","og_locale":"sl_SI","og_type":"article","og_title":"Olga Lossky: Revolucija sve\u010d","og_description":"Revolucija sve\u010d nas ponese v Moskvo leta 1917. O\u010de Grigorij je ikonopisec v samostanu, kjer se je neko\u010d odlikoval njegov slavni predhodnik Andrej Rubljov.","og_url":"https:\/\/www.iskreni.net\/trgovina\/product\/revolucija-svec\/","og_site_name":"Zavod Iskreni","article_modified_time":"2023-10-23T12:57:22+00:00","og_image":[{"width":1200,"height":674,"url":"https:\/\/www.iskreni.net\/trgovina\/wp-content\/uploads\/2023\/04\/FB-Revolucija-svec.jpg","type":"image\/jpeg"}],"twitter_card":"summary_large_image","twitter_misc":{"Est. reading time":"2 minuti"},"schema":{"@context":"https:\/\/schema.org","@graph":[{"@type":"WebPage","@id":"https:\/\/www.iskreni.net\/trgovina\/product\/revolucija-svec\/","url":"https:\/\/www.iskreni.net\/trgovina\/product\/revolucija-svec\/","name":"Olga Lossky: Revolucija sve\u010d - trgovina Iskreni","isPartOf":{"@id":"https:\/\/www.iskreni.net\/trgovina\/#website"},"primaryImageOfPage":{"@id":"https:\/\/www.iskreni.net\/trgovina\/product\/revolucija-svec\/#primaryimage"},"image":{"@id":"https:\/\/www.iskreni.net\/trgovina\/product\/revolucija-svec\/#primaryimage"},"thumbnailUrl":"https:\/\/www.iskreni.net\/trgovina\/wp-content\/uploads\/2023\/04\/Revolucija-svec.jpg","datePublished":"2023-04-14T13:24:29+00:00","dateModified":"2023-10-23T12:57:22+00:00","description":"Revolucija sve\u010d nas ponese v Moskvo leta 1917. O\u010de Grigorij je ikonopisec v samostanu, kjer se je neko\u010d odlikoval njegov slavni predhodnik Andrej Rubljov.","breadcrumb":{"@id":"https:\/\/www.iskreni.net\/trgovina\/product\/revolucija-svec\/#breadcrumb"},"inLanguage":"sl-SI","potentialAction":[{"@type":"ReadAction","target":["https:\/\/www.iskreni.net\/trgovina\/product\/revolucija-svec\/"]}]},{"@type":"ImageObject","inLanguage":"sl-SI","@id":"https:\/\/www.iskreni.net\/trgovina\/product\/revolucija-svec\/#primaryimage","url":"https:\/\/www.iskreni.net\/trgovina\/wp-content\/uploads\/2023\/04\/Revolucija-svec.jpg","contentUrl":"https:\/\/www.iskreni.net\/trgovina\/wp-content\/uploads\/2023\/04\/Revolucija-svec.jpg","width":600,"height":600},{"@type":"BreadcrumbList","@id":"https:\/\/www.iskreni.net\/trgovina\/product\/revolucija-svec\/#breadcrumb","itemListElement":[{"@type":"ListItem","position":1,"name":"Home","item":"https:\/\/www.iskreni.net\/trgovina\/"},{"@type":"ListItem","position":2,"name":"Trgovina","item":"https:\/\/www.iskreni.net\/trgovina\/trgovina\/"},{"@type":"ListItem","position":3,"name":"Revolucija sve\u010d"}]},{"@type":"WebSite","@id":"https:\/\/www.iskreni.net\/trgovina\/#website","url":"https:\/\/www.iskreni.net\/trgovina\/","name":"Zavod Iskreni","description":"trgovina","potentialAction":[{"@type":"SearchAction","target":{"@type":"EntryPoint","urlTemplate":"https:\/\/www.iskreni.net\/trgovina\/?s={search_term_string}"},"query-input":{"@type":"PropertyValueSpecification","valueRequired":true,"valueName":"search_term_string"}}],"inLanguage":"sl-SI"}]}},"_links":{"self":[{"href":"https:\/\/www.iskreni.net\/trgovina\/wp-json\/wp\/v2\/product\/65730","targetHints":{"allow":["GET"]}}],"collection":[{"href":"https:\/\/www.iskreni.net\/trgovina\/wp-json\/wp\/v2\/product"}],"about":[{"href":"https:\/\/www.iskreni.net\/trgovina\/wp-json\/wp\/v2\/types\/product"}],"replies":[{"embeddable":true,"href":"https:\/\/www.iskreni.net\/trgovina\/wp-json\/wp\/v2\/comments?post=65730"}],"version-history":[{"count":5,"href":"https:\/\/www.iskreni.net\/trgovina\/wp-json\/wp\/v2\/product\/65730\/revisions"}],"predecessor-version":[{"id":70376,"href":"https:\/\/www.iskreni.net\/trgovina\/wp-json\/wp\/v2\/product\/65730\/revisions\/70376"}],"wp:featuredmedia":[{"embeddable":true,"href":"https:\/\/www.iskreni.net\/trgovina\/wp-json\/wp\/v2\/media\/65726"}],"wp:attachment":[{"href":"https:\/\/www.iskreni.net\/trgovina\/wp-json\/wp\/v2\/media?parent=65730"}],"wp:term":[{"taxonomy":"product_brand","embeddable":true,"href":"https:\/\/www.iskreni.net\/trgovina\/wp-json\/wp\/v2\/product_brand?post=65730"},{"taxonomy":"product_cat","embeddable":true,"href":"https:\/\/www.iskreni.net\/trgovina\/wp-json\/wp\/v2\/product_cat?post=65730"},{"taxonomy":"product_tag","embeddable":true,"href":"https:\/\/www.iskreni.net\/trgovina\/wp-json\/wp\/v2\/product_tag?post=65730"},{"taxonomy":"avtor","embeddable":true,"href":"https:\/\/www.iskreni.net\/trgovina\/wp-json\/wp\/v2\/avtor?post=65730"},{"taxonomy":"zalozba","embeddable":true,"href":"https:\/\/www.iskreni.net\/trgovina\/wp-json\/wp\/v2\/zalozba?post=65730"},{"taxonomy":"vezava","embeddable":true,"href":"https:\/\/www.iskreni.net\/trgovina\/wp-json\/wp\/v2\/vezava?post=65730"}],"curies":[{"name":"wp","href":"https:\/\/api.w.org\/{rel}","templated":true}]}}