{"id":65695,"date":"2023-04-14T11:40:48","date_gmt":"2023-04-14T09:40:48","guid":{"rendered":"https:\/\/www.iskreni.net\/trgovina\/?post_type=product&#038;p=65695"},"modified":"2023-10-23T14:31:23","modified_gmt":"2023-10-23T12:31:23","slug":"najboljse-kar-premorem-zanj","status":"publish","type":"product","link":"https:\/\/www.iskreni.net\/trgovina\/product\/najboljse-kar-premorem-zanj\/","title":{"rendered":"Najbolj\u0161e, kar premorem, Zanj"},"content":{"rendered":"<h4 id=\"anchor-o-izdelku\" class=\"title\">O knjigi <em>Najbolj\u0161e, kar premorem, Zanj<\/em><\/h4>\n<p>\u00bbKnjiga, ki jo dr\u017eite v rokah, nas 365 dni vodi po poti, kjer se sre\u010dujeta Bog in \u010dlovek. Avtor Oswald Chambers nas z zanesljivim smerokazom Bo\u017eje besede vedno znova vra\u010da k milostni resnici, da Bog in \u010dlovek nista dva, ampak eno, drug v Drugem. Samo v tem odnosu se lahko ponovno rodimo, smo \u017eivi in po njem \u017eivimo tudi v ve\u010dnosti. V knjigi se sre\u010dujemo z Bo\u017ejimi posegi v \u017eivljenja apostolov ter drugih svetih mo\u017e in \u017eena, z njihovimi \u010dlove\u0161kimi vzgibi in njihovo osvobajajo\u010do prepustitvijo Bo\u017ejemu na\u010drtu. Samo Boga je namre\u010d potrebno vzeti resno, potem ima vse ostalo pravo mesto.\u00ab (Lily Schweiger Kotar, prevajalka)<\/p>\n<h4>O avtorju:<\/h4>\n<p>Oswald Chambers (1874\u20131917) je bil britanski baptisti\u010dni pastor, predavatelj in ustanovitelj bibli\u010dnega kolid\u017ea Bible Training College. Med prvo svetovno vojno je v okviru Zveze kr\u0161\u010danskih mladih mo\u017e deloval med vojaki v Egiptu, kjer je tudi nepri\u010dakovano umrl.<\/p>\n<p>Za \u010dasa svojega \u017eivljenja ni bil slaven. Ko je leta 1917 pri 43 letih umrl, so bile objavljene samo tri njegove knjige. V dokaj ozkem krogu kristjanov v Veliki Britaniji in ZDA je bil Cham\u00adbers cenjen kot u\u010ditelj z izjemnim uvidom v Sveto pismo in njegovim posebnim razumevanjem, vendar \u0161ir\u0161e ni bil poznan. Njegov vpliv se je pove\u010dal v desetletjih po njegovi smrti, ko je njegova vdova zbrala Oswaldovo govorjeno besedo, njegove zapise, predavanja in pridige v trideset izdanih knjig. Mnoge izmed njih so postale kr\u0161\u010danska klasika: Zbegani, da bi se borili odlo\u010dneje (Baffled to Fight Better), \u010ce boste vpra\u0161ali (If Ye Shall Ask), \u0160tudije govora na gori (Studies in the Sermon on the Mount) in seveda Najbolj\u0161e, kar premorem, Zanj (My Utmost for His Highest), ki je njegova najve\u010dja uspe\u0161nica. Prvi\u010d je iz\u0161la leta 1927 in se od tedaj neprestano tiska, prodanih pa je bilo \u017ee na milijone izvodov. Danes je prevedena v \u0161tirideset jezikov in vsak dan jo odpre na tiso\u010de bralcev, ki v njej i\u0161\u010dejo Gospodove spodbude.<\/p>\n<h4>Odlomek iz knjige (za 14. november):<\/h4>\n<p>Z Bogom bi morali biti v takem ob\u010destvu, da nam Ga ne bi bilo treba nenehno prositi za vodstvo. Posve\u010denje pomeni, da smo ustvarjeni kot Bo\u017eji otroci. Otrok pa v svojem \u017eivljenju po navadi poslu\u0161a, dokler ne \u017eeli postati neposlu\u0161en. Kakor hitro pa izbere neposlu\u0161nost, se v njem ustvari konflikt. Na duhovnem podro\u010dju je ta konflikt opozorilo Svetega Duha. Ko nas ta enkrat opozori, moramo takoj prenehati in se obnoviti v duhu na\u0161ega uma, da razpoznamo, kaj ho\u010de Bog (glej Rim 12,2). \u010ce smo ponovno rojeni iz Bo\u017ejega Duha, potem s stalnimi pro\u0161njami, naj nas vodi sem ter tja, zadu\u0161imo in onemogo\u010dimo predanost Njemu. \u00bbGOSPOD me je vodil po poti [\u2026]\u00ab (1 Mz 24,27b), in ko se ozremo nazaj, vidimo \u010dudovit na\u010drt. \u010ce smo rojeni iz Boga, bomo Njegovo vodstvo opazili in na\u010drt pripisali Bogu.<\/p>\n<p>V izjemnih trenutkih vsi zlahka vidimo Boga, ne opazimo pa Ga v podrobnostih, za kar je potrebno urjenje v duhovni disciplini. Nikoli ne mislite, da so tako imenovani naklju\u010dni dogodki v va\u0161em \u017eivljenju kaj manj kot Bo\u017eji ukazi. Bodite pripravljeni, da v vsem odkrijete Njegove na\u010drte.<\/p>\n<p>Glejte, da ne boste obsedeni z lastnimi prepri\u010danji, namesto da bi bili predani Bogu. \u010ce ste svetniki in pore\u010dete: \u00bbTega ali onega ne bom storil nikoli\u00ab, bo to po vsej verjetnosti to\u010dno tisto, kar bo Bog zahteval od vas. Na vsem svetu \u0161e ni bilo bolj nedoslednega bitja od na\u0161ega Gospoda, a do svojega O\u010deta je bil vedno dosleden. Doslednost svetnika ni v na\u010delih, ampak v bo\u017eanskem \u017eivljenju. Bo\u017eansko \u017eivljenje pa je tisto, ki vedno bolj prodira v bo\u017eanski um. La\u017eje je biti fanatik kot pa dosledno zvest, saj Bog na\u0161o versko aroganco poni\u017ea, ko smo Mu zvesti.<\/p>\n<h4><a href=\"https:\/\/www.iskreni.net\/trgovina\/wp-content\/uploads\/2023\/04\/najboljse-kar-premorem-zanjinternetopt.pdf\" target=\"_blank\" rel=\"noopener\">Prelistajte knjigo &gt;&gt;<\/a><\/h4>\n","protected":false},"excerpt":{"rendered":"<p><strong>Avtor prevoda:<\/strong> Lily Schweiger Kotar<br \/>\n<strong>Leto izdaje:<\/strong> 2022<br \/>\n<strong>\u0160tevilo strani:<\/strong> 384<br \/>\n<strong>Format:<\/strong> 150 x 210 mm<br \/>\n<strong>Vezava:<\/strong> trda v umetnem usnju<\/p>\n<h4><a href=\"https:\/\/www.iskreni.net\/trgovina\/wp-content\/uploads\/2023\/04\/najboljse-kar-premorem-zanjinternetopt.pdf\" target=\"_blank\" rel=\"noopener\">Prelistajte knjigo &gt;&gt;<\/a><\/h4>\n<h4><\/h4>\n<p>&nbsp;<\/p>\n","protected":false},"featured_media":65699,"comment_status":"open","ping_status":"closed","template":"","meta":[],"product_brand":[],"product_cat":[2324,63],"product_tag":[1061,1711],"avtor":[2583],"zalozba":[2311],"vezava":[2306],"class_list":{"0":"post-65695","1":"product","2":"type-product","3":"status-publish","4":"has-post-thumbnail","6":"product_cat-duhovnost-in-osebna-rast","7":"product_cat-knjige","8":"product_tag-duhovna-rast","9":"product_tag-krscanstvo","10":"avtor-oswald-chambers","11":"zalozba-druzina","12":"vezava-trda","14":"first","15":"instock","16":"taxable","17":"shipping-taxable","18":"purchasable","19":"product-type-simple"},"yoast_head":"<!-- This site is optimized with the Yoast SEO plugin v26.3 - https:\/\/yoast.com\/wordpress\/plugins\/seo\/ -->\n<title>Oswald Chambers: Najbolj\u0161e, kar premorem, Zanj - trgovina Iskreni<\/title>\n<meta name=\"description\" content=\"Najbolj\u0161e, kar premorem, Zanj nam ponuja sre\u010danja z Bo\u017ejimi posegi v \u017eivljenja apostolov ter drugih svetih mo\u017e in \u017eena.\" \/>\n<meta name=\"robots\" content=\"index, follow, max-snippet:-1, max-image-preview:large, max-video-preview:-1\" \/>\n<link rel=\"canonical\" href=\"https:\/\/www.iskreni.net\/trgovina\/product\/najboljse-kar-premorem-zanj\/\" \/>\n<meta property=\"og:locale\" content=\"sl_SI\" \/>\n<meta property=\"og:type\" content=\"article\" \/>\n<meta property=\"og:title\" content=\"Oswald Chambers: Najbolj\u0161e, kar premorem, Zanj\" \/>\n<meta property=\"og:description\" content=\"Najbolj\u0161e, kar premorem, Zanj nam ponuja sre\u010danja z Bo\u017ejimi posegi v \u017eivljenja apostolov ter drugih svetih mo\u017e in \u017eena.\" \/>\n<meta property=\"og:url\" content=\"https:\/\/www.iskreni.net\/trgovina\/product\/najboljse-kar-premorem-zanj\/\" \/>\n<meta property=\"og:site_name\" content=\"Zavod Iskreni\" \/>\n<meta property=\"article:modified_time\" content=\"2023-10-23T12:31:23+00:00\" \/>\n<meta property=\"og:image\" content=\"https:\/\/www.iskreni.net\/trgovina\/wp-content\/uploads\/2023\/04\/Slike-za-spletno-SOCIAL-24.jpg\" \/>\n\t<meta property=\"og:image:width\" content=\"1200\" \/>\n\t<meta property=\"og:image:height\" content=\"674\" \/>\n\t<meta property=\"og:image:type\" content=\"image\/jpeg\" \/>\n<meta name=\"twitter:card\" content=\"summary_large_image\" \/>\n<meta name=\"twitter:label1\" content=\"Est. reading time\" \/>\n\t<meta name=\"twitter:data1\" content=\"4 minute\" \/>\n<script type=\"application\/ld+json\" class=\"yoast-schema-graph\">{\"@context\":\"https:\/\/schema.org\",\"@graph\":[{\"@type\":\"WebPage\",\"@id\":\"https:\/\/www.iskreni.net\/trgovina\/product\/najboljse-kar-premorem-zanj\/\",\"url\":\"https:\/\/www.iskreni.net\/trgovina\/product\/najboljse-kar-premorem-zanj\/\",\"name\":\"Oswald Chambers: Najbolj\u0161e, kar premorem, Zanj - trgovina Iskreni\",\"isPartOf\":{\"@id\":\"https:\/\/www.iskreni.net\/trgovina\/#website\"},\"primaryImageOfPage\":{\"@id\":\"https:\/\/www.iskreni.net\/trgovina\/product\/najboljse-kar-premorem-zanj\/#primaryimage\"},\"image\":{\"@id\":\"https:\/\/www.iskreni.net\/trgovina\/product\/najboljse-kar-premorem-zanj\/#primaryimage\"},\"thumbnailUrl\":\"https:\/\/www.iskreni.net\/trgovina\/wp-content\/uploads\/2023\/04\/Slike-za-v-spletno-trgovino-64.jpg\",\"datePublished\":\"2023-04-14T09:40:48+00:00\",\"dateModified\":\"2023-10-23T12:31:23+00:00\",\"description\":\"Najbolj\u0161e, kar premorem, Zanj nam ponuja sre\u010danja z Bo\u017ejimi posegi v \u017eivljenja apostolov ter drugih svetih mo\u017e in \u017eena.\",\"breadcrumb\":{\"@id\":\"https:\/\/www.iskreni.net\/trgovina\/product\/najboljse-kar-premorem-zanj\/#breadcrumb\"},\"inLanguage\":\"sl-SI\",\"potentialAction\":[{\"@type\":\"ReadAction\",\"target\":[\"https:\/\/www.iskreni.net\/trgovina\/product\/najboljse-kar-premorem-zanj\/\"]}]},{\"@type\":\"ImageObject\",\"inLanguage\":\"sl-SI\",\"@id\":\"https:\/\/www.iskreni.net\/trgovina\/product\/najboljse-kar-premorem-zanj\/#primaryimage\",\"url\":\"https:\/\/www.iskreni.net\/trgovina\/wp-content\/uploads\/2023\/04\/Slike-za-v-spletno-trgovino-64.jpg\",\"contentUrl\":\"https:\/\/www.iskreni.net\/trgovina\/wp-content\/uploads\/2023\/04\/Slike-za-v-spletno-trgovino-64.jpg\",\"width\":600,\"height\":600},{\"@type\":\"BreadcrumbList\",\"@id\":\"https:\/\/www.iskreni.net\/trgovina\/product\/najboljse-kar-premorem-zanj\/#breadcrumb\",\"itemListElement\":[{\"@type\":\"ListItem\",\"position\":1,\"name\":\"Home\",\"item\":\"https:\/\/www.iskreni.net\/trgovina\/\"},{\"@type\":\"ListItem\",\"position\":2,\"name\":\"Trgovina\",\"item\":\"https:\/\/www.iskreni.net\/trgovina\/trgovina\/\"},{\"@type\":\"ListItem\",\"position\":3,\"name\":\"Najbolj\u0161e, kar premorem, Zanj\"}]},{\"@type\":\"WebSite\",\"@id\":\"https:\/\/www.iskreni.net\/trgovina\/#website\",\"url\":\"https:\/\/www.iskreni.net\/trgovina\/\",\"name\":\"Zavod Iskreni\",\"description\":\"trgovina\",\"potentialAction\":[{\"@type\":\"SearchAction\",\"target\":{\"@type\":\"EntryPoint\",\"urlTemplate\":\"https:\/\/www.iskreni.net\/trgovina\/?s={search_term_string}\"},\"query-input\":{\"@type\":\"PropertyValueSpecification\",\"valueRequired\":true,\"valueName\":\"search_term_string\"}}],\"inLanguage\":\"sl-SI\"}]}<\/script>\n<!-- \/ Yoast SEO plugin. -->","yoast_head_json":{"title":"Oswald Chambers: Najbolj\u0161e, kar premorem, Zanj - trgovina Iskreni","description":"Najbolj\u0161e, kar premorem, Zanj nam ponuja sre\u010danja z Bo\u017ejimi posegi v \u017eivljenja apostolov ter drugih svetih mo\u017e in \u017eena.","robots":{"index":"index","follow":"follow","max-snippet":"max-snippet:-1","max-image-preview":"max-image-preview:large","max-video-preview":"max-video-preview:-1"},"canonical":"https:\/\/www.iskreni.net\/trgovina\/product\/najboljse-kar-premorem-zanj\/","og_locale":"sl_SI","og_type":"article","og_title":"Oswald Chambers: Najbolj\u0161e, kar premorem, Zanj","og_description":"Najbolj\u0161e, kar premorem, Zanj nam ponuja sre\u010danja z Bo\u017ejimi posegi v \u017eivljenja apostolov ter drugih svetih mo\u017e in \u017eena.","og_url":"https:\/\/www.iskreni.net\/trgovina\/product\/najboljse-kar-premorem-zanj\/","og_site_name":"Zavod Iskreni","article_modified_time":"2023-10-23T12:31:23+00:00","og_image":[{"width":1200,"height":674,"url":"https:\/\/www.iskreni.net\/trgovina\/wp-content\/uploads\/2023\/04\/Slike-za-spletno-SOCIAL-24.jpg","type":"image\/jpeg"}],"twitter_card":"summary_large_image","twitter_misc":{"Est. reading time":"4 minute"},"schema":{"@context":"https:\/\/schema.org","@graph":[{"@type":"WebPage","@id":"https:\/\/www.iskreni.net\/trgovina\/product\/najboljse-kar-premorem-zanj\/","url":"https:\/\/www.iskreni.net\/trgovina\/product\/najboljse-kar-premorem-zanj\/","name":"Oswald Chambers: Najbolj\u0161e, kar premorem, Zanj - trgovina Iskreni","isPartOf":{"@id":"https:\/\/www.iskreni.net\/trgovina\/#website"},"primaryImageOfPage":{"@id":"https:\/\/www.iskreni.net\/trgovina\/product\/najboljse-kar-premorem-zanj\/#primaryimage"},"image":{"@id":"https:\/\/www.iskreni.net\/trgovina\/product\/najboljse-kar-premorem-zanj\/#primaryimage"},"thumbnailUrl":"https:\/\/www.iskreni.net\/trgovina\/wp-content\/uploads\/2023\/04\/Slike-za-v-spletno-trgovino-64.jpg","datePublished":"2023-04-14T09:40:48+00:00","dateModified":"2023-10-23T12:31:23+00:00","description":"Najbolj\u0161e, kar premorem, Zanj nam ponuja sre\u010danja z Bo\u017ejimi posegi v \u017eivljenja apostolov ter drugih svetih mo\u017e in \u017eena.","breadcrumb":{"@id":"https:\/\/www.iskreni.net\/trgovina\/product\/najboljse-kar-premorem-zanj\/#breadcrumb"},"inLanguage":"sl-SI","potentialAction":[{"@type":"ReadAction","target":["https:\/\/www.iskreni.net\/trgovina\/product\/najboljse-kar-premorem-zanj\/"]}]},{"@type":"ImageObject","inLanguage":"sl-SI","@id":"https:\/\/www.iskreni.net\/trgovina\/product\/najboljse-kar-premorem-zanj\/#primaryimage","url":"https:\/\/www.iskreni.net\/trgovina\/wp-content\/uploads\/2023\/04\/Slike-za-v-spletno-trgovino-64.jpg","contentUrl":"https:\/\/www.iskreni.net\/trgovina\/wp-content\/uploads\/2023\/04\/Slike-za-v-spletno-trgovino-64.jpg","width":600,"height":600},{"@type":"BreadcrumbList","@id":"https:\/\/www.iskreni.net\/trgovina\/product\/najboljse-kar-premorem-zanj\/#breadcrumb","itemListElement":[{"@type":"ListItem","position":1,"name":"Home","item":"https:\/\/www.iskreni.net\/trgovina\/"},{"@type":"ListItem","position":2,"name":"Trgovina","item":"https:\/\/www.iskreni.net\/trgovina\/trgovina\/"},{"@type":"ListItem","position":3,"name":"Najbolj\u0161e, kar premorem, Zanj"}]},{"@type":"WebSite","@id":"https:\/\/www.iskreni.net\/trgovina\/#website","url":"https:\/\/www.iskreni.net\/trgovina\/","name":"Zavod Iskreni","description":"trgovina","potentialAction":[{"@type":"SearchAction","target":{"@type":"EntryPoint","urlTemplate":"https:\/\/www.iskreni.net\/trgovina\/?s={search_term_string}"},"query-input":{"@type":"PropertyValueSpecification","valueRequired":true,"valueName":"search_term_string"}}],"inLanguage":"sl-SI"}]}},"_links":{"self":[{"href":"https:\/\/www.iskreni.net\/trgovina\/wp-json\/wp\/v2\/product\/65695","targetHints":{"allow":["GET"]}}],"collection":[{"href":"https:\/\/www.iskreni.net\/trgovina\/wp-json\/wp\/v2\/product"}],"about":[{"href":"https:\/\/www.iskreni.net\/trgovina\/wp-json\/wp\/v2\/types\/product"}],"replies":[{"embeddable":true,"href":"https:\/\/www.iskreni.net\/trgovina\/wp-json\/wp\/v2\/comments?post=65695"}],"version-history":[{"count":5,"href":"https:\/\/www.iskreni.net\/trgovina\/wp-json\/wp\/v2\/product\/65695\/revisions"}],"predecessor-version":[{"id":70366,"href":"https:\/\/www.iskreni.net\/trgovina\/wp-json\/wp\/v2\/product\/65695\/revisions\/70366"}],"wp:featuredmedia":[{"embeddable":true,"href":"https:\/\/www.iskreni.net\/trgovina\/wp-json\/wp\/v2\/media\/65699"}],"wp:attachment":[{"href":"https:\/\/www.iskreni.net\/trgovina\/wp-json\/wp\/v2\/media?parent=65695"}],"wp:term":[{"taxonomy":"product_brand","embeddable":true,"href":"https:\/\/www.iskreni.net\/trgovina\/wp-json\/wp\/v2\/product_brand?post=65695"},{"taxonomy":"product_cat","embeddable":true,"href":"https:\/\/www.iskreni.net\/trgovina\/wp-json\/wp\/v2\/product_cat?post=65695"},{"taxonomy":"product_tag","embeddable":true,"href":"https:\/\/www.iskreni.net\/trgovina\/wp-json\/wp\/v2\/product_tag?post=65695"},{"taxonomy":"avtor","embeddable":true,"href":"https:\/\/www.iskreni.net\/trgovina\/wp-json\/wp\/v2\/avtor?post=65695"},{"taxonomy":"zalozba","embeddable":true,"href":"https:\/\/www.iskreni.net\/trgovina\/wp-json\/wp\/v2\/zalozba?post=65695"},{"taxonomy":"vezava","embeddable":true,"href":"https:\/\/www.iskreni.net\/trgovina\/wp-json\/wp\/v2\/vezava?post=65695"}],"curies":[{"name":"wp","href":"https:\/\/api.w.org\/{rel}","templated":true}]}}