{"id":65619,"date":"2023-04-12T14:56:12","date_gmt":"2023-04-12T12:56:12","guid":{"rendered":"https:\/\/www.iskreni.net\/trgovina\/?post_type=product&#038;p=65619"},"modified":"2025-07-09T13:50:36","modified_gmt":"2025-07-09T11:50:36","slug":"neskoncna-zgodba","status":"publish","type":"product","link":"https:\/\/www.iskreni.net\/trgovina\/product\/neskoncna-zgodba\/","title":{"rendered":"Neskon\u010dna zgodba"},"content":{"rendered":"<h4>O knjigi <em>Neskon\u010dna zgodba<\/em><\/h4>\n<div class=\"categoriesWrapper\">\n<div id=\"categories\" class=\"roundbox\">\n<p>Zgodba je lahko nova in vendarle pripoveduje o pradavnih \u010dasih. Preteklost nastaja z njo. Bastijan je \u0161olar, debelu\u0161en in neroden, so\u0161olci se nor\u010dujejo iz njega, tudi u\u010ditelj telovadbe, ker se z rokami ne more dvigniti po vrvi. Ampak to ni najhuj\u0161e. Najhuj\u0161e je, da mu je umrla mama in da ima ob\u010dutek, da ga o\u010de komaj \u0161e opazi. Tisto, kar Bastijan zna in ima silno rad, je branje in izmi\u0161ljanje zgodb.<\/p>\n<p>Gospodu Koreandru v antikvariatu ukrade knjigo z naslovom Neskon\u010dna zgodba in zbe\u017ei od doma na \u0161olsko podstre\u0161je. Znajde se v pripovedi o \u010dudovitem cesarstvu Fant\u00e1ziji, ki mu grozi uni\u010denje. V zgodbi spremlja de\u010dka Atreja in sre\u010dnega zmaja Fuhurja, ki i\u0161\u010deta \u010dlove\u0161kega otroka, da bi dal vladarici Fant\u00e1zije novo ime in s tem re\u0161il de\u017eelo. Najdeta ga, njega: Bastijan se \u010disto zares znajde v zgodbi, ki jo bere! Ampak zaplete se, ko bi se moral vrniti v svoj svet: vse manj ima spominov nanj, ne \u017eeli si nazaj \u2013 nazaj pa ga lahko pripelje samo zares resni\u010dna \u017eelja. Do konca ne vemo, slutimo pa, da mu bo uspelo, ker ima prijatelja, Atreja, in sre\u010dnega zmaja Fuhurja.<\/p>\n<h5>O AVTORJU:<\/h5>\n<p>Michael Ende (1929\u20131995) je nem\u0161ki pisatelj, ki je zaslovel z zgodbo za mladino Jim Knof in strojevodja Luka (1960), \u010deprav si je kot igralec in pisec dramskih besedil \u017eelel postati avtor za odrasle. Zanjo je dobil nem\u0161ko nagrado za mladinsko knji\u017eevnost, ob hvali pa so se razvnele tudi kritike in pomisleki ob domi\u0161ljiji polnih, fantasti\u010dnih zgodbah, ki naj otrokom ne bi predstavljale resni\u010dnega sveta. Tudi to je pripomoglo, da se je v za\u010detku sedemdesetih let z \u017eeno Ingeborg preselil v Italijo.<\/p>\n<p>Tam je nastal pravlji\u010dni roman Momo (1973), v katerem deklica vrne ljudem ukradeni \u010das, kasneje pa \u0161e Neskon\u010dna zgodba (1979). Osnovna zamisel za zgodbo se je \u0161irila in razra\u0161\u010dala in namesto eno leto je Ende fantasti\u010dni roman pisal tri leta. Neskon\u010dno zgodbo se lahko bere in se o njej premi\u0161ljuje na mnogo na\u010dinov. Tisto, kar ne uide, pa je vpra\u0161anje: kako ozdraviti svet, ki ga po\u017eirajo la\u017ei, \u017eelja po mo\u010di in mu vlada suhoparna otipljiva resni\u010dnost brez fantazije.<\/p>\n<\/div>\n<\/div>\n","protected":false},"excerpt":{"rendered":"<p><strong>Avtor prevoda:<\/strong> Janez Gradi\u0161nik<br \/>\n<strong>\u0160tevilo strani: <\/strong>520<br \/>\n<strong>Leto izdaje:<\/strong> 2023<br \/>\n<strong>Mere:<\/strong> 22,5 x 16 cm<\/p>\n","protected":false},"featured_media":65622,"comment_status":"open","ping_status":"closed","template":"","meta":[],"product_brand":[],"product_cat":[2325,2350,63],"product_tag":[],"avtor":[2654],"zalozba":[2355],"vezava":[2306],"class_list":{"0":"post-65619","1":"product","2":"type-product","3":"status-publish","4":"has-post-thumbnail","6":"product_cat-leposlovje","7":"product_cat-za-mlade","8":"product_cat-knjige","9":"avtor-michael-ende","10":"zalozba-beletrina","11":"vezava-trda","13":"first","14":"onbackorder","15":"taxable","16":"shipping-taxable","17":"purchasable","18":"product-type-simple"},"yoast_head":"<!-- This site is optimized with the Yoast SEO plugin v26.3 - https:\/\/yoast.com\/wordpress\/plugins\/seo\/ -->\n<title>Michael Ende: Neskon\u010dna zgodba - trgovina Iskreni<\/title>\n<meta name=\"description\" content=\"Neskon\u010dna zgodba je pripoved o starih in hkrati novih \u010dasih. Fantazijska pustolov\u0161\u010dina bralca popelje v svet, kjer se rojeva domi\u0161ljija.\" \/>\n<meta name=\"robots\" content=\"index, follow, max-snippet:-1, max-image-preview:large, max-video-preview:-1\" \/>\n<link rel=\"canonical\" href=\"https:\/\/www.iskreni.net\/trgovina\/product\/neskoncna-zgodba\/\" \/>\n<meta property=\"og:locale\" content=\"sl_SI\" \/>\n<meta property=\"og:type\" content=\"article\" \/>\n<meta property=\"og:title\" content=\"Michael Ende: Neskon\u010dna zgodba\" \/>\n<meta property=\"og:description\" content=\"Neskon\u010dna zgodba je pripoved o starih in hkrati novih \u010dasih. Fantazijska pustolov\u0161\u010dina bralca popelje v svet, kjer se rojeva domi\u0161ljija.\" \/>\n<meta property=\"og:url\" content=\"https:\/\/www.iskreni.net\/trgovina\/product\/neskoncna-zgodba\/\" \/>\n<meta property=\"og:site_name\" content=\"Zavod Iskreni\" \/>\n<meta property=\"article:modified_time\" content=\"2025-07-09T11:50:36+00:00\" \/>\n<meta property=\"og:image\" content=\"https:\/\/www.iskreni.net\/trgovina\/wp-content\/uploads\/2023\/04\/Slike-za-v-spletno-trgovino-61.jpg\" \/>\n\t<meta property=\"og:image:width\" content=\"600\" \/>\n\t<meta property=\"og:image:height\" content=\"600\" \/>\n\t<meta property=\"og:image:type\" content=\"image\/jpeg\" \/>\n<meta name=\"twitter:card\" content=\"summary_large_image\" \/>\n<meta name=\"twitter:label1\" content=\"Est. reading time\" \/>\n\t<meta name=\"twitter:data1\" content=\"3 minute\" \/>\n<script type=\"application\/ld+json\" class=\"yoast-schema-graph\">{\"@context\":\"https:\/\/schema.org\",\"@graph\":[{\"@type\":\"WebPage\",\"@id\":\"https:\/\/www.iskreni.net\/trgovina\/product\/neskoncna-zgodba\/\",\"url\":\"https:\/\/www.iskreni.net\/trgovina\/product\/neskoncna-zgodba\/\",\"name\":\"Michael Ende: Neskon\u010dna zgodba - trgovina Iskreni\",\"isPartOf\":{\"@id\":\"https:\/\/www.iskreni.net\/trgovina\/#website\"},\"primaryImageOfPage\":{\"@id\":\"https:\/\/www.iskreni.net\/trgovina\/product\/neskoncna-zgodba\/#primaryimage\"},\"image\":{\"@id\":\"https:\/\/www.iskreni.net\/trgovina\/product\/neskoncna-zgodba\/#primaryimage\"},\"thumbnailUrl\":\"https:\/\/www.iskreni.net\/trgovina\/wp-content\/uploads\/2023\/04\/Slike-za-v-spletno-trgovino-61.jpg\",\"datePublished\":\"2023-04-12T12:56:12+00:00\",\"dateModified\":\"2025-07-09T11:50:36+00:00\",\"description\":\"Neskon\u010dna zgodba je pripoved o starih in hkrati novih \u010dasih. Fantazijska pustolov\u0161\u010dina bralca popelje v svet, kjer se rojeva domi\u0161ljija.\",\"breadcrumb\":{\"@id\":\"https:\/\/www.iskreni.net\/trgovina\/product\/neskoncna-zgodba\/#breadcrumb\"},\"inLanguage\":\"sl-SI\",\"potentialAction\":[{\"@type\":\"ReadAction\",\"target\":[\"https:\/\/www.iskreni.net\/trgovina\/product\/neskoncna-zgodba\/\"]}]},{\"@type\":\"ImageObject\",\"inLanguage\":\"sl-SI\",\"@id\":\"https:\/\/www.iskreni.net\/trgovina\/product\/neskoncna-zgodba\/#primaryimage\",\"url\":\"https:\/\/www.iskreni.net\/trgovina\/wp-content\/uploads\/2023\/04\/Slike-za-v-spletno-trgovino-61.jpg\",\"contentUrl\":\"https:\/\/www.iskreni.net\/trgovina\/wp-content\/uploads\/2023\/04\/Slike-za-v-spletno-trgovino-61.jpg\",\"width\":600,\"height\":600},{\"@type\":\"BreadcrumbList\",\"@id\":\"https:\/\/www.iskreni.net\/trgovina\/product\/neskoncna-zgodba\/#breadcrumb\",\"itemListElement\":[{\"@type\":\"ListItem\",\"position\":1,\"name\":\"Home\",\"item\":\"https:\/\/www.iskreni.net\/trgovina\/\"},{\"@type\":\"ListItem\",\"position\":2,\"name\":\"Trgovina\",\"item\":\"https:\/\/www.iskreni.net\/trgovina\/trgovina\/\"},{\"@type\":\"ListItem\",\"position\":3,\"name\":\"Neskon\u010dna zgodba\"}]},{\"@type\":\"WebSite\",\"@id\":\"https:\/\/www.iskreni.net\/trgovina\/#website\",\"url\":\"https:\/\/www.iskreni.net\/trgovina\/\",\"name\":\"Zavod Iskreni\",\"description\":\"trgovina\",\"potentialAction\":[{\"@type\":\"SearchAction\",\"target\":{\"@type\":\"EntryPoint\",\"urlTemplate\":\"https:\/\/www.iskreni.net\/trgovina\/?s={search_term_string}\"},\"query-input\":{\"@type\":\"PropertyValueSpecification\",\"valueRequired\":true,\"valueName\":\"search_term_string\"}}],\"inLanguage\":\"sl-SI\"}]}<\/script>\n<!-- \/ Yoast SEO plugin. -->","yoast_head_json":{"title":"Michael Ende: Neskon\u010dna zgodba - trgovina Iskreni","description":"Neskon\u010dna zgodba je pripoved o starih in hkrati novih \u010dasih. Fantazijska pustolov\u0161\u010dina bralca popelje v svet, kjer se rojeva domi\u0161ljija.","robots":{"index":"index","follow":"follow","max-snippet":"max-snippet:-1","max-image-preview":"max-image-preview:large","max-video-preview":"max-video-preview:-1"},"canonical":"https:\/\/www.iskreni.net\/trgovina\/product\/neskoncna-zgodba\/","og_locale":"sl_SI","og_type":"article","og_title":"Michael Ende: Neskon\u010dna zgodba","og_description":"Neskon\u010dna zgodba je pripoved o starih in hkrati novih \u010dasih. Fantazijska pustolov\u0161\u010dina bralca popelje v svet, kjer se rojeva domi\u0161ljija.","og_url":"https:\/\/www.iskreni.net\/trgovina\/product\/neskoncna-zgodba\/","og_site_name":"Zavod Iskreni","article_modified_time":"2025-07-09T11:50:36+00:00","og_image":[{"width":600,"height":600,"url":"https:\/\/www.iskreni.net\/trgovina\/wp-content\/uploads\/2023\/04\/Slike-za-v-spletno-trgovino-61.jpg","type":"image\/jpeg"}],"twitter_card":"summary_large_image","twitter_misc":{"Est. reading time":"3 minute"},"schema":{"@context":"https:\/\/schema.org","@graph":[{"@type":"WebPage","@id":"https:\/\/www.iskreni.net\/trgovina\/product\/neskoncna-zgodba\/","url":"https:\/\/www.iskreni.net\/trgovina\/product\/neskoncna-zgodba\/","name":"Michael Ende: Neskon\u010dna zgodba - trgovina Iskreni","isPartOf":{"@id":"https:\/\/www.iskreni.net\/trgovina\/#website"},"primaryImageOfPage":{"@id":"https:\/\/www.iskreni.net\/trgovina\/product\/neskoncna-zgodba\/#primaryimage"},"image":{"@id":"https:\/\/www.iskreni.net\/trgovina\/product\/neskoncna-zgodba\/#primaryimage"},"thumbnailUrl":"https:\/\/www.iskreni.net\/trgovina\/wp-content\/uploads\/2023\/04\/Slike-za-v-spletno-trgovino-61.jpg","datePublished":"2023-04-12T12:56:12+00:00","dateModified":"2025-07-09T11:50:36+00:00","description":"Neskon\u010dna zgodba je pripoved o starih in hkrati novih \u010dasih. Fantazijska pustolov\u0161\u010dina bralca popelje v svet, kjer se rojeva domi\u0161ljija.","breadcrumb":{"@id":"https:\/\/www.iskreni.net\/trgovina\/product\/neskoncna-zgodba\/#breadcrumb"},"inLanguage":"sl-SI","potentialAction":[{"@type":"ReadAction","target":["https:\/\/www.iskreni.net\/trgovina\/product\/neskoncna-zgodba\/"]}]},{"@type":"ImageObject","inLanguage":"sl-SI","@id":"https:\/\/www.iskreni.net\/trgovina\/product\/neskoncna-zgodba\/#primaryimage","url":"https:\/\/www.iskreni.net\/trgovina\/wp-content\/uploads\/2023\/04\/Slike-za-v-spletno-trgovino-61.jpg","contentUrl":"https:\/\/www.iskreni.net\/trgovina\/wp-content\/uploads\/2023\/04\/Slike-za-v-spletno-trgovino-61.jpg","width":600,"height":600},{"@type":"BreadcrumbList","@id":"https:\/\/www.iskreni.net\/trgovina\/product\/neskoncna-zgodba\/#breadcrumb","itemListElement":[{"@type":"ListItem","position":1,"name":"Home","item":"https:\/\/www.iskreni.net\/trgovina\/"},{"@type":"ListItem","position":2,"name":"Trgovina","item":"https:\/\/www.iskreni.net\/trgovina\/trgovina\/"},{"@type":"ListItem","position":3,"name":"Neskon\u010dna zgodba"}]},{"@type":"WebSite","@id":"https:\/\/www.iskreni.net\/trgovina\/#website","url":"https:\/\/www.iskreni.net\/trgovina\/","name":"Zavod Iskreni","description":"trgovina","potentialAction":[{"@type":"SearchAction","target":{"@type":"EntryPoint","urlTemplate":"https:\/\/www.iskreni.net\/trgovina\/?s={search_term_string}"},"query-input":{"@type":"PropertyValueSpecification","valueRequired":true,"valueName":"search_term_string"}}],"inLanguage":"sl-SI"}]}},"_links":{"self":[{"href":"https:\/\/www.iskreni.net\/trgovina\/wp-json\/wp\/v2\/product\/65619","targetHints":{"allow":["GET"]}}],"collection":[{"href":"https:\/\/www.iskreni.net\/trgovina\/wp-json\/wp\/v2\/product"}],"about":[{"href":"https:\/\/www.iskreni.net\/trgovina\/wp-json\/wp\/v2\/types\/product"}],"replies":[{"embeddable":true,"href":"https:\/\/www.iskreni.net\/trgovina\/wp-json\/wp\/v2\/comments?post=65619"}],"version-history":[{"count":3,"href":"https:\/\/www.iskreni.net\/trgovina\/wp-json\/wp\/v2\/product\/65619\/revisions"}],"predecessor-version":[{"id":72356,"href":"https:\/\/www.iskreni.net\/trgovina\/wp-json\/wp\/v2\/product\/65619\/revisions\/72356"}],"wp:featuredmedia":[{"embeddable":true,"href":"https:\/\/www.iskreni.net\/trgovina\/wp-json\/wp\/v2\/media\/65622"}],"wp:attachment":[{"href":"https:\/\/www.iskreni.net\/trgovina\/wp-json\/wp\/v2\/media?parent=65619"}],"wp:term":[{"taxonomy":"product_brand","embeddable":true,"href":"https:\/\/www.iskreni.net\/trgovina\/wp-json\/wp\/v2\/product_brand?post=65619"},{"taxonomy":"product_cat","embeddable":true,"href":"https:\/\/www.iskreni.net\/trgovina\/wp-json\/wp\/v2\/product_cat?post=65619"},{"taxonomy":"product_tag","embeddable":true,"href":"https:\/\/www.iskreni.net\/trgovina\/wp-json\/wp\/v2\/product_tag?post=65619"},{"taxonomy":"avtor","embeddable":true,"href":"https:\/\/www.iskreni.net\/trgovina\/wp-json\/wp\/v2\/avtor?post=65619"},{"taxonomy":"zalozba","embeddable":true,"href":"https:\/\/www.iskreni.net\/trgovina\/wp-json\/wp\/v2\/zalozba?post=65619"},{"taxonomy":"vezava","embeddable":true,"href":"https:\/\/www.iskreni.net\/trgovina\/wp-json\/wp\/v2\/vezava?post=65619"}],"curies":[{"name":"wp","href":"https:\/\/api.w.org\/{rel}","templated":true}]}}