{"id":65614,"date":"2023-04-12T14:35:07","date_gmt":"2023-04-12T12:35:07","guid":{"rendered":"https:\/\/www.iskreni.net\/trgovina\/?post_type=product&#038;p=65614"},"modified":"2025-07-09T13:50:30","modified_gmt":"2025-07-09T11:50:30","slug":"mary-poppins","status":"publish","type":"product","link":"https:\/\/www.iskreni.net\/trgovina\/product\/mary-poppins\/","title":{"rendered":"Mary Poppins"},"content":{"rendered":"<h4>O knjigi <em>Mary Poppins<\/em><\/h4>\n<div class=\"categoriesWrapper\">\n<div id=\"categories\" class=\"roundbox\">\n<p>Ste morda videli film o Mary Poppins? Potem morate nujno prebrati knjigo, ki vam bo predstavila resni\u010dno, nekoliko jezikavo in ne\u010dimrno supervaru\u0161ko!<\/p>\n<p>Mary Poppins je vzhodni veter med otroke prinesel leta 1934. Od tedaj se generacije bralcev in bralk navdu\u0161ujejo nad njeno skrivnostno pojavo, \u010dudovito prazno torbo (iz katere lahko potegne vrsto nenavadnih pripomo\u010dkov in celo posteljo!), nepri\u010dakovanimi dogodiv\u0161\u010dinami, kakr\u0161ne z njo do\u017eivljajo njeni varovanci, in nad izjemnimi sposobnostmi, ki bi jih mi poimenovali \u2018\u010darovnije\u2019, Mary Poppins pa bi le pihnila skozi nos in celo zanikala, da ste v njeni dru\u017ebi pravkar sre\u010dali hudo neobi\u010dajne ljudi in \u017eivali.<\/p>\n<h4>O AVTORICI:<\/h4>\n<p>Pisateljica Pamela Lyndon Travers (1899\u20131996) se je rodila v Avstraliji kot Helen Lyndon Goff. \u017de kot otrok je imela bujno domi\u0161ljijo, zanimala jo je mitologija, veliko je brala, pisala za \u0161olski \u010dasopis in se zaljubila v gledali\u0161\u010de. Tudi kruh si je za\u010dela slu\u017eiti kot igralka in novinarka \u2013 takrat si je tudi spremenila ime: Pamela, ker je bilo to ime takrat priljubljeno; Travers, ker je bilo tako ime njenemu o\u010detu. Preselila se je v Anglijo in tam ustvarila najbolj znano varu\u0161ko vseh \u010dasov, ki je pisateljico naredila svetovno znano \u2013 tako zelo, da se je Disney odlo\u010dil narediti film o Mary Poppins. Pamela s filmom ni bila najbolj zadovoljna, ker \u2026 Preberite knjigo in boste razumeli!<\/p>\n<\/div>\n<\/div>\n","protected":false},"excerpt":{"rendered":"<p><strong>Avtor prevoda:<\/strong> Veronika Rot Gabrovec<br \/>\n<strong>Ilustracije: <\/strong>Mary Shepard<strong><br \/>\n<\/strong><strong>\u0160tevilo strani: <\/strong>184<br \/>\n<strong>Leto izdaje:<\/strong> 2023<br \/>\n<strong>Mere:<\/strong> 22,5 x 16 cm<\/p>\n","protected":false},"featured_media":65616,"comment_status":"open","ping_status":"closed","template":"","meta":[],"product_brand":[],"product_cat":[2325,2350,63],"product_tag":[],"avtor":[2655],"zalozba":[2355],"vezava":[2306],"class_list":{"0":"post-65614","1":"product","2":"type-product","3":"status-publish","4":"has-post-thumbnail","6":"product_cat-leposlovje","7":"product_cat-za-mlade","8":"product_cat-knjige","9":"avtor-pamela-l-travers","10":"zalozba-beletrina","11":"vezava-trda","13":"first","14":"onbackorder","15":"taxable","16":"shipping-taxable","17":"purchasable","18":"product-type-simple"},"yoast_head":"<!-- This site is optimized with the Yoast SEO plugin v26.3 - https:\/\/yoast.com\/wordpress\/plugins\/seo\/ -->\n<title>Mary Poppins - trgovina Iskreni<\/title>\n<meta name=\"description\" content=\"Mary Poppins je nekoliko jezikava in ne\u010dimrna supervaru\u0161ka, ki jo je vzhodni veter med otroke prinesel leta 1934 in ustvaril generacije navdu\u0161enih bralcev.\" \/>\n<meta name=\"robots\" content=\"index, follow, max-snippet:-1, max-image-preview:large, max-video-preview:-1\" \/>\n<link rel=\"canonical\" href=\"https:\/\/www.iskreni.net\/trgovina\/product\/mary-poppins\/\" \/>\n<meta property=\"og:locale\" content=\"sl_SI\" \/>\n<meta property=\"og:type\" content=\"article\" \/>\n<meta property=\"og:title\" content=\"Pamela L. Travers: Mary Poppins\" \/>\n<meta property=\"og:description\" content=\"Nekoliko jezikava in ne\u010dimrna supervaru\u0161ka, ki jo je vzhodni veter med otroke prinesel leta 1934 in ustvaril generacije navdu\u0161enih bralcev.\" \/>\n<meta property=\"og:url\" content=\"https:\/\/www.iskreni.net\/trgovina\/product\/mary-poppins\/\" \/>\n<meta property=\"og:site_name\" content=\"Zavod Iskreni\" \/>\n<meta property=\"article:modified_time\" content=\"2025-07-09T11:50:30+00:00\" \/>\n<meta property=\"og:image\" content=\"https:\/\/www.iskreni.net\/trgovina\/wp-content\/uploads\/2023\/04\/Slike-za-v-spletno-trgovino-60.jpg\" \/>\n\t<meta property=\"og:image:width\" content=\"600\" \/>\n\t<meta property=\"og:image:height\" content=\"600\" \/>\n\t<meta property=\"og:image:type\" content=\"image\/jpeg\" \/>\n<meta name=\"twitter:card\" content=\"summary_large_image\" \/>\n<meta name=\"twitter:label1\" content=\"Est. reading time\" \/>\n\t<meta name=\"twitter:data1\" content=\"2 minuti\" \/>\n<script type=\"application\/ld+json\" class=\"yoast-schema-graph\">{\"@context\":\"https:\/\/schema.org\",\"@graph\":[{\"@type\":\"WebPage\",\"@id\":\"https:\/\/www.iskreni.net\/trgovina\/product\/mary-poppins\/\",\"url\":\"https:\/\/www.iskreni.net\/trgovina\/product\/mary-poppins\/\",\"name\":\"Mary Poppins - trgovina Iskreni\",\"isPartOf\":{\"@id\":\"https:\/\/www.iskreni.net\/trgovina\/#website\"},\"primaryImageOfPage\":{\"@id\":\"https:\/\/www.iskreni.net\/trgovina\/product\/mary-poppins\/#primaryimage\"},\"image\":{\"@id\":\"https:\/\/www.iskreni.net\/trgovina\/product\/mary-poppins\/#primaryimage\"},\"thumbnailUrl\":\"https:\/\/www.iskreni.net\/trgovina\/wp-content\/uploads\/2023\/04\/Slike-za-v-spletno-trgovino-60.jpg\",\"datePublished\":\"2023-04-12T12:35:07+00:00\",\"dateModified\":\"2025-07-09T11:50:30+00:00\",\"description\":\"Mary Poppins je nekoliko jezikava in ne\u010dimrna supervaru\u0161ka, ki jo je vzhodni veter med otroke prinesel leta 1934 in ustvaril generacije navdu\u0161enih bralcev.\",\"breadcrumb\":{\"@id\":\"https:\/\/www.iskreni.net\/trgovina\/product\/mary-poppins\/#breadcrumb\"},\"inLanguage\":\"sl-SI\",\"potentialAction\":[{\"@type\":\"ReadAction\",\"target\":[\"https:\/\/www.iskreni.net\/trgovina\/product\/mary-poppins\/\"]}]},{\"@type\":\"ImageObject\",\"inLanguage\":\"sl-SI\",\"@id\":\"https:\/\/www.iskreni.net\/trgovina\/product\/mary-poppins\/#primaryimage\",\"url\":\"https:\/\/www.iskreni.net\/trgovina\/wp-content\/uploads\/2023\/04\/Slike-za-v-spletno-trgovino-60.jpg\",\"contentUrl\":\"https:\/\/www.iskreni.net\/trgovina\/wp-content\/uploads\/2023\/04\/Slike-za-v-spletno-trgovino-60.jpg\",\"width\":600,\"height\":600},{\"@type\":\"BreadcrumbList\",\"@id\":\"https:\/\/www.iskreni.net\/trgovina\/product\/mary-poppins\/#breadcrumb\",\"itemListElement\":[{\"@type\":\"ListItem\",\"position\":1,\"name\":\"Home\",\"item\":\"https:\/\/www.iskreni.net\/trgovina\/\"},{\"@type\":\"ListItem\",\"position\":2,\"name\":\"Trgovina\",\"item\":\"https:\/\/www.iskreni.net\/trgovina\/trgovina\/\"},{\"@type\":\"ListItem\",\"position\":3,\"name\":\"Mary Poppins\"}]},{\"@type\":\"WebSite\",\"@id\":\"https:\/\/www.iskreni.net\/trgovina\/#website\",\"url\":\"https:\/\/www.iskreni.net\/trgovina\/\",\"name\":\"Zavod Iskreni\",\"description\":\"trgovina\",\"potentialAction\":[{\"@type\":\"SearchAction\",\"target\":{\"@type\":\"EntryPoint\",\"urlTemplate\":\"https:\/\/www.iskreni.net\/trgovina\/?s={search_term_string}\"},\"query-input\":{\"@type\":\"PropertyValueSpecification\",\"valueRequired\":true,\"valueName\":\"search_term_string\"}}],\"inLanguage\":\"sl-SI\"}]}<\/script>\n<!-- \/ Yoast SEO plugin. -->","yoast_head_json":{"title":"Mary Poppins - trgovina Iskreni","description":"Mary Poppins je nekoliko jezikava in ne\u010dimrna supervaru\u0161ka, ki jo je vzhodni veter med otroke prinesel leta 1934 in ustvaril generacije navdu\u0161enih bralcev.","robots":{"index":"index","follow":"follow","max-snippet":"max-snippet:-1","max-image-preview":"max-image-preview:large","max-video-preview":"max-video-preview:-1"},"canonical":"https:\/\/www.iskreni.net\/trgovina\/product\/mary-poppins\/","og_locale":"sl_SI","og_type":"article","og_title":"Pamela L. Travers: Mary Poppins","og_description":"Nekoliko jezikava in ne\u010dimrna supervaru\u0161ka, ki jo je vzhodni veter med otroke prinesel leta 1934 in ustvaril generacije navdu\u0161enih bralcev.","og_url":"https:\/\/www.iskreni.net\/trgovina\/product\/mary-poppins\/","og_site_name":"Zavod Iskreni","article_modified_time":"2025-07-09T11:50:30+00:00","og_image":[{"width":600,"height":600,"url":"https:\/\/www.iskreni.net\/trgovina\/wp-content\/uploads\/2023\/04\/Slike-za-v-spletno-trgovino-60.jpg","type":"image\/jpeg"}],"twitter_card":"summary_large_image","twitter_misc":{"Est. reading time":"2 minuti"},"schema":{"@context":"https:\/\/schema.org","@graph":[{"@type":"WebPage","@id":"https:\/\/www.iskreni.net\/trgovina\/product\/mary-poppins\/","url":"https:\/\/www.iskreni.net\/trgovina\/product\/mary-poppins\/","name":"Mary Poppins - trgovina Iskreni","isPartOf":{"@id":"https:\/\/www.iskreni.net\/trgovina\/#website"},"primaryImageOfPage":{"@id":"https:\/\/www.iskreni.net\/trgovina\/product\/mary-poppins\/#primaryimage"},"image":{"@id":"https:\/\/www.iskreni.net\/trgovina\/product\/mary-poppins\/#primaryimage"},"thumbnailUrl":"https:\/\/www.iskreni.net\/trgovina\/wp-content\/uploads\/2023\/04\/Slike-za-v-spletno-trgovino-60.jpg","datePublished":"2023-04-12T12:35:07+00:00","dateModified":"2025-07-09T11:50:30+00:00","description":"Mary Poppins je nekoliko jezikava in ne\u010dimrna supervaru\u0161ka, ki jo je vzhodni veter med otroke prinesel leta 1934 in ustvaril generacije navdu\u0161enih bralcev.","breadcrumb":{"@id":"https:\/\/www.iskreni.net\/trgovina\/product\/mary-poppins\/#breadcrumb"},"inLanguage":"sl-SI","potentialAction":[{"@type":"ReadAction","target":["https:\/\/www.iskreni.net\/trgovina\/product\/mary-poppins\/"]}]},{"@type":"ImageObject","inLanguage":"sl-SI","@id":"https:\/\/www.iskreni.net\/trgovina\/product\/mary-poppins\/#primaryimage","url":"https:\/\/www.iskreni.net\/trgovina\/wp-content\/uploads\/2023\/04\/Slike-za-v-spletno-trgovino-60.jpg","contentUrl":"https:\/\/www.iskreni.net\/trgovina\/wp-content\/uploads\/2023\/04\/Slike-za-v-spletno-trgovino-60.jpg","width":600,"height":600},{"@type":"BreadcrumbList","@id":"https:\/\/www.iskreni.net\/trgovina\/product\/mary-poppins\/#breadcrumb","itemListElement":[{"@type":"ListItem","position":1,"name":"Home","item":"https:\/\/www.iskreni.net\/trgovina\/"},{"@type":"ListItem","position":2,"name":"Trgovina","item":"https:\/\/www.iskreni.net\/trgovina\/trgovina\/"},{"@type":"ListItem","position":3,"name":"Mary Poppins"}]},{"@type":"WebSite","@id":"https:\/\/www.iskreni.net\/trgovina\/#website","url":"https:\/\/www.iskreni.net\/trgovina\/","name":"Zavod Iskreni","description":"trgovina","potentialAction":[{"@type":"SearchAction","target":{"@type":"EntryPoint","urlTemplate":"https:\/\/www.iskreni.net\/trgovina\/?s={search_term_string}"},"query-input":{"@type":"PropertyValueSpecification","valueRequired":true,"valueName":"search_term_string"}}],"inLanguage":"sl-SI"}]}},"_links":{"self":[{"href":"https:\/\/www.iskreni.net\/trgovina\/wp-json\/wp\/v2\/product\/65614","targetHints":{"allow":["GET"]}}],"collection":[{"href":"https:\/\/www.iskreni.net\/trgovina\/wp-json\/wp\/v2\/product"}],"about":[{"href":"https:\/\/www.iskreni.net\/trgovina\/wp-json\/wp\/v2\/types\/product"}],"replies":[{"embeddable":true,"href":"https:\/\/www.iskreni.net\/trgovina\/wp-json\/wp\/v2\/comments?post=65614"}],"version-history":[{"count":5,"href":"https:\/\/www.iskreni.net\/trgovina\/wp-json\/wp\/v2\/product\/65614\/revisions"}],"predecessor-version":[{"id":72357,"href":"https:\/\/www.iskreni.net\/trgovina\/wp-json\/wp\/v2\/product\/65614\/revisions\/72357"}],"wp:featuredmedia":[{"embeddable":true,"href":"https:\/\/www.iskreni.net\/trgovina\/wp-json\/wp\/v2\/media\/65616"}],"wp:attachment":[{"href":"https:\/\/www.iskreni.net\/trgovina\/wp-json\/wp\/v2\/media?parent=65614"}],"wp:term":[{"taxonomy":"product_brand","embeddable":true,"href":"https:\/\/www.iskreni.net\/trgovina\/wp-json\/wp\/v2\/product_brand?post=65614"},{"taxonomy":"product_cat","embeddable":true,"href":"https:\/\/www.iskreni.net\/trgovina\/wp-json\/wp\/v2\/product_cat?post=65614"},{"taxonomy":"product_tag","embeddable":true,"href":"https:\/\/www.iskreni.net\/trgovina\/wp-json\/wp\/v2\/product_tag?post=65614"},{"taxonomy":"avtor","embeddable":true,"href":"https:\/\/www.iskreni.net\/trgovina\/wp-json\/wp\/v2\/avtor?post=65614"},{"taxonomy":"zalozba","embeddable":true,"href":"https:\/\/www.iskreni.net\/trgovina\/wp-json\/wp\/v2\/zalozba?post=65614"},{"taxonomy":"vezava","embeddable":true,"href":"https:\/\/www.iskreni.net\/trgovina\/wp-json\/wp\/v2\/vezava?post=65614"}],"curies":[{"name":"wp","href":"https:\/\/api.w.org\/{rel}","templated":true}]}}