{"id":65610,"date":"2023-04-12T14:25:45","date_gmt":"2023-04-12T12:25:45","guid":{"rendered":"https:\/\/www.iskreni.net\/trgovina\/?post_type=product&#038;p=65610"},"modified":"2025-07-09T13:49:22","modified_gmt":"2025-07-09T11:49:22","slug":"kekec-nad-samotnim-breznom","status":"publish","type":"product","link":"https:\/\/www.iskreni.net\/trgovina\/product\/kekec-nad-samotnim-breznom\/","title":{"rendered":"Kekec nad samotnim breznom"},"content":{"rendered":"<h4>O knjigi <em>Kekec nad samotnim breznom<\/em><\/h4>\n<div class=\"categoriesWrapper\">\n<div id=\"categories\" class=\"roundbox\">\n<p>Kekec nad samotnim breznom (1924) je Vandotova tretja pripoved o Kekcu, v njej se vedri, pogumni, zviti in dobri Kekec v \u0161e danes odmaknjeni o\u010darljivi dolini Male Pi\u0161nice pod Vitrancem nad Kranjsko Goro meri z divjim Bedancem, ki \u017eivi v samotni gorski ko\u010di.<\/p>\n<p>Iz njegovih rok re\u0161uje ubogo siroto Meno, svojo mater in zeli\u0161\u010darja Kosobrina. Bedanec pogubi Kosobrina, Bedanca pa pahne v prepad njegov lastni pes Volk. Kekec se vrne domov z Bedan\u010devimi \u017eivalmi in Meno. Leta 1951 je bil po pripovedi posnet prvi slovenski celove\u010derni mladinski film z naslovom Kekec, tedaj \u0161e v \u010drno-beli tehniki. Ognil se je smrtim iz Vandotove literarne predloge, prejel presti\u017eno mednarodno nagrado in ponesel Kek\u010devo slavo \u0161irom sveta.<\/p>\n<p>Josipa Vandota najbolj jedrnato predstavijo kar verzi na njegovi rojstni hi\u0161i v Kranjski Gori:<\/p>\n<p>Tukaj rodil se je Josip Vandot,<\/p>\n<p>pisal je knjige za mladi rod.<\/p>\n<p>\u017div ohranili mu bodo spomin<\/p>\n<p>Kekec in Mojca in Kosobrin.<\/p>\n<p>&nbsp;<\/p>\n<p>Njegovo ime je vklesano tudi na spominski plo\u0161\u010di pisateljskim \u017ertvam nacizma na sede\u017eu Dru\u0161tva slovenskih pisateljev v Ljubljani. Umrl je namre\u010d kot izgnanec pri Slavonskem Brodu v letalskem bombardiranju \u017eeleznice; ob izgonu je nem\u0161ki okupator upokojenemu pisatelju po\u017egal vse knjige. Nemci mu niso po\u017egali knji\u017enice in ga izgnali zaradi kake komunisti\u010dne dejavnosti, dale\u010d od tega, ampak ker so se pa\u010d odlo\u010dili izbrisati slovensko literaturo in kulturo z obli\u010dja sveta. Po dru\u017einski tradiciji je opravljal \u017eelezni\u010darsko slu\u017ebo, vendar je ni maral in se je pred\u010dasno upokojil, da se je lahko posvetil pisanju. In vendar je bila \u017eeleznica posredno kriva za njegov \u017ealostni konec.<\/p>\n<\/div>\n<\/div>\n","protected":false},"excerpt":{"rendered":"<p><strong>Ilustracije: <\/strong>Miha Eri\u010d<strong><br \/>\n<\/strong><strong>\u0160tevilo strani: <\/strong>188<br \/>\n<strong>Leto izdaje:<\/strong> 2023<br \/>\n<strong>Mere:<\/strong> 22,5 x 16 cm<\/p>\n","protected":false},"featured_media":65612,"comment_status":"open","ping_status":"closed","template":"","meta":[],"product_brand":[],"product_cat":[2325,2350,63],"product_tag":[],"avtor":[2656],"zalozba":[2355],"vezava":[2306],"class_list":{"0":"post-65610","1":"product","2":"type-product","3":"status-publish","4":"has-post-thumbnail","6":"product_cat-leposlovje","7":"product_cat-za-mlade","8":"product_cat-knjige","9":"avtor-josip-vandot","10":"zalozba-beletrina","11":"vezava-trda","13":"first","14":"onbackorder","15":"taxable","16":"shipping-taxable","17":"purchasable","18":"product-type-simple"},"yoast_head":"<!-- This site is optimized with the Yoast SEO plugin v26.3 - https:\/\/yoast.com\/wordpress\/plugins\/seo\/ -->\n<title>Kekec nad samotnim breznom - trgovina Iskreni<\/title>\n<meta name=\"description\" content=\"Kekec nad samotnim breznom je Vandotova tretja pripoved o vedrem, pogumnem, zvitem in dobrem Kekcu iz o\u010darljive doline Male Pi\u0161nice pod Vitrancem.\" \/>\n<meta name=\"robots\" content=\"index, follow, max-snippet:-1, max-image-preview:large, max-video-preview:-1\" \/>\n<link rel=\"canonical\" href=\"https:\/\/www.iskreni.net\/trgovina\/product\/kekec-nad-samotnim-breznom\/\" \/>\n<meta property=\"og:locale\" content=\"sl_SI\" \/>\n<meta property=\"og:type\" content=\"article\" \/>\n<meta property=\"og:title\" content=\"Josip Vandot: Kekec nad samotnim breznom\" \/>\n<meta property=\"og:description\" content=\"Vandotova tretja pripoved o vedrem, pogumnem, zvitem in dobrem Kekcu iz o\u010darljive doline Male Pi\u0161nice pod Vitrancem.\" \/>\n<meta property=\"og:url\" content=\"https:\/\/www.iskreni.net\/trgovina\/product\/kekec-nad-samotnim-breznom\/\" \/>\n<meta property=\"og:site_name\" content=\"Zavod Iskreni\" \/>\n<meta property=\"article:modified_time\" content=\"2025-07-09T11:49:22+00:00\" \/>\n<meta property=\"og:image\" content=\"https:\/\/www.iskreni.net\/trgovina\/wp-content\/uploads\/2023\/04\/5.jpg\" \/>\n\t<meta property=\"og:image:width\" content=\"1200\" \/>\n\t<meta property=\"og:image:height\" content=\"674\" \/>\n\t<meta property=\"og:image:type\" content=\"image\/jpeg\" \/>\n<meta name=\"twitter:card\" content=\"summary_large_image\" \/>\n<meta name=\"twitter:label1\" content=\"Est. reading time\" \/>\n\t<meta name=\"twitter:data1\" content=\"2 minuti\" \/>\n<script type=\"application\/ld+json\" class=\"yoast-schema-graph\">{\"@context\":\"https:\/\/schema.org\",\"@graph\":[{\"@type\":\"WebPage\",\"@id\":\"https:\/\/www.iskreni.net\/trgovina\/product\/kekec-nad-samotnim-breznom\/\",\"url\":\"https:\/\/www.iskreni.net\/trgovina\/product\/kekec-nad-samotnim-breznom\/\",\"name\":\"Kekec nad samotnim breznom - trgovina Iskreni\",\"isPartOf\":{\"@id\":\"https:\/\/www.iskreni.net\/trgovina\/#website\"},\"primaryImageOfPage\":{\"@id\":\"https:\/\/www.iskreni.net\/trgovina\/product\/kekec-nad-samotnim-breznom\/#primaryimage\"},\"image\":{\"@id\":\"https:\/\/www.iskreni.net\/trgovina\/product\/kekec-nad-samotnim-breznom\/#primaryimage\"},\"thumbnailUrl\":\"https:\/\/www.iskreni.net\/trgovina\/wp-content\/uploads\/2023\/04\/Slike-za-v-spletno-trgovino-59.jpg\",\"datePublished\":\"2023-04-12T12:25:45+00:00\",\"dateModified\":\"2025-07-09T11:49:22+00:00\",\"description\":\"Kekec nad samotnim breznom je Vandotova tretja pripoved o vedrem, pogumnem, zvitem in dobrem Kekcu iz o\u010darljive doline Male Pi\u0161nice pod Vitrancem.\",\"breadcrumb\":{\"@id\":\"https:\/\/www.iskreni.net\/trgovina\/product\/kekec-nad-samotnim-breznom\/#breadcrumb\"},\"inLanguage\":\"sl-SI\",\"potentialAction\":[{\"@type\":\"ReadAction\",\"target\":[\"https:\/\/www.iskreni.net\/trgovina\/product\/kekec-nad-samotnim-breznom\/\"]}]},{\"@type\":\"ImageObject\",\"inLanguage\":\"sl-SI\",\"@id\":\"https:\/\/www.iskreni.net\/trgovina\/product\/kekec-nad-samotnim-breznom\/#primaryimage\",\"url\":\"https:\/\/www.iskreni.net\/trgovina\/wp-content\/uploads\/2023\/04\/Slike-za-v-spletno-trgovino-59.jpg\",\"contentUrl\":\"https:\/\/www.iskreni.net\/trgovina\/wp-content\/uploads\/2023\/04\/Slike-za-v-spletno-trgovino-59.jpg\",\"width\":600,\"height\":600},{\"@type\":\"BreadcrumbList\",\"@id\":\"https:\/\/www.iskreni.net\/trgovina\/product\/kekec-nad-samotnim-breznom\/#breadcrumb\",\"itemListElement\":[{\"@type\":\"ListItem\",\"position\":1,\"name\":\"Home\",\"item\":\"https:\/\/www.iskreni.net\/trgovina\/\"},{\"@type\":\"ListItem\",\"position\":2,\"name\":\"Trgovina\",\"item\":\"https:\/\/www.iskreni.net\/trgovina\/trgovina\/\"},{\"@type\":\"ListItem\",\"position\":3,\"name\":\"Kekec nad samotnim breznom\"}]},{\"@type\":\"WebSite\",\"@id\":\"https:\/\/www.iskreni.net\/trgovina\/#website\",\"url\":\"https:\/\/www.iskreni.net\/trgovina\/\",\"name\":\"Zavod Iskreni\",\"description\":\"trgovina\",\"potentialAction\":[{\"@type\":\"SearchAction\",\"target\":{\"@type\":\"EntryPoint\",\"urlTemplate\":\"https:\/\/www.iskreni.net\/trgovina\/?s={search_term_string}\"},\"query-input\":{\"@type\":\"PropertyValueSpecification\",\"valueRequired\":true,\"valueName\":\"search_term_string\"}}],\"inLanguage\":\"sl-SI\"}]}<\/script>\n<!-- \/ Yoast SEO plugin. -->","yoast_head_json":{"title":"Kekec nad samotnim breznom - trgovina Iskreni","description":"Kekec nad samotnim breznom je Vandotova tretja pripoved o vedrem, pogumnem, zvitem in dobrem Kekcu iz o\u010darljive doline Male Pi\u0161nice pod Vitrancem.","robots":{"index":"index","follow":"follow","max-snippet":"max-snippet:-1","max-image-preview":"max-image-preview:large","max-video-preview":"max-video-preview:-1"},"canonical":"https:\/\/www.iskreni.net\/trgovina\/product\/kekec-nad-samotnim-breznom\/","og_locale":"sl_SI","og_type":"article","og_title":"Josip Vandot: Kekec nad samotnim breznom","og_description":"Vandotova tretja pripoved o vedrem, pogumnem, zvitem in dobrem Kekcu iz o\u010darljive doline Male Pi\u0161nice pod Vitrancem.","og_url":"https:\/\/www.iskreni.net\/trgovina\/product\/kekec-nad-samotnim-breznom\/","og_site_name":"Zavod Iskreni","article_modified_time":"2025-07-09T11:49:22+00:00","og_image":[{"width":1200,"height":674,"url":"https:\/\/www.iskreni.net\/trgovina\/wp-content\/uploads\/2023\/04\/5.jpg","type":"image\/jpeg"}],"twitter_card":"summary_large_image","twitter_misc":{"Est. reading time":"2 minuti"},"schema":{"@context":"https:\/\/schema.org","@graph":[{"@type":"WebPage","@id":"https:\/\/www.iskreni.net\/trgovina\/product\/kekec-nad-samotnim-breznom\/","url":"https:\/\/www.iskreni.net\/trgovina\/product\/kekec-nad-samotnim-breznom\/","name":"Kekec nad samotnim breznom - trgovina Iskreni","isPartOf":{"@id":"https:\/\/www.iskreni.net\/trgovina\/#website"},"primaryImageOfPage":{"@id":"https:\/\/www.iskreni.net\/trgovina\/product\/kekec-nad-samotnim-breznom\/#primaryimage"},"image":{"@id":"https:\/\/www.iskreni.net\/trgovina\/product\/kekec-nad-samotnim-breznom\/#primaryimage"},"thumbnailUrl":"https:\/\/www.iskreni.net\/trgovina\/wp-content\/uploads\/2023\/04\/Slike-za-v-spletno-trgovino-59.jpg","datePublished":"2023-04-12T12:25:45+00:00","dateModified":"2025-07-09T11:49:22+00:00","description":"Kekec nad samotnim breznom je Vandotova tretja pripoved o vedrem, pogumnem, zvitem in dobrem Kekcu iz o\u010darljive doline Male Pi\u0161nice pod Vitrancem.","breadcrumb":{"@id":"https:\/\/www.iskreni.net\/trgovina\/product\/kekec-nad-samotnim-breznom\/#breadcrumb"},"inLanguage":"sl-SI","potentialAction":[{"@type":"ReadAction","target":["https:\/\/www.iskreni.net\/trgovina\/product\/kekec-nad-samotnim-breznom\/"]}]},{"@type":"ImageObject","inLanguage":"sl-SI","@id":"https:\/\/www.iskreni.net\/trgovina\/product\/kekec-nad-samotnim-breznom\/#primaryimage","url":"https:\/\/www.iskreni.net\/trgovina\/wp-content\/uploads\/2023\/04\/Slike-za-v-spletno-trgovino-59.jpg","contentUrl":"https:\/\/www.iskreni.net\/trgovina\/wp-content\/uploads\/2023\/04\/Slike-za-v-spletno-trgovino-59.jpg","width":600,"height":600},{"@type":"BreadcrumbList","@id":"https:\/\/www.iskreni.net\/trgovina\/product\/kekec-nad-samotnim-breznom\/#breadcrumb","itemListElement":[{"@type":"ListItem","position":1,"name":"Home","item":"https:\/\/www.iskreni.net\/trgovina\/"},{"@type":"ListItem","position":2,"name":"Trgovina","item":"https:\/\/www.iskreni.net\/trgovina\/trgovina\/"},{"@type":"ListItem","position":3,"name":"Kekec nad samotnim breznom"}]},{"@type":"WebSite","@id":"https:\/\/www.iskreni.net\/trgovina\/#website","url":"https:\/\/www.iskreni.net\/trgovina\/","name":"Zavod Iskreni","description":"trgovina","potentialAction":[{"@type":"SearchAction","target":{"@type":"EntryPoint","urlTemplate":"https:\/\/www.iskreni.net\/trgovina\/?s={search_term_string}"},"query-input":{"@type":"PropertyValueSpecification","valueRequired":true,"valueName":"search_term_string"}}],"inLanguage":"sl-SI"}]}},"_links":{"self":[{"href":"https:\/\/www.iskreni.net\/trgovina\/wp-json\/wp\/v2\/product\/65610","targetHints":{"allow":["GET"]}}],"collection":[{"href":"https:\/\/www.iskreni.net\/trgovina\/wp-json\/wp\/v2\/product"}],"about":[{"href":"https:\/\/www.iskreni.net\/trgovina\/wp-json\/wp\/v2\/types\/product"}],"replies":[{"embeddable":true,"href":"https:\/\/www.iskreni.net\/trgovina\/wp-json\/wp\/v2\/comments?post=65610"}],"version-history":[{"count":3,"href":"https:\/\/www.iskreni.net\/trgovina\/wp-json\/wp\/v2\/product\/65610\/revisions"}],"predecessor-version":[{"id":72358,"href":"https:\/\/www.iskreni.net\/trgovina\/wp-json\/wp\/v2\/product\/65610\/revisions\/72358"}],"wp:featuredmedia":[{"embeddable":true,"href":"https:\/\/www.iskreni.net\/trgovina\/wp-json\/wp\/v2\/media\/65612"}],"wp:attachment":[{"href":"https:\/\/www.iskreni.net\/trgovina\/wp-json\/wp\/v2\/media?parent=65610"}],"wp:term":[{"taxonomy":"product_brand","embeddable":true,"href":"https:\/\/www.iskreni.net\/trgovina\/wp-json\/wp\/v2\/product_brand?post=65610"},{"taxonomy":"product_cat","embeddable":true,"href":"https:\/\/www.iskreni.net\/trgovina\/wp-json\/wp\/v2\/product_cat?post=65610"},{"taxonomy":"product_tag","embeddable":true,"href":"https:\/\/www.iskreni.net\/trgovina\/wp-json\/wp\/v2\/product_tag?post=65610"},{"taxonomy":"avtor","embeddable":true,"href":"https:\/\/www.iskreni.net\/trgovina\/wp-json\/wp\/v2\/avtor?post=65610"},{"taxonomy":"zalozba","embeddable":true,"href":"https:\/\/www.iskreni.net\/trgovina\/wp-json\/wp\/v2\/zalozba?post=65610"},{"taxonomy":"vezava","embeddable":true,"href":"https:\/\/www.iskreni.net\/trgovina\/wp-json\/wp\/v2\/vezava?post=65610"}],"curies":[{"name":"wp","href":"https:\/\/api.w.org\/{rel}","templated":true}]}}