{"id":65499,"date":"2023-04-05T11:13:05","date_gmt":"2023-04-05T09:13:05","guid":{"rendered":"https:\/\/www.iskreni.net\/trgovina\/?post_type=product&#038;p=65499"},"modified":"2025-07-09T13:49:28","modified_gmt":"2025-07-09T11:49:28","slug":"sreca-se-z-delitvijo-veca","status":"publish","type":"product","link":"https:\/\/www.iskreni.net\/trgovina\/product\/sreca-se-z-delitvijo-veca\/","title":{"rendered":"Sre\u010da se z delitvijo ve\u010da"},"content":{"rendered":"<h4>O knjigi <em>Sre\u010da se z delitvijo ve\u010da<\/em><\/h4>\n<div class=\"categoriesWrapper\">\n<div id=\"categories\" class=\"roundbox\">\n<p>Avtorica je o knjigi Sre\u010da se z delitvijo ve\u010da povedala, da je pisanje zanjo terapevtsko \u2013 na ta na\u010din zbistri svoje misli. Iza je pred skoraj tremi leti zbolela za zelo hudo neozdravljivo obliko raka, s katerim se vsak dan pogumno bori. Kljub vzponom in padcem nikoli ne vr\u017ee pu\u0161ke v koruzo in se ne preda obupu.<\/p>\n<p>Zgodba nam sporo\u010da, da se z delitvijo svojih negativnih ob\u010dutij s prijatelji le-teh znebimo, ravno obratno pa se sre\u010da z delitvijo pove\u010duje. Knjiga govori o Je\u017eku, kateremu njegovi gozdni prijatelji pomagajo zgraditi nov dom. Ob tem se vsak izmed njih bori s slabimi ob\u010dutki, ki jih uspejo spreobrniti v dobra dejanja. Tako nerodni Medved, jezni Jazbec, prestra\u0161eni Zajec, \u017ealostna Metulj\u010dica in zaljubljeni Pti\u010dek na koncu Je\u017eku postavijo \u010dudovito novo hi\u0161ico, polno veselja.<\/p>\n<p>Pravljica nas opomni, da se preko iskrenih odnosov, prijateljstva in so\u010dutja stiske zmanj\u0161ajo, \u017eivljenje pa obogati.<\/p>\n<\/div>\n<\/div>\n","protected":false},"excerpt":{"rendered":"<p><strong>Avtor: <\/strong>Iza Cedilnik \u0160trukelj<br \/>\n<strong>Ilustracije: <\/strong>Erna Kova\u010d<strong><br \/>\n<\/strong><strong>Zalo\u017eba: <\/strong>Samozalo\u017eba<br \/>\n<strong>\u0160tevilo strani: <\/strong>32<br \/>\n<strong>Leto izdaje:<\/strong> 2023<br \/>\n<strong>Vezava:<\/strong> trda<br \/>\n<strong>Mere:<\/strong> 27 x 21,5 cm<\/p>\n","protected":false},"featured_media":65501,"comment_status":"open","ping_status":"closed","template":"","meta":[],"product_brand":[],"product_cat":[63,135],"product_tag":[],"avtor":[],"zalozba":[],"vezava":[],"class_list":{"0":"post-65499","1":"product","2":"type-product","3":"status-publish","4":"has-post-thumbnail","6":"product_cat-knjige","7":"product_cat-za-otroke","9":"first","10":"onbackorder","11":"taxable","12":"shipping-taxable","13":"purchasable","14":"product-type-simple"},"yoast_head":"<!-- This site is optimized with the Yoast SEO plugin v26.3 - https:\/\/yoast.com\/wordpress\/plugins\/seo\/ -->\n<title>Iza Cedilnik \u0160trukelj: Sre\u010da se z delitvijo ve\u010da - trgovina Iskreni<\/title>\n<meta name=\"description\" content=\"Sre\u010da se z delitvijo ve\u010da nam sporo\u010da, da se z deljenjem svojih negativnih ob\u010dutij s prijatelji le-teh znebimo, nasprotno pa se sre\u010da z delitvijo pove\u010duje.\" \/>\n<meta name=\"robots\" content=\"index, follow, max-snippet:-1, max-image-preview:large, max-video-preview:-1\" \/>\n<link rel=\"canonical\" href=\"https:\/\/www.iskreni.net\/trgovina\/product\/sreca-se-z-delitvijo-veca\/\" \/>\n<meta property=\"og:locale\" content=\"sl_SI\" \/>\n<meta property=\"og:type\" content=\"article\" \/>\n<meta property=\"og:title\" content=\"Iza Cedilnik \u0160trukelj: Sre\u010da se z delitvijo ve\u010da\" \/>\n<meta property=\"og:description\" content=\"Sre\u010da se z delitvijo ve\u010da nam sporo\u010da, da se z deljenjem svojih negativnih ob\u010dutij s prijatelji le-teh znebimo, nasprotno pa se sre\u010da z delitvijo pove\u010duje.\" \/>\n<meta property=\"og:url\" content=\"https:\/\/www.iskreni.net\/trgovina\/product\/sreca-se-z-delitvijo-veca\/\" \/>\n<meta property=\"og:site_name\" content=\"Zavod Iskreni\" \/>\n<meta property=\"article:modified_time\" content=\"2025-07-09T11:49:28+00:00\" \/>\n<meta property=\"og:image\" content=\"https:\/\/www.iskreni.net\/trgovina\/wp-content\/uploads\/2023\/04\/Slike-za-v-spletno-trgovino-56.jpg\" \/>\n\t<meta property=\"og:image:width\" content=\"600\" \/>\n\t<meta property=\"og:image:height\" content=\"600\" \/>\n\t<meta property=\"og:image:type\" content=\"image\/jpeg\" \/>\n<meta name=\"twitter:card\" content=\"summary_large_image\" \/>\n<meta name=\"twitter:label1\" content=\"Est. reading time\" \/>\n\t<meta name=\"twitter:data1\" content=\"2 minuti\" \/>\n<script type=\"application\/ld+json\" class=\"yoast-schema-graph\">{\"@context\":\"https:\/\/schema.org\",\"@graph\":[{\"@type\":\"WebPage\",\"@id\":\"https:\/\/www.iskreni.net\/trgovina\/product\/sreca-se-z-delitvijo-veca\/\",\"url\":\"https:\/\/www.iskreni.net\/trgovina\/product\/sreca-se-z-delitvijo-veca\/\",\"name\":\"Iza Cedilnik \u0160trukelj: Sre\u010da se z delitvijo ve\u010da - trgovina Iskreni\",\"isPartOf\":{\"@id\":\"https:\/\/www.iskreni.net\/trgovina\/#website\"},\"primaryImageOfPage\":{\"@id\":\"https:\/\/www.iskreni.net\/trgovina\/product\/sreca-se-z-delitvijo-veca\/#primaryimage\"},\"image\":{\"@id\":\"https:\/\/www.iskreni.net\/trgovina\/product\/sreca-se-z-delitvijo-veca\/#primaryimage\"},\"thumbnailUrl\":\"https:\/\/www.iskreni.net\/trgovina\/wp-content\/uploads\/2023\/04\/Slike-za-v-spletno-trgovino-56.jpg\",\"datePublished\":\"2023-04-05T09:13:05+00:00\",\"dateModified\":\"2025-07-09T11:49:28+00:00\",\"description\":\"Sre\u010da se z delitvijo ve\u010da nam sporo\u010da, da se z deljenjem svojih negativnih ob\u010dutij s prijatelji le-teh znebimo, nasprotno pa se sre\u010da z delitvijo pove\u010duje.\",\"breadcrumb\":{\"@id\":\"https:\/\/www.iskreni.net\/trgovina\/product\/sreca-se-z-delitvijo-veca\/#breadcrumb\"},\"inLanguage\":\"sl-SI\",\"potentialAction\":[{\"@type\":\"ReadAction\",\"target\":[\"https:\/\/www.iskreni.net\/trgovina\/product\/sreca-se-z-delitvijo-veca\/\"]}]},{\"@type\":\"ImageObject\",\"inLanguage\":\"sl-SI\",\"@id\":\"https:\/\/www.iskreni.net\/trgovina\/product\/sreca-se-z-delitvijo-veca\/#primaryimage\",\"url\":\"https:\/\/www.iskreni.net\/trgovina\/wp-content\/uploads\/2023\/04\/Slike-za-v-spletno-trgovino-56.jpg\",\"contentUrl\":\"https:\/\/www.iskreni.net\/trgovina\/wp-content\/uploads\/2023\/04\/Slike-za-v-spletno-trgovino-56.jpg\",\"width\":600,\"height\":600},{\"@type\":\"BreadcrumbList\",\"@id\":\"https:\/\/www.iskreni.net\/trgovina\/product\/sreca-se-z-delitvijo-veca\/#breadcrumb\",\"itemListElement\":[{\"@type\":\"ListItem\",\"position\":1,\"name\":\"Home\",\"item\":\"https:\/\/www.iskreni.net\/trgovina\/\"},{\"@type\":\"ListItem\",\"position\":2,\"name\":\"Trgovina\",\"item\":\"https:\/\/www.iskreni.net\/trgovina\/trgovina\/\"},{\"@type\":\"ListItem\",\"position\":3,\"name\":\"Sre\u010da se z delitvijo ve\u010da\"}]},{\"@type\":\"WebSite\",\"@id\":\"https:\/\/www.iskreni.net\/trgovina\/#website\",\"url\":\"https:\/\/www.iskreni.net\/trgovina\/\",\"name\":\"Zavod Iskreni\",\"description\":\"trgovina\",\"potentialAction\":[{\"@type\":\"SearchAction\",\"target\":{\"@type\":\"EntryPoint\",\"urlTemplate\":\"https:\/\/www.iskreni.net\/trgovina\/?s={search_term_string}\"},\"query-input\":{\"@type\":\"PropertyValueSpecification\",\"valueRequired\":true,\"valueName\":\"search_term_string\"}}],\"inLanguage\":\"sl-SI\"}]}<\/script>\n<!-- \/ Yoast SEO plugin. -->","yoast_head_json":{"title":"Iza Cedilnik \u0160trukelj: Sre\u010da se z delitvijo ve\u010da - trgovina Iskreni","description":"Sre\u010da se z delitvijo ve\u010da nam sporo\u010da, da se z deljenjem svojih negativnih ob\u010dutij s prijatelji le-teh znebimo, nasprotno pa se sre\u010da z delitvijo pove\u010duje.","robots":{"index":"index","follow":"follow","max-snippet":"max-snippet:-1","max-image-preview":"max-image-preview:large","max-video-preview":"max-video-preview:-1"},"canonical":"https:\/\/www.iskreni.net\/trgovina\/product\/sreca-se-z-delitvijo-veca\/","og_locale":"sl_SI","og_type":"article","og_title":"Iza Cedilnik \u0160trukelj: Sre\u010da se z delitvijo ve\u010da","og_description":"Sre\u010da se z delitvijo ve\u010da nam sporo\u010da, da se z deljenjem svojih negativnih ob\u010dutij s prijatelji le-teh znebimo, nasprotno pa se sre\u010da z delitvijo pove\u010duje.","og_url":"https:\/\/www.iskreni.net\/trgovina\/product\/sreca-se-z-delitvijo-veca\/","og_site_name":"Zavod Iskreni","article_modified_time":"2025-07-09T11:49:28+00:00","og_image":[{"width":600,"height":600,"url":"https:\/\/www.iskreni.net\/trgovina\/wp-content\/uploads\/2023\/04\/Slike-za-v-spletno-trgovino-56.jpg","type":"image\/jpeg"}],"twitter_card":"summary_large_image","twitter_misc":{"Est. reading time":"2 minuti"},"schema":{"@context":"https:\/\/schema.org","@graph":[{"@type":"WebPage","@id":"https:\/\/www.iskreni.net\/trgovina\/product\/sreca-se-z-delitvijo-veca\/","url":"https:\/\/www.iskreni.net\/trgovina\/product\/sreca-se-z-delitvijo-veca\/","name":"Iza Cedilnik \u0160trukelj: Sre\u010da se z delitvijo ve\u010da - trgovina Iskreni","isPartOf":{"@id":"https:\/\/www.iskreni.net\/trgovina\/#website"},"primaryImageOfPage":{"@id":"https:\/\/www.iskreni.net\/trgovina\/product\/sreca-se-z-delitvijo-veca\/#primaryimage"},"image":{"@id":"https:\/\/www.iskreni.net\/trgovina\/product\/sreca-se-z-delitvijo-veca\/#primaryimage"},"thumbnailUrl":"https:\/\/www.iskreni.net\/trgovina\/wp-content\/uploads\/2023\/04\/Slike-za-v-spletno-trgovino-56.jpg","datePublished":"2023-04-05T09:13:05+00:00","dateModified":"2025-07-09T11:49:28+00:00","description":"Sre\u010da se z delitvijo ve\u010da nam sporo\u010da, da se z deljenjem svojih negativnih ob\u010dutij s prijatelji le-teh znebimo, nasprotno pa se sre\u010da z delitvijo pove\u010duje.","breadcrumb":{"@id":"https:\/\/www.iskreni.net\/trgovina\/product\/sreca-se-z-delitvijo-veca\/#breadcrumb"},"inLanguage":"sl-SI","potentialAction":[{"@type":"ReadAction","target":["https:\/\/www.iskreni.net\/trgovina\/product\/sreca-se-z-delitvijo-veca\/"]}]},{"@type":"ImageObject","inLanguage":"sl-SI","@id":"https:\/\/www.iskreni.net\/trgovina\/product\/sreca-se-z-delitvijo-veca\/#primaryimage","url":"https:\/\/www.iskreni.net\/trgovina\/wp-content\/uploads\/2023\/04\/Slike-za-v-spletno-trgovino-56.jpg","contentUrl":"https:\/\/www.iskreni.net\/trgovina\/wp-content\/uploads\/2023\/04\/Slike-za-v-spletno-trgovino-56.jpg","width":600,"height":600},{"@type":"BreadcrumbList","@id":"https:\/\/www.iskreni.net\/trgovina\/product\/sreca-se-z-delitvijo-veca\/#breadcrumb","itemListElement":[{"@type":"ListItem","position":1,"name":"Home","item":"https:\/\/www.iskreni.net\/trgovina\/"},{"@type":"ListItem","position":2,"name":"Trgovina","item":"https:\/\/www.iskreni.net\/trgovina\/trgovina\/"},{"@type":"ListItem","position":3,"name":"Sre\u010da se z delitvijo ve\u010da"}]},{"@type":"WebSite","@id":"https:\/\/www.iskreni.net\/trgovina\/#website","url":"https:\/\/www.iskreni.net\/trgovina\/","name":"Zavod Iskreni","description":"trgovina","potentialAction":[{"@type":"SearchAction","target":{"@type":"EntryPoint","urlTemplate":"https:\/\/www.iskreni.net\/trgovina\/?s={search_term_string}"},"query-input":{"@type":"PropertyValueSpecification","valueRequired":true,"valueName":"search_term_string"}}],"inLanguage":"sl-SI"}]}},"_links":{"self":[{"href":"https:\/\/www.iskreni.net\/trgovina\/wp-json\/wp\/v2\/product\/65499","targetHints":{"allow":["GET"]}}],"collection":[{"href":"https:\/\/www.iskreni.net\/trgovina\/wp-json\/wp\/v2\/product"}],"about":[{"href":"https:\/\/www.iskreni.net\/trgovina\/wp-json\/wp\/v2\/types\/product"}],"replies":[{"embeddable":true,"href":"https:\/\/www.iskreni.net\/trgovina\/wp-json\/wp\/v2\/comments?post=65499"}],"version-history":[{"count":2,"href":"https:\/\/www.iskreni.net\/trgovina\/wp-json\/wp\/v2\/product\/65499\/revisions"}],"predecessor-version":[{"id":65502,"href":"https:\/\/www.iskreni.net\/trgovina\/wp-json\/wp\/v2\/product\/65499\/revisions\/65502"}],"wp:featuredmedia":[{"embeddable":true,"href":"https:\/\/www.iskreni.net\/trgovina\/wp-json\/wp\/v2\/media\/65501"}],"wp:attachment":[{"href":"https:\/\/www.iskreni.net\/trgovina\/wp-json\/wp\/v2\/media?parent=65499"}],"wp:term":[{"taxonomy":"product_brand","embeddable":true,"href":"https:\/\/www.iskreni.net\/trgovina\/wp-json\/wp\/v2\/product_brand?post=65499"},{"taxonomy":"product_cat","embeddable":true,"href":"https:\/\/www.iskreni.net\/trgovina\/wp-json\/wp\/v2\/product_cat?post=65499"},{"taxonomy":"product_tag","embeddable":true,"href":"https:\/\/www.iskreni.net\/trgovina\/wp-json\/wp\/v2\/product_tag?post=65499"},{"taxonomy":"avtor","embeddable":true,"href":"https:\/\/www.iskreni.net\/trgovina\/wp-json\/wp\/v2\/avtor?post=65499"},{"taxonomy":"zalozba","embeddable":true,"href":"https:\/\/www.iskreni.net\/trgovina\/wp-json\/wp\/v2\/zalozba?post=65499"},{"taxonomy":"vezava","embeddable":true,"href":"https:\/\/www.iskreni.net\/trgovina\/wp-json\/wp\/v2\/vezava?post=65499"}],"curies":[{"name":"wp","href":"https:\/\/api.w.org\/{rel}","templated":true}]}}