{"id":65267,"date":"2023-03-27T10:30:47","date_gmt":"2023-03-27T08:30:47","guid":{"rendered":"https:\/\/www.iskreni.net\/trgovina\/?post_type=product&#038;p=65267"},"modified":"2023-10-19T14:34:46","modified_gmt":"2023-10-19T12:34:46","slug":"absolutno-prevec","status":"publish","type":"product","link":"https:\/\/www.iskreni.net\/trgovina\/product\/absolutno-prevec\/","title":{"rendered":"Absolutno preve\u010d"},"content":{"rendered":"<h3 id=\"anchor-o-izdelku\" class=\"title\">O knjigi <em>Absolutno preve\u010d<\/em><\/h3>\n<p>Dragocen uvid v ozadje te\u017eke mladostni\u0161ke bolezni<\/p>\n<p><em>Dnevnik Eneje Kobal nas vodi po meandrih te\u017eke mladostni\u0161ke bolezni, ki je izvirala iz na videz povsem nedol\u017ene skrbi za zdravo prehrano, kmalu pa se je razrasla v vseobsegajo\u010do obsesijo po nadzoru nad hrano in \u0161tevilko na tehtnici. V mladem dekletu se je odvijala borba med \u017eeljo po ozdravitvi in te\u017enjo po nadzoru, v kateri je preko razli\u010dnih vzponov in padcev zmagala iskrena \u017eelja po zdravem odnosu do hrane in \u017eivljenja. Ob tem so ji stali ob strani star\u0161i, u\u010ditelji, prijatelji in zdravstveni delavci, v najte\u017ejih trenutkih pa zlasti njen pes Tes. Dnevni\u0161ki zapisi, ki zajemajo kar \u0161tiri leta, pri\u010dajo o neverjetni mo\u010di duha in izjemnem pogumu dekleta, ki je z veliko voljo premagalo anoreksijo.<\/em><\/p>\n<p>Dnevni\u0161ke zapise je mlada pisateljica Eneja Kobal za\u010dela pisati \u0161e pred boleznijo, v \u010dasu notranjega nemira, ko so njeno \u017eivljenje zaznamovali te\u017eki trenutki: smrt obeh starih o\u010detov, slovo od ljubljenega psa Ursa in spopadanje z \u017ealostjo. Vso to \u017ealost je avtorica prelila v svoj dnevnik, v katerem bralcu zaupa, da niti prihod novega pasjega mladi\u010dka Tesa niti prijateljstvo z njenima najbolj\u0161ima prijateljicama nista mogla vedno biti protiute\u017e tej \u017ealosti. Za\u010dela se je je pola\u0161\u010dati te\u017enja po nadzoru nad hrano; sprva \u017eelja po zdravih koli\u010dinah in zdravi izbiri jedi je postopoma prerasla v obsesivno tehtanje in ob\u010dutke zadovoljstva ob ni\u017eji \u0161tevilki na tehtnici. Okolica je hitro opazila spremembe v njenem \u010dustvenem in fizi\u010dnem stanju in za mlado dekle se je za\u010delo zelo naporno in iz\u010drpavajo\u010de obdobje boja med glasom razuma in okolice, ki ji je \u017eelela pomagati v stiski, ter notranjim glasom, ki ji je narekoval odrekanje hrani. Diagnozo anoreksije nervoze, ki so ji jo postavili zdravniki, je poimenovala Po\u0161ast. V dnevni\u0161kih zapisih z veliko iskrenostjo opisuje sobivanje s Po\u0161astjo, ki ji po\u010dasi jemlje vse l\u00e9po in zaradi katere je primorana oditi na zdravljenje v Ljubljano. A z neznansko voljo in pogumom ter brezpogojno podporo dru\u017eine, prijateljev in zdravstvenih delavcev uspe Eneji to, kar mnogim dekletom v podobni situaciji \u017eal ne: premagati te\u017eave, obvladati bolezen in znova najti smisel v \u017eivljenju.<br \/>\nPri\u010dujo\u010di dnevni\u0161ki zapisi so bogat in dragocen dokument borbe s to vedno pogostej\u0161o boleznijo sodobnega \u010dasa. Iskrena pripoved in pogled na anoreksijo skozi o\u010di mladega dekleta pa predstavljata neprecenljiv vir informacij za vse, ki so se zna\u0161li v prime\u017eu prehranskih motenj.<\/p>\n<p>&nbsp;<\/p>\n<div id=\"tab-opis_tab\" class=\"tab-pane active\">\n<p><a href=\"https:\/\/www.iskreni.net\/trgovina\/wp-content\/uploads\/2023\/03\/Kobal-Eneja-2023-Absolutno-prevec_prelistaj-knjigo.pdf\">Prelistaj<\/a><\/p>\n<h4>Iz knjige:<\/h4>\n<p>Sama sebi sem obljubila, da ne bom dovolila, da zmaga slaba stran mene. Nekaj trenutkov kasneje pa sem se vpra\u0161ala, ali sploh vem, katera stran mene je prava, resni\u010dna. Velikokrat se to vpra\u0161am, ampak odgovora ne vem.<br \/>\n(str. 32)<\/p>\n<p>Ne vem, zakaj se sploh odlo\u010dim za nov za\u010detek, spremembo, \u010de pa vem, da se bom tega dr\u017eala samo dan ali dva, potem pa bo vse po starem. Prav tako je bilo tudi sedaj.<br \/>\nOdlo\u010dila sem se, da ne bom dovolila, da me preglasijo negativne misli moje nadle\u017enice po\u0161asti. Ne vem, ali mi v dru\u017eini sploh \u0161e kdo verjame, da se te bolezni \u017eelim znebiti. Vsak dan si re\u010dem: \u00bbNe! Danes sem jaz glavna in ti bo\u0161 mene poslu\u0161ala!\u00ab<br \/>\nJah. Ko bi le bilo tako, ampak NI!<br \/>\nKadar sama sebi re\u010dem kaj ljubeznivega, prijetnega in predvsem pozitivnega, se po izre\u010denih besedah VEDNO pojavi ta spaka, ki v meni povzro\u010di stisko.<br \/>\nIn ravno tega nih\u010de ne razume.<br \/>\nPo\u010dutim se, kot bi bila ujeta v svojem lastnem telesu. Ravno tako kot zapornik, ki \u010daka, da bo odslu\u017eil svojo kazen in lahko \u0161el na prostost. Mogo\u010de sem tudi jaz, tako kot zaporniki, v svojem telesu ujeta z razlogom?<br \/>\n(str. 161)<\/p>\n<\/div>\n","protected":false},"excerpt":{"rendered":"<p><strong style=\"font-size: 16px;\">Leto izdaje:<\/strong><span style=\"font-size: 16px;\"> 2023<\/span><strong><span style=\"font-size: 16px;\"><br \/>\n<\/span><\/strong><strong>\u0160tevilo strani:<\/strong> 196<br \/>\n<strong>Format:<\/strong> 135 x 210 mm<\/p>\n<div id=\"tab-opis_tab\" class=\"tab-pane active\">\n<h4>Dnevni\u0161ki zapisi dekleta, ki je premagalo anoreksijo<\/h4>\n<\/div>\n<h4><a href=\"https:\/\/www.iskreni.net\/trgovina\/wp-content\/uploads\/2023\/03\/Kobal-Eneja-2023-Absolutno-prevec_prelistaj-knjigo.pdf\">Prelistaj<\/a><\/h4>\n","protected":false},"featured_media":65269,"comment_status":"open","ping_status":"closed","template":"","meta":[],"product_brand":[],"product_cat":[2350,63],"product_tag":[2148],"avtor":[2499],"zalozba":[2337],"vezava":[2307],"class_list":{"0":"post-65267","1":"product","2":"type-product","3":"status-publish","4":"has-post-thumbnail","6":"product_cat-za-mlade","7":"product_cat-knjige","8":"product_tag-depresija","9":"avtor-eneja-kobal","10":"zalozba-celjska-mohorjeva-druzba","11":"vezava-mehka","13":"first","14":"instock","15":"taxable","16":"shipping-taxable","17":"purchasable","18":"product-type-simple"},"yoast_head":"<!-- This site is optimized with the Yoast SEO plugin v26.3 - https:\/\/yoast.com\/wordpress\/plugins\/seo\/ -->\n<title>Eneja Kobal: Absolutno preve\u010d - trgovina Iskreni<\/title>\n<meta name=\"description\" content=\"Absolutno preve\u010d nam skozi dnevni\u0161ke zapise daje vpogled v boj z anoreksijo skozi o\u010di mladega dekleta, ki Po\u0161ast nazadnje tudi premaga.\" \/>\n<meta name=\"robots\" content=\"index, follow, max-snippet:-1, max-image-preview:large, max-video-preview:-1\" \/>\n<link rel=\"canonical\" href=\"https:\/\/www.iskreni.net\/trgovina\/product\/absolutno-prevec\/\" \/>\n<meta property=\"og:locale\" content=\"sl_SI\" \/>\n<meta property=\"og:type\" content=\"article\" \/>\n<meta property=\"og:title\" content=\"Eneja Kobal: Absolutno preve\u010d\" \/>\n<meta property=\"og:description\" content=\"Dnevni\u0161ki zapisi, ki nam dajejo vpogled v boj z anoreksijo skozi o\u010di mladega dekleta, ki Po\u0161ast nazadnje tudi premaga.\" \/>\n<meta property=\"og:url\" content=\"https:\/\/www.iskreni.net\/trgovina\/product\/absolutno-prevec\/\" \/>\n<meta property=\"og:site_name\" content=\"Zavod Iskreni\" \/>\n<meta property=\"article:modified_time\" content=\"2023-10-19T12:34:46+00:00\" \/>\n<meta property=\"og:image\" content=\"https:\/\/www.iskreni.net\/trgovina\/wp-content\/uploads\/2023\/03\/Slike-za-v-spletno-trgovino-55.jpg\" \/>\n\t<meta property=\"og:image:width\" content=\"600\" \/>\n\t<meta property=\"og:image:height\" content=\"600\" \/>\n\t<meta property=\"og:image:type\" content=\"image\/jpeg\" \/>\n<meta name=\"twitter:card\" content=\"summary_large_image\" \/>\n<meta name=\"twitter:label1\" content=\"Est. reading time\" \/>\n\t<meta name=\"twitter:data1\" content=\"4 minute\" \/>\n<script type=\"application\/ld+json\" class=\"yoast-schema-graph\">{\"@context\":\"https:\/\/schema.org\",\"@graph\":[{\"@type\":\"WebPage\",\"@id\":\"https:\/\/www.iskreni.net\/trgovina\/product\/absolutno-prevec\/\",\"url\":\"https:\/\/www.iskreni.net\/trgovina\/product\/absolutno-prevec\/\",\"name\":\"Eneja Kobal: Absolutno preve\u010d - trgovina Iskreni\",\"isPartOf\":{\"@id\":\"https:\/\/www.iskreni.net\/trgovina\/#website\"},\"primaryImageOfPage\":{\"@id\":\"https:\/\/www.iskreni.net\/trgovina\/product\/absolutno-prevec\/#primaryimage\"},\"image\":{\"@id\":\"https:\/\/www.iskreni.net\/trgovina\/product\/absolutno-prevec\/#primaryimage\"},\"thumbnailUrl\":\"https:\/\/www.iskreni.net\/trgovina\/wp-content\/uploads\/2023\/03\/Slike-za-v-spletno-trgovino-55.jpg\",\"datePublished\":\"2023-03-27T08:30:47+00:00\",\"dateModified\":\"2023-10-19T12:34:46+00:00\",\"description\":\"Absolutno preve\u010d nam skozi dnevni\u0161ke zapise daje vpogled v boj z anoreksijo skozi o\u010di mladega dekleta, ki Po\u0161ast nazadnje tudi premaga.\",\"breadcrumb\":{\"@id\":\"https:\/\/www.iskreni.net\/trgovina\/product\/absolutno-prevec\/#breadcrumb\"},\"inLanguage\":\"sl-SI\",\"potentialAction\":[{\"@type\":\"ReadAction\",\"target\":[\"https:\/\/www.iskreni.net\/trgovina\/product\/absolutno-prevec\/\"]}]},{\"@type\":\"ImageObject\",\"inLanguage\":\"sl-SI\",\"@id\":\"https:\/\/www.iskreni.net\/trgovina\/product\/absolutno-prevec\/#primaryimage\",\"url\":\"https:\/\/www.iskreni.net\/trgovina\/wp-content\/uploads\/2023\/03\/Slike-za-v-spletno-trgovino-55.jpg\",\"contentUrl\":\"https:\/\/www.iskreni.net\/trgovina\/wp-content\/uploads\/2023\/03\/Slike-za-v-spletno-trgovino-55.jpg\",\"width\":600,\"height\":600},{\"@type\":\"BreadcrumbList\",\"@id\":\"https:\/\/www.iskreni.net\/trgovina\/product\/absolutno-prevec\/#breadcrumb\",\"itemListElement\":[{\"@type\":\"ListItem\",\"position\":1,\"name\":\"Home\",\"item\":\"https:\/\/www.iskreni.net\/trgovina\/\"},{\"@type\":\"ListItem\",\"position\":2,\"name\":\"Trgovina\",\"item\":\"https:\/\/www.iskreni.net\/trgovina\/trgovina\/\"},{\"@type\":\"ListItem\",\"position\":3,\"name\":\"Absolutno preve\u010d\"}]},{\"@type\":\"WebSite\",\"@id\":\"https:\/\/www.iskreni.net\/trgovina\/#website\",\"url\":\"https:\/\/www.iskreni.net\/trgovina\/\",\"name\":\"Zavod Iskreni\",\"description\":\"trgovina\",\"potentialAction\":[{\"@type\":\"SearchAction\",\"target\":{\"@type\":\"EntryPoint\",\"urlTemplate\":\"https:\/\/www.iskreni.net\/trgovina\/?s={search_term_string}\"},\"query-input\":{\"@type\":\"PropertyValueSpecification\",\"valueRequired\":true,\"valueName\":\"search_term_string\"}}],\"inLanguage\":\"sl-SI\"}]}<\/script>\n<!-- \/ Yoast SEO plugin. -->","yoast_head_json":{"title":"Eneja Kobal: Absolutno preve\u010d - trgovina Iskreni","description":"Absolutno preve\u010d nam skozi dnevni\u0161ke zapise daje vpogled v boj z anoreksijo skozi o\u010di mladega dekleta, ki Po\u0161ast nazadnje tudi premaga.","robots":{"index":"index","follow":"follow","max-snippet":"max-snippet:-1","max-image-preview":"max-image-preview:large","max-video-preview":"max-video-preview:-1"},"canonical":"https:\/\/www.iskreni.net\/trgovina\/product\/absolutno-prevec\/","og_locale":"sl_SI","og_type":"article","og_title":"Eneja Kobal: Absolutno preve\u010d","og_description":"Dnevni\u0161ki zapisi, ki nam dajejo vpogled v boj z anoreksijo skozi o\u010di mladega dekleta, ki Po\u0161ast nazadnje tudi premaga.","og_url":"https:\/\/www.iskreni.net\/trgovina\/product\/absolutno-prevec\/","og_site_name":"Zavod Iskreni","article_modified_time":"2023-10-19T12:34:46+00:00","og_image":[{"width":600,"height":600,"url":"https:\/\/www.iskreni.net\/trgovina\/wp-content\/uploads\/2023\/03\/Slike-za-v-spletno-trgovino-55.jpg","type":"image\/jpeg"}],"twitter_card":"summary_large_image","twitter_misc":{"Est. reading time":"4 minute"},"schema":{"@context":"https:\/\/schema.org","@graph":[{"@type":"WebPage","@id":"https:\/\/www.iskreni.net\/trgovina\/product\/absolutno-prevec\/","url":"https:\/\/www.iskreni.net\/trgovina\/product\/absolutno-prevec\/","name":"Eneja Kobal: Absolutno preve\u010d - trgovina Iskreni","isPartOf":{"@id":"https:\/\/www.iskreni.net\/trgovina\/#website"},"primaryImageOfPage":{"@id":"https:\/\/www.iskreni.net\/trgovina\/product\/absolutno-prevec\/#primaryimage"},"image":{"@id":"https:\/\/www.iskreni.net\/trgovina\/product\/absolutno-prevec\/#primaryimage"},"thumbnailUrl":"https:\/\/www.iskreni.net\/trgovina\/wp-content\/uploads\/2023\/03\/Slike-za-v-spletno-trgovino-55.jpg","datePublished":"2023-03-27T08:30:47+00:00","dateModified":"2023-10-19T12:34:46+00:00","description":"Absolutno preve\u010d nam skozi dnevni\u0161ke zapise daje vpogled v boj z anoreksijo skozi o\u010di mladega dekleta, ki Po\u0161ast nazadnje tudi premaga.","breadcrumb":{"@id":"https:\/\/www.iskreni.net\/trgovina\/product\/absolutno-prevec\/#breadcrumb"},"inLanguage":"sl-SI","potentialAction":[{"@type":"ReadAction","target":["https:\/\/www.iskreni.net\/trgovina\/product\/absolutno-prevec\/"]}]},{"@type":"ImageObject","inLanguage":"sl-SI","@id":"https:\/\/www.iskreni.net\/trgovina\/product\/absolutno-prevec\/#primaryimage","url":"https:\/\/www.iskreni.net\/trgovina\/wp-content\/uploads\/2023\/03\/Slike-za-v-spletno-trgovino-55.jpg","contentUrl":"https:\/\/www.iskreni.net\/trgovina\/wp-content\/uploads\/2023\/03\/Slike-za-v-spletno-trgovino-55.jpg","width":600,"height":600},{"@type":"BreadcrumbList","@id":"https:\/\/www.iskreni.net\/trgovina\/product\/absolutno-prevec\/#breadcrumb","itemListElement":[{"@type":"ListItem","position":1,"name":"Home","item":"https:\/\/www.iskreni.net\/trgovina\/"},{"@type":"ListItem","position":2,"name":"Trgovina","item":"https:\/\/www.iskreni.net\/trgovina\/trgovina\/"},{"@type":"ListItem","position":3,"name":"Absolutno preve\u010d"}]},{"@type":"WebSite","@id":"https:\/\/www.iskreni.net\/trgovina\/#website","url":"https:\/\/www.iskreni.net\/trgovina\/","name":"Zavod Iskreni","description":"trgovina","potentialAction":[{"@type":"SearchAction","target":{"@type":"EntryPoint","urlTemplate":"https:\/\/www.iskreni.net\/trgovina\/?s={search_term_string}"},"query-input":{"@type":"PropertyValueSpecification","valueRequired":true,"valueName":"search_term_string"}}],"inLanguage":"sl-SI"}]}},"_links":{"self":[{"href":"https:\/\/www.iskreni.net\/trgovina\/wp-json\/wp\/v2\/product\/65267","targetHints":{"allow":["GET"]}}],"collection":[{"href":"https:\/\/www.iskreni.net\/trgovina\/wp-json\/wp\/v2\/product"}],"about":[{"href":"https:\/\/www.iskreni.net\/trgovina\/wp-json\/wp\/v2\/types\/product"}],"replies":[{"embeddable":true,"href":"https:\/\/www.iskreni.net\/trgovina\/wp-json\/wp\/v2\/comments?post=65267"}],"version-history":[{"count":3,"href":"https:\/\/www.iskreni.net\/trgovina\/wp-json\/wp\/v2\/product\/65267\/revisions"}],"predecessor-version":[{"id":70114,"href":"https:\/\/www.iskreni.net\/trgovina\/wp-json\/wp\/v2\/product\/65267\/revisions\/70114"}],"wp:featuredmedia":[{"embeddable":true,"href":"https:\/\/www.iskreni.net\/trgovina\/wp-json\/wp\/v2\/media\/65269"}],"wp:attachment":[{"href":"https:\/\/www.iskreni.net\/trgovina\/wp-json\/wp\/v2\/media?parent=65267"}],"wp:term":[{"taxonomy":"product_brand","embeddable":true,"href":"https:\/\/www.iskreni.net\/trgovina\/wp-json\/wp\/v2\/product_brand?post=65267"},{"taxonomy":"product_cat","embeddable":true,"href":"https:\/\/www.iskreni.net\/trgovina\/wp-json\/wp\/v2\/product_cat?post=65267"},{"taxonomy":"product_tag","embeddable":true,"href":"https:\/\/www.iskreni.net\/trgovina\/wp-json\/wp\/v2\/product_tag?post=65267"},{"taxonomy":"avtor","embeddable":true,"href":"https:\/\/www.iskreni.net\/trgovina\/wp-json\/wp\/v2\/avtor?post=65267"},{"taxonomy":"zalozba","embeddable":true,"href":"https:\/\/www.iskreni.net\/trgovina\/wp-json\/wp\/v2\/zalozba?post=65267"},{"taxonomy":"vezava","embeddable":true,"href":"https:\/\/www.iskreni.net\/trgovina\/wp-json\/wp\/v2\/vezava?post=65267"}],"curies":[{"name":"wp","href":"https:\/\/api.w.org\/{rel}","templated":true}]}}