{"id":65139,"date":"2023-03-22T14:06:08","date_gmt":"2023-03-22T13:06:08","guid":{"rendered":"https:\/\/www.iskreni.net\/trgovina\/?post_type=product&#038;p=65139"},"modified":"2025-07-09T13:47:13","modified_gmt":"2025-07-09T11:47:13","slug":"barve-zivljenja","status":"publish","type":"product","link":"https:\/\/www.iskreni.net\/trgovina\/product\/barve-zivljenja\/","title":{"rendered":"Barve \u017eivljenja"},"content":{"rendered":"<h4>O knjigi <em>Barve \u017eivljenja<\/em><\/h4>\n<div class=\"categoriesWrapper\"><\/div>\n<article class=\"normal-width\">\n<div id=\"longDesc\">\n<div class=\"product-detail-desc\">\n<p>Marcela nenadoma zaskrbi, da neko\u010d ne bo ve\u010d videl svoje mame. Boji se, da bo umrla. Skozi pogovor z mamo spozna, da je smrt sestavni del neskon\u010dnega cikla \u017eivljenja.<\/p>\n<p>Z dreves prav tako vsako jesen odpade listje, da lahko spomladi po\u017eene novo.<\/p>\n<p>&nbsp;<\/p>\n<\/div>\n<\/div>\n<\/article>\n","protected":false},"excerpt":{"rendered":"<h5>Knjiga, ki spodbuja k razmisleku o velikih \u017eivljenjskih vpra\u0161anjih.<\/h5>\n<p><strong>Avtor: <\/strong>Chiara Pastorini<br \/>\n<strong>Ilustracije: <\/strong>Annick Mason<br \/>\n<strong>Avtor prevoda:\u00a0<\/strong>Esther Daniela Kogoj<br \/>\n<strong>Zalo\u017eba: <\/strong>Hi\u0161a knjig<br \/>\n<strong>\u0160tevilo strani: <\/strong>28<br \/>\n<strong>Leto izdaje:<\/strong> 2023<br \/>\n<strong>Vezava:<\/strong> trda<br \/>\n<strong>Mere:<\/strong> 24 x 20,5 cm<\/p>\n","protected":false},"featured_media":65124,"comment_status":"open","ping_status":"closed","template":"","meta":[],"product_brand":[],"product_cat":[63,135],"product_tag":[],"avtor":[],"zalozba":[],"vezava":[],"class_list":{"0":"post-65139","1":"product","2":"type-product","3":"status-publish","4":"has-post-thumbnail","6":"product_cat-knjige","7":"product_cat-za-otroke","9":"first","10":"onbackorder","11":"taxable","12":"shipping-taxable","13":"purchasable","14":"product-type-simple"},"yoast_head":"<!-- This site is optimized with the Yoast SEO plugin v26.3 - https:\/\/yoast.com\/wordpress\/plugins\/seo\/ -->\n<title>Chiara Pastorini, Annick Mason: Barve \u017eivljenja - trgovina Iskreni<\/title>\n<meta name=\"description\" content=\"Barve \u017eivljenje nam odstira zgodbo Marcela, ki ga nekega dne zaskrbi, da ne bo nikoli ve\u010d videl svoje mame, ker ga postane strah, da bo umrla.\" \/>\n<meta name=\"robots\" content=\"index, follow, max-snippet:-1, max-image-preview:large, max-video-preview:-1\" \/>\n<link rel=\"canonical\" href=\"https:\/\/www.iskreni.net\/trgovina\/product\/barve-zivljenja\/\" \/>\n<meta property=\"og:locale\" content=\"sl_SI\" \/>\n<meta property=\"og:type\" content=\"article\" \/>\n<meta property=\"og:title\" content=\"Chiara Pastorini, Annick Mason: Barve \u017eivljenja\" \/>\n<meta property=\"og:description\" content=\"Barve \u017eivljenje nam odstira zgodbo Marcela, ki ga nekega dne zaskrbi, da ne bo nikoli ve\u010d videl svoje mame, ker ga postane strah, da bo umrla.\" \/>\n<meta property=\"og:url\" content=\"https:\/\/www.iskreni.net\/trgovina\/product\/barve-zivljenja\/\" \/>\n<meta property=\"og:site_name\" content=\"Zavod Iskreni\" \/>\n<meta property=\"article:modified_time\" content=\"2025-07-09T11:47:13+00:00\" \/>\n<meta property=\"og:image\" content=\"https:\/\/www.iskreni.net\/trgovina\/wp-content\/uploads\/2023\/03\/Slike-za-v-spletno-trgovino-53.jpg\" \/>\n\t<meta property=\"og:image:width\" content=\"600\" \/>\n\t<meta property=\"og:image:height\" content=\"600\" \/>\n\t<meta property=\"og:image:type\" content=\"image\/jpeg\" \/>\n<meta name=\"twitter:card\" content=\"summary_large_image\" \/>\n<meta name=\"twitter:label1\" content=\"Est. reading time\" \/>\n\t<meta name=\"twitter:data1\" content=\"1 minuta\" \/>\n<script type=\"application\/ld+json\" class=\"yoast-schema-graph\">{\"@context\":\"https:\/\/schema.org\",\"@graph\":[{\"@type\":\"WebPage\",\"@id\":\"https:\/\/www.iskreni.net\/trgovina\/product\/barve-zivljenja\/\",\"url\":\"https:\/\/www.iskreni.net\/trgovina\/product\/barve-zivljenja\/\",\"name\":\"Chiara Pastorini, Annick Mason: Barve \u017eivljenja - trgovina Iskreni\",\"isPartOf\":{\"@id\":\"https:\/\/www.iskreni.net\/trgovina\/#website\"},\"primaryImageOfPage\":{\"@id\":\"https:\/\/www.iskreni.net\/trgovina\/product\/barve-zivljenja\/#primaryimage\"},\"image\":{\"@id\":\"https:\/\/www.iskreni.net\/trgovina\/product\/barve-zivljenja\/#primaryimage\"},\"thumbnailUrl\":\"https:\/\/www.iskreni.net\/trgovina\/wp-content\/uploads\/2023\/03\/Slike-za-v-spletno-trgovino-53.jpg\",\"datePublished\":\"2023-03-22T13:06:08+00:00\",\"dateModified\":\"2025-07-09T11:47:13+00:00\",\"description\":\"Barve \u017eivljenje nam odstira zgodbo Marcela, ki ga nekega dne zaskrbi, da ne bo nikoli ve\u010d videl svoje mame, ker ga postane strah, da bo umrla.\",\"breadcrumb\":{\"@id\":\"https:\/\/www.iskreni.net\/trgovina\/product\/barve-zivljenja\/#breadcrumb\"},\"inLanguage\":\"sl-SI\",\"potentialAction\":[{\"@type\":\"ReadAction\",\"target\":[\"https:\/\/www.iskreni.net\/trgovina\/product\/barve-zivljenja\/\"]}]},{\"@type\":\"ImageObject\",\"inLanguage\":\"sl-SI\",\"@id\":\"https:\/\/www.iskreni.net\/trgovina\/product\/barve-zivljenja\/#primaryimage\",\"url\":\"https:\/\/www.iskreni.net\/trgovina\/wp-content\/uploads\/2023\/03\/Slike-za-v-spletno-trgovino-53.jpg\",\"contentUrl\":\"https:\/\/www.iskreni.net\/trgovina\/wp-content\/uploads\/2023\/03\/Slike-za-v-spletno-trgovino-53.jpg\",\"width\":600,\"height\":600},{\"@type\":\"BreadcrumbList\",\"@id\":\"https:\/\/www.iskreni.net\/trgovina\/product\/barve-zivljenja\/#breadcrumb\",\"itemListElement\":[{\"@type\":\"ListItem\",\"position\":1,\"name\":\"Home\",\"item\":\"https:\/\/www.iskreni.net\/trgovina\/\"},{\"@type\":\"ListItem\",\"position\":2,\"name\":\"Trgovina\",\"item\":\"https:\/\/www.iskreni.net\/trgovina\/trgovina\/\"},{\"@type\":\"ListItem\",\"position\":3,\"name\":\"Barve \u017eivljenja\"}]},{\"@type\":\"WebSite\",\"@id\":\"https:\/\/www.iskreni.net\/trgovina\/#website\",\"url\":\"https:\/\/www.iskreni.net\/trgovina\/\",\"name\":\"Zavod Iskreni\",\"description\":\"trgovina\",\"potentialAction\":[{\"@type\":\"SearchAction\",\"target\":{\"@type\":\"EntryPoint\",\"urlTemplate\":\"https:\/\/www.iskreni.net\/trgovina\/?s={search_term_string}\"},\"query-input\":{\"@type\":\"PropertyValueSpecification\",\"valueRequired\":true,\"valueName\":\"search_term_string\"}}],\"inLanguage\":\"sl-SI\"}]}<\/script>\n<!-- \/ Yoast SEO plugin. -->","yoast_head_json":{"title":"Chiara Pastorini, Annick Mason: Barve \u017eivljenja - trgovina Iskreni","description":"Barve \u017eivljenje nam odstira zgodbo Marcela, ki ga nekega dne zaskrbi, da ne bo nikoli ve\u010d videl svoje mame, ker ga postane strah, da bo umrla.","robots":{"index":"index","follow":"follow","max-snippet":"max-snippet:-1","max-image-preview":"max-image-preview:large","max-video-preview":"max-video-preview:-1"},"canonical":"https:\/\/www.iskreni.net\/trgovina\/product\/barve-zivljenja\/","og_locale":"sl_SI","og_type":"article","og_title":"Chiara Pastorini, Annick Mason: Barve \u017eivljenja","og_description":"Barve \u017eivljenje nam odstira zgodbo Marcela, ki ga nekega dne zaskrbi, da ne bo nikoli ve\u010d videl svoje mame, ker ga postane strah, da bo umrla.","og_url":"https:\/\/www.iskreni.net\/trgovina\/product\/barve-zivljenja\/","og_site_name":"Zavod Iskreni","article_modified_time":"2025-07-09T11:47:13+00:00","og_image":[{"width":600,"height":600,"url":"https:\/\/www.iskreni.net\/trgovina\/wp-content\/uploads\/2023\/03\/Slike-za-v-spletno-trgovino-53.jpg","type":"image\/jpeg"}],"twitter_card":"summary_large_image","twitter_misc":{"Est. reading time":"1 minuta"},"schema":{"@context":"https:\/\/schema.org","@graph":[{"@type":"WebPage","@id":"https:\/\/www.iskreni.net\/trgovina\/product\/barve-zivljenja\/","url":"https:\/\/www.iskreni.net\/trgovina\/product\/barve-zivljenja\/","name":"Chiara Pastorini, Annick Mason: Barve \u017eivljenja - trgovina Iskreni","isPartOf":{"@id":"https:\/\/www.iskreni.net\/trgovina\/#website"},"primaryImageOfPage":{"@id":"https:\/\/www.iskreni.net\/trgovina\/product\/barve-zivljenja\/#primaryimage"},"image":{"@id":"https:\/\/www.iskreni.net\/trgovina\/product\/barve-zivljenja\/#primaryimage"},"thumbnailUrl":"https:\/\/www.iskreni.net\/trgovina\/wp-content\/uploads\/2023\/03\/Slike-za-v-spletno-trgovino-53.jpg","datePublished":"2023-03-22T13:06:08+00:00","dateModified":"2025-07-09T11:47:13+00:00","description":"Barve \u017eivljenje nam odstira zgodbo Marcela, ki ga nekega dne zaskrbi, da ne bo nikoli ve\u010d videl svoje mame, ker ga postane strah, da bo umrla.","breadcrumb":{"@id":"https:\/\/www.iskreni.net\/trgovina\/product\/barve-zivljenja\/#breadcrumb"},"inLanguage":"sl-SI","potentialAction":[{"@type":"ReadAction","target":["https:\/\/www.iskreni.net\/trgovina\/product\/barve-zivljenja\/"]}]},{"@type":"ImageObject","inLanguage":"sl-SI","@id":"https:\/\/www.iskreni.net\/trgovina\/product\/barve-zivljenja\/#primaryimage","url":"https:\/\/www.iskreni.net\/trgovina\/wp-content\/uploads\/2023\/03\/Slike-za-v-spletno-trgovino-53.jpg","contentUrl":"https:\/\/www.iskreni.net\/trgovina\/wp-content\/uploads\/2023\/03\/Slike-za-v-spletno-trgovino-53.jpg","width":600,"height":600},{"@type":"BreadcrumbList","@id":"https:\/\/www.iskreni.net\/trgovina\/product\/barve-zivljenja\/#breadcrumb","itemListElement":[{"@type":"ListItem","position":1,"name":"Home","item":"https:\/\/www.iskreni.net\/trgovina\/"},{"@type":"ListItem","position":2,"name":"Trgovina","item":"https:\/\/www.iskreni.net\/trgovina\/trgovina\/"},{"@type":"ListItem","position":3,"name":"Barve \u017eivljenja"}]},{"@type":"WebSite","@id":"https:\/\/www.iskreni.net\/trgovina\/#website","url":"https:\/\/www.iskreni.net\/trgovina\/","name":"Zavod Iskreni","description":"trgovina","potentialAction":[{"@type":"SearchAction","target":{"@type":"EntryPoint","urlTemplate":"https:\/\/www.iskreni.net\/trgovina\/?s={search_term_string}"},"query-input":{"@type":"PropertyValueSpecification","valueRequired":true,"valueName":"search_term_string"}}],"inLanguage":"sl-SI"}]}},"_links":{"self":[{"href":"https:\/\/www.iskreni.net\/trgovina\/wp-json\/wp\/v2\/product\/65139","targetHints":{"allow":["GET"]}}],"collection":[{"href":"https:\/\/www.iskreni.net\/trgovina\/wp-json\/wp\/v2\/product"}],"about":[{"href":"https:\/\/www.iskreni.net\/trgovina\/wp-json\/wp\/v2\/types\/product"}],"replies":[{"embeddable":true,"href":"https:\/\/www.iskreni.net\/trgovina\/wp-json\/wp\/v2\/comments?post=65139"}],"version-history":[{"count":2,"href":"https:\/\/www.iskreni.net\/trgovina\/wp-json\/wp\/v2\/product\/65139\/revisions"}],"predecessor-version":[{"id":65146,"href":"https:\/\/www.iskreni.net\/trgovina\/wp-json\/wp\/v2\/product\/65139\/revisions\/65146"}],"wp:featuredmedia":[{"embeddable":true,"href":"https:\/\/www.iskreni.net\/trgovina\/wp-json\/wp\/v2\/media\/65124"}],"wp:attachment":[{"href":"https:\/\/www.iskreni.net\/trgovina\/wp-json\/wp\/v2\/media?parent=65139"}],"wp:term":[{"taxonomy":"product_brand","embeddable":true,"href":"https:\/\/www.iskreni.net\/trgovina\/wp-json\/wp\/v2\/product_brand?post=65139"},{"taxonomy":"product_cat","embeddable":true,"href":"https:\/\/www.iskreni.net\/trgovina\/wp-json\/wp\/v2\/product_cat?post=65139"},{"taxonomy":"product_tag","embeddable":true,"href":"https:\/\/www.iskreni.net\/trgovina\/wp-json\/wp\/v2\/product_tag?post=65139"},{"taxonomy":"avtor","embeddable":true,"href":"https:\/\/www.iskreni.net\/trgovina\/wp-json\/wp\/v2\/avtor?post=65139"},{"taxonomy":"zalozba","embeddable":true,"href":"https:\/\/www.iskreni.net\/trgovina\/wp-json\/wp\/v2\/zalozba?post=65139"},{"taxonomy":"vezava","embeddable":true,"href":"https:\/\/www.iskreni.net\/trgovina\/wp-json\/wp\/v2\/vezava?post=65139"}],"curies":[{"name":"wp","href":"https:\/\/api.w.org\/{rel}","templated":true}]}}