{"id":65114,"date":"2023-03-21T14:55:37","date_gmt":"2023-03-21T13:55:37","guid":{"rendered":"https:\/\/www.iskreni.net\/trgovina\/?post_type=product&#038;p=65114"},"modified":"2025-07-09T13:48:08","modified_gmt":"2025-07-09T11:48:08","slug":"pisce-ki-bruha-ogenj","status":"publish","type":"product","link":"https:\/\/www.iskreni.net\/trgovina\/product\/pisce-ki-bruha-ogenj\/","title":{"rendered":"Pi\u0161\u010de, ki bruha ogenj"},"content":{"rendered":"<h4>O knjigi <em>Pi\u0161\u010de, ki bruha ogenj<\/em><\/h4>\n<div class=\"categoriesWrapper\">\n<div id=\"categories\" class=\"roundbox\">Mama Koko\u0161 na dvori\u0161\u010du odkrije nenavadno jajce, in ko se iz njega izle\u017ee \u010dudno pi\u0161\u010de, se v njej prebudi materinski \u010dut.<\/div>\n<\/div>\n<article class=\"normal-width\">\n<div id=\"longDesc\">\n<div class=\"product-detail-desc\">\n<p>\u010ceprav ji gospod Petelin ves \u010das prigovarja, da to, kar se je izvalilo, ni pi\u0161\u010danec, mama Koko\u0161 vztraja pri svojem. Malo pi\u0161\u010de pa raste \u2026 in poglej, vse bolj in bolj je podobno zmaju.<\/p>\n<\/div>\n<\/div>\n<\/article>\n","protected":false},"excerpt":{"rendered":"<p><strong>Avtor: <\/strong>Christelle Huet &#8211; Gomez, Ginette Hoffmann<strong><br \/>\n<\/strong><strong>Zalo\u017eba: <\/strong>Hi\u0161a knjig<br \/>\n<strong>\u0160tevilo strani: <\/strong>28<br \/>\n<strong>Leto izdaje:<\/strong> 2023<br \/>\n<strong>Vezava:<\/strong> trda<br \/>\n<strong>Mere:<\/strong> 28 x 23 cm<\/p>\n","protected":false},"featured_media":65121,"comment_status":"open","ping_status":"closed","template":"","meta":[],"product_brand":[],"product_cat":[63,135],"product_tag":[],"avtor":[],"zalozba":[],"vezava":[],"class_list":{"0":"post-65114","1":"product","2":"type-product","3":"status-publish","4":"has-post-thumbnail","6":"product_cat-knjige","7":"product_cat-za-otroke","9":"first","10":"onbackorder","11":"taxable","12":"shipping-taxable","13":"purchasable","14":"product-type-simple"},"yoast_head":"<!-- This site is optimized with the Yoast SEO plugin v26.3 - https:\/\/yoast.com\/wordpress\/plugins\/seo\/ -->\n<title>Christelle Huet - Gomez: Pi\u0161\u010de, ki bruha ogenj - trgovina Iskreni<\/title>\n<meta name=\"description\" content=\"Pi\u0161\u010de, ki bruha ogenj govori o mami Koko\u0161i, ki na dvori\u0161\u010du odkrije nenavadno jajce, in ko se iz njega izle\u017ee \u010dudno pi\u0161\u010de, se v njej prebudi materinski \u010dut.\" \/>\n<meta name=\"robots\" content=\"index, follow, max-snippet:-1, max-image-preview:large, max-video-preview:-1\" \/>\n<link rel=\"canonical\" href=\"https:\/\/www.iskreni.net\/trgovina\/product\/pisce-ki-bruha-ogenj\/\" \/>\n<meta property=\"og:locale\" content=\"sl_SI\" \/>\n<meta property=\"og:type\" content=\"article\" \/>\n<meta property=\"og:title\" content=\"Christelle Huet - Gomez: Pi\u0161\u010de, ki bruha ogenj\" \/>\n<meta property=\"og:description\" content=\"Mama Koko\u0161 na dvori\u0161\u010du odkrije nenavadno jajce, in ko se iz njega izle\u017ee \u010dudno pi\u0161\u010de, se v njej prebudi materinski \u010dut.\" \/>\n<meta property=\"og:url\" content=\"https:\/\/www.iskreni.net\/trgovina\/product\/pisce-ki-bruha-ogenj\/\" \/>\n<meta property=\"og:site_name\" content=\"Zavod Iskreni\" \/>\n<meta property=\"article:modified_time\" content=\"2025-07-09T11:48:08+00:00\" \/>\n<meta property=\"og:image\" content=\"https:\/\/www.iskreni.net\/trgovina\/wp-content\/uploads\/2023\/03\/Slike-za-v-spletno-trgovino-52.jpg\" \/>\n\t<meta property=\"og:image:width\" content=\"600\" \/>\n\t<meta property=\"og:image:height\" content=\"600\" \/>\n\t<meta property=\"og:image:type\" content=\"image\/jpeg\" \/>\n<meta name=\"twitter:card\" content=\"summary_large_image\" \/>\n<meta name=\"twitter:label1\" content=\"Est. reading time\" \/>\n\t<meta name=\"twitter:data1\" content=\"1 minuta\" \/>\n<script type=\"application\/ld+json\" class=\"yoast-schema-graph\">{\"@context\":\"https:\/\/schema.org\",\"@graph\":[{\"@type\":\"WebPage\",\"@id\":\"https:\/\/www.iskreni.net\/trgovina\/product\/pisce-ki-bruha-ogenj\/\",\"url\":\"https:\/\/www.iskreni.net\/trgovina\/product\/pisce-ki-bruha-ogenj\/\",\"name\":\"Christelle Huet - Gomez: Pi\u0161\u010de, ki bruha ogenj - trgovina Iskreni\",\"isPartOf\":{\"@id\":\"https:\/\/www.iskreni.net\/trgovina\/#website\"},\"primaryImageOfPage\":{\"@id\":\"https:\/\/www.iskreni.net\/trgovina\/product\/pisce-ki-bruha-ogenj\/#primaryimage\"},\"image\":{\"@id\":\"https:\/\/www.iskreni.net\/trgovina\/product\/pisce-ki-bruha-ogenj\/#primaryimage\"},\"thumbnailUrl\":\"https:\/\/www.iskreni.net\/trgovina\/wp-content\/uploads\/2023\/03\/Slike-za-v-spletno-trgovino-52.jpg\",\"datePublished\":\"2023-03-21T13:55:37+00:00\",\"dateModified\":\"2025-07-09T11:48:08+00:00\",\"description\":\"Pi\u0161\u010de, ki bruha ogenj govori o mami Koko\u0161i, ki na dvori\u0161\u010du odkrije nenavadno jajce, in ko se iz njega izle\u017ee \u010dudno pi\u0161\u010de, se v njej prebudi materinski \u010dut.\",\"breadcrumb\":{\"@id\":\"https:\/\/www.iskreni.net\/trgovina\/product\/pisce-ki-bruha-ogenj\/#breadcrumb\"},\"inLanguage\":\"sl-SI\",\"potentialAction\":[{\"@type\":\"ReadAction\",\"target\":[\"https:\/\/www.iskreni.net\/trgovina\/product\/pisce-ki-bruha-ogenj\/\"]}]},{\"@type\":\"ImageObject\",\"inLanguage\":\"sl-SI\",\"@id\":\"https:\/\/www.iskreni.net\/trgovina\/product\/pisce-ki-bruha-ogenj\/#primaryimage\",\"url\":\"https:\/\/www.iskreni.net\/trgovina\/wp-content\/uploads\/2023\/03\/Slike-za-v-spletno-trgovino-52.jpg\",\"contentUrl\":\"https:\/\/www.iskreni.net\/trgovina\/wp-content\/uploads\/2023\/03\/Slike-za-v-spletno-trgovino-52.jpg\",\"width\":600,\"height\":600},{\"@type\":\"BreadcrumbList\",\"@id\":\"https:\/\/www.iskreni.net\/trgovina\/product\/pisce-ki-bruha-ogenj\/#breadcrumb\",\"itemListElement\":[{\"@type\":\"ListItem\",\"position\":1,\"name\":\"Home\",\"item\":\"https:\/\/www.iskreni.net\/trgovina\/\"},{\"@type\":\"ListItem\",\"position\":2,\"name\":\"Trgovina\",\"item\":\"https:\/\/www.iskreni.net\/trgovina\/trgovina\/\"},{\"@type\":\"ListItem\",\"position\":3,\"name\":\"Pi\u0161\u010de, ki bruha ogenj\"}]},{\"@type\":\"WebSite\",\"@id\":\"https:\/\/www.iskreni.net\/trgovina\/#website\",\"url\":\"https:\/\/www.iskreni.net\/trgovina\/\",\"name\":\"Zavod Iskreni\",\"description\":\"trgovina\",\"potentialAction\":[{\"@type\":\"SearchAction\",\"target\":{\"@type\":\"EntryPoint\",\"urlTemplate\":\"https:\/\/www.iskreni.net\/trgovina\/?s={search_term_string}\"},\"query-input\":{\"@type\":\"PropertyValueSpecification\",\"valueRequired\":true,\"valueName\":\"search_term_string\"}}],\"inLanguage\":\"sl-SI\"}]}<\/script>\n<!-- \/ Yoast SEO plugin. -->","yoast_head_json":{"title":"Christelle Huet - Gomez: Pi\u0161\u010de, ki bruha ogenj - trgovina Iskreni","description":"Pi\u0161\u010de, ki bruha ogenj govori o mami Koko\u0161i, ki na dvori\u0161\u010du odkrije nenavadno jajce, in ko se iz njega izle\u017ee \u010dudno pi\u0161\u010de, se v njej prebudi materinski \u010dut.","robots":{"index":"index","follow":"follow","max-snippet":"max-snippet:-1","max-image-preview":"max-image-preview:large","max-video-preview":"max-video-preview:-1"},"canonical":"https:\/\/www.iskreni.net\/trgovina\/product\/pisce-ki-bruha-ogenj\/","og_locale":"sl_SI","og_type":"article","og_title":"Christelle Huet - Gomez: Pi\u0161\u010de, ki bruha ogenj","og_description":"Mama Koko\u0161 na dvori\u0161\u010du odkrije nenavadno jajce, in ko se iz njega izle\u017ee \u010dudno pi\u0161\u010de, se v njej prebudi materinski \u010dut.","og_url":"https:\/\/www.iskreni.net\/trgovina\/product\/pisce-ki-bruha-ogenj\/","og_site_name":"Zavod Iskreni","article_modified_time":"2025-07-09T11:48:08+00:00","og_image":[{"width":600,"height":600,"url":"https:\/\/www.iskreni.net\/trgovina\/wp-content\/uploads\/2023\/03\/Slike-za-v-spletno-trgovino-52.jpg","type":"image\/jpeg"}],"twitter_card":"summary_large_image","twitter_misc":{"Est. reading time":"1 minuta"},"schema":{"@context":"https:\/\/schema.org","@graph":[{"@type":"WebPage","@id":"https:\/\/www.iskreni.net\/trgovina\/product\/pisce-ki-bruha-ogenj\/","url":"https:\/\/www.iskreni.net\/trgovina\/product\/pisce-ki-bruha-ogenj\/","name":"Christelle Huet - Gomez: Pi\u0161\u010de, ki bruha ogenj - trgovina Iskreni","isPartOf":{"@id":"https:\/\/www.iskreni.net\/trgovina\/#website"},"primaryImageOfPage":{"@id":"https:\/\/www.iskreni.net\/trgovina\/product\/pisce-ki-bruha-ogenj\/#primaryimage"},"image":{"@id":"https:\/\/www.iskreni.net\/trgovina\/product\/pisce-ki-bruha-ogenj\/#primaryimage"},"thumbnailUrl":"https:\/\/www.iskreni.net\/trgovina\/wp-content\/uploads\/2023\/03\/Slike-za-v-spletno-trgovino-52.jpg","datePublished":"2023-03-21T13:55:37+00:00","dateModified":"2025-07-09T11:48:08+00:00","description":"Pi\u0161\u010de, ki bruha ogenj govori o mami Koko\u0161i, ki na dvori\u0161\u010du odkrije nenavadno jajce, in ko se iz njega izle\u017ee \u010dudno pi\u0161\u010de, se v njej prebudi materinski \u010dut.","breadcrumb":{"@id":"https:\/\/www.iskreni.net\/trgovina\/product\/pisce-ki-bruha-ogenj\/#breadcrumb"},"inLanguage":"sl-SI","potentialAction":[{"@type":"ReadAction","target":["https:\/\/www.iskreni.net\/trgovina\/product\/pisce-ki-bruha-ogenj\/"]}]},{"@type":"ImageObject","inLanguage":"sl-SI","@id":"https:\/\/www.iskreni.net\/trgovina\/product\/pisce-ki-bruha-ogenj\/#primaryimage","url":"https:\/\/www.iskreni.net\/trgovina\/wp-content\/uploads\/2023\/03\/Slike-za-v-spletno-trgovino-52.jpg","contentUrl":"https:\/\/www.iskreni.net\/trgovina\/wp-content\/uploads\/2023\/03\/Slike-za-v-spletno-trgovino-52.jpg","width":600,"height":600},{"@type":"BreadcrumbList","@id":"https:\/\/www.iskreni.net\/trgovina\/product\/pisce-ki-bruha-ogenj\/#breadcrumb","itemListElement":[{"@type":"ListItem","position":1,"name":"Home","item":"https:\/\/www.iskreni.net\/trgovina\/"},{"@type":"ListItem","position":2,"name":"Trgovina","item":"https:\/\/www.iskreni.net\/trgovina\/trgovina\/"},{"@type":"ListItem","position":3,"name":"Pi\u0161\u010de, ki bruha ogenj"}]},{"@type":"WebSite","@id":"https:\/\/www.iskreni.net\/trgovina\/#website","url":"https:\/\/www.iskreni.net\/trgovina\/","name":"Zavod Iskreni","description":"trgovina","potentialAction":[{"@type":"SearchAction","target":{"@type":"EntryPoint","urlTemplate":"https:\/\/www.iskreni.net\/trgovina\/?s={search_term_string}"},"query-input":{"@type":"PropertyValueSpecification","valueRequired":true,"valueName":"search_term_string"}}],"inLanguage":"sl-SI"}]}},"_links":{"self":[{"href":"https:\/\/www.iskreni.net\/trgovina\/wp-json\/wp\/v2\/product\/65114","targetHints":{"allow":["GET"]}}],"collection":[{"href":"https:\/\/www.iskreni.net\/trgovina\/wp-json\/wp\/v2\/product"}],"about":[{"href":"https:\/\/www.iskreni.net\/trgovina\/wp-json\/wp\/v2\/types\/product"}],"replies":[{"embeddable":true,"href":"https:\/\/www.iskreni.net\/trgovina\/wp-json\/wp\/v2\/comments?post=65114"}],"version-history":[{"count":4,"href":"https:\/\/www.iskreni.net\/trgovina\/wp-json\/wp\/v2\/product\/65114\/revisions"}],"predecessor-version":[{"id":86090,"href":"https:\/\/www.iskreni.net\/trgovina\/wp-json\/wp\/v2\/product\/65114\/revisions\/86090"}],"wp:featuredmedia":[{"embeddable":true,"href":"https:\/\/www.iskreni.net\/trgovina\/wp-json\/wp\/v2\/media\/65121"}],"wp:attachment":[{"href":"https:\/\/www.iskreni.net\/trgovina\/wp-json\/wp\/v2\/media?parent=65114"}],"wp:term":[{"taxonomy":"product_brand","embeddable":true,"href":"https:\/\/www.iskreni.net\/trgovina\/wp-json\/wp\/v2\/product_brand?post=65114"},{"taxonomy":"product_cat","embeddable":true,"href":"https:\/\/www.iskreni.net\/trgovina\/wp-json\/wp\/v2\/product_cat?post=65114"},{"taxonomy":"product_tag","embeddable":true,"href":"https:\/\/www.iskreni.net\/trgovina\/wp-json\/wp\/v2\/product_tag?post=65114"},{"taxonomy":"avtor","embeddable":true,"href":"https:\/\/www.iskreni.net\/trgovina\/wp-json\/wp\/v2\/avtor?post=65114"},{"taxonomy":"zalozba","embeddable":true,"href":"https:\/\/www.iskreni.net\/trgovina\/wp-json\/wp\/v2\/zalozba?post=65114"},{"taxonomy":"vezava","embeddable":true,"href":"https:\/\/www.iskreni.net\/trgovina\/wp-json\/wp\/v2\/vezava?post=65114"}],"curies":[{"name":"wp","href":"https:\/\/api.w.org\/{rel}","templated":true}]}}