{"id":65013,"date":"2023-03-17T10:24:24","date_gmt":"2023-03-17T09:24:24","guid":{"rendered":"https:\/\/www.iskreni.net\/trgovina\/?post_type=product&#038;p=65013"},"modified":"2025-07-11T09:57:40","modified_gmt":"2025-07-11T07:57:40","slug":"morilcevi-plisasti-medvedki","status":"publish","type":"product","link":"https:\/\/www.iskreni.net\/trgovina\/product\/morilcevi-plisasti-medvedki\/","title":{"rendered":"Moril\u010devi pli\u0161asti medvedki"},"content":{"rendered":"<h3 id=\"anchor-o-izdelku\" class=\"title\">O knjigi <em>Moril\u010devi pli\u0161asti medvedki<\/em><\/h3>\n<div class=\"tab-description js-tab-singleProduct-description content-tab\">\n<p>Reni Descartes, Fredi Nietzsche, Konfucij, David Hume, Karli Marx in Sokrat mlaj\u0161i so skupina 10 do 12-letnih otrok, ki jim je skupno, da so sirote in veliki misleci. Kljub svoji mladosti imajo filozofski pogled na \u017eivljenje. So otroci, obdarjeni z izjemno radovednostjo in se spra\u0161ujejo o vsem ter i\u0161\u010dejo odgovore, ki so pogosto nova vpra\u0161anja.<\/p>\n<p>Skupino vodi Zofija Hipatija. 16-letno dekle je zelo inteligentno. Sama se je domislila, da ustanovi agencijo na podlagi filozofskih misli. Predana je re\u0161evanju ugank. Nekaj \u200b\u200bprimerov je \u017ee re\u0161ila, zaslu\u017eeni denar pa porabila za pla\u010dilo najemnine hi\u0161e, v kateri \u017eivi z drugimi sirotami.<\/p>\n<p>Sirote, ki \u017eivijo v Akademiji, uporabljajo inovativen na\u010din razmi\u0161ljanja, ki temelji na filozofiji, da najdejo nove namige, ki jim omogo\u010dajo najti najbolj iskane zlo\u010dince.<\/p>\n<\/div>\n<h4><a href=\"https:\/\/www.iskreni.net\/trgovina\/wp-content\/uploads\/2023\/03\/FiloZofija01_PREDSTAVITVNE-STRANI.pdf\">Prelistaj<\/a><\/h4>\n","protected":false},"excerpt":{"rendered":"<p><strong>Leto izdaje:<\/strong> 2023<br \/>\n<strong>\u0160tevilo strani:<\/strong> 192 strani<br \/>\n<strong>Mere:<\/strong> 205 x 130 mm<\/p>\n<p>Detektivska agencija Filo&amp;Zofija se v sodelovanju s policijo Barvilla soo\u010di s prvim primerom: odkritjem neusmiljenega morilca, ki je ubil \u017ee \u0161tiri otroke. Poleg \u017ertev vedno pusti \u017eival \u2013 pli\u0161astega medvedka.<\/p>\n<p>&nbsp;<\/p>\n<h4><a href=\"https:\/\/www.iskreni.net\/trgovina\/wp-content\/uploads\/2023\/03\/FiloZofija01_PREDSTAVITVNE-STRANI.pdf\">Prelistaj<\/a><\/h4>\n<p>&nbsp;<\/p>\n","protected":false},"featured_media":65009,"comment_status":"open","ping_status":"closed","template":"","meta":[],"product_brand":[],"product_cat":[2350,63],"product_tag":[1587,1375],"avtor":[2396],"zalozba":[2336],"vezava":[2307],"class_list":{"0":"post-65013","1":"product","2":"type-product","3":"status-publish","4":"has-post-thumbnail","6":"product_cat-za-mlade","7":"product_cat-knjige","8":"product_tag-filozofija","9":"product_tag-prijateljstvo","10":"avtor-cuca-canals","11":"zalozba-salve","12":"vezava-mehka","14":"first","15":"onbackorder","16":"taxable","17":"shipping-taxable","18":"purchasable","19":"product-type-simple"},"yoast_head":"<!-- This site is optimized with the Yoast SEO plugin v26.3 - https:\/\/yoast.com\/wordpress\/plugins\/seo\/ -->\n<title>Cuca Canals: Moril\u010devi pli\u0161asti medvedki - trgovina Iskreni<\/title>\n<meta name=\"description\" content=\"Moril\u010devi pli\u0161asti medvedki nas popelje skozi napeto zgodbo o neusmiljenem morilcu, ki poleg \u017ertev vedno pusti \u017eival - pli\u0161astega medvedka.\" \/>\n<meta name=\"robots\" content=\"index, follow, max-snippet:-1, max-image-preview:large, max-video-preview:-1\" \/>\n<link rel=\"canonical\" href=\"https:\/\/www.iskreni.net\/trgovina\/product\/morilcevi-plisasti-medvedki\/\" \/>\n<meta property=\"og:locale\" content=\"sl_SI\" \/>\n<meta property=\"og:type\" content=\"article\" \/>\n<meta property=\"og:title\" content=\"Cuca Canals: Moril\u010devi pli\u0161asti medvedki\" \/>\n<meta property=\"og:description\" content=\"Moril\u010devi pli\u0161asti medvedki nas popelje skozi napeto zgodbo o neusmiljenem morilcu, ki poleg \u017ertev vedno pusti \u017eival - pli\u0161astega medvedka.\" \/>\n<meta property=\"og:url\" content=\"https:\/\/www.iskreni.net\/trgovina\/product\/morilcevi-plisasti-medvedki\/\" \/>\n<meta property=\"og:site_name\" content=\"Zavod Iskreni\" \/>\n<meta property=\"article:modified_time\" content=\"2025-07-11T07:57:40+00:00\" \/>\n<meta property=\"og:image\" content=\"https:\/\/www.iskreni.net\/trgovina\/wp-content\/uploads\/2023\/03\/Slike-za-v-spletno-trgovino-51.jpg\" \/>\n\t<meta property=\"og:image:width\" content=\"600\" \/>\n\t<meta property=\"og:image:height\" content=\"600\" \/>\n\t<meta property=\"og:image:type\" content=\"image\/jpeg\" \/>\n<meta name=\"twitter:card\" content=\"summary_large_image\" \/>\n<meta name=\"twitter:label1\" content=\"Est. reading time\" \/>\n\t<meta name=\"twitter:data1\" content=\"1 minuta\" \/>\n<script type=\"application\/ld+json\" class=\"yoast-schema-graph\">{\"@context\":\"https:\/\/schema.org\",\"@graph\":[{\"@type\":\"WebPage\",\"@id\":\"https:\/\/www.iskreni.net\/trgovina\/product\/morilcevi-plisasti-medvedki\/\",\"url\":\"https:\/\/www.iskreni.net\/trgovina\/product\/morilcevi-plisasti-medvedki\/\",\"name\":\"Cuca Canals: Moril\u010devi pli\u0161asti medvedki - trgovina Iskreni\",\"isPartOf\":{\"@id\":\"https:\/\/www.iskreni.net\/trgovina\/#website\"},\"primaryImageOfPage\":{\"@id\":\"https:\/\/www.iskreni.net\/trgovina\/product\/morilcevi-plisasti-medvedki\/#primaryimage\"},\"image\":{\"@id\":\"https:\/\/www.iskreni.net\/trgovina\/product\/morilcevi-plisasti-medvedki\/#primaryimage\"},\"thumbnailUrl\":\"https:\/\/www.iskreni.net\/trgovina\/wp-content\/uploads\/2023\/03\/Slike-za-v-spletno-trgovino-51.jpg\",\"datePublished\":\"2023-03-17T09:24:24+00:00\",\"dateModified\":\"2025-07-11T07:57:40+00:00\",\"description\":\"Moril\u010devi pli\u0161asti medvedki nas popelje skozi napeto zgodbo o neusmiljenem morilcu, ki poleg \u017ertev vedno pusti \u017eival - pli\u0161astega medvedka.\",\"breadcrumb\":{\"@id\":\"https:\/\/www.iskreni.net\/trgovina\/product\/morilcevi-plisasti-medvedki\/#breadcrumb\"},\"inLanguage\":\"sl-SI\",\"potentialAction\":[{\"@type\":\"ReadAction\",\"target\":[\"https:\/\/www.iskreni.net\/trgovina\/product\/morilcevi-plisasti-medvedki\/\"]}]},{\"@type\":\"ImageObject\",\"inLanguage\":\"sl-SI\",\"@id\":\"https:\/\/www.iskreni.net\/trgovina\/product\/morilcevi-plisasti-medvedki\/#primaryimage\",\"url\":\"https:\/\/www.iskreni.net\/trgovina\/wp-content\/uploads\/2023\/03\/Slike-za-v-spletno-trgovino-51.jpg\",\"contentUrl\":\"https:\/\/www.iskreni.net\/trgovina\/wp-content\/uploads\/2023\/03\/Slike-za-v-spletno-trgovino-51.jpg\",\"width\":600,\"height\":600},{\"@type\":\"BreadcrumbList\",\"@id\":\"https:\/\/www.iskreni.net\/trgovina\/product\/morilcevi-plisasti-medvedki\/#breadcrumb\",\"itemListElement\":[{\"@type\":\"ListItem\",\"position\":1,\"name\":\"Home\",\"item\":\"https:\/\/www.iskreni.net\/trgovina\/\"},{\"@type\":\"ListItem\",\"position\":2,\"name\":\"Trgovina\",\"item\":\"https:\/\/www.iskreni.net\/trgovina\/trgovina\/\"},{\"@type\":\"ListItem\",\"position\":3,\"name\":\"Moril\u010devi pli\u0161asti medvedki\"}]},{\"@type\":\"WebSite\",\"@id\":\"https:\/\/www.iskreni.net\/trgovina\/#website\",\"url\":\"https:\/\/www.iskreni.net\/trgovina\/\",\"name\":\"Zavod Iskreni\",\"description\":\"trgovina\",\"potentialAction\":[{\"@type\":\"SearchAction\",\"target\":{\"@type\":\"EntryPoint\",\"urlTemplate\":\"https:\/\/www.iskreni.net\/trgovina\/?s={search_term_string}\"},\"query-input\":{\"@type\":\"PropertyValueSpecification\",\"valueRequired\":true,\"valueName\":\"search_term_string\"}}],\"inLanguage\":\"sl-SI\"}]}<\/script>\n<!-- \/ Yoast SEO plugin. -->","yoast_head_json":{"title":"Cuca Canals: Moril\u010devi pli\u0161asti medvedki - trgovina Iskreni","description":"Moril\u010devi pli\u0161asti medvedki nas popelje skozi napeto zgodbo o neusmiljenem morilcu, ki poleg \u017ertev vedno pusti \u017eival - pli\u0161astega medvedka.","robots":{"index":"index","follow":"follow","max-snippet":"max-snippet:-1","max-image-preview":"max-image-preview:large","max-video-preview":"max-video-preview:-1"},"canonical":"https:\/\/www.iskreni.net\/trgovina\/product\/morilcevi-plisasti-medvedki\/","og_locale":"sl_SI","og_type":"article","og_title":"Cuca Canals: Moril\u010devi pli\u0161asti medvedki","og_description":"Moril\u010devi pli\u0161asti medvedki nas popelje skozi napeto zgodbo o neusmiljenem morilcu, ki poleg \u017ertev vedno pusti \u017eival - pli\u0161astega medvedka.","og_url":"https:\/\/www.iskreni.net\/trgovina\/product\/morilcevi-plisasti-medvedki\/","og_site_name":"Zavod Iskreni","article_modified_time":"2025-07-11T07:57:40+00:00","og_image":[{"width":600,"height":600,"url":"https:\/\/www.iskreni.net\/trgovina\/wp-content\/uploads\/2023\/03\/Slike-za-v-spletno-trgovino-51.jpg","type":"image\/jpeg"}],"twitter_card":"summary_large_image","twitter_misc":{"Est. reading time":"1 minuta"},"schema":{"@context":"https:\/\/schema.org","@graph":[{"@type":"WebPage","@id":"https:\/\/www.iskreni.net\/trgovina\/product\/morilcevi-plisasti-medvedki\/","url":"https:\/\/www.iskreni.net\/trgovina\/product\/morilcevi-plisasti-medvedki\/","name":"Cuca Canals: Moril\u010devi pli\u0161asti medvedki - trgovina Iskreni","isPartOf":{"@id":"https:\/\/www.iskreni.net\/trgovina\/#website"},"primaryImageOfPage":{"@id":"https:\/\/www.iskreni.net\/trgovina\/product\/morilcevi-plisasti-medvedki\/#primaryimage"},"image":{"@id":"https:\/\/www.iskreni.net\/trgovina\/product\/morilcevi-plisasti-medvedki\/#primaryimage"},"thumbnailUrl":"https:\/\/www.iskreni.net\/trgovina\/wp-content\/uploads\/2023\/03\/Slike-za-v-spletno-trgovino-51.jpg","datePublished":"2023-03-17T09:24:24+00:00","dateModified":"2025-07-11T07:57:40+00:00","description":"Moril\u010devi pli\u0161asti medvedki nas popelje skozi napeto zgodbo o neusmiljenem morilcu, ki poleg \u017ertev vedno pusti \u017eival - pli\u0161astega medvedka.","breadcrumb":{"@id":"https:\/\/www.iskreni.net\/trgovina\/product\/morilcevi-plisasti-medvedki\/#breadcrumb"},"inLanguage":"sl-SI","potentialAction":[{"@type":"ReadAction","target":["https:\/\/www.iskreni.net\/trgovina\/product\/morilcevi-plisasti-medvedki\/"]}]},{"@type":"ImageObject","inLanguage":"sl-SI","@id":"https:\/\/www.iskreni.net\/trgovina\/product\/morilcevi-plisasti-medvedki\/#primaryimage","url":"https:\/\/www.iskreni.net\/trgovina\/wp-content\/uploads\/2023\/03\/Slike-za-v-spletno-trgovino-51.jpg","contentUrl":"https:\/\/www.iskreni.net\/trgovina\/wp-content\/uploads\/2023\/03\/Slike-za-v-spletno-trgovino-51.jpg","width":600,"height":600},{"@type":"BreadcrumbList","@id":"https:\/\/www.iskreni.net\/trgovina\/product\/morilcevi-plisasti-medvedki\/#breadcrumb","itemListElement":[{"@type":"ListItem","position":1,"name":"Home","item":"https:\/\/www.iskreni.net\/trgovina\/"},{"@type":"ListItem","position":2,"name":"Trgovina","item":"https:\/\/www.iskreni.net\/trgovina\/trgovina\/"},{"@type":"ListItem","position":3,"name":"Moril\u010devi pli\u0161asti medvedki"}]},{"@type":"WebSite","@id":"https:\/\/www.iskreni.net\/trgovina\/#website","url":"https:\/\/www.iskreni.net\/trgovina\/","name":"Zavod Iskreni","description":"trgovina","potentialAction":[{"@type":"SearchAction","target":{"@type":"EntryPoint","urlTemplate":"https:\/\/www.iskreni.net\/trgovina\/?s={search_term_string}"},"query-input":{"@type":"PropertyValueSpecification","valueRequired":true,"valueName":"search_term_string"}}],"inLanguage":"sl-SI"}]}},"_links":{"self":[{"href":"https:\/\/www.iskreni.net\/trgovina\/wp-json\/wp\/v2\/product\/65013","targetHints":{"allow":["GET"]}}],"collection":[{"href":"https:\/\/www.iskreni.net\/trgovina\/wp-json\/wp\/v2\/product"}],"about":[{"href":"https:\/\/www.iskreni.net\/trgovina\/wp-json\/wp\/v2\/types\/product"}],"replies":[{"embeddable":true,"href":"https:\/\/www.iskreni.net\/trgovina\/wp-json\/wp\/v2\/comments?post=65013"}],"version-history":[{"count":4,"href":"https:\/\/www.iskreni.net\/trgovina\/wp-json\/wp\/v2\/product\/65013\/revisions"}],"predecessor-version":[{"id":72754,"href":"https:\/\/www.iskreni.net\/trgovina\/wp-json\/wp\/v2\/product\/65013\/revisions\/72754"}],"wp:featuredmedia":[{"embeddable":true,"href":"https:\/\/www.iskreni.net\/trgovina\/wp-json\/wp\/v2\/media\/65009"}],"wp:attachment":[{"href":"https:\/\/www.iskreni.net\/trgovina\/wp-json\/wp\/v2\/media?parent=65013"}],"wp:term":[{"taxonomy":"product_brand","embeddable":true,"href":"https:\/\/www.iskreni.net\/trgovina\/wp-json\/wp\/v2\/product_brand?post=65013"},{"taxonomy":"product_cat","embeddable":true,"href":"https:\/\/www.iskreni.net\/trgovina\/wp-json\/wp\/v2\/product_cat?post=65013"},{"taxonomy":"product_tag","embeddable":true,"href":"https:\/\/www.iskreni.net\/trgovina\/wp-json\/wp\/v2\/product_tag?post=65013"},{"taxonomy":"avtor","embeddable":true,"href":"https:\/\/www.iskreni.net\/trgovina\/wp-json\/wp\/v2\/avtor?post=65013"},{"taxonomy":"zalozba","embeddable":true,"href":"https:\/\/www.iskreni.net\/trgovina\/wp-json\/wp\/v2\/zalozba?post=65013"},{"taxonomy":"vezava","embeddable":true,"href":"https:\/\/www.iskreni.net\/trgovina\/wp-json\/wp\/v2\/vezava?post=65013"}],"curies":[{"name":"wp","href":"https:\/\/api.w.org\/{rel}","templated":true}]}}