{"id":65006,"date":"2023-03-17T10:12:31","date_gmt":"2023-03-17T09:12:31","guid":{"rendered":"https:\/\/www.iskreni.net\/trgovina\/?post_type=product&#038;p=65006"},"modified":"2025-07-11T09:58:05","modified_gmt":"2025-07-11T07:58:05","slug":"love-com","status":"publish","type":"product","link":"https:\/\/www.iskreni.net\/trgovina\/product\/love-com\/","title":{"rendered":"Love.com"},"content":{"rendered":"<h3 id=\"anchor-o-izdelku\" class=\"title\">O knjigi <em>Love.com<\/em><\/h3>\n<div class=\"tab-description js-tab-singleProduct-description content-tab\">\n<p>Aill je ime majhnega irskega mesteca, v katerem \u017eivijo nekoliko nenavadni prebivalci. Brian Mcneill je tipi\u010den predstavnik va\u0161\u010danov. Star je dvanajst let in ima oran\u017ene lase, ostri\u017eene na gobico in Aspergerjev sindrom. Aspergerjev sindrom je razvojna motnja, ki sodi v skupino motenj avtisti\u010dnega spektra. Vsega skupaj v vasi Aill \u017eivi petdeset prebivalcev. Deluje kot vasica, v kateri se nikoli ne zgodi ni\u010d nenavadnega.<\/p>\n<p>Pa vendar: Brian Mcneill med jutranjim sprehodom po pla\u017ei \u017ee drugi\u010d naleti na truplo in mora skupaj s policistom Connollyjem in psom Anonimnim ponovno raziskati primer. Prav vse sledi ka\u017eejo na spletno stran z imenom LOVE.COM.<\/p>\n<\/div>\n<h4><a href=\"https:\/\/www.iskreni.net\/trgovina\/wp-content\/uploads\/2023\/03\/Brian-Mcneill-Love.com_PREDSTAVITVNE-STRANI.pdf\">Prelistaj<\/a><\/h4>\n","protected":false},"excerpt":{"rendered":"<p><strong>Ilustracije: <\/strong>Monica Armino<br \/>\n<strong>Leto izdaje:<\/strong> 2023<br \/>\n<strong>\u0160tevilo strani:<\/strong> 120 strani<br \/>\n<strong>Mere:<\/strong> 119 x 130 mm<\/p>\n<p>Aill je ime majhnega irskega mesteca, v katerem \u017eivijo malo nenavadni prebivalci. Brian Mcneill je tipi\u010den predstavnik va\u0161\u010danov. Star je dvanajst let in ima oran\u017ene lase, ostri\u017eene na gobico in Aspergerjev sindrom.<\/p>\n<h4><a href=\"https:\/\/www.iskreni.net\/trgovina\/wp-content\/uploads\/2023\/03\/Brian-Mcneill-Love.com_PREDSTAVITVNE-STRANI.pdf\">Prelistaj<\/a><\/h4>\n<p>&nbsp;<\/p>\n","protected":false},"featured_media":65008,"comment_status":"open","ping_status":"closed","template":"","meta":[],"product_brand":[],"product_cat":[2350,63],"product_tag":[2133,2419,734],"avtor":[2397],"zalozba":[2336],"vezava":[2307],"class_list":{"0":"post-65006","1":"product","2":"type-product","3":"status-publish","4":"has-post-thumbnail","6":"product_cat-za-mlade","7":"product_cat-knjige","8":"product_tag-avtizem","9":"product_tag-otroci-s-posebnimi-potrebami","10":"product_tag-roman","11":"avtor-beatriz-oses","12":"zalozba-salve","13":"vezava-mehka","15":"first","16":"onbackorder","17":"taxable","18":"shipping-taxable","19":"purchasable","20":"product-type-simple"},"yoast_head":"<!-- This site is optimized with the Yoast SEO plugin v26.3 - https:\/\/yoast.com\/wordpress\/plugins\/seo\/ -->\n<title>Brian Mcneill: Love.com - trgovina Iskreni<\/title>\n<meta name=\"description\" content=\"Love.com nas ponovno popelje v mesto Aill z njegovimi nenavadnimi prebivalci. Brian Mcneill, de\u010dek z avtizmom, med sprehodom ponovno naleti na truplo.\" \/>\n<meta name=\"robots\" content=\"index, follow, max-snippet:-1, max-image-preview:large, max-video-preview:-1\" \/>\n<link rel=\"canonical\" href=\"https:\/\/www.iskreni.net\/trgovina\/product\/love-com\/\" \/>\n<meta property=\"og:locale\" content=\"sl_SI\" \/>\n<meta property=\"og:type\" content=\"article\" \/>\n<meta property=\"og:title\" content=\"Brian Mcneill: Love.com\" \/>\n<meta property=\"og:description\" content=\"Love.com nas ponovno popelje v mesto Aill z njegovimi nenavadnimi prebivalci. Brian Mcneill, de\u010dek z avtizmom, med sprehodom ponovno naleti na truplo.\" \/>\n<meta property=\"og:url\" content=\"https:\/\/www.iskreni.net\/trgovina\/product\/love-com\/\" \/>\n<meta property=\"og:site_name\" content=\"Zavod Iskreni\" \/>\n<meta property=\"article:modified_time\" content=\"2025-07-11T07:58:05+00:00\" \/>\n<meta property=\"og:image\" content=\"https:\/\/www.iskreni.net\/trgovina\/wp-content\/uploads\/2023\/03\/Slike-za-v-spletno-trgovino-50.jpg\" \/>\n\t<meta property=\"og:image:width\" content=\"600\" \/>\n\t<meta property=\"og:image:height\" content=\"600\" \/>\n\t<meta property=\"og:image:type\" content=\"image\/jpeg\" \/>\n<meta name=\"twitter:card\" content=\"summary_large_image\" \/>\n<meta name=\"twitter:label1\" content=\"Est. reading time\" \/>\n\t<meta name=\"twitter:data1\" content=\"1 minuta\" \/>\n<script type=\"application\/ld+json\" class=\"yoast-schema-graph\">{\"@context\":\"https:\/\/schema.org\",\"@graph\":[{\"@type\":\"WebPage\",\"@id\":\"https:\/\/www.iskreni.net\/trgovina\/product\/love-com\/\",\"url\":\"https:\/\/www.iskreni.net\/trgovina\/product\/love-com\/\",\"name\":\"Brian Mcneill: Love.com - trgovina Iskreni\",\"isPartOf\":{\"@id\":\"https:\/\/www.iskreni.net\/trgovina\/#website\"},\"primaryImageOfPage\":{\"@id\":\"https:\/\/www.iskreni.net\/trgovina\/product\/love-com\/#primaryimage\"},\"image\":{\"@id\":\"https:\/\/www.iskreni.net\/trgovina\/product\/love-com\/#primaryimage\"},\"thumbnailUrl\":\"https:\/\/www.iskreni.net\/trgovina\/wp-content\/uploads\/2023\/03\/Slike-za-v-spletno-trgovino-50.jpg\",\"datePublished\":\"2023-03-17T09:12:31+00:00\",\"dateModified\":\"2025-07-11T07:58:05+00:00\",\"description\":\"Love.com nas ponovno popelje v mesto Aill z njegovimi nenavadnimi prebivalci. Brian Mcneill, de\u010dek z avtizmom, med sprehodom ponovno naleti na truplo.\",\"breadcrumb\":{\"@id\":\"https:\/\/www.iskreni.net\/trgovina\/product\/love-com\/#breadcrumb\"},\"inLanguage\":\"sl-SI\",\"potentialAction\":[{\"@type\":\"ReadAction\",\"target\":[\"https:\/\/www.iskreni.net\/trgovina\/product\/love-com\/\"]}]},{\"@type\":\"ImageObject\",\"inLanguage\":\"sl-SI\",\"@id\":\"https:\/\/www.iskreni.net\/trgovina\/product\/love-com\/#primaryimage\",\"url\":\"https:\/\/www.iskreni.net\/trgovina\/wp-content\/uploads\/2023\/03\/Slike-za-v-spletno-trgovino-50.jpg\",\"contentUrl\":\"https:\/\/www.iskreni.net\/trgovina\/wp-content\/uploads\/2023\/03\/Slike-za-v-spletno-trgovino-50.jpg\",\"width\":600,\"height\":600},{\"@type\":\"BreadcrumbList\",\"@id\":\"https:\/\/www.iskreni.net\/trgovina\/product\/love-com\/#breadcrumb\",\"itemListElement\":[{\"@type\":\"ListItem\",\"position\":1,\"name\":\"Home\",\"item\":\"https:\/\/www.iskreni.net\/trgovina\/\"},{\"@type\":\"ListItem\",\"position\":2,\"name\":\"Trgovina\",\"item\":\"https:\/\/www.iskreni.net\/trgovina\/trgovina\/\"},{\"@type\":\"ListItem\",\"position\":3,\"name\":\"Love.com\"}]},{\"@type\":\"WebSite\",\"@id\":\"https:\/\/www.iskreni.net\/trgovina\/#website\",\"url\":\"https:\/\/www.iskreni.net\/trgovina\/\",\"name\":\"Zavod Iskreni\",\"description\":\"trgovina\",\"potentialAction\":[{\"@type\":\"SearchAction\",\"target\":{\"@type\":\"EntryPoint\",\"urlTemplate\":\"https:\/\/www.iskreni.net\/trgovina\/?s={search_term_string}\"},\"query-input\":{\"@type\":\"PropertyValueSpecification\",\"valueRequired\":true,\"valueName\":\"search_term_string\"}}],\"inLanguage\":\"sl-SI\"}]}<\/script>\n<!-- \/ Yoast SEO plugin. -->","yoast_head_json":{"title":"Brian Mcneill: Love.com - trgovina Iskreni","description":"Love.com nas ponovno popelje v mesto Aill z njegovimi nenavadnimi prebivalci. Brian Mcneill, de\u010dek z avtizmom, med sprehodom ponovno naleti na truplo.","robots":{"index":"index","follow":"follow","max-snippet":"max-snippet:-1","max-image-preview":"max-image-preview:large","max-video-preview":"max-video-preview:-1"},"canonical":"https:\/\/www.iskreni.net\/trgovina\/product\/love-com\/","og_locale":"sl_SI","og_type":"article","og_title":"Brian Mcneill: Love.com","og_description":"Love.com nas ponovno popelje v mesto Aill z njegovimi nenavadnimi prebivalci. Brian Mcneill, de\u010dek z avtizmom, med sprehodom ponovno naleti na truplo.","og_url":"https:\/\/www.iskreni.net\/trgovina\/product\/love-com\/","og_site_name":"Zavod Iskreni","article_modified_time":"2025-07-11T07:58:05+00:00","og_image":[{"width":600,"height":600,"url":"https:\/\/www.iskreni.net\/trgovina\/wp-content\/uploads\/2023\/03\/Slike-za-v-spletno-trgovino-50.jpg","type":"image\/jpeg"}],"twitter_card":"summary_large_image","twitter_misc":{"Est. reading time":"1 minuta"},"schema":{"@context":"https:\/\/schema.org","@graph":[{"@type":"WebPage","@id":"https:\/\/www.iskreni.net\/trgovina\/product\/love-com\/","url":"https:\/\/www.iskreni.net\/trgovina\/product\/love-com\/","name":"Brian Mcneill: Love.com - trgovina Iskreni","isPartOf":{"@id":"https:\/\/www.iskreni.net\/trgovina\/#website"},"primaryImageOfPage":{"@id":"https:\/\/www.iskreni.net\/trgovina\/product\/love-com\/#primaryimage"},"image":{"@id":"https:\/\/www.iskreni.net\/trgovina\/product\/love-com\/#primaryimage"},"thumbnailUrl":"https:\/\/www.iskreni.net\/trgovina\/wp-content\/uploads\/2023\/03\/Slike-za-v-spletno-trgovino-50.jpg","datePublished":"2023-03-17T09:12:31+00:00","dateModified":"2025-07-11T07:58:05+00:00","description":"Love.com nas ponovno popelje v mesto Aill z njegovimi nenavadnimi prebivalci. Brian Mcneill, de\u010dek z avtizmom, med sprehodom ponovno naleti na truplo.","breadcrumb":{"@id":"https:\/\/www.iskreni.net\/trgovina\/product\/love-com\/#breadcrumb"},"inLanguage":"sl-SI","potentialAction":[{"@type":"ReadAction","target":["https:\/\/www.iskreni.net\/trgovina\/product\/love-com\/"]}]},{"@type":"ImageObject","inLanguage":"sl-SI","@id":"https:\/\/www.iskreni.net\/trgovina\/product\/love-com\/#primaryimage","url":"https:\/\/www.iskreni.net\/trgovina\/wp-content\/uploads\/2023\/03\/Slike-za-v-spletno-trgovino-50.jpg","contentUrl":"https:\/\/www.iskreni.net\/trgovina\/wp-content\/uploads\/2023\/03\/Slike-za-v-spletno-trgovino-50.jpg","width":600,"height":600},{"@type":"BreadcrumbList","@id":"https:\/\/www.iskreni.net\/trgovina\/product\/love-com\/#breadcrumb","itemListElement":[{"@type":"ListItem","position":1,"name":"Home","item":"https:\/\/www.iskreni.net\/trgovina\/"},{"@type":"ListItem","position":2,"name":"Trgovina","item":"https:\/\/www.iskreni.net\/trgovina\/trgovina\/"},{"@type":"ListItem","position":3,"name":"Love.com"}]},{"@type":"WebSite","@id":"https:\/\/www.iskreni.net\/trgovina\/#website","url":"https:\/\/www.iskreni.net\/trgovina\/","name":"Zavod Iskreni","description":"trgovina","potentialAction":[{"@type":"SearchAction","target":{"@type":"EntryPoint","urlTemplate":"https:\/\/www.iskreni.net\/trgovina\/?s={search_term_string}"},"query-input":{"@type":"PropertyValueSpecification","valueRequired":true,"valueName":"search_term_string"}}],"inLanguage":"sl-SI"}]}},"_links":{"self":[{"href":"https:\/\/www.iskreni.net\/trgovina\/wp-json\/wp\/v2\/product\/65006","targetHints":{"allow":["GET"]}}],"collection":[{"href":"https:\/\/www.iskreni.net\/trgovina\/wp-json\/wp\/v2\/product"}],"about":[{"href":"https:\/\/www.iskreni.net\/trgovina\/wp-json\/wp\/v2\/types\/product"}],"replies":[{"embeddable":true,"href":"https:\/\/www.iskreni.net\/trgovina\/wp-json\/wp\/v2\/comments?post=65006"}],"version-history":[{"count":3,"href":"https:\/\/www.iskreni.net\/trgovina\/wp-json\/wp\/v2\/product\/65006\/revisions"}],"predecessor-version":[{"id":72753,"href":"https:\/\/www.iskreni.net\/trgovina\/wp-json\/wp\/v2\/product\/65006\/revisions\/72753"}],"wp:featuredmedia":[{"embeddable":true,"href":"https:\/\/www.iskreni.net\/trgovina\/wp-json\/wp\/v2\/media\/65008"}],"wp:attachment":[{"href":"https:\/\/www.iskreni.net\/trgovina\/wp-json\/wp\/v2\/media?parent=65006"}],"wp:term":[{"taxonomy":"product_brand","embeddable":true,"href":"https:\/\/www.iskreni.net\/trgovina\/wp-json\/wp\/v2\/product_brand?post=65006"},{"taxonomy":"product_cat","embeddable":true,"href":"https:\/\/www.iskreni.net\/trgovina\/wp-json\/wp\/v2\/product_cat?post=65006"},{"taxonomy":"product_tag","embeddable":true,"href":"https:\/\/www.iskreni.net\/trgovina\/wp-json\/wp\/v2\/product_tag?post=65006"},{"taxonomy":"avtor","embeddable":true,"href":"https:\/\/www.iskreni.net\/trgovina\/wp-json\/wp\/v2\/avtor?post=65006"},{"taxonomy":"zalozba","embeddable":true,"href":"https:\/\/www.iskreni.net\/trgovina\/wp-json\/wp\/v2\/zalozba?post=65006"},{"taxonomy":"vezava","embeddable":true,"href":"https:\/\/www.iskreni.net\/trgovina\/wp-json\/wp\/v2\/vezava?post=65006"}],"curies":[{"name":"wp","href":"https:\/\/api.w.org\/{rel}","templated":true}]}}