{"id":64985,"date":"2023-03-16T15:49:57","date_gmt":"2023-03-16T14:49:57","guid":{"rendered":"https:\/\/www.iskreni.net\/trgovina\/?post_type=product&#038;p=64985"},"modified":"2023-10-23T14:29:11","modified_gmt":"2023-10-23T12:29:11","slug":"najboljsa-mama-na-svetu","status":"publish","type":"product","link":"https:\/\/www.iskreni.net\/trgovina\/product\/najboljsa-mama-na-svetu\/","title":{"rendered":"Najbolj\u0161a mama na svetu"},"content":{"rendered":"<h4 id=\"anchor-o-izdelku\" class=\"title\">O knjigi <em>Najbolj\u0161a mama na svetu<\/em><\/h4>\n<p>Vsak od nas ima mamico. Mamico, ki poskrbi za nas, ko se pobu\u0161kamo ali potol\u010demo, mamico, ki nas v slabem vremenu ne spusti ven prej, preden se dobro ne oble\u010demo.<\/p>\n<p>Ampak, kaj je pravzaprav mamica?<\/p>\n<p>Odgovori na to preprosto vpra\u0161anje so tako razli\u010dni, kakor so razli\u010dni na\u010dini vzgoje otrok. Knjiga na preprost in privla\u010den na\u010din poka\u017ee kako mama v \u017eivalskem kraljestvu poskrbi za svoje mladi\u010de.<\/p>\n<p>Slikanica je \u010dudovit album in predstavlja 17 portretov mamic iz \u017eivalskega kraljestva.<\/p>\n<p>Sporo\u010dilo je preprosto in univerzalno. Zdi se, da ena stvar povezuje vse matere, ne glede na vrsto in celo onkraj biologije: brezpogojna ljubezen do njihovega otroka.<\/p>\n<p><a href=\"https:\/\/www.iskreni.net\/trgovina\/wp-content\/uploads\/2023\/10\/Najboljsa-mama_internet.pdf\">Prelistajte knjigo &gt;&gt;<\/a><\/p>\n<h4>Odlomek iz knjige:<\/h4>\n<p>Mamica lisica je prepri\u010dana, da ni lep\u0161ega od \u017eivljenja na prostem in spanja pod milim nebom. Pa vendar se ob kotitvi kljub buhte\u010di pomladi umakne v podzemni brlog. In seveda si nadvse skrbno uredi domovanje!<\/p>\n<p>Z veseljem se vseli tudi v tuji dom \u2013 v jazbe\u010devo, zaj\u010devo ali svi\u017e\u010devo luknjo \u2013, udobju pa se na ta ra\u010dun ne odpove: njeno stanovanje mora biti ve\u010dsobno, obrnjeno proti jugu, blizu vode, predvsem pa mora imeti ve\u010d izhodov, da lahko z mladi\u010dki vselej pobegne na varno.<\/p>\n<p>Kar na tleh jih greje s svojim ko\u017eu\u0161\u010dkom in jih skoraj dva tedna doji. V tem \u010dasu jih niti za hip ne pusti samih. Tudi pozneje samo na kratko odhaja ven, da si poi\u0161\u010de hrano, dokon\u010dno pa z malimi lisi\u010dkami brlog zapusti \u0161ele v za\u010detku poletja.<\/p>\n<p>Je lisica najbolj\u0161a mamica na svetu?<\/p>\n","protected":false},"excerpt":{"rendered":"<p><strong>Ilustracije:<\/strong> Benjamin Lacombe<br \/>\n<strong>Avtor prevoda:<\/strong> Tadeja Petrov\u010di\u010d Jerina<br \/>\n<strong>Leto izdaje:<\/strong> 2023<br \/>\n<strong>\u0160tevilo strani:<\/strong> 64<br \/>\n<strong>Format:<\/strong> 315 x 340 mm<\/p>\n<p><a href=\"https:\/\/www.iskreni.net\/trgovina\/wp-content\/uploads\/2023\/10\/Najboljsa-mama_internet.pdf\">Prelistajte knjigo &gt;&gt;<\/a><\/p>\n<p>&nbsp;<\/p>\n","protected":false},"featured_media":64971,"comment_status":"open","ping_status":"closed","template":"","meta":[],"product_brand":[],"product_cat":[63,135],"product_tag":[1321,460],"avtor":[2582],"zalozba":[2311],"vezava":[2306],"class_list":{"0":"post-64985","1":"product","2":"type-product","3":"status-publish","4":"has-post-thumbnail","6":"product_cat-knjige","7":"product_cat-za-otroke","8":"product_tag-materinstvo","9":"product_tag-starsevstvo","10":"avtor-sebastien-perez","11":"zalozba-druzina","12":"vezava-trda","14":"first","15":"instock","16":"taxable","17":"shipping-taxable","18":"purchasable","19":"product-type-simple"},"yoast_head":"<!-- This site is optimized with the Yoast SEO plugin v26.3 - https:\/\/yoast.com\/wordpress\/plugins\/seo\/ -->\n<title>Sebastien Perez: Najbolj\u0161a mama na svetu - trgovina Iskreni<\/title>\n<meta name=\"description\" content=\"Najbolj\u0161a mama na svetu prika\u017ee, kako mama v \u017eivalskem kraljestvu poskrbi za svoje mladi\u010dke. Je \u010dudovit album 17 portretov mamic iz \u017eivalskega kraljestva.\" \/>\n<meta name=\"robots\" content=\"index, follow, max-snippet:-1, max-image-preview:large, max-video-preview:-1\" \/>\n<link rel=\"canonical\" href=\"https:\/\/www.iskreni.net\/trgovina\/product\/najboljsa-mama-na-svetu\/\" \/>\n<meta property=\"og:locale\" content=\"sl_SI\" \/>\n<meta property=\"og:type\" content=\"article\" \/>\n<meta property=\"og:title\" content=\"Sebastien Perez: Najbolj\u0161a mama na svetu\" \/>\n<meta property=\"og:description\" content=\"Najbolj\u0161a mama na svetu prika\u017ee, kako mama v \u017eivalskem kraljestvu poskrbi za svoje mladi\u010dke. Je \u010dudovit album 17 portretov mamic iz \u017eivalskega kraljestva.\" \/>\n<meta property=\"og:url\" content=\"https:\/\/www.iskreni.net\/trgovina\/product\/najboljsa-mama-na-svetu\/\" \/>\n<meta property=\"og:site_name\" content=\"Zavod Iskreni\" \/>\n<meta property=\"article:modified_time\" content=\"2023-10-23T12:29:11+00:00\" \/>\n<meta property=\"og:image\" content=\"https:\/\/www.iskreni.net\/trgovina\/wp-content\/uploads\/2023\/03\/Najboljsa-mama-na-svetu.jpg\" \/>\n\t<meta property=\"og:image:width\" content=\"600\" \/>\n\t<meta property=\"og:image:height\" content=\"600\" \/>\n\t<meta property=\"og:image:type\" content=\"image\/jpeg\" \/>\n<meta name=\"twitter:card\" content=\"summary_large_image\" \/>\n<meta name=\"twitter:label1\" content=\"Est. reading time\" \/>\n\t<meta name=\"twitter:data1\" content=\"2 minuti\" \/>\n<script type=\"application\/ld+json\" class=\"yoast-schema-graph\">{\"@context\":\"https:\/\/schema.org\",\"@graph\":[{\"@type\":\"WebPage\",\"@id\":\"https:\/\/www.iskreni.net\/trgovina\/product\/najboljsa-mama-na-svetu\/\",\"url\":\"https:\/\/www.iskreni.net\/trgovina\/product\/najboljsa-mama-na-svetu\/\",\"name\":\"Sebastien Perez: Najbolj\u0161a mama na svetu - trgovina Iskreni\",\"isPartOf\":{\"@id\":\"https:\/\/www.iskreni.net\/trgovina\/#website\"},\"primaryImageOfPage\":{\"@id\":\"https:\/\/www.iskreni.net\/trgovina\/product\/najboljsa-mama-na-svetu\/#primaryimage\"},\"image\":{\"@id\":\"https:\/\/www.iskreni.net\/trgovina\/product\/najboljsa-mama-na-svetu\/#primaryimage\"},\"thumbnailUrl\":\"https:\/\/www.iskreni.net\/trgovina\/wp-content\/uploads\/2023\/03\/Najboljsa-mama-na-svetu.jpg\",\"datePublished\":\"2023-03-16T14:49:57+00:00\",\"dateModified\":\"2023-10-23T12:29:11+00:00\",\"description\":\"Najbolj\u0161a mama na svetu prika\u017ee, kako mama v \u017eivalskem kraljestvu poskrbi za svoje mladi\u010dke. Je \u010dudovit album 17 portretov mamic iz \u017eivalskega kraljestva.\",\"breadcrumb\":{\"@id\":\"https:\/\/www.iskreni.net\/trgovina\/product\/najboljsa-mama-na-svetu\/#breadcrumb\"},\"inLanguage\":\"sl-SI\",\"potentialAction\":[{\"@type\":\"ReadAction\",\"target\":[\"https:\/\/www.iskreni.net\/trgovina\/product\/najboljsa-mama-na-svetu\/\"]}]},{\"@type\":\"ImageObject\",\"inLanguage\":\"sl-SI\",\"@id\":\"https:\/\/www.iskreni.net\/trgovina\/product\/najboljsa-mama-na-svetu\/#primaryimage\",\"url\":\"https:\/\/www.iskreni.net\/trgovina\/wp-content\/uploads\/2023\/03\/Najboljsa-mama-na-svetu.jpg\",\"contentUrl\":\"https:\/\/www.iskreni.net\/trgovina\/wp-content\/uploads\/2023\/03\/Najboljsa-mama-na-svetu.jpg\",\"width\":600,\"height\":600},{\"@type\":\"BreadcrumbList\",\"@id\":\"https:\/\/www.iskreni.net\/trgovina\/product\/najboljsa-mama-na-svetu\/#breadcrumb\",\"itemListElement\":[{\"@type\":\"ListItem\",\"position\":1,\"name\":\"Home\",\"item\":\"https:\/\/www.iskreni.net\/trgovina\/\"},{\"@type\":\"ListItem\",\"position\":2,\"name\":\"Trgovina\",\"item\":\"https:\/\/www.iskreni.net\/trgovina\/trgovina\/\"},{\"@type\":\"ListItem\",\"position\":3,\"name\":\"Najbolj\u0161a mama na svetu\"}]},{\"@type\":\"WebSite\",\"@id\":\"https:\/\/www.iskreni.net\/trgovina\/#website\",\"url\":\"https:\/\/www.iskreni.net\/trgovina\/\",\"name\":\"Zavod Iskreni\",\"description\":\"trgovina\",\"potentialAction\":[{\"@type\":\"SearchAction\",\"target\":{\"@type\":\"EntryPoint\",\"urlTemplate\":\"https:\/\/www.iskreni.net\/trgovina\/?s={search_term_string}\"},\"query-input\":{\"@type\":\"PropertyValueSpecification\",\"valueRequired\":true,\"valueName\":\"search_term_string\"}}],\"inLanguage\":\"sl-SI\"}]}<\/script>\n<!-- \/ Yoast SEO plugin. -->","yoast_head_json":{"title":"Sebastien Perez: Najbolj\u0161a mama na svetu - trgovina Iskreni","description":"Najbolj\u0161a mama na svetu prika\u017ee, kako mama v \u017eivalskem kraljestvu poskrbi za svoje mladi\u010dke. Je \u010dudovit album 17 portretov mamic iz \u017eivalskega kraljestva.","robots":{"index":"index","follow":"follow","max-snippet":"max-snippet:-1","max-image-preview":"max-image-preview:large","max-video-preview":"max-video-preview:-1"},"canonical":"https:\/\/www.iskreni.net\/trgovina\/product\/najboljsa-mama-na-svetu\/","og_locale":"sl_SI","og_type":"article","og_title":"Sebastien Perez: Najbolj\u0161a mama na svetu","og_description":"Najbolj\u0161a mama na svetu prika\u017ee, kako mama v \u017eivalskem kraljestvu poskrbi za svoje mladi\u010dke. Je \u010dudovit album 17 portretov mamic iz \u017eivalskega kraljestva.","og_url":"https:\/\/www.iskreni.net\/trgovina\/product\/najboljsa-mama-na-svetu\/","og_site_name":"Zavod Iskreni","article_modified_time":"2023-10-23T12:29:11+00:00","og_image":[{"width":600,"height":600,"url":"https:\/\/www.iskreni.net\/trgovina\/wp-content\/uploads\/2023\/03\/Najboljsa-mama-na-svetu.jpg","type":"image\/jpeg"}],"twitter_card":"summary_large_image","twitter_misc":{"Est. reading time":"2 minuti"},"schema":{"@context":"https:\/\/schema.org","@graph":[{"@type":"WebPage","@id":"https:\/\/www.iskreni.net\/trgovina\/product\/najboljsa-mama-na-svetu\/","url":"https:\/\/www.iskreni.net\/trgovina\/product\/najboljsa-mama-na-svetu\/","name":"Sebastien Perez: Najbolj\u0161a mama na svetu - trgovina Iskreni","isPartOf":{"@id":"https:\/\/www.iskreni.net\/trgovina\/#website"},"primaryImageOfPage":{"@id":"https:\/\/www.iskreni.net\/trgovina\/product\/najboljsa-mama-na-svetu\/#primaryimage"},"image":{"@id":"https:\/\/www.iskreni.net\/trgovina\/product\/najboljsa-mama-na-svetu\/#primaryimage"},"thumbnailUrl":"https:\/\/www.iskreni.net\/trgovina\/wp-content\/uploads\/2023\/03\/Najboljsa-mama-na-svetu.jpg","datePublished":"2023-03-16T14:49:57+00:00","dateModified":"2023-10-23T12:29:11+00:00","description":"Najbolj\u0161a mama na svetu prika\u017ee, kako mama v \u017eivalskem kraljestvu poskrbi za svoje mladi\u010dke. Je \u010dudovit album 17 portretov mamic iz \u017eivalskega kraljestva.","breadcrumb":{"@id":"https:\/\/www.iskreni.net\/trgovina\/product\/najboljsa-mama-na-svetu\/#breadcrumb"},"inLanguage":"sl-SI","potentialAction":[{"@type":"ReadAction","target":["https:\/\/www.iskreni.net\/trgovina\/product\/najboljsa-mama-na-svetu\/"]}]},{"@type":"ImageObject","inLanguage":"sl-SI","@id":"https:\/\/www.iskreni.net\/trgovina\/product\/najboljsa-mama-na-svetu\/#primaryimage","url":"https:\/\/www.iskreni.net\/trgovina\/wp-content\/uploads\/2023\/03\/Najboljsa-mama-na-svetu.jpg","contentUrl":"https:\/\/www.iskreni.net\/trgovina\/wp-content\/uploads\/2023\/03\/Najboljsa-mama-na-svetu.jpg","width":600,"height":600},{"@type":"BreadcrumbList","@id":"https:\/\/www.iskreni.net\/trgovina\/product\/najboljsa-mama-na-svetu\/#breadcrumb","itemListElement":[{"@type":"ListItem","position":1,"name":"Home","item":"https:\/\/www.iskreni.net\/trgovina\/"},{"@type":"ListItem","position":2,"name":"Trgovina","item":"https:\/\/www.iskreni.net\/trgovina\/trgovina\/"},{"@type":"ListItem","position":3,"name":"Najbolj\u0161a mama na svetu"}]},{"@type":"WebSite","@id":"https:\/\/www.iskreni.net\/trgovina\/#website","url":"https:\/\/www.iskreni.net\/trgovina\/","name":"Zavod Iskreni","description":"trgovina","potentialAction":[{"@type":"SearchAction","target":{"@type":"EntryPoint","urlTemplate":"https:\/\/www.iskreni.net\/trgovina\/?s={search_term_string}"},"query-input":{"@type":"PropertyValueSpecification","valueRequired":true,"valueName":"search_term_string"}}],"inLanguage":"sl-SI"}]}},"_links":{"self":[{"href":"https:\/\/www.iskreni.net\/trgovina\/wp-json\/wp\/v2\/product\/64985","targetHints":{"allow":["GET"]}}],"collection":[{"href":"https:\/\/www.iskreni.net\/trgovina\/wp-json\/wp\/v2\/product"}],"about":[{"href":"https:\/\/www.iskreni.net\/trgovina\/wp-json\/wp\/v2\/types\/product"}],"replies":[{"embeddable":true,"href":"https:\/\/www.iskreni.net\/trgovina\/wp-json\/wp\/v2\/comments?post=64985"}],"version-history":[{"count":5,"href":"https:\/\/www.iskreni.net\/trgovina\/wp-json\/wp\/v2\/product\/64985\/revisions"}],"predecessor-version":[{"id":70363,"href":"https:\/\/www.iskreni.net\/trgovina\/wp-json\/wp\/v2\/product\/64985\/revisions\/70363"}],"wp:featuredmedia":[{"embeddable":true,"href":"https:\/\/www.iskreni.net\/trgovina\/wp-json\/wp\/v2\/media\/64971"}],"wp:attachment":[{"href":"https:\/\/www.iskreni.net\/trgovina\/wp-json\/wp\/v2\/media?parent=64985"}],"wp:term":[{"taxonomy":"product_brand","embeddable":true,"href":"https:\/\/www.iskreni.net\/trgovina\/wp-json\/wp\/v2\/product_brand?post=64985"},{"taxonomy":"product_cat","embeddable":true,"href":"https:\/\/www.iskreni.net\/trgovina\/wp-json\/wp\/v2\/product_cat?post=64985"},{"taxonomy":"product_tag","embeddable":true,"href":"https:\/\/www.iskreni.net\/trgovina\/wp-json\/wp\/v2\/product_tag?post=64985"},{"taxonomy":"avtor","embeddable":true,"href":"https:\/\/www.iskreni.net\/trgovina\/wp-json\/wp\/v2\/avtor?post=64985"},{"taxonomy":"zalozba","embeddable":true,"href":"https:\/\/www.iskreni.net\/trgovina\/wp-json\/wp\/v2\/zalozba?post=64985"},{"taxonomy":"vezava","embeddable":true,"href":"https:\/\/www.iskreni.net\/trgovina\/wp-json\/wp\/v2\/vezava?post=64985"}],"curies":[{"name":"wp","href":"https:\/\/api.w.org\/{rel}","templated":true}]}}