{"id":64976,"date":"2023-03-16T15:27:43","date_gmt":"2023-03-16T14:27:43","guid":{"rendered":"https:\/\/www.iskreni.net\/trgovina\/?post_type=product&#038;p=64976"},"modified":"2023-10-23T14:21:33","modified_gmt":"2023-10-23T12:21:33","slug":"skril-me-je","status":"publish","type":"product","link":"https:\/\/www.iskreni.net\/trgovina\/product\/skril-me-je\/","title":{"rendered":"Skril me je"},"content":{"rendered":"<h4 id=\"anchor-o-izdelku\" class=\"title\">O knjigi <em>Skril me je<\/em><\/h4>\n<div id=\"tab-opis_tab\" class=\"tab-pane active\">\n<p>Knjiga\u00a0<em>Skril me je<\/em>\u00a0ni samo pretresljiv zapis pogovora s star\u0161i zlorabljene deklice, petletne Doris, ni samo znanstveno seciranje dru\u017ebe, ki se soo\u010da z umori, nasiljem, alkoholizmom in pedofilijo, temve\u010d odpira problemsko polje psiholo\u0161kih, socialnih in dru\u017einskih posledic spolne zlorabe in smrti \u017ertve na tako imenovane prikrite \u017ertve, ki ostanejo same v borbi z vsem, kar v jedro dru\u017einske celice prina\u0161a zloraba in smrt otroka.<\/p>\n<p>Pripoved o Doris nas znova opozori na pogosto spregledano dejstvo, da travme nasilja razdiralno delujejo tudi na pri\u010de nasilja. Pomo\u010d pa potrebujejo tudi tisti, ki jim je bila \u017ertev najbli\u017eje. \u010ce do\u017eivi kateri od dru\u017einskih \u010dlanov izku\u0161njo spolne zlorabe, se lahko raz\u0161iri njen vpliv na celotno dru\u017eino in prizadene, okvari njeno funkcioniranje ne glede na to, ali se je zloraba zgodila pred kratkim ali v preteklosti. Prenos travmatizacije na ostale dru\u017einske \u010dlane je sekundarna viktimizacija. Premalo govorimo o (skoraj pri\u010dakovanih) razdiralnih du\u0161evnih procesih, ki jih spro\u017ei dinamika nasilja in zadenejo svojce \u017ertev.<\/p>\n<p><strong>Odlomek iz knjige:<\/strong><\/p>\n<p>\u00bbNa sodi\u0161\u010du sem ga videla prvi\u010d. Bil je obkro\u017een s \u0161tirimi policisti. Nisem ga mogla pogledati v o\u010di. Bil je \u010disto miren, flegma. V sebi sem \u010dutila jezo, sem mislila, da bom sko\u010dila vanj. Premalo je dobil. Jezna sem bila. To ni pravi\u010dna kazen za nekoga, ki naredi nekaj tak\u0161nega. Da naredi to otroku.\u00ab \u00bbDo smrti bi moral biti zaprt, do smrti,\u00ab je dodal Anton. \u00bbKako lahko kdo kaj takega stori otroku? Zakaj to po\u010dnejo?\u00ab je vpra\u0161ala Silvija.<\/p>\n<p>Vsi spolni zlorabljevalci otrok niso pedofili in nasprotno, vsi pedofili ne zlorabljajo otrok. Richards, 2011<\/p>\n<p>Nekateri podatki ka\u017eejo, da je od 2 do 5 % (po nekaterih \u0161tudijah do 16,2 % (Kesicky et al., 2014)) spolnih zlorabljevalcev otrok dejansko oseb s pedofilijo (Bavdek, 2021) oziroma pedofili\u010dno motnjo, kot jo opredeljuje Diagnosti\u010dni in statisti\u010dni priro\u010dnik du\u0161evnih motenj (APA, 2013). V priro\u010dniku je stanje definirano kot parafilija, ki vklju\u010duje intenzivne in ponavljajo\u010de se spolne te\u017enje, usmerjene proti otrokom, in fantazije s seksualno vsebino, ki zadevajo otroke. Diagnosti\u010dni kriteriji za pedofili\u010dno motnjo se nana\u0161ajo tako na posameznike, ki so seznanjeni s svojo parafilijo, kot tudi osebe, ki zanikajo kakr\u0161nokoli spolno privla\u010dnost do predpubertetnih otrok (obi\u010dajno starih trinajst let ali mlaj\u0161ih), \u010detudi objektivni dokazi ka\u017eejo nasprotno.<\/p>\n<p><strong>O avtorju:\u00a0<\/strong><\/p>\n<p><strong>Dr. Bo\u0161tjan Brezovnik<\/strong>\u00a0je izredni profesor za upravno pravo in pravo javne uprave. Skupaj z re\u017eiserjem Igorjem Zupetom je avtor televizijske igrano-dokumentarne serije Inhumanum o kriminalu in nasilju na Slovenskem.<\/p>\n<p>&nbsp;<\/p>\n<\/div>\n","protected":false},"excerpt":{"rendered":"<p><strong>Leto izdaje:<\/strong> 2023<br \/>\n<strong>\u0160tevilo strani:<\/strong> 114<\/p>\n","protected":false},"featured_media":64973,"comment_status":"open","ping_status":"closed","template":"","meta":[],"product_brand":[],"product_cat":[2326,63],"product_tag":[],"avtor":[2580],"zalozba":[2311],"vezava":[2307],"class_list":{"0":"post-64976","1":"product","2":"type-product","3":"status-publish","4":"has-post-thumbnail","6":"product_cat-druzbena-vprasanja-in-humanistika","7":"product_cat-knjige","8":"avtor-bostjan-brezovnik","9":"zalozba-druzina","10":"vezava-mehka","12":"first","13":"instock","14":"taxable","15":"shipping-taxable","16":"purchasable","17":"product-type-simple"},"yoast_head":"<!-- This site is optimized with the Yoast SEO plugin v26.3 - https:\/\/yoast.com\/wordpress\/plugins\/seo\/ -->\n<title>Bo\u0161tjan Brezovnik: Skril me je - trgovina Iskreni<\/title>\n<meta name=\"description\" content=\"Skril me je je pripoved o Doris, ki nas opozarja na pogosto spregledano dejstvo, da travme nasilja razdiralno delujejo tudi na pri\u010de nasilja.\" \/>\n<meta name=\"robots\" content=\"index, follow, max-snippet:-1, max-image-preview:large, max-video-preview:-1\" \/>\n<link rel=\"canonical\" href=\"https:\/\/www.iskreni.net\/trgovina\/product\/skril-me-je\/\" \/>\n<meta property=\"og:locale\" content=\"sl_SI\" \/>\n<meta property=\"og:type\" content=\"article\" \/>\n<meta property=\"og:title\" content=\"Bo\u0161tjan Brezovnik: Skril me je\" \/>\n<meta property=\"og:description\" content=\"Pripoved o Doris, ki nas opozarja na pogosto spregledano dejstvo, da travme nasilja razdiralno delujejo tudi na pri\u010de nasilja.\" \/>\n<meta property=\"og:url\" content=\"https:\/\/www.iskreni.net\/trgovina\/product\/skril-me-je\/\" \/>\n<meta property=\"og:site_name\" content=\"Zavod Iskreni\" \/>\n<meta property=\"article:modified_time\" content=\"2023-10-23T12:21:33+00:00\" \/>\n<meta property=\"og:image\" content=\"https:\/\/www.iskreni.net\/trgovina\/wp-content\/uploads\/2023\/03\/Skril-me-je.jpg\" \/>\n\t<meta property=\"og:image:width\" content=\"600\" \/>\n\t<meta property=\"og:image:height\" content=\"600\" \/>\n\t<meta property=\"og:image:type\" content=\"image\/jpeg\" \/>\n<meta name=\"twitter:card\" content=\"summary_large_image\" \/>\n<meta name=\"twitter:label1\" content=\"Est. reading time\" \/>\n\t<meta name=\"twitter:data1\" content=\"3 minute\" \/>\n<script type=\"application\/ld+json\" class=\"yoast-schema-graph\">{\"@context\":\"https:\/\/schema.org\",\"@graph\":[{\"@type\":\"WebPage\",\"@id\":\"https:\/\/www.iskreni.net\/trgovina\/product\/skril-me-je\/\",\"url\":\"https:\/\/www.iskreni.net\/trgovina\/product\/skril-me-je\/\",\"name\":\"Bo\u0161tjan Brezovnik: Skril me je - trgovina Iskreni\",\"isPartOf\":{\"@id\":\"https:\/\/www.iskreni.net\/trgovina\/#website\"},\"primaryImageOfPage\":{\"@id\":\"https:\/\/www.iskreni.net\/trgovina\/product\/skril-me-je\/#primaryimage\"},\"image\":{\"@id\":\"https:\/\/www.iskreni.net\/trgovina\/product\/skril-me-je\/#primaryimage\"},\"thumbnailUrl\":\"https:\/\/www.iskreni.net\/trgovina\/wp-content\/uploads\/2023\/03\/Skril-me-je.jpg\",\"datePublished\":\"2023-03-16T14:27:43+00:00\",\"dateModified\":\"2023-10-23T12:21:33+00:00\",\"description\":\"Skril me je je pripoved o Doris, ki nas opozarja na pogosto spregledano dejstvo, da travme nasilja razdiralno delujejo tudi na pri\u010de nasilja.\",\"breadcrumb\":{\"@id\":\"https:\/\/www.iskreni.net\/trgovina\/product\/skril-me-je\/#breadcrumb\"},\"inLanguage\":\"sl-SI\",\"potentialAction\":[{\"@type\":\"ReadAction\",\"target\":[\"https:\/\/www.iskreni.net\/trgovina\/product\/skril-me-je\/\"]}]},{\"@type\":\"ImageObject\",\"inLanguage\":\"sl-SI\",\"@id\":\"https:\/\/www.iskreni.net\/trgovina\/product\/skril-me-je\/#primaryimage\",\"url\":\"https:\/\/www.iskreni.net\/trgovina\/wp-content\/uploads\/2023\/03\/Skril-me-je.jpg\",\"contentUrl\":\"https:\/\/www.iskreni.net\/trgovina\/wp-content\/uploads\/2023\/03\/Skril-me-je.jpg\",\"width\":600,\"height\":600},{\"@type\":\"BreadcrumbList\",\"@id\":\"https:\/\/www.iskreni.net\/trgovina\/product\/skril-me-je\/#breadcrumb\",\"itemListElement\":[{\"@type\":\"ListItem\",\"position\":1,\"name\":\"Home\",\"item\":\"https:\/\/www.iskreni.net\/trgovina\/\"},{\"@type\":\"ListItem\",\"position\":2,\"name\":\"Trgovina\",\"item\":\"https:\/\/www.iskreni.net\/trgovina\/trgovina\/\"},{\"@type\":\"ListItem\",\"position\":3,\"name\":\"Skril me je\"}]},{\"@type\":\"WebSite\",\"@id\":\"https:\/\/www.iskreni.net\/trgovina\/#website\",\"url\":\"https:\/\/www.iskreni.net\/trgovina\/\",\"name\":\"Zavod Iskreni\",\"description\":\"trgovina\",\"potentialAction\":[{\"@type\":\"SearchAction\",\"target\":{\"@type\":\"EntryPoint\",\"urlTemplate\":\"https:\/\/www.iskreni.net\/trgovina\/?s={search_term_string}\"},\"query-input\":{\"@type\":\"PropertyValueSpecification\",\"valueRequired\":true,\"valueName\":\"search_term_string\"}}],\"inLanguage\":\"sl-SI\"}]}<\/script>\n<!-- \/ Yoast SEO plugin. -->","yoast_head_json":{"title":"Bo\u0161tjan Brezovnik: Skril me je - trgovina Iskreni","description":"Skril me je je pripoved o Doris, ki nas opozarja na pogosto spregledano dejstvo, da travme nasilja razdiralno delujejo tudi na pri\u010de nasilja.","robots":{"index":"index","follow":"follow","max-snippet":"max-snippet:-1","max-image-preview":"max-image-preview:large","max-video-preview":"max-video-preview:-1"},"canonical":"https:\/\/www.iskreni.net\/trgovina\/product\/skril-me-je\/","og_locale":"sl_SI","og_type":"article","og_title":"Bo\u0161tjan Brezovnik: Skril me je","og_description":"Pripoved o Doris, ki nas opozarja na pogosto spregledano dejstvo, da travme nasilja razdiralno delujejo tudi na pri\u010de nasilja.","og_url":"https:\/\/www.iskreni.net\/trgovina\/product\/skril-me-je\/","og_site_name":"Zavod Iskreni","article_modified_time":"2023-10-23T12:21:33+00:00","og_image":[{"width":600,"height":600,"url":"https:\/\/www.iskreni.net\/trgovina\/wp-content\/uploads\/2023\/03\/Skril-me-je.jpg","type":"image\/jpeg"}],"twitter_card":"summary_large_image","twitter_misc":{"Est. reading time":"3 minute"},"schema":{"@context":"https:\/\/schema.org","@graph":[{"@type":"WebPage","@id":"https:\/\/www.iskreni.net\/trgovina\/product\/skril-me-je\/","url":"https:\/\/www.iskreni.net\/trgovina\/product\/skril-me-je\/","name":"Bo\u0161tjan Brezovnik: Skril me je - trgovina Iskreni","isPartOf":{"@id":"https:\/\/www.iskreni.net\/trgovina\/#website"},"primaryImageOfPage":{"@id":"https:\/\/www.iskreni.net\/trgovina\/product\/skril-me-je\/#primaryimage"},"image":{"@id":"https:\/\/www.iskreni.net\/trgovina\/product\/skril-me-je\/#primaryimage"},"thumbnailUrl":"https:\/\/www.iskreni.net\/trgovina\/wp-content\/uploads\/2023\/03\/Skril-me-je.jpg","datePublished":"2023-03-16T14:27:43+00:00","dateModified":"2023-10-23T12:21:33+00:00","description":"Skril me je je pripoved o Doris, ki nas opozarja na pogosto spregledano dejstvo, da travme nasilja razdiralno delujejo tudi na pri\u010de nasilja.","breadcrumb":{"@id":"https:\/\/www.iskreni.net\/trgovina\/product\/skril-me-je\/#breadcrumb"},"inLanguage":"sl-SI","potentialAction":[{"@type":"ReadAction","target":["https:\/\/www.iskreni.net\/trgovina\/product\/skril-me-je\/"]}]},{"@type":"ImageObject","inLanguage":"sl-SI","@id":"https:\/\/www.iskreni.net\/trgovina\/product\/skril-me-je\/#primaryimage","url":"https:\/\/www.iskreni.net\/trgovina\/wp-content\/uploads\/2023\/03\/Skril-me-je.jpg","contentUrl":"https:\/\/www.iskreni.net\/trgovina\/wp-content\/uploads\/2023\/03\/Skril-me-je.jpg","width":600,"height":600},{"@type":"BreadcrumbList","@id":"https:\/\/www.iskreni.net\/trgovina\/product\/skril-me-je\/#breadcrumb","itemListElement":[{"@type":"ListItem","position":1,"name":"Home","item":"https:\/\/www.iskreni.net\/trgovina\/"},{"@type":"ListItem","position":2,"name":"Trgovina","item":"https:\/\/www.iskreni.net\/trgovina\/trgovina\/"},{"@type":"ListItem","position":3,"name":"Skril me je"}]},{"@type":"WebSite","@id":"https:\/\/www.iskreni.net\/trgovina\/#website","url":"https:\/\/www.iskreni.net\/trgovina\/","name":"Zavod Iskreni","description":"trgovina","potentialAction":[{"@type":"SearchAction","target":{"@type":"EntryPoint","urlTemplate":"https:\/\/www.iskreni.net\/trgovina\/?s={search_term_string}"},"query-input":{"@type":"PropertyValueSpecification","valueRequired":true,"valueName":"search_term_string"}}],"inLanguage":"sl-SI"}]}},"_links":{"self":[{"href":"https:\/\/www.iskreni.net\/trgovina\/wp-json\/wp\/v2\/product\/64976","targetHints":{"allow":["GET"]}}],"collection":[{"href":"https:\/\/www.iskreni.net\/trgovina\/wp-json\/wp\/v2\/product"}],"about":[{"href":"https:\/\/www.iskreni.net\/trgovina\/wp-json\/wp\/v2\/types\/product"}],"replies":[{"embeddable":true,"href":"https:\/\/www.iskreni.net\/trgovina\/wp-json\/wp\/v2\/comments?post=64976"}],"version-history":[{"count":3,"href":"https:\/\/www.iskreni.net\/trgovina\/wp-json\/wp\/v2\/product\/64976\/revisions"}],"predecessor-version":[{"id":70354,"href":"https:\/\/www.iskreni.net\/trgovina\/wp-json\/wp\/v2\/product\/64976\/revisions\/70354"}],"wp:featuredmedia":[{"embeddable":true,"href":"https:\/\/www.iskreni.net\/trgovina\/wp-json\/wp\/v2\/media\/64973"}],"wp:attachment":[{"href":"https:\/\/www.iskreni.net\/trgovina\/wp-json\/wp\/v2\/media?parent=64976"}],"wp:term":[{"taxonomy":"product_brand","embeddable":true,"href":"https:\/\/www.iskreni.net\/trgovina\/wp-json\/wp\/v2\/product_brand?post=64976"},{"taxonomy":"product_cat","embeddable":true,"href":"https:\/\/www.iskreni.net\/trgovina\/wp-json\/wp\/v2\/product_cat?post=64976"},{"taxonomy":"product_tag","embeddable":true,"href":"https:\/\/www.iskreni.net\/trgovina\/wp-json\/wp\/v2\/product_tag?post=64976"},{"taxonomy":"avtor","embeddable":true,"href":"https:\/\/www.iskreni.net\/trgovina\/wp-json\/wp\/v2\/avtor?post=64976"},{"taxonomy":"zalozba","embeddable":true,"href":"https:\/\/www.iskreni.net\/trgovina\/wp-json\/wp\/v2\/zalozba?post=64976"},{"taxonomy":"vezava","embeddable":true,"href":"https:\/\/www.iskreni.net\/trgovina\/wp-json\/wp\/v2\/vezava?post=64976"}],"curies":[{"name":"wp","href":"https:\/\/api.w.org\/{rel}","templated":true}]}}