{"id":64755,"date":"2023-03-09T15:02:40","date_gmt":"2023-03-09T14:02:40","guid":{"rendered":"https:\/\/www.iskreni.net\/trgovina\/?post_type=product&#038;p=64755"},"modified":"2024-01-18T10:03:12","modified_gmt":"2024-01-18T09:03:12","slug":"najbolj-zazelen-otrok-vseh-casov-me-spravlja-ob-pamet","status":"publish","type":"product","link":"https:\/\/www.iskreni.net\/trgovina\/product\/najbolj-zazelen-otrok-vseh-casov-me-spravlja-ob-pamet\/","title":{"rendered":"Najbolj za\u017eelen otrok vseh \u010dasov me spravlja ob pamet"},"content":{"rendered":"<h4>O knjigi\u00a0<em>Najbolj za\u017eelen otrok vseh \u010dasov me spravlja ob pamet: naj vas obdobje trme ne iztiri<br \/>\n<\/em><\/h4>\n<p>Ko son\u010dek vr\u017ee kro\u017enik na tla \u2026 Ali otrok NIKOLI no\u010de v posteljo? Se bojite stopni\u0161\u010d? Je \u010das dru\u017einskih obrokov za vas no\u010dna mora?<\/p>\n<p>Dragi star\u0161i, preden se vam zme\u0161a, vzemite v roke to knjigo. Avtorici najve\u010djega nem\u0161kega bloga za star\u0161e vas bosta nau\u010dili, kako v enem koraku umirite sebe in otroka. Osebne zgodbe in konkretni nasveti za te\u017eke primere so pravi balzam za du\u0161o razdra\u017eenih star\u0161ev.<\/p>\n<p>Otrok shodi in \u017ee stremi po avtonomiji. Spremeni se v malega togotne\u017ea, trmi in kljubovanju pa ni videti ne konca ne kraja. Star\u0161i pri tem obi\u010dajno pose\u017eejo po zastarelih pristopih, zaradi katerih se z otroki znajdejo na nasprotnih bregovih in nih\u010de ne popusti niti za milimeter. Avtorici s \u0161tevilnimi primeri iz vsakdanjega \u017eivljenja in znanstvenimi dognanji poka\u017eeta, kako v dru\u017eino spet vnesemo dobro voljo. Star\u0161e spodbujata, naj zakorakajo na novo pot. Pot, ki ne temelji na pogojevanju, utesnjujo\u010dih mejah in neizprosnih posledicah. Obdobje trme je pomembno razvojno obdobje in bolje bo, \u010de boste pluli s tokom kot proti njemu.<\/p>\n<p><em>\u00bb\u010cudovit priro\u010dnik za spro\u0161\u010deno star\u0161evstvo.\u00ab<\/em> &#8211; Bild<\/p>\n<p><em>\u00bbKot socialna pedagoginja lahko to knjigo priporo\u010dim VSAKOMUR, ki ima opravka z otroki, zlasti z mal\u010dki. Brez \u017euganja s prstom ponuja \u010dudovite in koristne nasvete. \u010ce se bomo tako vedli do otrok in jih razumeli, me ne skrbi za naslednjo generacijo. In to bo na\u0161a zasluga.\u00ab<\/em> &#8211; Mayl90<\/p>\n<p>Avtorici Katja Seide in Danielle Graf ustvarjata v Nem\u010diji izjemno priljubljen blog <em>\u00bbNajbolj za\u017eelen otrok vseh \u010dasov me spravlja ob pamet\u00ab<\/em>, ki ga je obiskalo \u017ee na milijone bralcev. \u017divita v Berlinu in skupno imata pet otrok v razcvetu trme. Katja Seide je specialna pedagoginja, Danielle Graf pa pravna ekonomistka. Bralci bloga so ju \u017ee ve\u010dkrat prosili, naj napi\u0161eta knjigo. Kon\u010dno sta jih usli\u0161ali.<\/p>\n<p>&nbsp;<\/p>\n<p>&nbsp;<\/p>\n","protected":false},"excerpt":{"rendered":"<p><strong>\u0160tevilo strani<\/strong>: 234<br \/>\n<strong>Leto izdaje:<\/strong> 2023<br \/>\n<strong>Mere:<\/strong> 23 x 15 cm<\/p>\n","protected":false},"featured_media":64565,"comment_status":"open","ping_status":"closed","template":"","meta":[],"product_brand":[],"product_cat":[2323,63],"product_tag":[1633],"avtor":[2678,2679],"zalozba":[2316],"vezava":[2307],"class_list":{"0":"post-64755","1":"product","2":"type-product","3":"status-publish","4":"has-post-thumbnail","6":"product_cat-vzgoja","7":"product_cat-knjige","8":"product_tag-prirocnik","9":"avtor-danielle-graf","10":"avtor-katja-seide","11":"zalozba-didakta","12":"vezava-mehka","14":"first","15":"instock","16":"taxable","17":"shipping-taxable","18":"purchasable","19":"product-type-simple"},"yoast_head":"<!-- This site is optimized with the Yoast SEO plugin v26.3 - https:\/\/yoast.com\/wordpress\/plugins\/seo\/ -->\n<title>Najbolj za\u017eelen otrok vseh \u010dasov me spravlja ob pamet - trgovina Iskreni<\/title>\n<meta name=\"description\" content=\"Najbolj za\u017eelen otrok vseh \u010dasov me spravlja ob pamet je knjiga za vse star\u0161e, ki se \u017eelijo nau\u010diti umiriti sebe in otroka.\" \/>\n<meta name=\"robots\" content=\"index, follow, max-snippet:-1, max-image-preview:large, max-video-preview:-1\" \/>\n<link rel=\"canonical\" href=\"https:\/\/www.iskreni.net\/trgovina\/product\/najbolj-zazelen-otrok-vseh-casov-me-spravlja-ob-pamet\/\" \/>\n<meta property=\"og:locale\" content=\"sl_SI\" \/>\n<meta property=\"og:type\" content=\"article\" \/>\n<meta property=\"og:title\" content=\"Najbolj za\u017eelen otrok vseh \u010dasov me spravlja ob pamet\" \/>\n<meta property=\"og:description\" content=\"Najbolj za\u017eelen otrok vseh \u010dasov me spravlja ob pamet je knjiga za vse star\u0161e, ki se \u017eelijo nau\u010diti umiriti sebe in otroka.\" \/>\n<meta property=\"og:url\" content=\"https:\/\/www.iskreni.net\/trgovina\/product\/najbolj-zazelen-otrok-vseh-casov-me-spravlja-ob-pamet\/\" \/>\n<meta property=\"og:site_name\" content=\"Zavod Iskreni\" \/>\n<meta property=\"article:modified_time\" content=\"2024-01-18T09:03:12+00:00\" \/>\n<meta property=\"og:image\" content=\"https:\/\/www.iskreni.net\/trgovina\/wp-content\/uploads\/2023\/03\/Slike-za-v-spletno-trgovino-47.jpg\" \/>\n\t<meta property=\"og:image:width\" content=\"600\" \/>\n\t<meta property=\"og:image:height\" content=\"600\" \/>\n\t<meta property=\"og:image:type\" content=\"image\/jpeg\" \/>\n<meta name=\"twitter:card\" content=\"summary_large_image\" \/>\n<meta name=\"twitter:label1\" content=\"Est. reading time\" \/>\n\t<meta name=\"twitter:data1\" content=\"2 minuti\" \/>\n<script type=\"application\/ld+json\" class=\"yoast-schema-graph\">{\"@context\":\"https:\/\/schema.org\",\"@graph\":[{\"@type\":\"WebPage\",\"@id\":\"https:\/\/www.iskreni.net\/trgovina\/product\/najbolj-zazelen-otrok-vseh-casov-me-spravlja-ob-pamet\/\",\"url\":\"https:\/\/www.iskreni.net\/trgovina\/product\/najbolj-zazelen-otrok-vseh-casov-me-spravlja-ob-pamet\/\",\"name\":\"Najbolj za\u017eelen otrok vseh \u010dasov me spravlja ob pamet - trgovina Iskreni\",\"isPartOf\":{\"@id\":\"https:\/\/www.iskreni.net\/trgovina\/#website\"},\"primaryImageOfPage\":{\"@id\":\"https:\/\/www.iskreni.net\/trgovina\/product\/najbolj-zazelen-otrok-vseh-casov-me-spravlja-ob-pamet\/#primaryimage\"},\"image\":{\"@id\":\"https:\/\/www.iskreni.net\/trgovina\/product\/najbolj-zazelen-otrok-vseh-casov-me-spravlja-ob-pamet\/#primaryimage\"},\"thumbnailUrl\":\"https:\/\/www.iskreni.net\/trgovina\/wp-content\/uploads\/2023\/03\/Slike-za-v-spletno-trgovino-47.jpg\",\"datePublished\":\"2023-03-09T14:02:40+00:00\",\"dateModified\":\"2024-01-18T09:03:12+00:00\",\"description\":\"Najbolj za\u017eelen otrok vseh \u010dasov me spravlja ob pamet je knjiga za vse star\u0161e, ki se \u017eelijo nau\u010diti umiriti sebe in otroka.\",\"breadcrumb\":{\"@id\":\"https:\/\/www.iskreni.net\/trgovina\/product\/najbolj-zazelen-otrok-vseh-casov-me-spravlja-ob-pamet\/#breadcrumb\"},\"inLanguage\":\"sl-SI\",\"potentialAction\":[{\"@type\":\"ReadAction\",\"target\":[\"https:\/\/www.iskreni.net\/trgovina\/product\/najbolj-zazelen-otrok-vseh-casov-me-spravlja-ob-pamet\/\"]}]},{\"@type\":\"ImageObject\",\"inLanguage\":\"sl-SI\",\"@id\":\"https:\/\/www.iskreni.net\/trgovina\/product\/najbolj-zazelen-otrok-vseh-casov-me-spravlja-ob-pamet\/#primaryimage\",\"url\":\"https:\/\/www.iskreni.net\/trgovina\/wp-content\/uploads\/2023\/03\/Slike-za-v-spletno-trgovino-47.jpg\",\"contentUrl\":\"https:\/\/www.iskreni.net\/trgovina\/wp-content\/uploads\/2023\/03\/Slike-za-v-spletno-trgovino-47.jpg\",\"width\":600,\"height\":600},{\"@type\":\"BreadcrumbList\",\"@id\":\"https:\/\/www.iskreni.net\/trgovina\/product\/najbolj-zazelen-otrok-vseh-casov-me-spravlja-ob-pamet\/#breadcrumb\",\"itemListElement\":[{\"@type\":\"ListItem\",\"position\":1,\"name\":\"Home\",\"item\":\"https:\/\/www.iskreni.net\/trgovina\/\"},{\"@type\":\"ListItem\",\"position\":2,\"name\":\"Trgovina\",\"item\":\"https:\/\/www.iskreni.net\/trgovina\/trgovina\/\"},{\"@type\":\"ListItem\",\"position\":3,\"name\":\"Najbolj za\u017eelen otrok vseh \u010dasov me spravlja ob pamet\"}]},{\"@type\":\"WebSite\",\"@id\":\"https:\/\/www.iskreni.net\/trgovina\/#website\",\"url\":\"https:\/\/www.iskreni.net\/trgovina\/\",\"name\":\"Zavod Iskreni\",\"description\":\"trgovina\",\"potentialAction\":[{\"@type\":\"SearchAction\",\"target\":{\"@type\":\"EntryPoint\",\"urlTemplate\":\"https:\/\/www.iskreni.net\/trgovina\/?s={search_term_string}\"},\"query-input\":{\"@type\":\"PropertyValueSpecification\",\"valueRequired\":true,\"valueName\":\"search_term_string\"}}],\"inLanguage\":\"sl-SI\"}]}<\/script>\n<!-- \/ Yoast SEO plugin. -->","yoast_head_json":{"title":"Najbolj za\u017eelen otrok vseh \u010dasov me spravlja ob pamet - trgovina Iskreni","description":"Najbolj za\u017eelen otrok vseh \u010dasov me spravlja ob pamet je knjiga za vse star\u0161e, ki se \u017eelijo nau\u010diti umiriti sebe in otroka.","robots":{"index":"index","follow":"follow","max-snippet":"max-snippet:-1","max-image-preview":"max-image-preview:large","max-video-preview":"max-video-preview:-1"},"canonical":"https:\/\/www.iskreni.net\/trgovina\/product\/najbolj-zazelen-otrok-vseh-casov-me-spravlja-ob-pamet\/","og_locale":"sl_SI","og_type":"article","og_title":"Najbolj za\u017eelen otrok vseh \u010dasov me spravlja ob pamet","og_description":"Najbolj za\u017eelen otrok vseh \u010dasov me spravlja ob pamet je knjiga za vse star\u0161e, ki se \u017eelijo nau\u010diti umiriti sebe in otroka.","og_url":"https:\/\/www.iskreni.net\/trgovina\/product\/najbolj-zazelen-otrok-vseh-casov-me-spravlja-ob-pamet\/","og_site_name":"Zavod Iskreni","article_modified_time":"2024-01-18T09:03:12+00:00","og_image":[{"width":600,"height":600,"url":"https:\/\/www.iskreni.net\/trgovina\/wp-content\/uploads\/2023\/03\/Slike-za-v-spletno-trgovino-47.jpg","type":"image\/jpeg"}],"twitter_card":"summary_large_image","twitter_misc":{"Est. reading time":"2 minuti"},"schema":{"@context":"https:\/\/schema.org","@graph":[{"@type":"WebPage","@id":"https:\/\/www.iskreni.net\/trgovina\/product\/najbolj-zazelen-otrok-vseh-casov-me-spravlja-ob-pamet\/","url":"https:\/\/www.iskreni.net\/trgovina\/product\/najbolj-zazelen-otrok-vseh-casov-me-spravlja-ob-pamet\/","name":"Najbolj za\u017eelen otrok vseh \u010dasov me spravlja ob pamet - trgovina Iskreni","isPartOf":{"@id":"https:\/\/www.iskreni.net\/trgovina\/#website"},"primaryImageOfPage":{"@id":"https:\/\/www.iskreni.net\/trgovina\/product\/najbolj-zazelen-otrok-vseh-casov-me-spravlja-ob-pamet\/#primaryimage"},"image":{"@id":"https:\/\/www.iskreni.net\/trgovina\/product\/najbolj-zazelen-otrok-vseh-casov-me-spravlja-ob-pamet\/#primaryimage"},"thumbnailUrl":"https:\/\/www.iskreni.net\/trgovina\/wp-content\/uploads\/2023\/03\/Slike-za-v-spletno-trgovino-47.jpg","datePublished":"2023-03-09T14:02:40+00:00","dateModified":"2024-01-18T09:03:12+00:00","description":"Najbolj za\u017eelen otrok vseh \u010dasov me spravlja ob pamet je knjiga za vse star\u0161e, ki se \u017eelijo nau\u010diti umiriti sebe in otroka.","breadcrumb":{"@id":"https:\/\/www.iskreni.net\/trgovina\/product\/najbolj-zazelen-otrok-vseh-casov-me-spravlja-ob-pamet\/#breadcrumb"},"inLanguage":"sl-SI","potentialAction":[{"@type":"ReadAction","target":["https:\/\/www.iskreni.net\/trgovina\/product\/najbolj-zazelen-otrok-vseh-casov-me-spravlja-ob-pamet\/"]}]},{"@type":"ImageObject","inLanguage":"sl-SI","@id":"https:\/\/www.iskreni.net\/trgovina\/product\/najbolj-zazelen-otrok-vseh-casov-me-spravlja-ob-pamet\/#primaryimage","url":"https:\/\/www.iskreni.net\/trgovina\/wp-content\/uploads\/2023\/03\/Slike-za-v-spletno-trgovino-47.jpg","contentUrl":"https:\/\/www.iskreni.net\/trgovina\/wp-content\/uploads\/2023\/03\/Slike-za-v-spletno-trgovino-47.jpg","width":600,"height":600},{"@type":"BreadcrumbList","@id":"https:\/\/www.iskreni.net\/trgovina\/product\/najbolj-zazelen-otrok-vseh-casov-me-spravlja-ob-pamet\/#breadcrumb","itemListElement":[{"@type":"ListItem","position":1,"name":"Home","item":"https:\/\/www.iskreni.net\/trgovina\/"},{"@type":"ListItem","position":2,"name":"Trgovina","item":"https:\/\/www.iskreni.net\/trgovina\/trgovina\/"},{"@type":"ListItem","position":3,"name":"Najbolj za\u017eelen otrok vseh \u010dasov me spravlja ob pamet"}]},{"@type":"WebSite","@id":"https:\/\/www.iskreni.net\/trgovina\/#website","url":"https:\/\/www.iskreni.net\/trgovina\/","name":"Zavod Iskreni","description":"trgovina","potentialAction":[{"@type":"SearchAction","target":{"@type":"EntryPoint","urlTemplate":"https:\/\/www.iskreni.net\/trgovina\/?s={search_term_string}"},"query-input":{"@type":"PropertyValueSpecification","valueRequired":true,"valueName":"search_term_string"}}],"inLanguage":"sl-SI"}]}},"_links":{"self":[{"href":"https:\/\/www.iskreni.net\/trgovina\/wp-json\/wp\/v2\/product\/64755","targetHints":{"allow":["GET"]}}],"collection":[{"href":"https:\/\/www.iskreni.net\/trgovina\/wp-json\/wp\/v2\/product"}],"about":[{"href":"https:\/\/www.iskreni.net\/trgovina\/wp-json\/wp\/v2\/types\/product"}],"replies":[{"embeddable":true,"href":"https:\/\/www.iskreni.net\/trgovina\/wp-json\/wp\/v2\/comments?post=64755"}],"version-history":[{"count":4,"href":"https:\/\/www.iskreni.net\/trgovina\/wp-json\/wp\/v2\/product\/64755\/revisions"}],"predecessor-version":[{"id":72657,"href":"https:\/\/www.iskreni.net\/trgovina\/wp-json\/wp\/v2\/product\/64755\/revisions\/72657"}],"wp:featuredmedia":[{"embeddable":true,"href":"https:\/\/www.iskreni.net\/trgovina\/wp-json\/wp\/v2\/media\/64565"}],"wp:attachment":[{"href":"https:\/\/www.iskreni.net\/trgovina\/wp-json\/wp\/v2\/media?parent=64755"}],"wp:term":[{"taxonomy":"product_brand","embeddable":true,"href":"https:\/\/www.iskreni.net\/trgovina\/wp-json\/wp\/v2\/product_brand?post=64755"},{"taxonomy":"product_cat","embeddable":true,"href":"https:\/\/www.iskreni.net\/trgovina\/wp-json\/wp\/v2\/product_cat?post=64755"},{"taxonomy":"product_tag","embeddable":true,"href":"https:\/\/www.iskreni.net\/trgovina\/wp-json\/wp\/v2\/product_tag?post=64755"},{"taxonomy":"avtor","embeddable":true,"href":"https:\/\/www.iskreni.net\/trgovina\/wp-json\/wp\/v2\/avtor?post=64755"},{"taxonomy":"zalozba","embeddable":true,"href":"https:\/\/www.iskreni.net\/trgovina\/wp-json\/wp\/v2\/zalozba?post=64755"},{"taxonomy":"vezava","embeddable":true,"href":"https:\/\/www.iskreni.net\/trgovina\/wp-json\/wp\/v2\/vezava?post=64755"}],"curies":[{"name":"wp","href":"https:\/\/api.w.org\/{rel}","templated":true}]}}