{"id":64184,"date":"2023-02-22T15:20:43","date_gmt":"2023-02-22T14:20:43","guid":{"rendered":"https:\/\/www.iskreni.net\/trgovina\/?post_type=product&#038;p=64184"},"modified":"2023-10-19T14:32:26","modified_gmt":"2023-10-19T12:32:26","slug":"agica-bagica","status":"publish","type":"product","link":"https:\/\/www.iskreni.net\/trgovina\/product\/agica-bagica\/","title":{"rendered":"Agica Bagica"},"content":{"rendered":"<h3 id=\"anchor-o-izdelku\" class=\"title\">O knjigi\u00a0<em>Agica Bagica<\/em><\/h3>\n<p><em>Z veliko \u017elico na gradbi\u0161\u010de najlep\u0161ih otro\u0161kih spominov<\/em><\/p>\n<p>Hudomu\u0161ne zgodbice iz otro\u0161kega \u017eivljenja gradbenih strojev pripoveduje mini bager po imenu Agi. Otroci, ki jih zanimajo raznovrstni stroji in naprave, z navdu\u0161enjem spremljajo njegove dogodiv\u0161\u010dine. Zdaj pa je na Agijevo dru\u017einsko gradbi\u0161\u010de pri\u0161la \u0161e sestrica Agica ter svet otro\u0161ke domi\u0161ljije in odra\u0161\u010danja obsijala kot malo rumeno sonce.<\/p>\n<p>V Gradbeni ulici Zidanega Dola \u017eivi mini bager Agi. Njegov o\u010de je sne\u017eni plug, mama pa \u017eerjav. Agijeva sestrica je sijo\u010de rumene barve in vedno dobre volje. Je nasmejana, okrogla in prijazna, za povrhu vsega pa \u0161e silno spretna in ravno prav navihana. V\u010dasih ji re\u010dejo son\u010dek, obi\u010dajno pa kar Agica Bagica. Tudi \u010de ti gre mala sestrica kdaj na \u017eivce, jo preprosto mora\u0161 imeti rad. Agi in Agica se znova odpravljata v ganljive, hudomu\u0161ne in v\u010dasih tudi malo nevarne pustolov\u0161\u010dine \u2026<br \/>\nZgodbice pravzaprav govorijo o resni\u010dnem de\u010dku, ki je tako zelo ob\u010dudoval stroje, da si je tudi sam \u017eelel postati eden izmed njih. V brezmejni domi\u0161ljiji si je tako pri\u010daral dru\u017eino samih gradbenih strojev in njegovi domi\u0161ljijski liki so leta pozneje za\u017eiveli zdaj \u017ee v drugi slikanici.<\/p>\n<div id=\"tab-opis_tab\" class=\"tab-pane active\">\n<p><a href=\"https:\/\/www.iskreni.net\/trgovina\/wp-content\/uploads\/2023\/02\/Srna-Majda-2023-Agica-Bagica-PL.pdf\">Prelistaj<\/a><\/p>\n<p>&nbsp;<\/p>\n<\/div>\n","protected":false},"excerpt":{"rendered":"<div id=\"tab-opis_tab\" class=\"tab-pane active\">\n<p><strong>Ilustracije: <\/strong>Andreja Srna<strong><br \/>\n<\/strong><strong>Leto izdaje:<\/strong> 2023<br \/>\n<strong>\u0160tevilo strani:<\/strong> 32<br \/>\n<strong>Format:<\/strong> 240 x 280 mm<\/p>\n<p><a href=\"https:\/\/www.iskreni.net\/trgovina\/wp-content\/uploads\/2023\/02\/Srna-Majda-2023-Agica-Bagica-PL.pdf\">Prelistaj<\/a><\/p>\n<\/div>\n","protected":false},"featured_media":64182,"comment_status":"open","ping_status":"closed","template":"","meta":[],"product_brand":[],"product_cat":[63,135],"product_tag":[],"avtor":[2497],"zalozba":[2337],"vezava":[2306],"class_list":{"0":"post-64184","1":"product","2":"type-product","3":"status-publish","4":"has-post-thumbnail","6":"product_cat-knjige","7":"product_cat-za-otroke","8":"avtor-majda-srna","9":"zalozba-celjska-mohorjeva-druzba","10":"vezava-trda","12":"first","13":"instock","14":"taxable","15":"shipping-taxable","16":"purchasable","17":"product-type-simple"},"yoast_head":"<!-- This site is optimized with the Yoast SEO plugin v26.3 - https:\/\/yoast.com\/wordpress\/plugins\/seo\/ -->\n<title>Agica Bagica - trgovina Iskreni<\/title>\n<meta name=\"description\" content=\"Agica Bagica nam prina\u0161a hudomu\u0161ne zgodbice iz otro\u0161kega \u017eivljenja gradbenih strojev, ki jih pripoveduje mini bager po imenu Agi.\" \/>\n<meta name=\"robots\" content=\"index, follow, max-snippet:-1, max-image-preview:large, max-video-preview:-1\" \/>\n<link rel=\"canonical\" href=\"https:\/\/www.iskreni.net\/trgovina\/product\/agica-bagica\/\" \/>\n<meta property=\"og:locale\" content=\"sl_SI\" \/>\n<meta property=\"og:type\" content=\"article\" \/>\n<meta property=\"og:title\" content=\"Agica Bagica\" \/>\n<meta property=\"og:description\" content=\"Agica Bagica nam prina\u0161a hudomu\u0161ne zgodbice iz otro\u0161kega \u017eivljenja gradbenih strojev, ki jih pripoveduje mini bager po imenu Agi.\" \/>\n<meta property=\"og:url\" content=\"https:\/\/www.iskreni.net\/trgovina\/product\/agica-bagica\/\" \/>\n<meta property=\"og:site_name\" content=\"Zavod Iskreni\" \/>\n<meta property=\"article:modified_time\" content=\"2023-10-19T12:32:26+00:00\" \/>\n<meta property=\"og:image\" content=\"https:\/\/www.iskreni.net\/trgovina\/wp-content\/uploads\/2023\/02\/Slike-za-v-spletno-trgovino5.jpg\" \/>\n\t<meta property=\"og:image:width\" content=\"600\" \/>\n\t<meta property=\"og:image:height\" content=\"600\" \/>\n\t<meta property=\"og:image:type\" content=\"image\/jpeg\" \/>\n<meta name=\"twitter:card\" content=\"summary_large_image\" \/>\n<meta name=\"twitter:label1\" content=\"Est. reading time\" \/>\n\t<meta name=\"twitter:data1\" content=\"2 minuti\" \/>\n<script type=\"application\/ld+json\" class=\"yoast-schema-graph\">{\"@context\":\"https:\/\/schema.org\",\"@graph\":[{\"@type\":\"WebPage\",\"@id\":\"https:\/\/www.iskreni.net\/trgovina\/product\/agica-bagica\/\",\"url\":\"https:\/\/www.iskreni.net\/trgovina\/product\/agica-bagica\/\",\"name\":\"Agica Bagica - trgovina Iskreni\",\"isPartOf\":{\"@id\":\"https:\/\/www.iskreni.net\/trgovina\/#website\"},\"primaryImageOfPage\":{\"@id\":\"https:\/\/www.iskreni.net\/trgovina\/product\/agica-bagica\/#primaryimage\"},\"image\":{\"@id\":\"https:\/\/www.iskreni.net\/trgovina\/product\/agica-bagica\/#primaryimage\"},\"thumbnailUrl\":\"https:\/\/www.iskreni.net\/trgovina\/wp-content\/uploads\/2023\/02\/Slike-za-v-spletno-trgovino5.jpg\",\"datePublished\":\"2023-02-22T14:20:43+00:00\",\"dateModified\":\"2023-10-19T12:32:26+00:00\",\"description\":\"Agica Bagica nam prina\u0161a hudomu\u0161ne zgodbice iz otro\u0161kega \u017eivljenja gradbenih strojev, ki jih pripoveduje mini bager po imenu Agi.\",\"breadcrumb\":{\"@id\":\"https:\/\/www.iskreni.net\/trgovina\/product\/agica-bagica\/#breadcrumb\"},\"inLanguage\":\"sl-SI\",\"potentialAction\":[{\"@type\":\"ReadAction\",\"target\":[\"https:\/\/www.iskreni.net\/trgovina\/product\/agica-bagica\/\"]}]},{\"@type\":\"ImageObject\",\"inLanguage\":\"sl-SI\",\"@id\":\"https:\/\/www.iskreni.net\/trgovina\/product\/agica-bagica\/#primaryimage\",\"url\":\"https:\/\/www.iskreni.net\/trgovina\/wp-content\/uploads\/2023\/02\/Slike-za-v-spletno-trgovino5.jpg\",\"contentUrl\":\"https:\/\/www.iskreni.net\/trgovina\/wp-content\/uploads\/2023\/02\/Slike-za-v-spletno-trgovino5.jpg\",\"width\":600,\"height\":600},{\"@type\":\"BreadcrumbList\",\"@id\":\"https:\/\/www.iskreni.net\/trgovina\/product\/agica-bagica\/#breadcrumb\",\"itemListElement\":[{\"@type\":\"ListItem\",\"position\":1,\"name\":\"Home\",\"item\":\"https:\/\/www.iskreni.net\/trgovina\/\"},{\"@type\":\"ListItem\",\"position\":2,\"name\":\"Trgovina\",\"item\":\"https:\/\/www.iskreni.net\/trgovina\/trgovina\/\"},{\"@type\":\"ListItem\",\"position\":3,\"name\":\"Agica Bagica\"}]},{\"@type\":\"WebSite\",\"@id\":\"https:\/\/www.iskreni.net\/trgovina\/#website\",\"url\":\"https:\/\/www.iskreni.net\/trgovina\/\",\"name\":\"Zavod Iskreni\",\"description\":\"trgovina\",\"potentialAction\":[{\"@type\":\"SearchAction\",\"target\":{\"@type\":\"EntryPoint\",\"urlTemplate\":\"https:\/\/www.iskreni.net\/trgovina\/?s={search_term_string}\"},\"query-input\":{\"@type\":\"PropertyValueSpecification\",\"valueRequired\":true,\"valueName\":\"search_term_string\"}}],\"inLanguage\":\"sl-SI\"}]}<\/script>\n<!-- \/ Yoast SEO plugin. -->","yoast_head_json":{"title":"Agica Bagica - trgovina Iskreni","description":"Agica Bagica nam prina\u0161a hudomu\u0161ne zgodbice iz otro\u0161kega \u017eivljenja gradbenih strojev, ki jih pripoveduje mini bager po imenu Agi.","robots":{"index":"index","follow":"follow","max-snippet":"max-snippet:-1","max-image-preview":"max-image-preview:large","max-video-preview":"max-video-preview:-1"},"canonical":"https:\/\/www.iskreni.net\/trgovina\/product\/agica-bagica\/","og_locale":"sl_SI","og_type":"article","og_title":"Agica Bagica","og_description":"Agica Bagica nam prina\u0161a hudomu\u0161ne zgodbice iz otro\u0161kega \u017eivljenja gradbenih strojev, ki jih pripoveduje mini bager po imenu Agi.","og_url":"https:\/\/www.iskreni.net\/trgovina\/product\/agica-bagica\/","og_site_name":"Zavod Iskreni","article_modified_time":"2023-10-19T12:32:26+00:00","og_image":[{"width":600,"height":600,"url":"https:\/\/www.iskreni.net\/trgovina\/wp-content\/uploads\/2023\/02\/Slike-za-v-spletno-trgovino5.jpg","type":"image\/jpeg"}],"twitter_card":"summary_large_image","twitter_misc":{"Est. reading time":"2 minuti"},"schema":{"@context":"https:\/\/schema.org","@graph":[{"@type":"WebPage","@id":"https:\/\/www.iskreni.net\/trgovina\/product\/agica-bagica\/","url":"https:\/\/www.iskreni.net\/trgovina\/product\/agica-bagica\/","name":"Agica Bagica - trgovina Iskreni","isPartOf":{"@id":"https:\/\/www.iskreni.net\/trgovina\/#website"},"primaryImageOfPage":{"@id":"https:\/\/www.iskreni.net\/trgovina\/product\/agica-bagica\/#primaryimage"},"image":{"@id":"https:\/\/www.iskreni.net\/trgovina\/product\/agica-bagica\/#primaryimage"},"thumbnailUrl":"https:\/\/www.iskreni.net\/trgovina\/wp-content\/uploads\/2023\/02\/Slike-za-v-spletno-trgovino5.jpg","datePublished":"2023-02-22T14:20:43+00:00","dateModified":"2023-10-19T12:32:26+00:00","description":"Agica Bagica nam prina\u0161a hudomu\u0161ne zgodbice iz otro\u0161kega \u017eivljenja gradbenih strojev, ki jih pripoveduje mini bager po imenu Agi.","breadcrumb":{"@id":"https:\/\/www.iskreni.net\/trgovina\/product\/agica-bagica\/#breadcrumb"},"inLanguage":"sl-SI","potentialAction":[{"@type":"ReadAction","target":["https:\/\/www.iskreni.net\/trgovina\/product\/agica-bagica\/"]}]},{"@type":"ImageObject","inLanguage":"sl-SI","@id":"https:\/\/www.iskreni.net\/trgovina\/product\/agica-bagica\/#primaryimage","url":"https:\/\/www.iskreni.net\/trgovina\/wp-content\/uploads\/2023\/02\/Slike-za-v-spletno-trgovino5.jpg","contentUrl":"https:\/\/www.iskreni.net\/trgovina\/wp-content\/uploads\/2023\/02\/Slike-za-v-spletno-trgovino5.jpg","width":600,"height":600},{"@type":"BreadcrumbList","@id":"https:\/\/www.iskreni.net\/trgovina\/product\/agica-bagica\/#breadcrumb","itemListElement":[{"@type":"ListItem","position":1,"name":"Home","item":"https:\/\/www.iskreni.net\/trgovina\/"},{"@type":"ListItem","position":2,"name":"Trgovina","item":"https:\/\/www.iskreni.net\/trgovina\/trgovina\/"},{"@type":"ListItem","position":3,"name":"Agica Bagica"}]},{"@type":"WebSite","@id":"https:\/\/www.iskreni.net\/trgovina\/#website","url":"https:\/\/www.iskreni.net\/trgovina\/","name":"Zavod Iskreni","description":"trgovina","potentialAction":[{"@type":"SearchAction","target":{"@type":"EntryPoint","urlTemplate":"https:\/\/www.iskreni.net\/trgovina\/?s={search_term_string}"},"query-input":{"@type":"PropertyValueSpecification","valueRequired":true,"valueName":"search_term_string"}}],"inLanguage":"sl-SI"}]}},"_links":{"self":[{"href":"https:\/\/www.iskreni.net\/trgovina\/wp-json\/wp\/v2\/product\/64184","targetHints":{"allow":["GET"]}}],"collection":[{"href":"https:\/\/www.iskreni.net\/trgovina\/wp-json\/wp\/v2\/product"}],"about":[{"href":"https:\/\/www.iskreni.net\/trgovina\/wp-json\/wp\/v2\/types\/product"}],"replies":[{"embeddable":true,"href":"https:\/\/www.iskreni.net\/trgovina\/wp-json\/wp\/v2\/comments?post=64184"}],"version-history":[{"count":4,"href":"https:\/\/www.iskreni.net\/trgovina\/wp-json\/wp\/v2\/product\/64184\/revisions"}],"predecessor-version":[{"id":70111,"href":"https:\/\/www.iskreni.net\/trgovina\/wp-json\/wp\/v2\/product\/64184\/revisions\/70111"}],"wp:featuredmedia":[{"embeddable":true,"href":"https:\/\/www.iskreni.net\/trgovina\/wp-json\/wp\/v2\/media\/64182"}],"wp:attachment":[{"href":"https:\/\/www.iskreni.net\/trgovina\/wp-json\/wp\/v2\/media?parent=64184"}],"wp:term":[{"taxonomy":"product_brand","embeddable":true,"href":"https:\/\/www.iskreni.net\/trgovina\/wp-json\/wp\/v2\/product_brand?post=64184"},{"taxonomy":"product_cat","embeddable":true,"href":"https:\/\/www.iskreni.net\/trgovina\/wp-json\/wp\/v2\/product_cat?post=64184"},{"taxonomy":"product_tag","embeddable":true,"href":"https:\/\/www.iskreni.net\/trgovina\/wp-json\/wp\/v2\/product_tag?post=64184"},{"taxonomy":"avtor","embeddable":true,"href":"https:\/\/www.iskreni.net\/trgovina\/wp-json\/wp\/v2\/avtor?post=64184"},{"taxonomy":"zalozba","embeddable":true,"href":"https:\/\/www.iskreni.net\/trgovina\/wp-json\/wp\/v2\/zalozba?post=64184"},{"taxonomy":"vezava","embeddable":true,"href":"https:\/\/www.iskreni.net\/trgovina\/wp-json\/wp\/v2\/vezava?post=64184"}],"curies":[{"name":"wp","href":"https:\/\/api.w.org\/{rel}","templated":true}]}}