{"id":64177,"date":"2023-02-22T15:19:13","date_gmt":"2023-02-22T14:19:13","guid":{"rendered":"https:\/\/www.iskreni.net\/trgovina\/?post_type=product&#038;p=64177"},"modified":"2023-10-19T14:31:57","modified_gmt":"2023-10-19T12:31:57","slug":"kaj-pa-ce-me-pogoltne-kit","status":"publish","type":"product","link":"https:\/\/www.iskreni.net\/trgovina\/product\/kaj-pa-ce-me-pogoltne-kit\/","title":{"rendered":"Kaj pa, \u010de me pogoltne kit?"},"content":{"rendered":"<h3 id=\"anchor-o-izdelku\" class=\"title\">O knjigi\u00a0<em>Kaj pa, \u010de me pogoltne kit?<\/em><\/h3>\n<p><em>Hrome\u010de skrbi spremenimo v najlep\u0161a pri\u010dakovanja<\/em><\/p>\n<p>De\u010dek Martin ima neverjetno bujno domi\u0161ljijo: zami\u0161lja si vse mogo\u010de stra\u0161ne stvari, ki se mu lahko pripetijo, in od silnih skrbi trepeta kot \u0161iba na vodi. V mislih si predstavlja, da se na \u0161olskem izletu izgubi, da ga ugrabijo gusarji in da ga po\u017ere kit. Namesto da bi ga kot ponavadi pomirila na obi\u010dajen na\u010din, njegova mamica Martinove skrbi tokrat obrne na glavo: kaj pa, \u010de ga \u010dakajo same \u010dudovite dogodiv\u0161\u010dine?<\/p>\n<p>Peta slovenska knjiga priljubljenega in uspe\u0161nega \u0161panskega (katalonskega) dvojca, pisateljice Susanne Isern in ilustratorke Rocio Bonilla, ponovno prihaja v veliko pomo\u010d mladim bralcem in njihovim star\u0161em, saj oboje soo\u010da z otrokovimi strahovi, predvsem pa ob humorni zgodbi in umetelnih ilustracijah ponudi nadvse priro\u010dno pomo\u010d in re\u0161itev iz marsikatere zagate.<br \/>\nMartin je vesel in rado\u017eiv de\u010dek z zelo bujno domi\u0161ljijo. A ko ji v svojih mislih pusti prosto pot, si pogosto zami\u0161lja precej stra\u0161ne stvari, ki se vselej za\u010dnejo z istimi tremi besedicami: \u00bbKaj pa, \u010de \u2026?\u00ab Lahko bi rekli, da mu jo domi\u0161ljija pogosto zagode, saj se zaradi stra\u0161nih misli, ki sem mu vrtijo po glavi, odpove tudi prijetnim stvarem v \u017eivljenju, kot je denimo praznovanje prijateljevega rojstnega dne.<\/p>\n<p>Nekega dne se Martin pripravlja na izlet ob zaklju\u010dku \u0161olskega leta, ko ga ponovno spreleti misel, da se mu lahko pripeti nekaj groznega. Mamici Marini namigne, da se izleta raje ne bi udele\u017eil. Marina predvideva, da Martina zoper obhajajo \u010drne misli, zato se odlo\u010di, da bo tokrat pri odgovorih na Martinove dvome ubrala druga\u010dno strategijo: vse njegove strahove bo obrnila tako, da bodo postali prijetni. Strah pred stor\u017eem, ki bi lahko prav nerodno padel na de\u010dkovo glavo, tako postane povod za prikupno \u017eivalsko predstavo, padec v vodo za\u010detek vznemirljive morske dogodiv\u0161\u010dine, groze\u010d kitov gobec pa vhod v podvodni svet, kjer lahko spozna zanimive \u017eivali in celo zaple\u0161e z morsko deklico. V odgovor mamica de\u010dkove skrbi preusmeri v razmi\u0161ljanje o mo\u017enosti najlep\u0161ih do\u017eivetij, tako da Martina na koncu zaskrbi, da se njegovi strahovi ne bodo uresni\u010dili \u2026<\/p>\n<div id=\"tab-opis_tab\" class=\"tab-pane active\">\n<p><a href=\"https:\/\/www.iskreni.net\/trgovina\/wp-content\/uploads\/2023\/02\/Isern-Bonilla-2023-Kaj-pa-ce-me-pogoltne-kit-PL.pdf\">Prelistaj<\/a><\/p>\n<p>&nbsp;<\/p>\n<\/div>\n","protected":false},"excerpt":{"rendered":"<div id=\"tab-opis_tab\" class=\"tab-pane active\">\n<p><strong>Avtor prevoda: <\/strong>Veronika Rot<strong><br \/>\nIlustracije: <\/strong>Rocio Bonilla<strong><br \/>\n<\/strong><strong>Leto izdaje:<\/strong> 2023<br \/>\n<strong>\u0160tevilo strani:<\/strong> 32<br \/>\n<strong>Format:<\/strong> 240 x 300 mm<\/p>\n<h4>Hrome\u010de skrbi spremenimo v najlep\u0161a pri\u010dakovanja.<\/h4>\n<\/div>\n<h4><a href=\"https:\/\/www.iskreni.net\/trgovina\/wp-content\/uploads\/2023\/02\/Isern-Bonilla-2023-Kaj-pa-ce-me-pogoltne-kit-PL.pdf\">Prelistaj<\/a><\/h4>\n","protected":false},"featured_media":64181,"comment_status":"open","ping_status":"closed","template":"","meta":[],"product_brand":[],"product_cat":[63,135],"product_tag":[],"avtor":[2496],"zalozba":[2337],"vezava":[2306],"class_list":{"0":"post-64177","1":"product","2":"type-product","3":"status-publish","4":"has-post-thumbnail","6":"product_cat-knjige","7":"product_cat-za-otroke","8":"avtor-susanna-isern","9":"zalozba-celjska-mohorjeva-druzba","10":"vezava-trda","12":"first","13":"instock","14":"taxable","15":"shipping-taxable","16":"purchasable","17":"product-type-simple"},"yoast_head":"<!-- This site is optimized with the Yoast SEO plugin v26.3 - https:\/\/yoast.com\/wordpress\/plugins\/seo\/ -->\n<title>Kaj pa, \u010de me pogoltne kit? - trgovina Iskreni<\/title>\n<meta name=\"description\" content=\"Kaj pa, \u010de me pogoltne kit? je slikanica, ki je v pomo\u010d mladim bralcem in njihovim star\u0161em, saj oboje soo\u010da z otrokovimi strahovi in ponuja tudi re\u0161itve.\" \/>\n<meta name=\"robots\" content=\"index, follow, max-snippet:-1, max-image-preview:large, max-video-preview:-1\" \/>\n<link rel=\"canonical\" href=\"https:\/\/www.iskreni.net\/trgovina\/product\/kaj-pa-ce-me-pogoltne-kit\/\" \/>\n<meta property=\"og:locale\" content=\"sl_SI\" \/>\n<meta property=\"og:type\" content=\"article\" \/>\n<meta property=\"og:title\" content=\"Kaj pa, \u010de me pogoltne kit?\" \/>\n<meta property=\"og:description\" content=\"Kaj pa, \u010de me pogoltne kit? je slikanica, ki je v pomo\u010d mladim bralcem in njihovim star\u0161em, saj oboje soo\u010da z otrokovimi strahovi in ponuja tudi re\u0161itve.\" \/>\n<meta property=\"og:url\" content=\"https:\/\/www.iskreni.net\/trgovina\/product\/kaj-pa-ce-me-pogoltne-kit\/\" \/>\n<meta property=\"og:site_name\" content=\"Zavod Iskreni\" \/>\n<meta property=\"article:modified_time\" content=\"2023-10-19T12:31:57+00:00\" \/>\n<meta property=\"og:image\" content=\"https:\/\/www.iskreni.net\/trgovina\/wp-content\/uploads\/2023\/02\/Slike-za-v-spletno-trgovino4.jpg\" \/>\n\t<meta property=\"og:image:width\" content=\"600\" \/>\n\t<meta property=\"og:image:height\" content=\"600\" \/>\n\t<meta property=\"og:image:type\" content=\"image\/jpeg\" \/>\n<meta name=\"twitter:card\" content=\"summary_large_image\" \/>\n<meta name=\"twitter:label1\" content=\"Est. reading time\" \/>\n\t<meta name=\"twitter:data1\" content=\"2 minuti\" \/>\n<script type=\"application\/ld+json\" class=\"yoast-schema-graph\">{\"@context\":\"https:\/\/schema.org\",\"@graph\":[{\"@type\":\"WebPage\",\"@id\":\"https:\/\/www.iskreni.net\/trgovina\/product\/kaj-pa-ce-me-pogoltne-kit\/\",\"url\":\"https:\/\/www.iskreni.net\/trgovina\/product\/kaj-pa-ce-me-pogoltne-kit\/\",\"name\":\"Kaj pa, \u010de me pogoltne kit? - trgovina Iskreni\",\"isPartOf\":{\"@id\":\"https:\/\/www.iskreni.net\/trgovina\/#website\"},\"primaryImageOfPage\":{\"@id\":\"https:\/\/www.iskreni.net\/trgovina\/product\/kaj-pa-ce-me-pogoltne-kit\/#primaryimage\"},\"image\":{\"@id\":\"https:\/\/www.iskreni.net\/trgovina\/product\/kaj-pa-ce-me-pogoltne-kit\/#primaryimage\"},\"thumbnailUrl\":\"https:\/\/www.iskreni.net\/trgovina\/wp-content\/uploads\/2023\/02\/Slike-za-v-spletno-trgovino4.jpg\",\"datePublished\":\"2023-02-22T14:19:13+00:00\",\"dateModified\":\"2023-10-19T12:31:57+00:00\",\"description\":\"Kaj pa, \u010de me pogoltne kit? je slikanica, ki je v pomo\u010d mladim bralcem in njihovim star\u0161em, saj oboje soo\u010da z otrokovimi strahovi in ponuja tudi re\u0161itve.\",\"breadcrumb\":{\"@id\":\"https:\/\/www.iskreni.net\/trgovina\/product\/kaj-pa-ce-me-pogoltne-kit\/#breadcrumb\"},\"inLanguage\":\"sl-SI\",\"potentialAction\":[{\"@type\":\"ReadAction\",\"target\":[\"https:\/\/www.iskreni.net\/trgovina\/product\/kaj-pa-ce-me-pogoltne-kit\/\"]}]},{\"@type\":\"ImageObject\",\"inLanguage\":\"sl-SI\",\"@id\":\"https:\/\/www.iskreni.net\/trgovina\/product\/kaj-pa-ce-me-pogoltne-kit\/#primaryimage\",\"url\":\"https:\/\/www.iskreni.net\/trgovina\/wp-content\/uploads\/2023\/02\/Slike-za-v-spletno-trgovino4.jpg\",\"contentUrl\":\"https:\/\/www.iskreni.net\/trgovina\/wp-content\/uploads\/2023\/02\/Slike-za-v-spletno-trgovino4.jpg\",\"width\":600,\"height\":600},{\"@type\":\"BreadcrumbList\",\"@id\":\"https:\/\/www.iskreni.net\/trgovina\/product\/kaj-pa-ce-me-pogoltne-kit\/#breadcrumb\",\"itemListElement\":[{\"@type\":\"ListItem\",\"position\":1,\"name\":\"Home\",\"item\":\"https:\/\/www.iskreni.net\/trgovina\/\"},{\"@type\":\"ListItem\",\"position\":2,\"name\":\"Trgovina\",\"item\":\"https:\/\/www.iskreni.net\/trgovina\/trgovina\/\"},{\"@type\":\"ListItem\",\"position\":3,\"name\":\"Kaj pa, \u010de me pogoltne kit?\"}]},{\"@type\":\"WebSite\",\"@id\":\"https:\/\/www.iskreni.net\/trgovina\/#website\",\"url\":\"https:\/\/www.iskreni.net\/trgovina\/\",\"name\":\"Zavod Iskreni\",\"description\":\"trgovina\",\"potentialAction\":[{\"@type\":\"SearchAction\",\"target\":{\"@type\":\"EntryPoint\",\"urlTemplate\":\"https:\/\/www.iskreni.net\/trgovina\/?s={search_term_string}\"},\"query-input\":{\"@type\":\"PropertyValueSpecification\",\"valueRequired\":true,\"valueName\":\"search_term_string\"}}],\"inLanguage\":\"sl-SI\"}]}<\/script>\n<!-- \/ Yoast SEO plugin. -->","yoast_head_json":{"title":"Kaj pa, \u010de me pogoltne kit? - trgovina Iskreni","description":"Kaj pa, \u010de me pogoltne kit? je slikanica, ki je v pomo\u010d mladim bralcem in njihovim star\u0161em, saj oboje soo\u010da z otrokovimi strahovi in ponuja tudi re\u0161itve.","robots":{"index":"index","follow":"follow","max-snippet":"max-snippet:-1","max-image-preview":"max-image-preview:large","max-video-preview":"max-video-preview:-1"},"canonical":"https:\/\/www.iskreni.net\/trgovina\/product\/kaj-pa-ce-me-pogoltne-kit\/","og_locale":"sl_SI","og_type":"article","og_title":"Kaj pa, \u010de me pogoltne kit?","og_description":"Kaj pa, \u010de me pogoltne kit? je slikanica, ki je v pomo\u010d mladim bralcem in njihovim star\u0161em, saj oboje soo\u010da z otrokovimi strahovi in ponuja tudi re\u0161itve.","og_url":"https:\/\/www.iskreni.net\/trgovina\/product\/kaj-pa-ce-me-pogoltne-kit\/","og_site_name":"Zavod Iskreni","article_modified_time":"2023-10-19T12:31:57+00:00","og_image":[{"width":600,"height":600,"url":"https:\/\/www.iskreni.net\/trgovina\/wp-content\/uploads\/2023\/02\/Slike-za-v-spletno-trgovino4.jpg","type":"image\/jpeg"}],"twitter_card":"summary_large_image","twitter_misc":{"Est. reading time":"2 minuti"},"schema":{"@context":"https:\/\/schema.org","@graph":[{"@type":"WebPage","@id":"https:\/\/www.iskreni.net\/trgovina\/product\/kaj-pa-ce-me-pogoltne-kit\/","url":"https:\/\/www.iskreni.net\/trgovina\/product\/kaj-pa-ce-me-pogoltne-kit\/","name":"Kaj pa, \u010de me pogoltne kit? - trgovina Iskreni","isPartOf":{"@id":"https:\/\/www.iskreni.net\/trgovina\/#website"},"primaryImageOfPage":{"@id":"https:\/\/www.iskreni.net\/trgovina\/product\/kaj-pa-ce-me-pogoltne-kit\/#primaryimage"},"image":{"@id":"https:\/\/www.iskreni.net\/trgovina\/product\/kaj-pa-ce-me-pogoltne-kit\/#primaryimage"},"thumbnailUrl":"https:\/\/www.iskreni.net\/trgovina\/wp-content\/uploads\/2023\/02\/Slike-za-v-spletno-trgovino4.jpg","datePublished":"2023-02-22T14:19:13+00:00","dateModified":"2023-10-19T12:31:57+00:00","description":"Kaj pa, \u010de me pogoltne kit? je slikanica, ki je v pomo\u010d mladim bralcem in njihovim star\u0161em, saj oboje soo\u010da z otrokovimi strahovi in ponuja tudi re\u0161itve.","breadcrumb":{"@id":"https:\/\/www.iskreni.net\/trgovina\/product\/kaj-pa-ce-me-pogoltne-kit\/#breadcrumb"},"inLanguage":"sl-SI","potentialAction":[{"@type":"ReadAction","target":["https:\/\/www.iskreni.net\/trgovina\/product\/kaj-pa-ce-me-pogoltne-kit\/"]}]},{"@type":"ImageObject","inLanguage":"sl-SI","@id":"https:\/\/www.iskreni.net\/trgovina\/product\/kaj-pa-ce-me-pogoltne-kit\/#primaryimage","url":"https:\/\/www.iskreni.net\/trgovina\/wp-content\/uploads\/2023\/02\/Slike-za-v-spletno-trgovino4.jpg","contentUrl":"https:\/\/www.iskreni.net\/trgovina\/wp-content\/uploads\/2023\/02\/Slike-za-v-spletno-trgovino4.jpg","width":600,"height":600},{"@type":"BreadcrumbList","@id":"https:\/\/www.iskreni.net\/trgovina\/product\/kaj-pa-ce-me-pogoltne-kit\/#breadcrumb","itemListElement":[{"@type":"ListItem","position":1,"name":"Home","item":"https:\/\/www.iskreni.net\/trgovina\/"},{"@type":"ListItem","position":2,"name":"Trgovina","item":"https:\/\/www.iskreni.net\/trgovina\/trgovina\/"},{"@type":"ListItem","position":3,"name":"Kaj pa, \u010de me pogoltne kit?"}]},{"@type":"WebSite","@id":"https:\/\/www.iskreni.net\/trgovina\/#website","url":"https:\/\/www.iskreni.net\/trgovina\/","name":"Zavod Iskreni","description":"trgovina","potentialAction":[{"@type":"SearchAction","target":{"@type":"EntryPoint","urlTemplate":"https:\/\/www.iskreni.net\/trgovina\/?s={search_term_string}"},"query-input":{"@type":"PropertyValueSpecification","valueRequired":true,"valueName":"search_term_string"}}],"inLanguage":"sl-SI"}]}},"_links":{"self":[{"href":"https:\/\/www.iskreni.net\/trgovina\/wp-json\/wp\/v2\/product\/64177","targetHints":{"allow":["GET"]}}],"collection":[{"href":"https:\/\/www.iskreni.net\/trgovina\/wp-json\/wp\/v2\/product"}],"about":[{"href":"https:\/\/www.iskreni.net\/trgovina\/wp-json\/wp\/v2\/types\/product"}],"replies":[{"embeddable":true,"href":"https:\/\/www.iskreni.net\/trgovina\/wp-json\/wp\/v2\/comments?post=64177"}],"version-history":[{"count":4,"href":"https:\/\/www.iskreni.net\/trgovina\/wp-json\/wp\/v2\/product\/64177\/revisions"}],"predecessor-version":[{"id":70110,"href":"https:\/\/www.iskreni.net\/trgovina\/wp-json\/wp\/v2\/product\/64177\/revisions\/70110"}],"wp:featuredmedia":[{"embeddable":true,"href":"https:\/\/www.iskreni.net\/trgovina\/wp-json\/wp\/v2\/media\/64181"}],"wp:attachment":[{"href":"https:\/\/www.iskreni.net\/trgovina\/wp-json\/wp\/v2\/media?parent=64177"}],"wp:term":[{"taxonomy":"product_brand","embeddable":true,"href":"https:\/\/www.iskreni.net\/trgovina\/wp-json\/wp\/v2\/product_brand?post=64177"},{"taxonomy":"product_cat","embeddable":true,"href":"https:\/\/www.iskreni.net\/trgovina\/wp-json\/wp\/v2\/product_cat?post=64177"},{"taxonomy":"product_tag","embeddable":true,"href":"https:\/\/www.iskreni.net\/trgovina\/wp-json\/wp\/v2\/product_tag?post=64177"},{"taxonomy":"avtor","embeddable":true,"href":"https:\/\/www.iskreni.net\/trgovina\/wp-json\/wp\/v2\/avtor?post=64177"},{"taxonomy":"zalozba","embeddable":true,"href":"https:\/\/www.iskreni.net\/trgovina\/wp-json\/wp\/v2\/zalozba?post=64177"},{"taxonomy":"vezava","embeddable":true,"href":"https:\/\/www.iskreni.net\/trgovina\/wp-json\/wp\/v2\/vezava?post=64177"}],"curies":[{"name":"wp","href":"https:\/\/api.w.org\/{rel}","templated":true}]}}