{"id":64148,"date":"2023-02-22T11:50:17","date_gmt":"2023-02-22T10:50:17","guid":{"rendered":"https:\/\/www.iskreni.net\/trgovina\/?post_type=product&#038;p=64148"},"modified":"2024-01-18T14:54:13","modified_gmt":"2024-01-18T13:54:13","slug":"druzinski-lego-krizev-pot","status":"publish","type":"product","link":"https:\/\/www.iskreni.net\/trgovina\/product\/druzinski-lego-krizev-pot\/","title":{"rendered":"Dru\u017einski lego kri\u017eev pot"},"content":{"rendered":"<h3 id=\"anchor-o-izdelku\" class=\"title\">O knjigi\u00a0<em>Dru\u017einski lego kri\u017eev pot<\/em><\/h3>\n<p>Besedila kri\u017eevega pota niso predpisana, zato so lahko razli\u010dna in jih je mogo\u010de prilagajati skupinam. Biti morajo tako pripravljena, da bodo vsakemu molivcu pomagala poglobiti odnos do trpe\u010dega Jezusa in soljudi in mu dala odgovore na vpra\u0161anja o \u017eivljenju, smrti in ve\u010dnosti.<\/p>\n<p>Ker se s temi vpra\u0161anji soo\u010dajo tudi otroci, je prav, da skupaj z njimi pripravimo tak\u0161en kri\u017eev pot, ki jih bo spodbujal k razmi\u0161ljanju in jih motiviral za \u017eivljenje po evangeliju. Knji\u017eica vsebuje spodbude za kreativno ustvarjanje dru\u017einskega kri\u017eevega pota iz lego kock.<\/p>\n<h4><a href=\"https:\/\/www.iskreni.net\/trgovina\/wp-content\/uploads\/2023\/02\/Druzinski-lego-krizev-pot-PREDSTAVITVENE-STRANI.pdf\">Pogled v knjigo<\/a><\/h4>\n<p>&nbsp;<\/p>\n","protected":false},"excerpt":{"rendered":"<p><strong>Leto izdaje:<\/strong> 2023<br \/>\n<strong>\u0160tevilo strani:<\/strong> 52 barvnih strani<br \/>\n<strong>Format:<\/strong> 120 x 195 mm<\/p>\n<h4><a href=\"https:\/\/www.iskreni.net\/trgovina\/wp-content\/uploads\/2023\/02\/Druzinski-lego-krizev-pot-PREDSTAVITVENE-STRANI.pdf\">Pogled v knjigo<\/a><\/h4>\n","protected":false},"featured_media":64153,"comment_status":"open","ping_status":"closed","template":"","meta":[],"product_brand":[],"product_cat":[2324,63,135],"product_tag":[2037,762],"avtor":[2716],"zalozba":[2336],"vezava":[2307],"class_list":{"0":"post-64148","1":"product","2":"type-product","3":"status-publish","4":"has-post-thumbnail","6":"product_cat-duhovnost-in-osebna-rast","7":"product_cat-knjige","8":"product_cat-za-otroke","9":"product_tag-krizev-pot","10":"product_tag-post-in-velika-noc","11":"avtor-iva-nezic-glavica","12":"zalozba-salve","13":"vezava-mehka","15":"first","16":"instock","17":"taxable","18":"shipping-taxable","19":"purchasable","20":"product-type-simple"},"yoast_head":"<!-- This site is optimized with the Yoast SEO plugin v26.3 - https:\/\/yoast.com\/wordpress\/plugins\/seo\/ -->\n<title>Dru\u017einski lego kri\u017eev pot - trgovina Iskreni<\/title>\n<meta name=\"description\" content=\"Dru\u017einski lego kri\u017eev pot nam ponuja besedilo kri\u017eevega pota, ki je primeren za otroke in jih spodbuja k razmi\u0161ljanju in \u017eivljenju po evangeliju.\" \/>\n<meta name=\"robots\" content=\"index, follow, max-snippet:-1, max-image-preview:large, max-video-preview:-1\" \/>\n<link rel=\"canonical\" href=\"https:\/\/www.iskreni.net\/trgovina\/product\/druzinski-lego-krizev-pot\/\" \/>\n<meta property=\"og:locale\" content=\"sl_SI\" \/>\n<meta property=\"og:type\" content=\"article\" \/>\n<meta property=\"og:title\" content=\"Dru\u017einski lego kri\u017eev pot\" \/>\n<meta property=\"og:description\" content=\"Dru\u017einski lego kri\u017eev pot nam ponuja besedilo kri\u017eevega pota, ki je primeren za otroke in jih spodbuja k razmi\u0161ljanju in \u017eivljenju po evangeliju.\" \/>\n<meta property=\"og:url\" content=\"https:\/\/www.iskreni.net\/trgovina\/product\/druzinski-lego-krizev-pot\/\" \/>\n<meta property=\"og:site_name\" content=\"Zavod Iskreni\" \/>\n<meta property=\"article:modified_time\" content=\"2024-01-18T13:54:13+00:00\" \/>\n<meta property=\"og:image\" content=\"https:\/\/www.iskreni.net\/trgovina\/wp-content\/uploads\/2023\/02\/Slike-za-v-spletno-trgovino2.jpg\" \/>\n\t<meta property=\"og:image:width\" content=\"600\" \/>\n\t<meta property=\"og:image:height\" content=\"600\" \/>\n\t<meta property=\"og:image:type\" content=\"image\/jpeg\" \/>\n<meta name=\"twitter:card\" content=\"summary_large_image\" \/>\n<meta name=\"twitter:label1\" content=\"Est. reading time\" \/>\n\t<meta name=\"twitter:data1\" content=\"1 minuta\" \/>\n<script type=\"application\/ld+json\" class=\"yoast-schema-graph\">{\"@context\":\"https:\/\/schema.org\",\"@graph\":[{\"@type\":\"WebPage\",\"@id\":\"https:\/\/www.iskreni.net\/trgovina\/product\/druzinski-lego-krizev-pot\/\",\"url\":\"https:\/\/www.iskreni.net\/trgovina\/product\/druzinski-lego-krizev-pot\/\",\"name\":\"Dru\u017einski lego kri\u017eev pot - trgovina Iskreni\",\"isPartOf\":{\"@id\":\"https:\/\/www.iskreni.net\/trgovina\/#website\"},\"primaryImageOfPage\":{\"@id\":\"https:\/\/www.iskreni.net\/trgovina\/product\/druzinski-lego-krizev-pot\/#primaryimage\"},\"image\":{\"@id\":\"https:\/\/www.iskreni.net\/trgovina\/product\/druzinski-lego-krizev-pot\/#primaryimage\"},\"thumbnailUrl\":\"https:\/\/www.iskreni.net\/trgovina\/wp-content\/uploads\/2023\/02\/Slike-za-v-spletno-trgovino2.jpg\",\"datePublished\":\"2023-02-22T10:50:17+00:00\",\"dateModified\":\"2024-01-18T13:54:13+00:00\",\"description\":\"Dru\u017einski lego kri\u017eev pot nam ponuja besedilo kri\u017eevega pota, ki je primeren za otroke in jih spodbuja k razmi\u0161ljanju in \u017eivljenju po evangeliju.\",\"breadcrumb\":{\"@id\":\"https:\/\/www.iskreni.net\/trgovina\/product\/druzinski-lego-krizev-pot\/#breadcrumb\"},\"inLanguage\":\"sl-SI\",\"potentialAction\":[{\"@type\":\"ReadAction\",\"target\":[\"https:\/\/www.iskreni.net\/trgovina\/product\/druzinski-lego-krizev-pot\/\"]}]},{\"@type\":\"ImageObject\",\"inLanguage\":\"sl-SI\",\"@id\":\"https:\/\/www.iskreni.net\/trgovina\/product\/druzinski-lego-krizev-pot\/#primaryimage\",\"url\":\"https:\/\/www.iskreni.net\/trgovina\/wp-content\/uploads\/2023\/02\/Slike-za-v-spletno-trgovino2.jpg\",\"contentUrl\":\"https:\/\/www.iskreni.net\/trgovina\/wp-content\/uploads\/2023\/02\/Slike-za-v-spletno-trgovino2.jpg\",\"width\":600,\"height\":600},{\"@type\":\"BreadcrumbList\",\"@id\":\"https:\/\/www.iskreni.net\/trgovina\/product\/druzinski-lego-krizev-pot\/#breadcrumb\",\"itemListElement\":[{\"@type\":\"ListItem\",\"position\":1,\"name\":\"Home\",\"item\":\"https:\/\/www.iskreni.net\/trgovina\/\"},{\"@type\":\"ListItem\",\"position\":2,\"name\":\"Trgovina\",\"item\":\"https:\/\/www.iskreni.net\/trgovina\/trgovina\/\"},{\"@type\":\"ListItem\",\"position\":3,\"name\":\"Dru\u017einski lego kri\u017eev pot\"}]},{\"@type\":\"WebSite\",\"@id\":\"https:\/\/www.iskreni.net\/trgovina\/#website\",\"url\":\"https:\/\/www.iskreni.net\/trgovina\/\",\"name\":\"Zavod Iskreni\",\"description\":\"trgovina\",\"potentialAction\":[{\"@type\":\"SearchAction\",\"target\":{\"@type\":\"EntryPoint\",\"urlTemplate\":\"https:\/\/www.iskreni.net\/trgovina\/?s={search_term_string}\"},\"query-input\":{\"@type\":\"PropertyValueSpecification\",\"valueRequired\":true,\"valueName\":\"search_term_string\"}}],\"inLanguage\":\"sl-SI\"}]}<\/script>\n<!-- \/ Yoast SEO plugin. -->","yoast_head_json":{"title":"Dru\u017einski lego kri\u017eev pot - trgovina Iskreni","description":"Dru\u017einski lego kri\u017eev pot nam ponuja besedilo kri\u017eevega pota, ki je primeren za otroke in jih spodbuja k razmi\u0161ljanju in \u017eivljenju po evangeliju.","robots":{"index":"index","follow":"follow","max-snippet":"max-snippet:-1","max-image-preview":"max-image-preview:large","max-video-preview":"max-video-preview:-1"},"canonical":"https:\/\/www.iskreni.net\/trgovina\/product\/druzinski-lego-krizev-pot\/","og_locale":"sl_SI","og_type":"article","og_title":"Dru\u017einski lego kri\u017eev pot","og_description":"Dru\u017einski lego kri\u017eev pot nam ponuja besedilo kri\u017eevega pota, ki je primeren za otroke in jih spodbuja k razmi\u0161ljanju in \u017eivljenju po evangeliju.","og_url":"https:\/\/www.iskreni.net\/trgovina\/product\/druzinski-lego-krizev-pot\/","og_site_name":"Zavod Iskreni","article_modified_time":"2024-01-18T13:54:13+00:00","og_image":[{"width":600,"height":600,"url":"https:\/\/www.iskreni.net\/trgovina\/wp-content\/uploads\/2023\/02\/Slike-za-v-spletno-trgovino2.jpg","type":"image\/jpeg"}],"twitter_card":"summary_large_image","twitter_misc":{"Est. reading time":"1 minuta"},"schema":{"@context":"https:\/\/schema.org","@graph":[{"@type":"WebPage","@id":"https:\/\/www.iskreni.net\/trgovina\/product\/druzinski-lego-krizev-pot\/","url":"https:\/\/www.iskreni.net\/trgovina\/product\/druzinski-lego-krizev-pot\/","name":"Dru\u017einski lego kri\u017eev pot - trgovina Iskreni","isPartOf":{"@id":"https:\/\/www.iskreni.net\/trgovina\/#website"},"primaryImageOfPage":{"@id":"https:\/\/www.iskreni.net\/trgovina\/product\/druzinski-lego-krizev-pot\/#primaryimage"},"image":{"@id":"https:\/\/www.iskreni.net\/trgovina\/product\/druzinski-lego-krizev-pot\/#primaryimage"},"thumbnailUrl":"https:\/\/www.iskreni.net\/trgovina\/wp-content\/uploads\/2023\/02\/Slike-za-v-spletno-trgovino2.jpg","datePublished":"2023-02-22T10:50:17+00:00","dateModified":"2024-01-18T13:54:13+00:00","description":"Dru\u017einski lego kri\u017eev pot nam ponuja besedilo kri\u017eevega pota, ki je primeren za otroke in jih spodbuja k razmi\u0161ljanju in \u017eivljenju po evangeliju.","breadcrumb":{"@id":"https:\/\/www.iskreni.net\/trgovina\/product\/druzinski-lego-krizev-pot\/#breadcrumb"},"inLanguage":"sl-SI","potentialAction":[{"@type":"ReadAction","target":["https:\/\/www.iskreni.net\/trgovina\/product\/druzinski-lego-krizev-pot\/"]}]},{"@type":"ImageObject","inLanguage":"sl-SI","@id":"https:\/\/www.iskreni.net\/trgovina\/product\/druzinski-lego-krizev-pot\/#primaryimage","url":"https:\/\/www.iskreni.net\/trgovina\/wp-content\/uploads\/2023\/02\/Slike-za-v-spletno-trgovino2.jpg","contentUrl":"https:\/\/www.iskreni.net\/trgovina\/wp-content\/uploads\/2023\/02\/Slike-za-v-spletno-trgovino2.jpg","width":600,"height":600},{"@type":"BreadcrumbList","@id":"https:\/\/www.iskreni.net\/trgovina\/product\/druzinski-lego-krizev-pot\/#breadcrumb","itemListElement":[{"@type":"ListItem","position":1,"name":"Home","item":"https:\/\/www.iskreni.net\/trgovina\/"},{"@type":"ListItem","position":2,"name":"Trgovina","item":"https:\/\/www.iskreni.net\/trgovina\/trgovina\/"},{"@type":"ListItem","position":3,"name":"Dru\u017einski lego kri\u017eev pot"}]},{"@type":"WebSite","@id":"https:\/\/www.iskreni.net\/trgovina\/#website","url":"https:\/\/www.iskreni.net\/trgovina\/","name":"Zavod Iskreni","description":"trgovina","potentialAction":[{"@type":"SearchAction","target":{"@type":"EntryPoint","urlTemplate":"https:\/\/www.iskreni.net\/trgovina\/?s={search_term_string}"},"query-input":{"@type":"PropertyValueSpecification","valueRequired":true,"valueName":"search_term_string"}}],"inLanguage":"sl-SI"}]}},"_links":{"self":[{"href":"https:\/\/www.iskreni.net\/trgovina\/wp-json\/wp\/v2\/product\/64148","targetHints":{"allow":["GET"]}}],"collection":[{"href":"https:\/\/www.iskreni.net\/trgovina\/wp-json\/wp\/v2\/product"}],"about":[{"href":"https:\/\/www.iskreni.net\/trgovina\/wp-json\/wp\/v2\/types\/product"}],"replies":[{"embeddable":true,"href":"https:\/\/www.iskreni.net\/trgovina\/wp-json\/wp\/v2\/comments?post=64148"}],"version-history":[{"count":4,"href":"https:\/\/www.iskreni.net\/trgovina\/wp-json\/wp\/v2\/product\/64148\/revisions"}],"predecessor-version":[{"id":72751,"href":"https:\/\/www.iskreni.net\/trgovina\/wp-json\/wp\/v2\/product\/64148\/revisions\/72751"}],"wp:featuredmedia":[{"embeddable":true,"href":"https:\/\/www.iskreni.net\/trgovina\/wp-json\/wp\/v2\/media\/64153"}],"wp:attachment":[{"href":"https:\/\/www.iskreni.net\/trgovina\/wp-json\/wp\/v2\/media?parent=64148"}],"wp:term":[{"taxonomy":"product_brand","embeddable":true,"href":"https:\/\/www.iskreni.net\/trgovina\/wp-json\/wp\/v2\/product_brand?post=64148"},{"taxonomy":"product_cat","embeddable":true,"href":"https:\/\/www.iskreni.net\/trgovina\/wp-json\/wp\/v2\/product_cat?post=64148"},{"taxonomy":"product_tag","embeddable":true,"href":"https:\/\/www.iskreni.net\/trgovina\/wp-json\/wp\/v2\/product_tag?post=64148"},{"taxonomy":"avtor","embeddable":true,"href":"https:\/\/www.iskreni.net\/trgovina\/wp-json\/wp\/v2\/avtor?post=64148"},{"taxonomy":"zalozba","embeddable":true,"href":"https:\/\/www.iskreni.net\/trgovina\/wp-json\/wp\/v2\/zalozba?post=64148"},{"taxonomy":"vezava","embeddable":true,"href":"https:\/\/www.iskreni.net\/trgovina\/wp-json\/wp\/v2\/vezava?post=64148"}],"curies":[{"name":"wp","href":"https:\/\/api.w.org\/{rel}","templated":true}]}}