{"id":63967,"date":"2023-02-13T14:40:45","date_gmt":"2023-02-13T13:40:45","guid":{"rendered":"https:\/\/www.iskreni.net\/trgovina\/?post_type=product&#038;p=63967"},"modified":"2023-10-19T14:31:01","modified_gmt":"2023-10-19T12:31:01","slug":"ukrajina-od-igre-prestolov-do-vojne-za-samostojnost","status":"publish","type":"product","link":"https:\/\/www.iskreni.net\/trgovina\/product\/ukrajina-od-igre-prestolov-do-vojne-za-samostojnost\/","title":{"rendered":"Ukrajina od igre prestolov do vojne za samostojnost"},"content":{"rendered":"<h3 class=\"title\">O knjigi <em><strong>Ukrajina od igre prestolov do vojne za samostojnost<br \/>\n<\/strong><\/em><\/h3>\n<h5>Ukrajina \u2013 tragi\u010dna enigma med prestoli in tanki<\/h5>\n<p id=\"anchor-o-izdelku\" class=\"title\"><span style=\"font-size: 16px;\">Ukrajina je de\u017eela, ki se je po za\u010detku ruske agresije februarja leta 2022 z obrobja premaknila v sredi\u0161\u010de svetovnega in evropskega zanimanja. A \u010deprav je zgodovinska izku\u0161nja Ukrajincev precej podobna slovenski, o tej veliki evropski dr\u017eavi na Slovenskem v povpre\u010dju \u0161e vedno vemo sorazmerno malo. Dr. Ale\u0161 Maver Ukrajino z zanimanjem spremlja \u017ee tri desetletja. V svoji knjigi osvetljuje njena zgodovinska izhodi\u0161\u010da, odnose s sosednjimi dr\u017eavami in predvsem \u00bbnevarna razmerja\u00ab z najve\u010djo sosedo na vzhodu, ki so privedla tudi do sedanje vojne. Ta se trenutno bije na ple\u010dih ukrajinskih ljudi v enem najbolj krvavih voja\u0161kih spopadov v Evropi po drugi svetovni vojni. Besedilo ponuja celosten pregled, ki pomaga razumeti ukrajinsko preteklost in sedanjost. Posebnost pri\u010dujo\u010de knjige je, da na \u0161tevilnih mestih opozori na vzporednice med zgodovinskim razvojem v Ukrajini in Sloveniji.<\/span><\/p>\n<div id=\"tab-opis_tab\" class=\"tab-pane active\">\n<p>Globoko v \u00bbciviliziranem\u00ab 21. stoletju smo bili soo\u010deni z dejstvom, da se nam na (evropskem) hi\u0161nem pragu godi vojna. Leto pozneje smo se nanjo navadili in jo potisnili nekam dale\u010d v Zakarpatje. Nekriti\u010dno polje dru\u017ebenega komentiranja nas je razdelilo v klubske navija\u010de in kav\u010d selektorje. Vsaj v lu\u010di neizmernega \u010dlove\u0161kega trpljenja, ki se dogaja nedale\u010d stran, pa si moramo vsaj tu in tam priznati, da za kakr\u0161ne koli sodbe o Ukrajini vemo premalo ali skoraj ni\u010d.<\/p>\n<\/div>\n<h4>Iz knjige:<\/h4>\n<p>Pri\u010dakoval sem, da bom kdaj napisal knjigo, podobno tej, ki jo dr\u017eite v rokah. Pri\u010dakoval sem, da jo bom pisal v druga\u010dnih okoli\u0161\u010dinah. Da bo imela sre\u010den konec. Zdaj konca nekako sploh nima. \u0160e ve\u010d, ob pripravi besedila sem se sre\u010deval z za zgodovinarja prejkone nenavadno okoli\u0161\u010dino. Obi\u010dajno tisti, ki pi\u0161emo o preteklosti, vsaj zaklju\u010dke \u00bbvelike zgodbe\u00ab poznamo \u017ee vnaprej. Vemo, kdo je dobil kak\u0161no vojno, kdo je nazadnje prvi izumil kak\u0161no veliko pridobitev ali kdo je zmagal v tekmi za princesino roko. Celo otepati se moramo sku\u0161njave, da bi vse prej\u0161nje dogodke videli izklju\u010dno v lu\u010di \u017ee znanega sklepnega dejanja.<br \/>\nUkrajina leta 2022 v tem oziru ne bi mogla biti bolj posebna. \u010ce si sposodim meni tako ljube besede velikono\u010dne slednice, se smrt in \u017eivljenje velikega evropskega naroda bojujeta v pre\u010dudnem (ali naj raje re\u010dem pre\u017ealostnem?) dvoboju ta trenutek, ko sam sklepam modrovanje o zgodovini de\u017eele. Po eni strani vstaja pred nami skupnost, ki bo ob koncu verjetno povezana bolj, kot je bila kadar koli v preteklosti. Po drugi strani ka\u017ee, da je do trenutka, ko bo lahko (\u010de sploh) zadihala v svobodi, \u0161e nepredstavljivo veliko trpljenja. Za nas, ki ta levji boj spremljamo zgolj iz varnih naslanja\u010dev, pa se bo poru\u0161ila \u0161e kak\u0161na dosedanja gotovost. Vse od 24. februarja 2022 si moram vsaj jaz namre\u010d kar naprej zastavljati vpra\u0161anja, za katera sem mislil, da bodo ostala v kraljestvu visokolete\u010dih modrovanj, nekdanjih \u0161olskih esejev ali neobvezujo\u010dih repen\u010denj ob kavi in pivu. Naenkrat pa sem bil soo\u010den s spoznanjem, da po ve\u010d kot dveh desetletjih pou\u010devanja zgodovine v bistvu ne vem, kaj sta vojna in mir, in da sem lahko zgolj hvale\u017een Bogu, ker so mi prihranjene vse tiste te\u017eke odlo\u010ditve, pred katere so prav zdaj postavljeni dr\u017eavljanke in dr\u017eavljani najve\u010dje evropske dr\u017eave.<br \/>\n(Stran 9)<\/p>\n<div id=\"tab-opis_tab\" class=\"tab-pane active\">\n<p><a href=\"https:\/\/www.iskreni.net\/trgovina\/wp-content\/uploads\/2023\/02\/Maver-Ales-2023-Ukrajina-prelistaj-knjigo.pdf\">Prelistaj<\/a><\/p>\n<p>&nbsp;<\/p>\n<\/div>\n","protected":false},"excerpt":{"rendered":"<div id=\"tab-opis_tab\" class=\"tab-pane active\">\n<p><strong>Leto izdaje:<\/strong> 2023<br \/>\n<strong>\u0160tevilo strani:<\/strong> 280<br \/>\n<strong>Format:<\/strong> 135 x 210 mm<\/p>\n<p><a href=\"https:\/\/www.iskreni.net\/trgovina\/wp-content\/uploads\/2023\/02\/Maver-Ales-2023-Ukrajina-prelistaj-knjigo.pdf\">Prelistaj<\/a><\/p>\n<\/div>\n","protected":false},"featured_media":63969,"comment_status":"open","ping_status":"closed","template":"","meta":[],"product_brand":[],"product_cat":[2326,63],"product_tag":[1675],"avtor":[2495],"zalozba":[2337],"vezava":[2307],"class_list":{"0":"post-63967","1":"product","2":"type-product","3":"status-publish","4":"has-post-thumbnail","6":"product_cat-druzbena-vprasanja-in-humanistika","7":"product_cat-knjige","8":"product_tag-ukrajina","9":"avtor-ales-maver","10":"zalozba-celjska-mohorjeva-druzba","11":"vezava-mehka","13":"first","14":"instock","15":"taxable","16":"shipping-taxable","17":"purchasable","18":"product-type-simple"},"yoast_head":"<!-- This site is optimized with the Yoast SEO plugin v26.3 - https:\/\/yoast.com\/wordpress\/plugins\/seo\/ -->\n<title>Ukrajina od igre prestolov do vojne za samostojnost - trgovina Iskreni<\/title>\n<meta name=\"description\" content=\"Ukrajina od igre prestolov do vojne za samostojnost: dr. Ale\u0161 Maver Ukrajino z zanimanjem spremlja \u017ee tri desetletja in v knjigi osvetljuje ozadje vojne.\" \/>\n<meta name=\"robots\" content=\"index, follow, max-snippet:-1, max-image-preview:large, max-video-preview:-1\" \/>\n<link rel=\"canonical\" href=\"https:\/\/www.iskreni.net\/trgovina\/product\/ukrajina-od-igre-prestolov-do-vojne-za-samostojnost\/\" \/>\n<meta property=\"og:locale\" content=\"sl_SI\" \/>\n<meta property=\"og:type\" content=\"article\" \/>\n<meta property=\"og:title\" content=\"Ukrajina od igre prestolov do vojne za samostojnost\" \/>\n<meta property=\"og:description\" content=\"Ukrajina od igre prestolov do vojne za samostojnost: dr. Ale\u0161 Maver Ukrajino z zanimanjem spremlja \u017ee tri desetletja in v knjigi osvetljuje ozadje vojne.\" \/>\n<meta property=\"og:url\" content=\"https:\/\/www.iskreni.net\/trgovina\/product\/ukrajina-od-igre-prestolov-do-vojne-za-samostojnost\/\" \/>\n<meta property=\"og:site_name\" content=\"Zavod Iskreni\" \/>\n<meta property=\"article:modified_time\" content=\"2023-10-19T12:31:01+00:00\" \/>\n<meta property=\"og:image\" content=\"https:\/\/www.iskreni.net\/trgovina\/wp-content\/uploads\/2023\/02\/Slike-za-v-spletno-trgovino-40.jpg\" \/>\n\t<meta property=\"og:image:width\" content=\"600\" \/>\n\t<meta property=\"og:image:height\" content=\"600\" \/>\n\t<meta property=\"og:image:type\" content=\"image\/jpeg\" \/>\n<meta name=\"twitter:card\" content=\"summary_large_image\" \/>\n<meta name=\"twitter:label1\" content=\"Est. reading time\" \/>\n\t<meta name=\"twitter:data1\" content=\"3 minute\" \/>\n<script type=\"application\/ld+json\" class=\"yoast-schema-graph\">{\"@context\":\"https:\/\/schema.org\",\"@graph\":[{\"@type\":\"WebPage\",\"@id\":\"https:\/\/www.iskreni.net\/trgovina\/product\/ukrajina-od-igre-prestolov-do-vojne-za-samostojnost\/\",\"url\":\"https:\/\/www.iskreni.net\/trgovina\/product\/ukrajina-od-igre-prestolov-do-vojne-za-samostojnost\/\",\"name\":\"Ukrajina od igre prestolov do vojne za samostojnost - trgovina Iskreni\",\"isPartOf\":{\"@id\":\"https:\/\/www.iskreni.net\/trgovina\/#website\"},\"primaryImageOfPage\":{\"@id\":\"https:\/\/www.iskreni.net\/trgovina\/product\/ukrajina-od-igre-prestolov-do-vojne-za-samostojnost\/#primaryimage\"},\"image\":{\"@id\":\"https:\/\/www.iskreni.net\/trgovina\/product\/ukrajina-od-igre-prestolov-do-vojne-za-samostojnost\/#primaryimage\"},\"thumbnailUrl\":\"https:\/\/www.iskreni.net\/trgovina\/wp-content\/uploads\/2023\/02\/Slike-za-v-spletno-trgovino-40.jpg\",\"datePublished\":\"2023-02-13T13:40:45+00:00\",\"dateModified\":\"2023-10-19T12:31:01+00:00\",\"description\":\"Ukrajina od igre prestolov do vojne za samostojnost: dr. Ale\u0161 Maver Ukrajino z zanimanjem spremlja \u017ee tri desetletja in v knjigi osvetljuje ozadje vojne.\",\"breadcrumb\":{\"@id\":\"https:\/\/www.iskreni.net\/trgovina\/product\/ukrajina-od-igre-prestolov-do-vojne-za-samostojnost\/#breadcrumb\"},\"inLanguage\":\"sl-SI\",\"potentialAction\":[{\"@type\":\"ReadAction\",\"target\":[\"https:\/\/www.iskreni.net\/trgovina\/product\/ukrajina-od-igre-prestolov-do-vojne-za-samostojnost\/\"]}]},{\"@type\":\"ImageObject\",\"inLanguage\":\"sl-SI\",\"@id\":\"https:\/\/www.iskreni.net\/trgovina\/product\/ukrajina-od-igre-prestolov-do-vojne-za-samostojnost\/#primaryimage\",\"url\":\"https:\/\/www.iskreni.net\/trgovina\/wp-content\/uploads\/2023\/02\/Slike-za-v-spletno-trgovino-40.jpg\",\"contentUrl\":\"https:\/\/www.iskreni.net\/trgovina\/wp-content\/uploads\/2023\/02\/Slike-za-v-spletno-trgovino-40.jpg\",\"width\":600,\"height\":600},{\"@type\":\"BreadcrumbList\",\"@id\":\"https:\/\/www.iskreni.net\/trgovina\/product\/ukrajina-od-igre-prestolov-do-vojne-za-samostojnost\/#breadcrumb\",\"itemListElement\":[{\"@type\":\"ListItem\",\"position\":1,\"name\":\"Home\",\"item\":\"https:\/\/www.iskreni.net\/trgovina\/\"},{\"@type\":\"ListItem\",\"position\":2,\"name\":\"Trgovina\",\"item\":\"https:\/\/www.iskreni.net\/trgovina\/trgovina\/\"},{\"@type\":\"ListItem\",\"position\":3,\"name\":\"Ukrajina od igre prestolov do vojne za samostojnost\"}]},{\"@type\":\"WebSite\",\"@id\":\"https:\/\/www.iskreni.net\/trgovina\/#website\",\"url\":\"https:\/\/www.iskreni.net\/trgovina\/\",\"name\":\"Zavod Iskreni\",\"description\":\"trgovina\",\"potentialAction\":[{\"@type\":\"SearchAction\",\"target\":{\"@type\":\"EntryPoint\",\"urlTemplate\":\"https:\/\/www.iskreni.net\/trgovina\/?s={search_term_string}\"},\"query-input\":{\"@type\":\"PropertyValueSpecification\",\"valueRequired\":true,\"valueName\":\"search_term_string\"}}],\"inLanguage\":\"sl-SI\"}]}<\/script>\n<!-- \/ Yoast SEO plugin. -->","yoast_head_json":{"title":"Ukrajina od igre prestolov do vojne za samostojnost - trgovina Iskreni","description":"Ukrajina od igre prestolov do vojne za samostojnost: dr. Ale\u0161 Maver Ukrajino z zanimanjem spremlja \u017ee tri desetletja in v knjigi osvetljuje ozadje vojne.","robots":{"index":"index","follow":"follow","max-snippet":"max-snippet:-1","max-image-preview":"max-image-preview:large","max-video-preview":"max-video-preview:-1"},"canonical":"https:\/\/www.iskreni.net\/trgovina\/product\/ukrajina-od-igre-prestolov-do-vojne-za-samostojnost\/","og_locale":"sl_SI","og_type":"article","og_title":"Ukrajina od igre prestolov do vojne za samostojnost","og_description":"Ukrajina od igre prestolov do vojne za samostojnost: dr. Ale\u0161 Maver Ukrajino z zanimanjem spremlja \u017ee tri desetletja in v knjigi osvetljuje ozadje vojne.","og_url":"https:\/\/www.iskreni.net\/trgovina\/product\/ukrajina-od-igre-prestolov-do-vojne-za-samostojnost\/","og_site_name":"Zavod Iskreni","article_modified_time":"2023-10-19T12:31:01+00:00","og_image":[{"width":600,"height":600,"url":"https:\/\/www.iskreni.net\/trgovina\/wp-content\/uploads\/2023\/02\/Slike-za-v-spletno-trgovino-40.jpg","type":"image\/jpeg"}],"twitter_card":"summary_large_image","twitter_misc":{"Est. reading time":"3 minute"},"schema":{"@context":"https:\/\/schema.org","@graph":[{"@type":"WebPage","@id":"https:\/\/www.iskreni.net\/trgovina\/product\/ukrajina-od-igre-prestolov-do-vojne-za-samostojnost\/","url":"https:\/\/www.iskreni.net\/trgovina\/product\/ukrajina-od-igre-prestolov-do-vojne-za-samostojnost\/","name":"Ukrajina od igre prestolov do vojne za samostojnost - trgovina Iskreni","isPartOf":{"@id":"https:\/\/www.iskreni.net\/trgovina\/#website"},"primaryImageOfPage":{"@id":"https:\/\/www.iskreni.net\/trgovina\/product\/ukrajina-od-igre-prestolov-do-vojne-za-samostojnost\/#primaryimage"},"image":{"@id":"https:\/\/www.iskreni.net\/trgovina\/product\/ukrajina-od-igre-prestolov-do-vojne-za-samostojnost\/#primaryimage"},"thumbnailUrl":"https:\/\/www.iskreni.net\/trgovina\/wp-content\/uploads\/2023\/02\/Slike-za-v-spletno-trgovino-40.jpg","datePublished":"2023-02-13T13:40:45+00:00","dateModified":"2023-10-19T12:31:01+00:00","description":"Ukrajina od igre prestolov do vojne za samostojnost: dr. Ale\u0161 Maver Ukrajino z zanimanjem spremlja \u017ee tri desetletja in v knjigi osvetljuje ozadje vojne.","breadcrumb":{"@id":"https:\/\/www.iskreni.net\/trgovina\/product\/ukrajina-od-igre-prestolov-do-vojne-za-samostojnost\/#breadcrumb"},"inLanguage":"sl-SI","potentialAction":[{"@type":"ReadAction","target":["https:\/\/www.iskreni.net\/trgovina\/product\/ukrajina-od-igre-prestolov-do-vojne-za-samostojnost\/"]}]},{"@type":"ImageObject","inLanguage":"sl-SI","@id":"https:\/\/www.iskreni.net\/trgovina\/product\/ukrajina-od-igre-prestolov-do-vojne-za-samostojnost\/#primaryimage","url":"https:\/\/www.iskreni.net\/trgovina\/wp-content\/uploads\/2023\/02\/Slike-za-v-spletno-trgovino-40.jpg","contentUrl":"https:\/\/www.iskreni.net\/trgovina\/wp-content\/uploads\/2023\/02\/Slike-za-v-spletno-trgovino-40.jpg","width":600,"height":600},{"@type":"BreadcrumbList","@id":"https:\/\/www.iskreni.net\/trgovina\/product\/ukrajina-od-igre-prestolov-do-vojne-za-samostojnost\/#breadcrumb","itemListElement":[{"@type":"ListItem","position":1,"name":"Home","item":"https:\/\/www.iskreni.net\/trgovina\/"},{"@type":"ListItem","position":2,"name":"Trgovina","item":"https:\/\/www.iskreni.net\/trgovina\/trgovina\/"},{"@type":"ListItem","position":3,"name":"Ukrajina od igre prestolov do vojne za samostojnost"}]},{"@type":"WebSite","@id":"https:\/\/www.iskreni.net\/trgovina\/#website","url":"https:\/\/www.iskreni.net\/trgovina\/","name":"Zavod Iskreni","description":"trgovina","potentialAction":[{"@type":"SearchAction","target":{"@type":"EntryPoint","urlTemplate":"https:\/\/www.iskreni.net\/trgovina\/?s={search_term_string}"},"query-input":{"@type":"PropertyValueSpecification","valueRequired":true,"valueName":"search_term_string"}}],"inLanguage":"sl-SI"}]}},"_links":{"self":[{"href":"https:\/\/www.iskreni.net\/trgovina\/wp-json\/wp\/v2\/product\/63967","targetHints":{"allow":["GET"]}}],"collection":[{"href":"https:\/\/www.iskreni.net\/trgovina\/wp-json\/wp\/v2\/product"}],"about":[{"href":"https:\/\/www.iskreni.net\/trgovina\/wp-json\/wp\/v2\/types\/product"}],"replies":[{"embeddable":true,"href":"https:\/\/www.iskreni.net\/trgovina\/wp-json\/wp\/v2\/comments?post=63967"}],"version-history":[{"count":6,"href":"https:\/\/www.iskreni.net\/trgovina\/wp-json\/wp\/v2\/product\/63967\/revisions"}],"predecessor-version":[{"id":70109,"href":"https:\/\/www.iskreni.net\/trgovina\/wp-json\/wp\/v2\/product\/63967\/revisions\/70109"}],"wp:featuredmedia":[{"embeddable":true,"href":"https:\/\/www.iskreni.net\/trgovina\/wp-json\/wp\/v2\/media\/63969"}],"wp:attachment":[{"href":"https:\/\/www.iskreni.net\/trgovina\/wp-json\/wp\/v2\/media?parent=63967"}],"wp:term":[{"taxonomy":"product_brand","embeddable":true,"href":"https:\/\/www.iskreni.net\/trgovina\/wp-json\/wp\/v2\/product_brand?post=63967"},{"taxonomy":"product_cat","embeddable":true,"href":"https:\/\/www.iskreni.net\/trgovina\/wp-json\/wp\/v2\/product_cat?post=63967"},{"taxonomy":"product_tag","embeddable":true,"href":"https:\/\/www.iskreni.net\/trgovina\/wp-json\/wp\/v2\/product_tag?post=63967"},{"taxonomy":"avtor","embeddable":true,"href":"https:\/\/www.iskreni.net\/trgovina\/wp-json\/wp\/v2\/avtor?post=63967"},{"taxonomy":"zalozba","embeddable":true,"href":"https:\/\/www.iskreni.net\/trgovina\/wp-json\/wp\/v2\/zalozba?post=63967"},{"taxonomy":"vezava","embeddable":true,"href":"https:\/\/www.iskreni.net\/trgovina\/wp-json\/wp\/v2\/vezava?post=63967"}],"curies":[{"name":"wp","href":"https:\/\/api.w.org\/{rel}","templated":true}]}}