{"id":63700,"date":"2023-02-03T15:23:00","date_gmt":"2023-02-03T14:23:00","guid":{"rendered":"https:\/\/www.iskreni.net\/trgovina\/?post_type=product&#038;p=63700"},"modified":"2024-01-08T10:35:31","modified_gmt":"2024-01-08T09:35:31","slug":"ce-v-juho-pade-muha","status":"publish","type":"product","link":"https:\/\/www.iskreni.net\/trgovina\/product\/ce-v-juho-pade-muha\/","title":{"rendered":"\u010ce v juho pade muha"},"content":{"rendered":"<h4>O knjigi <em>\u010ce v juho pade muha<\/em><\/h4>\n<p>Kaj se zgodi, \u010de v juho pade muha? Zgodi se zbirka nagajivih otro\u0161kih pesmi, ki ni od muh, a ima svoje muhe. V igrivosti in nagajivosti se pred nami zvrstijo iz\u0161tevanke, uspavanke, bibarije, \u0161aljive pesmice, v katerih slika naslika slikarja in hi\u0161a sezida zidarja, pa tudi bolj meditativne pesmi, na primer o \u010dasu, ki je ena \u010dudna stvar, ravna in obenem kriva.<\/p>\n<p>&nbsp;<\/p>\n<p>Klarisa Jovanovi\u0107 se lahkotno poigrava z ljudsko poezijo, preigrava zabavne pesni\u0161ke skovanke ter tanko\u010dutno prisluhne otro\u0161ki du\u0161i in otrokovim skrbem. Pesni\u0161ka zbirka je namenjena mlaj\u0161im bralcem, vendar bo s svojo zvo\u010dnostjo in iskrivo duhovitostjo pritegnila tudi nekoliko starej\u0161e. Dragocene pripovedne in bralne trenutke bodo dodatno obogatile odli\u010dne ilustracije \u0160tefana Turka.<\/p>\n<p>&nbsp;<\/p>\n","protected":false},"excerpt":{"rendered":"<p><strong>Avtor: <\/strong>Klarisa Jovanovi\u0107<br \/>\n<strong>Ilustracije: <\/strong>\u0160tefan Turk<strong><br \/>\n<\/strong><strong>Zalo\u017eba: <\/strong>KUD Sodobnost International<br \/>\n<strong>\u0160tevilo strani<\/strong>: 58<br \/>\n<strong>Leto izdaje:<\/strong> 2022<br \/>\n<strong>Vezava:<\/strong> trda<br \/>\n<strong>Mere:<\/strong> 21,5 x 15,5 cm<\/p>\n","protected":false},"featured_media":63634,"comment_status":"open","ping_status":"closed","template":"","meta":[],"product_brand":[],"product_cat":[63,135],"product_tag":[],"avtor":[],"zalozba":[],"vezava":[],"class_list":{"0":"post-63700","1":"product","2":"type-product","3":"status-publish","4":"has-post-thumbnail","6":"product_cat-knjige","7":"product_cat-za-otroke","9":"first","10":"onbackorder","11":"taxable","12":"shipping-taxable","13":"purchasable","14":"product-type-simple"},"yoast_head":"<!-- This site is optimized with the Yoast SEO plugin v26.3 - https:\/\/yoast.com\/wordpress\/plugins\/seo\/ -->\n<title>\u010ce v juho pade muha - trgovina Iskreni<\/title>\n<meta name=\"description\" content=\"\u010ce v juho pade muha je zbirka nagajivih otro\u0161kih pesmi, ki ni od muh, a ima svoje muhe.\" \/>\n<meta name=\"robots\" content=\"index, follow, max-snippet:-1, max-image-preview:large, max-video-preview:-1\" \/>\n<link rel=\"canonical\" href=\"https:\/\/www.iskreni.net\/trgovina\/product\/ce-v-juho-pade-muha\/\" \/>\n<meta property=\"og:locale\" content=\"sl_SI\" \/>\n<meta property=\"og:type\" content=\"article\" \/>\n<meta property=\"og:title\" content=\"\u010ce v juho pade muha\" \/>\n<meta property=\"og:description\" content=\"\u010ce v juho pade muha je zbirka nagajivih otro\u0161kih pesmi, ki ni od muh, a ima svoje muhe.\" \/>\n<meta property=\"og:url\" content=\"https:\/\/www.iskreni.net\/trgovina\/product\/ce-v-juho-pade-muha\/\" \/>\n<meta property=\"og:site_name\" content=\"Zavod Iskreni\" \/>\n<meta property=\"article:modified_time\" content=\"2024-01-08T09:35:31+00:00\" \/>\n<meta property=\"og:image\" content=\"https:\/\/www.iskreni.net\/trgovina\/wp-content\/uploads\/2023\/02\/Ce-v-juho-pade-muha.jpg\" \/>\n\t<meta property=\"og:image:width\" content=\"600\" \/>\n\t<meta property=\"og:image:height\" content=\"600\" \/>\n\t<meta property=\"og:image:type\" content=\"image\/jpeg\" \/>\n<meta name=\"twitter:card\" content=\"summary_large_image\" \/>\n<meta name=\"twitter:label1\" content=\"Est. reading time\" \/>\n\t<meta name=\"twitter:data1\" content=\"1 minuta\" \/>\n<script type=\"application\/ld+json\" class=\"yoast-schema-graph\">{\"@context\":\"https:\/\/schema.org\",\"@graph\":[{\"@type\":\"WebPage\",\"@id\":\"https:\/\/www.iskreni.net\/trgovina\/product\/ce-v-juho-pade-muha\/\",\"url\":\"https:\/\/www.iskreni.net\/trgovina\/product\/ce-v-juho-pade-muha\/\",\"name\":\"\u010ce v juho pade muha - trgovina Iskreni\",\"isPartOf\":{\"@id\":\"https:\/\/www.iskreni.net\/trgovina\/#website\"},\"primaryImageOfPage\":{\"@id\":\"https:\/\/www.iskreni.net\/trgovina\/product\/ce-v-juho-pade-muha\/#primaryimage\"},\"image\":{\"@id\":\"https:\/\/www.iskreni.net\/trgovina\/product\/ce-v-juho-pade-muha\/#primaryimage\"},\"thumbnailUrl\":\"https:\/\/www.iskreni.net\/trgovina\/wp-content\/uploads\/2023\/02\/Ce-v-juho-pade-muha.jpg\",\"datePublished\":\"2023-02-03T14:23:00+00:00\",\"dateModified\":\"2024-01-08T09:35:31+00:00\",\"description\":\"\u010ce v juho pade muha je zbirka nagajivih otro\u0161kih pesmi, ki ni od muh, a ima svoje muhe.\",\"breadcrumb\":{\"@id\":\"https:\/\/www.iskreni.net\/trgovina\/product\/ce-v-juho-pade-muha\/#breadcrumb\"},\"inLanguage\":\"sl-SI\",\"potentialAction\":[{\"@type\":\"ReadAction\",\"target\":[\"https:\/\/www.iskreni.net\/trgovina\/product\/ce-v-juho-pade-muha\/\"]}]},{\"@type\":\"ImageObject\",\"inLanguage\":\"sl-SI\",\"@id\":\"https:\/\/www.iskreni.net\/trgovina\/product\/ce-v-juho-pade-muha\/#primaryimage\",\"url\":\"https:\/\/www.iskreni.net\/trgovina\/wp-content\/uploads\/2023\/02\/Ce-v-juho-pade-muha.jpg\",\"contentUrl\":\"https:\/\/www.iskreni.net\/trgovina\/wp-content\/uploads\/2023\/02\/Ce-v-juho-pade-muha.jpg\",\"width\":600,\"height\":600},{\"@type\":\"BreadcrumbList\",\"@id\":\"https:\/\/www.iskreni.net\/trgovina\/product\/ce-v-juho-pade-muha\/#breadcrumb\",\"itemListElement\":[{\"@type\":\"ListItem\",\"position\":1,\"name\":\"Home\",\"item\":\"https:\/\/www.iskreni.net\/trgovina\/\"},{\"@type\":\"ListItem\",\"position\":2,\"name\":\"Trgovina\",\"item\":\"https:\/\/www.iskreni.net\/trgovina\/trgovina\/\"},{\"@type\":\"ListItem\",\"position\":3,\"name\":\"\u010ce v juho pade muha\"}]},{\"@type\":\"WebSite\",\"@id\":\"https:\/\/www.iskreni.net\/trgovina\/#website\",\"url\":\"https:\/\/www.iskreni.net\/trgovina\/\",\"name\":\"Zavod Iskreni\",\"description\":\"trgovina\",\"potentialAction\":[{\"@type\":\"SearchAction\",\"target\":{\"@type\":\"EntryPoint\",\"urlTemplate\":\"https:\/\/www.iskreni.net\/trgovina\/?s={search_term_string}\"},\"query-input\":{\"@type\":\"PropertyValueSpecification\",\"valueRequired\":true,\"valueName\":\"search_term_string\"}}],\"inLanguage\":\"sl-SI\"}]}<\/script>\n<!-- \/ Yoast SEO plugin. -->","yoast_head_json":{"title":"\u010ce v juho pade muha - trgovina Iskreni","description":"\u010ce v juho pade muha je zbirka nagajivih otro\u0161kih pesmi, ki ni od muh, a ima svoje muhe.","robots":{"index":"index","follow":"follow","max-snippet":"max-snippet:-1","max-image-preview":"max-image-preview:large","max-video-preview":"max-video-preview:-1"},"canonical":"https:\/\/www.iskreni.net\/trgovina\/product\/ce-v-juho-pade-muha\/","og_locale":"sl_SI","og_type":"article","og_title":"\u010ce v juho pade muha","og_description":"\u010ce v juho pade muha je zbirka nagajivih otro\u0161kih pesmi, ki ni od muh, a ima svoje muhe.","og_url":"https:\/\/www.iskreni.net\/trgovina\/product\/ce-v-juho-pade-muha\/","og_site_name":"Zavod Iskreni","article_modified_time":"2024-01-08T09:35:31+00:00","og_image":[{"width":600,"height":600,"url":"https:\/\/www.iskreni.net\/trgovina\/wp-content\/uploads\/2023\/02\/Ce-v-juho-pade-muha.jpg","type":"image\/jpeg"}],"twitter_card":"summary_large_image","twitter_misc":{"Est. reading time":"1 minuta"},"schema":{"@context":"https:\/\/schema.org","@graph":[{"@type":"WebPage","@id":"https:\/\/www.iskreni.net\/trgovina\/product\/ce-v-juho-pade-muha\/","url":"https:\/\/www.iskreni.net\/trgovina\/product\/ce-v-juho-pade-muha\/","name":"\u010ce v juho pade muha - trgovina Iskreni","isPartOf":{"@id":"https:\/\/www.iskreni.net\/trgovina\/#website"},"primaryImageOfPage":{"@id":"https:\/\/www.iskreni.net\/trgovina\/product\/ce-v-juho-pade-muha\/#primaryimage"},"image":{"@id":"https:\/\/www.iskreni.net\/trgovina\/product\/ce-v-juho-pade-muha\/#primaryimage"},"thumbnailUrl":"https:\/\/www.iskreni.net\/trgovina\/wp-content\/uploads\/2023\/02\/Ce-v-juho-pade-muha.jpg","datePublished":"2023-02-03T14:23:00+00:00","dateModified":"2024-01-08T09:35:31+00:00","description":"\u010ce v juho pade muha je zbirka nagajivih otro\u0161kih pesmi, ki ni od muh, a ima svoje muhe.","breadcrumb":{"@id":"https:\/\/www.iskreni.net\/trgovina\/product\/ce-v-juho-pade-muha\/#breadcrumb"},"inLanguage":"sl-SI","potentialAction":[{"@type":"ReadAction","target":["https:\/\/www.iskreni.net\/trgovina\/product\/ce-v-juho-pade-muha\/"]}]},{"@type":"ImageObject","inLanguage":"sl-SI","@id":"https:\/\/www.iskreni.net\/trgovina\/product\/ce-v-juho-pade-muha\/#primaryimage","url":"https:\/\/www.iskreni.net\/trgovina\/wp-content\/uploads\/2023\/02\/Ce-v-juho-pade-muha.jpg","contentUrl":"https:\/\/www.iskreni.net\/trgovina\/wp-content\/uploads\/2023\/02\/Ce-v-juho-pade-muha.jpg","width":600,"height":600},{"@type":"BreadcrumbList","@id":"https:\/\/www.iskreni.net\/trgovina\/product\/ce-v-juho-pade-muha\/#breadcrumb","itemListElement":[{"@type":"ListItem","position":1,"name":"Home","item":"https:\/\/www.iskreni.net\/trgovina\/"},{"@type":"ListItem","position":2,"name":"Trgovina","item":"https:\/\/www.iskreni.net\/trgovina\/trgovina\/"},{"@type":"ListItem","position":3,"name":"\u010ce v juho pade muha"}]},{"@type":"WebSite","@id":"https:\/\/www.iskreni.net\/trgovina\/#website","url":"https:\/\/www.iskreni.net\/trgovina\/","name":"Zavod Iskreni","description":"trgovina","potentialAction":[{"@type":"SearchAction","target":{"@type":"EntryPoint","urlTemplate":"https:\/\/www.iskreni.net\/trgovina\/?s={search_term_string}"},"query-input":{"@type":"PropertyValueSpecification","valueRequired":true,"valueName":"search_term_string"}}],"inLanguage":"sl-SI"}]}},"_links":{"self":[{"href":"https:\/\/www.iskreni.net\/trgovina\/wp-json\/wp\/v2\/product\/63700","targetHints":{"allow":["GET"]}}],"collection":[{"href":"https:\/\/www.iskreni.net\/trgovina\/wp-json\/wp\/v2\/product"}],"about":[{"href":"https:\/\/www.iskreni.net\/trgovina\/wp-json\/wp\/v2\/types\/product"}],"replies":[{"embeddable":true,"href":"https:\/\/www.iskreni.net\/trgovina\/wp-json\/wp\/v2\/comments?post=63700"}],"version-history":[{"count":2,"href":"https:\/\/www.iskreni.net\/trgovina\/wp-json\/wp\/v2\/product\/63700\/revisions"}],"predecessor-version":[{"id":63702,"href":"https:\/\/www.iskreni.net\/trgovina\/wp-json\/wp\/v2\/product\/63700\/revisions\/63702"}],"wp:featuredmedia":[{"embeddable":true,"href":"https:\/\/www.iskreni.net\/trgovina\/wp-json\/wp\/v2\/media\/63634"}],"wp:attachment":[{"href":"https:\/\/www.iskreni.net\/trgovina\/wp-json\/wp\/v2\/media?parent=63700"}],"wp:term":[{"taxonomy":"product_brand","embeddable":true,"href":"https:\/\/www.iskreni.net\/trgovina\/wp-json\/wp\/v2\/product_brand?post=63700"},{"taxonomy":"product_cat","embeddable":true,"href":"https:\/\/www.iskreni.net\/trgovina\/wp-json\/wp\/v2\/product_cat?post=63700"},{"taxonomy":"product_tag","embeddable":true,"href":"https:\/\/www.iskreni.net\/trgovina\/wp-json\/wp\/v2\/product_tag?post=63700"},{"taxonomy":"avtor","embeddable":true,"href":"https:\/\/www.iskreni.net\/trgovina\/wp-json\/wp\/v2\/avtor?post=63700"},{"taxonomy":"zalozba","embeddable":true,"href":"https:\/\/www.iskreni.net\/trgovina\/wp-json\/wp\/v2\/zalozba?post=63700"},{"taxonomy":"vezava","embeddable":true,"href":"https:\/\/www.iskreni.net\/trgovina\/wp-json\/wp\/v2\/vezava?post=63700"}],"curies":[{"name":"wp","href":"https:\/\/api.w.org\/{rel}","templated":true}]}}