{"id":63659,"date":"2023-02-02T16:35:00","date_gmt":"2023-02-02T15:35:00","guid":{"rendered":"https:\/\/www.iskreni.net\/trgovina\/?post_type=product&#038;p=63659"},"modified":"2025-07-09T13:46:09","modified_gmt":"2025-07-09T11:46:09","slug":"lan-in-luna-luzica","status":"publish","type":"product","link":"https:\/\/www.iskreni.net\/trgovina\/product\/lan-in-luna-luzica\/","title":{"rendered":"Lan in Luna, Lu\u017eica"},"content":{"rendered":"<h4>O knjigi <em>Lan in Luna, Lu\u017eica<\/em><\/h4>\n<p>Axel Scheffler nas ponovno vabi v dru\u017ebo Lana in Lune, ki sta se pri igranju zelo zabavala. Lan je pozabil, da ga ti\u0161\u010di lulat. Kmalu je bila na tleh lu\u017eica. Ojoj!<\/p>\n<p>Oglejte si, zakaj Lanu ni bilo nerodno. Ne\u017ena zgodba o prijateljih, ki sta premagala nadloge in te\u017eave z lulanjem.<\/p>\n","protected":false},"excerpt":{"rendered":"<p><strong>Prevod: <\/strong>Milan Dekleva<strong><br \/>\n<\/strong><strong>\u0160tevilo strani<\/strong>: 28<br \/>\n<strong>Leto izdaje:<\/strong> 2022<br \/>\n<strong>Mere:<\/strong> 22,5 x 22,5 cm<\/p>\n","protected":false},"featured_media":63635,"comment_status":"open","ping_status":"closed","template":"","meta":[],"product_brand":[],"product_cat":[63,135],"product_tag":[],"avtor":[2432],"zalozba":[2360],"vezava":[2306],"class_list":{"0":"post-63659","1":"product","2":"type-product","3":"status-publish","4":"has-post-thumbnail","6":"product_cat-knjige","7":"product_cat-za-otroke","8":"avtor-axel-scheffler","9":"zalozba-morfem","10":"vezava-trda","12":"first","13":"onbackorder","14":"taxable","15":"shipping-taxable","16":"purchasable","17":"product-type-simple"},"yoast_head":"<!-- This site is optimized with the Yoast SEO plugin v26.3 - https:\/\/yoast.com\/wordpress\/plugins\/seo\/ -->\n<title>Lan in Luna, Lu\u017eica - trgovina Iskreni<\/title>\n<meta name=\"description\" content=\"Lan in Luna, Lu\u017eica pripoveduje o prijateljih, ki sta se tako vneto igrala, da je Lan pozabil, da ga ti\u0161\u010di lulat, dokler se na tleh ni pojavila lu\u017eica ...\" \/>\n<meta name=\"robots\" content=\"index, follow, max-snippet:-1, max-image-preview:large, max-video-preview:-1\" \/>\n<link rel=\"canonical\" href=\"https:\/\/www.iskreni.net\/trgovina\/product\/lan-in-luna-luzica\/\" \/>\n<meta property=\"og:locale\" content=\"sl_SI\" \/>\n<meta property=\"og:type\" content=\"article\" \/>\n<meta property=\"og:title\" content=\"Lan in Luna, Lu\u017eica\" \/>\n<meta property=\"og:description\" content=\"Lan in Luna, Lu\u017eica pripoveduje o prijateljih, ki sta se tako vneto igrala, da je Lan pozabil, da ga ti\u0161\u010di lulat, dokler se na tleh ni pojavila lu\u017eica ...\" \/>\n<meta property=\"og:url\" content=\"https:\/\/www.iskreni.net\/trgovina\/product\/lan-in-luna-luzica\/\" \/>\n<meta property=\"og:site_name\" content=\"Zavod Iskreni\" \/>\n<meta property=\"article:modified_time\" content=\"2025-07-09T11:46:09+00:00\" \/>\n<meta property=\"og:image\" content=\"https:\/\/www.iskreni.net\/trgovina\/wp-content\/uploads\/2023\/02\/Lan-in-Luna-Luzica.jpg\" \/>\n\t<meta property=\"og:image:width\" content=\"600\" \/>\n\t<meta property=\"og:image:height\" content=\"600\" \/>\n\t<meta property=\"og:image:type\" content=\"image\/jpeg\" \/>\n<meta name=\"twitter:card\" content=\"summary_large_image\" \/>\n<meta name=\"twitter:label1\" content=\"Est. reading time\" \/>\n\t<meta name=\"twitter:data1\" content=\"1 minuta\" \/>\n<script type=\"application\/ld+json\" class=\"yoast-schema-graph\">{\"@context\":\"https:\/\/schema.org\",\"@graph\":[{\"@type\":\"WebPage\",\"@id\":\"https:\/\/www.iskreni.net\/trgovina\/product\/lan-in-luna-luzica\/\",\"url\":\"https:\/\/www.iskreni.net\/trgovina\/product\/lan-in-luna-luzica\/\",\"name\":\"Lan in Luna, Lu\u017eica - trgovina Iskreni\",\"isPartOf\":{\"@id\":\"https:\/\/www.iskreni.net\/trgovina\/#website\"},\"primaryImageOfPage\":{\"@id\":\"https:\/\/www.iskreni.net\/trgovina\/product\/lan-in-luna-luzica\/#primaryimage\"},\"image\":{\"@id\":\"https:\/\/www.iskreni.net\/trgovina\/product\/lan-in-luna-luzica\/#primaryimage\"},\"thumbnailUrl\":\"https:\/\/www.iskreni.net\/trgovina\/wp-content\/uploads\/2023\/02\/Lan-in-Luna-Luzica.jpg\",\"datePublished\":\"2023-02-02T15:35:00+00:00\",\"dateModified\":\"2025-07-09T11:46:09+00:00\",\"description\":\"Lan in Luna, Lu\u017eica pripoveduje o prijateljih, ki sta se tako vneto igrala, da je Lan pozabil, da ga ti\u0161\u010di lulat, dokler se na tleh ni pojavila lu\u017eica ...\",\"breadcrumb\":{\"@id\":\"https:\/\/www.iskreni.net\/trgovina\/product\/lan-in-luna-luzica\/#breadcrumb\"},\"inLanguage\":\"sl-SI\",\"potentialAction\":[{\"@type\":\"ReadAction\",\"target\":[\"https:\/\/www.iskreni.net\/trgovina\/product\/lan-in-luna-luzica\/\"]}]},{\"@type\":\"ImageObject\",\"inLanguage\":\"sl-SI\",\"@id\":\"https:\/\/www.iskreni.net\/trgovina\/product\/lan-in-luna-luzica\/#primaryimage\",\"url\":\"https:\/\/www.iskreni.net\/trgovina\/wp-content\/uploads\/2023\/02\/Lan-in-Luna-Luzica.jpg\",\"contentUrl\":\"https:\/\/www.iskreni.net\/trgovina\/wp-content\/uploads\/2023\/02\/Lan-in-Luna-Luzica.jpg\",\"width\":600,\"height\":600},{\"@type\":\"BreadcrumbList\",\"@id\":\"https:\/\/www.iskreni.net\/trgovina\/product\/lan-in-luna-luzica\/#breadcrumb\",\"itemListElement\":[{\"@type\":\"ListItem\",\"position\":1,\"name\":\"Home\",\"item\":\"https:\/\/www.iskreni.net\/trgovina\/\"},{\"@type\":\"ListItem\",\"position\":2,\"name\":\"Trgovina\",\"item\":\"https:\/\/www.iskreni.net\/trgovina\/trgovina\/\"},{\"@type\":\"ListItem\",\"position\":3,\"name\":\"Lan in Luna, Lu\u017eica\"}]},{\"@type\":\"WebSite\",\"@id\":\"https:\/\/www.iskreni.net\/trgovina\/#website\",\"url\":\"https:\/\/www.iskreni.net\/trgovina\/\",\"name\":\"Zavod Iskreni\",\"description\":\"trgovina\",\"potentialAction\":[{\"@type\":\"SearchAction\",\"target\":{\"@type\":\"EntryPoint\",\"urlTemplate\":\"https:\/\/www.iskreni.net\/trgovina\/?s={search_term_string}\"},\"query-input\":{\"@type\":\"PropertyValueSpecification\",\"valueRequired\":true,\"valueName\":\"search_term_string\"}}],\"inLanguage\":\"sl-SI\"}]}<\/script>\n<!-- \/ Yoast SEO plugin. -->","yoast_head_json":{"title":"Lan in Luna, Lu\u017eica - trgovina Iskreni","description":"Lan in Luna, Lu\u017eica pripoveduje o prijateljih, ki sta se tako vneto igrala, da je Lan pozabil, da ga ti\u0161\u010di lulat, dokler se na tleh ni pojavila lu\u017eica ...","robots":{"index":"index","follow":"follow","max-snippet":"max-snippet:-1","max-image-preview":"max-image-preview:large","max-video-preview":"max-video-preview:-1"},"canonical":"https:\/\/www.iskreni.net\/trgovina\/product\/lan-in-luna-luzica\/","og_locale":"sl_SI","og_type":"article","og_title":"Lan in Luna, Lu\u017eica","og_description":"Lan in Luna, Lu\u017eica pripoveduje o prijateljih, ki sta se tako vneto igrala, da je Lan pozabil, da ga ti\u0161\u010di lulat, dokler se na tleh ni pojavila lu\u017eica ...","og_url":"https:\/\/www.iskreni.net\/trgovina\/product\/lan-in-luna-luzica\/","og_site_name":"Zavod Iskreni","article_modified_time":"2025-07-09T11:46:09+00:00","og_image":[{"width":600,"height":600,"url":"https:\/\/www.iskreni.net\/trgovina\/wp-content\/uploads\/2023\/02\/Lan-in-Luna-Luzica.jpg","type":"image\/jpeg"}],"twitter_card":"summary_large_image","twitter_misc":{"Est. reading time":"1 minuta"},"schema":{"@context":"https:\/\/schema.org","@graph":[{"@type":"WebPage","@id":"https:\/\/www.iskreni.net\/trgovina\/product\/lan-in-luna-luzica\/","url":"https:\/\/www.iskreni.net\/trgovina\/product\/lan-in-luna-luzica\/","name":"Lan in Luna, Lu\u017eica - trgovina Iskreni","isPartOf":{"@id":"https:\/\/www.iskreni.net\/trgovina\/#website"},"primaryImageOfPage":{"@id":"https:\/\/www.iskreni.net\/trgovina\/product\/lan-in-luna-luzica\/#primaryimage"},"image":{"@id":"https:\/\/www.iskreni.net\/trgovina\/product\/lan-in-luna-luzica\/#primaryimage"},"thumbnailUrl":"https:\/\/www.iskreni.net\/trgovina\/wp-content\/uploads\/2023\/02\/Lan-in-Luna-Luzica.jpg","datePublished":"2023-02-02T15:35:00+00:00","dateModified":"2025-07-09T11:46:09+00:00","description":"Lan in Luna, Lu\u017eica pripoveduje o prijateljih, ki sta se tako vneto igrala, da je Lan pozabil, da ga ti\u0161\u010di lulat, dokler se na tleh ni pojavila lu\u017eica ...","breadcrumb":{"@id":"https:\/\/www.iskreni.net\/trgovina\/product\/lan-in-luna-luzica\/#breadcrumb"},"inLanguage":"sl-SI","potentialAction":[{"@type":"ReadAction","target":["https:\/\/www.iskreni.net\/trgovina\/product\/lan-in-luna-luzica\/"]}]},{"@type":"ImageObject","inLanguage":"sl-SI","@id":"https:\/\/www.iskreni.net\/trgovina\/product\/lan-in-luna-luzica\/#primaryimage","url":"https:\/\/www.iskreni.net\/trgovina\/wp-content\/uploads\/2023\/02\/Lan-in-Luna-Luzica.jpg","contentUrl":"https:\/\/www.iskreni.net\/trgovina\/wp-content\/uploads\/2023\/02\/Lan-in-Luna-Luzica.jpg","width":600,"height":600},{"@type":"BreadcrumbList","@id":"https:\/\/www.iskreni.net\/trgovina\/product\/lan-in-luna-luzica\/#breadcrumb","itemListElement":[{"@type":"ListItem","position":1,"name":"Home","item":"https:\/\/www.iskreni.net\/trgovina\/"},{"@type":"ListItem","position":2,"name":"Trgovina","item":"https:\/\/www.iskreni.net\/trgovina\/trgovina\/"},{"@type":"ListItem","position":3,"name":"Lan in Luna, Lu\u017eica"}]},{"@type":"WebSite","@id":"https:\/\/www.iskreni.net\/trgovina\/#website","url":"https:\/\/www.iskreni.net\/trgovina\/","name":"Zavod Iskreni","description":"trgovina","potentialAction":[{"@type":"SearchAction","target":{"@type":"EntryPoint","urlTemplate":"https:\/\/www.iskreni.net\/trgovina\/?s={search_term_string}"},"query-input":{"@type":"PropertyValueSpecification","valueRequired":true,"valueName":"search_term_string"}}],"inLanguage":"sl-SI"}]}},"_links":{"self":[{"href":"https:\/\/www.iskreni.net\/trgovina\/wp-json\/wp\/v2\/product\/63659","targetHints":{"allow":["GET"]}}],"collection":[{"href":"https:\/\/www.iskreni.net\/trgovina\/wp-json\/wp\/v2\/product"}],"about":[{"href":"https:\/\/www.iskreni.net\/trgovina\/wp-json\/wp\/v2\/types\/product"}],"replies":[{"embeddable":true,"href":"https:\/\/www.iskreni.net\/trgovina\/wp-json\/wp\/v2\/comments?post=63659"}],"version-history":[{"count":4,"href":"https:\/\/www.iskreni.net\/trgovina\/wp-json\/wp\/v2\/product\/63659\/revisions"}],"predecessor-version":[{"id":69882,"href":"https:\/\/www.iskreni.net\/trgovina\/wp-json\/wp\/v2\/product\/63659\/revisions\/69882"}],"wp:featuredmedia":[{"embeddable":true,"href":"https:\/\/www.iskreni.net\/trgovina\/wp-json\/wp\/v2\/media\/63635"}],"wp:attachment":[{"href":"https:\/\/www.iskreni.net\/trgovina\/wp-json\/wp\/v2\/media?parent=63659"}],"wp:term":[{"taxonomy":"product_brand","embeddable":true,"href":"https:\/\/www.iskreni.net\/trgovina\/wp-json\/wp\/v2\/product_brand?post=63659"},{"taxonomy":"product_cat","embeddable":true,"href":"https:\/\/www.iskreni.net\/trgovina\/wp-json\/wp\/v2\/product_cat?post=63659"},{"taxonomy":"product_tag","embeddable":true,"href":"https:\/\/www.iskreni.net\/trgovina\/wp-json\/wp\/v2\/product_tag?post=63659"},{"taxonomy":"avtor","embeddable":true,"href":"https:\/\/www.iskreni.net\/trgovina\/wp-json\/wp\/v2\/avtor?post=63659"},{"taxonomy":"zalozba","embeddable":true,"href":"https:\/\/www.iskreni.net\/trgovina\/wp-json\/wp\/v2\/zalozba?post=63659"},{"taxonomy":"vezava","embeddable":true,"href":"https:\/\/www.iskreni.net\/trgovina\/wp-json\/wp\/v2\/vezava?post=63659"}],"curies":[{"name":"wp","href":"https:\/\/api.w.org\/{rel}","templated":true}]}}