{"id":63536,"date":"2023-01-30T15:10:18","date_gmt":"2023-01-30T14:10:18","guid":{"rendered":"https:\/\/www.iskreni.net\/trgovina\/?post_type=product&#038;p=63536"},"modified":"2026-02-20T11:03:44","modified_gmt":"2026-02-20T10:03:44","slug":"tukaj-sem-zate-in-to-je-zgodba-mojega-trpljenja-krizev-pot-tolazbe","status":"publish","type":"product","link":"https:\/\/www.iskreni.net\/trgovina\/product\/tukaj-sem-zate-in-to-je-zgodba-mojega-trpljenja-krizev-pot-tolazbe\/","title":{"rendered":"Tukaj sem zate &#8230; in to je zgodba mojega trpljenja: Kri\u017eev pot tola\u017ebe"},"content":{"rendered":"<h3><strong>O knjigi:<\/strong><\/h3>\n<p style=\"font-weight: 400;\">Kri\u017eev pot ni molitev le za postni \u010das ali za veliki petek \u2026 ampak je molitev \u017eivljenja \u2013 saj Bo\u017ejo bli\u017eino potrebujemo prav v vsakem trenutku!<\/p>\n<p>Ta kri\u017eev pot je resni\u010dno nekaj posebnega, ker ga pripoveduje Jezus sam, ker nas po svojem trpljenju \u017eeli potola\u017eiti, ker nas spodbuja, da mu zaupamo ne glede na okoli\u0161\u010dine in ker je v ospredju osebni odnos Jezusa do vsakega \u010dloveka.<\/p>\n<p>&nbsp;<\/p>\n<h3><strong>O avtorici:<\/strong><\/h3>\n<p style=\"font-weight: 400;\">Nata\u0161a Rupena je na akademiji Belle Arti v Benetkah do\u0161tudirala oblikovanje. Med \u0161tudijem je do\u017eivela spreobrnjenje v kr\u0161\u010dansko (katoli\u0161ko) vero, ki je mo\u010dno preobrnilo njeno \u017eivljenjsko pot. Spoznala je, da jo \u017eivljenje kot umetnice ne osre\u010duje, zato je zapustila okolje galerij in ateljeja ter se poglobila v \u0161tudij teologije. Zaljubljena v Jezusa in njegove prijatelje v nebesih je Bogu izro\u010dila vse svoje talente in dolga leta v svojem delu ni na\u0161la pravega miru.<\/p>\n<p style=\"font-weight: 400;\">Njeno \u017eivljenje je bilo duhovno vseskozi nadvse pestro in bogato: globoko do\u017eivljanje Boga in Njegove navzo\u010dnosti jo je vedno znova spodbujalo k pisanju in tako so nastajale molitve, zapiski in \u010dlanki, objavljeni v katoli\u0161kih medijih. Po bolezni, zaradi katere je za ve\u010d mesecev oble\u017eala in hudem duhovnem boju, je nastala njena prva knjiga \u00bbVsega hudega \u2013 re\u0161i nas, o Gospod!\u00ab. Kmalu za tem so za\u010dela nastajati \u0161e besedila in ilustracije za otro\u0161ke knjige.<\/p>\n","protected":false},"excerpt":{"rendered":"<p><strong>Leto izdaje:<\/strong> 2023<\/p>\n<p><em>\u00bbDraga moja, Bog O\u010de bo vedno dopustil preizku\u0161njo najprej zato, da bi se \u0161e bolj povezala z menoj. V preizku\u0161nji bo vedno poskrbel zate \u2013 pa \u010deprav na na\u010din, ki ga najmanj pri\u010dakuje\u0161. O\u010de rad presene\u010da \u2026 zato zaupaj in nikoli ne obupaj!\u00ab\u00a0<\/em><\/p>\n","protected":false},"featured_media":63534,"comment_status":"open","ping_status":"closed","template":"","meta":[],"product_brand":[],"product_cat":[2324,63,135],"product_tag":[391,2037,2634],"avtor":[2369],"zalozba":[2346],"vezava":[2306],"class_list":{"0":"post-63536","1":"product","2":"type-product","3":"status-publish","4":"has-post-thumbnail","6":"product_cat-duhovnost-in-osebna-rast","7":"product_cat-knjige","8":"product_cat-za-otroke","9":"product_tag-jezus","10":"product_tag-krizev-pot","11":"product_tag-tukaj-sem-zate","12":"avtor-natasa-rupena","13":"zalozba-samozalozba-fede-natasa-rupena-s-p","14":"vezava-trda","16":"first","17":"instock","18":"taxable","19":"shipping-taxable","20":"purchasable","21":"product-type-simple"},"yoast_head":"<!-- This site is optimized with the Yoast SEO plugin v26.3 - https:\/\/yoast.com\/wordpress\/plugins\/seo\/ -->\n<title>Kri\u017eev pot tola\u017ebe - trgovina Iskreni<\/title>\n<meta name=\"description\" content=\"Kri\u017eev pot tola\u017ebe pripoveduje Jezus sam. Po svojem trpljenju nas \u017eeli potola\u017eiti in nas spodbuja, da mu zaupamo ne glede na okoli\u0161\u010dine.\" \/>\n<meta name=\"robots\" content=\"index, follow, max-snippet:-1, max-image-preview:large, max-video-preview:-1\" \/>\n<link rel=\"canonical\" href=\"https:\/\/www.iskreni.net\/trgovina\/product\/tukaj-sem-zate-in-to-je-zgodba-mojega-trpljenja-krizev-pot-tolazbe\/\" \/>\n<meta property=\"og:locale\" content=\"sl_SI\" \/>\n<meta property=\"og:type\" content=\"article\" \/>\n<meta property=\"og:title\" content=\"Kri\u017eev pot tola\u017ebe\" \/>\n<meta property=\"og:description\" content=\"Kri\u017eev pot tola\u017ebe pripoveduje Jezus sam. Po svojem trpljenju nas \u017eeli potola\u017eiti in nas spodbuja, da mu zaupamo ne glede na okoli\u0161\u010dine.\" \/>\n<meta property=\"og:url\" content=\"https:\/\/www.iskreni.net\/trgovina\/product\/tukaj-sem-zate-in-to-je-zgodba-mojega-trpljenja-krizev-pot-tolazbe\/\" \/>\n<meta property=\"og:site_name\" content=\"Zavod Iskreni\" \/>\n<meta property=\"article:modified_time\" content=\"2026-02-20T10:03:44+00:00\" \/>\n<meta property=\"og:image\" content=\"https:\/\/www.iskreni.net\/trgovina\/wp-content\/uploads\/2023\/01\/Slike-za-v-spletno-trgovino-36.jpg\" \/>\n\t<meta property=\"og:image:width\" content=\"600\" \/>\n\t<meta property=\"og:image:height\" content=\"600\" \/>\n\t<meta property=\"og:image:type\" content=\"image\/jpeg\" \/>\n<meta name=\"twitter:card\" content=\"summary_large_image\" \/>\n<meta name=\"twitter:label1\" content=\"Est. reading time\" \/>\n\t<meta name=\"twitter:data1\" content=\"2 minuti\" \/>\n<script type=\"application\/ld+json\" class=\"yoast-schema-graph\">{\"@context\":\"https:\/\/schema.org\",\"@graph\":[{\"@type\":\"WebPage\",\"@id\":\"https:\/\/www.iskreni.net\/trgovina\/product\/tukaj-sem-zate-in-to-je-zgodba-mojega-trpljenja-krizev-pot-tolazbe\/\",\"url\":\"https:\/\/www.iskreni.net\/trgovina\/product\/tukaj-sem-zate-in-to-je-zgodba-mojega-trpljenja-krizev-pot-tolazbe\/\",\"name\":\"Kri\u017eev pot tola\u017ebe - trgovina Iskreni\",\"isPartOf\":{\"@id\":\"https:\/\/www.iskreni.net\/trgovina\/#website\"},\"primaryImageOfPage\":{\"@id\":\"https:\/\/www.iskreni.net\/trgovina\/product\/tukaj-sem-zate-in-to-je-zgodba-mojega-trpljenja-krizev-pot-tolazbe\/#primaryimage\"},\"image\":{\"@id\":\"https:\/\/www.iskreni.net\/trgovina\/product\/tukaj-sem-zate-in-to-je-zgodba-mojega-trpljenja-krizev-pot-tolazbe\/#primaryimage\"},\"thumbnailUrl\":\"https:\/\/www.iskreni.net\/trgovina\/wp-content\/uploads\/2023\/01\/Slike-za-v-spletno-trgovino-36.jpg\",\"datePublished\":\"2023-01-30T14:10:18+00:00\",\"dateModified\":\"2026-02-20T10:03:44+00:00\",\"description\":\"Kri\u017eev pot tola\u017ebe pripoveduje Jezus sam. Po svojem trpljenju nas \u017eeli potola\u017eiti in nas spodbuja, da mu zaupamo ne glede na okoli\u0161\u010dine.\",\"breadcrumb\":{\"@id\":\"https:\/\/www.iskreni.net\/trgovina\/product\/tukaj-sem-zate-in-to-je-zgodba-mojega-trpljenja-krizev-pot-tolazbe\/#breadcrumb\"},\"inLanguage\":\"sl-SI\",\"potentialAction\":[{\"@type\":\"ReadAction\",\"target\":[\"https:\/\/www.iskreni.net\/trgovina\/product\/tukaj-sem-zate-in-to-je-zgodba-mojega-trpljenja-krizev-pot-tolazbe\/\"]}]},{\"@type\":\"ImageObject\",\"inLanguage\":\"sl-SI\",\"@id\":\"https:\/\/www.iskreni.net\/trgovina\/product\/tukaj-sem-zate-in-to-je-zgodba-mojega-trpljenja-krizev-pot-tolazbe\/#primaryimage\",\"url\":\"https:\/\/www.iskreni.net\/trgovina\/wp-content\/uploads\/2023\/01\/Slike-za-v-spletno-trgovino-36.jpg\",\"contentUrl\":\"https:\/\/www.iskreni.net\/trgovina\/wp-content\/uploads\/2023\/01\/Slike-za-v-spletno-trgovino-36.jpg\",\"width\":600,\"height\":600},{\"@type\":\"BreadcrumbList\",\"@id\":\"https:\/\/www.iskreni.net\/trgovina\/product\/tukaj-sem-zate-in-to-je-zgodba-mojega-trpljenja-krizev-pot-tolazbe\/#breadcrumb\",\"itemListElement\":[{\"@type\":\"ListItem\",\"position\":1,\"name\":\"Home\",\"item\":\"https:\/\/www.iskreni.net\/trgovina\/\"},{\"@type\":\"ListItem\",\"position\":2,\"name\":\"Trgovina\",\"item\":\"https:\/\/www.iskreni.net\/trgovina\/trgovina\/\"},{\"@type\":\"ListItem\",\"position\":3,\"name\":\"Tukaj sem zate &#8230; in to je zgodba mojega trpljenja: Kri\u017eev pot tola\u017ebe\"}]},{\"@type\":\"WebSite\",\"@id\":\"https:\/\/www.iskreni.net\/trgovina\/#website\",\"url\":\"https:\/\/www.iskreni.net\/trgovina\/\",\"name\":\"Zavod Iskreni\",\"description\":\"trgovina\",\"potentialAction\":[{\"@type\":\"SearchAction\",\"target\":{\"@type\":\"EntryPoint\",\"urlTemplate\":\"https:\/\/www.iskreni.net\/trgovina\/?s={search_term_string}\"},\"query-input\":{\"@type\":\"PropertyValueSpecification\",\"valueRequired\":true,\"valueName\":\"search_term_string\"}}],\"inLanguage\":\"sl-SI\"}]}<\/script>\n<!-- \/ Yoast SEO plugin. -->","yoast_head_json":{"title":"Kri\u017eev pot tola\u017ebe - trgovina Iskreni","description":"Kri\u017eev pot tola\u017ebe pripoveduje Jezus sam. Po svojem trpljenju nas \u017eeli potola\u017eiti in nas spodbuja, da mu zaupamo ne glede na okoli\u0161\u010dine.","robots":{"index":"index","follow":"follow","max-snippet":"max-snippet:-1","max-image-preview":"max-image-preview:large","max-video-preview":"max-video-preview:-1"},"canonical":"https:\/\/www.iskreni.net\/trgovina\/product\/tukaj-sem-zate-in-to-je-zgodba-mojega-trpljenja-krizev-pot-tolazbe\/","og_locale":"sl_SI","og_type":"article","og_title":"Kri\u017eev pot tola\u017ebe","og_description":"Kri\u017eev pot tola\u017ebe pripoveduje Jezus sam. Po svojem trpljenju nas \u017eeli potola\u017eiti in nas spodbuja, da mu zaupamo ne glede na okoli\u0161\u010dine.","og_url":"https:\/\/www.iskreni.net\/trgovina\/product\/tukaj-sem-zate-in-to-je-zgodba-mojega-trpljenja-krizev-pot-tolazbe\/","og_site_name":"Zavod Iskreni","article_modified_time":"2026-02-20T10:03:44+00:00","og_image":[{"width":600,"height":600,"url":"https:\/\/www.iskreni.net\/trgovina\/wp-content\/uploads\/2023\/01\/Slike-za-v-spletno-trgovino-36.jpg","type":"image\/jpeg"}],"twitter_card":"summary_large_image","twitter_misc":{"Est. reading time":"2 minuti"},"schema":{"@context":"https:\/\/schema.org","@graph":[{"@type":"WebPage","@id":"https:\/\/www.iskreni.net\/trgovina\/product\/tukaj-sem-zate-in-to-je-zgodba-mojega-trpljenja-krizev-pot-tolazbe\/","url":"https:\/\/www.iskreni.net\/trgovina\/product\/tukaj-sem-zate-in-to-je-zgodba-mojega-trpljenja-krizev-pot-tolazbe\/","name":"Kri\u017eev pot tola\u017ebe - trgovina Iskreni","isPartOf":{"@id":"https:\/\/www.iskreni.net\/trgovina\/#website"},"primaryImageOfPage":{"@id":"https:\/\/www.iskreni.net\/trgovina\/product\/tukaj-sem-zate-in-to-je-zgodba-mojega-trpljenja-krizev-pot-tolazbe\/#primaryimage"},"image":{"@id":"https:\/\/www.iskreni.net\/trgovina\/product\/tukaj-sem-zate-in-to-je-zgodba-mojega-trpljenja-krizev-pot-tolazbe\/#primaryimage"},"thumbnailUrl":"https:\/\/www.iskreni.net\/trgovina\/wp-content\/uploads\/2023\/01\/Slike-za-v-spletno-trgovino-36.jpg","datePublished":"2023-01-30T14:10:18+00:00","dateModified":"2026-02-20T10:03:44+00:00","description":"Kri\u017eev pot tola\u017ebe pripoveduje Jezus sam. Po svojem trpljenju nas \u017eeli potola\u017eiti in nas spodbuja, da mu zaupamo ne glede na okoli\u0161\u010dine.","breadcrumb":{"@id":"https:\/\/www.iskreni.net\/trgovina\/product\/tukaj-sem-zate-in-to-je-zgodba-mojega-trpljenja-krizev-pot-tolazbe\/#breadcrumb"},"inLanguage":"sl-SI","potentialAction":[{"@type":"ReadAction","target":["https:\/\/www.iskreni.net\/trgovina\/product\/tukaj-sem-zate-in-to-je-zgodba-mojega-trpljenja-krizev-pot-tolazbe\/"]}]},{"@type":"ImageObject","inLanguage":"sl-SI","@id":"https:\/\/www.iskreni.net\/trgovina\/product\/tukaj-sem-zate-in-to-je-zgodba-mojega-trpljenja-krizev-pot-tolazbe\/#primaryimage","url":"https:\/\/www.iskreni.net\/trgovina\/wp-content\/uploads\/2023\/01\/Slike-za-v-spletno-trgovino-36.jpg","contentUrl":"https:\/\/www.iskreni.net\/trgovina\/wp-content\/uploads\/2023\/01\/Slike-za-v-spletno-trgovino-36.jpg","width":600,"height":600},{"@type":"BreadcrumbList","@id":"https:\/\/www.iskreni.net\/trgovina\/product\/tukaj-sem-zate-in-to-je-zgodba-mojega-trpljenja-krizev-pot-tolazbe\/#breadcrumb","itemListElement":[{"@type":"ListItem","position":1,"name":"Home","item":"https:\/\/www.iskreni.net\/trgovina\/"},{"@type":"ListItem","position":2,"name":"Trgovina","item":"https:\/\/www.iskreni.net\/trgovina\/trgovina\/"},{"@type":"ListItem","position":3,"name":"Tukaj sem zate &#8230; in to je zgodba mojega trpljenja: Kri\u017eev pot tola\u017ebe"}]},{"@type":"WebSite","@id":"https:\/\/www.iskreni.net\/trgovina\/#website","url":"https:\/\/www.iskreni.net\/trgovina\/","name":"Zavod Iskreni","description":"trgovina","potentialAction":[{"@type":"SearchAction","target":{"@type":"EntryPoint","urlTemplate":"https:\/\/www.iskreni.net\/trgovina\/?s={search_term_string}"},"query-input":{"@type":"PropertyValueSpecification","valueRequired":true,"valueName":"search_term_string"}}],"inLanguage":"sl-SI"}]}},"_links":{"self":[{"href":"https:\/\/www.iskreni.net\/trgovina\/wp-json\/wp\/v2\/product\/63536","targetHints":{"allow":["GET"]}}],"collection":[{"href":"https:\/\/www.iskreni.net\/trgovina\/wp-json\/wp\/v2\/product"}],"about":[{"href":"https:\/\/www.iskreni.net\/trgovina\/wp-json\/wp\/v2\/types\/product"}],"replies":[{"embeddable":true,"href":"https:\/\/www.iskreni.net\/trgovina\/wp-json\/wp\/v2\/comments?post=63536"}],"version-history":[{"count":8,"href":"https:\/\/www.iskreni.net\/trgovina\/wp-json\/wp\/v2\/product\/63536\/revisions"}],"predecessor-version":[{"id":73387,"href":"https:\/\/www.iskreni.net\/trgovina\/wp-json\/wp\/v2\/product\/63536\/revisions\/73387"}],"wp:featuredmedia":[{"embeddable":true,"href":"https:\/\/www.iskreni.net\/trgovina\/wp-json\/wp\/v2\/media\/63534"}],"wp:attachment":[{"href":"https:\/\/www.iskreni.net\/trgovina\/wp-json\/wp\/v2\/media?parent=63536"}],"wp:term":[{"taxonomy":"product_brand","embeddable":true,"href":"https:\/\/www.iskreni.net\/trgovina\/wp-json\/wp\/v2\/product_brand?post=63536"},{"taxonomy":"product_cat","embeddable":true,"href":"https:\/\/www.iskreni.net\/trgovina\/wp-json\/wp\/v2\/product_cat?post=63536"},{"taxonomy":"product_tag","embeddable":true,"href":"https:\/\/www.iskreni.net\/trgovina\/wp-json\/wp\/v2\/product_tag?post=63536"},{"taxonomy":"avtor","embeddable":true,"href":"https:\/\/www.iskreni.net\/trgovina\/wp-json\/wp\/v2\/avtor?post=63536"},{"taxonomy":"zalozba","embeddable":true,"href":"https:\/\/www.iskreni.net\/trgovina\/wp-json\/wp\/v2\/zalozba?post=63536"},{"taxonomy":"vezava","embeddable":true,"href":"https:\/\/www.iskreni.net\/trgovina\/wp-json\/wp\/v2\/vezava?post=63536"}],"curies":[{"name":"wp","href":"https:\/\/api.w.org\/{rel}","templated":true}]}}