{"id":63531,"date":"2023-01-30T15:01:12","date_gmt":"2023-01-30T14:01:12","guid":{"rendered":"https:\/\/www.iskreni.net\/trgovina\/?post_type=product&#038;p=63531"},"modified":"2023-10-19T14:28:22","modified_gmt":"2023-10-19T12:28:22","slug":"nasa-dojencica","status":"publish","type":"product","link":"https:\/\/www.iskreni.net\/trgovina\/product\/nasa-dojencica\/","title":{"rendered":"Na\u0161a dojen\u010dica"},"content":{"rendered":"<h3 id=\"anchor-o-izdelku\" class=\"title\">O knjigi <em>Na\u0161a dojen\u010dica<\/em><\/h3>\n<div id=\"tab-opis_tab\" class=\"tab-pane active\">\n<p>Zgodbe o (skoraj) \u010disto navadni deklici, ki mora vsak dan opravljati svoje \u0161olske dol\u017enosti in seveda\u00a0 kot vsi otroci tudi ubogati star\u0161e in odrasle. S svojo iznajdljivostjo in navihanostjo in \u0161e posebej z dobrohotnostjo pa zna sebi in drugim polep\u0161ati in popestriti dan ter poskrbeti za marsikatero prijetno presene\u010denje. Knjigo krasijo prikupne ilustracije akademske slikarke Katerine Kalc.<\/p>\n<p>&nbsp;<\/p>\n<\/div>\n<h4><\/h4>\n","protected":false},"excerpt":{"rendered":"<p><strong>Ilustracije: <\/strong>Katerina Kalc<br \/>\n<strong>Leto izdaje:<\/strong> 2022<br \/>\n<strong>\u0160tevilo strani:<\/strong> 112<br \/>\n<strong>Format:<\/strong> 170 x 230 mm<\/p>\n<h4>Dogodiv\u0161\u010dine male navihanke<\/h4>\n<p>&nbsp;<\/p>\n","protected":false},"featured_media":63533,"comment_status":"open","ping_status":"closed","template":"","meta":[],"product_brand":[],"product_cat":[63,135],"product_tag":[],"avtor":[2494],"zalozba":[2337],"vezava":[2306],"class_list":{"0":"post-63531","1":"product","2":"type-product","3":"status-publish","4":"has-post-thumbnail","6":"product_cat-knjige","7":"product_cat-za-otroke","8":"avtor-barbara-rustia","9":"zalozba-celjska-mohorjeva-druzba","10":"vezava-trda","12":"first","13":"instock","14":"taxable","15":"shipping-taxable","16":"purchasable","17":"product-type-simple"},"yoast_head":"<!-- This site is optimized with the Yoast SEO plugin v26.3 - https:\/\/yoast.com\/wordpress\/plugins\/seo\/ -->\n<title>Na\u0161a dojen\u010dica - trgovina Iskreni<\/title>\n<meta name=\"description\" content=\"Na\u0161a dojen\u010dica vsebuje zgodbe o (skoraj) \u010disto navadni deklici, ki mora vsak dan opravljati svoje \u0161olske dol\u017enosti in seveda ubogati star\u0161e in odrasle.\" \/>\n<meta name=\"robots\" content=\"index, follow, max-snippet:-1, max-image-preview:large, max-video-preview:-1\" \/>\n<link rel=\"canonical\" href=\"https:\/\/www.iskreni.net\/trgovina\/product\/nasa-dojencica\/\" \/>\n<meta property=\"og:locale\" content=\"sl_SI\" \/>\n<meta property=\"og:type\" content=\"article\" \/>\n<meta property=\"og:title\" content=\"Na\u0161a dojen\u010dica\" \/>\n<meta property=\"og:description\" content=\"Na\u0161a dojen\u010dica vsebuje zgodbe o (skoraj) \u010disto navadni deklici, ki mora vsak dan opravljati svoje \u0161olske dol\u017enosti in seveda ubogati star\u0161e in odrasle.\" \/>\n<meta property=\"og:url\" content=\"https:\/\/www.iskreni.net\/trgovina\/product\/nasa-dojencica\/\" \/>\n<meta property=\"og:site_name\" content=\"Zavod Iskreni\" \/>\n<meta property=\"article:modified_time\" content=\"2023-10-19T12:28:22+00:00\" \/>\n<meta property=\"og:image\" content=\"https:\/\/www.iskreni.net\/trgovina\/wp-content\/uploads\/2023\/01\/Slike-za-v-spletno-trgovino-35.jpg\" \/>\n\t<meta property=\"og:image:width\" content=\"600\" \/>\n\t<meta property=\"og:image:height\" content=\"600\" \/>\n\t<meta property=\"og:image:type\" content=\"image\/jpeg\" \/>\n<meta name=\"twitter:card\" content=\"summary_large_image\" \/>\n<meta name=\"twitter:label1\" content=\"Est. reading time\" \/>\n\t<meta name=\"twitter:data1\" content=\"1 minuta\" \/>\n<script type=\"application\/ld+json\" class=\"yoast-schema-graph\">{\"@context\":\"https:\/\/schema.org\",\"@graph\":[{\"@type\":\"WebPage\",\"@id\":\"https:\/\/www.iskreni.net\/trgovina\/product\/nasa-dojencica\/\",\"url\":\"https:\/\/www.iskreni.net\/trgovina\/product\/nasa-dojencica\/\",\"name\":\"Na\u0161a dojen\u010dica - trgovina Iskreni\",\"isPartOf\":{\"@id\":\"https:\/\/www.iskreni.net\/trgovina\/#website\"},\"primaryImageOfPage\":{\"@id\":\"https:\/\/www.iskreni.net\/trgovina\/product\/nasa-dojencica\/#primaryimage\"},\"image\":{\"@id\":\"https:\/\/www.iskreni.net\/trgovina\/product\/nasa-dojencica\/#primaryimage\"},\"thumbnailUrl\":\"https:\/\/www.iskreni.net\/trgovina\/wp-content\/uploads\/2023\/01\/Slike-za-v-spletno-trgovino-35.jpg\",\"datePublished\":\"2023-01-30T14:01:12+00:00\",\"dateModified\":\"2023-10-19T12:28:22+00:00\",\"description\":\"Na\u0161a dojen\u010dica vsebuje zgodbe o (skoraj) \u010disto navadni deklici, ki mora vsak dan opravljati svoje \u0161olske dol\u017enosti in seveda ubogati star\u0161e in odrasle.\",\"breadcrumb\":{\"@id\":\"https:\/\/www.iskreni.net\/trgovina\/product\/nasa-dojencica\/#breadcrumb\"},\"inLanguage\":\"sl-SI\",\"potentialAction\":[{\"@type\":\"ReadAction\",\"target\":[\"https:\/\/www.iskreni.net\/trgovina\/product\/nasa-dojencica\/\"]}]},{\"@type\":\"ImageObject\",\"inLanguage\":\"sl-SI\",\"@id\":\"https:\/\/www.iskreni.net\/trgovina\/product\/nasa-dojencica\/#primaryimage\",\"url\":\"https:\/\/www.iskreni.net\/trgovina\/wp-content\/uploads\/2023\/01\/Slike-za-v-spletno-trgovino-35.jpg\",\"contentUrl\":\"https:\/\/www.iskreni.net\/trgovina\/wp-content\/uploads\/2023\/01\/Slike-za-v-spletno-trgovino-35.jpg\",\"width\":600,\"height\":600},{\"@type\":\"BreadcrumbList\",\"@id\":\"https:\/\/www.iskreni.net\/trgovina\/product\/nasa-dojencica\/#breadcrumb\",\"itemListElement\":[{\"@type\":\"ListItem\",\"position\":1,\"name\":\"Home\",\"item\":\"https:\/\/www.iskreni.net\/trgovina\/\"},{\"@type\":\"ListItem\",\"position\":2,\"name\":\"Trgovina\",\"item\":\"https:\/\/www.iskreni.net\/trgovina\/trgovina\/\"},{\"@type\":\"ListItem\",\"position\":3,\"name\":\"Na\u0161a dojen\u010dica\"}]},{\"@type\":\"WebSite\",\"@id\":\"https:\/\/www.iskreni.net\/trgovina\/#website\",\"url\":\"https:\/\/www.iskreni.net\/trgovina\/\",\"name\":\"Zavod Iskreni\",\"description\":\"trgovina\",\"potentialAction\":[{\"@type\":\"SearchAction\",\"target\":{\"@type\":\"EntryPoint\",\"urlTemplate\":\"https:\/\/www.iskreni.net\/trgovina\/?s={search_term_string}\"},\"query-input\":{\"@type\":\"PropertyValueSpecification\",\"valueRequired\":true,\"valueName\":\"search_term_string\"}}],\"inLanguage\":\"sl-SI\"}]}<\/script>\n<!-- \/ Yoast SEO plugin. -->","yoast_head_json":{"title":"Na\u0161a dojen\u010dica - trgovina Iskreni","description":"Na\u0161a dojen\u010dica vsebuje zgodbe o (skoraj) \u010disto navadni deklici, ki mora vsak dan opravljati svoje \u0161olske dol\u017enosti in seveda ubogati star\u0161e in odrasle.","robots":{"index":"index","follow":"follow","max-snippet":"max-snippet:-1","max-image-preview":"max-image-preview:large","max-video-preview":"max-video-preview:-1"},"canonical":"https:\/\/www.iskreni.net\/trgovina\/product\/nasa-dojencica\/","og_locale":"sl_SI","og_type":"article","og_title":"Na\u0161a dojen\u010dica","og_description":"Na\u0161a dojen\u010dica vsebuje zgodbe o (skoraj) \u010disto navadni deklici, ki mora vsak dan opravljati svoje \u0161olske dol\u017enosti in seveda ubogati star\u0161e in odrasle.","og_url":"https:\/\/www.iskreni.net\/trgovina\/product\/nasa-dojencica\/","og_site_name":"Zavod Iskreni","article_modified_time":"2023-10-19T12:28:22+00:00","og_image":[{"width":600,"height":600,"url":"https:\/\/www.iskreni.net\/trgovina\/wp-content\/uploads\/2023\/01\/Slike-za-v-spletno-trgovino-35.jpg","type":"image\/jpeg"}],"twitter_card":"summary_large_image","twitter_misc":{"Est. reading time":"1 minuta"},"schema":{"@context":"https:\/\/schema.org","@graph":[{"@type":"WebPage","@id":"https:\/\/www.iskreni.net\/trgovina\/product\/nasa-dojencica\/","url":"https:\/\/www.iskreni.net\/trgovina\/product\/nasa-dojencica\/","name":"Na\u0161a dojen\u010dica - trgovina Iskreni","isPartOf":{"@id":"https:\/\/www.iskreni.net\/trgovina\/#website"},"primaryImageOfPage":{"@id":"https:\/\/www.iskreni.net\/trgovina\/product\/nasa-dojencica\/#primaryimage"},"image":{"@id":"https:\/\/www.iskreni.net\/trgovina\/product\/nasa-dojencica\/#primaryimage"},"thumbnailUrl":"https:\/\/www.iskreni.net\/trgovina\/wp-content\/uploads\/2023\/01\/Slike-za-v-spletno-trgovino-35.jpg","datePublished":"2023-01-30T14:01:12+00:00","dateModified":"2023-10-19T12:28:22+00:00","description":"Na\u0161a dojen\u010dica vsebuje zgodbe o (skoraj) \u010disto navadni deklici, ki mora vsak dan opravljati svoje \u0161olske dol\u017enosti in seveda ubogati star\u0161e in odrasle.","breadcrumb":{"@id":"https:\/\/www.iskreni.net\/trgovina\/product\/nasa-dojencica\/#breadcrumb"},"inLanguage":"sl-SI","potentialAction":[{"@type":"ReadAction","target":["https:\/\/www.iskreni.net\/trgovina\/product\/nasa-dojencica\/"]}]},{"@type":"ImageObject","inLanguage":"sl-SI","@id":"https:\/\/www.iskreni.net\/trgovina\/product\/nasa-dojencica\/#primaryimage","url":"https:\/\/www.iskreni.net\/trgovina\/wp-content\/uploads\/2023\/01\/Slike-za-v-spletno-trgovino-35.jpg","contentUrl":"https:\/\/www.iskreni.net\/trgovina\/wp-content\/uploads\/2023\/01\/Slike-za-v-spletno-trgovino-35.jpg","width":600,"height":600},{"@type":"BreadcrumbList","@id":"https:\/\/www.iskreni.net\/trgovina\/product\/nasa-dojencica\/#breadcrumb","itemListElement":[{"@type":"ListItem","position":1,"name":"Home","item":"https:\/\/www.iskreni.net\/trgovina\/"},{"@type":"ListItem","position":2,"name":"Trgovina","item":"https:\/\/www.iskreni.net\/trgovina\/trgovina\/"},{"@type":"ListItem","position":3,"name":"Na\u0161a dojen\u010dica"}]},{"@type":"WebSite","@id":"https:\/\/www.iskreni.net\/trgovina\/#website","url":"https:\/\/www.iskreni.net\/trgovina\/","name":"Zavod Iskreni","description":"trgovina","potentialAction":[{"@type":"SearchAction","target":{"@type":"EntryPoint","urlTemplate":"https:\/\/www.iskreni.net\/trgovina\/?s={search_term_string}"},"query-input":{"@type":"PropertyValueSpecification","valueRequired":true,"valueName":"search_term_string"}}],"inLanguage":"sl-SI"}]}},"_links":{"self":[{"href":"https:\/\/www.iskreni.net\/trgovina\/wp-json\/wp\/v2\/product\/63531","targetHints":{"allow":["GET"]}}],"collection":[{"href":"https:\/\/www.iskreni.net\/trgovina\/wp-json\/wp\/v2\/product"}],"about":[{"href":"https:\/\/www.iskreni.net\/trgovina\/wp-json\/wp\/v2\/types\/product"}],"replies":[{"embeddable":true,"href":"https:\/\/www.iskreni.net\/trgovina\/wp-json\/wp\/v2\/comments?post=63531"}],"version-history":[{"count":4,"href":"https:\/\/www.iskreni.net\/trgovina\/wp-json\/wp\/v2\/product\/63531\/revisions"}],"predecessor-version":[{"id":70107,"href":"https:\/\/www.iskreni.net\/trgovina\/wp-json\/wp\/v2\/product\/63531\/revisions\/70107"}],"wp:featuredmedia":[{"embeddable":true,"href":"https:\/\/www.iskreni.net\/trgovina\/wp-json\/wp\/v2\/media\/63533"}],"wp:attachment":[{"href":"https:\/\/www.iskreni.net\/trgovina\/wp-json\/wp\/v2\/media?parent=63531"}],"wp:term":[{"taxonomy":"product_brand","embeddable":true,"href":"https:\/\/www.iskreni.net\/trgovina\/wp-json\/wp\/v2\/product_brand?post=63531"},{"taxonomy":"product_cat","embeddable":true,"href":"https:\/\/www.iskreni.net\/trgovina\/wp-json\/wp\/v2\/product_cat?post=63531"},{"taxonomy":"product_tag","embeddable":true,"href":"https:\/\/www.iskreni.net\/trgovina\/wp-json\/wp\/v2\/product_tag?post=63531"},{"taxonomy":"avtor","embeddable":true,"href":"https:\/\/www.iskreni.net\/trgovina\/wp-json\/wp\/v2\/avtor?post=63531"},{"taxonomy":"zalozba","embeddable":true,"href":"https:\/\/www.iskreni.net\/trgovina\/wp-json\/wp\/v2\/zalozba?post=63531"},{"taxonomy":"vezava","embeddable":true,"href":"https:\/\/www.iskreni.net\/trgovina\/wp-json\/wp\/v2\/vezava?post=63531"}],"curies":[{"name":"wp","href":"https:\/\/api.w.org\/{rel}","templated":true}]}}