{"id":6280,"date":"2019-12-05T17:51:57","date_gmt":"2019-12-05T16:51:57","guid":{"rendered":"https:\/\/www.iskreni.net\/trgovina\/?post_type=product&#038;p=6280"},"modified":"2023-07-28T10:43:42","modified_gmt":"2023-07-28T08:43:42","slug":"clovek-ne-jezi-se","status":"publish","type":"product","link":"https:\/\/www.iskreni.net\/trgovina\/product\/clovek-ne-jezi-se\/","title":{"rendered":"\u010clovek ne jezi se &#8211; 4 ali 6 igralcev"},"content":{"rendered":"<p>Dru\u017eabne igre otroku in celi dru\u017eini omogo\u010dajo zabavo. Otrok se pri igri u\u010di in spoznava nove podobe, like, barve, \u2026 Hkrati se u\u010di emocij kot je zmaga ali izguba ter razvija motori\u010dne spretnosti, koncentracijo.<\/p>\n<p>Izdelek ima mednarodni varnostni certifikat CE- varno za dojen\u010dke in otroke iz materialov prijaznim okolju in va\u0161em otroku.<\/p>\n<p><strong>\u010clovek ne jezi se! za 4 igralce:<\/strong><\/p>\n<p>Dimenzija: igralna ploskev 360&#215;260 mm, igralne figure 25&#215;20 mm<br \/>\nMaterial: vezana plo\u0161\u010da topol debeline 4 mm igralna podlaga, vezana plo\u0161\u010da 3 mm figure, lepilo, barve.<\/p>\n<p>Igralec, ki prvi pripelje vse \u0161tiri figure na cilj, je zmagovalec.<\/p>\n<p><strong>\u010clovek ne jezi se!<\/strong> za 6 igralcev:<\/p>\n<p>Dimenzija: igralna ploskev 360&#215;260 mm, igralne figure 25&#215;20 mm<br \/>\nMaterial: vezana plo\u0161\u010da topol debeline 4 mm igralna podlaga, vezana plo\u0161\u010da 3 mm figure, lepilo, barve.<\/p>\n","protected":false},"excerpt":{"rendered":"<p>\u010clovek ne jezi se! za 4 ali 6 igralcev s figurami v leseni \u0161katli. Dru\u017eabna igra, ki zdru\u017euje mlade in stare!<\/p>\n","protected":false},"featured_media":53163,"comment_status":"open","ping_status":"closed","template":"","meta":[],"product_brand":[],"product_cat":[668,855],"product_tag":[1342],"avtor":[],"zalozba":[],"vezava":[],"class_list":{"0":"post-6280","1":"product","2":"type-product","3":"status-publish","4":"has-post-thumbnail","6":"product_cat-darilni-program","7":"product_cat-druzabne-igre-ostala-ponudba","8":"product_tag-leseni-izdelki","10":"first","11":"instock","12":"taxable","13":"shipping-taxable","14":"purchasable","15":"product-type-variable"},"yoast_head":"<!-- This site is optimized with the Yoast SEO plugin v26.3 - https:\/\/yoast.com\/wordpress\/plugins\/seo\/ -->\n<title>\u010clovek ne jezi se! za 4 ali 6 igralcev - trgovina Iskreni<\/title>\n<meta name=\"description\" content=\"\u010clovek ne jezi se! za 4 ali 6 igralcev s figurami v leseni \u0161katli. Dru\u017eabna igra, ki zdru\u017euje mlade in stare!\" \/>\n<meta name=\"robots\" content=\"index, follow, max-snippet:-1, max-image-preview:large, max-video-preview:-1\" \/>\n<link rel=\"canonical\" href=\"https:\/\/www.iskreni.net\/trgovina\/product\/clovek-ne-jezi-se\/\" \/>\n<meta property=\"og:locale\" content=\"sl_SI\" \/>\n<meta property=\"og:type\" content=\"article\" \/>\n<meta property=\"og:title\" content=\"\u010clovek ne jezi se! za 4 ali 6 igralcev - trgovina Iskreni\" \/>\n<meta property=\"og:description\" content=\"\u010clovek ne jezi se! za 4 ali 6 igralcev s figurami v leseni \u0161katli. Dru\u017eabna igra, ki zdru\u017euje mlade in stare!\" \/>\n<meta property=\"og:url\" content=\"https:\/\/www.iskreni.net\/trgovina\/product\/clovek-ne-jezi-se\/\" \/>\n<meta property=\"og:site_name\" content=\"Zavod Iskreni\" \/>\n<meta property=\"article:modified_time\" content=\"2023-07-28T08:43:42+00:00\" \/>\n<meta property=\"og:image\" content=\"https:\/\/www.iskreni.net\/trgovina\/wp-content\/uploads\/2019\/12\/Clovek-ne-jezi-se.jpg\" \/>\n\t<meta property=\"og:image:width\" content=\"1024\" \/>\n\t<meta property=\"og:image:height\" content=\"1024\" \/>\n\t<meta property=\"og:image:type\" content=\"image\/jpeg\" \/>\n<meta name=\"twitter:card\" content=\"summary_large_image\" \/>\n<meta name=\"twitter:label1\" content=\"Est. reading time\" \/>\n\t<meta name=\"twitter:data1\" content=\"1 minuta\" \/>\n<script type=\"application\/ld+json\" class=\"yoast-schema-graph\">{\"@context\":\"https:\/\/schema.org\",\"@graph\":[{\"@type\":\"WebPage\",\"@id\":\"https:\/\/www.iskreni.net\/trgovina\/product\/clovek-ne-jezi-se\/\",\"url\":\"https:\/\/www.iskreni.net\/trgovina\/product\/clovek-ne-jezi-se\/\",\"name\":\"\u010clovek ne jezi se! za 4 ali 6 igralcev - trgovina Iskreni\",\"isPartOf\":{\"@id\":\"https:\/\/www.iskreni.net\/trgovina\/#website\"},\"primaryImageOfPage\":{\"@id\":\"https:\/\/www.iskreni.net\/trgovina\/product\/clovek-ne-jezi-se\/#primaryimage\"},\"image\":{\"@id\":\"https:\/\/www.iskreni.net\/trgovina\/product\/clovek-ne-jezi-se\/#primaryimage\"},\"thumbnailUrl\":\"https:\/\/www.iskreni.net\/trgovina\/wp-content\/uploads\/2019\/12\/Clovek-ne-jezi-se.jpg\",\"datePublished\":\"2019-12-05T16:51:57+00:00\",\"dateModified\":\"2023-07-28T08:43:42+00:00\",\"description\":\"\u010clovek ne jezi se! za 4 ali 6 igralcev s figurami v leseni \u0161katli. Dru\u017eabna igra, ki zdru\u017euje mlade in stare!\",\"breadcrumb\":{\"@id\":\"https:\/\/www.iskreni.net\/trgovina\/product\/clovek-ne-jezi-se\/#breadcrumb\"},\"inLanguage\":\"sl-SI\",\"potentialAction\":[{\"@type\":\"ReadAction\",\"target\":[\"https:\/\/www.iskreni.net\/trgovina\/product\/clovek-ne-jezi-se\/\"]}]},{\"@type\":\"ImageObject\",\"inLanguage\":\"sl-SI\",\"@id\":\"https:\/\/www.iskreni.net\/trgovina\/product\/clovek-ne-jezi-se\/#primaryimage\",\"url\":\"https:\/\/www.iskreni.net\/trgovina\/wp-content\/uploads\/2019\/12\/Clovek-ne-jezi-se.jpg\",\"contentUrl\":\"https:\/\/www.iskreni.net\/trgovina\/wp-content\/uploads\/2019\/12\/Clovek-ne-jezi-se.jpg\",\"width\":1024,\"height\":1024},{\"@type\":\"BreadcrumbList\",\"@id\":\"https:\/\/www.iskreni.net\/trgovina\/product\/clovek-ne-jezi-se\/#breadcrumb\",\"itemListElement\":[{\"@type\":\"ListItem\",\"position\":1,\"name\":\"Home\",\"item\":\"https:\/\/www.iskreni.net\/trgovina\/\"},{\"@type\":\"ListItem\",\"position\":2,\"name\":\"Trgovina\",\"item\":\"https:\/\/www.iskreni.net\/trgovina\/trgovina\/\"},{\"@type\":\"ListItem\",\"position\":3,\"name\":\"\u010clovek ne jezi se &#8211; 4 ali 6 igralcev\"}]},{\"@type\":\"WebSite\",\"@id\":\"https:\/\/www.iskreni.net\/trgovina\/#website\",\"url\":\"https:\/\/www.iskreni.net\/trgovina\/\",\"name\":\"Zavod Iskreni\",\"description\":\"trgovina\",\"potentialAction\":[{\"@type\":\"SearchAction\",\"target\":{\"@type\":\"EntryPoint\",\"urlTemplate\":\"https:\/\/www.iskreni.net\/trgovina\/?s={search_term_string}\"},\"query-input\":{\"@type\":\"PropertyValueSpecification\",\"valueRequired\":true,\"valueName\":\"search_term_string\"}}],\"inLanguage\":\"sl-SI\"}]}<\/script>\n<!-- \/ Yoast SEO plugin. -->","yoast_head_json":{"title":"\u010clovek ne jezi se! za 4 ali 6 igralcev - trgovina Iskreni","description":"\u010clovek ne jezi se! za 4 ali 6 igralcev s figurami v leseni \u0161katli. Dru\u017eabna igra, ki zdru\u017euje mlade in stare!","robots":{"index":"index","follow":"follow","max-snippet":"max-snippet:-1","max-image-preview":"max-image-preview:large","max-video-preview":"max-video-preview:-1"},"canonical":"https:\/\/www.iskreni.net\/trgovina\/product\/clovek-ne-jezi-se\/","og_locale":"sl_SI","og_type":"article","og_title":"\u010clovek ne jezi se! za 4 ali 6 igralcev - trgovina Iskreni","og_description":"\u010clovek ne jezi se! za 4 ali 6 igralcev s figurami v leseni \u0161katli. Dru\u017eabna igra, ki zdru\u017euje mlade in stare!","og_url":"https:\/\/www.iskreni.net\/trgovina\/product\/clovek-ne-jezi-se\/","og_site_name":"Zavod Iskreni","article_modified_time":"2023-07-28T08:43:42+00:00","og_image":[{"width":1024,"height":1024,"url":"https:\/\/www.iskreni.net\/trgovina\/wp-content\/uploads\/2019\/12\/Clovek-ne-jezi-se.jpg","type":"image\/jpeg"}],"twitter_card":"summary_large_image","twitter_misc":{"Est. reading time":"1 minuta"},"schema":{"@context":"https:\/\/schema.org","@graph":[{"@type":"WebPage","@id":"https:\/\/www.iskreni.net\/trgovina\/product\/clovek-ne-jezi-se\/","url":"https:\/\/www.iskreni.net\/trgovina\/product\/clovek-ne-jezi-se\/","name":"\u010clovek ne jezi se! za 4 ali 6 igralcev - trgovina Iskreni","isPartOf":{"@id":"https:\/\/www.iskreni.net\/trgovina\/#website"},"primaryImageOfPage":{"@id":"https:\/\/www.iskreni.net\/trgovina\/product\/clovek-ne-jezi-se\/#primaryimage"},"image":{"@id":"https:\/\/www.iskreni.net\/trgovina\/product\/clovek-ne-jezi-se\/#primaryimage"},"thumbnailUrl":"https:\/\/www.iskreni.net\/trgovina\/wp-content\/uploads\/2019\/12\/Clovek-ne-jezi-se.jpg","datePublished":"2019-12-05T16:51:57+00:00","dateModified":"2023-07-28T08:43:42+00:00","description":"\u010clovek ne jezi se! za 4 ali 6 igralcev s figurami v leseni \u0161katli. Dru\u017eabna igra, ki zdru\u017euje mlade in stare!","breadcrumb":{"@id":"https:\/\/www.iskreni.net\/trgovina\/product\/clovek-ne-jezi-se\/#breadcrumb"},"inLanguage":"sl-SI","potentialAction":[{"@type":"ReadAction","target":["https:\/\/www.iskreni.net\/trgovina\/product\/clovek-ne-jezi-se\/"]}]},{"@type":"ImageObject","inLanguage":"sl-SI","@id":"https:\/\/www.iskreni.net\/trgovina\/product\/clovek-ne-jezi-se\/#primaryimage","url":"https:\/\/www.iskreni.net\/trgovina\/wp-content\/uploads\/2019\/12\/Clovek-ne-jezi-se.jpg","contentUrl":"https:\/\/www.iskreni.net\/trgovina\/wp-content\/uploads\/2019\/12\/Clovek-ne-jezi-se.jpg","width":1024,"height":1024},{"@type":"BreadcrumbList","@id":"https:\/\/www.iskreni.net\/trgovina\/product\/clovek-ne-jezi-se\/#breadcrumb","itemListElement":[{"@type":"ListItem","position":1,"name":"Home","item":"https:\/\/www.iskreni.net\/trgovina\/"},{"@type":"ListItem","position":2,"name":"Trgovina","item":"https:\/\/www.iskreni.net\/trgovina\/trgovina\/"},{"@type":"ListItem","position":3,"name":"\u010clovek ne jezi se &#8211; 4 ali 6 igralcev"}]},{"@type":"WebSite","@id":"https:\/\/www.iskreni.net\/trgovina\/#website","url":"https:\/\/www.iskreni.net\/trgovina\/","name":"Zavod Iskreni","description":"trgovina","potentialAction":[{"@type":"SearchAction","target":{"@type":"EntryPoint","urlTemplate":"https:\/\/www.iskreni.net\/trgovina\/?s={search_term_string}"},"query-input":{"@type":"PropertyValueSpecification","valueRequired":true,"valueName":"search_term_string"}}],"inLanguage":"sl-SI"}]}},"_links":{"self":[{"href":"https:\/\/www.iskreni.net\/trgovina\/wp-json\/wp\/v2\/product\/6280","targetHints":{"allow":["GET"]}}],"collection":[{"href":"https:\/\/www.iskreni.net\/trgovina\/wp-json\/wp\/v2\/product"}],"about":[{"href":"https:\/\/www.iskreni.net\/trgovina\/wp-json\/wp\/v2\/types\/product"}],"replies":[{"embeddable":true,"href":"https:\/\/www.iskreni.net\/trgovina\/wp-json\/wp\/v2\/comments?post=6280"}],"version-history":[{"count":3,"href":"https:\/\/www.iskreni.net\/trgovina\/wp-json\/wp\/v2\/product\/6280\/revisions"}],"predecessor-version":[{"id":53164,"href":"https:\/\/www.iskreni.net\/trgovina\/wp-json\/wp\/v2\/product\/6280\/revisions\/53164"}],"wp:featuredmedia":[{"embeddable":true,"href":"https:\/\/www.iskreni.net\/trgovina\/wp-json\/wp\/v2\/media\/53163"}],"wp:attachment":[{"href":"https:\/\/www.iskreni.net\/trgovina\/wp-json\/wp\/v2\/media?parent=6280"}],"wp:term":[{"taxonomy":"product_brand","embeddable":true,"href":"https:\/\/www.iskreni.net\/trgovina\/wp-json\/wp\/v2\/product_brand?post=6280"},{"taxonomy":"product_cat","embeddable":true,"href":"https:\/\/www.iskreni.net\/trgovina\/wp-json\/wp\/v2\/product_cat?post=6280"},{"taxonomy":"product_tag","embeddable":true,"href":"https:\/\/www.iskreni.net\/trgovina\/wp-json\/wp\/v2\/product_tag?post=6280"},{"taxonomy":"avtor","embeddable":true,"href":"https:\/\/www.iskreni.net\/trgovina\/wp-json\/wp\/v2\/avtor?post=6280"},{"taxonomy":"zalozba","embeddable":true,"href":"https:\/\/www.iskreni.net\/trgovina\/wp-json\/wp\/v2\/zalozba?post=6280"},{"taxonomy":"vezava","embeddable":true,"href":"https:\/\/www.iskreni.net\/trgovina\/wp-json\/wp\/v2\/vezava?post=6280"}],"curies":[{"name":"wp","href":"https:\/\/api.w.org\/{rel}","templated":true}]}}