{"id":6232,"date":"2019-12-03T15:40:30","date_gmt":"2019-12-03T14:40:30","guid":{"rendered":"https:\/\/www.iskreni.net\/trgovina\/product\/unikatne-jaslice\/"},"modified":"2023-08-16T08:31:55","modified_gmt":"2023-08-16T06:31:55","slug":"unikaten-vrcek-za-pivo","status":"publish","type":"product","link":"https:\/\/www.iskreni.net\/trgovina\/product\/unikaten-vrcek-za-pivo\/","title":{"rendered":"Unikaten vr\u010dek za pivo"},"content":{"rendered":"<h4>Pe\u0161\u010den:<\/h4>\n<div>Kerami\u010dni vr\u010dek za pivo. Znotraj in po robu je glaziran s \u010drno-rjavo prelivajo\u010do se glazuro. Oblikovan je iz kamenine (manj porozne vrste gline), kar zagotavlja ve\u010djo trdnost. \u010ce ga pred uporabo ohladimo, ohranja pija\u010do prijetno hladno dlje kot steklen kozarec. Dr\u017ei nekaj ve\u010d kot 0.5l.<\/div>\n<h4>\u010crn:<\/h4>\n<p>Zvonasta oblika zagotavlja temu pivskemu vr\u010dku veliko stabilnost. Oblikovan je iz \u010drne kamenine (manj porozne gline), po notranjosti in robu je glaziran s turkizno &#8211; modrikasto glazuro. Na zunanjo stran je vrezan odlomek iz Ec 9.7 :<\/p>\n<div>&#8220;&#8230;bibe cum gaudio vinum tuum&#8230;&#8221; oziroma &#8220;&#8230;pij veselega srca svoje vino&#8230;&#8221;<\/div>\n<div><\/div>\n<p>Ker je izdelek unikaten in ro\u010dno izdelan, lahko dejansko dobavljen rahlo odstopa od izdelka na sliki.<\/p>\n","protected":false},"excerpt":{"rendered":"<p>Unikaten vr\u010dek za pivo je ro\u010dno izdelan iz gline.<\/p>\n","protected":false},"featured_media":6229,"comment_status":"open","ping_status":"closed","template":"","meta":[],"product_brand":[],"product_cat":[668],"product_tag":[],"avtor":[],"zalozba":[],"vezava":[],"class_list":{"0":"post-6232","1":"product","2":"type-product","3":"status-publish","4":"has-post-thumbnail","6":"product_cat-darilni-program","8":"first","9":"instock","10":"taxable","11":"shipping-taxable","12":"product-type-variable"},"yoast_head":"<!-- This site is optimized with the Yoast SEO plugin v26.3 - https:\/\/yoast.com\/wordpress\/plugins\/seo\/ -->\n<title>Unikaten vr\u010dek za pivo - trgovina Iskreni<\/title>\n<meta name=\"description\" content=\"Unikaten vr\u010dek za pivo je lepo darilo za vsakega pivoljubca!\" \/>\n<meta name=\"robots\" content=\"index, follow, max-snippet:-1, max-image-preview:large, max-video-preview:-1\" \/>\n<link rel=\"canonical\" href=\"https:\/\/www.iskreni.net\/trgovina\/product\/unikaten-vrcek-za-pivo\/\" \/>\n<meta property=\"og:locale\" content=\"sl_SI\" \/>\n<meta property=\"og:type\" content=\"article\" \/>\n<meta property=\"og:title\" content=\"Unikaten vr\u010dek za pivo - trgovina Iskreni\" \/>\n<meta property=\"og:description\" content=\"Unikaten vr\u010dek za pivo je lepo darilo za vsakega pivoljubca!\" \/>\n<meta property=\"og:url\" content=\"https:\/\/www.iskreni.net\/trgovina\/product\/unikaten-vrcek-za-pivo\/\" \/>\n<meta property=\"og:site_name\" content=\"Zavod Iskreni\" \/>\n<meta property=\"article:modified_time\" content=\"2023-08-16T06:31:55+00:00\" \/>\n<meta property=\"og:image\" content=\"https:\/\/www.iskreni.net\/trgovina\/wp-content\/uploads\/2019\/12\/Vrcka_oba-1.jpg\" \/>\n\t<meta property=\"og:image:width\" content=\"1732\" \/>\n\t<meta property=\"og:image:height\" content=\"1154\" \/>\n\t<meta property=\"og:image:type\" content=\"image\/jpeg\" \/>\n<meta name=\"twitter:card\" content=\"summary_large_image\" \/>\n<meta name=\"twitter:label1\" content=\"Est. reading time\" \/>\n\t<meta name=\"twitter:data1\" content=\"1 minuta\" \/>\n<script type=\"application\/ld+json\" class=\"yoast-schema-graph\">{\"@context\":\"https:\/\/schema.org\",\"@graph\":[{\"@type\":\"WebPage\",\"@id\":\"https:\/\/www.iskreni.net\/trgovina\/product\/unikaten-vrcek-za-pivo\/\",\"url\":\"https:\/\/www.iskreni.net\/trgovina\/product\/unikaten-vrcek-za-pivo\/\",\"name\":\"Unikaten vr\u010dek za pivo - trgovina Iskreni\",\"isPartOf\":{\"@id\":\"https:\/\/www.iskreni.net\/trgovina\/#website\"},\"primaryImageOfPage\":{\"@id\":\"https:\/\/www.iskreni.net\/trgovina\/product\/unikaten-vrcek-za-pivo\/#primaryimage\"},\"image\":{\"@id\":\"https:\/\/www.iskreni.net\/trgovina\/product\/unikaten-vrcek-za-pivo\/#primaryimage\"},\"thumbnailUrl\":\"https:\/\/www.iskreni.net\/trgovina\/wp-content\/uploads\/2019\/12\/Vrcka_oba-1.jpg\",\"datePublished\":\"2019-12-03T14:40:30+00:00\",\"dateModified\":\"2023-08-16T06:31:55+00:00\",\"description\":\"Unikaten vr\u010dek za pivo je lepo darilo za vsakega pivoljubca!\",\"breadcrumb\":{\"@id\":\"https:\/\/www.iskreni.net\/trgovina\/product\/unikaten-vrcek-za-pivo\/#breadcrumb\"},\"inLanguage\":\"sl-SI\",\"potentialAction\":[{\"@type\":\"ReadAction\",\"target\":[\"https:\/\/www.iskreni.net\/trgovina\/product\/unikaten-vrcek-za-pivo\/\"]}]},{\"@type\":\"ImageObject\",\"inLanguage\":\"sl-SI\",\"@id\":\"https:\/\/www.iskreni.net\/trgovina\/product\/unikaten-vrcek-za-pivo\/#primaryimage\",\"url\":\"https:\/\/www.iskreni.net\/trgovina\/wp-content\/uploads\/2019\/12\/Vrcka_oba-1.jpg\",\"contentUrl\":\"https:\/\/www.iskreni.net\/trgovina\/wp-content\/uploads\/2019\/12\/Vrcka_oba-1.jpg\",\"width\":1732,\"height\":1154,\"caption\":\"unikatni vr\u010dki za pivo\"},{\"@type\":\"BreadcrumbList\",\"@id\":\"https:\/\/www.iskreni.net\/trgovina\/product\/unikaten-vrcek-za-pivo\/#breadcrumb\",\"itemListElement\":[{\"@type\":\"ListItem\",\"position\":1,\"name\":\"Home\",\"item\":\"https:\/\/www.iskreni.net\/trgovina\/\"},{\"@type\":\"ListItem\",\"position\":2,\"name\":\"Trgovina\",\"item\":\"https:\/\/www.iskreni.net\/trgovina\/trgovina\/\"},{\"@type\":\"ListItem\",\"position\":3,\"name\":\"Unikaten vr\u010dek za pivo\"}]},{\"@type\":\"WebSite\",\"@id\":\"https:\/\/www.iskreni.net\/trgovina\/#website\",\"url\":\"https:\/\/www.iskreni.net\/trgovina\/\",\"name\":\"Zavod Iskreni\",\"description\":\"trgovina\",\"potentialAction\":[{\"@type\":\"SearchAction\",\"target\":{\"@type\":\"EntryPoint\",\"urlTemplate\":\"https:\/\/www.iskreni.net\/trgovina\/?s={search_term_string}\"},\"query-input\":{\"@type\":\"PropertyValueSpecification\",\"valueRequired\":true,\"valueName\":\"search_term_string\"}}],\"inLanguage\":\"sl-SI\"}]}<\/script>\n<!-- \/ Yoast SEO plugin. -->","yoast_head_json":{"title":"Unikaten vr\u010dek za pivo - trgovina Iskreni","description":"Unikaten vr\u010dek za pivo je lepo darilo za vsakega pivoljubca!","robots":{"index":"index","follow":"follow","max-snippet":"max-snippet:-1","max-image-preview":"max-image-preview:large","max-video-preview":"max-video-preview:-1"},"canonical":"https:\/\/www.iskreni.net\/trgovina\/product\/unikaten-vrcek-za-pivo\/","og_locale":"sl_SI","og_type":"article","og_title":"Unikaten vr\u010dek za pivo - trgovina Iskreni","og_description":"Unikaten vr\u010dek za pivo je lepo darilo za vsakega pivoljubca!","og_url":"https:\/\/www.iskreni.net\/trgovina\/product\/unikaten-vrcek-za-pivo\/","og_site_name":"Zavod Iskreni","article_modified_time":"2023-08-16T06:31:55+00:00","og_image":[{"width":1732,"height":1154,"url":"https:\/\/www.iskreni.net\/trgovina\/wp-content\/uploads\/2019\/12\/Vrcka_oba-1.jpg","type":"image\/jpeg"}],"twitter_card":"summary_large_image","twitter_misc":{"Est. reading time":"1 minuta"},"schema":{"@context":"https:\/\/schema.org","@graph":[{"@type":"WebPage","@id":"https:\/\/www.iskreni.net\/trgovina\/product\/unikaten-vrcek-za-pivo\/","url":"https:\/\/www.iskreni.net\/trgovina\/product\/unikaten-vrcek-za-pivo\/","name":"Unikaten vr\u010dek za pivo - trgovina Iskreni","isPartOf":{"@id":"https:\/\/www.iskreni.net\/trgovina\/#website"},"primaryImageOfPage":{"@id":"https:\/\/www.iskreni.net\/trgovina\/product\/unikaten-vrcek-za-pivo\/#primaryimage"},"image":{"@id":"https:\/\/www.iskreni.net\/trgovina\/product\/unikaten-vrcek-za-pivo\/#primaryimage"},"thumbnailUrl":"https:\/\/www.iskreni.net\/trgovina\/wp-content\/uploads\/2019\/12\/Vrcka_oba-1.jpg","datePublished":"2019-12-03T14:40:30+00:00","dateModified":"2023-08-16T06:31:55+00:00","description":"Unikaten vr\u010dek za pivo je lepo darilo za vsakega pivoljubca!","breadcrumb":{"@id":"https:\/\/www.iskreni.net\/trgovina\/product\/unikaten-vrcek-za-pivo\/#breadcrumb"},"inLanguage":"sl-SI","potentialAction":[{"@type":"ReadAction","target":["https:\/\/www.iskreni.net\/trgovina\/product\/unikaten-vrcek-za-pivo\/"]}]},{"@type":"ImageObject","inLanguage":"sl-SI","@id":"https:\/\/www.iskreni.net\/trgovina\/product\/unikaten-vrcek-za-pivo\/#primaryimage","url":"https:\/\/www.iskreni.net\/trgovina\/wp-content\/uploads\/2019\/12\/Vrcka_oba-1.jpg","contentUrl":"https:\/\/www.iskreni.net\/trgovina\/wp-content\/uploads\/2019\/12\/Vrcka_oba-1.jpg","width":1732,"height":1154,"caption":"unikatni vr\u010dki za pivo"},{"@type":"BreadcrumbList","@id":"https:\/\/www.iskreni.net\/trgovina\/product\/unikaten-vrcek-za-pivo\/#breadcrumb","itemListElement":[{"@type":"ListItem","position":1,"name":"Home","item":"https:\/\/www.iskreni.net\/trgovina\/"},{"@type":"ListItem","position":2,"name":"Trgovina","item":"https:\/\/www.iskreni.net\/trgovina\/trgovina\/"},{"@type":"ListItem","position":3,"name":"Unikaten vr\u010dek za pivo"}]},{"@type":"WebSite","@id":"https:\/\/www.iskreni.net\/trgovina\/#website","url":"https:\/\/www.iskreni.net\/trgovina\/","name":"Zavod Iskreni","description":"trgovina","potentialAction":[{"@type":"SearchAction","target":{"@type":"EntryPoint","urlTemplate":"https:\/\/www.iskreni.net\/trgovina\/?s={search_term_string}"},"query-input":{"@type":"PropertyValueSpecification","valueRequired":true,"valueName":"search_term_string"}}],"inLanguage":"sl-SI"}]}},"_links":{"self":[{"href":"https:\/\/www.iskreni.net\/trgovina\/wp-json\/wp\/v2\/product\/6232","targetHints":{"allow":["GET"]}}],"collection":[{"href":"https:\/\/www.iskreni.net\/trgovina\/wp-json\/wp\/v2\/product"}],"about":[{"href":"https:\/\/www.iskreni.net\/trgovina\/wp-json\/wp\/v2\/types\/product"}],"replies":[{"embeddable":true,"href":"https:\/\/www.iskreni.net\/trgovina\/wp-json\/wp\/v2\/comments?post=6232"}],"version-history":[{"count":3,"href":"https:\/\/www.iskreni.net\/trgovina\/wp-json\/wp\/v2\/product\/6232\/revisions"}],"predecessor-version":[{"id":68254,"href":"https:\/\/www.iskreni.net\/trgovina\/wp-json\/wp\/v2\/product\/6232\/revisions\/68254"}],"wp:featuredmedia":[{"embeddable":true,"href":"https:\/\/www.iskreni.net\/trgovina\/wp-json\/wp\/v2\/media\/6229"}],"wp:attachment":[{"href":"https:\/\/www.iskreni.net\/trgovina\/wp-json\/wp\/v2\/media?parent=6232"}],"wp:term":[{"taxonomy":"product_brand","embeddable":true,"href":"https:\/\/www.iskreni.net\/trgovina\/wp-json\/wp\/v2\/product_brand?post=6232"},{"taxonomy":"product_cat","embeddable":true,"href":"https:\/\/www.iskreni.net\/trgovina\/wp-json\/wp\/v2\/product_cat?post=6232"},{"taxonomy":"product_tag","embeddable":true,"href":"https:\/\/www.iskreni.net\/trgovina\/wp-json\/wp\/v2\/product_tag?post=6232"},{"taxonomy":"avtor","embeddable":true,"href":"https:\/\/www.iskreni.net\/trgovina\/wp-json\/wp\/v2\/avtor?post=6232"},{"taxonomy":"zalozba","embeddable":true,"href":"https:\/\/www.iskreni.net\/trgovina\/wp-json\/wp\/v2\/zalozba?post=6232"},{"taxonomy":"vezava","embeddable":true,"href":"https:\/\/www.iskreni.net\/trgovina\/wp-json\/wp\/v2\/vezava?post=6232"}],"curies":[{"name":"wp","href":"https:\/\/api.w.org\/{rel}","templated":true}]}}