{"id":62292,"date":"2023-01-04T10:39:32","date_gmt":"2023-01-04T09:39:32","guid":{"rendered":"https:\/\/www.iskreni.net\/trgovina\/?post_type=product&#038;p=62292"},"modified":"2023-10-23T14:11:33","modified_gmt":"2023-10-23T12:11:33","slug":"danielov-post","status":"publish","type":"product","link":"https:\/\/www.iskreni.net\/trgovina\/product\/danielov-post\/","title":{"rendered":"Danielov post"},"content":{"rendered":"<h4>O knjigi <em>Danielov post<\/em><\/h4>\n<p>Knjiga je sad dolgoletnih izku\u0161enj avtorice, ki \u017ee vrsto let vodi odmike z Danielovim postom kot zdravilno terapijo za telo in duha. Gre za zdravilno filozofijo, ki s pomo\u010djo zelenjavno-sadne diete omogo\u010da ohranjanje in povrnitev zdravja.<\/p>\n<p>Danielov post je u\u010dinkovita metoda za ohranjanje zdravja in duhovnega prenavljanja. Kot blagodejne u\u010dinke udele\u017eenci navajajo nov nivo energije, voljo do dela, povrnjen spanec in prenehanje bole\u010din.<\/p>\n<p>Znanje o postu je avtorica pridobila pri dr. Ewi D\u0105browski, ki \u017ee od leta 1985 uporablja post kot naravno terapijo v svoji zdravni\u0161ki praksi. S svojimi predavanji in publikacijami pa promovira tudi zdravo prehrano kot na\u010din prepre\u010devanja in zdravljenja bolezni.<\/p>\n<p>Izku\u0161nje vseh postnih terapij potrjujejo, da je ob\u010dasna zdr\u017enost od hrane edina prava re\u0161itev za prenajedenega in z nezdravo hrano zasi\u010denega sodobnega \u010dloveka. V telesu spontano spro\u017ei proces notranje prehrane, s katerim se telo samo ozdravlja.<\/p>\n","protected":false},"excerpt":{"rendered":"<p><strong>Leto izdaje:<\/strong> 2022<br \/>\n<strong>\u0160tevilo strani:<\/strong> 176<br \/>\n<strong>Mere:<\/strong> 140 x 200 mm<\/p>\n<p>Knjiga z zbranimi dolgoletnimi izku\u0161njami avtorice, ki \u017ee vrsto let vodi odmike z Danielovim postom kot zdravilno terapijo za telo in duha.<\/p>\n<h5><a href=\"https:\/\/www.iskreni.net\/trgovina\/wp-content\/uploads\/2023\/01\/Danielov_post_internet_opt.pdf\">Prelistajte knjigo<\/a><\/h5>\n<p>&nbsp;<\/p>\n","protected":false},"featured_media":62295,"comment_status":"open","ping_status":"closed","template":"","meta":[],"product_brand":[],"product_cat":[2327,63],"product_tag":[],"avtor":[2569,2570],"zalozba":[2311],"vezava":[2307],"class_list":{"0":"post-62292","1":"product","2":"type-product","3":"status-publish","4":"has-post-thumbnail","6":"product_cat-prirocniki-in-vodniki","7":"product_cat-knjige","8":"avtor-krystyna-dajka","9":"avtor-lukasz-piorkowski","10":"zalozba-druzina","11":"vezava-mehka","13":"first","14":"instock","15":"taxable","16":"shipping-taxable","17":"purchasable","18":"product-type-simple"},"yoast_head":"<!-- This site is optimized with the Yoast SEO plugin v26.3 - https:\/\/yoast.com\/wordpress\/plugins\/seo\/ -->\n<title>Danielov post - trgovina Iskreni<\/title>\n<meta name=\"description\" content=\"Danielov post je knjiga z zbranimi dolgoletnimi izku\u0161njami avtorice, ki \u017ee vrsto let vodi odmike z Danielovim postom kot zdravilno terapijo za telo in duha.\" \/>\n<meta name=\"robots\" content=\"index, follow, max-snippet:-1, max-image-preview:large, max-video-preview:-1\" \/>\n<link rel=\"canonical\" href=\"https:\/\/www.iskreni.net\/trgovina\/product\/danielov-post\/\" \/>\n<meta property=\"og:locale\" content=\"sl_SI\" \/>\n<meta property=\"og:type\" content=\"article\" \/>\n<meta property=\"og:title\" content=\"Danielov post\" \/>\n<meta property=\"og:description\" content=\"Danielov post je knjiga z zbranimi dolgoletnimi izku\u0161njami avtorice, ki \u017ee vrsto let vodi odmike z Danielovim postom kot zdravilno terapijo za telo in duha.\" \/>\n<meta property=\"og:url\" content=\"https:\/\/www.iskreni.net\/trgovina\/product\/danielov-post\/\" \/>\n<meta property=\"og:site_name\" content=\"Zavod Iskreni\" \/>\n<meta property=\"article:modified_time\" content=\"2023-10-23T12:11:33+00:00\" \/>\n<meta property=\"og:image\" content=\"https:\/\/www.iskreni.net\/trgovina\/wp-content\/uploads\/2023\/01\/Danielov-post.jpg\" \/>\n\t<meta property=\"og:image:width\" content=\"600\" \/>\n\t<meta property=\"og:image:height\" content=\"600\" \/>\n\t<meta property=\"og:image:type\" content=\"image\/jpeg\" \/>\n<meta name=\"twitter:card\" content=\"summary_large_image\" \/>\n<meta name=\"twitter:label1\" content=\"Est. reading time\" \/>\n\t<meta name=\"twitter:data1\" content=\"1 minuta\" \/>\n<script type=\"application\/ld+json\" class=\"yoast-schema-graph\">{\"@context\":\"https:\/\/schema.org\",\"@graph\":[{\"@type\":\"WebPage\",\"@id\":\"https:\/\/www.iskreni.net\/trgovina\/product\/danielov-post\/\",\"url\":\"https:\/\/www.iskreni.net\/trgovina\/product\/danielov-post\/\",\"name\":\"Danielov post - trgovina Iskreni\",\"isPartOf\":{\"@id\":\"https:\/\/www.iskreni.net\/trgovina\/#website\"},\"primaryImageOfPage\":{\"@id\":\"https:\/\/www.iskreni.net\/trgovina\/product\/danielov-post\/#primaryimage\"},\"image\":{\"@id\":\"https:\/\/www.iskreni.net\/trgovina\/product\/danielov-post\/#primaryimage\"},\"thumbnailUrl\":\"https:\/\/www.iskreni.net\/trgovina\/wp-content\/uploads\/2023\/01\/Danielov-post.jpg\",\"datePublished\":\"2023-01-04T09:39:32+00:00\",\"dateModified\":\"2023-10-23T12:11:33+00:00\",\"description\":\"Danielov post je knjiga z zbranimi dolgoletnimi izku\u0161njami avtorice, ki \u017ee vrsto let vodi odmike z Danielovim postom kot zdravilno terapijo za telo in duha.\",\"breadcrumb\":{\"@id\":\"https:\/\/www.iskreni.net\/trgovina\/product\/danielov-post\/#breadcrumb\"},\"inLanguage\":\"sl-SI\",\"potentialAction\":[{\"@type\":\"ReadAction\",\"target\":[\"https:\/\/www.iskreni.net\/trgovina\/product\/danielov-post\/\"]}]},{\"@type\":\"ImageObject\",\"inLanguage\":\"sl-SI\",\"@id\":\"https:\/\/www.iskreni.net\/trgovina\/product\/danielov-post\/#primaryimage\",\"url\":\"https:\/\/www.iskreni.net\/trgovina\/wp-content\/uploads\/2023\/01\/Danielov-post.jpg\",\"contentUrl\":\"https:\/\/www.iskreni.net\/trgovina\/wp-content\/uploads\/2023\/01\/Danielov-post.jpg\",\"width\":600,\"height\":600},{\"@type\":\"BreadcrumbList\",\"@id\":\"https:\/\/www.iskreni.net\/trgovina\/product\/danielov-post\/#breadcrumb\",\"itemListElement\":[{\"@type\":\"ListItem\",\"position\":1,\"name\":\"Home\",\"item\":\"https:\/\/www.iskreni.net\/trgovina\/\"},{\"@type\":\"ListItem\",\"position\":2,\"name\":\"Trgovina\",\"item\":\"https:\/\/www.iskreni.net\/trgovina\/trgovina\/\"},{\"@type\":\"ListItem\",\"position\":3,\"name\":\"Danielov post\"}]},{\"@type\":\"WebSite\",\"@id\":\"https:\/\/www.iskreni.net\/trgovina\/#website\",\"url\":\"https:\/\/www.iskreni.net\/trgovina\/\",\"name\":\"Zavod Iskreni\",\"description\":\"trgovina\",\"potentialAction\":[{\"@type\":\"SearchAction\",\"target\":{\"@type\":\"EntryPoint\",\"urlTemplate\":\"https:\/\/www.iskreni.net\/trgovina\/?s={search_term_string}\"},\"query-input\":{\"@type\":\"PropertyValueSpecification\",\"valueRequired\":true,\"valueName\":\"search_term_string\"}}],\"inLanguage\":\"sl-SI\"}]}<\/script>\n<!-- \/ Yoast SEO plugin. -->","yoast_head_json":{"title":"Danielov post - trgovina Iskreni","description":"Danielov post je knjiga z zbranimi dolgoletnimi izku\u0161njami avtorice, ki \u017ee vrsto let vodi odmike z Danielovim postom kot zdravilno terapijo za telo in duha.","robots":{"index":"index","follow":"follow","max-snippet":"max-snippet:-1","max-image-preview":"max-image-preview:large","max-video-preview":"max-video-preview:-1"},"canonical":"https:\/\/www.iskreni.net\/trgovina\/product\/danielov-post\/","og_locale":"sl_SI","og_type":"article","og_title":"Danielov post","og_description":"Danielov post je knjiga z zbranimi dolgoletnimi izku\u0161njami avtorice, ki \u017ee vrsto let vodi odmike z Danielovim postom kot zdravilno terapijo za telo in duha.","og_url":"https:\/\/www.iskreni.net\/trgovina\/product\/danielov-post\/","og_site_name":"Zavod Iskreni","article_modified_time":"2023-10-23T12:11:33+00:00","og_image":[{"width":600,"height":600,"url":"https:\/\/www.iskreni.net\/trgovina\/wp-content\/uploads\/2023\/01\/Danielov-post.jpg","type":"image\/jpeg"}],"twitter_card":"summary_large_image","twitter_misc":{"Est. reading time":"1 minuta"},"schema":{"@context":"https:\/\/schema.org","@graph":[{"@type":"WebPage","@id":"https:\/\/www.iskreni.net\/trgovina\/product\/danielov-post\/","url":"https:\/\/www.iskreni.net\/trgovina\/product\/danielov-post\/","name":"Danielov post - trgovina Iskreni","isPartOf":{"@id":"https:\/\/www.iskreni.net\/trgovina\/#website"},"primaryImageOfPage":{"@id":"https:\/\/www.iskreni.net\/trgovina\/product\/danielov-post\/#primaryimage"},"image":{"@id":"https:\/\/www.iskreni.net\/trgovina\/product\/danielov-post\/#primaryimage"},"thumbnailUrl":"https:\/\/www.iskreni.net\/trgovina\/wp-content\/uploads\/2023\/01\/Danielov-post.jpg","datePublished":"2023-01-04T09:39:32+00:00","dateModified":"2023-10-23T12:11:33+00:00","description":"Danielov post je knjiga z zbranimi dolgoletnimi izku\u0161njami avtorice, ki \u017ee vrsto let vodi odmike z Danielovim postom kot zdravilno terapijo za telo in duha.","breadcrumb":{"@id":"https:\/\/www.iskreni.net\/trgovina\/product\/danielov-post\/#breadcrumb"},"inLanguage":"sl-SI","potentialAction":[{"@type":"ReadAction","target":["https:\/\/www.iskreni.net\/trgovina\/product\/danielov-post\/"]}]},{"@type":"ImageObject","inLanguage":"sl-SI","@id":"https:\/\/www.iskreni.net\/trgovina\/product\/danielov-post\/#primaryimage","url":"https:\/\/www.iskreni.net\/trgovina\/wp-content\/uploads\/2023\/01\/Danielov-post.jpg","contentUrl":"https:\/\/www.iskreni.net\/trgovina\/wp-content\/uploads\/2023\/01\/Danielov-post.jpg","width":600,"height":600},{"@type":"BreadcrumbList","@id":"https:\/\/www.iskreni.net\/trgovina\/product\/danielov-post\/#breadcrumb","itemListElement":[{"@type":"ListItem","position":1,"name":"Home","item":"https:\/\/www.iskreni.net\/trgovina\/"},{"@type":"ListItem","position":2,"name":"Trgovina","item":"https:\/\/www.iskreni.net\/trgovina\/trgovina\/"},{"@type":"ListItem","position":3,"name":"Danielov post"}]},{"@type":"WebSite","@id":"https:\/\/www.iskreni.net\/trgovina\/#website","url":"https:\/\/www.iskreni.net\/trgovina\/","name":"Zavod Iskreni","description":"trgovina","potentialAction":[{"@type":"SearchAction","target":{"@type":"EntryPoint","urlTemplate":"https:\/\/www.iskreni.net\/trgovina\/?s={search_term_string}"},"query-input":{"@type":"PropertyValueSpecification","valueRequired":true,"valueName":"search_term_string"}}],"inLanguage":"sl-SI"}]}},"_links":{"self":[{"href":"https:\/\/www.iskreni.net\/trgovina\/wp-json\/wp\/v2\/product\/62292","targetHints":{"allow":["GET"]}}],"collection":[{"href":"https:\/\/www.iskreni.net\/trgovina\/wp-json\/wp\/v2\/product"}],"about":[{"href":"https:\/\/www.iskreni.net\/trgovina\/wp-json\/wp\/v2\/types\/product"}],"replies":[{"embeddable":true,"href":"https:\/\/www.iskreni.net\/trgovina\/wp-json\/wp\/v2\/comments?post=62292"}],"version-history":[{"count":9,"href":"https:\/\/www.iskreni.net\/trgovina\/wp-json\/wp\/v2\/product\/62292\/revisions"}],"predecessor-version":[{"id":70341,"href":"https:\/\/www.iskreni.net\/trgovina\/wp-json\/wp\/v2\/product\/62292\/revisions\/70341"}],"wp:featuredmedia":[{"embeddable":true,"href":"https:\/\/www.iskreni.net\/trgovina\/wp-json\/wp\/v2\/media\/62295"}],"wp:attachment":[{"href":"https:\/\/www.iskreni.net\/trgovina\/wp-json\/wp\/v2\/media?parent=62292"}],"wp:term":[{"taxonomy":"product_brand","embeddable":true,"href":"https:\/\/www.iskreni.net\/trgovina\/wp-json\/wp\/v2\/product_brand?post=62292"},{"taxonomy":"product_cat","embeddable":true,"href":"https:\/\/www.iskreni.net\/trgovina\/wp-json\/wp\/v2\/product_cat?post=62292"},{"taxonomy":"product_tag","embeddable":true,"href":"https:\/\/www.iskreni.net\/trgovina\/wp-json\/wp\/v2\/product_tag?post=62292"},{"taxonomy":"avtor","embeddable":true,"href":"https:\/\/www.iskreni.net\/trgovina\/wp-json\/wp\/v2\/avtor?post=62292"},{"taxonomy":"zalozba","embeddable":true,"href":"https:\/\/www.iskreni.net\/trgovina\/wp-json\/wp\/v2\/zalozba?post=62292"},{"taxonomy":"vezava","embeddable":true,"href":"https:\/\/www.iskreni.net\/trgovina\/wp-json\/wp\/v2\/vezava?post=62292"}],"curies":[{"name":"wp","href":"https:\/\/api.w.org\/{rel}","templated":true}]}}