{"id":6216,"date":"2019-12-02T14:38:12","date_gmt":"2019-12-02T13:38:12","guid":{"rendered":"https:\/\/www.iskreni.net\/trgovina\/product\/zablode-prevare-hujskastva\/"},"modified":"2024-01-12T10:35:10","modified_gmt":"2024-01-12T09:35:10","slug":"zablode-prevare-hujskastva","status":"publish","type":"product","link":"https:\/\/www.iskreni.net\/trgovina\/product\/zablode-prevare-hujskastva\/","title":{"rendered":"Zablode, prevare, hujska\u0161tva: Misleci nove levice"},"content":{"rendered":"<h4>O knjigi Zablode, prevare, hujska\u0161tva: Misleci nove levice<\/h4>\n<p>Roger Scruton (1944) je angle\u0161ki filozof, profesor in avtor ve\u010d kot 50 knjig. Od leta 1992 je zasedal ali gostoval na ve\u010d pomembnih akademskih katedrah v Angliji in Zdru\u017eenih dr\u017eavah Amerike. Najbolj je poznan kot neizprosni kritik nove levice na Zahodu. Tej temi je posvetil svoje \u0161tevilne raziskave in knjige. Njegovo zadnje odmevno delo\u00a0<i>Zablode, prevare, hujska\u0161tva<\/i><i>: Misleci nove levice\u00a0<\/i>je tako hkrati refleksija in kritika vseh pomembnej\u0161ih mislecev levice zadnjih petdeset let 20. stoletja kot tudi povsem sodobnih avtorjev (Derrida, Sartre, Foucault, Lukacs, Habermas, Lacan, Badiou, \u017di\u017eek, Dworkin), ki so odlo\u010dilno vplivali na zahodno misel, jezik, ekonomijo, pravo in dru\u017ebo na splo\u0161no. Avtor nam z izredno akribijo posreduje intelektualna izhodi\u0161\u010da levice, ki jih nato postopno eno za drugo razgali, kriti\u010dno ovrednoti in izrazi pomisleke o njihovi univerzalni vrednosti.<\/p>\n<p>&nbsp;<\/p>\n<h4>Odlomek iz knjige\u00a0<em>Zablode, prevare, hujska\u0161tva: Misleci nove levice<\/em><\/h4>\n<p><em>Koncepti, ki vzniknejo v normalnem dialogu, vzniknejo iz potrebe po kompromisu, po doseganju dogovorov, po vzpostavitvi miroljubnega sodelovanja z ljudmi, ki ne delijo na\u0161ih projektov ali ciljev, vendar enako potrebujejo prostor kot mi. Tak\u0161ni koncepti imajo zelo malo ali ni\u010d skupnega z namerami in na\u010drti revolucionarne levice, ker tistim, ki jih uporabljajo, dovoljujejo spreminjati smer delovanja, opustiti en cilj in izbrati drugega, dopolniti svoj na\u010din delovanja in pokazati tisto vrsto prilagodljivosti, od katere je, nazadnje, odvisen trajen mir.<\/em><\/p>\n<p><a href=\"https:\/\/www.iskreni.net\/trgovina\/wp-content\/uploads\/2024\/01\/zablode-prevare-hujskastva-misleci-nove-levice.pdf\">Prelistajte knjigo<\/a><\/p>\n<h4>Iz predstavitve knjige dr. \u017dige Turka<\/h4>\n<p><em>\u010ce ima knjiga eno sporo\u010dilo, potem je to, da misleci nove levice niso nobeni znanstveniki, pa\u010d pa aktivisti. Njihov edini kriterij za pravilnost neke teorije je, ali pomaga spodkopavati obstoje\u010di red. Vsaka \u0161e tako za lese privle\u010dena ali povsem nesmiselna teorija je dobra, \u010de lahko pomagati uni\u010devati npr. pomen dru\u017eine, vlogo dela, svetost \u017eivljenja, vladavino zakona, nacionalno so\u017eitje in druge elemente obstoje\u010dega reda. Oni bi zgradili nov red, seveda bolj\u0161ega, ki bi ga vodili znanost in stroka, se pravi misleci, kot so oni. Filozofi so do zdaj svet samo razli\u010dno razlagali, oni pa bi ga spreminjali.\u00a0<\/em>(<a href=\"https:\/\/www.domovina.je\/zablode-prevare-hujskastva-misleci-nove-levice\/\">dr. \u017diga Turk: <strong>Bedaki, bleferji in razgraja\u010di<\/strong><\/a>)<\/p>\n","protected":false},"excerpt":{"rendered":"<p><strong>Prevod:<\/strong> Niki Neubauer<br \/>\n<strong>Spremna beseda:<\/strong> Aljo\u0161a Kravanja<br \/>\n<strong>\u0160tevilo strani:<\/strong> 304<\/p>\n<p><a href=\"https:\/\/www.iskreni.net\/trgovina\/wp-content\/uploads\/2024\/01\/zablode-prevare-hujskastva-misleci-nove-levice.pdf\">Prelistajte knjigo<\/a><\/p>\n","protected":false},"featured_media":6217,"comment_status":"open","ping_status":"closed","template":"","meta":[],"product_brand":[253],"product_cat":[2326,63],"product_tag":[],"avtor":[2524],"zalozba":[2311],"vezava":[2306],"class_list":{"0":"post-6216","1":"product","2":"type-product","3":"status-publish","4":"has-post-thumbnail","6":"product_brand-druzina","7":"product_cat-druzbena-vprasanja-in-humanistika","8":"product_cat-knjige","9":"avtor-roger-scruton","10":"zalozba-druzina","11":"vezava-trda","13":"first","14":"instock","15":"taxable","16":"shipping-taxable","17":"purchasable","18":"product-type-simple"},"yoast_head":"<!-- This site is optimized with the Yoast SEO plugin v26.3 - https:\/\/yoast.com\/wordpress\/plugins\/seo\/ -->\n<title>Zablode, prevare, hujska\u0161tva: Misleci nove levice - trgovina Iskreni<\/title>\n<meta name=\"description\" content=\"Roger Scruton nam posreduje intelektualna izhodi\u0161\u010da levice, jih postopno razgali, kriti\u010dno ovrednoti in izrazi pomisleke o njihovi univerzalni vrednosti.\" \/>\n<meta name=\"robots\" content=\"index, follow, max-snippet:-1, max-image-preview:large, max-video-preview:-1\" \/>\n<link rel=\"canonical\" href=\"https:\/\/www.iskreni.net\/trgovina\/product\/zablode-prevare-hujskastva\/\" \/>\n<meta property=\"og:locale\" content=\"sl_SI\" \/>\n<meta property=\"og:type\" content=\"article\" \/>\n<meta property=\"og:title\" content=\"Zablode, prevare, hujska\u0161tva: Misleci nove levice - trgovina Iskreni\" \/>\n<meta property=\"og:description\" content=\"Roger Scruton nam posreduje intelektualna izhodi\u0161\u010da levice, jih postopno razgali, kriti\u010dno ovrednoti in izrazi pomisleke o njihovi univerzalni vrednosti.\" \/>\n<meta property=\"og:url\" content=\"https:\/\/www.iskreni.net\/trgovina\/product\/zablode-prevare-hujskastva\/\" \/>\n<meta property=\"og:site_name\" content=\"Zavod Iskreni\" \/>\n<meta property=\"article:modified_time\" content=\"2024-01-12T09:35:10+00:00\" \/>\n<meta property=\"og:image\" content=\"https:\/\/www.iskreni.net\/trgovina\/wp-content\/uploads\/2019\/12\/zablode-prevare-hujskastva1.jpg\" \/>\n\t<meta property=\"og:image:width\" content=\"627\" \/>\n\t<meta property=\"og:image:height\" content=\"627\" \/>\n\t<meta property=\"og:image:type\" content=\"image\/jpeg\" \/>\n<meta name=\"twitter:card\" content=\"summary_large_image\" \/>\n<meta name=\"twitter:label1\" content=\"Est. reading time\" \/>\n\t<meta name=\"twitter:data1\" content=\"2 minuti\" \/>\n<script type=\"application\/ld+json\" class=\"yoast-schema-graph\">{\"@context\":\"https:\/\/schema.org\",\"@graph\":[{\"@type\":\"WebPage\",\"@id\":\"https:\/\/www.iskreni.net\/trgovina\/product\/zablode-prevare-hujskastva\/\",\"url\":\"https:\/\/www.iskreni.net\/trgovina\/product\/zablode-prevare-hujskastva\/\",\"name\":\"Zablode, prevare, hujska\u0161tva: Misleci nove levice - trgovina Iskreni\",\"isPartOf\":{\"@id\":\"https:\/\/www.iskreni.net\/trgovina\/#website\"},\"primaryImageOfPage\":{\"@id\":\"https:\/\/www.iskreni.net\/trgovina\/product\/zablode-prevare-hujskastva\/#primaryimage\"},\"image\":{\"@id\":\"https:\/\/www.iskreni.net\/trgovina\/product\/zablode-prevare-hujskastva\/#primaryimage\"},\"thumbnailUrl\":\"https:\/\/www.iskreni.net\/trgovina\/wp-content\/uploads\/2019\/12\/zablode-prevare-hujskastva1.jpg\",\"datePublished\":\"2019-12-02T13:38:12+00:00\",\"dateModified\":\"2024-01-12T09:35:10+00:00\",\"description\":\"Roger Scruton nam posreduje intelektualna izhodi\u0161\u010da levice, jih postopno razgali, kriti\u010dno ovrednoti in izrazi pomisleke o njihovi univerzalni vrednosti.\",\"breadcrumb\":{\"@id\":\"https:\/\/www.iskreni.net\/trgovina\/product\/zablode-prevare-hujskastva\/#breadcrumb\"},\"inLanguage\":\"sl-SI\",\"potentialAction\":[{\"@type\":\"ReadAction\",\"target\":[\"https:\/\/www.iskreni.net\/trgovina\/product\/zablode-prevare-hujskastva\/\"]}]},{\"@type\":\"ImageObject\",\"inLanguage\":\"sl-SI\",\"@id\":\"https:\/\/www.iskreni.net\/trgovina\/product\/zablode-prevare-hujskastva\/#primaryimage\",\"url\":\"https:\/\/www.iskreni.net\/trgovina\/wp-content\/uploads\/2019\/12\/zablode-prevare-hujskastva1.jpg\",\"contentUrl\":\"https:\/\/www.iskreni.net\/trgovina\/wp-content\/uploads\/2019\/12\/zablode-prevare-hujskastva1.jpg\",\"width\":627,\"height\":627,\"caption\":\"Zablode, prevare, hujska\u0161tva: Misleci nove levice\"},{\"@type\":\"BreadcrumbList\",\"@id\":\"https:\/\/www.iskreni.net\/trgovina\/product\/zablode-prevare-hujskastva\/#breadcrumb\",\"itemListElement\":[{\"@type\":\"ListItem\",\"position\":1,\"name\":\"Home\",\"item\":\"https:\/\/www.iskreni.net\/trgovina\/\"},{\"@type\":\"ListItem\",\"position\":2,\"name\":\"Trgovina\",\"item\":\"https:\/\/www.iskreni.net\/trgovina\/trgovina\/\"},{\"@type\":\"ListItem\",\"position\":3,\"name\":\"Zablode, prevare, hujska\u0161tva: Misleci nove levice\"}]},{\"@type\":\"WebSite\",\"@id\":\"https:\/\/www.iskreni.net\/trgovina\/#website\",\"url\":\"https:\/\/www.iskreni.net\/trgovina\/\",\"name\":\"Zavod Iskreni\",\"description\":\"trgovina\",\"potentialAction\":[{\"@type\":\"SearchAction\",\"target\":{\"@type\":\"EntryPoint\",\"urlTemplate\":\"https:\/\/www.iskreni.net\/trgovina\/?s={search_term_string}\"},\"query-input\":{\"@type\":\"PropertyValueSpecification\",\"valueRequired\":true,\"valueName\":\"search_term_string\"}}],\"inLanguage\":\"sl-SI\"}]}<\/script>\n<!-- \/ Yoast SEO plugin. -->","yoast_head_json":{"title":"Zablode, prevare, hujska\u0161tva: Misleci nove levice - trgovina Iskreni","description":"Roger Scruton nam posreduje intelektualna izhodi\u0161\u010da levice, jih postopno razgali, kriti\u010dno ovrednoti in izrazi pomisleke o njihovi univerzalni vrednosti.","robots":{"index":"index","follow":"follow","max-snippet":"max-snippet:-1","max-image-preview":"max-image-preview:large","max-video-preview":"max-video-preview:-1"},"canonical":"https:\/\/www.iskreni.net\/trgovina\/product\/zablode-prevare-hujskastva\/","og_locale":"sl_SI","og_type":"article","og_title":"Zablode, prevare, hujska\u0161tva: Misleci nove levice - trgovina Iskreni","og_description":"Roger Scruton nam posreduje intelektualna izhodi\u0161\u010da levice, jih postopno razgali, kriti\u010dno ovrednoti in izrazi pomisleke o njihovi univerzalni vrednosti.","og_url":"https:\/\/www.iskreni.net\/trgovina\/product\/zablode-prevare-hujskastva\/","og_site_name":"Zavod Iskreni","article_modified_time":"2024-01-12T09:35:10+00:00","og_image":[{"width":627,"height":627,"url":"https:\/\/www.iskreni.net\/trgovina\/wp-content\/uploads\/2019\/12\/zablode-prevare-hujskastva1.jpg","type":"image\/jpeg"}],"twitter_card":"summary_large_image","twitter_misc":{"Est. reading time":"2 minuti"},"schema":{"@context":"https:\/\/schema.org","@graph":[{"@type":"WebPage","@id":"https:\/\/www.iskreni.net\/trgovina\/product\/zablode-prevare-hujskastva\/","url":"https:\/\/www.iskreni.net\/trgovina\/product\/zablode-prevare-hujskastva\/","name":"Zablode, prevare, hujska\u0161tva: Misleci nove levice - trgovina Iskreni","isPartOf":{"@id":"https:\/\/www.iskreni.net\/trgovina\/#website"},"primaryImageOfPage":{"@id":"https:\/\/www.iskreni.net\/trgovina\/product\/zablode-prevare-hujskastva\/#primaryimage"},"image":{"@id":"https:\/\/www.iskreni.net\/trgovina\/product\/zablode-prevare-hujskastva\/#primaryimage"},"thumbnailUrl":"https:\/\/www.iskreni.net\/trgovina\/wp-content\/uploads\/2019\/12\/zablode-prevare-hujskastva1.jpg","datePublished":"2019-12-02T13:38:12+00:00","dateModified":"2024-01-12T09:35:10+00:00","description":"Roger Scruton nam posreduje intelektualna izhodi\u0161\u010da levice, jih postopno razgali, kriti\u010dno ovrednoti in izrazi pomisleke o njihovi univerzalni vrednosti.","breadcrumb":{"@id":"https:\/\/www.iskreni.net\/trgovina\/product\/zablode-prevare-hujskastva\/#breadcrumb"},"inLanguage":"sl-SI","potentialAction":[{"@type":"ReadAction","target":["https:\/\/www.iskreni.net\/trgovina\/product\/zablode-prevare-hujskastva\/"]}]},{"@type":"ImageObject","inLanguage":"sl-SI","@id":"https:\/\/www.iskreni.net\/trgovina\/product\/zablode-prevare-hujskastva\/#primaryimage","url":"https:\/\/www.iskreni.net\/trgovina\/wp-content\/uploads\/2019\/12\/zablode-prevare-hujskastva1.jpg","contentUrl":"https:\/\/www.iskreni.net\/trgovina\/wp-content\/uploads\/2019\/12\/zablode-prevare-hujskastva1.jpg","width":627,"height":627,"caption":"Zablode, prevare, hujska\u0161tva: Misleci nove levice"},{"@type":"BreadcrumbList","@id":"https:\/\/www.iskreni.net\/trgovina\/product\/zablode-prevare-hujskastva\/#breadcrumb","itemListElement":[{"@type":"ListItem","position":1,"name":"Home","item":"https:\/\/www.iskreni.net\/trgovina\/"},{"@type":"ListItem","position":2,"name":"Trgovina","item":"https:\/\/www.iskreni.net\/trgovina\/trgovina\/"},{"@type":"ListItem","position":3,"name":"Zablode, prevare, hujska\u0161tva: Misleci nove levice"}]},{"@type":"WebSite","@id":"https:\/\/www.iskreni.net\/trgovina\/#website","url":"https:\/\/www.iskreni.net\/trgovina\/","name":"Zavod Iskreni","description":"trgovina","potentialAction":[{"@type":"SearchAction","target":{"@type":"EntryPoint","urlTemplate":"https:\/\/www.iskreni.net\/trgovina\/?s={search_term_string}"},"query-input":{"@type":"PropertyValueSpecification","valueRequired":true,"valueName":"search_term_string"}}],"inLanguage":"sl-SI"}]}},"_links":{"self":[{"href":"https:\/\/www.iskreni.net\/trgovina\/wp-json\/wp\/v2\/product\/6216","targetHints":{"allow":["GET"]}}],"collection":[{"href":"https:\/\/www.iskreni.net\/trgovina\/wp-json\/wp\/v2\/product"}],"about":[{"href":"https:\/\/www.iskreni.net\/trgovina\/wp-json\/wp\/v2\/types\/product"}],"replies":[{"embeddable":true,"href":"https:\/\/www.iskreni.net\/trgovina\/wp-json\/wp\/v2\/comments?post=6216"}],"version-history":[{"count":4,"href":"https:\/\/www.iskreni.net\/trgovina\/wp-json\/wp\/v2\/product\/6216\/revisions"}],"predecessor-version":[{"id":72369,"href":"https:\/\/www.iskreni.net\/trgovina\/wp-json\/wp\/v2\/product\/6216\/revisions\/72369"}],"wp:featuredmedia":[{"embeddable":true,"href":"https:\/\/www.iskreni.net\/trgovina\/wp-json\/wp\/v2\/media\/6217"}],"wp:attachment":[{"href":"https:\/\/www.iskreni.net\/trgovina\/wp-json\/wp\/v2\/media?parent=6216"}],"wp:term":[{"taxonomy":"product_brand","embeddable":true,"href":"https:\/\/www.iskreni.net\/trgovina\/wp-json\/wp\/v2\/product_brand?post=6216"},{"taxonomy":"product_cat","embeddable":true,"href":"https:\/\/www.iskreni.net\/trgovina\/wp-json\/wp\/v2\/product_cat?post=6216"},{"taxonomy":"product_tag","embeddable":true,"href":"https:\/\/www.iskreni.net\/trgovina\/wp-json\/wp\/v2\/product_tag?post=6216"},{"taxonomy":"avtor","embeddable":true,"href":"https:\/\/www.iskreni.net\/trgovina\/wp-json\/wp\/v2\/avtor?post=6216"},{"taxonomy":"zalozba","embeddable":true,"href":"https:\/\/www.iskreni.net\/trgovina\/wp-json\/wp\/v2\/zalozba?post=6216"},{"taxonomy":"vezava","embeddable":true,"href":"https:\/\/www.iskreni.net\/trgovina\/wp-json\/wp\/v2\/vezava?post=6216"}],"curies":[{"name":"wp","href":"https:\/\/api.w.org\/{rel}","templated":true}]}}