{"id":6173,"date":"2019-11-11T15:44:42","date_gmt":"2019-11-11T14:44:42","guid":{"rendered":"https:\/\/www.iskreni.net\/trgovina\/product\/ogenj-rit-in-kace-niso-za-igrace-3\/"},"modified":"2024-01-18T10:32:27","modified_gmt":"2024-01-18T09:32:27","slug":"ogenj-rit-in-kace-niso-za-igrace-3","status":"publish","type":"product","link":"https:\/\/www.iskreni.net\/trgovina\/product\/ogenj-rit-in-kace-niso-za-igrace-3\/","title":{"rendered":"Ogenj, rit in ka\u010de niso za igra\u010de 3. del: Mo\u0161ke zgodbe"},"content":{"rendered":"<h4>O knjigi\u00a0<b><em>Ogenj, rit in ka\u010de niso za igra\u010de: Mo\u0161ke zgodbe:<\/em><\/b><\/h4>\n<div id=\"productText\" class=\"product_text expand\">\n<div id=\"product_shortdescription_3074457345617904169\" class=\"descriptionExcerpt\">\n<p>Pred vami je ena redkih knjig, za katero lahko re\u010demo, da je ne smemo prebrati &#8221;na du\u0161ek&#8221;! Ta knjiga je kot \u017eivljenje samo, ki ga zajemamo z \u017eli\u010dkami, \u010de \u017eelimo, da &#8221;tekne&#8221; na pravi na\u010din! Vsaka zgodba je vredna va\u0161e &#8221;po\u010dasne&#8221; pozornosti, razmisleka in so\u010dutja, zato je prav, da jih prebirate korak za korakom. S tretjo knjigo &#8221;mo\u0161kih zgodb&#8221;, iz trilogije Ogenj, rit in ka\u010de niso za igra\u010de, Milena Miklav\u010di\u010d zaklju\u010duje s poljudnimi raziskavami, zapisi in intervjuji o medsebojnih odnosih in intimi na slovenski na\u010din. Vse tri knjige zaobsegajo \u010das od leta 1900 pa vse do danes. Zgodbe so na\u0161e &#8211; doma\u010de. Bil je \u017ee skrajni \u010das, da se jim posvetimo, kajti razli\u010dne tur\u0161ke in \u0161e kak\u0161ne telenovele, s katerimi nas zasipavajo, nimajo druge vloge, kot ustvarjati iluzijo, kako bi lahko bilo, pa nikoli ne bo. Zgodbe, ki jih najdete v trilogiji &#8216;Ogenj, rit in ka\u010de niso za igra\u010de&#8217;, pa so zgodbe ljudi, mimo katerih hodimo, a si ne vzamemo \u010dasa, da bi jim prisluhnili. &#8230;<\/p>\n<\/div>\n<div class=\"clear_float\"><\/div>\n<\/div>\n<h4>O avtorju:<\/h4>\n<p><b>Milena Miklav\u010di\u010d <\/b>je slovenistka, pisateljica, novinarka\u00a0in\u00a0raziskovalka preteklosti iz \u017dirov.\u00a0Pri raziskovanju preteklosti se osredoto\u010da na med\u010dlove\u0161ke odnose prednikov. Njena raziskava o spolnosti na \u017dirovskem v za\u010detku 20. stoletja Agn, ret pa ka\u010de niso za igra\u010de v 27. \u0161tevilki\u00a0<i>\u017dirovskega ob\u010dasnika<\/i>\u00a0(1998).<\/p>\n<p>&nbsp;<\/p>\n","protected":false},"excerpt":{"rendered":"<p><strong>\u0160tevilo strani: <\/strong>526<br \/>\n<strong>Leto izdaje:<\/strong> 2019<\/p>\n<p><em>Mo\u0161ke zgodbe<\/em><\/p>\n","protected":false},"featured_media":6176,"comment_status":"open","ping_status":"closed","template":"","meta":[],"product_brand":[258],"product_cat":[2326,2322,63],"product_tag":[812],"avtor":[2331],"zalozba":[2374],"vezava":[2307],"class_list":{"0":"post-6173","1":"product","2":"type-product","3":"status-publish","4":"has-post-thumbnail","6":"product_brand-druge-zalozbe","7":"product_cat-druzbena-vprasanja-in-humanistika","8":"product_cat-druzina-in-odnosi","9":"product_cat-knjige","10":"product_tag-ogenj-rit-in-kace-niso-za-igrace","11":"avtor-milena-miklavcic","12":"zalozba-jutri-2052","13":"vezava-mehka","15":"first","16":"instock","17":"taxable","18":"shipping-taxable","19":"purchasable","20":"product-type-simple"},"yoast_head":"<!-- This site is optimized with the Yoast SEO plugin v26.3 - https:\/\/yoast.com\/wordpress\/plugins\/seo\/ -->\n<title>Milena Miklav\u010di\u010d: Ogenj, rit in ka\u010de niso za igra\u010de 3. del - trgovina Iskreni<\/title>\n<meta name=\"description\" content=\"Knjiga Ogenj, rit in ka\u010de niso za igra\u010de: Mo\u0161ke zgodbe, za katero lahko re\u010demo, da je ne smemo prebrati &#039;&#039;na du\u0161ek&#039;&#039;, ampak po\u010dasi, z majhno \u017eli\u010dko.\" \/>\n<meta name=\"robots\" content=\"index, follow, max-snippet:-1, max-image-preview:large, max-video-preview:-1\" \/>\n<link rel=\"canonical\" href=\"https:\/\/www.iskreni.net\/trgovina\/product\/ogenj-rit-in-kace-niso-za-igrace-3\/\" \/>\n<meta property=\"og:locale\" content=\"sl_SI\" \/>\n<meta property=\"og:type\" content=\"article\" \/>\n<meta property=\"og:title\" content=\"Milena Miklav\u010di\u010d: Ogenj, rit in ka\u010de niso za igra\u010de 3. del - trgovina Iskreni\" \/>\n<meta property=\"og:description\" content=\"Knjiga Ogenj, rit in ka\u010de niso za igra\u010de: Mo\u0161ke zgodbe, za katero lahko re\u010demo, da je ne smemo prebrati &#039;&#039;na du\u0161ek&#039;&#039;, ampak po\u010dasi, z majhno \u017eli\u010dko.\" \/>\n<meta property=\"og:url\" content=\"https:\/\/www.iskreni.net\/trgovina\/product\/ogenj-rit-in-kace-niso-za-igrace-3\/\" \/>\n<meta property=\"og:site_name\" content=\"Zavod Iskreni\" \/>\n<meta property=\"article:modified_time\" content=\"2024-01-18T09:32:27+00:00\" \/>\n<meta property=\"og:image\" content=\"https:\/\/www.iskreni.net\/trgovina\/wp-content\/uploads\/2019\/11\/ORKNZI3.4.jpg\" \/>\n\t<meta property=\"og:image:width\" content=\"627\" \/>\n\t<meta property=\"og:image:height\" content=\"627\" \/>\n\t<meta property=\"og:image:type\" content=\"image\/jpeg\" \/>\n<meta name=\"twitter:card\" content=\"summary_large_image\" \/>\n<meta name=\"twitter:label1\" content=\"Est. reading time\" \/>\n\t<meta name=\"twitter:data1\" content=\"2 minuti\" \/>\n<script type=\"application\/ld+json\" class=\"yoast-schema-graph\">{\"@context\":\"https:\/\/schema.org\",\"@graph\":[{\"@type\":\"WebPage\",\"@id\":\"https:\/\/www.iskreni.net\/trgovina\/product\/ogenj-rit-in-kace-niso-za-igrace-3\/\",\"url\":\"https:\/\/www.iskreni.net\/trgovina\/product\/ogenj-rit-in-kace-niso-za-igrace-3\/\",\"name\":\"Milena Miklav\u010di\u010d: Ogenj, rit in ka\u010de niso za igra\u010de 3. del - trgovina Iskreni\",\"isPartOf\":{\"@id\":\"https:\/\/www.iskreni.net\/trgovina\/#website\"},\"primaryImageOfPage\":{\"@id\":\"https:\/\/www.iskreni.net\/trgovina\/product\/ogenj-rit-in-kace-niso-za-igrace-3\/#primaryimage\"},\"image\":{\"@id\":\"https:\/\/www.iskreni.net\/trgovina\/product\/ogenj-rit-in-kace-niso-za-igrace-3\/#primaryimage\"},\"thumbnailUrl\":\"https:\/\/www.iskreni.net\/trgovina\/wp-content\/uploads\/2019\/11\/ORKNZI3.4.jpg\",\"datePublished\":\"2019-11-11T14:44:42+00:00\",\"dateModified\":\"2024-01-18T09:32:27+00:00\",\"description\":\"Knjiga Ogenj, rit in ka\u010de niso za igra\u010de: Mo\u0161ke zgodbe, za katero lahko re\u010demo, da je ne smemo prebrati ''na du\u0161ek'', ampak po\u010dasi, z majhno \u017eli\u010dko.\",\"breadcrumb\":{\"@id\":\"https:\/\/www.iskreni.net\/trgovina\/product\/ogenj-rit-in-kace-niso-za-igrace-3\/#breadcrumb\"},\"inLanguage\":\"sl-SI\",\"potentialAction\":[{\"@type\":\"ReadAction\",\"target\":[\"https:\/\/www.iskreni.net\/trgovina\/product\/ogenj-rit-in-kace-niso-za-igrace-3\/\"]}]},{\"@type\":\"ImageObject\",\"inLanguage\":\"sl-SI\",\"@id\":\"https:\/\/www.iskreni.net\/trgovina\/product\/ogenj-rit-in-kace-niso-za-igrace-3\/#primaryimage\",\"url\":\"https:\/\/www.iskreni.net\/trgovina\/wp-content\/uploads\/2019\/11\/ORKNZI3.4.jpg\",\"contentUrl\":\"https:\/\/www.iskreni.net\/trgovina\/wp-content\/uploads\/2019\/11\/ORKNZI3.4.jpg\",\"width\":627,\"height\":627,\"caption\":\"Ogenj, rit in ka\u010de niso za igra\u010de 3\"},{\"@type\":\"BreadcrumbList\",\"@id\":\"https:\/\/www.iskreni.net\/trgovina\/product\/ogenj-rit-in-kace-niso-za-igrace-3\/#breadcrumb\",\"itemListElement\":[{\"@type\":\"ListItem\",\"position\":1,\"name\":\"Home\",\"item\":\"https:\/\/www.iskreni.net\/trgovina\/\"},{\"@type\":\"ListItem\",\"position\":2,\"name\":\"Trgovina\",\"item\":\"https:\/\/www.iskreni.net\/trgovina\/trgovina\/\"},{\"@type\":\"ListItem\",\"position\":3,\"name\":\"Ogenj, rit in ka\u010de niso za igra\u010de 3. del: Mo\u0161ke zgodbe\"}]},{\"@type\":\"WebSite\",\"@id\":\"https:\/\/www.iskreni.net\/trgovina\/#website\",\"url\":\"https:\/\/www.iskreni.net\/trgovina\/\",\"name\":\"Zavod Iskreni\",\"description\":\"trgovina\",\"potentialAction\":[{\"@type\":\"SearchAction\",\"target\":{\"@type\":\"EntryPoint\",\"urlTemplate\":\"https:\/\/www.iskreni.net\/trgovina\/?s={search_term_string}\"},\"query-input\":{\"@type\":\"PropertyValueSpecification\",\"valueRequired\":true,\"valueName\":\"search_term_string\"}}],\"inLanguage\":\"sl-SI\"}]}<\/script>\n<!-- \/ Yoast SEO plugin. -->","yoast_head_json":{"title":"Milena Miklav\u010di\u010d: Ogenj, rit in ka\u010de niso za igra\u010de 3. del - trgovina Iskreni","description":"Knjiga Ogenj, rit in ka\u010de niso za igra\u010de: Mo\u0161ke zgodbe, za katero lahko re\u010demo, da je ne smemo prebrati ''na du\u0161ek'', ampak po\u010dasi, z majhno \u017eli\u010dko.","robots":{"index":"index","follow":"follow","max-snippet":"max-snippet:-1","max-image-preview":"max-image-preview:large","max-video-preview":"max-video-preview:-1"},"canonical":"https:\/\/www.iskreni.net\/trgovina\/product\/ogenj-rit-in-kace-niso-za-igrace-3\/","og_locale":"sl_SI","og_type":"article","og_title":"Milena Miklav\u010di\u010d: Ogenj, rit in ka\u010de niso za igra\u010de 3. del - trgovina Iskreni","og_description":"Knjiga Ogenj, rit in ka\u010de niso za igra\u010de: Mo\u0161ke zgodbe, za katero lahko re\u010demo, da je ne smemo prebrati ''na du\u0161ek'', ampak po\u010dasi, z majhno \u017eli\u010dko.","og_url":"https:\/\/www.iskreni.net\/trgovina\/product\/ogenj-rit-in-kace-niso-za-igrace-3\/","og_site_name":"Zavod Iskreni","article_modified_time":"2024-01-18T09:32:27+00:00","og_image":[{"width":627,"height":627,"url":"https:\/\/www.iskreni.net\/trgovina\/wp-content\/uploads\/2019\/11\/ORKNZI3.4.jpg","type":"image\/jpeg"}],"twitter_card":"summary_large_image","twitter_misc":{"Est. reading time":"2 minuti"},"schema":{"@context":"https:\/\/schema.org","@graph":[{"@type":"WebPage","@id":"https:\/\/www.iskreni.net\/trgovina\/product\/ogenj-rit-in-kace-niso-za-igrace-3\/","url":"https:\/\/www.iskreni.net\/trgovina\/product\/ogenj-rit-in-kace-niso-za-igrace-3\/","name":"Milena Miklav\u010di\u010d: Ogenj, rit in ka\u010de niso za igra\u010de 3. del - trgovina Iskreni","isPartOf":{"@id":"https:\/\/www.iskreni.net\/trgovina\/#website"},"primaryImageOfPage":{"@id":"https:\/\/www.iskreni.net\/trgovina\/product\/ogenj-rit-in-kace-niso-za-igrace-3\/#primaryimage"},"image":{"@id":"https:\/\/www.iskreni.net\/trgovina\/product\/ogenj-rit-in-kace-niso-za-igrace-3\/#primaryimage"},"thumbnailUrl":"https:\/\/www.iskreni.net\/trgovina\/wp-content\/uploads\/2019\/11\/ORKNZI3.4.jpg","datePublished":"2019-11-11T14:44:42+00:00","dateModified":"2024-01-18T09:32:27+00:00","description":"Knjiga Ogenj, rit in ka\u010de niso za igra\u010de: Mo\u0161ke zgodbe, za katero lahko re\u010demo, da je ne smemo prebrati ''na du\u0161ek'', ampak po\u010dasi, z majhno \u017eli\u010dko.","breadcrumb":{"@id":"https:\/\/www.iskreni.net\/trgovina\/product\/ogenj-rit-in-kace-niso-za-igrace-3\/#breadcrumb"},"inLanguage":"sl-SI","potentialAction":[{"@type":"ReadAction","target":["https:\/\/www.iskreni.net\/trgovina\/product\/ogenj-rit-in-kace-niso-za-igrace-3\/"]}]},{"@type":"ImageObject","inLanguage":"sl-SI","@id":"https:\/\/www.iskreni.net\/trgovina\/product\/ogenj-rit-in-kace-niso-za-igrace-3\/#primaryimage","url":"https:\/\/www.iskreni.net\/trgovina\/wp-content\/uploads\/2019\/11\/ORKNZI3.4.jpg","contentUrl":"https:\/\/www.iskreni.net\/trgovina\/wp-content\/uploads\/2019\/11\/ORKNZI3.4.jpg","width":627,"height":627,"caption":"Ogenj, rit in ka\u010de niso za igra\u010de 3"},{"@type":"BreadcrumbList","@id":"https:\/\/www.iskreni.net\/trgovina\/product\/ogenj-rit-in-kace-niso-za-igrace-3\/#breadcrumb","itemListElement":[{"@type":"ListItem","position":1,"name":"Home","item":"https:\/\/www.iskreni.net\/trgovina\/"},{"@type":"ListItem","position":2,"name":"Trgovina","item":"https:\/\/www.iskreni.net\/trgovina\/trgovina\/"},{"@type":"ListItem","position":3,"name":"Ogenj, rit in ka\u010de niso za igra\u010de 3. del: Mo\u0161ke zgodbe"}]},{"@type":"WebSite","@id":"https:\/\/www.iskreni.net\/trgovina\/#website","url":"https:\/\/www.iskreni.net\/trgovina\/","name":"Zavod Iskreni","description":"trgovina","potentialAction":[{"@type":"SearchAction","target":{"@type":"EntryPoint","urlTemplate":"https:\/\/www.iskreni.net\/trgovina\/?s={search_term_string}"},"query-input":{"@type":"PropertyValueSpecification","valueRequired":true,"valueName":"search_term_string"}}],"inLanguage":"sl-SI"}]}},"_links":{"self":[{"href":"https:\/\/www.iskreni.net\/trgovina\/wp-json\/wp\/v2\/product\/6173","targetHints":{"allow":["GET"]}}],"collection":[{"href":"https:\/\/www.iskreni.net\/trgovina\/wp-json\/wp\/v2\/product"}],"about":[{"href":"https:\/\/www.iskreni.net\/trgovina\/wp-json\/wp\/v2\/types\/product"}],"replies":[{"embeddable":true,"href":"https:\/\/www.iskreni.net\/trgovina\/wp-json\/wp\/v2\/comments?post=6173"}],"version-history":[{"count":6,"href":"https:\/\/www.iskreni.net\/trgovina\/wp-json\/wp\/v2\/product\/6173\/revisions"}],"predecessor-version":[{"id":72672,"href":"https:\/\/www.iskreni.net\/trgovina\/wp-json\/wp\/v2\/product\/6173\/revisions\/72672"}],"wp:featuredmedia":[{"embeddable":true,"href":"https:\/\/www.iskreni.net\/trgovina\/wp-json\/wp\/v2\/media\/6176"}],"wp:attachment":[{"href":"https:\/\/www.iskreni.net\/trgovina\/wp-json\/wp\/v2\/media?parent=6173"}],"wp:term":[{"taxonomy":"product_brand","embeddable":true,"href":"https:\/\/www.iskreni.net\/trgovina\/wp-json\/wp\/v2\/product_brand?post=6173"},{"taxonomy":"product_cat","embeddable":true,"href":"https:\/\/www.iskreni.net\/trgovina\/wp-json\/wp\/v2\/product_cat?post=6173"},{"taxonomy":"product_tag","embeddable":true,"href":"https:\/\/www.iskreni.net\/trgovina\/wp-json\/wp\/v2\/product_tag?post=6173"},{"taxonomy":"avtor","embeddable":true,"href":"https:\/\/www.iskreni.net\/trgovina\/wp-json\/wp\/v2\/avtor?post=6173"},{"taxonomy":"zalozba","embeddable":true,"href":"https:\/\/www.iskreni.net\/trgovina\/wp-json\/wp\/v2\/zalozba?post=6173"},{"taxonomy":"vezava","embeddable":true,"href":"https:\/\/www.iskreni.net\/trgovina\/wp-json\/wp\/v2\/vezava?post=6173"}],"curies":[{"name":"wp","href":"https:\/\/api.w.org\/{rel}","templated":true}]}}