{"id":6170,"date":"2019-11-11T15:30:22","date_gmt":"2019-11-11T14:30:22","guid":{"rendered":"https:\/\/www.iskreni.net\/trgovina\/product\/ogenj-rit-in-kace-niso-za-igrace-2\/"},"modified":"2024-01-18T10:32:48","modified_gmt":"2024-01-18T09:32:48","slug":"ogenj-rit-in-kace-niso-za-igrace-2","status":"publish","type":"product","link":"https:\/\/www.iskreni.net\/trgovina\/product\/ogenj-rit-in-kace-niso-za-igrace-2\/","title":{"rendered":"Ogenj, rit in ka\u010de niso za igra\u010de 2. del"},"content":{"rendered":"<h4>O knjigi\u00a0<b><em>Ogenj, rit in ka\u010de niso za igra\u010de: Babice, h\u010dere, vnukinje:<\/em><\/b><\/h4>\n<p>Tudi v drugem delu knjige\u00a0<strong>Ogenj, rit in ka\u010de niso za igra\u010de<\/strong>\u00a0s podnaslovom<strong> Babice, h\u010dere in vnukinje<\/strong>\u00a0so zbrane resni\u010dne zgodbe \u017eensk (tudi nekaterih mo\u0161kih). Pozoren bralec bo namre\u010d hitro opazil, da se te\u017eave in stranpoti medsebojnih odnosov v zadnjih sto letih niso kaj prida spremenili.<\/p>\n<p><strong>Ogenj, rit in ka\u010de niso za igra\u010de<\/strong> sodi med najbolj poznane knjige zadnjih nekaj let. Prvi del je \u0161e po treh letih v samem vrhu po branosti v knji\u017enicah, \u0161e zmeraj se solidno prodaja. Malodane vsi mediji so o knjigi \u017ee pisali in te\u017eko \u010dakajo, da izide tudi drugi del. O prvi knjigi je bil posnet dokumentarec z istim naslovom za potrebe TV Slovenija. Ob 50-letnici Sociolo\u0161kega dru\u0161tva je iz\u0161el ob\u0161iren zbornik in v njem je dr. Zdravko Mlinar objavil ob\u0161iren \u010dlanek o Ogenj, rit in ka\u010de niso za igra\u010de. Naslov \u010dlanka je \u00bbSpoznanja zunaj uradne znanosti:o spolnosti, nasilju nad \u017eenskami in \u0161e o mnogo\u010dem\u00ab. Izjemno pohvalno in tanko\u010dutno recenzijo pa je o knjigi, med drugimi, napisala tudi dr. Spomenka Hribar. To je ena redkih knjig, ki bi jo morale brati vse generacije. Starej\u0161e, da bi ob njej obujale spomine in jih pripovedovale mlaj\u0161im (ker sicer bodo z njimi od\u0161li v pozabo), mlaj\u0161e pa zato, da bi ob branju spoznavali, da se te\u017eave v medsebojnih odnosih skozi stoletje niso dosti spremenile, menjal se je le &#8220;celofan.&#8221;<\/p>\n<p>Knjigo toplo priporo\u010damo tudi tistim, ki i\u0161\u010dejo razli\u010dne oblike psihoterapevtske pomo\u010di, star\u0161em ter u\u010diteljem na vseh nivojih izobra\u017eevalnega procesa. V knjigi so zbrani, med drugim, tudi \u00bbvzorci\u00ab, ki nam ote\u017eujejo \u017eivljenje in ki se prena\u0161ajo iz generacije v generacijo. Knjigo si zato lahko predstavljate tudi kot \u00bbpriro\u010dnik\u00ab, da se iz zapisanih zgodb bralec nau\u010di \u017eivljenjskih modrosti.<\/p>\n<h4>O avtorju:<\/h4>\n<p><b>Milena Miklav\u010di\u010d <\/b>je slovenistka, pisateljica, novinarka\u00a0in\u00a0raziskovalka preteklosti iz \u017dirov.\u00a0Pri raziskovanju preteklosti se osredoto\u010da na med\u010dlove\u0161ke odnose prednikov. Njena raziskava o spolnosti na \u017dirovskem v za\u010detku 20. stoletja Agn, ret pa ka\u010de niso za igra\u010de v 27. \u0161tevilki\u00a0<i>\u017dirovskega ob\u010dasnika<\/i>\u00a0(1998).<\/p>\n<p>&nbsp;<\/p>\n","protected":false},"excerpt":{"rendered":"<p><strong>\u0160tevilo strani: <\/strong>461<br \/>\n<strong>Leto izdaje:<\/strong> 2017<\/p>\n<p><em>Babice, h\u010dere, vnukinje.<\/em><\/p>\n","protected":false},"featured_media":6172,"comment_status":"open","ping_status":"closed","template":"","meta":[],"product_brand":[258],"product_cat":[2326,2322,63],"product_tag":[812],"avtor":[2331],"zalozba":[2374],"vezava":[2307],"class_list":{"0":"post-6170","1":"product","2":"type-product","3":"status-publish","4":"has-post-thumbnail","6":"product_brand-druge-zalozbe","7":"product_cat-druzbena-vprasanja-in-humanistika","8":"product_cat-druzina-in-odnosi","9":"product_cat-knjige","10":"product_tag-ogenj-rit-in-kace-niso-za-igrace","11":"avtor-milena-miklavcic","12":"zalozba-jutri-2052","13":"vezava-mehka","15":"first","16":"instock","17":"taxable","18":"shipping-taxable","19":"purchasable","20":"product-type-simple"},"yoast_head":"<!-- This site is optimized with the Yoast SEO plugin v26.3 - https:\/\/yoast.com\/wordpress\/plugins\/seo\/ -->\n<title>Milena Miklav\u010di\u010d: Ogenj, rit in ka\u010de niso za igra\u010de - trgovina Iskreni<\/title>\n<meta name=\"description\" content=\"V drugem delu knjige Ogenj, rit in ka\u010de niso za igra\u010de s podnaslovom Babice, h\u010dere in vnukinje so zbrane resni\u010dne zgodbe \u017eensk (tudi nekaterih mo\u0161kih).\" \/>\n<meta name=\"robots\" content=\"index, follow, max-snippet:-1, max-image-preview:large, max-video-preview:-1\" \/>\n<link rel=\"canonical\" href=\"https:\/\/www.iskreni.net\/trgovina\/product\/ogenj-rit-in-kace-niso-za-igrace-2\/\" \/>\n<meta property=\"og:locale\" content=\"sl_SI\" \/>\n<meta property=\"og:type\" content=\"article\" \/>\n<meta property=\"og:title\" content=\"Milena Miklav\u010di\u010d: Ogenj, rit in ka\u010de niso za igra\u010de - trgovina Iskreni\" \/>\n<meta property=\"og:description\" content=\"V drugem delu knjige Ogenj, rit in ka\u010de niso za igra\u010de s podnaslovom Babice, h\u010dere in vnukinje so zbrane resni\u010dne zgodbe \u017eensk (tudi nekaterih mo\u0161kih).\" \/>\n<meta property=\"og:url\" content=\"https:\/\/www.iskreni.net\/trgovina\/product\/ogenj-rit-in-kace-niso-za-igrace-2\/\" \/>\n<meta property=\"og:site_name\" content=\"Zavod Iskreni\" \/>\n<meta property=\"article:modified_time\" content=\"2024-01-18T09:32:48+00:00\" \/>\n<meta property=\"og:image\" content=\"https:\/\/www.iskreni.net\/trgovina\/wp-content\/uploads\/2019\/11\/ORKNZI2.1.jpg\" \/>\n\t<meta property=\"og:image:width\" content=\"600\" \/>\n\t<meta property=\"og:image:height\" content=\"600\" \/>\n\t<meta property=\"og:image:type\" content=\"image\/jpeg\" \/>\n<meta name=\"twitter:card\" content=\"summary_large_image\" \/>\n<meta name=\"twitter:label1\" content=\"Est. reading time\" \/>\n\t<meta name=\"twitter:data1\" content=\"2 minuti\" \/>\n<script type=\"application\/ld+json\" class=\"yoast-schema-graph\">{\"@context\":\"https:\/\/schema.org\",\"@graph\":[{\"@type\":\"WebPage\",\"@id\":\"https:\/\/www.iskreni.net\/trgovina\/product\/ogenj-rit-in-kace-niso-za-igrace-2\/\",\"url\":\"https:\/\/www.iskreni.net\/trgovina\/product\/ogenj-rit-in-kace-niso-za-igrace-2\/\",\"name\":\"Milena Miklav\u010di\u010d: Ogenj, rit in ka\u010de niso za igra\u010de - trgovina Iskreni\",\"isPartOf\":{\"@id\":\"https:\/\/www.iskreni.net\/trgovina\/#website\"},\"primaryImageOfPage\":{\"@id\":\"https:\/\/www.iskreni.net\/trgovina\/product\/ogenj-rit-in-kace-niso-za-igrace-2\/#primaryimage\"},\"image\":{\"@id\":\"https:\/\/www.iskreni.net\/trgovina\/product\/ogenj-rit-in-kace-niso-za-igrace-2\/#primaryimage\"},\"thumbnailUrl\":\"https:\/\/www.iskreni.net\/trgovina\/wp-content\/uploads\/2019\/11\/ORKNZI2.1.jpg\",\"datePublished\":\"2019-11-11T14:30:22+00:00\",\"dateModified\":\"2024-01-18T09:32:48+00:00\",\"description\":\"V drugem delu knjige Ogenj, rit in ka\u010de niso za igra\u010de s podnaslovom Babice, h\u010dere in vnukinje so zbrane resni\u010dne zgodbe \u017eensk (tudi nekaterih mo\u0161kih).\",\"breadcrumb\":{\"@id\":\"https:\/\/www.iskreni.net\/trgovina\/product\/ogenj-rit-in-kace-niso-za-igrace-2\/#breadcrumb\"},\"inLanguage\":\"sl-SI\",\"potentialAction\":[{\"@type\":\"ReadAction\",\"target\":[\"https:\/\/www.iskreni.net\/trgovina\/product\/ogenj-rit-in-kace-niso-za-igrace-2\/\"]}]},{\"@type\":\"ImageObject\",\"inLanguage\":\"sl-SI\",\"@id\":\"https:\/\/www.iskreni.net\/trgovina\/product\/ogenj-rit-in-kace-niso-za-igrace-2\/#primaryimage\",\"url\":\"https:\/\/www.iskreni.net\/trgovina\/wp-content\/uploads\/2019\/11\/ORKNZI2.1.jpg\",\"contentUrl\":\"https:\/\/www.iskreni.net\/trgovina\/wp-content\/uploads\/2019\/11\/ORKNZI2.1.jpg\",\"width\":600,\"height\":600,\"caption\":\"Ogenj rit in ka\u010de niso za igra\u010de 2.\"},{\"@type\":\"BreadcrumbList\",\"@id\":\"https:\/\/www.iskreni.net\/trgovina\/product\/ogenj-rit-in-kace-niso-za-igrace-2\/#breadcrumb\",\"itemListElement\":[{\"@type\":\"ListItem\",\"position\":1,\"name\":\"Home\",\"item\":\"https:\/\/www.iskreni.net\/trgovina\/\"},{\"@type\":\"ListItem\",\"position\":2,\"name\":\"Trgovina\",\"item\":\"https:\/\/www.iskreni.net\/trgovina\/trgovina\/\"},{\"@type\":\"ListItem\",\"position\":3,\"name\":\"Ogenj, rit in ka\u010de niso za igra\u010de 2. del\"}]},{\"@type\":\"WebSite\",\"@id\":\"https:\/\/www.iskreni.net\/trgovina\/#website\",\"url\":\"https:\/\/www.iskreni.net\/trgovina\/\",\"name\":\"Zavod Iskreni\",\"description\":\"trgovina\",\"potentialAction\":[{\"@type\":\"SearchAction\",\"target\":{\"@type\":\"EntryPoint\",\"urlTemplate\":\"https:\/\/www.iskreni.net\/trgovina\/?s={search_term_string}\"},\"query-input\":{\"@type\":\"PropertyValueSpecification\",\"valueRequired\":true,\"valueName\":\"search_term_string\"}}],\"inLanguage\":\"sl-SI\"}]}<\/script>\n<!-- \/ Yoast SEO plugin. -->","yoast_head_json":{"title":"Milena Miklav\u010di\u010d: Ogenj, rit in ka\u010de niso za igra\u010de - trgovina Iskreni","description":"V drugem delu knjige Ogenj, rit in ka\u010de niso za igra\u010de s podnaslovom Babice, h\u010dere in vnukinje so zbrane resni\u010dne zgodbe \u017eensk (tudi nekaterih mo\u0161kih).","robots":{"index":"index","follow":"follow","max-snippet":"max-snippet:-1","max-image-preview":"max-image-preview:large","max-video-preview":"max-video-preview:-1"},"canonical":"https:\/\/www.iskreni.net\/trgovina\/product\/ogenj-rit-in-kace-niso-za-igrace-2\/","og_locale":"sl_SI","og_type":"article","og_title":"Milena Miklav\u010di\u010d: Ogenj, rit in ka\u010de niso za igra\u010de - trgovina Iskreni","og_description":"V drugem delu knjige Ogenj, rit in ka\u010de niso za igra\u010de s podnaslovom Babice, h\u010dere in vnukinje so zbrane resni\u010dne zgodbe \u017eensk (tudi nekaterih mo\u0161kih).","og_url":"https:\/\/www.iskreni.net\/trgovina\/product\/ogenj-rit-in-kace-niso-za-igrace-2\/","og_site_name":"Zavod Iskreni","article_modified_time":"2024-01-18T09:32:48+00:00","og_image":[{"width":600,"height":600,"url":"https:\/\/www.iskreni.net\/trgovina\/wp-content\/uploads\/2019\/11\/ORKNZI2.1.jpg","type":"image\/jpeg"}],"twitter_card":"summary_large_image","twitter_misc":{"Est. reading time":"2 minuti"},"schema":{"@context":"https:\/\/schema.org","@graph":[{"@type":"WebPage","@id":"https:\/\/www.iskreni.net\/trgovina\/product\/ogenj-rit-in-kace-niso-za-igrace-2\/","url":"https:\/\/www.iskreni.net\/trgovina\/product\/ogenj-rit-in-kace-niso-za-igrace-2\/","name":"Milena Miklav\u010di\u010d: Ogenj, rit in ka\u010de niso za igra\u010de - trgovina Iskreni","isPartOf":{"@id":"https:\/\/www.iskreni.net\/trgovina\/#website"},"primaryImageOfPage":{"@id":"https:\/\/www.iskreni.net\/trgovina\/product\/ogenj-rit-in-kace-niso-za-igrace-2\/#primaryimage"},"image":{"@id":"https:\/\/www.iskreni.net\/trgovina\/product\/ogenj-rit-in-kace-niso-za-igrace-2\/#primaryimage"},"thumbnailUrl":"https:\/\/www.iskreni.net\/trgovina\/wp-content\/uploads\/2019\/11\/ORKNZI2.1.jpg","datePublished":"2019-11-11T14:30:22+00:00","dateModified":"2024-01-18T09:32:48+00:00","description":"V drugem delu knjige Ogenj, rit in ka\u010de niso za igra\u010de s podnaslovom Babice, h\u010dere in vnukinje so zbrane resni\u010dne zgodbe \u017eensk (tudi nekaterih mo\u0161kih).","breadcrumb":{"@id":"https:\/\/www.iskreni.net\/trgovina\/product\/ogenj-rit-in-kace-niso-za-igrace-2\/#breadcrumb"},"inLanguage":"sl-SI","potentialAction":[{"@type":"ReadAction","target":["https:\/\/www.iskreni.net\/trgovina\/product\/ogenj-rit-in-kace-niso-za-igrace-2\/"]}]},{"@type":"ImageObject","inLanguage":"sl-SI","@id":"https:\/\/www.iskreni.net\/trgovina\/product\/ogenj-rit-in-kace-niso-za-igrace-2\/#primaryimage","url":"https:\/\/www.iskreni.net\/trgovina\/wp-content\/uploads\/2019\/11\/ORKNZI2.1.jpg","contentUrl":"https:\/\/www.iskreni.net\/trgovina\/wp-content\/uploads\/2019\/11\/ORKNZI2.1.jpg","width":600,"height":600,"caption":"Ogenj rit in ka\u010de niso za igra\u010de 2."},{"@type":"BreadcrumbList","@id":"https:\/\/www.iskreni.net\/trgovina\/product\/ogenj-rit-in-kace-niso-za-igrace-2\/#breadcrumb","itemListElement":[{"@type":"ListItem","position":1,"name":"Home","item":"https:\/\/www.iskreni.net\/trgovina\/"},{"@type":"ListItem","position":2,"name":"Trgovina","item":"https:\/\/www.iskreni.net\/trgovina\/trgovina\/"},{"@type":"ListItem","position":3,"name":"Ogenj, rit in ka\u010de niso za igra\u010de 2. del"}]},{"@type":"WebSite","@id":"https:\/\/www.iskreni.net\/trgovina\/#website","url":"https:\/\/www.iskreni.net\/trgovina\/","name":"Zavod Iskreni","description":"trgovina","potentialAction":[{"@type":"SearchAction","target":{"@type":"EntryPoint","urlTemplate":"https:\/\/www.iskreni.net\/trgovina\/?s={search_term_string}"},"query-input":{"@type":"PropertyValueSpecification","valueRequired":true,"valueName":"search_term_string"}}],"inLanguage":"sl-SI"}]}},"_links":{"self":[{"href":"https:\/\/www.iskreni.net\/trgovina\/wp-json\/wp\/v2\/product\/6170","targetHints":{"allow":["GET"]}}],"collection":[{"href":"https:\/\/www.iskreni.net\/trgovina\/wp-json\/wp\/v2\/product"}],"about":[{"href":"https:\/\/www.iskreni.net\/trgovina\/wp-json\/wp\/v2\/types\/product"}],"replies":[{"embeddable":true,"href":"https:\/\/www.iskreni.net\/trgovina\/wp-json\/wp\/v2\/comments?post=6170"}],"version-history":[{"count":4,"href":"https:\/\/www.iskreni.net\/trgovina\/wp-json\/wp\/v2\/product\/6170\/revisions"}],"predecessor-version":[{"id":72673,"href":"https:\/\/www.iskreni.net\/trgovina\/wp-json\/wp\/v2\/product\/6170\/revisions\/72673"}],"wp:featuredmedia":[{"embeddable":true,"href":"https:\/\/www.iskreni.net\/trgovina\/wp-json\/wp\/v2\/media\/6172"}],"wp:attachment":[{"href":"https:\/\/www.iskreni.net\/trgovina\/wp-json\/wp\/v2\/media?parent=6170"}],"wp:term":[{"taxonomy":"product_brand","embeddable":true,"href":"https:\/\/www.iskreni.net\/trgovina\/wp-json\/wp\/v2\/product_brand?post=6170"},{"taxonomy":"product_cat","embeddable":true,"href":"https:\/\/www.iskreni.net\/trgovina\/wp-json\/wp\/v2\/product_cat?post=6170"},{"taxonomy":"product_tag","embeddable":true,"href":"https:\/\/www.iskreni.net\/trgovina\/wp-json\/wp\/v2\/product_tag?post=6170"},{"taxonomy":"avtor","embeddable":true,"href":"https:\/\/www.iskreni.net\/trgovina\/wp-json\/wp\/v2\/avtor?post=6170"},{"taxonomy":"zalozba","embeddable":true,"href":"https:\/\/www.iskreni.net\/trgovina\/wp-json\/wp\/v2\/zalozba?post=6170"},{"taxonomy":"vezava","embeddable":true,"href":"https:\/\/www.iskreni.net\/trgovina\/wp-json\/wp\/v2\/vezava?post=6170"}],"curies":[{"name":"wp","href":"https:\/\/api.w.org\/{rel}","templated":true}]}}