{"id":6114,"date":"2019-11-07T12:04:07","date_gmt":"2019-11-07T11:04:07","guid":{"rendered":"https:\/\/www.iskreni.net\/trgovina\/product\/pisane-zascitne-hlacke\/"},"modified":"2026-01-16T11:41:28","modified_gmt":"2026-01-16T10:41:28","slug":"pisane-zascitne-hlacke","status":"publish","type":"product","link":"https:\/\/www.iskreni.net\/trgovina\/product\/pisane-zascitne-hlacke\/","title":{"rendered":"Pisane za\u0161\u010ditne hla\u010dke"},"content":{"rendered":"\t\t<div data-elementor-type=\"product-post\" data-elementor-id=\"6114\" class=\"elementor elementor-6114\" data-elementor-post-type=\"product\">\n\t\t\t\t\t\t<section class=\"elementor-section elementor-top-section elementor-element elementor-element-23d42d9c elementor-section-boxed elementor-section-height-default elementor-section-height-default\" data-id=\"23d42d9c\" data-element_type=\"section\">\n\t\t\t\t\t\t<div class=\"elementor-container elementor-column-gap-default\">\n\t\t\t\t\t<div class=\"elementor-column elementor-col-100 elementor-top-column elementor-element elementor-element-63333e3b\" data-id=\"63333e3b\" data-element_type=\"column\">\n\t\t\t<div class=\"elementor-widget-wrap elementor-element-populated\">\n\t\t\t\t\t\t<div class=\"elementor-element elementor-element-3b74b950 elementor-widget elementor-widget-text-editor\" data-id=\"3b74b950\" data-element_type=\"widget\" data-widget_type=\"text-editor.default\">\n\t\t\t\t<div class=\"elementor-widget-container\">\n\t\t\t\t\t\t\t\t\t<div>\n<div>\n<div>\n<h4>Pisane za\u0161\u010ditne hla\u010dke<\/h4>\n<p>Kaj so pisane za\u0161\u010ditne hla\u010dke?<\/p>\n<p>Pisane za\u0161\u010ditne higienske spodnjice so vpojne in zagotavljajo popolno, kon\u010dno za\u0161\u010dito pred made\u017ei v \u010dasu mese\u010dnega perila. Izdelane so iz visoke tehnologije tkanin, ki ne prepu\u0161\u010dajo, pa vendar vpijajo teko\u010dino&nbsp;ter so mehke in zra\u010dne.<\/p>\n<p><\/p>\n<h4>Klju\u010dne lastnosti<\/h4>\n<ul>\n<li>Material DIHA \u2013 ne dra\u017ei ko\u017ee, ne povzro\u010da izpu\u0161\u010dajev, ne \u0161iri slabih vonjav in je prijazen do ko\u017ee.<\/li>\n<li>Ne prepu\u0161\u010da teko\u010din \u2013 kot dodatna absorbcijska za\u0161\u010dita za mo\u010dnej\u0161e menstruacije v izogib neprijetnim situacijam.<\/li>\n<li>FIT \u2013 za dodatno udobje in podporo, saj so brez elastike in jih lahko uporabljamo same ali&nbsp;v kombinaciji z&nbsp;ostalimi higienskimi pripomo\u010dki.<\/li>\n<li>Poseben kroj&nbsp; spodnjic \u2013 nepremo\u010dljive so na vseh delikatnih mestih (spredaj, zadaj in med nogami)<\/li>\n<\/ul>\n<p>S pisanimi&nbsp; za\u0161\u010ditnimi hla\u010dkami lahko pono\u010di spimo mirno in brez strahu pred premo\u010denim rjuham.<\/p>\n<p>TO NISO NAVADNE HLA\u010cKE!<\/p>\n<p>Vpijejo teko\u010dino in vas \u0161\u010ditijo pred prepu\u0161\u010danjem made\u017eev \u010dez cel dan in no\u010d.<\/p>\n<p>Pisane za\u0161\u010ditne hla\u010dke iz obogatenega bomba\u017ea so pralne in nam zagotavljajo popolno za\u0161\u010dito pred prepu\u0161\u010danjem.<\/p>\n<p>Dana\u0161nja \u017eenska je predvsem samozavestna, vendar se ji v \u010dasu mese\u010dnega ciklusa vseeno prikradejo skrbi. Uporaba higienskih izdelkov, kot so vlo\u017eki ali tamponi ni popolna za\u0161\u010dita pred pu\u0161\u010danjem. Nesre\u010de se \u0161e vedno zgodijo, predvsem pono\u010di.&nbsp;Popolno za\u0161\u010dito vam nudijo menstrualne hla\u010dke:<\/p>\n<p>Emilla hla\u010dke so namenjene za tiste dneve v mesecu, ko se \u017eelimo po\u010dutiti \u0161e posebej udobno in spro\u0161\u010deno.<\/p>\n<p>Posebej oblikovane hla\u010dke z vpojno in nepremo\u010dljivo plastjo, nam omogo\u010dajo popolno za\u0161\u010dito pred prepu\u0161\u010danjem.&nbsp;Imajo poseben \u017eepek, ki je v pomo\u010d pri hitrej\u0161em su\u0161enju hla\u010dk ali pa vanj lahko dodate \u0161e dodaten vlo\u017eek.<br>Dobavljivo v razli\u010dnih velikostih.<\/p>\n<h4>Velikost<\/h4>\n<table width=\"603\">\n<tbody>\n<tr>\n<td width=\"154\">VELIKOST:<\/td>\n<td width=\"154\">&nbsp;<\/td>\n<td width=\"154\">XS<\/td>\n<td width=\"154\">S<\/td>\n<td width=\"154\">&nbsp;&nbsp;M<\/td>\n<td width=\"154\">L<\/td>\n<td width=\"154\">XL<\/td>\n<\/tr>\n<tr>\n<td width=\"154\">Obseg pasu; cm<\/td>\n<td width=\"154\">&nbsp;<\/td>\n<td width=\"154\">84<\/td>\n<td width=\"154\">90<\/td>\n<td width=\"154\">96,5<\/td>\n<td width=\"154\">104<\/td>\n<td width=\"154\">112<\/td>\n<\/tr>\n<\/tbody>\n<\/table>\n<p>Hla\u010dke so narejene iz 95% bomba\u017ea z 5% notranjim zra\u010dno prepustnim polimerom.<br>Emilla&nbsp;hla\u010dke se priporo\u010dajo za popolno za\u0161\u010dito na vseh podro\u010djih: spredaj, zadaj in med nogami.<\/p>\n<\/div>\n<\/div>\n<\/div>\t\t\t\t\t\t\t\t<\/div>\n\t\t\t\t<\/div>\n\t\t\t\t\t<\/div>\n\t\t<\/div>\n\t\t\t\t\t<\/div>\n\t\t<\/section>\n\t\t\t\t<\/div>\n\t\t","protected":false},"excerpt":{"rendered":"<p>Pisane za\u0161\u010ditne hla\u010dke so namenjene za tiste dneve v mesecu, ko se \u017eelimo po\u010dutiti \u0161e posebej udobno in spro\u0161\u010deno.\u00a0Vpijejo teko\u010dino in vas \u0161\u010ditijo pred prepu\u0161\u010danjem made\u017eev \u010dez cel dan in no\u010d.<\/p>\n","protected":false},"featured_media":6135,"comment_status":"open","ping_status":"closed","template":"","meta":[],"product_brand":[],"product_cat":[83,956],"product_tag":[452],"avtor":[],"zalozba":[],"vezava":[],"class_list":{"0":"post-6114","1":"product","2":"type-product","3":"status-publish","4":"has-post-thumbnail","6":"product_cat-izdelki-za-menstruacijo","7":"product_cat-dodatki-izdelki-za-menstruacijo","8":"product_tag-zascitne-hlacke","9":"pa_velikost-l","10":"pa_velikost-m","11":"pa_velikost-s","12":"pa_velikost-xl","13":"pa_velikost-xs","15":"first","16":"instock","17":"taxable","18":"shipping-taxable","19":"purchasable","20":"product-type-variable"},"yoast_head":"<!-- This site is optimized with the Yoast SEO plugin v26.3 - https:\/\/yoast.com\/wordpress\/plugins\/seo\/ -->\n<title>Pisane za\u0161\u010ditne hla\u010dke za menstruacijo - trgovina Iskreni<\/title>\n<meta name=\"description\" content=\"Pisane za\u0161\u010ditne hla\u010dke iz obogatenega bomba\u017ea so namenjene za tiste dneve v mesecu, ko se \u017eelimo po\u010dutiti \u0161e posebej udobno in spro\u0161\u010deno.\" \/>\n<meta name=\"robots\" content=\"index, follow, max-snippet:-1, max-image-preview:large, max-video-preview:-1\" \/>\n<link rel=\"canonical\" href=\"https:\/\/www.iskreni.net\/trgovina\/product\/pisane-zascitne-hlacke\/\" \/>\n<meta property=\"og:locale\" content=\"sl_SI\" \/>\n<meta property=\"og:type\" content=\"article\" \/>\n<meta property=\"og:title\" content=\"Pisane za\u0161\u010ditne hla\u010dke za menstruacijo - trgovina Iskreni\" \/>\n<meta property=\"og:description\" content=\"Pisane za\u0161\u010ditne hla\u010dke iz obogatenega bomba\u017ea so namenjene za tiste dneve v mesecu, ko se \u017eelimo po\u010dutiti \u0161e posebej udobno in spro\u0161\u010deno.\" \/>\n<meta property=\"og:url\" content=\"https:\/\/www.iskreni.net\/trgovina\/product\/pisane-zascitne-hlacke\/\" \/>\n<meta property=\"og:site_name\" content=\"Zavod Iskreni\" \/>\n<meta property=\"article:modified_time\" content=\"2026-01-16T10:41:28+00:00\" \/>\n<meta property=\"og:image\" content=\"https:\/\/www.iskreni.net\/trgovina\/wp-content\/uploads\/2019\/11\/monsters4.jpg\" \/>\n\t<meta property=\"og:image:width\" content=\"600\" \/>\n\t<meta property=\"og:image:height\" content=\"600\" \/>\n\t<meta property=\"og:image:type\" content=\"image\/jpeg\" \/>\n<meta name=\"twitter:card\" content=\"summary_large_image\" \/>\n<meta name=\"twitter:label1\" content=\"Est. reading time\" \/>\n\t<meta name=\"twitter:data1\" content=\"2 minuti\" \/>\n<script type=\"application\/ld+json\" class=\"yoast-schema-graph\">{\"@context\":\"https:\/\/schema.org\",\"@graph\":[{\"@type\":\"WebPage\",\"@id\":\"https:\/\/www.iskreni.net\/trgovina\/product\/pisane-zascitne-hlacke\/\",\"url\":\"https:\/\/www.iskreni.net\/trgovina\/product\/pisane-zascitne-hlacke\/\",\"name\":\"Pisane za\u0161\u010ditne hla\u010dke za menstruacijo - trgovina Iskreni\",\"isPartOf\":{\"@id\":\"https:\/\/www.iskreni.net\/trgovina\/#website\"},\"primaryImageOfPage\":{\"@id\":\"https:\/\/www.iskreni.net\/trgovina\/product\/pisane-zascitne-hlacke\/#primaryimage\"},\"image\":{\"@id\":\"https:\/\/www.iskreni.net\/trgovina\/product\/pisane-zascitne-hlacke\/#primaryimage\"},\"thumbnailUrl\":\"https:\/\/www.iskreni.net\/trgovina\/wp-content\/uploads\/2019\/11\/monsters4.jpg\",\"datePublished\":\"2019-11-07T11:04:07+00:00\",\"dateModified\":\"2026-01-16T10:41:28+00:00\",\"description\":\"Pisane za\u0161\u010ditne hla\u010dke iz obogatenega bomba\u017ea so namenjene za tiste dneve v mesecu, ko se \u017eelimo po\u010dutiti \u0161e posebej udobno in spro\u0161\u010deno.\",\"breadcrumb\":{\"@id\":\"https:\/\/www.iskreni.net\/trgovina\/product\/pisane-zascitne-hlacke\/#breadcrumb\"},\"inLanguage\":\"sl-SI\",\"potentialAction\":[{\"@type\":\"ReadAction\",\"target\":[\"https:\/\/www.iskreni.net\/trgovina\/product\/pisane-zascitne-hlacke\/\"]}]},{\"@type\":\"ImageObject\",\"inLanguage\":\"sl-SI\",\"@id\":\"https:\/\/www.iskreni.net\/trgovina\/product\/pisane-zascitne-hlacke\/#primaryimage\",\"url\":\"https:\/\/www.iskreni.net\/trgovina\/wp-content\/uploads\/2019\/11\/monsters4.jpg\",\"contentUrl\":\"https:\/\/www.iskreni.net\/trgovina\/wp-content\/uploads\/2019\/11\/monsters4.jpg\",\"width\":600,\"height\":600,\"caption\":\"barvne za\u0161\u010ditne hla\u010dke\"},{\"@type\":\"BreadcrumbList\",\"@id\":\"https:\/\/www.iskreni.net\/trgovina\/product\/pisane-zascitne-hlacke\/#breadcrumb\",\"itemListElement\":[{\"@type\":\"ListItem\",\"position\":1,\"name\":\"Home\",\"item\":\"https:\/\/www.iskreni.net\/trgovina\/\"},{\"@type\":\"ListItem\",\"position\":2,\"name\":\"Trgovina\",\"item\":\"https:\/\/www.iskreni.net\/trgovina\/trgovina\/\"},{\"@type\":\"ListItem\",\"position\":3,\"name\":\"Pisane za\u0161\u010ditne hla\u010dke\"}]},{\"@type\":\"WebSite\",\"@id\":\"https:\/\/www.iskreni.net\/trgovina\/#website\",\"url\":\"https:\/\/www.iskreni.net\/trgovina\/\",\"name\":\"Zavod Iskreni\",\"description\":\"trgovina\",\"potentialAction\":[{\"@type\":\"SearchAction\",\"target\":{\"@type\":\"EntryPoint\",\"urlTemplate\":\"https:\/\/www.iskreni.net\/trgovina\/?s={search_term_string}\"},\"query-input\":{\"@type\":\"PropertyValueSpecification\",\"valueRequired\":true,\"valueName\":\"search_term_string\"}}],\"inLanguage\":\"sl-SI\"}]}<\/script>\n<!-- \/ Yoast SEO plugin. -->","yoast_head_json":{"title":"Pisane za\u0161\u010ditne hla\u010dke za menstruacijo - trgovina Iskreni","description":"Pisane za\u0161\u010ditne hla\u010dke iz obogatenega bomba\u017ea so namenjene za tiste dneve v mesecu, ko se \u017eelimo po\u010dutiti \u0161e posebej udobno in spro\u0161\u010deno.","robots":{"index":"index","follow":"follow","max-snippet":"max-snippet:-1","max-image-preview":"max-image-preview:large","max-video-preview":"max-video-preview:-1"},"canonical":"https:\/\/www.iskreni.net\/trgovina\/product\/pisane-zascitne-hlacke\/","og_locale":"sl_SI","og_type":"article","og_title":"Pisane za\u0161\u010ditne hla\u010dke za menstruacijo - trgovina Iskreni","og_description":"Pisane za\u0161\u010ditne hla\u010dke iz obogatenega bomba\u017ea so namenjene za tiste dneve v mesecu, ko se \u017eelimo po\u010dutiti \u0161e posebej udobno in spro\u0161\u010deno.","og_url":"https:\/\/www.iskreni.net\/trgovina\/product\/pisane-zascitne-hlacke\/","og_site_name":"Zavod Iskreni","article_modified_time":"2026-01-16T10:41:28+00:00","og_image":[{"width":600,"height":600,"url":"https:\/\/www.iskreni.net\/trgovina\/wp-content\/uploads\/2019\/11\/monsters4.jpg","type":"image\/jpeg"}],"twitter_card":"summary_large_image","twitter_misc":{"Est. reading time":"2 minuti"},"schema":{"@context":"https:\/\/schema.org","@graph":[{"@type":"WebPage","@id":"https:\/\/www.iskreni.net\/trgovina\/product\/pisane-zascitne-hlacke\/","url":"https:\/\/www.iskreni.net\/trgovina\/product\/pisane-zascitne-hlacke\/","name":"Pisane za\u0161\u010ditne hla\u010dke za menstruacijo - trgovina Iskreni","isPartOf":{"@id":"https:\/\/www.iskreni.net\/trgovina\/#website"},"primaryImageOfPage":{"@id":"https:\/\/www.iskreni.net\/trgovina\/product\/pisane-zascitne-hlacke\/#primaryimage"},"image":{"@id":"https:\/\/www.iskreni.net\/trgovina\/product\/pisane-zascitne-hlacke\/#primaryimage"},"thumbnailUrl":"https:\/\/www.iskreni.net\/trgovina\/wp-content\/uploads\/2019\/11\/monsters4.jpg","datePublished":"2019-11-07T11:04:07+00:00","dateModified":"2026-01-16T10:41:28+00:00","description":"Pisane za\u0161\u010ditne hla\u010dke iz obogatenega bomba\u017ea so namenjene za tiste dneve v mesecu, ko se \u017eelimo po\u010dutiti \u0161e posebej udobno in spro\u0161\u010deno.","breadcrumb":{"@id":"https:\/\/www.iskreni.net\/trgovina\/product\/pisane-zascitne-hlacke\/#breadcrumb"},"inLanguage":"sl-SI","potentialAction":[{"@type":"ReadAction","target":["https:\/\/www.iskreni.net\/trgovina\/product\/pisane-zascitne-hlacke\/"]}]},{"@type":"ImageObject","inLanguage":"sl-SI","@id":"https:\/\/www.iskreni.net\/trgovina\/product\/pisane-zascitne-hlacke\/#primaryimage","url":"https:\/\/www.iskreni.net\/trgovina\/wp-content\/uploads\/2019\/11\/monsters4.jpg","contentUrl":"https:\/\/www.iskreni.net\/trgovina\/wp-content\/uploads\/2019\/11\/monsters4.jpg","width":600,"height":600,"caption":"barvne za\u0161\u010ditne hla\u010dke"},{"@type":"BreadcrumbList","@id":"https:\/\/www.iskreni.net\/trgovina\/product\/pisane-zascitne-hlacke\/#breadcrumb","itemListElement":[{"@type":"ListItem","position":1,"name":"Home","item":"https:\/\/www.iskreni.net\/trgovina\/"},{"@type":"ListItem","position":2,"name":"Trgovina","item":"https:\/\/www.iskreni.net\/trgovina\/trgovina\/"},{"@type":"ListItem","position":3,"name":"Pisane za\u0161\u010ditne hla\u010dke"}]},{"@type":"WebSite","@id":"https:\/\/www.iskreni.net\/trgovina\/#website","url":"https:\/\/www.iskreni.net\/trgovina\/","name":"Zavod Iskreni","description":"trgovina","potentialAction":[{"@type":"SearchAction","target":{"@type":"EntryPoint","urlTemplate":"https:\/\/www.iskreni.net\/trgovina\/?s={search_term_string}"},"query-input":{"@type":"PropertyValueSpecification","valueRequired":true,"valueName":"search_term_string"}}],"inLanguage":"sl-SI"}]}},"_links":{"self":[{"href":"https:\/\/www.iskreni.net\/trgovina\/wp-json\/wp\/v2\/product\/6114","targetHints":{"allow":["GET"]}}],"collection":[{"href":"https:\/\/www.iskreni.net\/trgovina\/wp-json\/wp\/v2\/product"}],"about":[{"href":"https:\/\/www.iskreni.net\/trgovina\/wp-json\/wp\/v2\/types\/product"}],"replies":[{"embeddable":true,"href":"https:\/\/www.iskreni.net\/trgovina\/wp-json\/wp\/v2\/comments?post=6114"}],"version-history":[{"count":14,"href":"https:\/\/www.iskreni.net\/trgovina\/wp-json\/wp\/v2\/product\/6114\/revisions"}],"predecessor-version":[{"id":58222,"href":"https:\/\/www.iskreni.net\/trgovina\/wp-json\/wp\/v2\/product\/6114\/revisions\/58222"}],"wp:featuredmedia":[{"embeddable":true,"href":"https:\/\/www.iskreni.net\/trgovina\/wp-json\/wp\/v2\/media\/6135"}],"wp:attachment":[{"href":"https:\/\/www.iskreni.net\/trgovina\/wp-json\/wp\/v2\/media?parent=6114"}],"wp:term":[{"taxonomy":"product_brand","embeddable":true,"href":"https:\/\/www.iskreni.net\/trgovina\/wp-json\/wp\/v2\/product_brand?post=6114"},{"taxonomy":"product_cat","embeddable":true,"href":"https:\/\/www.iskreni.net\/trgovina\/wp-json\/wp\/v2\/product_cat?post=6114"},{"taxonomy":"product_tag","embeddable":true,"href":"https:\/\/www.iskreni.net\/trgovina\/wp-json\/wp\/v2\/product_tag?post=6114"},{"taxonomy":"avtor","embeddable":true,"href":"https:\/\/www.iskreni.net\/trgovina\/wp-json\/wp\/v2\/avtor?post=6114"},{"taxonomy":"zalozba","embeddable":true,"href":"https:\/\/www.iskreni.net\/trgovina\/wp-json\/wp\/v2\/zalozba?post=6114"},{"taxonomy":"vezava","embeddable":true,"href":"https:\/\/www.iskreni.net\/trgovina\/wp-json\/wp\/v2\/vezava?post=6114"}],"curies":[{"name":"wp","href":"https:\/\/api.w.org\/{rel}","templated":true}]}}