{"id":61116,"date":"2022-12-08T16:50:37","date_gmt":"2022-12-08T15:50:37","guid":{"rendered":"https:\/\/www.iskreni.net\/trgovina\/?post_type=product&#038;p=61116"},"modified":"2025-11-05T14:16:15","modified_gmt":"2025-11-05T13:16:15","slug":"na-robu-temnega-morja-teme","status":"publish","type":"product","link":"https:\/\/www.iskreni.net\/trgovina\/product\/na-robu-temnega-morja-teme\/","title":{"rendered":"Na robu temnega morja teme"},"content":{"rendered":"<h4>O knjigi <em>Na robu temnega morja teme<\/em><\/h4>\n<p>Andrew Peterson pripoveduje navdu\u0161ujo\u010do zgodbo za vse starosti o Jannerju, Tinku in Lili Igiby ter njihovem zvestem psu Kepici. Dru\u0161\u010dina be\u017ei pred hudobnimi Strupniki, ki i\u0161\u010dejo izgubljene anirske dragulje. Na svoji poti sre\u010dajo ogromno nenavadnih likov in spoznavajo njihov svet \u010dudes \u2013 ki sega od roba Temnega morja teme do smrtonosne hoste Glipovega loga in naprej \u2026<\/p>\n<p>V knjigi boste na\u0161li:<\/p>\n<p>\u2022 \u00a0 \u00a0izvirne in prismuknjene zgodbe dedka, nekdanjega pirata<\/p>\n<p>\u2022 \u00a0 \u00a0dedka, ki je bil neko\u010d pirat<\/p>\n<p>\u2022 \u00a0 \u00a0zobate krave in prave morske zmaje<\/p>\n<p>\u2022 \u00a0 \u00a0\u017delatinovo gra\u0161\u010dino in drevesno hi\u0161o Nogavi\u010dka Pita<\/p>\n<p>\u2022 \u00a0 \u00a0napeto pustolov\u0161\u010dino in \u010darobno izro\u010dilo<\/p>\n<p>\u2022 \u00a0 \u00a0izvirne recepte za mesno \u0161truco s \u010drvi<\/p>\n<p>\u2022 \u00a0 \u00a0verodostojne ro\u010dno izdelane zemljevide<\/p>\n<p>&nbsp;<\/p>\n<h4><a href=\"https:\/\/www.iskreni.net\/trgovina\/wp-content\/uploads\/2022\/12\/Na-robu-temnega-morja-teme_internet_opt-1.pdf\">Prelistajte knjigo<\/a><\/h4>\n<p>&nbsp;<\/p>\n<p><span style=\"text-decoration: underline;\">Odlomek iz knjige:<\/span><\/p>\n<p>Starodavna pe\u0161pot je vodila med drevesi za Igibyjevo ko\u010do in se vila nevarno blizu roba pe\u010din. Otroci so se v \u010dedalje globlji senci prebijali med drevesi.<\/p>\n<p>Ko so se prikazali na \u010distini, jih je pri\u010dakal stra\u0161en in prostran pogled.<\/p>\n<p>Skalnato obrobje kopnega sta prekrivala skrilavec in gosta trava.<\/p>\n<p>Obzorje je bilo tiho in \u0161irno, slani veter je vel navzgor, okoli njihovih gle\u017enjev in las. Otroci so brez besed obstali, omoti\u010dni spri\u010do majhnosti, ki so jo \u010dutili ob pogledu na Temno morje teme.<\/p>\n","protected":false},"excerpt":{"rendered":"<p><strong>Leto izdaje:<\/strong> 2022<br \/>\n<strong>\u0160tevilo strani:<\/strong> 296<br \/>\n<strong>Mere:<\/strong> 150 x 230 mm<\/p>\n<h5><a href=\"https:\/\/www.iskreni.net\/trgovina\/wp-content\/uploads\/2022\/11\/Pijem-torej-sem_internet.pdf\">Prelistajte knjigo<\/a><\/h5>\n","protected":false},"featured_media":61091,"comment_status":"open","ping_status":"closed","template":"","meta":[],"product_brand":[],"product_cat":[2325,2350,63],"product_tag":[],"avtor":[2568],"zalozba":[2311],"vezava":[2307],"class_list":{"0":"post-61116","1":"product","2":"type-product","3":"status-publish","4":"has-post-thumbnail","6":"product_cat-leposlovje","7":"product_cat-za-mlade","8":"product_cat-knjige","9":"avtor-andrew-peterson","10":"zalozba-druzina","11":"vezava-mehka","13":"first","14":"onbackorder","15":"taxable","16":"shipping-taxable","17":"purchasable","18":"product-type-simple"},"yoast_head":"<!-- This site is optimized with the Yoast SEO plugin v26.3 - https:\/\/yoast.com\/wordpress\/plugins\/seo\/ -->\n<title>Na robu temnega morja teme - trgovina Iskreni<\/title>\n<meta name=\"description\" content=\"Na robu temnega morja teme je fantasti\u010dna zgodba o dru\u017eini Igiby, ki be\u017ei pred hudobnimi Strupniki, ki i\u0161\u010dejo izgubljene anirske dragulje.\" \/>\n<meta name=\"robots\" content=\"index, follow, max-snippet:-1, max-image-preview:large, max-video-preview:-1\" \/>\n<link rel=\"canonical\" href=\"https:\/\/www.iskreni.net\/trgovina\/product\/na-robu-temnega-morja-teme\/\" \/>\n<meta property=\"og:locale\" content=\"sl_SI\" \/>\n<meta property=\"og:type\" content=\"article\" \/>\n<meta property=\"og:title\" content=\"Na robu temnega morja teme\" \/>\n<meta property=\"og:description\" content=\"Na robu temnega morja teme je fantasti\u010dna zgodba o dru\u017eini Igiby, ki be\u017ei pred hudobnimi Strupniki, ki i\u0161\u010dejo izgubljene anirske dragulje.\" \/>\n<meta property=\"og:url\" content=\"https:\/\/www.iskreni.net\/trgovina\/product\/na-robu-temnega-morja-teme\/\" \/>\n<meta property=\"og:site_name\" content=\"Zavod Iskreni\" \/>\n<meta property=\"article:modified_time\" content=\"2025-11-05T13:16:15+00:00\" \/>\n<meta property=\"og:image\" content=\"https:\/\/www.iskreni.net\/trgovina\/wp-content\/uploads\/2022\/12\/2.jpg\" \/>\n\t<meta property=\"og:image:width\" content=\"600\" \/>\n\t<meta property=\"og:image:height\" content=\"600\" \/>\n\t<meta property=\"og:image:type\" content=\"image\/jpeg\" \/>\n<meta name=\"twitter:card\" content=\"summary_large_image\" \/>\n<meta name=\"twitter:label1\" content=\"Est. reading time\" \/>\n\t<meta name=\"twitter:data1\" content=\"2 minuti\" \/>\n<script type=\"application\/ld+json\" class=\"yoast-schema-graph\">{\"@context\":\"https:\/\/schema.org\",\"@graph\":[{\"@type\":\"WebPage\",\"@id\":\"https:\/\/www.iskreni.net\/trgovina\/product\/na-robu-temnega-morja-teme\/\",\"url\":\"https:\/\/www.iskreni.net\/trgovina\/product\/na-robu-temnega-morja-teme\/\",\"name\":\"Na robu temnega morja teme - trgovina Iskreni\",\"isPartOf\":{\"@id\":\"https:\/\/www.iskreni.net\/trgovina\/#website\"},\"primaryImageOfPage\":{\"@id\":\"https:\/\/www.iskreni.net\/trgovina\/product\/na-robu-temnega-morja-teme\/#primaryimage\"},\"image\":{\"@id\":\"https:\/\/www.iskreni.net\/trgovina\/product\/na-robu-temnega-morja-teme\/#primaryimage\"},\"thumbnailUrl\":\"https:\/\/www.iskreni.net\/trgovina\/wp-content\/uploads\/2022\/12\/2.jpg\",\"datePublished\":\"2022-12-08T15:50:37+00:00\",\"dateModified\":\"2025-11-05T13:16:15+00:00\",\"description\":\"Na robu temnega morja teme je fantasti\u010dna zgodba o dru\u017eini Igiby, ki be\u017ei pred hudobnimi Strupniki, ki i\u0161\u010dejo izgubljene anirske dragulje.\",\"breadcrumb\":{\"@id\":\"https:\/\/www.iskreni.net\/trgovina\/product\/na-robu-temnega-morja-teme\/#breadcrumb\"},\"inLanguage\":\"sl-SI\",\"potentialAction\":[{\"@type\":\"ReadAction\",\"target\":[\"https:\/\/www.iskreni.net\/trgovina\/product\/na-robu-temnega-morja-teme\/\"]}]},{\"@type\":\"ImageObject\",\"inLanguage\":\"sl-SI\",\"@id\":\"https:\/\/www.iskreni.net\/trgovina\/product\/na-robu-temnega-morja-teme\/#primaryimage\",\"url\":\"https:\/\/www.iskreni.net\/trgovina\/wp-content\/uploads\/2022\/12\/2.jpg\",\"contentUrl\":\"https:\/\/www.iskreni.net\/trgovina\/wp-content\/uploads\/2022\/12\/2.jpg\",\"width\":600,\"height\":600},{\"@type\":\"BreadcrumbList\",\"@id\":\"https:\/\/www.iskreni.net\/trgovina\/product\/na-robu-temnega-morja-teme\/#breadcrumb\",\"itemListElement\":[{\"@type\":\"ListItem\",\"position\":1,\"name\":\"Home\",\"item\":\"https:\/\/www.iskreni.net\/trgovina\/\"},{\"@type\":\"ListItem\",\"position\":2,\"name\":\"Trgovina\",\"item\":\"https:\/\/www.iskreni.net\/trgovina\/trgovina\/\"},{\"@type\":\"ListItem\",\"position\":3,\"name\":\"Na robu temnega morja teme\"}]},{\"@type\":\"WebSite\",\"@id\":\"https:\/\/www.iskreni.net\/trgovina\/#website\",\"url\":\"https:\/\/www.iskreni.net\/trgovina\/\",\"name\":\"Zavod Iskreni\",\"description\":\"trgovina\",\"potentialAction\":[{\"@type\":\"SearchAction\",\"target\":{\"@type\":\"EntryPoint\",\"urlTemplate\":\"https:\/\/www.iskreni.net\/trgovina\/?s={search_term_string}\"},\"query-input\":{\"@type\":\"PropertyValueSpecification\",\"valueRequired\":true,\"valueName\":\"search_term_string\"}}],\"inLanguage\":\"sl-SI\"}]}<\/script>\n<!-- \/ Yoast SEO plugin. -->","yoast_head_json":{"title":"Na robu temnega morja teme - trgovina Iskreni","description":"Na robu temnega morja teme je fantasti\u010dna zgodba o dru\u017eini Igiby, ki be\u017ei pred hudobnimi Strupniki, ki i\u0161\u010dejo izgubljene anirske dragulje.","robots":{"index":"index","follow":"follow","max-snippet":"max-snippet:-1","max-image-preview":"max-image-preview:large","max-video-preview":"max-video-preview:-1"},"canonical":"https:\/\/www.iskreni.net\/trgovina\/product\/na-robu-temnega-morja-teme\/","og_locale":"sl_SI","og_type":"article","og_title":"Na robu temnega morja teme","og_description":"Na robu temnega morja teme je fantasti\u010dna zgodba o dru\u017eini Igiby, ki be\u017ei pred hudobnimi Strupniki, ki i\u0161\u010dejo izgubljene anirske dragulje.","og_url":"https:\/\/www.iskreni.net\/trgovina\/product\/na-robu-temnega-morja-teme\/","og_site_name":"Zavod Iskreni","article_modified_time":"2025-11-05T13:16:15+00:00","og_image":[{"width":600,"height":600,"url":"https:\/\/www.iskreni.net\/trgovina\/wp-content\/uploads\/2022\/12\/2.jpg","type":"image\/jpeg"}],"twitter_card":"summary_large_image","twitter_misc":{"Est. reading time":"2 minuti"},"schema":{"@context":"https:\/\/schema.org","@graph":[{"@type":"WebPage","@id":"https:\/\/www.iskreni.net\/trgovina\/product\/na-robu-temnega-morja-teme\/","url":"https:\/\/www.iskreni.net\/trgovina\/product\/na-robu-temnega-morja-teme\/","name":"Na robu temnega morja teme - trgovina Iskreni","isPartOf":{"@id":"https:\/\/www.iskreni.net\/trgovina\/#website"},"primaryImageOfPage":{"@id":"https:\/\/www.iskreni.net\/trgovina\/product\/na-robu-temnega-morja-teme\/#primaryimage"},"image":{"@id":"https:\/\/www.iskreni.net\/trgovina\/product\/na-robu-temnega-morja-teme\/#primaryimage"},"thumbnailUrl":"https:\/\/www.iskreni.net\/trgovina\/wp-content\/uploads\/2022\/12\/2.jpg","datePublished":"2022-12-08T15:50:37+00:00","dateModified":"2025-11-05T13:16:15+00:00","description":"Na robu temnega morja teme je fantasti\u010dna zgodba o dru\u017eini Igiby, ki be\u017ei pred hudobnimi Strupniki, ki i\u0161\u010dejo izgubljene anirske dragulje.","breadcrumb":{"@id":"https:\/\/www.iskreni.net\/trgovina\/product\/na-robu-temnega-morja-teme\/#breadcrumb"},"inLanguage":"sl-SI","potentialAction":[{"@type":"ReadAction","target":["https:\/\/www.iskreni.net\/trgovina\/product\/na-robu-temnega-morja-teme\/"]}]},{"@type":"ImageObject","inLanguage":"sl-SI","@id":"https:\/\/www.iskreni.net\/trgovina\/product\/na-robu-temnega-morja-teme\/#primaryimage","url":"https:\/\/www.iskreni.net\/trgovina\/wp-content\/uploads\/2022\/12\/2.jpg","contentUrl":"https:\/\/www.iskreni.net\/trgovina\/wp-content\/uploads\/2022\/12\/2.jpg","width":600,"height":600},{"@type":"BreadcrumbList","@id":"https:\/\/www.iskreni.net\/trgovina\/product\/na-robu-temnega-morja-teme\/#breadcrumb","itemListElement":[{"@type":"ListItem","position":1,"name":"Home","item":"https:\/\/www.iskreni.net\/trgovina\/"},{"@type":"ListItem","position":2,"name":"Trgovina","item":"https:\/\/www.iskreni.net\/trgovina\/trgovina\/"},{"@type":"ListItem","position":3,"name":"Na robu temnega morja teme"}]},{"@type":"WebSite","@id":"https:\/\/www.iskreni.net\/trgovina\/#website","url":"https:\/\/www.iskreni.net\/trgovina\/","name":"Zavod Iskreni","description":"trgovina","potentialAction":[{"@type":"SearchAction","target":{"@type":"EntryPoint","urlTemplate":"https:\/\/www.iskreni.net\/trgovina\/?s={search_term_string}"},"query-input":{"@type":"PropertyValueSpecification","valueRequired":true,"valueName":"search_term_string"}}],"inLanguage":"sl-SI"}]}},"_links":{"self":[{"href":"https:\/\/www.iskreni.net\/trgovina\/wp-json\/wp\/v2\/product\/61116","targetHints":{"allow":["GET"]}}],"collection":[{"href":"https:\/\/www.iskreni.net\/trgovina\/wp-json\/wp\/v2\/product"}],"about":[{"href":"https:\/\/www.iskreni.net\/trgovina\/wp-json\/wp\/v2\/types\/product"}],"replies":[{"embeddable":true,"href":"https:\/\/www.iskreni.net\/trgovina\/wp-json\/wp\/v2\/comments?post=61116"}],"version-history":[{"count":9,"href":"https:\/\/www.iskreni.net\/trgovina\/wp-json\/wp\/v2\/product\/61116\/revisions"}],"predecessor-version":[{"id":72393,"href":"https:\/\/www.iskreni.net\/trgovina\/wp-json\/wp\/v2\/product\/61116\/revisions\/72393"}],"wp:featuredmedia":[{"embeddable":true,"href":"https:\/\/www.iskreni.net\/trgovina\/wp-json\/wp\/v2\/media\/61091"}],"wp:attachment":[{"href":"https:\/\/www.iskreni.net\/trgovina\/wp-json\/wp\/v2\/media?parent=61116"}],"wp:term":[{"taxonomy":"product_brand","embeddable":true,"href":"https:\/\/www.iskreni.net\/trgovina\/wp-json\/wp\/v2\/product_brand?post=61116"},{"taxonomy":"product_cat","embeddable":true,"href":"https:\/\/www.iskreni.net\/trgovina\/wp-json\/wp\/v2\/product_cat?post=61116"},{"taxonomy":"product_tag","embeddable":true,"href":"https:\/\/www.iskreni.net\/trgovina\/wp-json\/wp\/v2\/product_tag?post=61116"},{"taxonomy":"avtor","embeddable":true,"href":"https:\/\/www.iskreni.net\/trgovina\/wp-json\/wp\/v2\/avtor?post=61116"},{"taxonomy":"zalozba","embeddable":true,"href":"https:\/\/www.iskreni.net\/trgovina\/wp-json\/wp\/v2\/zalozba?post=61116"},{"taxonomy":"vezava","embeddable":true,"href":"https:\/\/www.iskreni.net\/trgovina\/wp-json\/wp\/v2\/vezava?post=61116"}],"curies":[{"name":"wp","href":"https:\/\/api.w.org\/{rel}","templated":true}]}}