{"id":61104,"date":"2022-12-08T16:26:03","date_gmt":"2022-12-08T15:26:03","guid":{"rendered":"https:\/\/www.iskreni.net\/trgovina\/?post_type=product&#038;p=61104"},"modified":"2023-10-23T13:08:33","modified_gmt":"2023-10-23T11:08:33","slug":"21-popotovanje-v-dezelo-koptskih-mucencev","status":"publish","type":"product","link":"https:\/\/www.iskreni.net\/trgovina\/product\/21-popotovanje-v-dezelo-koptskih-mucencev\/","title":{"rendered":"21, popotovanje v de\u017eelo koptskih mu\u010dencev"},"content":{"rendered":"<h4>O knjigi <em>21, popotovanje v de\u017eelo koptskih mu\u010dencev<\/em><\/h4>\n<p>Februarja 2015 je Zahod pretresel skrbno koreografiran propagandni video, ki prikazuje, kako so pripadniki ISISa na libijski pla\u017ei obglavili enaindvajset oran\u017eno oble\u010denih kristjanov. Vsi razen enega so bili mladi koptski kr\u0161\u010danski delavci migranti iz Egipta.<\/p>\n<p>Priznani literarni pisatelj Martin Mosebach je odpotoval v egip\u010dansko vasico Uru, da bi sre\u010dal njihove dru\u017eine in bolje razumel vero in kulturo, ki sta navdihnili tak\u0161no mu\u010deni\u0161tvo, ki vero v Kristusa izpri\u010da s krvjo. Mosebach je bil vedno znova presene\u010den, da \u017ealujo\u010di sorodniki enaindvajseterice niso govorili o ma\u0161\u010devanju, ampak o ponosu, da imajo v dru\u017eini mu\u010denika, svetnika. V enaindvajsetih simboli\u010dnih poglavjih beremo potopis njegovega sre\u010danja s tujo kulturo in cerkvijo, ki je ohranila vero in liturgijo zgodnjega kr\u0161\u010danstva \u2013 \u00bbCerkev mu\u010dencev\u00ab. Mosebach se kot skepti\u010dni zahodnjak znajde kot tujec v svetu, v katerem je vse odsev ali izpolnitev svetopisemskih dogodkov, pogumno soo\u010danje s preganjanjem pa je del vsakdanjega \u017eivljenja.<\/p>\n<p><a href=\"https:\/\/www.iskreni.net\/trgovina\/wp-content\/uploads\/2022\/12\/21Potovanje-v-dezelo-koptskih-mucencev_internet.pdf\">Prelistajte knjigo<\/a><\/p>\n","protected":false},"excerpt":{"rendered":"<p><strong>Avtor prevoda:<\/strong> Tadeja Petrov\u010di\u010d Jerina<br \/>\n<strong>Leto izdaje: <\/strong>2022<br \/>\n<strong>\u0160tevilo strani:<\/strong> 224<br \/>\n<strong>Mere:<\/strong> 140 x 210 mm<\/p>\n<h4>2015 je Zahod pretresel skrbno koreografiran video, ki prikazuje, kako so pripadniki ISISa obglavili enaindvajset oran\u017eno oble\u010denih kristjanov<\/h4>\n<p><a href=\"https:\/\/www.iskreni.net\/trgovina\/wp-content\/uploads\/2022\/12\/21Potovanje-v-dezelo-koptskih-mucencev_internet.pdf\">Prelistajte knjigo<\/a><\/p>\n","protected":false},"featured_media":61092,"comment_status":"open","ping_status":"closed","template":"","meta":[],"product_brand":[],"product_cat":[2326,2324,63],"product_tag":[758,1619],"avtor":[2384],"zalozba":[2311],"vezava":[2307],"class_list":{"0":"post-61104","1":"product","2":"type-product","3":"status-publish","4":"has-post-thumbnail","6":"product_cat-druzbena-vprasanja-in-humanistika","7":"product_cat-duhovnost-in-osebna-rast","8":"product_cat-knjige","9":"product_tag-pricevanje","10":"product_tag-svetniki","11":"avtor-martin-mosebach","12":"zalozba-druzina","13":"vezava-mehka","15":"first","16":"instock","17":"taxable","18":"shipping-taxable","19":"purchasable","20":"product-type-simple"},"yoast_head":"<!-- This site is optimized with the Yoast SEO plugin v26.3 - https:\/\/yoast.com\/wordpress\/plugins\/seo\/ -->\n<title>21, Popotovanje v de\u017eelo koptskih mu\u010dencev - trgovina Iskreni<\/title>\n<meta name=\"description\" content=\"21, Popotovanje v de\u017eelo koptskih mu\u010dencev je pri\u010devanje o obglavljenih mladih koptskih kr\u010danskih delavcih, ki so leta 2015 umrli na libijski pla\u017ei.\" \/>\n<meta name=\"robots\" content=\"index, follow, max-snippet:-1, max-image-preview:large, max-video-preview:-1\" \/>\n<link rel=\"canonical\" href=\"https:\/\/www.iskreni.net\/trgovina\/product\/21-popotovanje-v-dezelo-koptskih-mucencev\/\" \/>\n<meta property=\"og:locale\" content=\"sl_SI\" \/>\n<meta property=\"og:type\" content=\"article\" \/>\n<meta property=\"og:title\" content=\"21, Popotovanje v de\u017eelo koptskih mu\u010dencev\" \/>\n<meta property=\"og:description\" content=\"21, Popotovanje v de\u017eelo koptskih mu\u010dencev je pri\u010devanje o obglavljenih mladih koptskih kr\u010danskih delavcih, ki so leta 2015 umrli na libijski pla\u017ei.\" \/>\n<meta property=\"og:url\" content=\"https:\/\/www.iskreni.net\/trgovina\/product\/21-popotovanje-v-dezelo-koptskih-mucencev\/\" \/>\n<meta property=\"og:site_name\" content=\"Zavod Iskreni\" \/>\n<meta property=\"article:modified_time\" content=\"2023-10-23T11:08:33+00:00\" \/>\n<meta property=\"og:image\" content=\"https:\/\/www.iskreni.net\/trgovina\/wp-content\/uploads\/2022\/12\/3.jpg\" \/>\n\t<meta property=\"og:image:width\" content=\"600\" \/>\n\t<meta property=\"og:image:height\" content=\"600\" \/>\n\t<meta property=\"og:image:type\" content=\"image\/jpeg\" \/>\n<meta name=\"twitter:card\" content=\"summary_large_image\" \/>\n<meta name=\"twitter:label1\" content=\"Est. reading time\" \/>\n\t<meta name=\"twitter:data1\" content=\"1 minuta\" \/>\n<script type=\"application\/ld+json\" class=\"yoast-schema-graph\">{\"@context\":\"https:\/\/schema.org\",\"@graph\":[{\"@type\":\"WebPage\",\"@id\":\"https:\/\/www.iskreni.net\/trgovina\/product\/21-popotovanje-v-dezelo-koptskih-mucencev\/\",\"url\":\"https:\/\/www.iskreni.net\/trgovina\/product\/21-popotovanje-v-dezelo-koptskih-mucencev\/\",\"name\":\"21, Popotovanje v de\u017eelo koptskih mu\u010dencev - trgovina Iskreni\",\"isPartOf\":{\"@id\":\"https:\/\/www.iskreni.net\/trgovina\/#website\"},\"primaryImageOfPage\":{\"@id\":\"https:\/\/www.iskreni.net\/trgovina\/product\/21-popotovanje-v-dezelo-koptskih-mucencev\/#primaryimage\"},\"image\":{\"@id\":\"https:\/\/www.iskreni.net\/trgovina\/product\/21-popotovanje-v-dezelo-koptskih-mucencev\/#primaryimage\"},\"thumbnailUrl\":\"https:\/\/www.iskreni.net\/trgovina\/wp-content\/uploads\/2022\/12\/3.jpg\",\"datePublished\":\"2022-12-08T15:26:03+00:00\",\"dateModified\":\"2023-10-23T11:08:33+00:00\",\"description\":\"21, Popotovanje v de\u017eelo koptskih mu\u010dencev je pri\u010devanje o obglavljenih mladih koptskih kr\u010danskih delavcih, ki so leta 2015 umrli na libijski pla\u017ei.\",\"breadcrumb\":{\"@id\":\"https:\/\/www.iskreni.net\/trgovina\/product\/21-popotovanje-v-dezelo-koptskih-mucencev\/#breadcrumb\"},\"inLanguage\":\"sl-SI\",\"potentialAction\":[{\"@type\":\"ReadAction\",\"target\":[\"https:\/\/www.iskreni.net\/trgovina\/product\/21-popotovanje-v-dezelo-koptskih-mucencev\/\"]}]},{\"@type\":\"ImageObject\",\"inLanguage\":\"sl-SI\",\"@id\":\"https:\/\/www.iskreni.net\/trgovina\/product\/21-popotovanje-v-dezelo-koptskih-mucencev\/#primaryimage\",\"url\":\"https:\/\/www.iskreni.net\/trgovina\/wp-content\/uploads\/2022\/12\/3.jpg\",\"contentUrl\":\"https:\/\/www.iskreni.net\/trgovina\/wp-content\/uploads\/2022\/12\/3.jpg\",\"width\":600,\"height\":600},{\"@type\":\"BreadcrumbList\",\"@id\":\"https:\/\/www.iskreni.net\/trgovina\/product\/21-popotovanje-v-dezelo-koptskih-mucencev\/#breadcrumb\",\"itemListElement\":[{\"@type\":\"ListItem\",\"position\":1,\"name\":\"Home\",\"item\":\"https:\/\/www.iskreni.net\/trgovina\/\"},{\"@type\":\"ListItem\",\"position\":2,\"name\":\"Trgovina\",\"item\":\"https:\/\/www.iskreni.net\/trgovina\/trgovina\/\"},{\"@type\":\"ListItem\",\"position\":3,\"name\":\"21, popotovanje v de\u017eelo koptskih mu\u010dencev\"}]},{\"@type\":\"WebSite\",\"@id\":\"https:\/\/www.iskreni.net\/trgovina\/#website\",\"url\":\"https:\/\/www.iskreni.net\/trgovina\/\",\"name\":\"Zavod Iskreni\",\"description\":\"trgovina\",\"potentialAction\":[{\"@type\":\"SearchAction\",\"target\":{\"@type\":\"EntryPoint\",\"urlTemplate\":\"https:\/\/www.iskreni.net\/trgovina\/?s={search_term_string}\"},\"query-input\":{\"@type\":\"PropertyValueSpecification\",\"valueRequired\":true,\"valueName\":\"search_term_string\"}}],\"inLanguage\":\"sl-SI\"}]}<\/script>\n<!-- \/ Yoast SEO plugin. -->","yoast_head_json":{"title":"21, Popotovanje v de\u017eelo koptskih mu\u010dencev - trgovina Iskreni","description":"21, Popotovanje v de\u017eelo koptskih mu\u010dencev je pri\u010devanje o obglavljenih mladih koptskih kr\u010danskih delavcih, ki so leta 2015 umrli na libijski pla\u017ei.","robots":{"index":"index","follow":"follow","max-snippet":"max-snippet:-1","max-image-preview":"max-image-preview:large","max-video-preview":"max-video-preview:-1"},"canonical":"https:\/\/www.iskreni.net\/trgovina\/product\/21-popotovanje-v-dezelo-koptskih-mucencev\/","og_locale":"sl_SI","og_type":"article","og_title":"21, Popotovanje v de\u017eelo koptskih mu\u010dencev","og_description":"21, Popotovanje v de\u017eelo koptskih mu\u010dencev je pri\u010devanje o obglavljenih mladih koptskih kr\u010danskih delavcih, ki so leta 2015 umrli na libijski pla\u017ei.","og_url":"https:\/\/www.iskreni.net\/trgovina\/product\/21-popotovanje-v-dezelo-koptskih-mucencev\/","og_site_name":"Zavod Iskreni","article_modified_time":"2023-10-23T11:08:33+00:00","og_image":[{"width":600,"height":600,"url":"https:\/\/www.iskreni.net\/trgovina\/wp-content\/uploads\/2022\/12\/3.jpg","type":"image\/jpeg"}],"twitter_card":"summary_large_image","twitter_misc":{"Est. reading time":"1 minuta"},"schema":{"@context":"https:\/\/schema.org","@graph":[{"@type":"WebPage","@id":"https:\/\/www.iskreni.net\/trgovina\/product\/21-popotovanje-v-dezelo-koptskih-mucencev\/","url":"https:\/\/www.iskreni.net\/trgovina\/product\/21-popotovanje-v-dezelo-koptskih-mucencev\/","name":"21, Popotovanje v de\u017eelo koptskih mu\u010dencev - trgovina Iskreni","isPartOf":{"@id":"https:\/\/www.iskreni.net\/trgovina\/#website"},"primaryImageOfPage":{"@id":"https:\/\/www.iskreni.net\/trgovina\/product\/21-popotovanje-v-dezelo-koptskih-mucencev\/#primaryimage"},"image":{"@id":"https:\/\/www.iskreni.net\/trgovina\/product\/21-popotovanje-v-dezelo-koptskih-mucencev\/#primaryimage"},"thumbnailUrl":"https:\/\/www.iskreni.net\/trgovina\/wp-content\/uploads\/2022\/12\/3.jpg","datePublished":"2022-12-08T15:26:03+00:00","dateModified":"2023-10-23T11:08:33+00:00","description":"21, Popotovanje v de\u017eelo koptskih mu\u010dencev je pri\u010devanje o obglavljenih mladih koptskih kr\u010danskih delavcih, ki so leta 2015 umrli na libijski pla\u017ei.","breadcrumb":{"@id":"https:\/\/www.iskreni.net\/trgovina\/product\/21-popotovanje-v-dezelo-koptskih-mucencev\/#breadcrumb"},"inLanguage":"sl-SI","potentialAction":[{"@type":"ReadAction","target":["https:\/\/www.iskreni.net\/trgovina\/product\/21-popotovanje-v-dezelo-koptskih-mucencev\/"]}]},{"@type":"ImageObject","inLanguage":"sl-SI","@id":"https:\/\/www.iskreni.net\/trgovina\/product\/21-popotovanje-v-dezelo-koptskih-mucencev\/#primaryimage","url":"https:\/\/www.iskreni.net\/trgovina\/wp-content\/uploads\/2022\/12\/3.jpg","contentUrl":"https:\/\/www.iskreni.net\/trgovina\/wp-content\/uploads\/2022\/12\/3.jpg","width":600,"height":600},{"@type":"BreadcrumbList","@id":"https:\/\/www.iskreni.net\/trgovina\/product\/21-popotovanje-v-dezelo-koptskih-mucencev\/#breadcrumb","itemListElement":[{"@type":"ListItem","position":1,"name":"Home","item":"https:\/\/www.iskreni.net\/trgovina\/"},{"@type":"ListItem","position":2,"name":"Trgovina","item":"https:\/\/www.iskreni.net\/trgovina\/trgovina\/"},{"@type":"ListItem","position":3,"name":"21, popotovanje v de\u017eelo koptskih mu\u010dencev"}]},{"@type":"WebSite","@id":"https:\/\/www.iskreni.net\/trgovina\/#website","url":"https:\/\/www.iskreni.net\/trgovina\/","name":"Zavod Iskreni","description":"trgovina","potentialAction":[{"@type":"SearchAction","target":{"@type":"EntryPoint","urlTemplate":"https:\/\/www.iskreni.net\/trgovina\/?s={search_term_string}"},"query-input":{"@type":"PropertyValueSpecification","valueRequired":true,"valueName":"search_term_string"}}],"inLanguage":"sl-SI"}]}},"_links":{"self":[{"href":"https:\/\/www.iskreni.net\/trgovina\/wp-json\/wp\/v2\/product\/61104","targetHints":{"allow":["GET"]}}],"collection":[{"href":"https:\/\/www.iskreni.net\/trgovina\/wp-json\/wp\/v2\/product"}],"about":[{"href":"https:\/\/www.iskreni.net\/trgovina\/wp-json\/wp\/v2\/types\/product"}],"replies":[{"embeddable":true,"href":"https:\/\/www.iskreni.net\/trgovina\/wp-json\/wp\/v2\/comments?post=61104"}],"version-history":[{"count":5,"href":"https:\/\/www.iskreni.net\/trgovina\/wp-json\/wp\/v2\/product\/61104\/revisions"}],"predecessor-version":[{"id":70337,"href":"https:\/\/www.iskreni.net\/trgovina\/wp-json\/wp\/v2\/product\/61104\/revisions\/70337"}],"wp:featuredmedia":[{"embeddable":true,"href":"https:\/\/www.iskreni.net\/trgovina\/wp-json\/wp\/v2\/media\/61092"}],"wp:attachment":[{"href":"https:\/\/www.iskreni.net\/trgovina\/wp-json\/wp\/v2\/media?parent=61104"}],"wp:term":[{"taxonomy":"product_brand","embeddable":true,"href":"https:\/\/www.iskreni.net\/trgovina\/wp-json\/wp\/v2\/product_brand?post=61104"},{"taxonomy":"product_cat","embeddable":true,"href":"https:\/\/www.iskreni.net\/trgovina\/wp-json\/wp\/v2\/product_cat?post=61104"},{"taxonomy":"product_tag","embeddable":true,"href":"https:\/\/www.iskreni.net\/trgovina\/wp-json\/wp\/v2\/product_tag?post=61104"},{"taxonomy":"avtor","embeddable":true,"href":"https:\/\/www.iskreni.net\/trgovina\/wp-json\/wp\/v2\/avtor?post=61104"},{"taxonomy":"zalozba","embeddable":true,"href":"https:\/\/www.iskreni.net\/trgovina\/wp-json\/wp\/v2\/zalozba?post=61104"},{"taxonomy":"vezava","embeddable":true,"href":"https:\/\/www.iskreni.net\/trgovina\/wp-json\/wp\/v2\/vezava?post=61104"}],"curies":[{"name":"wp","href":"https:\/\/api.w.org\/{rel}","templated":true}]}}