{"id":61087,"date":"2022-12-08T15:52:45","date_gmt":"2022-12-08T14:52:45","guid":{"rendered":"https:\/\/www.iskreni.net\/trgovina\/?post_type=product&#038;p=61087"},"modified":"2024-01-18T14:50:20","modified_gmt":"2024-01-18T13:50:20","slug":"nina-in-bozicne-zgodbe-kot-jih-pise-zivljenje","status":"publish","type":"product","link":"https:\/\/www.iskreni.net\/trgovina\/product\/nina-in-bozicne-zgodbe-kot-jih-pise-zivljenje\/","title":{"rendered":"Nina in bo\u017ei\u010dne zgodbe, kot jih pi\u0161e \u017eivljenje"},"content":{"rendered":"<h4 id=\"anchor-o-izdelku\" class=\"title\">O knjigi <em>Nina in bo\u017ei\u010dne zgodbe, kot jih pi\u0161e \u017eivljenje<\/em><\/h4>\n<p><em>\u201cVsi radi poslu\u0161amo zanimive zgodbe. Zadnjih nekaj dni pred Bo\u017ei\u010dem pa lahko prisluhnemo \u2013 preberemo, ne samo zanimive, ampak tudi RESNI\u010cNE zgodbe o \u010disto obi\u010dajnih ljudeh in njihovih spominih na Bo\u017ei\u010d. Tekom prebiranja zgodb izveste, kdo se je nau\u010dil voziti kolo pri petintridesetih letih, da so bile nekje jaslice samo v cerkvi in, da nam Bog tudi po tridesetih letih lahko po\u0161lje znamenje njegove bli\u017eine in ljubezni \u2026 \u201c<\/em><\/p>\n<p>Za Bo\u017ei\u010d bi vsi radi \u010dutili, ob\u010dutili in se skoraj dotaknili MIRU \u2013 morda je \u010das, da pogledamo krog sebe in vidimo vse tisto lepo in dobro, kar nam je dano \u2013 in ne i\u0161\u010demo tistega, \u010desar nimamo.<\/p>\n<p>Jezus, oseba, ki je bila poslana na svet, da nas je od \u2013 RE\u0160IL je \u017ee dolgo v ve\u010dnosti \u2013 MI pa smo tukaj in zdaj! Naj nas zgodovina kon\u010dno nekaj nau\u010di!<\/p>\n<p>&nbsp;<\/p>\n<p><a href=\"https:\/\/avdio.ognjisce.si\/share\/ideje_2022_12_08\">Avdio predstavitev knjige<\/a><\/p>\n<p>&nbsp;<\/p>\n","protected":false},"excerpt":{"rendered":"<p><strong>Leto izdaje:<\/strong> 2022<br \/>\n<strong>\u0160tevilo strani:<\/strong> 194 strani<\/p>\n<p>BO\u017dI\u010cNA DEVETDNEVNICA<\/p>\n<p>Za Bo\u017ei\u010d bi vsi radi \u010dutili, ob\u010dutili in se skoraj dotaknili MIRU \u2013 morda je \u010das, da pogledamo krog sebe in vidimo vse tisto lepo in dobro, kar nam je dano \u2013 in ne i\u0161\u010demo tistega, \u010desar nimamo.<\/p>\n","protected":false},"featured_media":61090,"comment_status":"open","ping_status":"closed","template":"","meta":[],"product_brand":[],"product_cat":[2324,63],"product_tag":[1344],"avtor":[2715],"zalozba":[2336],"vezava":[2307],"class_list":{"0":"post-61087","1":"product","2":"type-product","3":"status-publish","4":"has-post-thumbnail","6":"product_cat-duhovnost-in-osebna-rast","7":"product_cat-knjige","8":"product_tag-advent-in-bozic","9":"avtor-tadeja-roblek","10":"zalozba-salve","11":"vezava-mehka","13":"first","14":"instock","15":"taxable","16":"shipping-taxable","17":"purchasable","18":"product-type-simple"},"yoast_head":"<!-- This site is optimized with the Yoast SEO plugin v26.3 - https:\/\/yoast.com\/wordpress\/plugins\/seo\/ -->\n<title>Nina in bo\u017ei\u010dne zgodbe, kot jih pi\u0161e \u017eivljenje - trgovina Iskreni<\/title>\n<meta name=\"description\" content=\"Nina in bo\u017ei\u010dne zgodbe, kot jih pi\u0161e \u017eivljenje v devetdnevni pripravi na bo\u017ei\u010d.\" \/>\n<meta name=\"robots\" content=\"index, follow, max-snippet:-1, max-image-preview:large, max-video-preview:-1\" \/>\n<link rel=\"canonical\" href=\"https:\/\/www.iskreni.net\/trgovina\/product\/nina-in-bozicne-zgodbe-kot-jih-pise-zivljenje\/\" \/>\n<meta property=\"og:locale\" content=\"sl_SI\" \/>\n<meta property=\"og:type\" content=\"article\" \/>\n<meta property=\"og:title\" content=\"Nina in bo\u017ei\u010dne zgodbe, kot jih pi\u0161e \u017eivljenje\" \/>\n<meta property=\"og:description\" content=\"Nina in bo\u017ei\u010dne zgodbe, kot jih pi\u0161e \u017eivljenje v devetdnevni pripravi na bo\u017ei\u010d.\" \/>\n<meta property=\"og:url\" content=\"https:\/\/www.iskreni.net\/trgovina\/product\/nina-in-bozicne-zgodbe-kot-jih-pise-zivljenje\/\" \/>\n<meta property=\"og:site_name\" content=\"Zavod Iskreni\" \/>\n<meta property=\"article:modified_time\" content=\"2024-01-18T13:50:20+00:00\" \/>\n<meta property=\"og:image\" content=\"https:\/\/www.iskreni.net\/trgovina\/wp-content\/uploads\/2022\/12\/1.jpg\" \/>\n\t<meta property=\"og:image:width\" content=\"600\" \/>\n\t<meta property=\"og:image:height\" content=\"600\" \/>\n\t<meta property=\"og:image:type\" content=\"image\/jpeg\" \/>\n<meta name=\"twitter:card\" content=\"summary_large_image\" \/>\n<meta name=\"twitter:label1\" content=\"Est. reading time\" \/>\n\t<meta name=\"twitter:data1\" content=\"1 minuta\" \/>\n<script type=\"application\/ld+json\" class=\"yoast-schema-graph\">{\"@context\":\"https:\/\/schema.org\",\"@graph\":[{\"@type\":\"WebPage\",\"@id\":\"https:\/\/www.iskreni.net\/trgovina\/product\/nina-in-bozicne-zgodbe-kot-jih-pise-zivljenje\/\",\"url\":\"https:\/\/www.iskreni.net\/trgovina\/product\/nina-in-bozicne-zgodbe-kot-jih-pise-zivljenje\/\",\"name\":\"Nina in bo\u017ei\u010dne zgodbe, kot jih pi\u0161e \u017eivljenje - trgovina Iskreni\",\"isPartOf\":{\"@id\":\"https:\/\/www.iskreni.net\/trgovina\/#website\"},\"primaryImageOfPage\":{\"@id\":\"https:\/\/www.iskreni.net\/trgovina\/product\/nina-in-bozicne-zgodbe-kot-jih-pise-zivljenje\/#primaryimage\"},\"image\":{\"@id\":\"https:\/\/www.iskreni.net\/trgovina\/product\/nina-in-bozicne-zgodbe-kot-jih-pise-zivljenje\/#primaryimage\"},\"thumbnailUrl\":\"https:\/\/www.iskreni.net\/trgovina\/wp-content\/uploads\/2022\/12\/1.jpg\",\"datePublished\":\"2022-12-08T14:52:45+00:00\",\"dateModified\":\"2024-01-18T13:50:20+00:00\",\"description\":\"Nina in bo\u017ei\u010dne zgodbe, kot jih pi\u0161e \u017eivljenje v devetdnevni pripravi na bo\u017ei\u010d.\",\"breadcrumb\":{\"@id\":\"https:\/\/www.iskreni.net\/trgovina\/product\/nina-in-bozicne-zgodbe-kot-jih-pise-zivljenje\/#breadcrumb\"},\"inLanguage\":\"sl-SI\",\"potentialAction\":[{\"@type\":\"ReadAction\",\"target\":[\"https:\/\/www.iskreni.net\/trgovina\/product\/nina-in-bozicne-zgodbe-kot-jih-pise-zivljenje\/\"]}]},{\"@type\":\"ImageObject\",\"inLanguage\":\"sl-SI\",\"@id\":\"https:\/\/www.iskreni.net\/trgovina\/product\/nina-in-bozicne-zgodbe-kot-jih-pise-zivljenje\/#primaryimage\",\"url\":\"https:\/\/www.iskreni.net\/trgovina\/wp-content\/uploads\/2022\/12\/1.jpg\",\"contentUrl\":\"https:\/\/www.iskreni.net\/trgovina\/wp-content\/uploads\/2022\/12\/1.jpg\",\"width\":600,\"height\":600},{\"@type\":\"BreadcrumbList\",\"@id\":\"https:\/\/www.iskreni.net\/trgovina\/product\/nina-in-bozicne-zgodbe-kot-jih-pise-zivljenje\/#breadcrumb\",\"itemListElement\":[{\"@type\":\"ListItem\",\"position\":1,\"name\":\"Home\",\"item\":\"https:\/\/www.iskreni.net\/trgovina\/\"},{\"@type\":\"ListItem\",\"position\":2,\"name\":\"Trgovina\",\"item\":\"https:\/\/www.iskreni.net\/trgovina\/trgovina\/\"},{\"@type\":\"ListItem\",\"position\":3,\"name\":\"Nina in bo\u017ei\u010dne zgodbe, kot jih pi\u0161e \u017eivljenje\"}]},{\"@type\":\"WebSite\",\"@id\":\"https:\/\/www.iskreni.net\/trgovina\/#website\",\"url\":\"https:\/\/www.iskreni.net\/trgovina\/\",\"name\":\"Zavod Iskreni\",\"description\":\"trgovina\",\"potentialAction\":[{\"@type\":\"SearchAction\",\"target\":{\"@type\":\"EntryPoint\",\"urlTemplate\":\"https:\/\/www.iskreni.net\/trgovina\/?s={search_term_string}\"},\"query-input\":{\"@type\":\"PropertyValueSpecification\",\"valueRequired\":true,\"valueName\":\"search_term_string\"}}],\"inLanguage\":\"sl-SI\"}]}<\/script>\n<!-- \/ Yoast SEO plugin. -->","yoast_head_json":{"title":"Nina in bo\u017ei\u010dne zgodbe, kot jih pi\u0161e \u017eivljenje - trgovina Iskreni","description":"Nina in bo\u017ei\u010dne zgodbe, kot jih pi\u0161e \u017eivljenje v devetdnevni pripravi na bo\u017ei\u010d.","robots":{"index":"index","follow":"follow","max-snippet":"max-snippet:-1","max-image-preview":"max-image-preview:large","max-video-preview":"max-video-preview:-1"},"canonical":"https:\/\/www.iskreni.net\/trgovina\/product\/nina-in-bozicne-zgodbe-kot-jih-pise-zivljenje\/","og_locale":"sl_SI","og_type":"article","og_title":"Nina in bo\u017ei\u010dne zgodbe, kot jih pi\u0161e \u017eivljenje","og_description":"Nina in bo\u017ei\u010dne zgodbe, kot jih pi\u0161e \u017eivljenje v devetdnevni pripravi na bo\u017ei\u010d.","og_url":"https:\/\/www.iskreni.net\/trgovina\/product\/nina-in-bozicne-zgodbe-kot-jih-pise-zivljenje\/","og_site_name":"Zavod Iskreni","article_modified_time":"2024-01-18T13:50:20+00:00","og_image":[{"width":600,"height":600,"url":"https:\/\/www.iskreni.net\/trgovina\/wp-content\/uploads\/2022\/12\/1.jpg","type":"image\/jpeg"}],"twitter_card":"summary_large_image","twitter_misc":{"Est. reading time":"1 minuta"},"schema":{"@context":"https:\/\/schema.org","@graph":[{"@type":"WebPage","@id":"https:\/\/www.iskreni.net\/trgovina\/product\/nina-in-bozicne-zgodbe-kot-jih-pise-zivljenje\/","url":"https:\/\/www.iskreni.net\/trgovina\/product\/nina-in-bozicne-zgodbe-kot-jih-pise-zivljenje\/","name":"Nina in bo\u017ei\u010dne zgodbe, kot jih pi\u0161e \u017eivljenje - trgovina Iskreni","isPartOf":{"@id":"https:\/\/www.iskreni.net\/trgovina\/#website"},"primaryImageOfPage":{"@id":"https:\/\/www.iskreni.net\/trgovina\/product\/nina-in-bozicne-zgodbe-kot-jih-pise-zivljenje\/#primaryimage"},"image":{"@id":"https:\/\/www.iskreni.net\/trgovina\/product\/nina-in-bozicne-zgodbe-kot-jih-pise-zivljenje\/#primaryimage"},"thumbnailUrl":"https:\/\/www.iskreni.net\/trgovina\/wp-content\/uploads\/2022\/12\/1.jpg","datePublished":"2022-12-08T14:52:45+00:00","dateModified":"2024-01-18T13:50:20+00:00","description":"Nina in bo\u017ei\u010dne zgodbe, kot jih pi\u0161e \u017eivljenje v devetdnevni pripravi na bo\u017ei\u010d.","breadcrumb":{"@id":"https:\/\/www.iskreni.net\/trgovina\/product\/nina-in-bozicne-zgodbe-kot-jih-pise-zivljenje\/#breadcrumb"},"inLanguage":"sl-SI","potentialAction":[{"@type":"ReadAction","target":["https:\/\/www.iskreni.net\/trgovina\/product\/nina-in-bozicne-zgodbe-kot-jih-pise-zivljenje\/"]}]},{"@type":"ImageObject","inLanguage":"sl-SI","@id":"https:\/\/www.iskreni.net\/trgovina\/product\/nina-in-bozicne-zgodbe-kot-jih-pise-zivljenje\/#primaryimage","url":"https:\/\/www.iskreni.net\/trgovina\/wp-content\/uploads\/2022\/12\/1.jpg","contentUrl":"https:\/\/www.iskreni.net\/trgovina\/wp-content\/uploads\/2022\/12\/1.jpg","width":600,"height":600},{"@type":"BreadcrumbList","@id":"https:\/\/www.iskreni.net\/trgovina\/product\/nina-in-bozicne-zgodbe-kot-jih-pise-zivljenje\/#breadcrumb","itemListElement":[{"@type":"ListItem","position":1,"name":"Home","item":"https:\/\/www.iskreni.net\/trgovina\/"},{"@type":"ListItem","position":2,"name":"Trgovina","item":"https:\/\/www.iskreni.net\/trgovina\/trgovina\/"},{"@type":"ListItem","position":3,"name":"Nina in bo\u017ei\u010dne zgodbe, kot jih pi\u0161e \u017eivljenje"}]},{"@type":"WebSite","@id":"https:\/\/www.iskreni.net\/trgovina\/#website","url":"https:\/\/www.iskreni.net\/trgovina\/","name":"Zavod Iskreni","description":"trgovina","potentialAction":[{"@type":"SearchAction","target":{"@type":"EntryPoint","urlTemplate":"https:\/\/www.iskreni.net\/trgovina\/?s={search_term_string}"},"query-input":{"@type":"PropertyValueSpecification","valueRequired":true,"valueName":"search_term_string"}}],"inLanguage":"sl-SI"}]}},"_links":{"self":[{"href":"https:\/\/www.iskreni.net\/trgovina\/wp-json\/wp\/v2\/product\/61087","targetHints":{"allow":["GET"]}}],"collection":[{"href":"https:\/\/www.iskreni.net\/trgovina\/wp-json\/wp\/v2\/product"}],"about":[{"href":"https:\/\/www.iskreni.net\/trgovina\/wp-json\/wp\/v2\/types\/product"}],"replies":[{"embeddable":true,"href":"https:\/\/www.iskreni.net\/trgovina\/wp-json\/wp\/v2\/comments?post=61087"}],"version-history":[{"count":4,"href":"https:\/\/www.iskreni.net\/trgovina\/wp-json\/wp\/v2\/product\/61087\/revisions"}],"predecessor-version":[{"id":72749,"href":"https:\/\/www.iskreni.net\/trgovina\/wp-json\/wp\/v2\/product\/61087\/revisions\/72749"}],"wp:featuredmedia":[{"embeddable":true,"href":"https:\/\/www.iskreni.net\/trgovina\/wp-json\/wp\/v2\/media\/61090"}],"wp:attachment":[{"href":"https:\/\/www.iskreni.net\/trgovina\/wp-json\/wp\/v2\/media?parent=61087"}],"wp:term":[{"taxonomy":"product_brand","embeddable":true,"href":"https:\/\/www.iskreni.net\/trgovina\/wp-json\/wp\/v2\/product_brand?post=61087"},{"taxonomy":"product_cat","embeddable":true,"href":"https:\/\/www.iskreni.net\/trgovina\/wp-json\/wp\/v2\/product_cat?post=61087"},{"taxonomy":"product_tag","embeddable":true,"href":"https:\/\/www.iskreni.net\/trgovina\/wp-json\/wp\/v2\/product_tag?post=61087"},{"taxonomy":"avtor","embeddable":true,"href":"https:\/\/www.iskreni.net\/trgovina\/wp-json\/wp\/v2\/avtor?post=61087"},{"taxonomy":"zalozba","embeddable":true,"href":"https:\/\/www.iskreni.net\/trgovina\/wp-json\/wp\/v2\/zalozba?post=61087"},{"taxonomy":"vezava","embeddable":true,"href":"https:\/\/www.iskreni.net\/trgovina\/wp-json\/wp\/v2\/vezava?post=61087"}],"curies":[{"name":"wp","href":"https:\/\/api.w.org\/{rel}","templated":true}]}}