{"id":6104,"date":"2019-10-28T13:13:45","date_gmt":"2019-10-28T12:13:45","guid":{"rendered":"https:\/\/www.iskreni.net\/trgovina\/product\/ogenj-rit-in-kace-niso-za-igrace\/"},"modified":"2024-01-18T10:33:05","modified_gmt":"2024-01-18T09:33:05","slug":"ogenj-rit-in-kace-niso-za-igrace","status":"publish","type":"product","link":"https:\/\/www.iskreni.net\/trgovina\/product\/ogenj-rit-in-kace-niso-za-igrace\/","title":{"rendered":"Ogenj, rit in ka\u010de niso za igra\u010de"},"content":{"rendered":"<h4>O knjigi\u00a0<b><em>Ogenj, rit in ka\u010de niso za igra\u010de:<\/em><\/b><\/h4>\n<p>V knjigi\u00a0<strong>Ogenj, rit in ka\u010de\u00a0niso za igra\u010de<\/strong>\u00a0so zapisane zgodbe, ki so unikatne, \u0161e nikoli sli\u0161ane, \u0161e nikoli zabele\u017eene. O\u00a0<strong>spolnosti<\/strong>\u00a0na\u0161ih prednikov imamo precej izkrivljene poglede. Mnogi, ki bi o tem morali pisati, so bili verjetno v zadregi, ko je bilo treba odpirati vrata v spalnice\u00a0<strong>dedkov in babic<\/strong>.<\/p>\n<p>Zgodbe so iskrene, odkrite, povedane brez zadr\u017ekov.\u00a0 Knjiga je nekak\u0161na \u201ezgodovina v \u017eivi besedi\u201c, ki je namenjena bralcem vseh starosti. Mladi bodo ob njej spoznavali \u017eivljenje prednikov, starej\u0161i bodo obujali spomine.<\/p>\n<p>Nekateri so bili ob branju pretreseni, ker niso mogli doumeti, da je bilo \u017eivljenje neko\u010d tudi v resnici tako kruto, ko so ga preko izpovedi brali v knjigi. Tisti, ki stare \u010dase \u0161e pomnijo, trdijo, da je bilo v\u010dasih \u0161e veliko huje\u2026 \u017dal mnogi, ki so raziskovali preteklost, niso na\u0161li dovolj poguma, da bi prisluhnili tudi pripovedim o spolnosti. Neko\u010d ni bilo na razpolago nikakr\u0161nih informacij o mo\u0161kem in o \u017eenski, o njunih spolnih organih, delovanju le-teh. Knjige o medsebojnih odnosih niso obstajale, bognedaj o intimi.<\/p>\n<p>Ko beremo knjigo\u00a0<strong>Ogenj, rit in ka\u010de<\/strong>, moramo pozabiti na \u010das, v katerem \u017eivimo. Obdobje med leti 1900 in 1965, ki ga avtorica opisuje, je bilo druga\u010dno,.Vanj se je potrebno v\u017eiveti in ga posku\u0161ati razumeti tak\u0161nega, kot ga predstavlja avtorica skozi zgodbe. Ljudje so bili neko\u010d po eni strani polni strahu pred grehom. Po drugi strani je v njih &#8221;vrel&#8221; nagon. \u017denska je bila najve\u010dja \u017ertev, saj se je prav na podro\u010dju spolnosti &#8221;spremenila&#8221; v objekt, ki je bil namenjen zgolj rojevanju in zadovoljevanju mo\u0161kega nagona. Mnogi so danes v slab\u0161em polo\u017eaju, kot so bili na\u0161i predniki. \u017denske so bile neko\u010d priklenjene na mo\u0161kega, ker so bile finan\u010dno odvisne od njega. \u017denske iz 21. stoletja pa so polne informacij o sebi, intimi, imajo svojo tak\u0161no in druga\u010dno neodvisnost. Vseeno pa jih je \u0161e zmeraj odlo\u010dno preve\u010d, ki &#8221;padajo po stopnicah&#8221; in dovolijo, da se mo\u0161ki iz\u017eivljajo nad otroki. Torej &#8230;?<\/p>\n<p>&nbsp;<\/p>\n<h4>O avtorju:<\/h4>\n<p><b>Milena Miklav\u010di\u010d <\/b>je slovenistka, pisateljica, novinarka\u00a0in\u00a0raziskovalka preteklosti iz \u017dirov.\u00a0Pri raziskovanju preteklosti se osredoto\u010da na med\u010dlove\u0161ke odnose prednikov. Njena raziskava o spolnosti na \u017dirovskem v za\u010detku 20. stoletja Agn, ret pa ka\u010de niso za igra\u010de v 27. \u0161tevilki\u00a0<i>\u017dirovskega ob\u010dasnika<\/i>\u00a0(1998).<\/p>\n<p>&nbsp;<\/p>\n","protected":false},"excerpt":{"rendered":"<p><strong>\u0160tevilo strani: <\/strong>384<br \/>\n<strong>Leto izdaje:<\/strong> 2019<\/p>\n","protected":false},"featured_media":6106,"comment_status":"open","ping_status":"closed","template":"","meta":[],"product_brand":[258],"product_cat":[2326,2322,63],"product_tag":[812],"avtor":[2331],"zalozba":[2374],"vezava":[2307],"class_list":{"0":"post-6104","1":"product","2":"type-product","3":"status-publish","4":"has-post-thumbnail","6":"product_brand-druge-zalozbe","7":"product_cat-druzbena-vprasanja-in-humanistika","8":"product_cat-druzina-in-odnosi","9":"product_cat-knjige","10":"product_tag-ogenj-rit-in-kace-niso-za-igrace","11":"avtor-milena-miklavcic","12":"zalozba-jutri-2052","13":"vezava-mehka","15":"first","16":"instock","17":"taxable","18":"shipping-taxable","19":"purchasable","20":"product-type-simple"},"yoast_head":"<!-- This site is optimized with the Yoast SEO plugin v26.3 - https:\/\/yoast.com\/wordpress\/plugins\/seo\/ -->\n<title>Milena Miklav\u010di\u010d: Ogenj, rit in ka\u010de niso za igra\u010de - trgovina Iskreni<\/title>\n<meta name=\"description\" content=\"Milena Miklav\u010di\u010d se poigra z &#039;ljubezenskim ognjem&#039; na\u0161ih dedkov in babic in ka\u010djimi jeziki &#039;debeloritih&#039; nevo\u0161\u010dljivih sosed.\" \/>\n<meta name=\"robots\" content=\"index, follow, max-snippet:-1, max-image-preview:large, max-video-preview:-1\" \/>\n<link rel=\"canonical\" href=\"https:\/\/www.iskreni.net\/trgovina\/product\/ogenj-rit-in-kace-niso-za-igrace\/\" \/>\n<meta property=\"og:locale\" content=\"sl_SI\" \/>\n<meta property=\"og:type\" content=\"article\" \/>\n<meta property=\"og:title\" content=\"Milena Miklav\u010di\u010d: Ogenj, rit in ka\u010de niso za igra\u010de - trgovina Iskreni\" \/>\n<meta property=\"og:description\" content=\"Milena Miklav\u010di\u010d se poigra z &#039;ljubezenskim ognjem&#039; na\u0161ih dedkov in babic in ka\u010djimi jeziki &#039;debeloritih&#039; nevo\u0161\u010dljivih sosed.\" \/>\n<meta property=\"og:url\" content=\"https:\/\/www.iskreni.net\/trgovina\/product\/ogenj-rit-in-kace-niso-za-igrace\/\" \/>\n<meta property=\"og:site_name\" content=\"Zavod Iskreni\" \/>\n<meta property=\"article:modified_time\" content=\"2024-01-18T09:33:05+00:00\" \/>\n<meta property=\"og:image\" content=\"https:\/\/www.iskreni.net\/trgovina\/wp-content\/uploads\/2019\/10\/ORKNZI1.jpg\" \/>\n\t<meta property=\"og:image:width\" content=\"696\" \/>\n\t<meta property=\"og:image:height\" content=\"700\" \/>\n\t<meta property=\"og:image:type\" content=\"image\/jpeg\" \/>\n<meta name=\"twitter:card\" content=\"summary_large_image\" \/>\n<meta name=\"twitter:label1\" content=\"Est. reading time\" \/>\n\t<meta name=\"twitter:data1\" content=\"3 minute\" \/>\n<script type=\"application\/ld+json\" class=\"yoast-schema-graph\">{\"@context\":\"https:\/\/schema.org\",\"@graph\":[{\"@type\":\"WebPage\",\"@id\":\"https:\/\/www.iskreni.net\/trgovina\/product\/ogenj-rit-in-kace-niso-za-igrace\/\",\"url\":\"https:\/\/www.iskreni.net\/trgovina\/product\/ogenj-rit-in-kace-niso-za-igrace\/\",\"name\":\"Milena Miklav\u010di\u010d: Ogenj, rit in ka\u010de niso za igra\u010de - trgovina Iskreni\",\"isPartOf\":{\"@id\":\"https:\/\/www.iskreni.net\/trgovina\/#website\"},\"primaryImageOfPage\":{\"@id\":\"https:\/\/www.iskreni.net\/trgovina\/product\/ogenj-rit-in-kace-niso-za-igrace\/#primaryimage\"},\"image\":{\"@id\":\"https:\/\/www.iskreni.net\/trgovina\/product\/ogenj-rit-in-kace-niso-za-igrace\/#primaryimage\"},\"thumbnailUrl\":\"https:\/\/www.iskreni.net\/trgovina\/wp-content\/uploads\/2019\/10\/ORKNZI1.jpg\",\"datePublished\":\"2019-10-28T12:13:45+00:00\",\"dateModified\":\"2024-01-18T09:33:05+00:00\",\"description\":\"Milena Miklav\u010di\u010d se poigra z 'ljubezenskim ognjem' na\u0161ih dedkov in babic in ka\u010djimi jeziki 'debeloritih' nevo\u0161\u010dljivih sosed.\",\"breadcrumb\":{\"@id\":\"https:\/\/www.iskreni.net\/trgovina\/product\/ogenj-rit-in-kace-niso-za-igrace\/#breadcrumb\"},\"inLanguage\":\"sl-SI\",\"potentialAction\":[{\"@type\":\"ReadAction\",\"target\":[\"https:\/\/www.iskreni.net\/trgovina\/product\/ogenj-rit-in-kace-niso-za-igrace\/\"]}]},{\"@type\":\"ImageObject\",\"inLanguage\":\"sl-SI\",\"@id\":\"https:\/\/www.iskreni.net\/trgovina\/product\/ogenj-rit-in-kace-niso-za-igrace\/#primaryimage\",\"url\":\"https:\/\/www.iskreni.net\/trgovina\/wp-content\/uploads\/2019\/10\/ORKNZI1.jpg\",\"contentUrl\":\"https:\/\/www.iskreni.net\/trgovina\/wp-content\/uploads\/2019\/10\/ORKNZI1.jpg\",\"width\":696,\"height\":700,\"caption\":\"Ogenj, rit in ka\u010de niso za igra\u010de\"},{\"@type\":\"BreadcrumbList\",\"@id\":\"https:\/\/www.iskreni.net\/trgovina\/product\/ogenj-rit-in-kace-niso-za-igrace\/#breadcrumb\",\"itemListElement\":[{\"@type\":\"ListItem\",\"position\":1,\"name\":\"Home\",\"item\":\"https:\/\/www.iskreni.net\/trgovina\/\"},{\"@type\":\"ListItem\",\"position\":2,\"name\":\"Trgovina\",\"item\":\"https:\/\/www.iskreni.net\/trgovina\/trgovina\/\"},{\"@type\":\"ListItem\",\"position\":3,\"name\":\"Ogenj, rit in ka\u010de niso za igra\u010de\"}]},{\"@type\":\"WebSite\",\"@id\":\"https:\/\/www.iskreni.net\/trgovina\/#website\",\"url\":\"https:\/\/www.iskreni.net\/trgovina\/\",\"name\":\"Zavod Iskreni\",\"description\":\"trgovina\",\"potentialAction\":[{\"@type\":\"SearchAction\",\"target\":{\"@type\":\"EntryPoint\",\"urlTemplate\":\"https:\/\/www.iskreni.net\/trgovina\/?s={search_term_string}\"},\"query-input\":{\"@type\":\"PropertyValueSpecification\",\"valueRequired\":true,\"valueName\":\"search_term_string\"}}],\"inLanguage\":\"sl-SI\"}]}<\/script>\n<!-- \/ Yoast SEO plugin. -->","yoast_head_json":{"title":"Milena Miklav\u010di\u010d: Ogenj, rit in ka\u010de niso za igra\u010de - trgovina Iskreni","description":"Milena Miklav\u010di\u010d se poigra z 'ljubezenskim ognjem' na\u0161ih dedkov in babic in ka\u010djimi jeziki 'debeloritih' nevo\u0161\u010dljivih sosed.","robots":{"index":"index","follow":"follow","max-snippet":"max-snippet:-1","max-image-preview":"max-image-preview:large","max-video-preview":"max-video-preview:-1"},"canonical":"https:\/\/www.iskreni.net\/trgovina\/product\/ogenj-rit-in-kace-niso-za-igrace\/","og_locale":"sl_SI","og_type":"article","og_title":"Milena Miklav\u010di\u010d: Ogenj, rit in ka\u010de niso za igra\u010de - trgovina Iskreni","og_description":"Milena Miklav\u010di\u010d se poigra z 'ljubezenskim ognjem' na\u0161ih dedkov in babic in ka\u010djimi jeziki 'debeloritih' nevo\u0161\u010dljivih sosed.","og_url":"https:\/\/www.iskreni.net\/trgovina\/product\/ogenj-rit-in-kace-niso-za-igrace\/","og_site_name":"Zavod Iskreni","article_modified_time":"2024-01-18T09:33:05+00:00","og_image":[{"width":696,"height":700,"url":"https:\/\/www.iskreni.net\/trgovina\/wp-content\/uploads\/2019\/10\/ORKNZI1.jpg","type":"image\/jpeg"}],"twitter_card":"summary_large_image","twitter_misc":{"Est. reading time":"3 minute"},"schema":{"@context":"https:\/\/schema.org","@graph":[{"@type":"WebPage","@id":"https:\/\/www.iskreni.net\/trgovina\/product\/ogenj-rit-in-kace-niso-za-igrace\/","url":"https:\/\/www.iskreni.net\/trgovina\/product\/ogenj-rit-in-kace-niso-za-igrace\/","name":"Milena Miklav\u010di\u010d: Ogenj, rit in ka\u010de niso za igra\u010de - trgovina Iskreni","isPartOf":{"@id":"https:\/\/www.iskreni.net\/trgovina\/#website"},"primaryImageOfPage":{"@id":"https:\/\/www.iskreni.net\/trgovina\/product\/ogenj-rit-in-kace-niso-za-igrace\/#primaryimage"},"image":{"@id":"https:\/\/www.iskreni.net\/trgovina\/product\/ogenj-rit-in-kace-niso-za-igrace\/#primaryimage"},"thumbnailUrl":"https:\/\/www.iskreni.net\/trgovina\/wp-content\/uploads\/2019\/10\/ORKNZI1.jpg","datePublished":"2019-10-28T12:13:45+00:00","dateModified":"2024-01-18T09:33:05+00:00","description":"Milena Miklav\u010di\u010d se poigra z 'ljubezenskim ognjem' na\u0161ih dedkov in babic in ka\u010djimi jeziki 'debeloritih' nevo\u0161\u010dljivih sosed.","breadcrumb":{"@id":"https:\/\/www.iskreni.net\/trgovina\/product\/ogenj-rit-in-kace-niso-za-igrace\/#breadcrumb"},"inLanguage":"sl-SI","potentialAction":[{"@type":"ReadAction","target":["https:\/\/www.iskreni.net\/trgovina\/product\/ogenj-rit-in-kace-niso-za-igrace\/"]}]},{"@type":"ImageObject","inLanguage":"sl-SI","@id":"https:\/\/www.iskreni.net\/trgovina\/product\/ogenj-rit-in-kace-niso-za-igrace\/#primaryimage","url":"https:\/\/www.iskreni.net\/trgovina\/wp-content\/uploads\/2019\/10\/ORKNZI1.jpg","contentUrl":"https:\/\/www.iskreni.net\/trgovina\/wp-content\/uploads\/2019\/10\/ORKNZI1.jpg","width":696,"height":700,"caption":"Ogenj, rit in ka\u010de niso za igra\u010de"},{"@type":"BreadcrumbList","@id":"https:\/\/www.iskreni.net\/trgovina\/product\/ogenj-rit-in-kace-niso-za-igrace\/#breadcrumb","itemListElement":[{"@type":"ListItem","position":1,"name":"Home","item":"https:\/\/www.iskreni.net\/trgovina\/"},{"@type":"ListItem","position":2,"name":"Trgovina","item":"https:\/\/www.iskreni.net\/trgovina\/trgovina\/"},{"@type":"ListItem","position":3,"name":"Ogenj, rit in ka\u010de niso za igra\u010de"}]},{"@type":"WebSite","@id":"https:\/\/www.iskreni.net\/trgovina\/#website","url":"https:\/\/www.iskreni.net\/trgovina\/","name":"Zavod Iskreni","description":"trgovina","potentialAction":[{"@type":"SearchAction","target":{"@type":"EntryPoint","urlTemplate":"https:\/\/www.iskreni.net\/trgovina\/?s={search_term_string}"},"query-input":{"@type":"PropertyValueSpecification","valueRequired":true,"valueName":"search_term_string"}}],"inLanguage":"sl-SI"}]}},"_links":{"self":[{"href":"https:\/\/www.iskreni.net\/trgovina\/wp-json\/wp\/v2\/product\/6104","targetHints":{"allow":["GET"]}}],"collection":[{"href":"https:\/\/www.iskreni.net\/trgovina\/wp-json\/wp\/v2\/product"}],"about":[{"href":"https:\/\/www.iskreni.net\/trgovina\/wp-json\/wp\/v2\/types\/product"}],"replies":[{"embeddable":true,"href":"https:\/\/www.iskreni.net\/trgovina\/wp-json\/wp\/v2\/comments?post=6104"}],"version-history":[{"count":6,"href":"https:\/\/www.iskreni.net\/trgovina\/wp-json\/wp\/v2\/product\/6104\/revisions"}],"predecessor-version":[{"id":52920,"href":"https:\/\/www.iskreni.net\/trgovina\/wp-json\/wp\/v2\/product\/6104\/revisions\/52920"}],"wp:featuredmedia":[{"embeddable":true,"href":"https:\/\/www.iskreni.net\/trgovina\/wp-json\/wp\/v2\/media\/6106"}],"wp:attachment":[{"href":"https:\/\/www.iskreni.net\/trgovina\/wp-json\/wp\/v2\/media?parent=6104"}],"wp:term":[{"taxonomy":"product_brand","embeddable":true,"href":"https:\/\/www.iskreni.net\/trgovina\/wp-json\/wp\/v2\/product_brand?post=6104"},{"taxonomy":"product_cat","embeddable":true,"href":"https:\/\/www.iskreni.net\/trgovina\/wp-json\/wp\/v2\/product_cat?post=6104"},{"taxonomy":"product_tag","embeddable":true,"href":"https:\/\/www.iskreni.net\/trgovina\/wp-json\/wp\/v2\/product_tag?post=6104"},{"taxonomy":"avtor","embeddable":true,"href":"https:\/\/www.iskreni.net\/trgovina\/wp-json\/wp\/v2\/avtor?post=6104"},{"taxonomy":"zalozba","embeddable":true,"href":"https:\/\/www.iskreni.net\/trgovina\/wp-json\/wp\/v2\/zalozba?post=6104"},{"taxonomy":"vezava","embeddable":true,"href":"https:\/\/www.iskreni.net\/trgovina\/wp-json\/wp\/v2\/vezava?post=6104"}],"curies":[{"name":"wp","href":"https:\/\/api.w.org\/{rel}","templated":true}]}}