{"id":60613,"date":"2022-11-29T22:56:49","date_gmt":"2022-11-29T21:56:49","guid":{"rendered":"https:\/\/www.iskreni.net\/trgovina\/?post_type=product&#038;p=60613"},"modified":"2024-01-18T10:32:06","modified_gmt":"2024-01-18T09:32:06","slug":"ogenj-rit-in-kace-niso-za-igrace-4-del-poglejte-moji-ljudje-prihajajo","status":"publish","type":"product","link":"https:\/\/www.iskreni.net\/trgovina\/product\/ogenj-rit-in-kace-niso-za-igrace-4-del-poglejte-moji-ljudje-prihajajo\/","title":{"rendered":"Ogenj, rit in ka\u010de niso za igra\u010de 4. del: Poglejte, moji ljudje prihajajo!"},"content":{"rendered":"<h4>O knjigi\u00a0<b><em>Ogenj, rit in ka\u010de niso za igra\u010de: Poglejte, moji ljudje prihajajo!<br \/>\n<\/em><\/b><\/h4>\n<p>\u010cetrti del zbirke\u00a0<em>Ogenj, rit in ka\u010de niso za igra\u010de<\/em>\u00a0s podnaslovom\u00a0<em>Poglejte, moji ljudje prihajajo!<\/em>\u00a0prina\u0161a zgodbe, ki so bile povedane v mesecih, ko smo bili zaradi epidemije covida-19 odrezani drug od drugega. Ta \u010das nas je mo\u010dno zaznamoval.<\/p>\n<h4>O avtorju:<\/h4>\n<p><b>Milena Miklav\u010di\u010d <\/b>je slovenistka, pisateljica, novinarka\u00a0in\u00a0raziskovalka preteklosti iz \u017dirov.\u00a0Pri raziskovanju preteklosti se osredoto\u010da na med\u010dlove\u0161ke odnose prednikov. Njena raziskava o spolnosti na \u017dirovskem v za\u010detku 20. stoletja Agn, ret pa ka\u010de niso za igra\u010de v 27. \u0161tevilki\u00a0<i>\u017dirovskega ob\u010dasnika<\/i>\u00a0(1998).<\/p>\n<p>&nbsp;<\/p>\n","protected":false},"excerpt":{"rendered":"<p><strong>\u0160tevilo strani: <\/strong>398<br \/>\n<strong>Leto izdaje:<\/strong> 2022<\/p>\n<p><em>\u00a0<\/em><\/p>\n","protected":false},"featured_media":60574,"comment_status":"open","ping_status":"closed","template":"","meta":[],"product_brand":[],"product_cat":[2326,2322,63],"product_tag":[],"avtor":[2331],"zalozba":[2374],"vezava":[2307],"class_list":{"0":"post-60613","1":"product","2":"type-product","3":"status-publish","4":"has-post-thumbnail","6":"product_cat-druzbena-vprasanja-in-humanistika","7":"product_cat-druzina-in-odnosi","8":"product_cat-knjige","9":"avtor-milena-miklavcic","10":"zalozba-jutri-2052","11":"vezava-mehka","13":"first","14":"instock","15":"taxable","16":"shipping-taxable","17":"purchasable","18":"product-type-simple"},"yoast_head":"<!-- This site is optimized with the Yoast SEO plugin v26.3 - https:\/\/yoast.com\/wordpress\/plugins\/seo\/ -->\n<title>Ogenj, rit in ka\u010de niso za igra\u010de 4. del - trgovina Iskreni<\/title>\n<meta name=\"description\" content=\"Ogenj, rit in ka\u010de niso za igra\u010de 4. del: Poglejte, moji ljudje prihajajo! je \u010detrta knjiga o zgodbah na\u0161ih prednikov izpod peresa Milene Miklav\u010di\u010d.\" \/>\n<meta name=\"robots\" content=\"index, follow, max-snippet:-1, max-image-preview:large, max-video-preview:-1\" \/>\n<link rel=\"canonical\" href=\"https:\/\/www.iskreni.net\/trgovina\/product\/ogenj-rit-in-kace-niso-za-igrace-4-del-poglejte-moji-ljudje-prihajajo\/\" \/>\n<meta property=\"og:locale\" content=\"sl_SI\" \/>\n<meta property=\"og:type\" content=\"article\" \/>\n<meta property=\"og:title\" content=\"Ogenj, rit in ka\u010de niso za igra\u010de 4. del: Poglejte, moji ljudje prihajajo!\" \/>\n<meta property=\"og:description\" content=\"Ogenj, rit in ka\u010de niso za igra\u010de 4. del: Poglejte, moji ljudje prihajajo! je \u010detrta knjiga o zgodbah na\u0161ih prednikov izpod peresa Milene Miklav\u010di\u010d.\" \/>\n<meta property=\"og:url\" content=\"https:\/\/www.iskreni.net\/trgovina\/product\/ogenj-rit-in-kace-niso-za-igrace-4-del-poglejte-moji-ljudje-prihajajo\/\" \/>\n<meta property=\"og:site_name\" content=\"Zavod Iskreni\" \/>\n<meta property=\"article:modified_time\" content=\"2024-01-18T09:32:06+00:00\" \/>\n<meta property=\"og:image\" content=\"https:\/\/www.iskreni.net\/trgovina\/wp-content\/uploads\/2022\/11\/4-2.jpg\" \/>\n\t<meta property=\"og:image:width\" content=\"600\" \/>\n\t<meta property=\"og:image:height\" content=\"600\" \/>\n\t<meta property=\"og:image:type\" content=\"image\/jpeg\" \/>\n<meta name=\"twitter:card\" content=\"summary_large_image\" \/>\n<meta name=\"twitter:label1\" content=\"Est. reading time\" \/>\n\t<meta name=\"twitter:data1\" content=\"1 minuta\" \/>\n<script type=\"application\/ld+json\" class=\"yoast-schema-graph\">{\"@context\":\"https:\/\/schema.org\",\"@graph\":[{\"@type\":\"WebPage\",\"@id\":\"https:\/\/www.iskreni.net\/trgovina\/product\/ogenj-rit-in-kace-niso-za-igrace-4-del-poglejte-moji-ljudje-prihajajo\/\",\"url\":\"https:\/\/www.iskreni.net\/trgovina\/product\/ogenj-rit-in-kace-niso-za-igrace-4-del-poglejte-moji-ljudje-prihajajo\/\",\"name\":\"Ogenj, rit in ka\u010de niso za igra\u010de 4. del - trgovina Iskreni\",\"isPartOf\":{\"@id\":\"https:\/\/www.iskreni.net\/trgovina\/#website\"},\"primaryImageOfPage\":{\"@id\":\"https:\/\/www.iskreni.net\/trgovina\/product\/ogenj-rit-in-kace-niso-za-igrace-4-del-poglejte-moji-ljudje-prihajajo\/#primaryimage\"},\"image\":{\"@id\":\"https:\/\/www.iskreni.net\/trgovina\/product\/ogenj-rit-in-kace-niso-za-igrace-4-del-poglejte-moji-ljudje-prihajajo\/#primaryimage\"},\"thumbnailUrl\":\"https:\/\/www.iskreni.net\/trgovina\/wp-content\/uploads\/2022\/11\/4-2.jpg\",\"datePublished\":\"2022-11-29T21:56:49+00:00\",\"dateModified\":\"2024-01-18T09:32:06+00:00\",\"description\":\"Ogenj, rit in ka\u010de niso za igra\u010de 4. del: Poglejte, moji ljudje prihajajo! je \u010detrta knjiga o zgodbah na\u0161ih prednikov izpod peresa Milene Miklav\u010di\u010d.\",\"breadcrumb\":{\"@id\":\"https:\/\/www.iskreni.net\/trgovina\/product\/ogenj-rit-in-kace-niso-za-igrace-4-del-poglejte-moji-ljudje-prihajajo\/#breadcrumb\"},\"inLanguage\":\"sl-SI\",\"potentialAction\":[{\"@type\":\"ReadAction\",\"target\":[\"https:\/\/www.iskreni.net\/trgovina\/product\/ogenj-rit-in-kace-niso-za-igrace-4-del-poglejte-moji-ljudje-prihajajo\/\"]}]},{\"@type\":\"ImageObject\",\"inLanguage\":\"sl-SI\",\"@id\":\"https:\/\/www.iskreni.net\/trgovina\/product\/ogenj-rit-in-kace-niso-za-igrace-4-del-poglejte-moji-ljudje-prihajajo\/#primaryimage\",\"url\":\"https:\/\/www.iskreni.net\/trgovina\/wp-content\/uploads\/2022\/11\/4-2.jpg\",\"contentUrl\":\"https:\/\/www.iskreni.net\/trgovina\/wp-content\/uploads\/2022\/11\/4-2.jpg\",\"width\":600,\"height\":600},{\"@type\":\"BreadcrumbList\",\"@id\":\"https:\/\/www.iskreni.net\/trgovina\/product\/ogenj-rit-in-kace-niso-za-igrace-4-del-poglejte-moji-ljudje-prihajajo\/#breadcrumb\",\"itemListElement\":[{\"@type\":\"ListItem\",\"position\":1,\"name\":\"Home\",\"item\":\"https:\/\/www.iskreni.net\/trgovina\/\"},{\"@type\":\"ListItem\",\"position\":2,\"name\":\"Trgovina\",\"item\":\"https:\/\/www.iskreni.net\/trgovina\/trgovina\/\"},{\"@type\":\"ListItem\",\"position\":3,\"name\":\"Ogenj, rit in ka\u010de niso za igra\u010de 4. del: Poglejte, moji ljudje prihajajo!\"}]},{\"@type\":\"WebSite\",\"@id\":\"https:\/\/www.iskreni.net\/trgovina\/#website\",\"url\":\"https:\/\/www.iskreni.net\/trgovina\/\",\"name\":\"Zavod Iskreni\",\"description\":\"trgovina\",\"potentialAction\":[{\"@type\":\"SearchAction\",\"target\":{\"@type\":\"EntryPoint\",\"urlTemplate\":\"https:\/\/www.iskreni.net\/trgovina\/?s={search_term_string}\"},\"query-input\":{\"@type\":\"PropertyValueSpecification\",\"valueRequired\":true,\"valueName\":\"search_term_string\"}}],\"inLanguage\":\"sl-SI\"}]}<\/script>\n<!-- \/ Yoast SEO plugin. -->","yoast_head_json":{"title":"Ogenj, rit in ka\u010de niso za igra\u010de 4. del - trgovina Iskreni","description":"Ogenj, rit in ka\u010de niso za igra\u010de 4. del: Poglejte, moji ljudje prihajajo! je \u010detrta knjiga o zgodbah na\u0161ih prednikov izpod peresa Milene Miklav\u010di\u010d.","robots":{"index":"index","follow":"follow","max-snippet":"max-snippet:-1","max-image-preview":"max-image-preview:large","max-video-preview":"max-video-preview:-1"},"canonical":"https:\/\/www.iskreni.net\/trgovina\/product\/ogenj-rit-in-kace-niso-za-igrace-4-del-poglejte-moji-ljudje-prihajajo\/","og_locale":"sl_SI","og_type":"article","og_title":"Ogenj, rit in ka\u010de niso za igra\u010de 4. del: Poglejte, moji ljudje prihajajo!","og_description":"Ogenj, rit in ka\u010de niso za igra\u010de 4. del: Poglejte, moji ljudje prihajajo! je \u010detrta knjiga o zgodbah na\u0161ih prednikov izpod peresa Milene Miklav\u010di\u010d.","og_url":"https:\/\/www.iskreni.net\/trgovina\/product\/ogenj-rit-in-kace-niso-za-igrace-4-del-poglejte-moji-ljudje-prihajajo\/","og_site_name":"Zavod Iskreni","article_modified_time":"2024-01-18T09:32:06+00:00","og_image":[{"width":600,"height":600,"url":"https:\/\/www.iskreni.net\/trgovina\/wp-content\/uploads\/2022\/11\/4-2.jpg","type":"image\/jpeg"}],"twitter_card":"summary_large_image","twitter_misc":{"Est. reading time":"1 minuta"},"schema":{"@context":"https:\/\/schema.org","@graph":[{"@type":"WebPage","@id":"https:\/\/www.iskreni.net\/trgovina\/product\/ogenj-rit-in-kace-niso-za-igrace-4-del-poglejte-moji-ljudje-prihajajo\/","url":"https:\/\/www.iskreni.net\/trgovina\/product\/ogenj-rit-in-kace-niso-za-igrace-4-del-poglejte-moji-ljudje-prihajajo\/","name":"Ogenj, rit in ka\u010de niso za igra\u010de 4. del - trgovina Iskreni","isPartOf":{"@id":"https:\/\/www.iskreni.net\/trgovina\/#website"},"primaryImageOfPage":{"@id":"https:\/\/www.iskreni.net\/trgovina\/product\/ogenj-rit-in-kace-niso-za-igrace-4-del-poglejte-moji-ljudje-prihajajo\/#primaryimage"},"image":{"@id":"https:\/\/www.iskreni.net\/trgovina\/product\/ogenj-rit-in-kace-niso-za-igrace-4-del-poglejte-moji-ljudje-prihajajo\/#primaryimage"},"thumbnailUrl":"https:\/\/www.iskreni.net\/trgovina\/wp-content\/uploads\/2022\/11\/4-2.jpg","datePublished":"2022-11-29T21:56:49+00:00","dateModified":"2024-01-18T09:32:06+00:00","description":"Ogenj, rit in ka\u010de niso za igra\u010de 4. del: Poglejte, moji ljudje prihajajo! je \u010detrta knjiga o zgodbah na\u0161ih prednikov izpod peresa Milene Miklav\u010di\u010d.","breadcrumb":{"@id":"https:\/\/www.iskreni.net\/trgovina\/product\/ogenj-rit-in-kace-niso-za-igrace-4-del-poglejte-moji-ljudje-prihajajo\/#breadcrumb"},"inLanguage":"sl-SI","potentialAction":[{"@type":"ReadAction","target":["https:\/\/www.iskreni.net\/trgovina\/product\/ogenj-rit-in-kace-niso-za-igrace-4-del-poglejte-moji-ljudje-prihajajo\/"]}]},{"@type":"ImageObject","inLanguage":"sl-SI","@id":"https:\/\/www.iskreni.net\/trgovina\/product\/ogenj-rit-in-kace-niso-za-igrace-4-del-poglejte-moji-ljudje-prihajajo\/#primaryimage","url":"https:\/\/www.iskreni.net\/trgovina\/wp-content\/uploads\/2022\/11\/4-2.jpg","contentUrl":"https:\/\/www.iskreni.net\/trgovina\/wp-content\/uploads\/2022\/11\/4-2.jpg","width":600,"height":600},{"@type":"BreadcrumbList","@id":"https:\/\/www.iskreni.net\/trgovina\/product\/ogenj-rit-in-kace-niso-za-igrace-4-del-poglejte-moji-ljudje-prihajajo\/#breadcrumb","itemListElement":[{"@type":"ListItem","position":1,"name":"Home","item":"https:\/\/www.iskreni.net\/trgovina\/"},{"@type":"ListItem","position":2,"name":"Trgovina","item":"https:\/\/www.iskreni.net\/trgovina\/trgovina\/"},{"@type":"ListItem","position":3,"name":"Ogenj, rit in ka\u010de niso za igra\u010de 4. del: Poglejte, moji ljudje prihajajo!"}]},{"@type":"WebSite","@id":"https:\/\/www.iskreni.net\/trgovina\/#website","url":"https:\/\/www.iskreni.net\/trgovina\/","name":"Zavod Iskreni","description":"trgovina","potentialAction":[{"@type":"SearchAction","target":{"@type":"EntryPoint","urlTemplate":"https:\/\/www.iskreni.net\/trgovina\/?s={search_term_string}"},"query-input":{"@type":"PropertyValueSpecification","valueRequired":true,"valueName":"search_term_string"}}],"inLanguage":"sl-SI"}]}},"_links":{"self":[{"href":"https:\/\/www.iskreni.net\/trgovina\/wp-json\/wp\/v2\/product\/60613","targetHints":{"allow":["GET"]}}],"collection":[{"href":"https:\/\/www.iskreni.net\/trgovina\/wp-json\/wp\/v2\/product"}],"about":[{"href":"https:\/\/www.iskreni.net\/trgovina\/wp-json\/wp\/v2\/types\/product"}],"replies":[{"embeddable":true,"href":"https:\/\/www.iskreni.net\/trgovina\/wp-json\/wp\/v2\/comments?post=60613"}],"version-history":[{"count":4,"href":"https:\/\/www.iskreni.net\/trgovina\/wp-json\/wp\/v2\/product\/60613\/revisions"}],"predecessor-version":[{"id":72671,"href":"https:\/\/www.iskreni.net\/trgovina\/wp-json\/wp\/v2\/product\/60613\/revisions\/72671"}],"wp:featuredmedia":[{"embeddable":true,"href":"https:\/\/www.iskreni.net\/trgovina\/wp-json\/wp\/v2\/media\/60574"}],"wp:attachment":[{"href":"https:\/\/www.iskreni.net\/trgovina\/wp-json\/wp\/v2\/media?parent=60613"}],"wp:term":[{"taxonomy":"product_brand","embeddable":true,"href":"https:\/\/www.iskreni.net\/trgovina\/wp-json\/wp\/v2\/product_brand?post=60613"},{"taxonomy":"product_cat","embeddable":true,"href":"https:\/\/www.iskreni.net\/trgovina\/wp-json\/wp\/v2\/product_cat?post=60613"},{"taxonomy":"product_tag","embeddable":true,"href":"https:\/\/www.iskreni.net\/trgovina\/wp-json\/wp\/v2\/product_tag?post=60613"},{"taxonomy":"avtor","embeddable":true,"href":"https:\/\/www.iskreni.net\/trgovina\/wp-json\/wp\/v2\/avtor?post=60613"},{"taxonomy":"zalozba","embeddable":true,"href":"https:\/\/www.iskreni.net\/trgovina\/wp-json\/wp\/v2\/zalozba?post=60613"},{"taxonomy":"vezava","embeddable":true,"href":"https:\/\/www.iskreni.net\/trgovina\/wp-json\/wp\/v2\/vezava?post=60613"}],"curies":[{"name":"wp","href":"https:\/\/api.w.org\/{rel}","templated":true}]}}